{"id":5275,"date":"2022-11-02T09:14:43","date_gmt":"2022-11-02T08:14:43","guid":{"rendered":"https:\/\/koningdrone.nl\/kon\/product\/mp-130-speaker-v2\/"},"modified":"2026-05-17T09:40:15","modified_gmt":"2026-05-17T07:40:15","slug":"mp-130-speaker-v2","status":"publish","type":"product","link":"https:\/\/koningdrone.be\/fr\/produit\/mp-130-speaker-v2\/","title":{"rendered":"MP 130 Speaker V2"},"content":{"rendered":"<h1>MP 130 Speaker V2<\/h1>\n<p>Le syst\u00e8me de transmission vocale num\u00e9rique MP130 UAV V2 utilise l'interface DJI Skyport, qui permet une connexion rapide et transparente aux drones DJI des s\u00e9ries M200 et M300. Il a une distance de transmission maximale de 500 m et peut \u00eatre utilis\u00e9 dans les rues bruyantes ou dans des zones de transmission plus vastes (telles que la propagande pour la pr\u00e9vention des maladies, les op\u00e9rations de recherche et de sauvetage en for\u00eat) et d'autres sc\u00e8nes n\u00e9cessitant des transmissions sur de longues distances.<br \/> Intensit\u00e9 sonore sup\u00e9rieure \u00e0 130 dB<br \/> Transmission claire m\u00eame \u00e0 300 m\u00e8tres d'altitude<br \/> Port\u00e9e sonore effective de 300 \u00e0 500 m\u00e8tres<br \/> Suivi des mouvements de la cam\u00e9ra et transmission pr\u00e9cise<br \/> Port\u00e9e maximale de l'amplification sonore 1000 m\u00e8tres<br \/> D\u00e9veloppement bas\u00e9 sur DJI PSDK<br \/> Poids inf\u00e9rieur \u00e0 550g<br \/> Prise en charge de l'entr\u00e9e audio AUX externe (peut \u00eatre connect\u00e9e \u00e0 l'audio de l'interphone sans signal 4G)<br \/> M\u00e9canisme de fonctionnement int\u00e9gr\u00e9 pour des transferts pr\u00e9cis<br \/>Logiciel de contr\u00f4le intelligent<br \/> Synth\u00e8se vocale en temps r\u00e9el, transfert d'appel en temps r\u00e9el, t\u00e9l\u00e9chargement d'enregistrements, prononciation vocale personnalis\u00e9e, texte en langue locale, lecture de musique de fond<br \/> Compatible avec les drones DJI M200 V2 et M300 ; fonctionne avec le logiciel DJI Pilot<br \/> Riche en fonctionnalit\u00e9s, acteurs vocaux adapt\u00e9s, musique d'ambiance<br \/> Prise en charge de la carte m\u00e9moire TF ; possibilit\u00e9 de stocker \u00e0 l'avance du contenu diffus\u00e9 et de la musique de sc\u00e8ne<br \/> Peut \u00eatre utilis\u00e9 de multiples fa\u00e7ons<\/p>","protected":false},"excerpt":{"rendered":"<p>MP 130 Speaker V2 Het MP130 UAV V2 digitale spraaktransmissiesysteem maakt gebruik van de DJI Skyport-interface, die een snelle en naadloze verbinding met DJI M200- en M300-serie UAV&#8217;s mogelijk maakt. Het heeft een maximale zendafstand van maximaal 500 m en kan worden gebruikt in lawaaierige straten of grotere zendgebieden (zoals propaganda voor ziektepreventie, zoek- en [&hellip;]<\/p>\n","protected":false},"featured_media":5273,"template":"","meta":{"_acf_changed":false},"product_brand":[],"product_cat":[97,152],"product_tag":[],"class_list":{"0":"post-5275","1":"product","2":"type-product","3":"status-publish","4":"has-post-thumbnail","6":"product_cat-alle-producten","7":"product_cat-dji-matrice-300","8":"product_shipping_class-outofstock","9":"pa_brand-czi","10":"pa_productfamily-speaker","11":"pa_producttype-speaker","12":"pa_series-mp-130","14":"first","15":"outofstock","16":"taxable","17":"shipping-taxable","18":"product-type-simple"},"acf":[],"yoast_head":"<!-- This site is optimized with the Yoast SEO Premium plugin v27.2 (Yoast SEO v27.2) - https:\/\/yoast.com\/product\/yoast-seo-premium-wordpress\/ -->\n<title>MP 130 Speaker V2 - koningdrone.be<\/title>\n<meta name=\"robots\" content=\"index, follow, max-snippet:-1, max-image-preview:large, max-video-preview:-1\" \/>\n<link rel=\"canonical\" href=\"https:\/\/koningdrone.be\/fr\/produit\/mp-130-speaker-v2\/\" \/>\n<meta property=\"og:locale\" content=\"fr_FR\" \/>\n<meta property=\"og:type\" content=\"article\" \/>\n<meta property=\"og:title\" content=\"MP 130 Speaker V2\" \/>\n<meta property=\"og:description\" content=\"MP 130 Speaker V2 Het MP130 UAV V2 digitale spraaktransmissiesysteem maakt gebruik van de DJI Skyport-interface, die een snelle en naadloze verbinding met DJI M200- en M300-serie UAV&#8217;s mogelijk maakt. Het heeft een maximale zendafstand van maximaal 500 m en kan worden gebruikt in lawaaierige straten of grotere zendgebieden (zoals propaganda voor ziektepreventie, zoek- en [&hellip;]\" \/>\n<meta property=\"og:url\" content=\"https:\/\/koningdrone.be\/fr\/produit\/mp-130-speaker-v2\/\" \/>\n<meta property=\"og:site_name\" content=\"koningdrone.be\" \/>\n<meta property=\"article:modified_time\" content=\"2026-05-17T07:40:15+00:00\" \/>\n<meta property=\"og:image\" content=\"https:\/\/koningdrone.be\/wp-content\/uploads\/sites\/13\/2025\/04\/6972073120289-1.png\" \/>\n\t<meta property=\"og:image:width\" content=\"1280\" \/>\n\t<meta property=\"og:image:height\" content=\"800\" \/>\n\t<meta property=\"og:image:type\" content=\"image\/png\" \/>\n<meta name=\"twitter:card\" content=\"summary_large_image\" \/>\n<meta name=\"twitter:label1\" content=\"Dur\u00e9e de lecture est.\" \/>\n\t<meta name=\"twitter:data1\" content=\"1 minute\" \/>\n<script type=\"application\/ld+json\" class=\"yoast-schema-graph\">{\"@context\":\"https:\/\/schema.org\",\"@graph\":[{\"@type\":\"WebPage\",\"@id\":\"https:\/\/koningdrone.be\/product\/mp-130-speaker-v2\/\",\"url\":\"https:\/\/koningdrone.be\/product\/mp-130-speaker-v2\/\",\"name\":\"MP 130 Speaker V2 - koningdrone.be\",\"isPartOf\":{\"@id\":\"https:\/\/koningdrone.be\/#website\"},\"primaryImageOfPage\":{\"@id\":\"https:\/\/koningdrone.be\/product\/mp-130-speaker-v2\/#primaryimage\"},\"image\":{\"@id\":\"https:\/\/koningdrone.be\/product\/mp-130-speaker-v2\/#primaryimage\"},\"thumbnailUrl\":\"https:\/\/koningdrone.be\/wp-content\/uploads\/sites\/13\/2025\/04\/6972073120289-1.png\",\"datePublished\":\"2022-11-02T08:14:43+00:00\",\"dateModified\":\"2026-05-17T07:40:15+00:00\",\"breadcrumb\":{\"@id\":\"https:\/\/koningdrone.be\/product\/mp-130-speaker-v2\/#breadcrumb\"},\"inLanguage\":\"fr-BE\",\"potentialAction\":[{\"@type\":\"ReadAction\",\"target\":[\"https:\/\/koningdrone.be\/product\/mp-130-speaker-v2\/\"]}]},{\"@type\":\"ImageObject\",\"inLanguage\":\"fr-BE\",\"@id\":\"https:\/\/koningdrone.be\/product\/mp-130-speaker-v2\/#primaryimage\",\"url\":\"https:\/\/koningdrone.be\/wp-content\/uploads\/sites\/13\/2025\/04\/6972073120289-1.png\",\"contentUrl\":\"https:\/\/koningdrone.be\/wp-content\/uploads\/sites\/13\/2025\/04\/6972073120289-1.png\",\"width\":1280,\"height\":800},{\"@type\":\"BreadcrumbList\",\"@id\":\"https:\/\/koningdrone.be\/product\/mp-130-speaker-v2\/#breadcrumb\",\"itemListElement\":[{\"@type\":\"ListItem\",\"position\":1,\"name\":\"Home\",\"item\":\"https:\/\/koningdrone.be\/\"},{\"@type\":\"ListItem\",\"position\":2,\"name\":\"AVSS Parachute Recovery System for DJI Matrice 300\/350\",\"item\":\"https:\/\/koningdrone.be\/product\/avss-parachute-recovery-system-for-dji-matrice-300-350\/\"},{\"@type\":\"ListItem\",\"position\":3,\"name\":\"Alle producten\",\"item\":\"https:\/\/koningdrone.be\/categorie\/alle-producten\/\"},{\"@type\":\"ListItem\",\"position\":4,\"name\":\"MP 130 Speaker V2\"}]},{\"@type\":\"WebSite\",\"@id\":\"https:\/\/koningdrone.be\/#website\",\"url\":\"https:\/\/koningdrone.be\/\",\"name\":\"Koningdrone.be - Uw online specialist in drones, gimbals, camera's en power stations.\",\"description\":\"De webshop in drones en gimbals\",\"publisher\":{\"@id\":\"https:\/\/koningdrone.be\/#organization\"},\"potentialAction\":[{\"@type\":\"SearchAction\",\"target\":{\"@type\":\"EntryPoint\",\"urlTemplate\":\"https:\/\/koningdrone.be\/?s={search_term_string}\"},\"query-input\":{\"@type\":\"PropertyValueSpecification\",\"valueRequired\":true,\"valueName\":\"search_term_string\"}}],\"inLanguage\":\"fr-BE\"},{\"@type\":\"Organization\",\"@id\":\"https:\/\/koningdrone.be\/#organization\",\"name\":\"Koningdrone.be\",\"url\":\"https:\/\/koningdrone.be\/\",\"logo\":{\"@type\":\"ImageObject\",\"inLanguage\":\"fr-BE\",\"@id\":\"https:\/\/koningdrone.be\/#\/schema\/logo\/image\/\",\"url\":\"https:\/\/koningdrone.be\/wp-content\/uploads\/sites\/13\/2025\/04\/koningdrone-copyright-logo.svg\",\"contentUrl\":\"https:\/\/koningdrone.be\/wp-content\/uploads\/sites\/13\/2025\/04\/koningdrone-copyright-logo.svg\",\"width\":227,\"height\":38,\"caption\":\"Koningdrone.be\"},\"image\":{\"@id\":\"https:\/\/koningdrone.be\/#\/schema\/logo\/image\/\"}}]}<\/script>\n<!-- \/ Yoast SEO Premium plugin. -->","yoast_head_json":{"title":"MP 130 Speaker V2 - koningdrone.be","robots":{"index":"index","follow":"follow","max-snippet":"max-snippet:-1","max-image-preview":"max-image-preview:large","max-video-preview":"max-video-preview:-1"},"canonical":"https:\/\/koningdrone.be\/fr\/produit\/mp-130-speaker-v2\/","og_locale":"fr_FR","og_type":"article","og_title":"MP 130 Speaker V2","og_description":"MP 130 Speaker V2 Het MP130 UAV V2 digitale spraaktransmissiesysteem maakt gebruik van de DJI Skyport-interface, die een snelle en naadloze verbinding met DJI M200- en M300-serie UAV&#8217;s mogelijk maakt. Het heeft een maximale zendafstand van maximaal 500 m en kan worden gebruikt in lawaaierige straten of grotere zendgebieden (zoals propaganda voor ziektepreventie, zoek- en [&hellip;]","og_url":"https:\/\/koningdrone.be\/fr\/produit\/mp-130-speaker-v2\/","og_site_name":"koningdrone.be","article_modified_time":"2026-05-17T07:40:15+00:00","og_image":[{"width":1280,"height":800,"url":"https:\/\/koningdrone.be\/wp-content\/uploads\/sites\/13\/2025\/04\/6972073120289-1.png","type":"image\/png"}],"twitter_card":"summary_large_image","twitter_misc":{"Dur\u00e9e de lecture est.":"1 minute"},"schema":{"@context":"https:\/\/schema.org","@graph":[{"@type":"WebPage","@id":"https:\/\/koningdrone.be\/product\/mp-130-speaker-v2\/","url":"https:\/\/koningdrone.be\/product\/mp-130-speaker-v2\/","name":"MP 130 Speaker V2 - koningdrone.be","isPartOf":{"@id":"https:\/\/koningdrone.be\/#website"},"primaryImageOfPage":{"@id":"https:\/\/koningdrone.be\/product\/mp-130-speaker-v2\/#primaryimage"},"image":{"@id":"https:\/\/koningdrone.be\/product\/mp-130-speaker-v2\/#primaryimage"},"thumbnailUrl":"https:\/\/koningdrone.be\/wp-content\/uploads\/sites\/13\/2025\/04\/6972073120289-1.png","datePublished":"2022-11-02T08:14:43+00:00","dateModified":"2026-05-17T07:40:15+00:00","breadcrumb":{"@id":"https:\/\/koningdrone.be\/product\/mp-130-speaker-v2\/#breadcrumb"},"inLanguage":"fr-BE","potentialAction":[{"@type":"ReadAction","target":["https:\/\/koningdrone.be\/product\/mp-130-speaker-v2\/"]}]},{"@type":"ImageObject","inLanguage":"fr-BE","@id":"https:\/\/koningdrone.be\/product\/mp-130-speaker-v2\/#primaryimage","url":"https:\/\/koningdrone.be\/wp-content\/uploads\/sites\/13\/2025\/04\/6972073120289-1.png","contentUrl":"https:\/\/koningdrone.be\/wp-content\/uploads\/sites\/13\/2025\/04\/6972073120289-1.png","width":1280,"height":800},{"@type":"BreadcrumbList","@id":"https:\/\/koningdrone.be\/product\/mp-130-speaker-v2\/#breadcrumb","itemListElement":[{"@type":"ListItem","position":1,"name":"Home","item":"https:\/\/koningdrone.be\/"},{"@type":"ListItem","position":2,"name":"AVSS Parachute Recovery System for DJI Matrice 300\/350","item":"https:\/\/koningdrone.be\/product\/avss-parachute-recovery-system-for-dji-matrice-300-350\/"},{"@type":"ListItem","position":3,"name":"Alle producten","item":"https:\/\/koningdrone.be\/categorie\/alle-producten\/"},{"@type":"ListItem","position":4,"name":"MP 130 Speaker V2"}]},{"@type":"WebSite","@id":"https:\/\/koningdrone.be\/#website","url":"https:\/\/koningdrone.be\/","name":"Koningdrone.be - Votre sp\u00e9cialiste en ligne en mati\u00e8re de drones, de cardans, de cam\u00e9ras et de centrales \u00e9lectriques.","description":"La boutique en ligne de drones et de cardans","publisher":{"@id":"https:\/\/koningdrone.be\/#organization"},"potentialAction":[{"@type":"SearchAction","target":{"@type":"EntryPoint","urlTemplate":"https:\/\/koningdrone.be\/?s={search_term_string}"},"query-input":{"@type":"PropertyValueSpecification","valueRequired":true,"valueName":"search_term_string"}}],"inLanguage":"fr-BE"},{"@type":"Organization","@id":"https:\/\/koningdrone.be\/#organization","name":"Kingdrone.co.uk","url":"https:\/\/koningdrone.be\/","logo":{"@type":"ImageObject","inLanguage":"fr-BE","@id":"https:\/\/koningdrone.be\/#\/schema\/logo\/image\/","url":"https:\/\/koningdrone.be\/wp-content\/uploads\/sites\/13\/2025\/04\/koningdrone-copyright-logo.svg","contentUrl":"https:\/\/koningdrone.be\/wp-content\/uploads\/sites\/13\/2025\/04\/koningdrone-copyright-logo.svg","width":227,"height":38,"caption":"Koningdrone.be"},"image":{"@id":"https:\/\/koningdrone.be\/#\/schema\/logo\/image\/"}}]}},"df_price":"","df_sale_price":"","df_regular_price":"","df_image_link":"https:\/\/koningdrone.be\/wp-content\/uploads\/sites\/13\/2025\/04\/6972073120289-1-300x188.png","_links":{"self":[{"href":"https:\/\/koningdrone.be\/fr\/wp-json\/wp\/v2\/product\/5275","targetHints":{"allow":["GET"]}}],"collection":[{"href":"https:\/\/koningdrone.be\/fr\/wp-json\/wp\/v2\/product"}],"about":[{"href":"https:\/\/koningdrone.be\/fr\/wp-json\/wp\/v2\/types\/product"}],"wp:featuredmedia":[{"embeddable":true,"href":"https:\/\/koningdrone.be\/fr\/wp-json\/wp\/v2\/media\/5273"}],"wp:attachment":[{"href":"https:\/\/koningdrone.be\/fr\/wp-json\/wp\/v2\/media?parent=5275"}],"wp:term":[{"taxonomy":"product_brand","embeddable":true,"href":"https:\/\/koningdrone.be\/fr\/wp-json\/wp\/v2\/product_brand?post=5275"},{"taxonomy":"product_cat","embeddable":true,"href":"https:\/\/koningdrone.be\/fr\/wp-json\/wp\/v2\/product_cat?post=5275"},{"taxonomy":"product_tag","embeddable":true,"href":"https:\/\/koningdrone.be\/fr\/wp-json\/wp\/v2\/product_tag?post=5275"}],"curies":[{"name":"wp","href":"https:\/\/api.w.org\/{rel}","templated":true}]}}