{"id":5268,"date":"2022-11-02T09:14:43","date_gmt":"2022-11-02T08:14:43","guid":{"rendered":"https:\/\/koningdrone.nl\/kon\/product\/lp-12-spotlight\/"},"modified":"2026-04-29T15:40:41","modified_gmt":"2026-04-29T13:40:41","slug":"lp-12-spotlight","status":"publish","type":"product","link":"https:\/\/koningdrone.be\/fr\/produit\/lp-12-spotlight\/","title":{"rendered":"LP 12 Spotlight"},"content":{"rendered":"<h1>LP 12 Spotlight<\/h1>\n<p>Le syst\u00e8me de projecteur et de diffusion LP12 pour DJI Matrice M30 ou M30T est un projecteur et une diffusion int\u00e9gr\u00e9e con\u00e7us sp\u00e9cifiquement pour le mod\u00e8le de drone DJI Matrice 30. Avec son design \u00e9pur\u00e9, il repousse les limites de la performance du produit, tout en tenant compte de son apparence distinctive, et r\u00e9duit efficacement la r\u00e9sistance au vent et am\u00e9liore la dur\u00e9e du vol.<\/p>","protected":false},"excerpt":{"rendered":"<ul>\n<li>Con\u00e7u pour le tout nouveau DJI M30<\/li>\n<li>Repousser les limites de l'industrie en mati\u00e8re de l\u00e9g\u00e8ret\u00e9 avec seulement 270 g<\/li>\n<li>Une conception esth\u00e9tique rationalis\u00e9e R\u00e9duit efficacement la r\u00e9sistance au vent<\/li>\n<li>Montage et d\u00e9montage rapides pour une utilisation facile<\/li>\n<li>Distance sonore effective 200m<\/li>\n<li>Synchronisation du cardan<\/li>\n<li>Distance d'\u00e9clairage effective 100m<\/li>\n<li>Patrouille de jour et de nuit<\/li>\n<li>Recherche et sauvetage en montagne\/for\u00eat<\/li>\n<\/ul>","protected":false},"featured_media":5267,"template":"","meta":{"_acf_changed":false},"product_brand":[],"product_cat":[97,149],"product_tag":[],"class_list":{"0":"post-5268","1":"product","2":"type-product","3":"status-publish","4":"has-post-thumbnail","6":"product_cat-alle-producten","7":"product_cat-dji-matrice-30","8":"product_shipping_class-outofstock","9":"pa_brand-czi","10":"pa_productfamily-spotlight","11":"pa_producttype-spotlight","12":"pa_series-lp12","14":"first","15":"outofstock","16":"taxable","17":"shipping-taxable","18":"purchasable","19":"product-type-simple"},"acf":[],"yoast_head":"<!-- This site is optimized with the Yoast SEO Premium plugin v27.2 (Yoast SEO v27.2) - https:\/\/yoast.com\/product\/yoast-seo-premium-wordpress\/ -->\n<title>LP 12 Spotlight - koningdrone.be<\/title>\n<meta name=\"robots\" content=\"index, follow, max-snippet:-1, max-image-preview:large, max-video-preview:-1\" \/>\n<link rel=\"canonical\" href=\"https:\/\/koningdrone.be\/fr\/produit\/lp-12-spotlight\/\" \/>\n<meta property=\"og:locale\" content=\"fr_FR\" \/>\n<meta property=\"og:type\" content=\"article\" \/>\n<meta property=\"og:title\" content=\"LP 12 Spotlight\" \/>\n<meta property=\"og:description\" content=\"Ontworpen voor de gloednieuwe DJI M30De industri\u00eble grenzen van lichtgewicht ontwerp verleggen met slechts 270 gStroomlijn het esthetische ontwerp Vermindert effectief de windweerstandSnel monteren en demonteren voor eenvoudig gebruikEffectieve geluidsafstand 200mGimbal synchronisatie pitchingEffectieve verlichtingsafstand 100mDag en nacht patrouilleZoek- en reddingsacties in de bergen \/ bossen\" \/>\n<meta property=\"og:url\" content=\"https:\/\/koningdrone.be\/fr\/produit\/lp-12-spotlight\/\" \/>\n<meta property=\"og:site_name\" content=\"koningdrone.be\" \/>\n<meta property=\"article:modified_time\" content=\"2026-04-29T13:40:41+00:00\" \/>\n<meta property=\"og:image\" content=\"https:\/\/koningdrone.be\/wp-content\/uploads\/sites\/13\/2025\/04\/6972073120432-1.jpg\" \/>\n\t<meta property=\"og:image:width\" content=\"800\" \/>\n\t<meta property=\"og:image:height\" content=\"800\" \/>\n\t<meta property=\"og:image:type\" content=\"image\/jpeg\" \/>\n<meta name=\"twitter:card\" content=\"summary_large_image\" \/>\n<script type=\"application\/ld+json\" class=\"yoast-schema-graph\">{\"@context\":\"https:\/\/schema.org\",\"@graph\":[{\"@type\":\"WebPage\",\"@id\":\"https:\/\/koningdrone.be\/product\/lp-12-spotlight\/\",\"url\":\"https:\/\/koningdrone.be\/product\/lp-12-spotlight\/\",\"name\":\"LP 12 Spotlight - koningdrone.be\",\"isPartOf\":{\"@id\":\"https:\/\/koningdrone.be\/#website\"},\"primaryImageOfPage\":{\"@id\":\"https:\/\/koningdrone.be\/product\/lp-12-spotlight\/#primaryimage\"},\"image\":{\"@id\":\"https:\/\/koningdrone.be\/product\/lp-12-spotlight\/#primaryimage\"},\"thumbnailUrl\":\"https:\/\/koningdrone.be\/wp-content\/uploads\/sites\/13\/2025\/04\/6972073120432-1.jpg\",\"datePublished\":\"2022-11-02T08:14:43+00:00\",\"dateModified\":\"2026-04-29T13:40:41+00:00\",\"breadcrumb\":{\"@id\":\"https:\/\/koningdrone.be\/product\/lp-12-spotlight\/#breadcrumb\"},\"inLanguage\":\"fr-BE\",\"potentialAction\":[{\"@type\":\"ReadAction\",\"target\":[\"https:\/\/koningdrone.be\/product\/lp-12-spotlight\/\"]}]},{\"@type\":\"ImageObject\",\"inLanguage\":\"fr-BE\",\"@id\":\"https:\/\/koningdrone.be\/product\/lp-12-spotlight\/#primaryimage\",\"url\":\"https:\/\/koningdrone.be\/wp-content\/uploads\/sites\/13\/2025\/04\/6972073120432-1.jpg\",\"contentUrl\":\"https:\/\/koningdrone.be\/wp-content\/uploads\/sites\/13\/2025\/04\/6972073120432-1.jpg\",\"width\":800,\"height\":800},{\"@type\":\"BreadcrumbList\",\"@id\":\"https:\/\/koningdrone.be\/product\/lp-12-spotlight\/#breadcrumb\",\"itemListElement\":[{\"@type\":\"ListItem\",\"position\":1,\"name\":\"Home\",\"item\":\"https:\/\/koningdrone.be\/\"},{\"@type\":\"ListItem\",\"position\":2,\"name\":\"AVSS Parachute Recovery System for DJI Matrice 300\/350\",\"item\":\"https:\/\/koningdrone.be\/product\/avss-parachute-recovery-system-for-dji-matrice-300-350\/\"},{\"@type\":\"ListItem\",\"position\":3,\"name\":\"Alle producten\",\"item\":\"https:\/\/koningdrone.be\/categorie\/alle-producten\/\"},{\"@type\":\"ListItem\",\"position\":4,\"name\":\"LP 12 Spotlight\"}]},{\"@type\":\"WebSite\",\"@id\":\"https:\/\/koningdrone.be\/#website\",\"url\":\"https:\/\/koningdrone.be\/\",\"name\":\"Koningdrone.be - Uw online specialist in drones, gimbals, camera's en power stations.\",\"description\":\"De webshop in drones en gimbals\",\"publisher\":{\"@id\":\"https:\/\/koningdrone.be\/#organization\"},\"potentialAction\":[{\"@type\":\"SearchAction\",\"target\":{\"@type\":\"EntryPoint\",\"urlTemplate\":\"https:\/\/koningdrone.be\/?s={search_term_string}\"},\"query-input\":{\"@type\":\"PropertyValueSpecification\",\"valueRequired\":true,\"valueName\":\"search_term_string\"}}],\"inLanguage\":\"fr-BE\"},{\"@type\":\"Organization\",\"@id\":\"https:\/\/koningdrone.be\/#organization\",\"name\":\"Koningdrone.be\",\"url\":\"https:\/\/koningdrone.be\/\",\"logo\":{\"@type\":\"ImageObject\",\"inLanguage\":\"fr-BE\",\"@id\":\"https:\/\/koningdrone.be\/#\/schema\/logo\/image\/\",\"url\":\"https:\/\/koningdrone.be\/wp-content\/uploads\/sites\/13\/2025\/04\/koningdrone-copyright-logo.svg\",\"contentUrl\":\"https:\/\/koningdrone.be\/wp-content\/uploads\/sites\/13\/2025\/04\/koningdrone-copyright-logo.svg\",\"width\":227,\"height\":38,\"caption\":\"Koningdrone.be\"},\"image\":{\"@id\":\"https:\/\/koningdrone.be\/#\/schema\/logo\/image\/\"}}]}<\/script>\n<!-- \/ Yoast SEO Premium plugin. -->","yoast_head_json":{"title":"LP 12 Spotlight - koningdrone.be","robots":{"index":"index","follow":"follow","max-snippet":"max-snippet:-1","max-image-preview":"max-image-preview:large","max-video-preview":"max-video-preview:-1"},"canonical":"https:\/\/koningdrone.be\/fr\/produit\/lp-12-spotlight\/","og_locale":"fr_FR","og_type":"article","og_title":"LP 12 Spotlight","og_description":"Ontworpen voor de gloednieuwe DJI M30De industri\u00eble grenzen van lichtgewicht ontwerp verleggen met slechts 270 gStroomlijn het esthetische ontwerp Vermindert effectief de windweerstandSnel monteren en demonteren voor eenvoudig gebruikEffectieve geluidsafstand 200mGimbal synchronisatie pitchingEffectieve verlichtingsafstand 100mDag en nacht patrouilleZoek- en reddingsacties in de bergen \/ bossen","og_url":"https:\/\/koningdrone.be\/fr\/produit\/lp-12-spotlight\/","og_site_name":"koningdrone.be","article_modified_time":"2026-04-29T13:40:41+00:00","og_image":[{"width":800,"height":800,"url":"https:\/\/koningdrone.be\/wp-content\/uploads\/sites\/13\/2025\/04\/6972073120432-1.jpg","type":"image\/jpeg"}],"twitter_card":"summary_large_image","schema":{"@context":"https:\/\/schema.org","@graph":[{"@type":"WebPage","@id":"https:\/\/koningdrone.be\/product\/lp-12-spotlight\/","url":"https:\/\/koningdrone.be\/product\/lp-12-spotlight\/","name":"LP 12 Spotlight - koningdrone.be","isPartOf":{"@id":"https:\/\/koningdrone.be\/#website"},"primaryImageOfPage":{"@id":"https:\/\/koningdrone.be\/product\/lp-12-spotlight\/#primaryimage"},"image":{"@id":"https:\/\/koningdrone.be\/product\/lp-12-spotlight\/#primaryimage"},"thumbnailUrl":"https:\/\/koningdrone.be\/wp-content\/uploads\/sites\/13\/2025\/04\/6972073120432-1.jpg","datePublished":"2022-11-02T08:14:43+00:00","dateModified":"2026-04-29T13:40:41+00:00","breadcrumb":{"@id":"https:\/\/koningdrone.be\/product\/lp-12-spotlight\/#breadcrumb"},"inLanguage":"fr-BE","potentialAction":[{"@type":"ReadAction","target":["https:\/\/koningdrone.be\/product\/lp-12-spotlight\/"]}]},{"@type":"ImageObject","inLanguage":"fr-BE","@id":"https:\/\/koningdrone.be\/product\/lp-12-spotlight\/#primaryimage","url":"https:\/\/koningdrone.be\/wp-content\/uploads\/sites\/13\/2025\/04\/6972073120432-1.jpg","contentUrl":"https:\/\/koningdrone.be\/wp-content\/uploads\/sites\/13\/2025\/04\/6972073120432-1.jpg","width":800,"height":800},{"@type":"BreadcrumbList","@id":"https:\/\/koningdrone.be\/product\/lp-12-spotlight\/#breadcrumb","itemListElement":[{"@type":"ListItem","position":1,"name":"Home","item":"https:\/\/koningdrone.be\/"},{"@type":"ListItem","position":2,"name":"AVSS Parachute Recovery System for DJI Matrice 300\/350","item":"https:\/\/koningdrone.be\/product\/avss-parachute-recovery-system-for-dji-matrice-300-350\/"},{"@type":"ListItem","position":3,"name":"Alle producten","item":"https:\/\/koningdrone.be\/categorie\/alle-producten\/"},{"@type":"ListItem","position":4,"name":"LP 12 Spotlight"}]},{"@type":"WebSite","@id":"https:\/\/koningdrone.be\/#website","url":"https:\/\/koningdrone.be\/","name":"Koningdrone.be - Votre sp\u00e9cialiste en ligne en mati\u00e8re de drones, de cardans, de cam\u00e9ras et de centrales \u00e9lectriques.","description":"La boutique en ligne de drones et de cardans","publisher":{"@id":"https:\/\/koningdrone.be\/#organization"},"potentialAction":[{"@type":"SearchAction","target":{"@type":"EntryPoint","urlTemplate":"https:\/\/koningdrone.be\/?s={search_term_string}"},"query-input":{"@type":"PropertyValueSpecification","valueRequired":true,"valueName":"search_term_string"}}],"inLanguage":"fr-BE"},{"@type":"Organization","@id":"https:\/\/koningdrone.be\/#organization","name":"Kingdrone.co.uk","url":"https:\/\/koningdrone.be\/","logo":{"@type":"ImageObject","inLanguage":"fr-BE","@id":"https:\/\/koningdrone.be\/#\/schema\/logo\/image\/","url":"https:\/\/koningdrone.be\/wp-content\/uploads\/sites\/13\/2025\/04\/koningdrone-copyright-logo.svg","contentUrl":"https:\/\/koningdrone.be\/wp-content\/uploads\/sites\/13\/2025\/04\/koningdrone-copyright-logo.svg","width":227,"height":38,"caption":"Koningdrone.be"},"image":{"@id":"https:\/\/koningdrone.be\/#\/schema\/logo\/image\/"}}]}},"df_price":1999,"df_sale_price":"","df_regular_price":1999,"df_image_link":"https:\/\/koningdrone.be\/wp-content\/uploads\/sites\/13\/2025\/04\/6972073120432-1-300x300.jpg","_links":{"self":[{"href":"https:\/\/koningdrone.be\/fr\/wp-json\/wp\/v2\/product\/5268","targetHints":{"allow":["GET"]}}],"collection":[{"href":"https:\/\/koningdrone.be\/fr\/wp-json\/wp\/v2\/product"}],"about":[{"href":"https:\/\/koningdrone.be\/fr\/wp-json\/wp\/v2\/types\/product"}],"wp:featuredmedia":[{"embeddable":true,"href":"https:\/\/koningdrone.be\/fr\/wp-json\/wp\/v2\/media\/5267"}],"wp:attachment":[{"href":"https:\/\/koningdrone.be\/fr\/wp-json\/wp\/v2\/media?parent=5268"}],"wp:term":[{"taxonomy":"product_brand","embeddable":true,"href":"https:\/\/koningdrone.be\/fr\/wp-json\/wp\/v2\/product_brand?post=5268"},{"taxonomy":"product_cat","embeddable":true,"href":"https:\/\/koningdrone.be\/fr\/wp-json\/wp\/v2\/product_cat?post=5268"},{"taxonomy":"product_tag","embeddable":true,"href":"https:\/\/koningdrone.be\/fr\/wp-json\/wp\/v2\/product_tag?post=5268"}],"curies":[{"name":"wp","href":"https:\/\/api.w.org\/{rel}","templated":true}]}}