{"id":5266,"date":"2022-11-02T09:14:43","date_gmt":"2022-11-02T08:14:43","guid":{"rendered":"https:\/\/koningdrone.nl\/kon\/product\/gl-60-plus-gimbal-spotlight\/"},"modified":"2026-05-17T16:00:08","modified_gmt":"2026-05-17T14:00:08","slug":"gl-60-plus-gimbal-spotlight","status":"publish","type":"product","link":"https:\/\/koningdrone.be\/fr\/produit\/gl-60-plus-gimbal-spotlight\/","title":{"rendered":"Projecteur \u00e0 cardan GL 60 Plus"},"content":{"rendered":"<h1>Projecteur \u00e0 cardan GL 60 Plus<\/h1>\n<p>Il s'agit d'une charge utile pr\u00eate \u00e0 l'emploi, compatible avec le DJI M300 RTK et le DJI Matrice 200 Series V2, via l'interface DJI SkyPort V2.0.<br \/>Le projecteur \u00e0 cardan GL60 Plus utilise 4 groupes de composants d'imagerie optique, chaque groupe \u00e9tant constitu\u00e9 de 4 lentilles combin\u00e9es, qui \u00e9mettent une colonne de lumi\u00e8re nette \u00e0 un angle de 15 degr\u00e9s, avec une couleur et une luminosit\u00e9 homog\u00e8nes.<br \/>Le GL60 Plus \u00e9met un flux stable de 24lux d'\u00e9clairage optimal, avec une distance de rayonnement efficace allant jusqu'\u00e0 150 m\u00e8tres et une zone d'\u00e9clairage efficace de 1225 m\u00e8tres carr\u00e9s.<br \/>Le GL60 Plus Spotlight est compatible avec les drones DJI M200V2, M300RTK et d'autres s\u00e9ries via l'interface DJI SkyPort V2.0, ce qui permet de r\u00e9pondre aux besoins d'inspection nocturne, d'alerte, de dispersion et d'indication d'orientation, de patrouille du r\u00e9seau \u00e9lectrique, de recherche et de sauvetage et d'autres activit\u00e9s nocturnes.<br \/>GL60 Plus Sc\u00e9narios d'utilisation et applications de Spotlight :<br \/>Le projecteur GL60 Plus est un outil polyvalent qui peut \u00eatre utilis\u00e9 pour toute une s\u00e9rie d'applications.<br \/>Il peut \u00e9galement \u00eatre utilis\u00e9 avec d'autres charges utiles, telles que le r\u00e9seau de cam\u00e9ras H20 pour le M300 RTK (photo), pour combiner le projecteur lumineux avec d'autres capacit\u00e9s d'imagerie telles que le zoom, le thermique et le t\u00e9l\u00e9m\u00e8tre laser afin d'accro\u00eetre l'efficacit\u00e9 de la mission.<br \/>Les sc\u00e9narios d'utilisation appropri\u00e9s pour le projecteur GL60 Plus sont les suivants :<br \/> - Patrouille de nuit avec des drones ;<br \/> - Rechercher et sauvegarder ;<br \/> - Inspections nocturnes ou \u00e0 faible luminosit\u00e9 ;<br \/> - Suppl\u00e9ment d'\u00e9clairage pour le cin\u00e9ma et la t\u00e9l\u00e9vision ;<br \/> - R\u00e9paration de l'\u00e9lectricit\u00e9 ou patrouille des lignes \u00e9lectriques ;<br \/> - \u00c9clairage de secours, apr\u00e8s une panne de courant ou un incident tel qu'un incendie.<\/p>","protected":false},"excerpt":{"rendered":"<ul>\n<li>Le CZI GL60 Plus Gimbal Spotlight est un projecteur puissant et lumineux.<\/li>\n<\/ul>","protected":false},"featured_media":5261,"template":"","meta":{"_acf_changed":false},"product_brand":[],"product_cat":[97,152],"product_tag":[],"class_list":{"0":"post-5266","1":"product","2":"type-product","3":"status-publish","4":"has-post-thumbnail","6":"product_cat-alle-producten","7":"product_cat-dji-matrice-300","8":"product_shipping_class-outofstock","9":"pa_brand-czi","10":"pa_productfamily-spotlight","11":"pa_producttype-spotlight","12":"pa_series-gl60","14":"first","15":"onbackorder","16":"taxable","17":"shipping-taxable","18":"purchasable","19":"product-type-simple"},"acf":[],"yoast_head":"<!-- This site is optimized with the Yoast SEO Premium plugin v27.2 (Yoast SEO v27.2) - https:\/\/yoast.com\/product\/yoast-seo-premium-wordpress\/ -->\n<title>GL 60 Plus Gimbal Spotlight - koningdrone.be<\/title>\n<meta name=\"robots\" content=\"index, follow, max-snippet:-1, max-image-preview:large, max-video-preview:-1\" \/>\n<link rel=\"canonical\" href=\"https:\/\/koningdrone.be\/fr\/produit\/gl-60-plus-gimbal-spotlight\/\" \/>\n<meta property=\"og:locale\" content=\"fr_FR\" \/>\n<meta property=\"og:type\" content=\"article\" \/>\n<meta property=\"og:title\" content=\"GL 60 Plus Gimbal Spotlight\" \/>\n<meta property=\"og:description\" content=\"e CZI GL60 Plus Gimbal Spotlight is een krachtige en heldere spotlight.\" \/>\n<meta property=\"og:url\" content=\"https:\/\/koningdrone.be\/fr\/produit\/gl-60-plus-gimbal-spotlight\/\" \/>\n<meta property=\"og:site_name\" content=\"koningdrone.be\" \/>\n<meta property=\"article:modified_time\" content=\"2026-05-17T14:00:08+00:00\" \/>\n<meta property=\"og:image\" content=\"https:\/\/koningdrone.be\/wp-content\/uploads\/sites\/13\/2025\/04\/6972073120302-1.webp\" \/>\n\t<meta property=\"og:image:width\" content=\"720\" \/>\n\t<meta property=\"og:image:height\" content=\"720\" \/>\n\t<meta property=\"og:image:type\" content=\"image\/webp\" \/>\n<meta name=\"twitter:card\" content=\"summary_large_image\" \/>\n<meta name=\"twitter:label1\" content=\"Dur\u00e9e de lecture est.\" \/>\n\t<meta name=\"twitter:data1\" content=\"1 minute\" \/>\n<script type=\"application\/ld+json\" class=\"yoast-schema-graph\">{\"@context\":\"https:\/\/schema.org\",\"@graph\":[{\"@type\":\"WebPage\",\"@id\":\"https:\/\/koningdrone.be\/product\/gl-60-plus-gimbal-spotlight\/\",\"url\":\"https:\/\/koningdrone.be\/product\/gl-60-plus-gimbal-spotlight\/\",\"name\":\"GL 60 Plus Gimbal Spotlight - koningdrone.be\",\"isPartOf\":{\"@id\":\"https:\/\/koningdrone.be\/#website\"},\"primaryImageOfPage\":{\"@id\":\"https:\/\/koningdrone.be\/product\/gl-60-plus-gimbal-spotlight\/#primaryimage\"},\"image\":{\"@id\":\"https:\/\/koningdrone.be\/product\/gl-60-plus-gimbal-spotlight\/#primaryimage\"},\"thumbnailUrl\":\"https:\/\/koningdrone.be\/wp-content\/uploads\/sites\/13\/2025\/04\/6972073120302-1.webp\",\"datePublished\":\"2022-11-02T08:14:43+00:00\",\"dateModified\":\"2026-05-17T14:00:08+00:00\",\"breadcrumb\":{\"@id\":\"https:\/\/koningdrone.be\/product\/gl-60-plus-gimbal-spotlight\/#breadcrumb\"},\"inLanguage\":\"fr-BE\",\"potentialAction\":[{\"@type\":\"ReadAction\",\"target\":[\"https:\/\/koningdrone.be\/product\/gl-60-plus-gimbal-spotlight\/\"]}]},{\"@type\":\"ImageObject\",\"inLanguage\":\"fr-BE\",\"@id\":\"https:\/\/koningdrone.be\/product\/gl-60-plus-gimbal-spotlight\/#primaryimage\",\"url\":\"https:\/\/koningdrone.be\/wp-content\/uploads\/sites\/13\/2025\/04\/6972073120302-1.webp\",\"contentUrl\":\"https:\/\/koningdrone.be\/wp-content\/uploads\/sites\/13\/2025\/04\/6972073120302-1.webp\",\"width\":720,\"height\":720},{\"@type\":\"BreadcrumbList\",\"@id\":\"https:\/\/koningdrone.be\/product\/gl-60-plus-gimbal-spotlight\/#breadcrumb\",\"itemListElement\":[{\"@type\":\"ListItem\",\"position\":1,\"name\":\"Home\",\"item\":\"https:\/\/koningdrone.be\/\"},{\"@type\":\"ListItem\",\"position\":2,\"name\":\"AVSS Parachute Recovery System for DJI Matrice 300\/350\",\"item\":\"https:\/\/koningdrone.be\/product\/avss-parachute-recovery-system-for-dji-matrice-300-350\/\"},{\"@type\":\"ListItem\",\"position\":3,\"name\":\"Alle producten\",\"item\":\"https:\/\/koningdrone.be\/categorie\/alle-producten\/\"},{\"@type\":\"ListItem\",\"position\":4,\"name\":\"GL 60 Plus Gimbal Spotlight\"}]},{\"@type\":\"WebSite\",\"@id\":\"https:\/\/koningdrone.be\/#website\",\"url\":\"https:\/\/koningdrone.be\/\",\"name\":\"Koningdrone.be - Uw online specialist in drones, gimbals, camera's en power stations.\",\"description\":\"De webshop in drones en gimbals\",\"publisher\":{\"@id\":\"https:\/\/koningdrone.be\/#organization\"},\"potentialAction\":[{\"@type\":\"SearchAction\",\"target\":{\"@type\":\"EntryPoint\",\"urlTemplate\":\"https:\/\/koningdrone.be\/?s={search_term_string}\"},\"query-input\":{\"@type\":\"PropertyValueSpecification\",\"valueRequired\":true,\"valueName\":\"search_term_string\"}}],\"inLanguage\":\"fr-BE\"},{\"@type\":\"Organization\",\"@id\":\"https:\/\/koningdrone.be\/#organization\",\"name\":\"Koningdrone.be\",\"url\":\"https:\/\/koningdrone.be\/\",\"logo\":{\"@type\":\"ImageObject\",\"inLanguage\":\"fr-BE\",\"@id\":\"https:\/\/koningdrone.be\/#\/schema\/logo\/image\/\",\"url\":\"https:\/\/koningdrone.be\/wp-content\/uploads\/sites\/13\/2025\/04\/koningdrone-copyright-logo.svg\",\"contentUrl\":\"https:\/\/koningdrone.be\/wp-content\/uploads\/sites\/13\/2025\/04\/koningdrone-copyright-logo.svg\",\"width\":227,\"height\":38,\"caption\":\"Koningdrone.be\"},\"image\":{\"@id\":\"https:\/\/koningdrone.be\/#\/schema\/logo\/image\/\"}}]}<\/script>\n<!-- \/ Yoast SEO Premium plugin. -->","yoast_head_json":{"title":"GL 60 Plus Gimbal Spotlight - koningdrone.be","robots":{"index":"index","follow":"follow","max-snippet":"max-snippet:-1","max-image-preview":"max-image-preview:large","max-video-preview":"max-video-preview:-1"},"canonical":"https:\/\/koningdrone.be\/fr\/produit\/gl-60-plus-gimbal-spotlight\/","og_locale":"fr_FR","og_type":"article","og_title":"GL 60 Plus Gimbal Spotlight","og_description":"e CZI GL60 Plus Gimbal Spotlight is een krachtige en heldere spotlight.","og_url":"https:\/\/koningdrone.be\/fr\/produit\/gl-60-plus-gimbal-spotlight\/","og_site_name":"koningdrone.be","article_modified_time":"2026-05-17T14:00:08+00:00","og_image":[{"width":720,"height":720,"url":"https:\/\/koningdrone.be\/wp-content\/uploads\/sites\/13\/2025\/04\/6972073120302-1.webp","type":"image\/webp"}],"twitter_card":"summary_large_image","twitter_misc":{"Dur\u00e9e de lecture est.":"1 minute"},"schema":{"@context":"https:\/\/schema.org","@graph":[{"@type":"WebPage","@id":"https:\/\/koningdrone.be\/product\/gl-60-plus-gimbal-spotlight\/","url":"https:\/\/koningdrone.be\/product\/gl-60-plus-gimbal-spotlight\/","name":"GL 60 Plus Gimbal Spotlight - koningdrone.be","isPartOf":{"@id":"https:\/\/koningdrone.be\/#website"},"primaryImageOfPage":{"@id":"https:\/\/koningdrone.be\/product\/gl-60-plus-gimbal-spotlight\/#primaryimage"},"image":{"@id":"https:\/\/koningdrone.be\/product\/gl-60-plus-gimbal-spotlight\/#primaryimage"},"thumbnailUrl":"https:\/\/koningdrone.be\/wp-content\/uploads\/sites\/13\/2025\/04\/6972073120302-1.webp","datePublished":"2022-11-02T08:14:43+00:00","dateModified":"2026-05-17T14:00:08+00:00","breadcrumb":{"@id":"https:\/\/koningdrone.be\/product\/gl-60-plus-gimbal-spotlight\/#breadcrumb"},"inLanguage":"fr-BE","potentialAction":[{"@type":"ReadAction","target":["https:\/\/koningdrone.be\/product\/gl-60-plus-gimbal-spotlight\/"]}]},{"@type":"ImageObject","inLanguage":"fr-BE","@id":"https:\/\/koningdrone.be\/product\/gl-60-plus-gimbal-spotlight\/#primaryimage","url":"https:\/\/koningdrone.be\/wp-content\/uploads\/sites\/13\/2025\/04\/6972073120302-1.webp","contentUrl":"https:\/\/koningdrone.be\/wp-content\/uploads\/sites\/13\/2025\/04\/6972073120302-1.webp","width":720,"height":720},{"@type":"BreadcrumbList","@id":"https:\/\/koningdrone.be\/product\/gl-60-plus-gimbal-spotlight\/#breadcrumb","itemListElement":[{"@type":"ListItem","position":1,"name":"Home","item":"https:\/\/koningdrone.be\/"},{"@type":"ListItem","position":2,"name":"AVSS Parachute Recovery System for DJI Matrice 300\/350","item":"https:\/\/koningdrone.be\/product\/avss-parachute-recovery-system-for-dji-matrice-300-350\/"},{"@type":"ListItem","position":3,"name":"Alle producten","item":"https:\/\/koningdrone.be\/categorie\/alle-producten\/"},{"@type":"ListItem","position":4,"name":"GL 60 Plus Gimbal Spotlight"}]},{"@type":"WebSite","@id":"https:\/\/koningdrone.be\/#website","url":"https:\/\/koningdrone.be\/","name":"Koningdrone.be - Votre sp\u00e9cialiste en ligne en mati\u00e8re de drones, de cardans, de cam\u00e9ras et de centrales \u00e9lectriques.","description":"La boutique en ligne de drones et de cardans","publisher":{"@id":"https:\/\/koningdrone.be\/#organization"},"potentialAction":[{"@type":"SearchAction","target":{"@type":"EntryPoint","urlTemplate":"https:\/\/koningdrone.be\/?s={search_term_string}"},"query-input":{"@type":"PropertyValueSpecification","valueRequired":true,"valueName":"search_term_string"}}],"inLanguage":"fr-BE"},{"@type":"Organization","@id":"https:\/\/koningdrone.be\/#organization","name":"Kingdrone.co.uk","url":"https:\/\/koningdrone.be\/","logo":{"@type":"ImageObject","inLanguage":"fr-BE","@id":"https:\/\/koningdrone.be\/#\/schema\/logo\/image\/","url":"https:\/\/koningdrone.be\/wp-content\/uploads\/sites\/13\/2025\/04\/koningdrone-copyright-logo.svg","contentUrl":"https:\/\/koningdrone.be\/wp-content\/uploads\/sites\/13\/2025\/04\/koningdrone-copyright-logo.svg","width":227,"height":38,"caption":"Koningdrone.be"},"image":{"@id":"https:\/\/koningdrone.be\/#\/schema\/logo\/image\/"}}]}},"df_price":2199.01,"df_sale_price":"","df_regular_price":2199.01,"df_image_link":"https:\/\/koningdrone.be\/wp-content\/uploads\/sites\/13\/2025\/04\/6972073120302-1-300x300.webp","_links":{"self":[{"href":"https:\/\/koningdrone.be\/fr\/wp-json\/wp\/v2\/product\/5266","targetHints":{"allow":["GET"]}}],"collection":[{"href":"https:\/\/koningdrone.be\/fr\/wp-json\/wp\/v2\/product"}],"about":[{"href":"https:\/\/koningdrone.be\/fr\/wp-json\/wp\/v2\/types\/product"}],"wp:featuredmedia":[{"embeddable":true,"href":"https:\/\/koningdrone.be\/fr\/wp-json\/wp\/v2\/media\/5261"}],"wp:attachment":[{"href":"https:\/\/koningdrone.be\/fr\/wp-json\/wp\/v2\/media?parent=5266"}],"wp:term":[{"taxonomy":"product_brand","embeddable":true,"href":"https:\/\/koningdrone.be\/fr\/wp-json\/wp\/v2\/product_brand?post=5266"},{"taxonomy":"product_cat","embeddable":true,"href":"https:\/\/koningdrone.be\/fr\/wp-json\/wp\/v2\/product_cat?post=5266"},{"taxonomy":"product_tag","embeddable":true,"href":"https:\/\/koningdrone.be\/fr\/wp-json\/wp\/v2\/product_tag?post=5266"}],"curies":[{"name":"wp","href":"https:\/\/api.w.org\/{rel}","templated":true}]}}