{"id":5260,"date":"2022-11-08T14:28:01","date_gmt":"2022-11-08T13:28:01","guid":{"rendered":"https:\/\/koningdrone.nl\/kon\/product\/dji-mavic-3-classic-incl-dji-rc-smart-controller\/"},"modified":"2026-04-29T13:40:02","modified_gmt":"2026-04-29T11:40:02","slug":"dji-mavic-3-classic-incl-dji-rc-smart-controller","status":"publish","type":"product","link":"https:\/\/koningdrone.be\/fr\/produit\/dji-mavic-3-classic-incl-dji-rc-smart-controller\/","title":{"rendered":"DJI Mavic 3 Classic - avec contr\u00f4leur DJI RC Smart"},"content":{"rendered":"<h1>DJI Mavic 3 Classic - avec contr\u00f4leur DJI RC Smart<\/h1>\n<p><strong>DJI MAVIC 3 CLASSIC AVEC SMART CONTROLLER<\/strong><br \/>Le DJI Mavic 3 Classic est l'un des meilleurs choix de la gamme DJI Mavic 3. Il s'agit d'un drone professionnel qui privil\u00e9gie la qualit\u00e9. Outre le Mavic 3 Classic, deux autres produits appartiennent \u00e0 la s\u00e9rie DJI Mavic 3. Le Mavic 3 et le Mavic 3 Cine. La s\u00e9rie Mavic 3 se concentre principalement sur des vols fluides et des images d'un niveau tr\u00e8s \u00e9lev\u00e9. Vous pouvez donc vous attendre \u00e0 des images tr\u00e8s nettes film\u00e9es depuis les airs, c'est garanti.<\/p>\n<p><strong>LES DIFF\u00c9RENCES ENTRE LES MOD\u00c8LES DJI MAVIC 3-SERIES<\/strong><br \/>Lorsque nous commen\u00e7ons \u00e0 mettre les produits c\u00f4te \u00e0 c\u00f4te pour les comparer, nous remarquons que le DJI Mavic 3 classic poss\u00e8de un appareil photo Hasselblad. Celui-ci est dot\u00e9 d'un capteur CMOS 4\/3 pouces de 20 m\u00e9gapixels et d'un objectif de 24 mm. Le DJI Mavic 3 dispose de la m\u00eame cam\u00e9ra, mais aussi d'un t\u00e9l\u00e9objectif d'une longueur focale de 162 mm. De plus, ce mod\u00e8le int\u00e8gre un verrouillage du cardan qui emp\u00eache la cam\u00e9ra et le cardan de trembler. Cela offre une s\u00e9curit\u00e9 suppl\u00e9mentaire d\u00e8s que vous transportez le drone. Le Mavic 3 Cine pr\u00e9sente l'avantage d'avoir encore plus de fonctionnalit\u00e9s. Par exemple, il int\u00e8gre un \u00e9norme SSD de 1 To, ce qui vous permet de b\u00e9n\u00e9ficier d'un stockage de donn\u00e9es ultra-rapide. De plus, il prend en charge diff\u00e9rents codecs, par exemple Apple ProRes 422 HQ, Apple ProRes 422 et Apple ProRes 422 LT.<\/p>\n<p><strong>Am\u00e9lioration de l'autofocus<\/strong><\/p>\n<p>Gr\u00e2ce au syst\u00e8me de mise au point automatique par d\u00e9tection de vision (VDAF), la vitesse de mise au point et la profondeur de champ sont optimis\u00e9es.<\/p>\n<p><strong>Zoomer \u00e0 la perfection<\/strong><\/p>\n<p>Nous avons d\u00e9j\u00e0 mentionn\u00e9 bri\u00e8vement qu'en plus de l'objectif grand angle, le Mavic 3 classic est \u00e9galement \u00e9quip\u00e9 d'un zoom t\u00e9l\u00e9objectif. Il s'agit d'un capteur CMOS 1\/2 pouce de 12 m\u00e9gapixels avec une longueur focale fixe de 162 mm. Il est possible de prendre des photos \u00e0 une ouverture fixe (f4.4). Les vid\u00e9os peuvent \u00eatre prises avec cet appareil en qualit\u00e9 4k 30fps.<\/p>\n<p><strong>Des dispositifs de s\u00e9curit\u00e9 am\u00e9lior\u00e9s et \u00e9tendus<\/strong><\/p>\n<p>Le Mavic 3 classic est \u00e9quip\u00e9 \u00e0 360 degr\u00e9s de capteurs d'obstacles omnidirectionnels, d'une fonction avanc\u00e9e de retour \u00e0 la maison (RTH) (le drone d\u00e9termine de lui-m\u00eame le chemin le plus efficace pour revenir) et d'une fonction de retour \u00e0 la maison en cas de batterie faible. En outre, le syst\u00e8me d'assistance au pilotage avanc\u00e9 (APAS 5.0) a \u00e9t\u00e9 encore am\u00e9lior\u00e9. M\u00eame \u00e0 grande vitesse, ce drone peut \u00e9viter les obstacles dans les environnements les plus complexes.<\/p>\n<p><strong>Nombreuses heures de vol<\/strong><\/p>\n<p>Le temps de vol du Mavic 3 classic est d'environ 45 minutes et il peut atteindre une vitesse maximale de 75 km\/h. Le Mavic 3 classic est plus rapide que son pr\u00e9d\u00e9cesseur, le Mavic 2, de 15 minutes. Cela repr\u00e9sente 15 minutes suppl\u00e9mentaires par rapport \u00e0 son pr\u00e9d\u00e9cesseur, le Mavic 2, et le drone vole 3 kilom\u00e8tres par heure plus vite que l'ancienne version. L'autonomie a \u00e9galement \u00e9t\u00e9 consid\u00e9rablement augment\u00e9e, passant de 6 kilom\u00e8tres \u00e0 plus de 15 kilom\u00e8tres !<\/p>\n<p><strong>Fonctionnalit\u00e9s photo\/vid\u00e9o am\u00e9lior\u00e9es<\/strong><\/p>\n<p>La fonction d'enregistrement hyperlapse vous permet d'acc\u00e9l\u00e9rer le temps et le mouvement d'une simple pression. La fonction panoramique de 100 m\u00e9gapixels vous permet de prendre des photos extr\u00eamement larges et d\u00e9taill\u00e9es.<\/p>\n<p><strong>Hyperlapse et panorama<\/strong><\/p>\n<p>D'une simple pression, vous acc\u00e9l\u00e9rez le temps et le mouvement pour prendre des photos hyperlapses saisissantes. Il est \u00e9galement possible de prendre des photos extr\u00eamement grandes et d\u00e9taill\u00e9es de votre environnement gr\u00e2ce \u00e0 la fonction panoramique de 100 m\u00e9gapixels. Mastershots est une fonction intelligente avanc\u00e9e qui vous permet de cr\u00e9er les plus belles vid\u00e9os de votre sujet favori en une seule pression. Il vous suffit de s\u00e9lectionner le sujet de votre choix sur votre \u00e9cran pour que le drone effectue 10 mouvements diff\u00e9rents. Ce faisant, le sujet reste au centre de l'image. Le tout est fusionn\u00e9 en un court film de compilation.<\/p>\n<p><strong>TOURNAGE AUTOMATIQUE ET INTELLIGENT AVEC DES PLANS D'ENSEMBLE<\/strong><br \/>Les drones de la s\u00e9rie DJI Mavic 3 sont dot\u00e9s d'une fonction tr\u00e8s int\u00e9ressante : MasterShots. Il s'agit d'une fonction intelligente qui vous permet de s\u00e9lectionner un sujet en cliquant sur un bouton. Le drone s'assure que l'objet reste au centre et prend une photo montrant dix mouvements diff\u00e9rents. Cela permet de cr\u00e9er une image cin\u00e9matographique.<\/p>","protected":false},"excerpt":{"rendered":"<ul>\n<li>Appareil photo Hasselblad 4\/3 CMOS<\/li>\n<li>Images professionnelles 5.1K\/50fps<\/li>\n<li>Solution Hasselblad pour les couleurs naturelles<\/li>\n<li>Dur\u00e9e de vol maximale de 46 minutes<\/li>\n<li>D\u00e9tection des obstacles dans toutes les directions<\/li>\n<li>Transmission vid\u00e9o HD sur 15 km<\/li>\n<li>RTH avanc\u00e9e<\/li>\n<li>Mode nuit pour l'enregistrement vid\u00e9o<\/li>\n<li>DJI RC (\u00e9cran HD de 5,5 pouces)<\/li>\n<\/ul>","protected":false},"featured_media":5253,"template":"","meta":{"_acf_changed":false},"product_brand":[],"product_cat":[135,97,136,137,99],"product_tag":[],"class_list":{"0":"post-5260","1":"product","2":"type-product","3":"status-publish","4":"has-post-thumbnail","6":"product_cat-alle-drones","7":"product_cat-alle-producten","8":"product_cat-consumer-drones","9":"product_cat-dji-mavic-3","10":"product_cat-drones-met-certificaat","11":"product_shipping_class-outofstock","12":"pa_brand-dji","13":"pa_dronegrade-consumer","14":"pa_productfamily-drone","15":"pa_producttype-drone","16":"pa_series-mavic-3","18":"first","19":"outofstock","20":"taxable","21":"shipping-taxable","22":"product-type-simple"},"acf":[],"yoast_head":"<!-- This site is optimized with the Yoast SEO Premium plugin v27.2 (Yoast SEO v27.2) - https:\/\/yoast.com\/product\/yoast-seo-premium-wordpress\/ -->\n<title>DJI Mavic 3 Classic - incl. DJI RC Smart Controller - koningdrone.be<\/title>\n<meta name=\"robots\" content=\"index, follow, max-snippet:-1, max-image-preview:large, max-video-preview:-1\" \/>\n<link rel=\"canonical\" href=\"https:\/\/koningdrone.be\/fr\/produit\/dji-mavic-3-classic-incl-dji-rc-smart-controller\/\" \/>\n<meta property=\"og:locale\" content=\"fr_FR\" \/>\n<meta property=\"og:type\" content=\"article\" \/>\n<meta property=\"og:title\" content=\"DJI Mavic 3 Classic - incl. DJI RC Smart Controller\" \/>\n<meta property=\"og:description\" content=\"4\/3 CMOS Hasselblad-camera5.1K\/50fps professionele beeldenHasselblad natuurlijke kleurenoplossing46-minuten maximale vliegtijdObstakeldetectie in alle richtingen15km HD video transmissieGeavanceerde RTHNachtmodus voor video-opnameDJI RC (5,5-inch HD-scherm)\" \/>\n<meta property=\"og:url\" content=\"https:\/\/koningdrone.be\/fr\/produit\/dji-mavic-3-classic-incl-dji-rc-smart-controller\/\" \/>\n<meta property=\"og:site_name\" content=\"koningdrone.be\" \/>\n<meta property=\"article:modified_time\" content=\"2026-04-29T11:40:02+00:00\" \/>\n<meta property=\"og:image\" content=\"https:\/\/koningdrone.be\/wp-content\/uploads\/sites\/13\/2025\/04\/4.png\" \/>\n\t<meta property=\"og:image:width\" content=\"800\" \/>\n\t<meta property=\"og:image:height\" content=\"450\" \/>\n\t<meta property=\"og:image:type\" content=\"image\/png\" \/>\n<meta name=\"twitter:card\" content=\"summary_large_image\" \/>\n<meta name=\"twitter:label1\" content=\"Dur\u00e9e de lecture est.\" \/>\n\t<meta name=\"twitter:data1\" content=\"3 minutes\" \/>\n<script type=\"application\/ld+json\" class=\"yoast-schema-graph\">{\"@context\":\"https:\/\/schema.org\",\"@graph\":[{\"@type\":\"WebPage\",\"@id\":\"https:\/\/koningdrone.be\/product\/dji-mavic-3-classic-incl-dji-rc-smart-controller\/\",\"url\":\"https:\/\/koningdrone.be\/product\/dji-mavic-3-classic-incl-dji-rc-smart-controller\/\",\"name\":\"DJI Mavic 3 Classic - incl. DJI RC Smart Controller - koningdrone.be\",\"isPartOf\":{\"@id\":\"https:\/\/koningdrone.be\/#website\"},\"primaryImageOfPage\":{\"@id\":\"https:\/\/koningdrone.be\/product\/dji-mavic-3-classic-incl-dji-rc-smart-controller\/#primaryimage\"},\"image\":{\"@id\":\"https:\/\/koningdrone.be\/product\/dji-mavic-3-classic-incl-dji-rc-smart-controller\/#primaryimage\"},\"thumbnailUrl\":\"https:\/\/koningdrone.be\/wp-content\/uploads\/sites\/13\/2025\/04\/4.png\",\"datePublished\":\"2022-11-08T13:28:01+00:00\",\"dateModified\":\"2026-04-29T11:40:02+00:00\",\"breadcrumb\":{\"@id\":\"https:\/\/koningdrone.be\/product\/dji-mavic-3-classic-incl-dji-rc-smart-controller\/#breadcrumb\"},\"inLanguage\":\"fr-BE\",\"potentialAction\":[{\"@type\":\"ReadAction\",\"target\":[\"https:\/\/koningdrone.be\/product\/dji-mavic-3-classic-incl-dji-rc-smart-controller\/\"]}]},{\"@type\":\"ImageObject\",\"inLanguage\":\"fr-BE\",\"@id\":\"https:\/\/koningdrone.be\/product\/dji-mavic-3-classic-incl-dji-rc-smart-controller\/#primaryimage\",\"url\":\"https:\/\/koningdrone.be\/wp-content\/uploads\/sites\/13\/2025\/04\/4.png\",\"contentUrl\":\"https:\/\/koningdrone.be\/wp-content\/uploads\/sites\/13\/2025\/04\/4.png\",\"width\":800,\"height\":450},{\"@type\":\"BreadcrumbList\",\"@id\":\"https:\/\/koningdrone.be\/product\/dji-mavic-3-classic-incl-dji-rc-smart-controller\/#breadcrumb\",\"itemListElement\":[{\"@type\":\"ListItem\",\"position\":1,\"name\":\"Home\",\"item\":\"https:\/\/koningdrone.be\/\"},{\"@type\":\"ListItem\",\"position\":2,\"name\":\"AVSS Parachute Recovery System for DJI Matrice 300\/350\",\"item\":\"https:\/\/koningdrone.be\/product\/avss-parachute-recovery-system-for-dji-matrice-300-350\/\"},{\"@type\":\"ListItem\",\"position\":3,\"name\":\"Alle drones\",\"item\":\"https:\/\/koningdrone.be\/categorie\/alle-drones\/\"},{\"@type\":\"ListItem\",\"position\":4,\"name\":\"DJI Mavic 3 Classic &#8211; incl. DJI RC Smart Controller\"}]},{\"@type\":\"WebSite\",\"@id\":\"https:\/\/koningdrone.be\/#website\",\"url\":\"https:\/\/koningdrone.be\/\",\"name\":\"Koningdrone.be - Uw online specialist in drones, gimbals, camera's en power stations.\",\"description\":\"De webshop in drones en gimbals\",\"publisher\":{\"@id\":\"https:\/\/koningdrone.be\/#organization\"},\"potentialAction\":[{\"@type\":\"SearchAction\",\"target\":{\"@type\":\"EntryPoint\",\"urlTemplate\":\"https:\/\/koningdrone.be\/?s={search_term_string}\"},\"query-input\":{\"@type\":\"PropertyValueSpecification\",\"valueRequired\":true,\"valueName\":\"search_term_string\"}}],\"inLanguage\":\"fr-BE\"},{\"@type\":\"Organization\",\"@id\":\"https:\/\/koningdrone.be\/#organization\",\"name\":\"Koningdrone.be\",\"url\":\"https:\/\/koningdrone.be\/\",\"logo\":{\"@type\":\"ImageObject\",\"inLanguage\":\"fr-BE\",\"@id\":\"https:\/\/koningdrone.be\/#\/schema\/logo\/image\/\",\"url\":\"https:\/\/koningdrone.be\/wp-content\/uploads\/sites\/13\/2025\/04\/koningdrone-copyright-logo.svg\",\"contentUrl\":\"https:\/\/koningdrone.be\/wp-content\/uploads\/sites\/13\/2025\/04\/koningdrone-copyright-logo.svg\",\"width\":227,\"height\":38,\"caption\":\"Koningdrone.be\"},\"image\":{\"@id\":\"https:\/\/koningdrone.be\/#\/schema\/logo\/image\/\"}}]}<\/script>\n<!-- \/ Yoast SEO Premium plugin. -->","yoast_head_json":{"title":"DJI Mavic 3 Classic - incl. DJI RC Smart Controller - koningdrone.be","robots":{"index":"index","follow":"follow","max-snippet":"max-snippet:-1","max-image-preview":"max-image-preview:large","max-video-preview":"max-video-preview:-1"},"canonical":"https:\/\/koningdrone.be\/fr\/produit\/dji-mavic-3-classic-incl-dji-rc-smart-controller\/","og_locale":"fr_FR","og_type":"article","og_title":"DJI Mavic 3 Classic - incl. DJI RC Smart Controller","og_description":"4\/3 CMOS Hasselblad-camera5.1K\/50fps professionele beeldenHasselblad natuurlijke kleurenoplossing46-minuten maximale vliegtijdObstakeldetectie in alle richtingen15km HD video transmissieGeavanceerde RTHNachtmodus voor video-opnameDJI RC (5,5-inch HD-scherm)","og_url":"https:\/\/koningdrone.be\/fr\/produit\/dji-mavic-3-classic-incl-dji-rc-smart-controller\/","og_site_name":"koningdrone.be","article_modified_time":"2026-04-29T11:40:02+00:00","og_image":[{"width":800,"height":450,"url":"https:\/\/koningdrone.be\/wp-content\/uploads\/sites\/13\/2025\/04\/4.png","type":"image\/png"}],"twitter_card":"summary_large_image","twitter_misc":{"Dur\u00e9e de lecture est.":"3 minutes"},"schema":{"@context":"https:\/\/schema.org","@graph":[{"@type":"WebPage","@id":"https:\/\/koningdrone.be\/product\/dji-mavic-3-classic-incl-dji-rc-smart-controller\/","url":"https:\/\/koningdrone.be\/product\/dji-mavic-3-classic-incl-dji-rc-smart-controller\/","name":"DJI Mavic 3 Classic - incl. DJI RC Smart Controller - koningdrone.be","isPartOf":{"@id":"https:\/\/koningdrone.be\/#website"},"primaryImageOfPage":{"@id":"https:\/\/koningdrone.be\/product\/dji-mavic-3-classic-incl-dji-rc-smart-controller\/#primaryimage"},"image":{"@id":"https:\/\/koningdrone.be\/product\/dji-mavic-3-classic-incl-dji-rc-smart-controller\/#primaryimage"},"thumbnailUrl":"https:\/\/koningdrone.be\/wp-content\/uploads\/sites\/13\/2025\/04\/4.png","datePublished":"2022-11-08T13:28:01+00:00","dateModified":"2026-04-29T11:40:02+00:00","breadcrumb":{"@id":"https:\/\/koningdrone.be\/product\/dji-mavic-3-classic-incl-dji-rc-smart-controller\/#breadcrumb"},"inLanguage":"fr-BE","potentialAction":[{"@type":"ReadAction","target":["https:\/\/koningdrone.be\/product\/dji-mavic-3-classic-incl-dji-rc-smart-controller\/"]}]},{"@type":"ImageObject","inLanguage":"fr-BE","@id":"https:\/\/koningdrone.be\/product\/dji-mavic-3-classic-incl-dji-rc-smart-controller\/#primaryimage","url":"https:\/\/koningdrone.be\/wp-content\/uploads\/sites\/13\/2025\/04\/4.png","contentUrl":"https:\/\/koningdrone.be\/wp-content\/uploads\/sites\/13\/2025\/04\/4.png","width":800,"height":450},{"@type":"BreadcrumbList","@id":"https:\/\/koningdrone.be\/product\/dji-mavic-3-classic-incl-dji-rc-smart-controller\/#breadcrumb","itemListElement":[{"@type":"ListItem","position":1,"name":"Home","item":"https:\/\/koningdrone.be\/"},{"@type":"ListItem","position":2,"name":"AVSS Parachute Recovery System for DJI Matrice 300\/350","item":"https:\/\/koningdrone.be\/product\/avss-parachute-recovery-system-for-dji-matrice-300-350\/"},{"@type":"ListItem","position":3,"name":"Alle drones","item":"https:\/\/koningdrone.be\/categorie\/alle-drones\/"},{"@type":"ListItem","position":4,"name":"DJI Mavic 3 Classic &#8211; incl. DJI RC Smart Controller"}]},{"@type":"WebSite","@id":"https:\/\/koningdrone.be\/#website","url":"https:\/\/koningdrone.be\/","name":"Koningdrone.be - Votre sp\u00e9cialiste en ligne en mati\u00e8re de drones, de cardans, de cam\u00e9ras et de centrales \u00e9lectriques.","description":"La boutique en ligne de drones et de cardans","publisher":{"@id":"https:\/\/koningdrone.be\/#organization"},"potentialAction":[{"@type":"SearchAction","target":{"@type":"EntryPoint","urlTemplate":"https:\/\/koningdrone.be\/?s={search_term_string}"},"query-input":{"@type":"PropertyValueSpecification","valueRequired":true,"valueName":"search_term_string"}}],"inLanguage":"fr-BE"},{"@type":"Organization","@id":"https:\/\/koningdrone.be\/#organization","name":"Kingdrone.co.uk","url":"https:\/\/koningdrone.be\/","logo":{"@type":"ImageObject","inLanguage":"fr-BE","@id":"https:\/\/koningdrone.be\/#\/schema\/logo\/image\/","url":"https:\/\/koningdrone.be\/wp-content\/uploads\/sites\/13\/2025\/04\/koningdrone-copyright-logo.svg","contentUrl":"https:\/\/koningdrone.be\/wp-content\/uploads\/sites\/13\/2025\/04\/koningdrone-copyright-logo.svg","width":227,"height":38,"caption":"Koningdrone.be"},"image":{"@id":"https:\/\/koningdrone.be\/#\/schema\/logo\/image\/"}}]}},"df_price":"","df_sale_price":"","df_regular_price":"","df_image_link":"https:\/\/koningdrone.be\/wp-content\/uploads\/sites\/13\/2025\/04\/4-300x169.png","_links":{"self":[{"href":"https:\/\/koningdrone.be\/fr\/wp-json\/wp\/v2\/product\/5260","targetHints":{"allow":["GET"]}}],"collection":[{"href":"https:\/\/koningdrone.be\/fr\/wp-json\/wp\/v2\/product"}],"about":[{"href":"https:\/\/koningdrone.be\/fr\/wp-json\/wp\/v2\/types\/product"}],"wp:featuredmedia":[{"embeddable":true,"href":"https:\/\/koningdrone.be\/fr\/wp-json\/wp\/v2\/media\/5253"}],"wp:attachment":[{"href":"https:\/\/koningdrone.be\/fr\/wp-json\/wp\/v2\/media?parent=5260"}],"wp:term":[{"taxonomy":"product_brand","embeddable":true,"href":"https:\/\/koningdrone.be\/fr\/wp-json\/wp\/v2\/product_brand?post=5260"},{"taxonomy":"product_cat","embeddable":true,"href":"https:\/\/koningdrone.be\/fr\/wp-json\/wp\/v2\/product_cat?post=5260"},{"taxonomy":"product_tag","embeddable":true,"href":"https:\/\/koningdrone.be\/fr\/wp-json\/wp\/v2\/product_tag?post=5260"}],"curies":[{"name":"wp","href":"https:\/\/api.w.org\/{rel}","templated":true}]}}