{"id":5239,"date":"2022-11-13T10:35:41","date_gmt":"2022-11-13T09:35:41","guid":{"rendered":"https:\/\/koningdrone.nl\/kon\/product\/jackery-explorer-2000-pro\/"},"modified":"2026-04-29T14:40:55","modified_gmt":"2026-04-29T12:40:55","slug":"jackery-explorer-2000-pro","status":"publish","type":"product","link":"https:\/\/koningdrone.be\/fr\/produit\/jackery-explorer-2000-pro\/","title":{"rendered":"Jackery EXPLORER 2000 Pro"},"content":{"rendered":"<p>L'Explorer 2000 Pro est un powerbank portable de haute qualit\u00e9, id\u00e9al pour les voyages, le camping, le jardin ou comme alimentation de secours \u00e0 la maison. La batterie lithium-ion fournit une grande puissance avec 2 prises de courant 230V\/2200W (puissance de cr\u00eate 4400W), 2 connecteurs USB-A, 1 connecteur QC 3.0, 2 connecteurs USB-C PD et un connecteur de voiture 12V. Il est facile \u00e0 charger via des panneaux solaires (vendus s\u00e9par\u00e9ment), un adaptateur de courant ou dans la voiture. Par rapport aux g\u00e9n\u00e9rateurs traditionnels, la Jackery Powerstation est plus respectueuse de l'environnement et ne n\u00e9cessite pas d'essence ou d'autre carburant. Un r\u00e9gulateur de charge solaire int\u00e9gr\u00e9 dot\u00e9 de la technologie MPPT permet d'obtenir une efficacit\u00e9 de charge maximale, et un syst\u00e8me de gestion de la batterie BMS assure une protection contre la surchauffe et les courts-circuits.<\/p>\n<p><strong>Sp\u00e9cifications techniques<\/strong><\/p>\n<p>- Tension de fonctionnement : 230 V~, 50 Hz<br \/>\n- Puissance : maximum 4400W<br \/>\n- Capacit\u00e9 : 2160Wh (50Ah, 43.2V)<br \/>\n- Type de batterie : lithium-ion<br \/>\n- Sorties : 2x prise de courant, 2x USB-A, 1x connecteur voiture, 2x USB-C PD 1x QC 3.0<br \/>\n- Entr\u00e9es : AC 1800W, solaire 1400W, connexion voiture 12V\/8A max.<br \/>\n- Temps de charge : environ 2 heures (courant alternatif)<br \/>\n- Temp\u00e9rature de fonctionnement : -10...+40 \u00b0C<br \/>\n- Poids : 19,5 kg<br \/>\n- Dimensions : 383x269x307.5mm<\/p>\n<p>&nbsp;<\/p>","protected":false},"excerpt":{"rendered":"<ul>\n<li>Compagnon de voyage id\u00e9al<\/li>\n<li>Installation pr\u00eate \u00e0 l'emploi sans \u00e9lectricien.<\/li>\n<li>Une alimentation \u00e9lectrique fiable \u00e0 tout moment<\/li>\n<li>Puissance de 2200W<\/li>\n<li>Batterie au lithium de 2160 Wh (50 Ah)<\/li>\n<li>Sorties AC \u00e0 onde sinuso\u00efdale pure (2x)<\/li>\n<li>Prise de voiture 12 V, 2x USB-A, 1x QC 3.0, 2x connecteur PD USB-C<\/li>\n<li>\u00c9cran LCD intelligent indiquant la puissance d'entr\u00e9e, la puissance de sortie et la charge restante de la batterie<\/li>\n<li>Grande capacit\u00e9 et petite taille<\/li>\n<li>3 modes de chargement - prise murale, prise de voiture, \u00e9nergie solaire<\/li>\n<li>Torche LED avec mode SOS<\/li>\n<li>L'adaptateur CA se charge en 2 heures environ<\/li>\n<li>Cette centrale portable ne n\u00e9cessite pas d'essence ou d'autre combustible, ce qui la rend tr\u00e8s silencieuse et discr\u00e8te.<\/li>\n<\/ul>","protected":false},"featured_media":5232,"template":"","meta":{"_acf_changed":false},"product_brand":[],"product_cat":[454,97,415,475,476],"product_tag":[],"class_list":{"0":"post-5239","1":"product","2":"type-product","3":"status-publish","4":"has-post-thumbnail","6":"product_cat-alle-powerstations","7":"product_cat-alle-producten","8":"product_cat-energy","9":"product_cat-jackery","10":"product_cat-jackery-powerstations","11":"product_shipping_class-outofstock","12":"pa_brand-jackery","13":"pa_capaciteit-2501-wh-en-meer","14":"pa_productfamily-power-station","15":"pa_producttype-power-station","16":"pa_series-explorer","17":"pa_type-batterij-li-ion-nmc","19":"first","20":"outofstock","21":"taxable","22":"shipping-taxable","23":"product-type-simple"},"acf":[],"yoast_head":"<!-- This site is optimized with the Yoast SEO Premium plugin v27.2 (Yoast SEO v27.2) - https:\/\/yoast.com\/product\/yoast-seo-premium-wordpress\/ -->\n<title>Jackery EXPLORER 2000 Pro - koningdrone.be<\/title>\n<meta name=\"robots\" content=\"index, follow, max-snippet:-1, max-image-preview:large, max-video-preview:-1\" \/>\n<link rel=\"canonical\" href=\"https:\/\/koningdrone.be\/fr\/produit\/jackery-explorer-2000-pro\/\" \/>\n<meta property=\"og:locale\" content=\"fr_FR\" \/>\n<meta property=\"og:type\" content=\"article\" \/>\n<meta property=\"og:title\" content=\"Jackery EXPLORER 2000 Pro\" \/>\n<meta property=\"og:description\" content=\"Ideale reisgenoot  Plug and play installatie zonder elektricien.  Altijd betrouwbare stroomvoorziening  2200W vermogen  Lithiumbatterij met 2160 Wh (50 Ah)  Pure sinusgolf AC-uitgangen (2x)  12 V autostekker, 2x USB-A, 1x QC 3.0, 2x USB-C PD-stekker  Slim LCD-scherm om het ingangsvermogen, het uitgangsvermogen en het resterende batterijvermogen weer te geven  Grote capaciteit met klein formaat  3 oplaadmodi - stopcontact, auto-stopcontact, zonne-energie  LED-zaklamp met SOS-modus  AC-adapter opgeladen in ongeveer 2 uur  De draagbare krachtcentrale heeft geen benzine of andere brandstof nodig en is daardoor superstil en onopvallend.\" \/>\n<meta property=\"og:url\" content=\"https:\/\/koningdrone.be\/fr\/produit\/jackery-explorer-2000-pro\/\" \/>\n<meta property=\"og:site_name\" content=\"koningdrone.be\" \/>\n<meta property=\"article:modified_time\" content=\"2026-04-29T12:40:55+00:00\" \/>\n<meta property=\"og:image\" content=\"https:\/\/koningdrone.be\/wp-content\/uploads\/sites\/13\/2025\/04\/190074000096-1.png\" \/>\n\t<meta property=\"og:image:width\" content=\"800\" \/>\n\t<meta property=\"og:image:height\" content=\"800\" \/>\n\t<meta property=\"og:image:type\" content=\"image\/png\" \/>\n<meta name=\"twitter:card\" content=\"summary_large_image\" \/>\n<meta name=\"twitter:label1\" content=\"Dur\u00e9e de lecture est.\" \/>\n\t<meta name=\"twitter:data1\" content=\"1 minute\" \/>\n<script type=\"application\/ld+json\" class=\"yoast-schema-graph\">{\"@context\":\"https:\/\/schema.org\",\"@graph\":[{\"@type\":\"WebPage\",\"@id\":\"https:\/\/koningdrone.be\/product\/jackery-explorer-2000-pro\/\",\"url\":\"https:\/\/koningdrone.be\/product\/jackery-explorer-2000-pro\/\",\"name\":\"Jackery EXPLORER 2000 Pro - koningdrone.be\",\"isPartOf\":{\"@id\":\"https:\/\/koningdrone.be\/#website\"},\"primaryImageOfPage\":{\"@id\":\"https:\/\/koningdrone.be\/product\/jackery-explorer-2000-pro\/#primaryimage\"},\"image\":{\"@id\":\"https:\/\/koningdrone.be\/product\/jackery-explorer-2000-pro\/#primaryimage\"},\"thumbnailUrl\":\"https:\/\/koningdrone.be\/wp-content\/uploads\/sites\/13\/2025\/04\/190074000096-1.png\",\"datePublished\":\"2022-11-13T09:35:41+00:00\",\"dateModified\":\"2026-04-29T12:40:55+00:00\",\"breadcrumb\":{\"@id\":\"https:\/\/koningdrone.be\/product\/jackery-explorer-2000-pro\/#breadcrumb\"},\"inLanguage\":\"fr-BE\",\"potentialAction\":[{\"@type\":\"ReadAction\",\"target\":[\"https:\/\/koningdrone.be\/product\/jackery-explorer-2000-pro\/\"]}]},{\"@type\":\"ImageObject\",\"inLanguage\":\"fr-BE\",\"@id\":\"https:\/\/koningdrone.be\/product\/jackery-explorer-2000-pro\/#primaryimage\",\"url\":\"https:\/\/koningdrone.be\/wp-content\/uploads\/sites\/13\/2025\/04\/190074000096-1.png\",\"contentUrl\":\"https:\/\/koningdrone.be\/wp-content\/uploads\/sites\/13\/2025\/04\/190074000096-1.png\",\"width\":800,\"height\":800},{\"@type\":\"BreadcrumbList\",\"@id\":\"https:\/\/koningdrone.be\/product\/jackery-explorer-2000-pro\/#breadcrumb\",\"itemListElement\":[{\"@type\":\"ListItem\",\"position\":1,\"name\":\"Home\",\"item\":\"https:\/\/koningdrone.be\/\"},{\"@type\":\"ListItem\",\"position\":2,\"name\":\"AVSS Parachute Recovery System for DJI Matrice 300\/350\",\"item\":\"https:\/\/koningdrone.be\/product\/avss-parachute-recovery-system-for-dji-matrice-300-350\/\"},{\"@type\":\"ListItem\",\"position\":3,\"name\":\"Alle powerstations\",\"item\":\"https:\/\/koningdrone.be\/categorie\/alle-powerstations\/\"},{\"@type\":\"ListItem\",\"position\":4,\"name\":\"Jackery EXPLORER 2000 Pro\"}]},{\"@type\":\"WebSite\",\"@id\":\"https:\/\/koningdrone.be\/#website\",\"url\":\"https:\/\/koningdrone.be\/\",\"name\":\"Koningdrone.be - Uw online specialist in drones, gimbals, camera's en power stations.\",\"description\":\"De webshop in drones en gimbals\",\"publisher\":{\"@id\":\"https:\/\/koningdrone.be\/#organization\"},\"potentialAction\":[{\"@type\":\"SearchAction\",\"target\":{\"@type\":\"EntryPoint\",\"urlTemplate\":\"https:\/\/koningdrone.be\/?s={search_term_string}\"},\"query-input\":{\"@type\":\"PropertyValueSpecification\",\"valueRequired\":true,\"valueName\":\"search_term_string\"}}],\"inLanguage\":\"fr-BE\"},{\"@type\":\"Organization\",\"@id\":\"https:\/\/koningdrone.be\/#organization\",\"name\":\"Koningdrone.be\",\"url\":\"https:\/\/koningdrone.be\/\",\"logo\":{\"@type\":\"ImageObject\",\"inLanguage\":\"fr-BE\",\"@id\":\"https:\/\/koningdrone.be\/#\/schema\/logo\/image\/\",\"url\":\"https:\/\/koningdrone.be\/wp-content\/uploads\/sites\/13\/2025\/04\/koningdrone-copyright-logo.svg\",\"contentUrl\":\"https:\/\/koningdrone.be\/wp-content\/uploads\/sites\/13\/2025\/04\/koningdrone-copyright-logo.svg\",\"width\":227,\"height\":38,\"caption\":\"Koningdrone.be\"},\"image\":{\"@id\":\"https:\/\/koningdrone.be\/#\/schema\/logo\/image\/\"}}]}<\/script>\n<!-- \/ Yoast SEO Premium plugin. -->","yoast_head_json":{"title":"Jackery EXPLORER 2000 Pro - koningdrone.be","robots":{"index":"index","follow":"follow","max-snippet":"max-snippet:-1","max-image-preview":"max-image-preview:large","max-video-preview":"max-video-preview:-1"},"canonical":"https:\/\/koningdrone.be\/fr\/produit\/jackery-explorer-2000-pro\/","og_locale":"fr_FR","og_type":"article","og_title":"Jackery EXPLORER 2000 Pro","og_description":"Ideale reisgenoot  Plug and play installatie zonder elektricien.  Altijd betrouwbare stroomvoorziening  2200W vermogen  Lithiumbatterij met 2160 Wh (50 Ah)  Pure sinusgolf AC-uitgangen (2x)  12 V autostekker, 2x USB-A, 1x QC 3.0, 2x USB-C PD-stekker  Slim LCD-scherm om het ingangsvermogen, het uitgangsvermogen en het resterende batterijvermogen weer te geven  Grote capaciteit met klein formaat  3 oplaadmodi - stopcontact, auto-stopcontact, zonne-energie  LED-zaklamp met SOS-modus  AC-adapter opgeladen in ongeveer 2 uur  De draagbare krachtcentrale heeft geen benzine of andere brandstof nodig en is daardoor superstil en onopvallend.","og_url":"https:\/\/koningdrone.be\/fr\/produit\/jackery-explorer-2000-pro\/","og_site_name":"koningdrone.be","article_modified_time":"2026-04-29T12:40:55+00:00","og_image":[{"width":800,"height":800,"url":"https:\/\/koningdrone.be\/wp-content\/uploads\/sites\/13\/2025\/04\/190074000096-1.png","type":"image\/png"}],"twitter_card":"summary_large_image","twitter_misc":{"Dur\u00e9e de lecture est.":"1 minute"},"schema":{"@context":"https:\/\/schema.org","@graph":[{"@type":"WebPage","@id":"https:\/\/koningdrone.be\/product\/jackery-explorer-2000-pro\/","url":"https:\/\/koningdrone.be\/product\/jackery-explorer-2000-pro\/","name":"Jackery EXPLORER 2000 Pro - koningdrone.be","isPartOf":{"@id":"https:\/\/koningdrone.be\/#website"},"primaryImageOfPage":{"@id":"https:\/\/koningdrone.be\/product\/jackery-explorer-2000-pro\/#primaryimage"},"image":{"@id":"https:\/\/koningdrone.be\/product\/jackery-explorer-2000-pro\/#primaryimage"},"thumbnailUrl":"https:\/\/koningdrone.be\/wp-content\/uploads\/sites\/13\/2025\/04\/190074000096-1.png","datePublished":"2022-11-13T09:35:41+00:00","dateModified":"2026-04-29T12:40:55+00:00","breadcrumb":{"@id":"https:\/\/koningdrone.be\/product\/jackery-explorer-2000-pro\/#breadcrumb"},"inLanguage":"fr-BE","potentialAction":[{"@type":"ReadAction","target":["https:\/\/koningdrone.be\/product\/jackery-explorer-2000-pro\/"]}]},{"@type":"ImageObject","inLanguage":"fr-BE","@id":"https:\/\/koningdrone.be\/product\/jackery-explorer-2000-pro\/#primaryimage","url":"https:\/\/koningdrone.be\/wp-content\/uploads\/sites\/13\/2025\/04\/190074000096-1.png","contentUrl":"https:\/\/koningdrone.be\/wp-content\/uploads\/sites\/13\/2025\/04\/190074000096-1.png","width":800,"height":800},{"@type":"BreadcrumbList","@id":"https:\/\/koningdrone.be\/product\/jackery-explorer-2000-pro\/#breadcrumb","itemListElement":[{"@type":"ListItem","position":1,"name":"Home","item":"https:\/\/koningdrone.be\/"},{"@type":"ListItem","position":2,"name":"AVSS Parachute Recovery System for DJI Matrice 300\/350","item":"https:\/\/koningdrone.be\/product\/avss-parachute-recovery-system-for-dji-matrice-300-350\/"},{"@type":"ListItem","position":3,"name":"Alle powerstations","item":"https:\/\/koningdrone.be\/categorie\/alle-powerstations\/"},{"@type":"ListItem","position":4,"name":"Jackery EXPLORER 2000 Pro"}]},{"@type":"WebSite","@id":"https:\/\/koningdrone.be\/#website","url":"https:\/\/koningdrone.be\/","name":"Koningdrone.be - Votre sp\u00e9cialiste en ligne en mati\u00e8re de drones, de cardans, de cam\u00e9ras et de centrales \u00e9lectriques.","description":"La boutique en ligne de drones et de cardans","publisher":{"@id":"https:\/\/koningdrone.be\/#organization"},"potentialAction":[{"@type":"SearchAction","target":{"@type":"EntryPoint","urlTemplate":"https:\/\/koningdrone.be\/?s={search_term_string}"},"query-input":{"@type":"PropertyValueSpecification","valueRequired":true,"valueName":"search_term_string"}}],"inLanguage":"fr-BE"},{"@type":"Organization","@id":"https:\/\/koningdrone.be\/#organization","name":"Kingdrone.co.uk","url":"https:\/\/koningdrone.be\/","logo":{"@type":"ImageObject","inLanguage":"fr-BE","@id":"https:\/\/koningdrone.be\/#\/schema\/logo\/image\/","url":"https:\/\/koningdrone.be\/wp-content\/uploads\/sites\/13\/2025\/04\/koningdrone-copyright-logo.svg","contentUrl":"https:\/\/koningdrone.be\/wp-content\/uploads\/sites\/13\/2025\/04\/koningdrone-copyright-logo.svg","width":227,"height":38,"caption":"Koningdrone.be"},"image":{"@id":"https:\/\/koningdrone.be\/#\/schema\/logo\/image\/"}}]}},"df_price":"","df_sale_price":"","df_regular_price":"","df_image_link":"https:\/\/koningdrone.be\/wp-content\/uploads\/sites\/13\/2025\/04\/190074000096-1-300x300.png","_links":{"self":[{"href":"https:\/\/koningdrone.be\/fr\/wp-json\/wp\/v2\/product\/5239","targetHints":{"allow":["GET"]}}],"collection":[{"href":"https:\/\/koningdrone.be\/fr\/wp-json\/wp\/v2\/product"}],"about":[{"href":"https:\/\/koningdrone.be\/fr\/wp-json\/wp\/v2\/types\/product"}],"wp:featuredmedia":[{"embeddable":true,"href":"https:\/\/koningdrone.be\/fr\/wp-json\/wp\/v2\/media\/5232"}],"wp:attachment":[{"href":"https:\/\/koningdrone.be\/fr\/wp-json\/wp\/v2\/media?parent=5239"}],"wp:term":[{"taxonomy":"product_brand","embeddable":true,"href":"https:\/\/koningdrone.be\/fr\/wp-json\/wp\/v2\/product_brand?post=5239"},{"taxonomy":"product_cat","embeddable":true,"href":"https:\/\/koningdrone.be\/fr\/wp-json\/wp\/v2\/product_cat?post=5239"},{"taxonomy":"product_tag","embeddable":true,"href":"https:\/\/koningdrone.be\/fr\/wp-json\/wp\/v2\/product_tag?post=5239"}],"curies":[{"name":"wp","href":"https:\/\/api.w.org\/{rel}","templated":true}]}}