{"id":5226,"date":"2022-11-13T10:35:41","date_gmt":"2022-11-13T09:35:41","guid":{"rendered":"https:\/\/koningdrone.nl\/kon\/product\/jackery-explorer-500-combo\/"},"modified":"2025-05-20T14:36:33","modified_gmt":"2025-05-20T12:36:33","slug":"jackery-explorer-500-combo","status":"publish","type":"product","link":"https:\/\/koningdrone.be\/fr\/produit\/jackery-explorer-500-combo\/","title":{"rendered":"Jackery Explorer 500 Combo"},"content":{"rendered":"<p><strong>Description du produit Jackery Explorer 500 Combo<\/strong><\/p>\n<p>Le combo Jackery Explorer 500 est un ensemble de 3 produits : le Jackery Explorer 500, un sac assorti et un panneau solaire pour la recharge. Avec une capacit\u00e9 de 518Wh, l'Explorer 500 est plus grand que le Jackery Explorer 240 et offre une dur\u00e9e d'utilisation deux fois plus longue. Avec une puissance de 500 W, la plupart des appareils tels que les t\u00e9l\u00e9phones, les tablettes et les ordinateurs portables peuvent \u00eatre recharg\u00e9s \u00e0 l'aide de l'\u00e9nergie solaire, de l'alimentation 12 V de la voiture, de l'alimentation secteur et m\u00eame d'un g\u00e9n\u00e9rateur \u00e9lectrique. Attention toutefois \u00e0 la puissance des appareils \u00e0 utiliser, comme une bouilloire qui n\u00e9cessite plus de 1000 watts.<\/p>\n<p><strong>Panneau solaire Jackery SolarSaga 100W<\/strong><\/p>\n<p>Le panneau solaire Jackery SolarSaga 100W offre une efficacit\u00e9 de conversion \u00e9lev\u00e9e jusqu'\u00e0 23%, ce qui le rend id\u00e9al pour les activit\u00e9s de plein air et les situations d'urgence. Le panneau solaire est pliable, l\u00e9ger et portable, ce qui le rend facile \u00e0 transporter. M\u00eame sans centrale \u00e9lectrique, les panneaux solaires Jackery peuvent \u00eatre utilis\u00e9s s\u00e9par\u00e9ment, ce qui permet de recharger facilement des appareils en voyage.<\/p>\n<p><strong>Options de chargement Explorer 500<\/strong><\/p>\n<p>Le Jackery Explorer 500 peut \u00eatre recharg\u00e9 de quatre fa\u00e7ons : par l'\u00e9nergie solaire, par le secteur, par un chargeur de voiture et par un g\u00e9n\u00e9rateur. Les temps de charge varient : 7,5 heures pour le courant alternatif et 12V\/24V et 9,5 heures pour un panneau de 100W.<\/p>\n<p><strong>Qualit\u00e9 et s\u00e9curit\u00e9<\/strong><\/p>\n<p>Jackery garantit la qualit\u00e9 et la protection contre les courts-circuits gr\u00e2ce \u00e0 des dispositifs de s\u00e9curit\u00e9 avanc\u00e9s et \u00e0 un syst\u00e8me de gestion des batteries. Les batteries sont compos\u00e9es de lithium-nickel-mangan\u00e8se-oxyde de cobalt (NMC), le m\u00eame type de batterie que celui utilis\u00e9 dans les voitures Tesla. Dot\u00e9 de plusieurs ports pour recharger les \u00e9quipements normaux et plus encore, l'Explorer 500 est id\u00e9al pour les activit\u00e9s de plein air et comme source d'alimentation d'urgence en cas de panne de courant.<\/p>\n<p><\/p>","protected":false},"excerpt":{"rendered":"<ul>\n<li>Capacit\u00e9 : 518Wh (24000mAh)<\/li>\n<li>Type de batterie : Lithium-ion NMC<\/li>\n<li>cycles de plaidoirie : 500 cycles pour la capacit\u00e9 80%<\/li>\n<li>temps de plaidoirie :<\/li>\n<li>C : 7,5 heures<\/li>\n<li>2V\/24V : 7,5 heures<\/li>\n<li>et panneau de 100W : 9,5 heures<\/li>\n<li>ystemen : BMS, protection contre les surtensions, protection contre les courts-circuits.<\/li>\n<li>VENS :<\/li>\n<li>Sortie AC : 110VAC, 60Hz, 500W (1000W cr\u00eate)<\/li>\n<li>Sortie SB-A : 5V, 2,4A<\/li>\n<li>Sortie uto : 12V, 7A<\/li>\n<li>Entr\u00e9e C : 12V-30V (100WMax)<\/li>\n<li>informations sur le sis :<\/li>\n<li>poids : 6,04 kg<\/li>\n<li>dimensions (LxLxP) : (30,1 x 19,3 x 24,2 cm)<\/li>\n<li>Temp\u00e9rature optimale : 14-104F (-10 \u00e0 40\u2103)<\/li>\n<li>ertification : CEC, DOE, FCC, UL, CA Prop 65<\/li>\n<li>Garantie : 24 mois<\/li>\n<li>Accessoire optionnel : panneau solaire SolarSaga 100W<\/li>\n<li>nd guide via Jackery.com<\/li>\n<\/ul>","protected":false},"featured_media":5219,"template":"","meta":{"_acf_changed":false},"product_brand":[],"product_cat":[454,97,415,475,476],"product_tag":[],"class_list":{"0":"post-5226","1":"product","2":"type-product","3":"status-publish","4":"has-post-thumbnail","6":"product_cat-alle-powerstations","7":"product_cat-alle-producten","8":"product_cat-energy","9":"product_cat-jackery","10":"product_cat-jackery-powerstations","11":"pa_afmetingen-242-x-192-x-30-cm","12":"pa_brand-jackery","13":"pa_capaciteit-518wh","14":"pa_gewicht-6-kg","15":"pa_input-dc-ac-ingang-ondersteunt-geen-direct-ac-opladen-gebruik-de-meegeleverde-externe-ac-oplader-dc-ingang-24v375a","16":"pa_materiaal-kunststof","17":"pa_oplaadtijd-via-ac-7-5-uur","18":"pa_output-230-v-1x-ac-uitgang-x1-230v-50hz-500w-1-000w-piek","19":"pa_output-dc-2x-dc-uitgang-x2-12v7a-1x-autopoort-x1-12v10a","20":"pa_output-usb-3x-usb-a-uitgang-x3-5v24a","21":"pa_productfamily-power-station","22":"pa_producttype-power-station","23":"pa_series-explorer","24":"pa_type-batterij-li-ion-nmc","26":"first","27":"outofstock","28":"taxable","29":"shipping-taxable","30":"product-type-simple"},"acf":[],"yoast_head":"<!-- This site is optimized with the Yoast SEO Premium plugin v27.2 (Yoast SEO v27.2) - https:\/\/yoast.com\/product\/yoast-seo-premium-wordpress\/ -->\n<title>Jackery Explorer 500 Combo - koningdrone.be<\/title>\n<meta name=\"robots\" content=\"index, follow, max-snippet:-1, max-image-preview:large, max-video-preview:-1\" \/>\n<link rel=\"canonical\" href=\"https:\/\/koningdrone.be\/fr\/produit\/jackery-explorer-500-combo\/\" \/>\n<meta property=\"og:locale\" content=\"fr_FR\" \/>\n<meta property=\"og:type\" content=\"article\" \/>\n<meta property=\"og:title\" content=\"Jackery Explorer 500 Combo\" \/>\n<meta property=\"og:description\" content=\"Capaciteit: 518Wh (24000mAh)Batterijtype: Lithium-ion NMCplaadcycli: 500 cycli voor 80% capaciteitplaadtijd:C: 7,5 uur2V\/24V: 7,5 uuret 100W paneel: 9,5 uurystemen: BMS, overspanningsbeveiliging, kortsluitbeveiliging.VENS:AC-uitgang: 110VAC, 60Hz, 500W (1000W piekpiek)SB-A-uitgang: 5V, 2,4Auto-uitgang: 12V, 7AC-ingang: 12V-30V (100WMax)sis informatie:ewicht: 6,04 kgfmetingen (LxBxD): (30,1 x 19,3 x 24,2 cm)Optimale temperatuur: 14-104F (-10 tot 40\u2103)ertificatie: CEC, DOE, FCC, UL, CA Prop 65arantie : 24 Maandenptioneel accessoire: SolarSaga 100W zonnepaneelndleiding via Jackery.com\" \/>\n<meta property=\"og:url\" content=\"https:\/\/koningdrone.be\/fr\/produit\/jackery-explorer-500-combo\/\" \/>\n<meta property=\"og:site_name\" content=\"koningdrone.be\" \/>\n<meta property=\"article:modified_time\" content=\"2025-05-20T12:36:33+00:00\" \/>\n<meta property=\"og:image\" content=\"https:\/\/koningdrone.be\/wp-content\/uploads\/sites\/13\/2025\/04\/9533806023245-1.jpg\" \/>\n\t<meta property=\"og:image:width\" content=\"800\" \/>\n\t<meta property=\"og:image:height\" content=\"800\" \/>\n\t<meta property=\"og:image:type\" content=\"image\/jpeg\" \/>\n<meta name=\"twitter:card\" content=\"summary_large_image\" \/>\n<meta name=\"twitter:label1\" content=\"Dur\u00e9e de lecture est.\" \/>\n\t<meta name=\"twitter:data1\" content=\"1 minute\" \/>\n<script type=\"application\/ld+json\" class=\"yoast-schema-graph\">{\"@context\":\"https:\/\/schema.org\",\"@graph\":[{\"@type\":\"WebPage\",\"@id\":\"https:\/\/koningdrone.be\/product\/jackery-explorer-500-combo\/\",\"url\":\"https:\/\/koningdrone.be\/product\/jackery-explorer-500-combo\/\",\"name\":\"Jackery Explorer 500 Combo - koningdrone.be\",\"isPartOf\":{\"@id\":\"https:\/\/koningdrone.be\/#website\"},\"primaryImageOfPage\":{\"@id\":\"https:\/\/koningdrone.be\/product\/jackery-explorer-500-combo\/#primaryimage\"},\"image\":{\"@id\":\"https:\/\/koningdrone.be\/product\/jackery-explorer-500-combo\/#primaryimage\"},\"thumbnailUrl\":\"https:\/\/koningdrone.be\/wp-content\/uploads\/sites\/13\/2025\/04\/9533806023245-1.jpg\",\"datePublished\":\"2022-11-13T09:35:41+00:00\",\"dateModified\":\"2025-05-20T12:36:33+00:00\",\"breadcrumb\":{\"@id\":\"https:\/\/koningdrone.be\/product\/jackery-explorer-500-combo\/#breadcrumb\"},\"inLanguage\":\"fr-BE\",\"potentialAction\":[{\"@type\":\"ReadAction\",\"target\":[\"https:\/\/koningdrone.be\/product\/jackery-explorer-500-combo\/\"]}]},{\"@type\":\"ImageObject\",\"inLanguage\":\"fr-BE\",\"@id\":\"https:\/\/koningdrone.be\/product\/jackery-explorer-500-combo\/#primaryimage\",\"url\":\"https:\/\/koningdrone.be\/wp-content\/uploads\/sites\/13\/2025\/04\/9533806023245-1.jpg\",\"contentUrl\":\"https:\/\/koningdrone.be\/wp-content\/uploads\/sites\/13\/2025\/04\/9533806023245-1.jpg\",\"width\":800,\"height\":800},{\"@type\":\"BreadcrumbList\",\"@id\":\"https:\/\/koningdrone.be\/product\/jackery-explorer-500-combo\/#breadcrumb\",\"itemListElement\":[{\"@type\":\"ListItem\",\"position\":1,\"name\":\"Home\",\"item\":\"https:\/\/koningdrone.be\/\"},{\"@type\":\"ListItem\",\"position\":2,\"name\":\"AVSS Parachute Recovery System for DJI Matrice 300\/350\",\"item\":\"https:\/\/koningdrone.be\/product\/avss-parachute-recovery-system-for-dji-matrice-300-350\/\"},{\"@type\":\"ListItem\",\"position\":3,\"name\":\"Alle powerstations\",\"item\":\"https:\/\/koningdrone.be\/categorie\/alle-powerstations\/\"},{\"@type\":\"ListItem\",\"position\":4,\"name\":\"Jackery Explorer 500 Combo\"}]},{\"@type\":\"WebSite\",\"@id\":\"https:\/\/koningdrone.be\/#website\",\"url\":\"https:\/\/koningdrone.be\/\",\"name\":\"Koningdrone.be - Uw online specialist in drones, gimbals, camera's en power stations.\",\"description\":\"De webshop in drones en gimbals\",\"publisher\":{\"@id\":\"https:\/\/koningdrone.be\/#organization\"},\"potentialAction\":[{\"@type\":\"SearchAction\",\"target\":{\"@type\":\"EntryPoint\",\"urlTemplate\":\"https:\/\/koningdrone.be\/?s={search_term_string}\"},\"query-input\":{\"@type\":\"PropertyValueSpecification\",\"valueRequired\":true,\"valueName\":\"search_term_string\"}}],\"inLanguage\":\"fr-BE\"},{\"@type\":\"Organization\",\"@id\":\"https:\/\/koningdrone.be\/#organization\",\"name\":\"Koningdrone.be\",\"url\":\"https:\/\/koningdrone.be\/\",\"logo\":{\"@type\":\"ImageObject\",\"inLanguage\":\"fr-BE\",\"@id\":\"https:\/\/koningdrone.be\/#\/schema\/logo\/image\/\",\"url\":\"https:\/\/koningdrone.be\/wp-content\/uploads\/sites\/13\/2025\/04\/koningdrone-copyright-logo.svg\",\"contentUrl\":\"https:\/\/koningdrone.be\/wp-content\/uploads\/sites\/13\/2025\/04\/koningdrone-copyright-logo.svg\",\"width\":227,\"height\":38,\"caption\":\"Koningdrone.be\"},\"image\":{\"@id\":\"https:\/\/koningdrone.be\/#\/schema\/logo\/image\/\"}}]}<\/script>\n<!-- \/ Yoast SEO Premium plugin. -->","yoast_head_json":{"title":"Jackery Explorer 500 Combo - koningdrone.be","robots":{"index":"index","follow":"follow","max-snippet":"max-snippet:-1","max-image-preview":"max-image-preview:large","max-video-preview":"max-video-preview:-1"},"canonical":"https:\/\/koningdrone.be\/fr\/produit\/jackery-explorer-500-combo\/","og_locale":"fr_FR","og_type":"article","og_title":"Jackery Explorer 500 Combo","og_description":"Capaciteit: 518Wh (24000mAh)Batterijtype: Lithium-ion NMCplaadcycli: 500 cycli voor 80% capaciteitplaadtijd:C: 7,5 uur2V\/24V: 7,5 uuret 100W paneel: 9,5 uurystemen: BMS, overspanningsbeveiliging, kortsluitbeveiliging.VENS:AC-uitgang: 110VAC, 60Hz, 500W (1000W piekpiek)SB-A-uitgang: 5V, 2,4Auto-uitgang: 12V, 7AC-ingang: 12V-30V (100WMax)sis informatie:ewicht: 6,04 kgfmetingen (LxBxD): (30,1 x 19,3 x 24,2 cm)Optimale temperatuur: 14-104F (-10 tot 40\u2103)ertificatie: CEC, DOE, FCC, UL, CA Prop 65arantie : 24 Maandenptioneel accessoire: SolarSaga 100W zonnepaneelndleiding via Jackery.com","og_url":"https:\/\/koningdrone.be\/fr\/produit\/jackery-explorer-500-combo\/","og_site_name":"koningdrone.be","article_modified_time":"2025-05-20T12:36:33+00:00","og_image":[{"width":800,"height":800,"url":"https:\/\/koningdrone.be\/wp-content\/uploads\/sites\/13\/2025\/04\/9533806023245-1.jpg","type":"image\/jpeg"}],"twitter_card":"summary_large_image","twitter_misc":{"Dur\u00e9e de lecture est.":"1 minute"},"schema":{"@context":"https:\/\/schema.org","@graph":[{"@type":"WebPage","@id":"https:\/\/koningdrone.be\/product\/jackery-explorer-500-combo\/","url":"https:\/\/koningdrone.be\/product\/jackery-explorer-500-combo\/","name":"Jackery Explorer 500 Combo - koningdrone.be","isPartOf":{"@id":"https:\/\/koningdrone.be\/#website"},"primaryImageOfPage":{"@id":"https:\/\/koningdrone.be\/product\/jackery-explorer-500-combo\/#primaryimage"},"image":{"@id":"https:\/\/koningdrone.be\/product\/jackery-explorer-500-combo\/#primaryimage"},"thumbnailUrl":"https:\/\/koningdrone.be\/wp-content\/uploads\/sites\/13\/2025\/04\/9533806023245-1.jpg","datePublished":"2022-11-13T09:35:41+00:00","dateModified":"2025-05-20T12:36:33+00:00","breadcrumb":{"@id":"https:\/\/koningdrone.be\/product\/jackery-explorer-500-combo\/#breadcrumb"},"inLanguage":"fr-BE","potentialAction":[{"@type":"ReadAction","target":["https:\/\/koningdrone.be\/product\/jackery-explorer-500-combo\/"]}]},{"@type":"ImageObject","inLanguage":"fr-BE","@id":"https:\/\/koningdrone.be\/product\/jackery-explorer-500-combo\/#primaryimage","url":"https:\/\/koningdrone.be\/wp-content\/uploads\/sites\/13\/2025\/04\/9533806023245-1.jpg","contentUrl":"https:\/\/koningdrone.be\/wp-content\/uploads\/sites\/13\/2025\/04\/9533806023245-1.jpg","width":800,"height":800},{"@type":"BreadcrumbList","@id":"https:\/\/koningdrone.be\/product\/jackery-explorer-500-combo\/#breadcrumb","itemListElement":[{"@type":"ListItem","position":1,"name":"Home","item":"https:\/\/koningdrone.be\/"},{"@type":"ListItem","position":2,"name":"AVSS Parachute Recovery System for DJI Matrice 300\/350","item":"https:\/\/koningdrone.be\/product\/avss-parachute-recovery-system-for-dji-matrice-300-350\/"},{"@type":"ListItem","position":3,"name":"Alle powerstations","item":"https:\/\/koningdrone.be\/categorie\/alle-powerstations\/"},{"@type":"ListItem","position":4,"name":"Jackery Explorer 500 Combo"}]},{"@type":"WebSite","@id":"https:\/\/koningdrone.be\/#website","url":"https:\/\/koningdrone.be\/","name":"Koningdrone.be - Votre sp\u00e9cialiste en ligne en mati\u00e8re de drones, de cardans, de cam\u00e9ras et de centrales \u00e9lectriques.","description":"La boutique en ligne de drones et de cardans","publisher":{"@id":"https:\/\/koningdrone.be\/#organization"},"potentialAction":[{"@type":"SearchAction","target":{"@type":"EntryPoint","urlTemplate":"https:\/\/koningdrone.be\/?s={search_term_string}"},"query-input":{"@type":"PropertyValueSpecification","valueRequired":true,"valueName":"search_term_string"}}],"inLanguage":"fr-BE"},{"@type":"Organization","@id":"https:\/\/koningdrone.be\/#organization","name":"Kingdrone.co.uk","url":"https:\/\/koningdrone.be\/","logo":{"@type":"ImageObject","inLanguage":"fr-BE","@id":"https:\/\/koningdrone.be\/#\/schema\/logo\/image\/","url":"https:\/\/koningdrone.be\/wp-content\/uploads\/sites\/13\/2025\/04\/koningdrone-copyright-logo.svg","contentUrl":"https:\/\/koningdrone.be\/wp-content\/uploads\/sites\/13\/2025\/04\/koningdrone-copyright-logo.svg","width":227,"height":38,"caption":"Koningdrone.be"},"image":{"@id":"https:\/\/koningdrone.be\/#\/schema\/logo\/image\/"}}]}},"df_price":"","df_sale_price":"","df_regular_price":"","df_image_link":"https:\/\/koningdrone.be\/wp-content\/uploads\/sites\/13\/2025\/04\/9533806023245-1-300x300.jpg","_links":{"self":[{"href":"https:\/\/koningdrone.be\/fr\/wp-json\/wp\/v2\/product\/5226","targetHints":{"allow":["GET"]}}],"collection":[{"href":"https:\/\/koningdrone.be\/fr\/wp-json\/wp\/v2\/product"}],"about":[{"href":"https:\/\/koningdrone.be\/fr\/wp-json\/wp\/v2\/types\/product"}],"wp:featuredmedia":[{"embeddable":true,"href":"https:\/\/koningdrone.be\/fr\/wp-json\/wp\/v2\/media\/5219"}],"wp:attachment":[{"href":"https:\/\/koningdrone.be\/fr\/wp-json\/wp\/v2\/media?parent=5226"}],"wp:term":[{"taxonomy":"product_brand","embeddable":true,"href":"https:\/\/koningdrone.be\/fr\/wp-json\/wp\/v2\/product_brand?post=5226"},{"taxonomy":"product_cat","embeddable":true,"href":"https:\/\/koningdrone.be\/fr\/wp-json\/wp\/v2\/product_cat?post=5226"},{"taxonomy":"product_tag","embeddable":true,"href":"https:\/\/koningdrone.be\/fr\/wp-json\/wp\/v2\/product_tag?post=5226"}],"curies":[{"name":"wp","href":"https:\/\/api.w.org\/{rel}","templated":true}]}}