{"id":5218,"date":"2022-11-13T10:35:41","date_gmt":"2022-11-13T09:35:41","guid":{"rendered":"https:\/\/koningdrone.nl\/kon\/product\/jackery-explorer-500\/"},"modified":"2026-04-29T14:41:00","modified_gmt":"2026-04-29T12:41:00","slug":"jackery-explorer-500","status":"publish","type":"product","link":"https:\/\/koningdrone.be\/fr\/produit\/jackery-explorer-500\/","title":{"rendered":"Jackery Explorer 500"},"content":{"rendered":"<p><span style=\"vertical-align: inherit\"><span style=\"vertical-align: inherit\">La Jackery Explorer 500 est une centrale \u00e9lectrique portable d'une grande capacit\u00e9 de 518Wh, ce qui en fait le mod\u00e8le le plus populaire de sa gamme. Avec une batterie lithium-ion de 518Wh (24Ah, 21,6V), l'Explorer 500 offre 1 sortie AC (230V\/500W, peak 1000W), 3 ports USB-A, 2 ports DC et 1 connecteur voiture. Cela vous permet de connecter diff\u00e9rents appareils, d'un mini-r\u00e9frig\u00e9rateur \u00e0 une pompe \u00e0 air en passant par un t\u00e9l\u00e9viseur, avec une onde sinuso\u00efdale pure pour une conversion d'\u00e9nergie fiable.<\/span><\/span><\/p>\n<p><strong><span style=\"vertical-align: inherit\"><span style=\"vertical-align: inherit\">Portabilit\u00e9 et durabilit\u00e9<\/span><\/span><\/strong><\/p>\n<p><span style=\"vertical-align: inherit\"><span style=\"vertical-align: inherit\">Malgr\u00e9 sa grande capacit\u00e9, l'Explorer 500 est facile \u00e0 transporter, car il a la taille d'un ballon de basket et ne p\u00e8se que 6,4 kg. La poign\u00e9e robuste int\u00e9gr\u00e9e rend le transport tr\u00e8s pratique, ce qui permet \u00e0 la centrale \u00e9lectrique de vous accompagner dans toutes sortes d'activit\u00e9s, telles que le camping et les voyages en camping-car.<\/span><\/span><\/p>\n<p><strong><span style=\"vertical-align: inherit\"><span style=\"vertical-align: inherit\">Options de chargement<\/span><\/span><\/strong><\/p>\n<p><span style=\"vertical-align: inherit\"><span style=\"vertical-align: inherit\">La station d'alimentation est \u00e9galement dot\u00e9e d'un r\u00e9gulateur de charge MPPT int\u00e9gr\u00e9 pour une efficacit\u00e9 de charge maximale, ce qui facilite la charge \u00e0 l'aide d'un panneau solaire SolarSaga 100 (vendu s\u00e9par\u00e9ment) pour une alimentation \u00e9cologique et propre. Il existe \u00e9galement d'autres options de charge flexibles, telles que l'adaptateur secteur ou le c\u00e2ble de chargeur de voiture.<\/span><\/span><\/p>\n<p>&nbsp;<\/p>","protected":false},"excerpt":{"rendered":"<ul>\n<li>Capacit\u00e9 : 518 Wh (21,6 V, 24 Ah)<\/li>\n<li>Chimie cellulaire : Li-Ion NMC<\/li>\n<li>Cycles de vie : \u2265500 cycles \u00e0 80%<\/li>\n<li>Syst\u00e8me de gestion : BMS, protection contre la surchauffe, protection contre la surtension, protection contre les courts-circuits, protection contre la surcharge<\/li>\n<li>ADRESSES<\/li>\n<li>Sortie AC : 230V, 500W (pic 1000W)<\/li>\n<li>Sortie USB-A : 5V, 2,4A<\/li>\n<li>Sortie automatique : 12V, 10A<\/li>\n<li>Entr\u00e9e DC : 12V-30V (max. 100W)<\/li>\n<li>Sortie DC : 12V, 7A (6,5 mm * 1,4 mm, pour les bricoleurs)<\/li>\n<li>MISE \u00c0 JOUR<\/li>\n<li>Adaptateur secteur : environ 7,5 heures<\/li>\n<li>Adaptateur de voiture 12V : environ 8 heures<\/li>\n<li>Panneau solaire SolarSaga 100 : environ 9,5 heures<\/li>\n<li>G\u00c9N\u00c9RALIT\u00c9S<\/li>\n<li>Poids : 6,4 kg<\/li>\n<li>Dimensions (LxLxP) : 30,1 x 19,3 x 24,2 cm<\/li>\n<li>Temp\u00e9rature de fonctionnement : -10 \u00e0 40\u00b0C<\/li>\n<li>Certifications : UN 38.3 \/ RoHS \/ REACH \/ WEEE \/ CE<\/li>\n<\/ul>","protected":false},"featured_media":5214,"template":"","meta":{"_acf_changed":false},"product_brand":[],"product_cat":[454,97,415,475,476],"product_tag":[],"class_list":{"0":"post-5218","1":"product","2":"type-product","3":"status-publish","4":"has-post-thumbnail","6":"product_cat-alle-powerstations","7":"product_cat-alle-producten","8":"product_cat-energy","9":"product_cat-jackery","10":"product_cat-jackery-powerstations","11":"product_shipping_class-outofstock","12":"pa_afmetingen-242-x-192-x-30-cm","13":"pa_brand-jackery","14":"pa_capaciteit-518wh","15":"pa_gewicht-6-kg","16":"pa_input-dc-ac-ingang-ondersteunt-geen-direct-ac-opladen-gebruik-de-meegeleverde-externe-ac-oplader-dc-ingang-24v375a","17":"pa_materiaal-kunststof","18":"pa_oplaadtijd-via-ac-7-5-uur","19":"pa_output-230-v-1x-ac-uitgang-x1-230v-50hz-500w-1-000w-piek","20":"pa_output-dc-2x-dc-uitgang-x2-12v7a-1x-autopoort-x1-12v10a","21":"pa_output-usb-3x-usb-a-uitgang-x3-5v24a","22":"pa_productfamily-power-station","23":"pa_producttype-power-station","24":"pa_series-explorer","25":"pa_type-batterij-li-ion-nmc","27":"first","28":"outofstock","29":"taxable","30":"shipping-taxable","31":"product-type-simple"},"acf":[],"yoast_head":"<!-- This site is optimized with the Yoast SEO Premium plugin v27.2 (Yoast SEO v27.2) - https:\/\/yoast.com\/product\/yoast-seo-premium-wordpress\/ -->\n<title>Jackery Explorer 500 - koningdrone.be<\/title>\n<meta name=\"robots\" content=\"index, follow, max-snippet:-1, max-image-preview:large, max-video-preview:-1\" \/>\n<link rel=\"canonical\" href=\"https:\/\/koningdrone.be\/fr\/produit\/jackery-explorer-500\/\" \/>\n<meta property=\"og:locale\" content=\"fr_FR\" \/>\n<meta property=\"og:type\" content=\"article\" \/>\n<meta property=\"og:title\" content=\"Jackery Explorer 500\" \/>\n<meta property=\"og:description\" content=\"Capaciteit: 518 Wh (21,6 V, 24 Ah)  Celchemie: Li-Ion NMC  Levenscycli: \u2265500 cycli tot 80%  Beheersysteem: GBS, Oververhittingsbeveiliging, Overspanningsbeveiliging, Kortsluitingsbeveiliging, Overlaadbeveiliging  AANSLUITINGEN  AC-uitgang: 230V, 500W (piek 1000W)  USB-A-uitgang: 5V, 2,4A  Automatische uitgang: 12V, 10A  DC-ingang: 12V-30V (max. 100W)  DC-uitgang: 12V, 7A (6,5 mm * 1,4 mm, voor doe-het-zelvers)  OPLAADTIJD  AC-adapter: ca. 7,5 uur  12V auto-adapter: ca. 8 uur  SolarSaga 100 zonnepaneel: ca. 9,5 uur  ALGEMEEN  Gewicht: 6,4 kg  Afmetingen (LxBxD): 30,1 x 19,3 x 24,2 cm  Bedrijfstemperatuur: -10 tot 40\u00b0C  Certificeringen: UN 38.3 \/ RoHS \/ REACH \/ WEEE \/ CE\" \/>\n<meta property=\"og:url\" content=\"https:\/\/koningdrone.be\/fr\/produit\/jackery-explorer-500\/\" \/>\n<meta property=\"og:site_name\" content=\"koningdrone.be\" \/>\n<meta property=\"article:modified_time\" content=\"2026-04-29T12:41:00+00:00\" \/>\n<meta property=\"og:image\" content=\"https:\/\/koningdrone.be\/wp-content\/uploads\/sites\/13\/2025\/04\/Jackery-explorer-500.jpg\" \/>\n\t<meta property=\"og:image:width\" content=\"919\" \/>\n\t<meta property=\"og:image:height\" content=\"876\" \/>\n\t<meta property=\"og:image:type\" content=\"image\/jpeg\" \/>\n<meta name=\"twitter:card\" content=\"summary_large_image\" \/>\n<meta name=\"twitter:label1\" content=\"Dur\u00e9e de lecture est.\" \/>\n\t<meta name=\"twitter:data1\" content=\"1 minute\" \/>\n<script type=\"application\/ld+json\" class=\"yoast-schema-graph\">{\"@context\":\"https:\/\/schema.org\",\"@graph\":[{\"@type\":\"WebPage\",\"@id\":\"https:\/\/koningdrone.be\/product\/jackery-explorer-500\/\",\"url\":\"https:\/\/koningdrone.be\/product\/jackery-explorer-500\/\",\"name\":\"Jackery Explorer 500 - koningdrone.be\",\"isPartOf\":{\"@id\":\"https:\/\/koningdrone.be\/#website\"},\"primaryImageOfPage\":{\"@id\":\"https:\/\/koningdrone.be\/product\/jackery-explorer-500\/#primaryimage\"},\"image\":{\"@id\":\"https:\/\/koningdrone.be\/product\/jackery-explorer-500\/#primaryimage\"},\"thumbnailUrl\":\"https:\/\/koningdrone.be\/wp-content\/uploads\/sites\/13\/2025\/04\/Jackery-explorer-500.jpg\",\"datePublished\":\"2022-11-13T09:35:41+00:00\",\"dateModified\":\"2026-04-29T12:41:00+00:00\",\"breadcrumb\":{\"@id\":\"https:\/\/koningdrone.be\/product\/jackery-explorer-500\/#breadcrumb\"},\"inLanguage\":\"fr-BE\",\"potentialAction\":[{\"@type\":\"ReadAction\",\"target\":[\"https:\/\/koningdrone.be\/product\/jackery-explorer-500\/\"]}]},{\"@type\":\"ImageObject\",\"inLanguage\":\"fr-BE\",\"@id\":\"https:\/\/koningdrone.be\/product\/jackery-explorer-500\/#primaryimage\",\"url\":\"https:\/\/koningdrone.be\/wp-content\/uploads\/sites\/13\/2025\/04\/Jackery-explorer-500.jpg\",\"contentUrl\":\"https:\/\/koningdrone.be\/wp-content\/uploads\/sites\/13\/2025\/04\/Jackery-explorer-500.jpg\",\"width\":919,\"height\":876},{\"@type\":\"BreadcrumbList\",\"@id\":\"https:\/\/koningdrone.be\/product\/jackery-explorer-500\/#breadcrumb\",\"itemListElement\":[{\"@type\":\"ListItem\",\"position\":1,\"name\":\"Home\",\"item\":\"https:\/\/koningdrone.be\/\"},{\"@type\":\"ListItem\",\"position\":2,\"name\":\"AVSS Parachute Recovery System for DJI Matrice 300\/350\",\"item\":\"https:\/\/koningdrone.be\/product\/avss-parachute-recovery-system-for-dji-matrice-300-350\/\"},{\"@type\":\"ListItem\",\"position\":3,\"name\":\"Alle powerstations\",\"item\":\"https:\/\/koningdrone.be\/categorie\/alle-powerstations\/\"},{\"@type\":\"ListItem\",\"position\":4,\"name\":\"Jackery Explorer 500\"}]},{\"@type\":\"WebSite\",\"@id\":\"https:\/\/koningdrone.be\/#website\",\"url\":\"https:\/\/koningdrone.be\/\",\"name\":\"Koningdrone.be - Uw online specialist in drones, gimbals, camera's en power stations.\",\"description\":\"De webshop in drones en gimbals\",\"publisher\":{\"@id\":\"https:\/\/koningdrone.be\/#organization\"},\"potentialAction\":[{\"@type\":\"SearchAction\",\"target\":{\"@type\":\"EntryPoint\",\"urlTemplate\":\"https:\/\/koningdrone.be\/?s={search_term_string}\"},\"query-input\":{\"@type\":\"PropertyValueSpecification\",\"valueRequired\":true,\"valueName\":\"search_term_string\"}}],\"inLanguage\":\"fr-BE\"},{\"@type\":\"Organization\",\"@id\":\"https:\/\/koningdrone.be\/#organization\",\"name\":\"Koningdrone.be\",\"url\":\"https:\/\/koningdrone.be\/\",\"logo\":{\"@type\":\"ImageObject\",\"inLanguage\":\"fr-BE\",\"@id\":\"https:\/\/koningdrone.be\/#\/schema\/logo\/image\/\",\"url\":\"https:\/\/koningdrone.be\/wp-content\/uploads\/sites\/13\/2025\/04\/koningdrone-copyright-logo.svg\",\"contentUrl\":\"https:\/\/koningdrone.be\/wp-content\/uploads\/sites\/13\/2025\/04\/koningdrone-copyright-logo.svg\",\"width\":227,\"height\":38,\"caption\":\"Koningdrone.be\"},\"image\":{\"@id\":\"https:\/\/koningdrone.be\/#\/schema\/logo\/image\/\"}}]}<\/script>\n<!-- \/ Yoast SEO Premium plugin. -->","yoast_head_json":{"title":"Jackery Explorer 500 - koningdrone.be","robots":{"index":"index","follow":"follow","max-snippet":"max-snippet:-1","max-image-preview":"max-image-preview:large","max-video-preview":"max-video-preview:-1"},"canonical":"https:\/\/koningdrone.be\/fr\/produit\/jackery-explorer-500\/","og_locale":"fr_FR","og_type":"article","og_title":"Jackery Explorer 500","og_description":"Capaciteit: 518 Wh (21,6 V, 24 Ah)  Celchemie: Li-Ion NMC  Levenscycli: \u2265500 cycli tot 80%  Beheersysteem: GBS, Oververhittingsbeveiliging, Overspanningsbeveiliging, Kortsluitingsbeveiliging, Overlaadbeveiliging  AANSLUITINGEN  AC-uitgang: 230V, 500W (piek 1000W)  USB-A-uitgang: 5V, 2,4A  Automatische uitgang: 12V, 10A  DC-ingang: 12V-30V (max. 100W)  DC-uitgang: 12V, 7A (6,5 mm * 1,4 mm, voor doe-het-zelvers)  OPLAADTIJD  AC-adapter: ca. 7,5 uur  12V auto-adapter: ca. 8 uur  SolarSaga 100 zonnepaneel: ca. 9,5 uur  ALGEMEEN  Gewicht: 6,4 kg  Afmetingen (LxBxD): 30,1 x 19,3 x 24,2 cm  Bedrijfstemperatuur: -10 tot 40\u00b0C  Certificeringen: UN 38.3 \/ RoHS \/ REACH \/ WEEE \/ CE","og_url":"https:\/\/koningdrone.be\/fr\/produit\/jackery-explorer-500\/","og_site_name":"koningdrone.be","article_modified_time":"2026-04-29T12:41:00+00:00","og_image":[{"width":919,"height":876,"url":"https:\/\/koningdrone.be\/wp-content\/uploads\/sites\/13\/2025\/04\/Jackery-explorer-500.jpg","type":"image\/jpeg"}],"twitter_card":"summary_large_image","twitter_misc":{"Dur\u00e9e de lecture est.":"1 minute"},"schema":{"@context":"https:\/\/schema.org","@graph":[{"@type":"WebPage","@id":"https:\/\/koningdrone.be\/product\/jackery-explorer-500\/","url":"https:\/\/koningdrone.be\/product\/jackery-explorer-500\/","name":"Jackery Explorer 500 - koningdrone.be","isPartOf":{"@id":"https:\/\/koningdrone.be\/#website"},"primaryImageOfPage":{"@id":"https:\/\/koningdrone.be\/product\/jackery-explorer-500\/#primaryimage"},"image":{"@id":"https:\/\/koningdrone.be\/product\/jackery-explorer-500\/#primaryimage"},"thumbnailUrl":"https:\/\/koningdrone.be\/wp-content\/uploads\/sites\/13\/2025\/04\/Jackery-explorer-500.jpg","datePublished":"2022-11-13T09:35:41+00:00","dateModified":"2026-04-29T12:41:00+00:00","breadcrumb":{"@id":"https:\/\/koningdrone.be\/product\/jackery-explorer-500\/#breadcrumb"},"inLanguage":"fr-BE","potentialAction":[{"@type":"ReadAction","target":["https:\/\/koningdrone.be\/product\/jackery-explorer-500\/"]}]},{"@type":"ImageObject","inLanguage":"fr-BE","@id":"https:\/\/koningdrone.be\/product\/jackery-explorer-500\/#primaryimage","url":"https:\/\/koningdrone.be\/wp-content\/uploads\/sites\/13\/2025\/04\/Jackery-explorer-500.jpg","contentUrl":"https:\/\/koningdrone.be\/wp-content\/uploads\/sites\/13\/2025\/04\/Jackery-explorer-500.jpg","width":919,"height":876},{"@type":"BreadcrumbList","@id":"https:\/\/koningdrone.be\/product\/jackery-explorer-500\/#breadcrumb","itemListElement":[{"@type":"ListItem","position":1,"name":"Home","item":"https:\/\/koningdrone.be\/"},{"@type":"ListItem","position":2,"name":"AVSS Parachute Recovery System for DJI Matrice 300\/350","item":"https:\/\/koningdrone.be\/product\/avss-parachute-recovery-system-for-dji-matrice-300-350\/"},{"@type":"ListItem","position":3,"name":"Alle powerstations","item":"https:\/\/koningdrone.be\/categorie\/alle-powerstations\/"},{"@type":"ListItem","position":4,"name":"Jackery Explorer 500"}]},{"@type":"WebSite","@id":"https:\/\/koningdrone.be\/#website","url":"https:\/\/koningdrone.be\/","name":"Koningdrone.be - Votre sp\u00e9cialiste en ligne en mati\u00e8re de drones, de cardans, de cam\u00e9ras et de centrales \u00e9lectriques.","description":"La boutique en ligne de drones et de cardans","publisher":{"@id":"https:\/\/koningdrone.be\/#organization"},"potentialAction":[{"@type":"SearchAction","target":{"@type":"EntryPoint","urlTemplate":"https:\/\/koningdrone.be\/?s={search_term_string}"},"query-input":{"@type":"PropertyValueSpecification","valueRequired":true,"valueName":"search_term_string"}}],"inLanguage":"fr-BE"},{"@type":"Organization","@id":"https:\/\/koningdrone.be\/#organization","name":"Kingdrone.co.uk","url":"https:\/\/koningdrone.be\/","logo":{"@type":"ImageObject","inLanguage":"fr-BE","@id":"https:\/\/koningdrone.be\/#\/schema\/logo\/image\/","url":"https:\/\/koningdrone.be\/wp-content\/uploads\/sites\/13\/2025\/04\/koningdrone-copyright-logo.svg","contentUrl":"https:\/\/koningdrone.be\/wp-content\/uploads\/sites\/13\/2025\/04\/koningdrone-copyright-logo.svg","width":227,"height":38,"caption":"Koningdrone.be"},"image":{"@id":"https:\/\/koningdrone.be\/#\/schema\/logo\/image\/"}}]}},"df_price":"","df_sale_price":"","df_regular_price":"","df_image_link":"https:\/\/koningdrone.be\/wp-content\/uploads\/sites\/13\/2025\/04\/Jackery-explorer-500-300x286.jpg","_links":{"self":[{"href":"https:\/\/koningdrone.be\/fr\/wp-json\/wp\/v2\/product\/5218","targetHints":{"allow":["GET"]}}],"collection":[{"href":"https:\/\/koningdrone.be\/fr\/wp-json\/wp\/v2\/product"}],"about":[{"href":"https:\/\/koningdrone.be\/fr\/wp-json\/wp\/v2\/types\/product"}],"wp:featuredmedia":[{"embeddable":true,"href":"https:\/\/koningdrone.be\/fr\/wp-json\/wp\/v2\/media\/5214"}],"wp:attachment":[{"href":"https:\/\/koningdrone.be\/fr\/wp-json\/wp\/v2\/media?parent=5218"}],"wp:term":[{"taxonomy":"product_brand","embeddable":true,"href":"https:\/\/koningdrone.be\/fr\/wp-json\/wp\/v2\/product_brand?post=5218"},{"taxonomy":"product_cat","embeddable":true,"href":"https:\/\/koningdrone.be\/fr\/wp-json\/wp\/v2\/product_cat?post=5218"},{"taxonomy":"product_tag","embeddable":true,"href":"https:\/\/koningdrone.be\/fr\/wp-json\/wp\/v2\/product_tag?post=5218"}],"curies":[{"name":"wp","href":"https:\/\/api.w.org\/{rel}","templated":true}]}}