{"id":5205,"date":"2022-11-13T10:35:41","date_gmt":"2022-11-13T09:35:41","guid":{"rendered":"https:\/\/koningdrone.nl\/kon\/product\/jackery-explorer-240\/"},"modified":"2026-04-29T14:40:58","modified_gmt":"2026-04-29T12:40:58","slug":"jackery-explorer-240","status":"publish","type":"product","link":"https:\/\/koningdrone.be\/fr\/produit\/jackery-explorer-240\/","title":{"rendered":"Jackery Explorer 240"},"content":{"rendered":"<p><span style=\"vertical-align: inherit\"><span style=\"vertical-align: inherit\"><span style=\"vertical-align: inherit\"><span style=\"vertical-align: inherit\">L'Explorer 240 dispose d'un ensemble polyvalent de sorties, notamment une sortie CA, deux ports USB-A et un port CC. Avec une batterie lithium-ion de 240Wh, il offre la possibilit\u00e9 d'alimenter une vari\u00e9t\u00e9 d'appareils tels que des t\u00e9l\u00e9phones, des ordinateurs portables, des lumi\u00e8res, des ventilateurs et des mini glaci\u00e8res. Ce g\u00e9n\u00e9rateur solaire est id\u00e9al pour les utilisateurs qui ont besoin d'\u00e9lectricit\u00e9 en d\u00e9placement, qu'il s'agisse de camping ou de travail \u00e0 domicile. Sa conception compacte avec une poign\u00e9e de transport robuste le rend facile \u00e0 transporter et \u00e0 utiliser. De plus, l'Explorer 240 est respectueux de l'environnement car il peut \u00eatre charg\u00e9 avec un panneau solaire (vendu s\u00e9par\u00e9ment) pour une \u00e9nergie propre et durable. Il peut \u00e9galement \u00eatre recharg\u00e9 \u00e0 l'aide d'un adaptateur secteur ou d'un c\u00e2ble de chargeur de voiture, ce qui le rend tr\u00e8s flexible dans ses options de charge.<\/span><\/span><\/span><\/span><\/p>\n<p>&nbsp;<\/p>","protected":false},"excerpt":{"rendered":"<ul>\n<li><span style=\"vertical-align: inherit\"><span style=\"vertical-align: inherit\"><span style=\"vertical-align: inherit\"><span style=\"vertical-align: inherit\">Capacit\u00e9 : 240 Wh (14,4 V, 16,8 Ah)<\/span><\/span><\/span><\/span><\/li>\n<li><span style=\"vertical-align: inherit\"><span style=\"vertical-align: inherit\"><span style=\"vertical-align: inherit\"><span style=\"vertical-align: inherit\">Chimie cellulaire : Li-Ion NMC<\/span><\/span><\/span><\/span><\/li>\n<li><span style=\"vertical-align: inherit\"><span style=\"vertical-align: inherit\"><span style=\"vertical-align: inherit\"><span style=\"vertical-align: inherit\">Cycles de vie : \u2265500 cycles jusqu'\u00e0 80%<\/span><\/span><\/span><\/span><\/li>\n<li><span style=\"vertical-align: inherit\"><span style=\"vertical-align: inherit\"><span style=\"vertical-align: inherit\"><span style=\"vertical-align: inherit\">Syst\u00e8me de gestion : BMS, protection contre la surchauffe, protection contre la surtension, protection contre les courts-circuits, protection contre la surcharge<\/span><\/span><\/span><\/span><\/li>\n<li><span style=\"vertical-align: inherit\"><span style=\"vertical-align: inherit\"><span style=\"vertical-align: inherit\"><span style=\"vertical-align: inherit\">CONNEXIONS<\/span><\/span><\/span><\/span><\/li>\n<li><span style=\"vertical-align: inherit\"><span style=\"vertical-align: inherit\"><span style=\"vertical-align: inherit\"><span style=\"vertical-align: inherit\">Sortie AC : 230V, 200W (400W en pointe)<\/span><\/span><\/span><\/span><\/li>\n<li><span style=\"vertical-align: inherit\"><span style=\"vertical-align: inherit\"><span style=\"vertical-align: inherit\"><span style=\"vertical-align: inherit\">Sortie USB-A : 5V, 2,4A<\/span><\/span><\/span><\/span><\/li>\n<li><span style=\"vertical-align: inherit\"><span style=\"vertical-align: inherit\"><span style=\"vertical-align: inherit\"><span style=\"vertical-align: inherit\">Sortie automatique : 12V, 10A<\/span><\/span><\/span><\/span><\/li>\n<li><span style=\"vertical-align: inherit\"><span style=\"vertical-align: inherit\"><span style=\"vertical-align: inherit\"><span style=\"vertical-align: inherit\">Entr\u00e9e DC : 12V-30V (max. 65W)<\/span><\/span><\/span><\/span><\/li>\n<li><span style=\"vertical-align: inherit\"><span style=\"vertical-align: inherit\"><span style=\"vertical-align: inherit\"><span style=\"vertical-align: inherit\">TEMPS DE CHARGE<\/span><\/span><\/span><\/span><\/li>\n<li><span style=\"vertical-align: inherit\"><span style=\"vertical-align: inherit\"><span style=\"vertical-align: inherit\"><span style=\"vertical-align: inherit\">Adaptateur secteur : environ 5,5 heures<\/span><\/span><\/span><\/span><\/li>\n<li><span style=\"vertical-align: inherit\"><span style=\"vertical-align: inherit\"><span style=\"vertical-align: inherit\"><span style=\"vertical-align: inherit\">Adaptateur de voiture 12V : environ 6,5 heures<\/span><\/span><\/span><\/span><\/li>\n<li><span style=\"vertical-align: inherit\"><span style=\"vertical-align: inherit\"><span style=\"vertical-align: inherit\"><span style=\"vertical-align: inherit\">Panneau solaire SolarSaga 100 : environ 5,5 heures<\/span><\/span><\/span><\/span><\/li>\n<li><span style=\"vertical-align: inherit\"><span style=\"vertical-align: inherit\"><span style=\"vertical-align: inherit\"><span style=\"vertical-align: inherit\">G\u00c9N\u00c9RALIT\u00c9S<\/span><\/span><\/span><\/span><\/li>\n<li><span style=\"vertical-align: inherit\"><span style=\"vertical-align: inherit\"><span style=\"vertical-align: inherit\"><span style=\"vertical-align: inherit\">Poids : 3 kg<\/span><\/span><\/span><\/span><\/li>\n<li><span style=\"vertical-align: inherit\"><span style=\"vertical-align: inherit\"><span style=\"vertical-align: inherit\"><span style=\"vertical-align: inherit\">Dimensions (LxLxP) : 13,2 x 23,1 x 19,5 cm<\/span><\/span><\/span><\/span><\/li>\n<li><span style=\"vertical-align: inherit\"><span style=\"vertical-align: inherit\"><span style=\"vertical-align: inherit\"><span style=\"vertical-align: inherit\">Temp\u00e9rature de fonctionnement : -10 \u00e0 40\u00b0C<\/span><\/span><\/span><\/span><\/li>\n<li><span style=\"vertical-align: inherit\"><span style=\"vertical-align: inherit\"><span style=\"vertical-align: inherit\"><span style=\"vertical-align: inherit\">Certifications : UN 38.3 \/ RoHS \/ REACH \/ WEEE \/ CE<\/span><\/span><\/span><\/span><\/li>\n<\/ul>","protected":false},"featured_media":5198,"template":"","meta":{"_acf_changed":false},"product_brand":[],"product_cat":[454,97,415,475,476],"product_tag":[],"class_list":{"0":"post-5205","1":"product","2":"type-product","3":"status-publish","4":"has-post-thumbnail","6":"product_cat-alle-powerstations","7":"product_cat-alle-producten","8":"product_cat-energy","9":"product_cat-jackery","10":"product_cat-jackery-powerstations","11":"product_shipping_class-outofstock","12":"pa_afmetingen-133-x-23-x-20-cm","13":"pa_brand-jackery","14":"pa_capaciteit-240wh","15":"pa_gewicht-3-kg","16":"pa_input-dc-ac-ingang-ondersteunt-geen-direct-ac-opladen-gebruik-de-meegeleverde-externe-ac-oplader-dc-input-19v342a","17":"pa_materiaal-kunststof","18":"pa_oplaadtijd-via-ac-5-5-uur","19":"pa_output-230-v-1x-ac-output-230v-50hz-200w-400w-peak","20":"pa_output-dc-1087","21":"pa_output-usb-2x-usb-a-output-5v2-4a","22":"pa_productfamily-power-station","23":"pa_producttype-power-station","24":"pa_series-explorer","25":"pa_type-batterij-li-ion-nmc","27":"first","28":"outofstock","29":"taxable","30":"shipping-taxable","31":"product-type-simple"},"acf":[],"yoast_head":"<!-- This site is optimized with the Yoast SEO Premium plugin v27.2 (Yoast SEO v27.2) - https:\/\/yoast.com\/product\/yoast-seo-premium-wordpress\/ -->\n<title>Jackery Explorer 240 - koningdrone.be<\/title>\n<meta name=\"robots\" content=\"index, follow, max-snippet:-1, max-image-preview:large, max-video-preview:-1\" \/>\n<link rel=\"canonical\" href=\"https:\/\/koningdrone.be\/fr\/produit\/jackery-explorer-240\/\" \/>\n<meta property=\"og:locale\" content=\"fr_FR\" \/>\n<meta property=\"og:type\" content=\"article\" \/>\n<meta property=\"og:title\" content=\"Jackery Explorer 240\" \/>\n<meta property=\"og:description\" content=\"Capacity: 240 Wh (14.4 V, 16.8 Ah)  Cell Chemistry: Li-Ion NMC  Life cycles: \u2265500 cycles up to 80%  Management system: BMS, Overheating protection, Overvoltage protection, Short circuit protection, Overcharging protection  CONNECTIONS  AC output: 230V, 200W (peak 400W)  USB-A output: 5V, 2.4A  Automatic output: 12V, 10A  DC input: 12V-30V (max. 65W)  CHARGING TIME  AC adapter: approx. 5.5 hours  12V car adapter: approx. 6.5 hours  SolarSaga 100 solar panel: approx. 5.5 hours  GENERAL  Weight: 3 kg  Dimensions (LxWxD): 13.2 x 23.1 x 19.5 cm  Operating temperature: -10 to 40\u00b0C  Certifications: UN 38.3 \/ RoHS \/ REACH \/ WEEE \/ CE\" \/>\n<meta property=\"og:url\" content=\"https:\/\/koningdrone.be\/fr\/produit\/jackery-explorer-240\/\" \/>\n<meta property=\"og:site_name\" content=\"koningdrone.be\" \/>\n<meta property=\"article:modified_time\" content=\"2026-04-29T12:40:58+00:00\" \/>\n<meta property=\"og:image\" content=\"https:\/\/koningdrone.be\/wp-content\/uploads\/sites\/13\/2025\/04\/Jackery-Explorer-240-1-1.webp\" \/>\n\t<meta property=\"og:image:width\" content=\"800\" \/>\n\t<meta property=\"og:image:height\" content=\"800\" \/>\n\t<meta property=\"og:image:type\" content=\"image\/webp\" \/>\n<meta name=\"twitter:card\" content=\"summary_large_image\" \/>\n<meta name=\"twitter:label1\" content=\"Dur\u00e9e de lecture est.\" \/>\n\t<meta name=\"twitter:data1\" content=\"1 minute\" \/>\n<script type=\"application\/ld+json\" class=\"yoast-schema-graph\">{\"@context\":\"https:\/\/schema.org\",\"@graph\":[{\"@type\":\"WebPage\",\"@id\":\"https:\/\/koningdrone.be\/product\/jackery-explorer-240\/\",\"url\":\"https:\/\/koningdrone.be\/product\/jackery-explorer-240\/\",\"name\":\"Jackery Explorer 240 - koningdrone.be\",\"isPartOf\":{\"@id\":\"https:\/\/koningdrone.be\/#website\"},\"primaryImageOfPage\":{\"@id\":\"https:\/\/koningdrone.be\/product\/jackery-explorer-240\/#primaryimage\"},\"image\":{\"@id\":\"https:\/\/koningdrone.be\/product\/jackery-explorer-240\/#primaryimage\"},\"thumbnailUrl\":\"https:\/\/koningdrone.be\/wp-content\/uploads\/sites\/13\/2025\/04\/Jackery-Explorer-240-1-1.webp\",\"datePublished\":\"2022-11-13T09:35:41+00:00\",\"dateModified\":\"2026-04-29T12:40:58+00:00\",\"breadcrumb\":{\"@id\":\"https:\/\/koningdrone.be\/product\/jackery-explorer-240\/#breadcrumb\"},\"inLanguage\":\"fr-BE\",\"potentialAction\":[{\"@type\":\"ReadAction\",\"target\":[\"https:\/\/koningdrone.be\/product\/jackery-explorer-240\/\"]}]},{\"@type\":\"ImageObject\",\"inLanguage\":\"fr-BE\",\"@id\":\"https:\/\/koningdrone.be\/product\/jackery-explorer-240\/#primaryimage\",\"url\":\"https:\/\/koningdrone.be\/wp-content\/uploads\/sites\/13\/2025\/04\/Jackery-Explorer-240-1-1.webp\",\"contentUrl\":\"https:\/\/koningdrone.be\/wp-content\/uploads\/sites\/13\/2025\/04\/Jackery-Explorer-240-1-1.webp\",\"width\":800,\"height\":800},{\"@type\":\"BreadcrumbList\",\"@id\":\"https:\/\/koningdrone.be\/product\/jackery-explorer-240\/#breadcrumb\",\"itemListElement\":[{\"@type\":\"ListItem\",\"position\":1,\"name\":\"Home\",\"item\":\"https:\/\/koningdrone.be\/\"},{\"@type\":\"ListItem\",\"position\":2,\"name\":\"AVSS Parachute Recovery System for DJI Matrice 300\/350\",\"item\":\"https:\/\/koningdrone.be\/product\/avss-parachute-recovery-system-for-dji-matrice-300-350\/\"},{\"@type\":\"ListItem\",\"position\":3,\"name\":\"Alle powerstations\",\"item\":\"https:\/\/koningdrone.be\/categorie\/alle-powerstations\/\"},{\"@type\":\"ListItem\",\"position\":4,\"name\":\"Jackery Explorer 240\"}]},{\"@type\":\"WebSite\",\"@id\":\"https:\/\/koningdrone.be\/#website\",\"url\":\"https:\/\/koningdrone.be\/\",\"name\":\"Koningdrone.be - Uw online specialist in drones, gimbals, camera's en power stations.\",\"description\":\"De webshop in drones en gimbals\",\"publisher\":{\"@id\":\"https:\/\/koningdrone.be\/#organization\"},\"potentialAction\":[{\"@type\":\"SearchAction\",\"target\":{\"@type\":\"EntryPoint\",\"urlTemplate\":\"https:\/\/koningdrone.be\/?s={search_term_string}\"},\"query-input\":{\"@type\":\"PropertyValueSpecification\",\"valueRequired\":true,\"valueName\":\"search_term_string\"}}],\"inLanguage\":\"fr-BE\"},{\"@type\":\"Organization\",\"@id\":\"https:\/\/koningdrone.be\/#organization\",\"name\":\"Koningdrone.be\",\"url\":\"https:\/\/koningdrone.be\/\",\"logo\":{\"@type\":\"ImageObject\",\"inLanguage\":\"fr-BE\",\"@id\":\"https:\/\/koningdrone.be\/#\/schema\/logo\/image\/\",\"url\":\"https:\/\/koningdrone.be\/wp-content\/uploads\/sites\/13\/2025\/04\/koningdrone-copyright-logo.svg\",\"contentUrl\":\"https:\/\/koningdrone.be\/wp-content\/uploads\/sites\/13\/2025\/04\/koningdrone-copyright-logo.svg\",\"width\":227,\"height\":38,\"caption\":\"Koningdrone.be\"},\"image\":{\"@id\":\"https:\/\/koningdrone.be\/#\/schema\/logo\/image\/\"}}]}<\/script>\n<!-- \/ Yoast SEO Premium plugin. -->","yoast_head_json":{"title":"Jackery Explorer 240 - koningdrone.be","robots":{"index":"index","follow":"follow","max-snippet":"max-snippet:-1","max-image-preview":"max-image-preview:large","max-video-preview":"max-video-preview:-1"},"canonical":"https:\/\/koningdrone.be\/fr\/produit\/jackery-explorer-240\/","og_locale":"fr_FR","og_type":"article","og_title":"Jackery Explorer 240","og_description":"Capacity: 240 Wh (14.4 V, 16.8 Ah)  Cell Chemistry: Li-Ion NMC  Life cycles: \u2265500 cycles up to 80%  Management system: BMS, Overheating protection, Overvoltage protection, Short circuit protection, Overcharging protection  CONNECTIONS  AC output: 230V, 200W (peak 400W)  USB-A output: 5V, 2.4A  Automatic output: 12V, 10A  DC input: 12V-30V (max. 65W)  CHARGING TIME  AC adapter: approx. 5.5 hours  12V car adapter: approx. 6.5 hours  SolarSaga 100 solar panel: approx. 5.5 hours  GENERAL  Weight: 3 kg  Dimensions (LxWxD): 13.2 x 23.1 x 19.5 cm  Operating temperature: -10 to 40\u00b0C  Certifications: UN 38.3 \/ RoHS \/ REACH \/ WEEE \/ CE","og_url":"https:\/\/koningdrone.be\/fr\/produit\/jackery-explorer-240\/","og_site_name":"koningdrone.be","article_modified_time":"2026-04-29T12:40:58+00:00","og_image":[{"width":800,"height":800,"url":"https:\/\/koningdrone.be\/wp-content\/uploads\/sites\/13\/2025\/04\/Jackery-Explorer-240-1-1.webp","type":"image\/webp"}],"twitter_card":"summary_large_image","twitter_misc":{"Dur\u00e9e de lecture est.":"1 minute"},"schema":{"@context":"https:\/\/schema.org","@graph":[{"@type":"WebPage","@id":"https:\/\/koningdrone.be\/product\/jackery-explorer-240\/","url":"https:\/\/koningdrone.be\/product\/jackery-explorer-240\/","name":"Jackery Explorer 240 - koningdrone.be","isPartOf":{"@id":"https:\/\/koningdrone.be\/#website"},"primaryImageOfPage":{"@id":"https:\/\/koningdrone.be\/product\/jackery-explorer-240\/#primaryimage"},"image":{"@id":"https:\/\/koningdrone.be\/product\/jackery-explorer-240\/#primaryimage"},"thumbnailUrl":"https:\/\/koningdrone.be\/wp-content\/uploads\/sites\/13\/2025\/04\/Jackery-Explorer-240-1-1.webp","datePublished":"2022-11-13T09:35:41+00:00","dateModified":"2026-04-29T12:40:58+00:00","breadcrumb":{"@id":"https:\/\/koningdrone.be\/product\/jackery-explorer-240\/#breadcrumb"},"inLanguage":"fr-BE","potentialAction":[{"@type":"ReadAction","target":["https:\/\/koningdrone.be\/product\/jackery-explorer-240\/"]}]},{"@type":"ImageObject","inLanguage":"fr-BE","@id":"https:\/\/koningdrone.be\/product\/jackery-explorer-240\/#primaryimage","url":"https:\/\/koningdrone.be\/wp-content\/uploads\/sites\/13\/2025\/04\/Jackery-Explorer-240-1-1.webp","contentUrl":"https:\/\/koningdrone.be\/wp-content\/uploads\/sites\/13\/2025\/04\/Jackery-Explorer-240-1-1.webp","width":800,"height":800},{"@type":"BreadcrumbList","@id":"https:\/\/koningdrone.be\/product\/jackery-explorer-240\/#breadcrumb","itemListElement":[{"@type":"ListItem","position":1,"name":"Home","item":"https:\/\/koningdrone.be\/"},{"@type":"ListItem","position":2,"name":"AVSS Parachute Recovery System for DJI Matrice 300\/350","item":"https:\/\/koningdrone.be\/product\/avss-parachute-recovery-system-for-dji-matrice-300-350\/"},{"@type":"ListItem","position":3,"name":"Alle powerstations","item":"https:\/\/koningdrone.be\/categorie\/alle-powerstations\/"},{"@type":"ListItem","position":4,"name":"Jackery Explorer 240"}]},{"@type":"WebSite","@id":"https:\/\/koningdrone.be\/#website","url":"https:\/\/koningdrone.be\/","name":"Koningdrone.be - Votre sp\u00e9cialiste en ligne en mati\u00e8re de drones, de cardans, de cam\u00e9ras et de centrales \u00e9lectriques.","description":"La boutique en ligne de drones et de cardans","publisher":{"@id":"https:\/\/koningdrone.be\/#organization"},"potentialAction":[{"@type":"SearchAction","target":{"@type":"EntryPoint","urlTemplate":"https:\/\/koningdrone.be\/?s={search_term_string}"},"query-input":{"@type":"PropertyValueSpecification","valueRequired":true,"valueName":"search_term_string"}}],"inLanguage":"fr-BE"},{"@type":"Organization","@id":"https:\/\/koningdrone.be\/#organization","name":"Kingdrone.co.uk","url":"https:\/\/koningdrone.be\/","logo":{"@type":"ImageObject","inLanguage":"fr-BE","@id":"https:\/\/koningdrone.be\/#\/schema\/logo\/image\/","url":"https:\/\/koningdrone.be\/wp-content\/uploads\/sites\/13\/2025\/04\/koningdrone-copyright-logo.svg","contentUrl":"https:\/\/koningdrone.be\/wp-content\/uploads\/sites\/13\/2025\/04\/koningdrone-copyright-logo.svg","width":227,"height":38,"caption":"Koningdrone.be"},"image":{"@id":"https:\/\/koningdrone.be\/#\/schema\/logo\/image\/"}}]}},"df_price":"","df_sale_price":"","df_regular_price":"","df_image_link":"https:\/\/koningdrone.be\/wp-content\/uploads\/sites\/13\/2025\/04\/Jackery-Explorer-240-1-1-300x300.webp","_links":{"self":[{"href":"https:\/\/koningdrone.be\/fr\/wp-json\/wp\/v2\/product\/5205","targetHints":{"allow":["GET"]}}],"collection":[{"href":"https:\/\/koningdrone.be\/fr\/wp-json\/wp\/v2\/product"}],"about":[{"href":"https:\/\/koningdrone.be\/fr\/wp-json\/wp\/v2\/types\/product"}],"wp:featuredmedia":[{"embeddable":true,"href":"https:\/\/koningdrone.be\/fr\/wp-json\/wp\/v2\/media\/5198"}],"wp:attachment":[{"href":"https:\/\/koningdrone.be\/fr\/wp-json\/wp\/v2\/media?parent=5205"}],"wp:term":[{"taxonomy":"product_brand","embeddable":true,"href":"https:\/\/koningdrone.be\/fr\/wp-json\/wp\/v2\/product_brand?post=5205"},{"taxonomy":"product_cat","embeddable":true,"href":"https:\/\/koningdrone.be\/fr\/wp-json\/wp\/v2\/product_cat?post=5205"},{"taxonomy":"product_tag","embeddable":true,"href":"https:\/\/koningdrone.be\/fr\/wp-json\/wp\/v2\/product_tag?post=5205"}],"curies":[{"name":"wp","href":"https:\/\/api.w.org\/{rel}","templated":true}]}}