{"id":5183,"date":"2022-11-13T10:35:41","date_gmt":"2022-11-13T09:35:41","guid":{"rendered":"https:\/\/koningdrone.nl\/kon\/product\/ecoflow-river-2-pro\/"},"modified":"2026-04-29T16:40:14","modified_gmt":"2026-04-29T14:40:14","slug":"ecoflow-river-2-pro","status":"publish","type":"product","link":"https:\/\/koningdrone.be\/fr\/produit\/ecoflow-river-2-pro\/","title":{"rendered":"Ecoflow River 2 Pro"},"content":{"rendered":"<h1>EcoFlow RIVER 2 Pro<\/h1>\n<p><strong> Chargement de 0 \u00e0 100% en seulement 1 heure <\/strong><br \/>\nLes stations portables EcoFlow RIVER 2 ont la vitesse de charge la plus \u00e9lev\u00e9e, qui d\u00e9passe la vitesse de charge d'autres dispositifs similaires de fabricants concurrents. Votre station EcoFlow peut \u00eatre enti\u00e8rement recharg\u00e9e en seulement 60 minutes. C'est 5 fois plus rapide que les autres stations portables du march\u00e9 et 38% plus rapide que les versions pr\u00e9c\u00e9dentes. Vous pouvez recharger compl\u00e8tement RIVER 2 pendant que vous pr\u00e9parez vos bagages.<\/p>\n<p><strong> Type de batterie LiFePO4 <\/strong><br \/>\nLes nouvelles stations sont \u00e9quip\u00e9es de batteries actualis\u00e9es, qui se distinguent par une grande fiabilit\u00e9 op\u00e9rationnelle et une dur\u00e9e de vie allant jusqu'\u00e0 10 ans. La composition chimique actualis\u00e9e de la source d'\u00e9nergie a jou\u00e9 un r\u00f4le important \u00e0 cet \u00e9gard, en garantissant que les batteries de la s\u00e9rie RIVER 2 sont charg\u00e9es et d\u00e9charg\u00e9es plus de 3 000 fois. Cela repr\u00e9sente pr\u00e8s de 10 ans d'utilisation quotidienne et 6 fois plus que la moyenne du march\u00e9. Gr\u00e2ce aux \u00e9l\u00e9ments LFP, la s\u00e9rie RIVER 2 est s\u00fbre, durable et tr\u00e8s efficace, m\u00eame \u00e0 des temp\u00e9ratures \u00e9lev\u00e9es.<\/p>\n<p><strong> Protection intelligente de la batterie <\/strong><br \/>\nLe syst\u00e8me avanc\u00e9 de gestion de la batterie (BMS) du RIVER 2 surveille en permanence la tension, le courant et la temp\u00e9rature de l'appareil afin de fournir plusieurs niveaux de protection et d'optimiser la dur\u00e9e de vie du produit.<\/p>\n<p><strong> 4 m\u00e9thodes de chargement <\/strong><br \/>\nLa conception des stations portables RIVER 2 vous permet de les recharger de l'une des quatre fa\u00e7ons qui vous conviennent le mieux. Vous pouvez utiliser une prise murale standard, un adaptateur de voiture, un panneau solaire ou une interface USB-C.<br \/>\nVia USB-C<br \/>\nHors de la prise<br \/>\nA partir d'un panneau solaire<br \/>\nDe la voiture<\/p>\n<p><strong> 4 m\u00e9thodes de chargement <\/strong><br \/>\nMode X-Boost pour les appareils \u00e9lectriques puissants<br \/>\nLes stations de charge portables RIVER 2 sont de petite taille mais ont une puissance CA \u00e9lev\u00e9e allant jusqu'\u00e0 800W. Gr\u00e2ce au mode X-Boost, vous pouvez connecter un mixeur ou d'autres appareils m\u00e9nagers puissants \u00e0 la station, en utilisant jusqu'\u00e0 99% d'\u00e9lectronique grand public.<\/p>\n<p><strong>L\u00e9ger : seulement 7,8 kg <\/strong><br \/>\nGr\u00e2ce \u00e0 son corps compact, le branchement d'une alimentation autonome n'a jamais \u00e9t\u00e9 aussi simple et pratique. La l\u00e9g\u00e8ret\u00e9 de la station RIVER 2, qui est 30% plus l\u00e9g\u00e8re que les mod\u00e8les de la g\u00e9n\u00e9ration pr\u00e9c\u00e9dente, vous assure une existence sans souci lors de vos aventures en plein air.<\/p>\n<p><strong> Commutation ultrarapide <\/strong><br \/>\nAvec une vitesse de commutation inf\u00e9rieure \u00e0 30 ms, vous ne vous rendrez m\u00eame pas compte de la coupure de courant. Utilisez RIVER 2 comme source d'alimentation de secours en cas de coupure de courant la nuit, pour que vos appareils les plus essentiels fonctionnent sans probl\u00e8me.<\/p>","protected":false},"excerpt":{"rendered":"<ul>\n<li>De 0 \u00e0 100% en une heure seulement<\/li>\n<li>Batteries LiFePo4<\/li>\n<li>&lt; 30 ms pour commuter<\/li>\n<li>Demande de gestion<\/li>\n<li>4 m\u00e9thodes de chargement<\/li>\n<li>Technologie X Boost<\/li>\n<li>L\u00e9ger et compact<\/li>\n<\/ul>","protected":false},"featured_media":5180,"template":"","meta":{"_acf_changed":false},"product_brand":[],"product_cat":[454,97,245,276,415],"product_tag":[],"class_list":{"0":"post-5183","1":"product","2":"type-product","3":"status-publish","4":"has-post-thumbnail","6":"product_cat-alle-powerstations","7":"product_cat-alle-producten","8":"product_cat-ecoflow","9":"product_cat-ecoflow-powerstations","10":"product_cat-energy","11":"product_shipping_class-outofstock","12":"pa_afmetingen-270-x-260-x-226mm","13":"pa_brand-ecoflow","14":"pa_capaciteit-301-1100-wh","15":"pa_gewicht-7-8-kg","16":"pa_input-dc-ac-ingang-220-240v-50hz-60hz-870w-max-zonne-invoer-11-50v-13a-220w-max-auto-ingang-12v-24v-8a-100w-max-usb-c-ingang-uitgang-5-9-12-15-20v","17":"pa_materiaal-kunststof","18":"pa_oplaadtijd-via-ac-0-80-in-56-minuten-0-100-in-70-minuten-940w-max","19":"pa_output-230-v-1x-ac-uitgang-zuivere-sinusgolf-800-w-totaal-piek-1600-w-230-v-50-hz-60-hz","20":"pa_output-dc-12-6v-10a-3a-3a-126w-max","21":"pa_output-usb-usb-c-output-5a-100w-max-usb-a-output-5v-2-4a-12w-max","22":"pa_productfamily-power-station","23":"pa_producttype-power-station","24":"pa_series-river-2-pro","25":"pa_type-batterij-lifepo4","27":"first","28":"outofstock","29":"taxable","30":"shipping-taxable","31":"purchasable","32":"product-type-simple"},"acf":[],"yoast_head":"<!-- This site is optimized with the Yoast SEO Premium plugin v27.2 (Yoast SEO v27.2) - https:\/\/yoast.com\/product\/yoast-seo-premium-wordpress\/ -->\n<title>Ecoflow River 2 Pro - koningdrone.be<\/title>\n<meta name=\"robots\" content=\"index, follow, max-snippet:-1, max-image-preview:large, max-video-preview:-1\" \/>\n<link rel=\"canonical\" href=\"https:\/\/koningdrone.be\/fr\/produit\/ecoflow-river-2-pro\/\" \/>\n<meta property=\"og:locale\" content=\"fr_FR\" \/>\n<meta property=\"og:type\" content=\"article\" \/>\n<meta property=\"og:title\" content=\"Ecoflow River 2 Pro\" \/>\n<meta property=\"og:description\" content=\"Van 0 tot 100% in slechts \u00e9\u00e9n uur  LiFePo4-batterijen  &lt; 30 ms om te schakelen  Aanvraag voor beheer  4 oplaadmethoden  X Boost-technologie  Lichtgewicht en compact\" \/>\n<meta property=\"og:url\" content=\"https:\/\/koningdrone.be\/fr\/produit\/ecoflow-river-2-pro\/\" \/>\n<meta property=\"og:site_name\" content=\"koningdrone.be\" \/>\n<meta property=\"article:modified_time\" content=\"2026-04-29T14:40:14+00:00\" \/>\n<meta property=\"og:image\" content=\"https:\/\/koningdrone.be\/wp-content\/uploads\/sites\/13\/2025\/04\/842783117687-1.jpg\" \/>\n\t<meta property=\"og:image:width\" content=\"540\" \/>\n\t<meta property=\"og:image:height\" content=\"540\" \/>\n\t<meta property=\"og:image:type\" content=\"image\/jpeg\" \/>\n<meta name=\"twitter:card\" content=\"summary_large_image\" \/>\n<meta name=\"twitter:label1\" content=\"Dur\u00e9e de lecture est.\" \/>\n\t<meta name=\"twitter:data1\" content=\"2 minutes\" \/>\n<script type=\"application\/ld+json\" class=\"yoast-schema-graph\">{\"@context\":\"https:\/\/schema.org\",\"@graph\":[{\"@type\":\"WebPage\",\"@id\":\"https:\/\/koningdrone.be\/product\/ecoflow-river-2-pro\/\",\"url\":\"https:\/\/koningdrone.be\/product\/ecoflow-river-2-pro\/\",\"name\":\"Ecoflow River 2 Pro - koningdrone.be\",\"isPartOf\":{\"@id\":\"https:\/\/koningdrone.be\/#website\"},\"primaryImageOfPage\":{\"@id\":\"https:\/\/koningdrone.be\/product\/ecoflow-river-2-pro\/#primaryimage\"},\"image\":{\"@id\":\"https:\/\/koningdrone.be\/product\/ecoflow-river-2-pro\/#primaryimage\"},\"thumbnailUrl\":\"https:\/\/koningdrone.be\/wp-content\/uploads\/sites\/13\/2025\/04\/842783117687-1.jpg\",\"datePublished\":\"2022-11-13T09:35:41+00:00\",\"dateModified\":\"2026-04-29T14:40:14+00:00\",\"breadcrumb\":{\"@id\":\"https:\/\/koningdrone.be\/product\/ecoflow-river-2-pro\/#breadcrumb\"},\"inLanguage\":\"fr-BE\",\"potentialAction\":[{\"@type\":\"ReadAction\",\"target\":[\"https:\/\/koningdrone.be\/product\/ecoflow-river-2-pro\/\"]}]},{\"@type\":\"ImageObject\",\"inLanguage\":\"fr-BE\",\"@id\":\"https:\/\/koningdrone.be\/product\/ecoflow-river-2-pro\/#primaryimage\",\"url\":\"https:\/\/koningdrone.be\/wp-content\/uploads\/sites\/13\/2025\/04\/842783117687-1.jpg\",\"contentUrl\":\"https:\/\/koningdrone.be\/wp-content\/uploads\/sites\/13\/2025\/04\/842783117687-1.jpg\",\"width\":540,\"height\":540},{\"@type\":\"BreadcrumbList\",\"@id\":\"https:\/\/koningdrone.be\/product\/ecoflow-river-2-pro\/#breadcrumb\",\"itemListElement\":[{\"@type\":\"ListItem\",\"position\":1,\"name\":\"Home\",\"item\":\"https:\/\/koningdrone.be\/\"},{\"@type\":\"ListItem\",\"position\":2,\"name\":\"AVSS Parachute Recovery System for DJI Matrice 300\/350\",\"item\":\"https:\/\/koningdrone.be\/product\/avss-parachute-recovery-system-for-dji-matrice-300-350\/\"},{\"@type\":\"ListItem\",\"position\":3,\"name\":\"Alle powerstations\",\"item\":\"https:\/\/koningdrone.be\/categorie\/alle-powerstations\/\"},{\"@type\":\"ListItem\",\"position\":4,\"name\":\"Ecoflow River 2 Pro\"}]},{\"@type\":\"WebSite\",\"@id\":\"https:\/\/koningdrone.be\/#website\",\"url\":\"https:\/\/koningdrone.be\/\",\"name\":\"Koningdrone.be - Uw online specialist in drones, gimbals, camera's en power stations.\",\"description\":\"De webshop in drones en gimbals\",\"publisher\":{\"@id\":\"https:\/\/koningdrone.be\/#organization\"},\"potentialAction\":[{\"@type\":\"SearchAction\",\"target\":{\"@type\":\"EntryPoint\",\"urlTemplate\":\"https:\/\/koningdrone.be\/?s={search_term_string}\"},\"query-input\":{\"@type\":\"PropertyValueSpecification\",\"valueRequired\":true,\"valueName\":\"search_term_string\"}}],\"inLanguage\":\"fr-BE\"},{\"@type\":\"Organization\",\"@id\":\"https:\/\/koningdrone.be\/#organization\",\"name\":\"Koningdrone.be\",\"url\":\"https:\/\/koningdrone.be\/\",\"logo\":{\"@type\":\"ImageObject\",\"inLanguage\":\"fr-BE\",\"@id\":\"https:\/\/koningdrone.be\/#\/schema\/logo\/image\/\",\"url\":\"https:\/\/koningdrone.be\/wp-content\/uploads\/sites\/13\/2025\/04\/koningdrone-copyright-logo.svg\",\"contentUrl\":\"https:\/\/koningdrone.be\/wp-content\/uploads\/sites\/13\/2025\/04\/koningdrone-copyright-logo.svg\",\"width\":227,\"height\":38,\"caption\":\"Koningdrone.be\"},\"image\":{\"@id\":\"https:\/\/koningdrone.be\/#\/schema\/logo\/image\/\"}}]}<\/script>\n<!-- \/ Yoast SEO Premium plugin. -->","yoast_head_json":{"title":"Ecoflow River 2 Pro - koningdrone.be","robots":{"index":"index","follow":"follow","max-snippet":"max-snippet:-1","max-image-preview":"max-image-preview:large","max-video-preview":"max-video-preview:-1"},"canonical":"https:\/\/koningdrone.be\/fr\/produit\/ecoflow-river-2-pro\/","og_locale":"fr_FR","og_type":"article","og_title":"Ecoflow River 2 Pro","og_description":"Van 0 tot 100% in slechts \u00e9\u00e9n uur  LiFePo4-batterijen  &lt; 30 ms om te schakelen  Aanvraag voor beheer  4 oplaadmethoden  X Boost-technologie  Lichtgewicht en compact","og_url":"https:\/\/koningdrone.be\/fr\/produit\/ecoflow-river-2-pro\/","og_site_name":"koningdrone.be","article_modified_time":"2026-04-29T14:40:14+00:00","og_image":[{"width":540,"height":540,"url":"https:\/\/koningdrone.be\/wp-content\/uploads\/sites\/13\/2025\/04\/842783117687-1.jpg","type":"image\/jpeg"}],"twitter_card":"summary_large_image","twitter_misc":{"Dur\u00e9e de lecture est.":"2 minutes"},"schema":{"@context":"https:\/\/schema.org","@graph":[{"@type":"WebPage","@id":"https:\/\/koningdrone.be\/product\/ecoflow-river-2-pro\/","url":"https:\/\/koningdrone.be\/product\/ecoflow-river-2-pro\/","name":"Ecoflow River 2 Pro - koningdrone.be","isPartOf":{"@id":"https:\/\/koningdrone.be\/#website"},"primaryImageOfPage":{"@id":"https:\/\/koningdrone.be\/product\/ecoflow-river-2-pro\/#primaryimage"},"image":{"@id":"https:\/\/koningdrone.be\/product\/ecoflow-river-2-pro\/#primaryimage"},"thumbnailUrl":"https:\/\/koningdrone.be\/wp-content\/uploads\/sites\/13\/2025\/04\/842783117687-1.jpg","datePublished":"2022-11-13T09:35:41+00:00","dateModified":"2026-04-29T14:40:14+00:00","breadcrumb":{"@id":"https:\/\/koningdrone.be\/product\/ecoflow-river-2-pro\/#breadcrumb"},"inLanguage":"fr-BE","potentialAction":[{"@type":"ReadAction","target":["https:\/\/koningdrone.be\/product\/ecoflow-river-2-pro\/"]}]},{"@type":"ImageObject","inLanguage":"fr-BE","@id":"https:\/\/koningdrone.be\/product\/ecoflow-river-2-pro\/#primaryimage","url":"https:\/\/koningdrone.be\/wp-content\/uploads\/sites\/13\/2025\/04\/842783117687-1.jpg","contentUrl":"https:\/\/koningdrone.be\/wp-content\/uploads\/sites\/13\/2025\/04\/842783117687-1.jpg","width":540,"height":540},{"@type":"BreadcrumbList","@id":"https:\/\/koningdrone.be\/product\/ecoflow-river-2-pro\/#breadcrumb","itemListElement":[{"@type":"ListItem","position":1,"name":"Home","item":"https:\/\/koningdrone.be\/"},{"@type":"ListItem","position":2,"name":"AVSS Parachute Recovery System for DJI Matrice 300\/350","item":"https:\/\/koningdrone.be\/product\/avss-parachute-recovery-system-for-dji-matrice-300-350\/"},{"@type":"ListItem","position":3,"name":"Alle powerstations","item":"https:\/\/koningdrone.be\/categorie\/alle-powerstations\/"},{"@type":"ListItem","position":4,"name":"Ecoflow River 2 Pro"}]},{"@type":"WebSite","@id":"https:\/\/koningdrone.be\/#website","url":"https:\/\/koningdrone.be\/","name":"Koningdrone.be - Votre sp\u00e9cialiste en ligne en mati\u00e8re de drones, de cardans, de cam\u00e9ras et de centrales \u00e9lectriques.","description":"La boutique en ligne de drones et de cardans","publisher":{"@id":"https:\/\/koningdrone.be\/#organization"},"potentialAction":[{"@type":"SearchAction","target":{"@type":"EntryPoint","urlTemplate":"https:\/\/koningdrone.be\/?s={search_term_string}"},"query-input":{"@type":"PropertyValueSpecification","valueRequired":true,"valueName":"search_term_string"}}],"inLanguage":"fr-BE"},{"@type":"Organization","@id":"https:\/\/koningdrone.be\/#organization","name":"Kingdrone.co.uk","url":"https:\/\/koningdrone.be\/","logo":{"@type":"ImageObject","inLanguage":"fr-BE","@id":"https:\/\/koningdrone.be\/#\/schema\/logo\/image\/","url":"https:\/\/koningdrone.be\/wp-content\/uploads\/sites\/13\/2025\/04\/koningdrone-copyright-logo.svg","contentUrl":"https:\/\/koningdrone.be\/wp-content\/uploads\/sites\/13\/2025\/04\/koningdrone-copyright-logo.svg","width":227,"height":38,"caption":"Koningdrone.be"},"image":{"@id":"https:\/\/koningdrone.be\/#\/schema\/logo\/image\/"}}]}},"df_price":549,"df_sale_price":"","df_regular_price":549,"df_image_link":"https:\/\/koningdrone.be\/wp-content\/uploads\/sites\/13\/2025\/04\/842783117687-1-300x300.jpg","_links":{"self":[{"href":"https:\/\/koningdrone.be\/fr\/wp-json\/wp\/v2\/product\/5183","targetHints":{"allow":["GET"]}}],"collection":[{"href":"https:\/\/koningdrone.be\/fr\/wp-json\/wp\/v2\/product"}],"about":[{"href":"https:\/\/koningdrone.be\/fr\/wp-json\/wp\/v2\/types\/product"}],"wp:featuredmedia":[{"embeddable":true,"href":"https:\/\/koningdrone.be\/fr\/wp-json\/wp\/v2\/media\/5180"}],"wp:attachment":[{"href":"https:\/\/koningdrone.be\/fr\/wp-json\/wp\/v2\/media?parent=5183"}],"wp:term":[{"taxonomy":"product_brand","embeddable":true,"href":"https:\/\/koningdrone.be\/fr\/wp-json\/wp\/v2\/product_brand?post=5183"},{"taxonomy":"product_cat","embeddable":true,"href":"https:\/\/koningdrone.be\/fr\/wp-json\/wp\/v2\/product_cat?post=5183"},{"taxonomy":"product_tag","embeddable":true,"href":"https:\/\/koningdrone.be\/fr\/wp-json\/wp\/v2\/product_tag?post=5183"}],"curies":[{"name":"wp","href":"https:\/\/api.w.org\/{rel}","templated":true}]}}