{"id":5179,"date":"2022-11-13T10:35:41","date_gmt":"2022-11-13T09:35:41","guid":{"rendered":"https:\/\/koningdrone.nl\/kon\/product\/ecoflow-river-2-max\/"},"modified":"2026-04-29T16:40:12","modified_gmt":"2026-04-29T14:40:12","slug":"ecoflow-river-2-max","status":"publish","type":"product","link":"https:\/\/koningdrone.be\/fr\/produit\/ecoflow-river-2-max\/","title":{"rendered":"Ecoflow River 2 Max"},"content":{"rendered":"<p>L'Ecoflow River 2 Max (EU) est une centrale \u00e9lectrique portable dot\u00e9e d'une puissante batterie LiFePO4 de 512 Wh. Pesant seulement 6 kilogrammes et mesurant 27 x 26 x 19,6 cm, elle offre une alimentation portable \u00e0 la maison et en voyage.<\/p>\n<p><strong>Vitesse de chargement et autonomie de la batterie<\/strong><\/p>\n<p>La vitesse de chargement du RIVER 2 d\u00e9passe les normes de l'industrie : il se charge compl\u00e8tement en seulement 60 minutes. C'est cinq fois plus rapide que les autres stations d'alimentation portables du march\u00e9 et 38% plus rapide que les g\u00e9n\u00e9rations pr\u00e9c\u00e9dentes, ce qui vous permet d'\u00eatre toujours pr\u00eat \u00e0 voyager. Gr\u00e2ce \u00e0 sa batterie LFP am\u00e9lior\u00e9e, la RIVER 2 peut \u00eatre charg\u00e9e et d\u00e9charg\u00e9e plus de 3 000 fois, ce qui signifie qu'elle durera 10 ans, m\u00eame en cas d'utilisation quotidienne. Le syst\u00e8me intelligent de gestion de la batterie maximise la dur\u00e9e de vie de la batterie gr\u00e2ce \u00e0 de multiples protections telles que la surveillance constante de la tension, du courant et de la temp\u00e9rature.<\/p>\n<p><strong>Options de chargement et puissance<\/strong><\/p>\n<p>Avec quatre fa\u00e7ons diff\u00e9rentes de charger le RIVER 2, vous pouvez choisir l'option de charge adapt\u00e9e \u00e0 chaque situation. Gr\u00e2ce \u00e0 la possibilit\u00e9 de connecter des panneaux solaires portables, vous pouvez recharger compl\u00e8tement votre alimentation hors r\u00e9seau en seulement 3 heures. La s\u00e9rie RIVER 2 d\u00e9livre jusqu'\u00e0 800 W de puissance et dispose d'une sortie AC qui peut d\u00e9livrer jusqu'\u00e0 1 600 W de puissance de sortie en mode X-Boost. Sa conception compacte et l\u00e9g\u00e8re permet d'emporter facilement une alimentation hors r\u00e9seau en voyage, avec la possibilit\u00e9 de faire fonctionner jusqu'\u00e0 80% d'appareils \u00e9lectrom\u00e9nagers de grande puissance.<\/p>\n<p><strong>Alimentation \u00e9lectrique de secours et t\u00e9l\u00e9commande<\/strong><\/p>\n<p>Le RIVER 2 peut \u00e9galement \u00eatre utilis\u00e9 comme alimentation de secours en cas de coupure de courant, avec une commutation rapide en 30 ms. Avec l'application Ecoflow, vous pouvez contr\u00f4ler et surveiller \u00e0 distance le RIVER 2, v\u00e9rifier les niveaux de batterie, ajuster les param\u00e8tres et d\u00e9finir les taux de charge depuis le confort de votre t\u00e9l\u00e9phone portable.<\/p>\n<p>&nbsp;<\/p>","protected":false},"excerpt":{"rendered":"<ul>\n<li>Nombre total de prises : 9<\/li>\n<li>Prises : onde sinuso\u00efdale pure, 500 W au total (surtension 1000 W), 230 V ~ 50\/60 Hz<\/li>\n<li>Puissance d'amplification : 1000 W<\/li>\n<li>Consommation d'\u00e9nergie : 220W Max<\/li>\n<li>elchimie : LFP<\/li>\n<li>Application mobile : Oui<\/li>\n<li>iFi : oui<\/li>\n<li>Bluetooth : oui<\/li>\n<li>poids net : 6 kg<\/li>\n<li>dimensions : 270x260x196mm<\/li>\n<li>Charge C : 660W<\/li>\n<li>Capacit\u00e9 : 512Wh<\/li>\n<\/ul>","protected":false},"featured_media":5175,"template":"","meta":{"_acf_changed":false},"product_brand":[],"product_cat":[454,97,245,276,415],"product_tag":[],"class_list":{"0":"post-5179","1":"product","2":"type-product","3":"status-publish","4":"has-post-thumbnail","6":"product_cat-alle-powerstations","7":"product_cat-alle-producten","8":"product_cat-ecoflow","9":"product_cat-ecoflow-powerstations","10":"product_cat-energy","11":"product_shipping_class-outofstock","12":"pa_afmetingen-27-x-26-x-196-cm","13":"pa_brand-ecoflow","14":"pa_capaciteit-512-wh","15":"pa_gewicht-6-kg","16":"pa_input-dc-ingangsvermogen-ac-opladen-x-stream-660-w-max-ingang-zonne-energie-xt60-220-w-11-50-v-13-a-max-220-w-auto-oplaadingang-12v-24v-8a-100w-max","17":"pa_materiaal-kunststof","18":"pa_oplaadtijd-via-ac-1-uur","19":"pa_output-230-v-2-x-ac-230-v-eu-schuko_x000d_-totaal-max-500-w-continuvermogen_x000d_-totaal-max-1000-w-piek-vermogen","20":"pa_output-dc-1x-12-6v-10a-126w-max-dc-car-port_x000d_-2x-12-6v-3a-36w-max-dc5521-port","21":"pa_output-usb-usb-a-output-x3-5v-2-4a-12w-max_x000d_-usb-c-output-x1-5-9-12-15-20v-5a-100w-max","22":"pa_productfamily-power-station","23":"pa_producttype-power-station","24":"pa_series-river-2-max","25":"pa_type-batterij-lifepo4","26":"pa_wifi-functie-ja","28":"first","29":"outofstock","30":"taxable","31":"shipping-taxable","32":"purchasable","33":"product-type-simple"},"acf":[],"yoast_head":"<!-- This site is optimized with the Yoast SEO Premium plugin v27.2 (Yoast SEO v27.2) - https:\/\/yoast.com\/product\/yoast-seo-premium-wordpress\/ -->\n<title>Ecoflow River 2 Max - koningdrone.be<\/title>\n<meta name=\"robots\" content=\"index, follow, max-snippet:-1, max-image-preview:large, max-video-preview:-1\" \/>\n<link rel=\"canonical\" href=\"https:\/\/koningdrone.be\/fr\/produit\/ecoflow-river-2-max\/\" \/>\n<meta property=\"og:locale\" content=\"fr_FR\" \/>\n<meta property=\"og:type\" content=\"article\" \/>\n<meta property=\"og:title\" content=\"Ecoflow River 2 Max\" \/>\n<meta property=\"og:description\" content=\"otaal aantal stopcontacten: 9  Stopcontacten: zuivere sinusgolf, 500 W totaal (overvolt 1000 W), 230 V ~ 50\/60 Hz  Boost-uitgang: 1000 W  onne-energie: 220W Max  elchemie: LFP  obiele app: Ja  iFi: Ja  luetooth: ja  ettogewicht: 6 kg  fmeting: 270x260x196mm  C-lading: 660W  apaciteit: 512Wh\" \/>\n<meta property=\"og:url\" content=\"https:\/\/koningdrone.be\/fr\/produit\/ecoflow-river-2-max\/\" \/>\n<meta property=\"og:site_name\" content=\"koningdrone.be\" \/>\n<meta property=\"article:modified_time\" content=\"2026-04-29T14:40:12+00:00\" \/>\n<meta property=\"og:image\" content=\"https:\/\/koningdrone.be\/wp-content\/uploads\/sites\/13\/2025\/04\/4895251600781-1-1.png\" \/>\n\t<meta property=\"og:image:width\" content=\"800\" \/>\n\t<meta property=\"og:image:height\" content=\"450\" \/>\n\t<meta property=\"og:image:type\" content=\"image\/png\" \/>\n<meta name=\"twitter:card\" content=\"summary_large_image\" \/>\n<meta name=\"twitter:label1\" content=\"Dur\u00e9e de lecture est.\" \/>\n\t<meta name=\"twitter:data1\" content=\"1 minute\" \/>\n<script type=\"application\/ld+json\" class=\"yoast-schema-graph\">{\"@context\":\"https:\/\/schema.org\",\"@graph\":[{\"@type\":\"WebPage\",\"@id\":\"https:\/\/koningdrone.be\/product\/ecoflow-river-2-max\/\",\"url\":\"https:\/\/koningdrone.be\/product\/ecoflow-river-2-max\/\",\"name\":\"Ecoflow River 2 Max - koningdrone.be\",\"isPartOf\":{\"@id\":\"https:\/\/koningdrone.be\/#website\"},\"primaryImageOfPage\":{\"@id\":\"https:\/\/koningdrone.be\/product\/ecoflow-river-2-max\/#primaryimage\"},\"image\":{\"@id\":\"https:\/\/koningdrone.be\/product\/ecoflow-river-2-max\/#primaryimage\"},\"thumbnailUrl\":\"https:\/\/koningdrone.be\/wp-content\/uploads\/sites\/13\/2025\/04\/4895251600781-1-1.png\",\"datePublished\":\"2022-11-13T09:35:41+00:00\",\"dateModified\":\"2026-04-29T14:40:12+00:00\",\"breadcrumb\":{\"@id\":\"https:\/\/koningdrone.be\/product\/ecoflow-river-2-max\/#breadcrumb\"},\"inLanguage\":\"fr-BE\",\"potentialAction\":[{\"@type\":\"ReadAction\",\"target\":[\"https:\/\/koningdrone.be\/product\/ecoflow-river-2-max\/\"]}]},{\"@type\":\"ImageObject\",\"inLanguage\":\"fr-BE\",\"@id\":\"https:\/\/koningdrone.be\/product\/ecoflow-river-2-max\/#primaryimage\",\"url\":\"https:\/\/koningdrone.be\/wp-content\/uploads\/sites\/13\/2025\/04\/4895251600781-1-1.png\",\"contentUrl\":\"https:\/\/koningdrone.be\/wp-content\/uploads\/sites\/13\/2025\/04\/4895251600781-1-1.png\",\"width\":800,\"height\":450},{\"@type\":\"BreadcrumbList\",\"@id\":\"https:\/\/koningdrone.be\/product\/ecoflow-river-2-max\/#breadcrumb\",\"itemListElement\":[{\"@type\":\"ListItem\",\"position\":1,\"name\":\"Home\",\"item\":\"https:\/\/koningdrone.be\/\"},{\"@type\":\"ListItem\",\"position\":2,\"name\":\"AVSS Parachute Recovery System for DJI Matrice 300\/350\",\"item\":\"https:\/\/koningdrone.be\/product\/avss-parachute-recovery-system-for-dji-matrice-300-350\/\"},{\"@type\":\"ListItem\",\"position\":3,\"name\":\"Alle powerstations\",\"item\":\"https:\/\/koningdrone.be\/categorie\/alle-powerstations\/\"},{\"@type\":\"ListItem\",\"position\":4,\"name\":\"Ecoflow River 2 Max\"}]},{\"@type\":\"WebSite\",\"@id\":\"https:\/\/koningdrone.be\/#website\",\"url\":\"https:\/\/koningdrone.be\/\",\"name\":\"Koningdrone.be - Uw online specialist in drones, gimbals, camera's en power stations.\",\"description\":\"De webshop in drones en gimbals\",\"publisher\":{\"@id\":\"https:\/\/koningdrone.be\/#organization\"},\"potentialAction\":[{\"@type\":\"SearchAction\",\"target\":{\"@type\":\"EntryPoint\",\"urlTemplate\":\"https:\/\/koningdrone.be\/?s={search_term_string}\"},\"query-input\":{\"@type\":\"PropertyValueSpecification\",\"valueRequired\":true,\"valueName\":\"search_term_string\"}}],\"inLanguage\":\"fr-BE\"},{\"@type\":\"Organization\",\"@id\":\"https:\/\/koningdrone.be\/#organization\",\"name\":\"Koningdrone.be\",\"url\":\"https:\/\/koningdrone.be\/\",\"logo\":{\"@type\":\"ImageObject\",\"inLanguage\":\"fr-BE\",\"@id\":\"https:\/\/koningdrone.be\/#\/schema\/logo\/image\/\",\"url\":\"https:\/\/koningdrone.be\/wp-content\/uploads\/sites\/13\/2025\/04\/koningdrone-copyright-logo.svg\",\"contentUrl\":\"https:\/\/koningdrone.be\/wp-content\/uploads\/sites\/13\/2025\/04\/koningdrone-copyright-logo.svg\",\"width\":227,\"height\":38,\"caption\":\"Koningdrone.be\"},\"image\":{\"@id\":\"https:\/\/koningdrone.be\/#\/schema\/logo\/image\/\"}}]}<\/script>\n<!-- \/ Yoast SEO Premium plugin. -->","yoast_head_json":{"title":"Ecoflow River 2 Max - koningdrone.be","robots":{"index":"index","follow":"follow","max-snippet":"max-snippet:-1","max-image-preview":"max-image-preview:large","max-video-preview":"max-video-preview:-1"},"canonical":"https:\/\/koningdrone.be\/fr\/produit\/ecoflow-river-2-max\/","og_locale":"fr_FR","og_type":"article","og_title":"Ecoflow River 2 Max","og_description":"otaal aantal stopcontacten: 9  Stopcontacten: zuivere sinusgolf, 500 W totaal (overvolt 1000 W), 230 V ~ 50\/60 Hz  Boost-uitgang: 1000 W  onne-energie: 220W Max  elchemie: LFP  obiele app: Ja  iFi: Ja  luetooth: ja  ettogewicht: 6 kg  fmeting: 270x260x196mm  C-lading: 660W  apaciteit: 512Wh","og_url":"https:\/\/koningdrone.be\/fr\/produit\/ecoflow-river-2-max\/","og_site_name":"koningdrone.be","article_modified_time":"2026-04-29T14:40:12+00:00","og_image":[{"width":800,"height":450,"url":"https:\/\/koningdrone.be\/wp-content\/uploads\/sites\/13\/2025\/04\/4895251600781-1-1.png","type":"image\/png"}],"twitter_card":"summary_large_image","twitter_misc":{"Dur\u00e9e de lecture est.":"1 minute"},"schema":{"@context":"https:\/\/schema.org","@graph":[{"@type":"WebPage","@id":"https:\/\/koningdrone.be\/product\/ecoflow-river-2-max\/","url":"https:\/\/koningdrone.be\/product\/ecoflow-river-2-max\/","name":"Ecoflow River 2 Max - koningdrone.be","isPartOf":{"@id":"https:\/\/koningdrone.be\/#website"},"primaryImageOfPage":{"@id":"https:\/\/koningdrone.be\/product\/ecoflow-river-2-max\/#primaryimage"},"image":{"@id":"https:\/\/koningdrone.be\/product\/ecoflow-river-2-max\/#primaryimage"},"thumbnailUrl":"https:\/\/koningdrone.be\/wp-content\/uploads\/sites\/13\/2025\/04\/4895251600781-1-1.png","datePublished":"2022-11-13T09:35:41+00:00","dateModified":"2026-04-29T14:40:12+00:00","breadcrumb":{"@id":"https:\/\/koningdrone.be\/product\/ecoflow-river-2-max\/#breadcrumb"},"inLanguage":"fr-BE","potentialAction":[{"@type":"ReadAction","target":["https:\/\/koningdrone.be\/product\/ecoflow-river-2-max\/"]}]},{"@type":"ImageObject","inLanguage":"fr-BE","@id":"https:\/\/koningdrone.be\/product\/ecoflow-river-2-max\/#primaryimage","url":"https:\/\/koningdrone.be\/wp-content\/uploads\/sites\/13\/2025\/04\/4895251600781-1-1.png","contentUrl":"https:\/\/koningdrone.be\/wp-content\/uploads\/sites\/13\/2025\/04\/4895251600781-1-1.png","width":800,"height":450},{"@type":"BreadcrumbList","@id":"https:\/\/koningdrone.be\/product\/ecoflow-river-2-max\/#breadcrumb","itemListElement":[{"@type":"ListItem","position":1,"name":"Home","item":"https:\/\/koningdrone.be\/"},{"@type":"ListItem","position":2,"name":"AVSS Parachute Recovery System for DJI Matrice 300\/350","item":"https:\/\/koningdrone.be\/product\/avss-parachute-recovery-system-for-dji-matrice-300-350\/"},{"@type":"ListItem","position":3,"name":"Alle powerstations","item":"https:\/\/koningdrone.be\/categorie\/alle-powerstations\/"},{"@type":"ListItem","position":4,"name":"Ecoflow River 2 Max"}]},{"@type":"WebSite","@id":"https:\/\/koningdrone.be\/#website","url":"https:\/\/koningdrone.be\/","name":"Koningdrone.be - Votre sp\u00e9cialiste en ligne en mati\u00e8re de drones, de cardans, de cam\u00e9ras et de centrales \u00e9lectriques.","description":"La boutique en ligne de drones et de cardans","publisher":{"@id":"https:\/\/koningdrone.be\/#organization"},"potentialAction":[{"@type":"SearchAction","target":{"@type":"EntryPoint","urlTemplate":"https:\/\/koningdrone.be\/?s={search_term_string}"},"query-input":{"@type":"PropertyValueSpecification","valueRequired":true,"valueName":"search_term_string"}}],"inLanguage":"fr-BE"},{"@type":"Organization","@id":"https:\/\/koningdrone.be\/#organization","name":"Kingdrone.co.uk","url":"https:\/\/koningdrone.be\/","logo":{"@type":"ImageObject","inLanguage":"fr-BE","@id":"https:\/\/koningdrone.be\/#\/schema\/logo\/image\/","url":"https:\/\/koningdrone.be\/wp-content\/uploads\/sites\/13\/2025\/04\/koningdrone-copyright-logo.svg","contentUrl":"https:\/\/koningdrone.be\/wp-content\/uploads\/sites\/13\/2025\/04\/koningdrone-copyright-logo.svg","width":227,"height":38,"caption":"Koningdrone.be"},"image":{"@id":"https:\/\/koningdrone.be\/#\/schema\/logo\/image\/"}}]}},"df_price":399,"df_sale_price":"","df_regular_price":399,"df_image_link":"https:\/\/koningdrone.be\/wp-content\/uploads\/sites\/13\/2025\/04\/4895251600781-1-1-300x169.png","_links":{"self":[{"href":"https:\/\/koningdrone.be\/fr\/wp-json\/wp\/v2\/product\/5179","targetHints":{"allow":["GET"]}}],"collection":[{"href":"https:\/\/koningdrone.be\/fr\/wp-json\/wp\/v2\/product"}],"about":[{"href":"https:\/\/koningdrone.be\/fr\/wp-json\/wp\/v2\/types\/product"}],"wp:featuredmedia":[{"embeddable":true,"href":"https:\/\/koningdrone.be\/fr\/wp-json\/wp\/v2\/media\/5175"}],"wp:attachment":[{"href":"https:\/\/koningdrone.be\/fr\/wp-json\/wp\/v2\/media?parent=5179"}],"wp:term":[{"taxonomy":"product_brand","embeddable":true,"href":"https:\/\/koningdrone.be\/fr\/wp-json\/wp\/v2\/product_brand?post=5179"},{"taxonomy":"product_cat","embeddable":true,"href":"https:\/\/koningdrone.be\/fr\/wp-json\/wp\/v2\/product_cat?post=5179"},{"taxonomy":"product_tag","embeddable":true,"href":"https:\/\/koningdrone.be\/fr\/wp-json\/wp\/v2\/product_tag?post=5179"}],"curies":[{"name":"wp","href":"https:\/\/api.w.org\/{rel}","templated":true}]}}