{"id":5166,"date":"2022-11-13T10:35:41","date_gmt":"2022-11-13T09:35:41","guid":{"rendered":"https:\/\/koningdrone.nl\/kon\/product\/jackery-solarsaga-200\/"},"modified":"2026-04-29T14:50:08","modified_gmt":"2026-04-29T12:50:08","slug":"jackery-solarsaga-200","status":"publish","type":"product","link":"https:\/\/koningdrone.be\/fr\/produit\/jackery-solarsaga-200\/","title":{"rendered":"Jackery SolarSaga 200"},"content":{"rendered":"<p><span style=\"vertical-align: inherit\"><span style=\"vertical-align: inherit\"><span style=\"vertical-align: inherit\"><span style=\"vertical-align: inherit\">Le SolarSaga 200 vous permet de recharger compl\u00e8tement la centrale \u00e9lectrique portable Jackery Explorer 2000 PRO en seulement 2,5 heures gr\u00e2ce \u00e0 6 panneaux solaires. Le panneau solaire est \u00e9galement compatible avec les autres centrales Jackery.<\/span><\/span><\/span><\/span><\/p>\n<p><strong><span style=\"vertical-align: inherit\"><span style=\"vertical-align: inherit\"><span style=\"vertical-align: inherit\"><span style=\"vertical-align: inherit\">Cellules solaires efficaces<\/span><\/span><\/span><\/span><\/strong><\/p>\n<p><span style=\"vertical-align: inherit\"><span style=\"vertical-align: inherit\"><span style=\"vertical-align: inherit\"><span style=\"vertical-align: inherit\">Les cellules solaires avanc\u00e9es du panneau solaire offrent un rendement de conversion plus \u00e9lev\u00e9 allant jusqu'\u00e0 24,3%, ce qui le rend plus performant que les panneaux solaires comparables et lui permet de produire plus d'\u00e9nergie dans des conditions similaires.<\/span><\/span><\/span><\/span><\/p>\n<p><strong><span style=\"vertical-align: inherit\"><span style=\"vertical-align: inherit\"><span style=\"vertical-align: inherit\"><span style=\"vertical-align: inherit\">Facile \u00e0 mettre en place<\/span><\/span><\/span><\/span><\/strong><\/p>\n<p><span style=\"vertical-align: inherit\"><span style=\"vertical-align: inherit\"><span style=\"vertical-align: inherit\"><span style=\"vertical-align: inherit\">Vous pouvez installer le panneau solaire en quelques secondes et il est extr\u00eamement stable gr\u00e2ce aux 3 supports lat\u00e9raux. L'angle garantit une absorption optimale de la lumi\u00e8re du soleil, ce qui en fait un compagnon de voyage id\u00e9al pour l'ext\u00e9rieur.<\/span><\/span><\/span><\/span><\/p>\n<p><strong><span style=\"vertical-align: inherit\"><span style=\"vertical-align: inherit\"><span style=\"vertical-align: inherit\"><span style=\"vertical-align: inherit\">Sac de transport pratique<\/span><\/span><\/span><\/span><\/strong><\/p>\n<p><span style=\"vertical-align: inherit\"><span style=\"vertical-align: inherit\"><span style=\"vertical-align: inherit\"><span style=\"vertical-align: inherit\">Le panneau solaire est livr\u00e9 avec un sac de transport pratique pour faciliter le transport. Les patins magn\u00e9tiques permettent de plier facilement le panneau solaire et de l'emporter avec soi lors de voyages hors r\u00e9seau.<\/span><\/span><\/span><\/span><\/p>\n<p><strong><span style=\"vertical-align: inherit\"><span style=\"vertical-align: inherit\"><span style=\"vertical-align: inherit\"><span style=\"vertical-align: inherit\">Robuste et r\u00e9sistant aux intemp\u00e9ries<\/span><\/span><\/span><\/span><\/strong><\/p>\n<p><span style=\"vertical-align: inherit\"><span style=\"vertical-align: inherit\"><span style=\"vertical-align: inherit\"><span style=\"vertical-align: inherit\">Gr\u00e2ce au bo\u00eetier en ETFE lamin\u00e9, le panneau solaire est robuste et a une dur\u00e9e de vie plus longue. En outre, le panneau est certifi\u00e9 IP67, ce qui signifie qu'il peut r\u00e9sister \u00e0 des conditions m\u00e9t\u00e9orologiques difficiles et humides.<\/span><\/span><\/span><\/span><\/p>\n<p>&nbsp;<\/p>","protected":false},"excerpt":{"rendered":"<ul>\n<li><span style=\"vertical-align: inherit\"><span style=\"vertical-align: inherit\">Puissance de cr\u00eate : 200 W<\/span><\/span><\/li>\n<li><span style=\"vertical-align: inherit\"><span style=\"vertical-align: inherit\">Tension d'alimentation : 18V<\/span><\/span><\/li>\n<li><span style=\"vertical-align: inherit\"><span style=\"vertical-align: inherit\">Courant : 11,12A<\/span><\/span><\/li>\n<li><span style=\"vertical-align: inherit\"><span style=\"vertical-align: inherit\">Tension \u00e0 vide : 23,2 V<\/span><\/span><\/li>\n<li><span style=\"vertical-align: inherit\"><span style=\"vertical-align: inherit\">Courant de court-circuit : 11,76A<\/span><\/span><\/li>\n<li><span style=\"vertical-align: inherit\"><span style=\"vertical-align: inherit\">G\u00c9N\u00c9RALIT\u00c9S<\/span><\/span><\/li>\n<li><span style=\"vertical-align: inherit\"><span style=\"vertical-align: inherit\">Poids : 8,5 kg<\/span><\/span><\/li>\n<li><span style=\"vertical-align: inherit\"><span style=\"vertical-align: inherit\">Dimensions (pli\u00e9) : 540 x 615 x 40 mm<\/span><\/span><\/li>\n<li><span style=\"vertical-align: inherit\"><span style=\"vertical-align: inherit\">Dimensions (d\u00e9pli\u00e9es) : 540 x 2320 x 25 mm<\/span><\/span><\/li>\n<li><span style=\"vertical-align: inherit\"><span style=\"vertical-align: inherit\">Temp\u00e9rature de fonctionnement : -10 \u00e0 65\u2103<\/span><\/span><\/li>\n<\/ul>","protected":false},"featured_media":5160,"template":"","meta":{"_acf_changed":false},"product_brand":[],"product_cat":[97,415,475,198],"product_tag":[],"class_list":{"0":"post-5166","1":"product","2":"type-product","3":"status-publish","4":"has-post-thumbnail","6":"product_cat-alle-producten","7":"product_cat-energy","8":"product_cat-jackery","9":"product_cat-zonnepanelen","10":"product_shipping_class-outofstock","11":"pa_brand-jackery","12":"pa_productfamily-zonnepaneel","13":"pa_producttype-zonnepaneel","14":"pa_series-jackery","16":"first","17":"outofstock","18":"taxable","19":"shipping-taxable","20":"product-type-simple"},"acf":[],"yoast_head":"<!-- This site is optimized with the Yoast SEO Premium plugin v27.2 (Yoast SEO v27.2) - https:\/\/yoast.com\/product\/yoast-seo-premium-wordpress\/ -->\n<title>Jackery SolarSaga 200 - koningdrone.be<\/title>\n<meta name=\"robots\" content=\"index, follow, max-snippet:-1, max-image-preview:large, max-video-preview:-1\" \/>\n<link rel=\"canonical\" href=\"https:\/\/koningdrone.be\/fr\/produit\/jackery-solarsaga-200\/\" \/>\n<meta property=\"og:locale\" content=\"fr_FR\" \/>\n<meta property=\"og:type\" content=\"article\" \/>\n<meta property=\"og:title\" content=\"Jackery SolarSaga 200\" \/>\n<meta property=\"og:description\" content=\"Peak power: 200W  Supply voltage: 18V  Current: 11.12A  No-load voltage: 23.2V  Short circuit current: 11.76A  GENERAL  Weight: 8.5 kg  Dimensions (folded): 540 x 615 x 40 mm  Dimensions (unfolded): 540 x 2320 x 25 mm  Operating temperature: -10 to 65\u2103\" \/>\n<meta property=\"og:url\" content=\"https:\/\/koningdrone.be\/fr\/produit\/jackery-solarsaga-200\/\" \/>\n<meta property=\"og:site_name\" content=\"koningdrone.be\" \/>\n<meta property=\"article:modified_time\" content=\"2026-04-29T12:50:08+00:00\" \/>\n<meta property=\"og:image\" content=\"https:\/\/koningdrone.be\/wp-content\/uploads\/sites\/13\/2025\/04\/190074000041-1.png\" \/>\n\t<meta property=\"og:image:width\" content=\"800\" \/>\n\t<meta property=\"og:image:height\" content=\"800\" \/>\n\t<meta property=\"og:image:type\" content=\"image\/png\" \/>\n<meta name=\"twitter:card\" content=\"summary_large_image\" \/>\n<meta name=\"twitter:label1\" content=\"Dur\u00e9e de lecture est.\" \/>\n\t<meta name=\"twitter:data1\" content=\"1 minute\" \/>\n<script type=\"application\/ld+json\" class=\"yoast-schema-graph\">{\"@context\":\"https:\/\/schema.org\",\"@graph\":[{\"@type\":\"WebPage\",\"@id\":\"https:\/\/koningdrone.be\/product\/jackery-solarsaga-200\/\",\"url\":\"https:\/\/koningdrone.be\/product\/jackery-solarsaga-200\/\",\"name\":\"Jackery SolarSaga 200 - koningdrone.be\",\"isPartOf\":{\"@id\":\"https:\/\/koningdrone.be\/#website\"},\"primaryImageOfPage\":{\"@id\":\"https:\/\/koningdrone.be\/product\/jackery-solarsaga-200\/#primaryimage\"},\"image\":{\"@id\":\"https:\/\/koningdrone.be\/product\/jackery-solarsaga-200\/#primaryimage\"},\"thumbnailUrl\":\"https:\/\/koningdrone.be\/wp-content\/uploads\/sites\/13\/2025\/04\/190074000041-1.png\",\"datePublished\":\"2022-11-13T09:35:41+00:00\",\"dateModified\":\"2026-04-29T12:50:08+00:00\",\"breadcrumb\":{\"@id\":\"https:\/\/koningdrone.be\/product\/jackery-solarsaga-200\/#breadcrumb\"},\"inLanguage\":\"fr-BE\",\"potentialAction\":[{\"@type\":\"ReadAction\",\"target\":[\"https:\/\/koningdrone.be\/product\/jackery-solarsaga-200\/\"]}]},{\"@type\":\"ImageObject\",\"inLanguage\":\"fr-BE\",\"@id\":\"https:\/\/koningdrone.be\/product\/jackery-solarsaga-200\/#primaryimage\",\"url\":\"https:\/\/koningdrone.be\/wp-content\/uploads\/sites\/13\/2025\/04\/190074000041-1.png\",\"contentUrl\":\"https:\/\/koningdrone.be\/wp-content\/uploads\/sites\/13\/2025\/04\/190074000041-1.png\",\"width\":800,\"height\":800},{\"@type\":\"BreadcrumbList\",\"@id\":\"https:\/\/koningdrone.be\/product\/jackery-solarsaga-200\/#breadcrumb\",\"itemListElement\":[{\"@type\":\"ListItem\",\"position\":1,\"name\":\"Home\",\"item\":\"https:\/\/koningdrone.be\/\"},{\"@type\":\"ListItem\",\"position\":2,\"name\":\"AVSS Parachute Recovery System for DJI Matrice 300\/350\",\"item\":\"https:\/\/koningdrone.be\/product\/avss-parachute-recovery-system-for-dji-matrice-300-350\/\"},{\"@type\":\"ListItem\",\"position\":3,\"name\":\"Alle producten\",\"item\":\"https:\/\/koningdrone.be\/categorie\/alle-producten\/\"},{\"@type\":\"ListItem\",\"position\":4,\"name\":\"Jackery SolarSaga 200\"}]},{\"@type\":\"WebSite\",\"@id\":\"https:\/\/koningdrone.be\/#website\",\"url\":\"https:\/\/koningdrone.be\/\",\"name\":\"Koningdrone.be - Uw online specialist in drones, gimbals, camera's en power stations.\",\"description\":\"De webshop in drones en gimbals\",\"publisher\":{\"@id\":\"https:\/\/koningdrone.be\/#organization\"},\"potentialAction\":[{\"@type\":\"SearchAction\",\"target\":{\"@type\":\"EntryPoint\",\"urlTemplate\":\"https:\/\/koningdrone.be\/?s={search_term_string}\"},\"query-input\":{\"@type\":\"PropertyValueSpecification\",\"valueRequired\":true,\"valueName\":\"search_term_string\"}}],\"inLanguage\":\"fr-BE\"},{\"@type\":\"Organization\",\"@id\":\"https:\/\/koningdrone.be\/#organization\",\"name\":\"Koningdrone.be\",\"url\":\"https:\/\/koningdrone.be\/\",\"logo\":{\"@type\":\"ImageObject\",\"inLanguage\":\"fr-BE\",\"@id\":\"https:\/\/koningdrone.be\/#\/schema\/logo\/image\/\",\"url\":\"https:\/\/koningdrone.be\/wp-content\/uploads\/sites\/13\/2025\/04\/koningdrone-copyright-logo.svg\",\"contentUrl\":\"https:\/\/koningdrone.be\/wp-content\/uploads\/sites\/13\/2025\/04\/koningdrone-copyright-logo.svg\",\"width\":227,\"height\":38,\"caption\":\"Koningdrone.be\"},\"image\":{\"@id\":\"https:\/\/koningdrone.be\/#\/schema\/logo\/image\/\"}}]}<\/script>\n<!-- \/ Yoast SEO Premium plugin. -->","yoast_head_json":{"title":"Jackery SolarSaga 200 - koningdrone.be","robots":{"index":"index","follow":"follow","max-snippet":"max-snippet:-1","max-image-preview":"max-image-preview:large","max-video-preview":"max-video-preview:-1"},"canonical":"https:\/\/koningdrone.be\/fr\/produit\/jackery-solarsaga-200\/","og_locale":"fr_FR","og_type":"article","og_title":"Jackery SolarSaga 200","og_description":"Peak power: 200W  Supply voltage: 18V  Current: 11.12A  No-load voltage: 23.2V  Short circuit current: 11.76A  GENERAL  Weight: 8.5 kg  Dimensions (folded): 540 x 615 x 40 mm  Dimensions (unfolded): 540 x 2320 x 25 mm  Operating temperature: -10 to 65\u2103","og_url":"https:\/\/koningdrone.be\/fr\/produit\/jackery-solarsaga-200\/","og_site_name":"koningdrone.be","article_modified_time":"2026-04-29T12:50:08+00:00","og_image":[{"width":800,"height":800,"url":"https:\/\/koningdrone.be\/wp-content\/uploads\/sites\/13\/2025\/04\/190074000041-1.png","type":"image\/png"}],"twitter_card":"summary_large_image","twitter_misc":{"Dur\u00e9e de lecture est.":"1 minute"},"schema":{"@context":"https:\/\/schema.org","@graph":[{"@type":"WebPage","@id":"https:\/\/koningdrone.be\/product\/jackery-solarsaga-200\/","url":"https:\/\/koningdrone.be\/product\/jackery-solarsaga-200\/","name":"Jackery SolarSaga 200 - koningdrone.be","isPartOf":{"@id":"https:\/\/koningdrone.be\/#website"},"primaryImageOfPage":{"@id":"https:\/\/koningdrone.be\/product\/jackery-solarsaga-200\/#primaryimage"},"image":{"@id":"https:\/\/koningdrone.be\/product\/jackery-solarsaga-200\/#primaryimage"},"thumbnailUrl":"https:\/\/koningdrone.be\/wp-content\/uploads\/sites\/13\/2025\/04\/190074000041-1.png","datePublished":"2022-11-13T09:35:41+00:00","dateModified":"2026-04-29T12:50:08+00:00","breadcrumb":{"@id":"https:\/\/koningdrone.be\/product\/jackery-solarsaga-200\/#breadcrumb"},"inLanguage":"fr-BE","potentialAction":[{"@type":"ReadAction","target":["https:\/\/koningdrone.be\/product\/jackery-solarsaga-200\/"]}]},{"@type":"ImageObject","inLanguage":"fr-BE","@id":"https:\/\/koningdrone.be\/product\/jackery-solarsaga-200\/#primaryimage","url":"https:\/\/koningdrone.be\/wp-content\/uploads\/sites\/13\/2025\/04\/190074000041-1.png","contentUrl":"https:\/\/koningdrone.be\/wp-content\/uploads\/sites\/13\/2025\/04\/190074000041-1.png","width":800,"height":800},{"@type":"BreadcrumbList","@id":"https:\/\/koningdrone.be\/product\/jackery-solarsaga-200\/#breadcrumb","itemListElement":[{"@type":"ListItem","position":1,"name":"Home","item":"https:\/\/koningdrone.be\/"},{"@type":"ListItem","position":2,"name":"AVSS Parachute Recovery System for DJI Matrice 300\/350","item":"https:\/\/koningdrone.be\/product\/avss-parachute-recovery-system-for-dji-matrice-300-350\/"},{"@type":"ListItem","position":3,"name":"Alle producten","item":"https:\/\/koningdrone.be\/categorie\/alle-producten\/"},{"@type":"ListItem","position":4,"name":"Jackery SolarSaga 200"}]},{"@type":"WebSite","@id":"https:\/\/koningdrone.be\/#website","url":"https:\/\/koningdrone.be\/","name":"Koningdrone.be - Votre sp\u00e9cialiste en ligne en mati\u00e8re de drones, de cardans, de cam\u00e9ras et de centrales \u00e9lectriques.","description":"La boutique en ligne de drones et de cardans","publisher":{"@id":"https:\/\/koningdrone.be\/#organization"},"potentialAction":[{"@type":"SearchAction","target":{"@type":"EntryPoint","urlTemplate":"https:\/\/koningdrone.be\/?s={search_term_string}"},"query-input":{"@type":"PropertyValueSpecification","valueRequired":true,"valueName":"search_term_string"}}],"inLanguage":"fr-BE"},{"@type":"Organization","@id":"https:\/\/koningdrone.be\/#organization","name":"Kingdrone.co.uk","url":"https:\/\/koningdrone.be\/","logo":{"@type":"ImageObject","inLanguage":"fr-BE","@id":"https:\/\/koningdrone.be\/#\/schema\/logo\/image\/","url":"https:\/\/koningdrone.be\/wp-content\/uploads\/sites\/13\/2025\/04\/koningdrone-copyright-logo.svg","contentUrl":"https:\/\/koningdrone.be\/wp-content\/uploads\/sites\/13\/2025\/04\/koningdrone-copyright-logo.svg","width":227,"height":38,"caption":"Koningdrone.be"},"image":{"@id":"https:\/\/koningdrone.be\/#\/schema\/logo\/image\/"}}]}},"df_price":"","df_sale_price":"","df_regular_price":"","df_image_link":"https:\/\/koningdrone.be\/wp-content\/uploads\/sites\/13\/2025\/04\/190074000041-1-300x300.png","_links":{"self":[{"href":"https:\/\/koningdrone.be\/fr\/wp-json\/wp\/v2\/product\/5166","targetHints":{"allow":["GET"]}}],"collection":[{"href":"https:\/\/koningdrone.be\/fr\/wp-json\/wp\/v2\/product"}],"about":[{"href":"https:\/\/koningdrone.be\/fr\/wp-json\/wp\/v2\/types\/product"}],"wp:featuredmedia":[{"embeddable":true,"href":"https:\/\/koningdrone.be\/fr\/wp-json\/wp\/v2\/media\/5160"}],"wp:attachment":[{"href":"https:\/\/koningdrone.be\/fr\/wp-json\/wp\/v2\/media?parent=5166"}],"wp:term":[{"taxonomy":"product_brand","embeddable":true,"href":"https:\/\/koningdrone.be\/fr\/wp-json\/wp\/v2\/product_brand?post=5166"},{"taxonomy":"product_cat","embeddable":true,"href":"https:\/\/koningdrone.be\/fr\/wp-json\/wp\/v2\/product_cat?post=5166"},{"taxonomy":"product_tag","embeddable":true,"href":"https:\/\/koningdrone.be\/fr\/wp-json\/wp\/v2\/product_tag?post=5166"}],"curies":[{"name":"wp","href":"https:\/\/api.w.org\/{rel}","templated":true}]}}