{"id":5151,"date":"2023-01-24T12:52:12","date_gmt":"2023-01-24T11:52:12","guid":{"rendered":"https:\/\/koningdrone.nl\/kon\/product\/dji-mavic-3-fly-more-kit\/"},"modified":"2026-04-29T03:50:54","modified_gmt":"2026-04-29T01:50:54","slug":"dji-mavic-3-fly-more-kit","status":"publish","type":"product","link":"https:\/\/koningdrone.be\/fr\/produit\/dji-mavic-3-fly-more-kit\/","title":{"rendered":"Kit DJI Mavic 3 Series Fly More"},"content":{"rendered":"<p> Le kit DJI Mavic 3 Fly More est une collection compl\u00e8te con\u00e7ue pour am\u00e9liorer vos exploits en mati\u00e8re de vol et de photographie par drone. Ce kit comprend des accessoires essentiels qui seraient plus chers s'ils \u00e9taient achet\u00e9s s\u00e9par\u00e9ment, offrant un excellent rapport qualit\u00e9-prix pour les amateurs de drones.<\/p>\n<p><strong>Batterie de secours intelligente<\/strong><\/p>\n<p> \u00c9quip\u00e9 de batteries de vol intelligentes, ce kit permet \u00e0 votre drone de rester en l'air plus longtemps, jusqu'\u00e0 46 minutes, ce qui permet de r\u00e9aliser des prises de vue a\u00e9riennes de haute qualit\u00e9 pendant de plus longues p\u00e9riodes sans avoir \u00e0 le recharger r\u00e9guli\u00e8rement.<\/p>\n<p><strong>Concentrateur de charge de batterie de 100 W<\/strong><\/p>\n<p> Le concentrateur de charge de batterie de 100 W est un \u00e9l\u00e9ment essentiel du kit et peut charger jusqu'\u00e0 trois batteries \u00e0 la suite. Il donne la priorit\u00e9 \u00e0 la batterie la plus charg\u00e9e, rationalisant ainsi le processus de charge et vous permettant de reprendre l'antenne plus rapidement.<\/p>\n<p><strong>Chargeur de voiture 65W<\/strong><\/p>\n<p> Pour les op\u00e9rateurs de drones constamment en d\u00e9placement, le chargeur de voiture 65W est une bou\u00e9e de sauvetage. Il dispose de deux ports de sortie pour charger simultan\u00e9ment la batterie du drone et la t\u00e9l\u00e9commande, et prend en charge les protocoles PPS et PD pour des options de charge polyvalentes, y compris les smartphones et les ordinateurs portables.<\/p>\n<p><strong>H\u00e9lices silencieuses<\/strong><\/p>\n<p> Le kit comprend des h\u00e9lices \u00e0 faible bruit, con\u00e7ues pour \u00eatre plus silencieuses et plus efficaces sur le plan a\u00e9rodynamique que les h\u00e9lices standard. Il en r\u00e9sulte une r\u00e9duction de la pollution sonore et une exp\u00e9rience de vol plus douce et plus agr\u00e9able.<\/p>\n<p><strong>Mallette de transport convertible<\/strong><\/p>\n<p> Un sac de transport convertible fait partie du kit Fly More et offre une commodit\u00e9 et un style ultimes. Il se transforme d'un sac \u00e0 dos en un sac \u00e0 bandouli\u00e8re, offrant flexibilit\u00e9 et commodit\u00e9 pour les courts trajets et le travail sur le terrain.<\/p>\n<p><strong>Conclusion<\/strong><\/p>\n<p> En r\u00e9sum\u00e9, le kit DJI Mavic 3 Fly More est un compl\u00e9ment pr\u00e9cieux pour les photographes a\u00e9riens novices et exp\u00e9riment\u00e9s. Il combine des accessoires cruciaux dans un seul paquet, offrant une solution compl\u00e8te pour des sessions de photographie par drone am\u00e9lior\u00e9es.<\/p>\n<p><\/p>","protected":false},"excerpt":{"rendered":"<ul>\n<li>Comprend deux batteries de vol intelligentes pour une dur\u00e9e de vol prolong\u00e9e.<\/li>\n<li> Le concentrateur de charge de batterie de 100 W charge efficacement les batteries l'une apr\u00e8s l'autre.<\/li>\n<li> Le chargeur de voiture de 65 W prend en charge deux ports et plusieurs appareils.<\/li>\n<li> Les h\u00e9lices \u00e0 faible bruit am\u00e9liorent l'efficacit\u00e9 a\u00e9rodynamique et r\u00e9duisent le bruit.<\/li>\n<li> L'\u00e9tui de transport convertible offre des options polyvalentes de portage en sac \u00e0 dos ou \u00e0 l'\u00e9paule.<\/li>\n<li> La batterie de vol intelligente offre jusqu'\u00e0 46 minutes d'autonomie de vol.<\/li>\n<li> Chargeur de voiture compatible avec les protocoles PPS et PD pour divers appareils.<\/li>\n<\/ul>","protected":false},"featured_media":3521,"template":"","meta":{"_acf_changed":false},"product_brand":[],"product_cat":[97,871,137],"product_tag":[],"class_list":{"0":"post-5151","1":"product","2":"type-product","3":"status-publish","4":"has-post-thumbnail","6":"product_cat-alle-producten","7":"product_cat-dji-mavic","8":"product_cat-dji-mavic-3","9":"product_shipping_class-acsystemsall","10":"pa_brand-dji","11":"pa_productfamily-flymore-pakket","12":"pa_producttype-flymore-pakket","13":"pa_series-mavic-3","15":"first","16":"instock","17":"taxable","18":"shipping-taxable","19":"purchasable","20":"product-type-simple"},"acf":[],"yoast_head":"<!-- This site is optimized with the Yoast SEO Premium plugin v27.2 (Yoast SEO v27.2) - https:\/\/yoast.com\/product\/yoast-seo-premium-wordpress\/ -->\n<title>DJI Mavic 3 Series Fly More Kit - koningdrone.be<\/title>\n<meta name=\"robots\" content=\"index, follow, max-snippet:-1, max-image-preview:large, max-video-preview:-1\" \/>\n<link rel=\"canonical\" href=\"https:\/\/koningdrone.be\/fr\/produit\/dji-mavic-3-fly-more-kit\/\" \/>\n<meta property=\"og:locale\" content=\"fr_FR\" \/>\n<meta property=\"og:type\" content=\"article\" \/>\n<meta property=\"og:title\" content=\"DJI Mavic 3 Series Fly More Kit\" \/>\n<meta property=\"og:description\" content=\"Inclusief twee Intelligent Flight Batteries voor een langere vliegtijd. De batterijoplaadhub van 100 W laadt de batterijen effici\u00ebnt achter elkaar op. 65W autolader ondersteunt dubbele poorten en meerdere apparaten. Geluidsarme propellers verbeteren de aerodynamische effici\u00ebntie en verminderen het geluid. Converteerbare draagtas biedt veelzijdige rugzak- of schouderdraagopties. Intelligent Flight Battery biedt tot 46 minuten vliegtijd. Autolader compatibel met PPS- en PD-protocollen voor verschillende apparaten.\" \/>\n<meta property=\"og:url\" content=\"https:\/\/koningdrone.be\/fr\/produit\/dji-mavic-3-fly-more-kit\/\" \/>\n<meta property=\"og:site_name\" content=\"koningdrone.be\" \/>\n<meta property=\"article:modified_time\" content=\"2026-04-29T01:50:54+00:00\" \/>\n<meta property=\"og:image\" content=\"https:\/\/koningdrone.be\/wp-content\/uploads\/sites\/13\/2025\/04\/ae77c9618d3b0e4913882b7253ff4449@large.jpg\" \/>\n\t<meta property=\"og:image:width\" content=\"1200\" \/>\n\t<meta property=\"og:image:height\" content=\"800\" \/>\n\t<meta property=\"og:image:type\" content=\"image\/jpeg\" \/>\n<meta name=\"twitter:card\" content=\"summary_large_image\" \/>\n<meta name=\"twitter:label1\" content=\"Dur\u00e9e de lecture est.\" \/>\n\t<meta name=\"twitter:data1\" content=\"1 minute\" \/>\n<script type=\"application\/ld+json\" class=\"yoast-schema-graph\">{\"@context\":\"https:\/\/schema.org\",\"@graph\":[{\"@type\":\"WebPage\",\"@id\":\"https:\/\/koningdrone.be\/product\/dji-mavic-3-fly-more-kit\/\",\"url\":\"https:\/\/koningdrone.be\/product\/dji-mavic-3-fly-more-kit\/\",\"name\":\"DJI Mavic 3 Series Fly More Kit - koningdrone.be\",\"isPartOf\":{\"@id\":\"https:\/\/koningdrone.be\/#website\"},\"primaryImageOfPage\":{\"@id\":\"https:\/\/koningdrone.be\/product\/dji-mavic-3-fly-more-kit\/#primaryimage\"},\"image\":{\"@id\":\"https:\/\/koningdrone.be\/product\/dji-mavic-3-fly-more-kit\/#primaryimage\"},\"thumbnailUrl\":\"https:\/\/koningdrone.be\/wp-content\/uploads\/sites\/13\/2025\/04\/ae77c9618d3b0e4913882b7253ff4449@large.jpg\",\"datePublished\":\"2023-01-24T11:52:12+00:00\",\"dateModified\":\"2026-04-29T01:50:54+00:00\",\"breadcrumb\":{\"@id\":\"https:\/\/koningdrone.be\/product\/dji-mavic-3-fly-more-kit\/#breadcrumb\"},\"inLanguage\":\"fr-BE\",\"potentialAction\":[{\"@type\":\"ReadAction\",\"target\":[\"https:\/\/koningdrone.be\/product\/dji-mavic-3-fly-more-kit\/\"]}]},{\"@type\":\"ImageObject\",\"inLanguage\":\"fr-BE\",\"@id\":\"https:\/\/koningdrone.be\/product\/dji-mavic-3-fly-more-kit\/#primaryimage\",\"url\":\"https:\/\/koningdrone.be\/wp-content\/uploads\/sites\/13\/2025\/04\/ae77c9618d3b0e4913882b7253ff4449@large.jpg\",\"contentUrl\":\"https:\/\/koningdrone.be\/wp-content\/uploads\/sites\/13\/2025\/04\/ae77c9618d3b0e4913882b7253ff4449@large.jpg\",\"width\":1200,\"height\":800},{\"@type\":\"BreadcrumbList\",\"@id\":\"https:\/\/koningdrone.be\/product\/dji-mavic-3-fly-more-kit\/#breadcrumb\",\"itemListElement\":[{\"@type\":\"ListItem\",\"position\":1,\"name\":\"Home\",\"item\":\"https:\/\/koningdrone.be\/\"},{\"@type\":\"ListItem\",\"position\":2,\"name\":\"AVSS Parachute Recovery System for DJI Matrice 300\/350\",\"item\":\"https:\/\/koningdrone.be\/product\/avss-parachute-recovery-system-for-dji-matrice-300-350\/\"},{\"@type\":\"ListItem\",\"position\":3,\"name\":\"Alle producten\",\"item\":\"https:\/\/koningdrone.be\/categorie\/alle-producten\/\"},{\"@type\":\"ListItem\",\"position\":4,\"name\":\"DJI Mavic 3 Series Fly More Kit\"}]},{\"@type\":\"WebSite\",\"@id\":\"https:\/\/koningdrone.be\/#website\",\"url\":\"https:\/\/koningdrone.be\/\",\"name\":\"Koningdrone.be - Uw online specialist in drones, gimbals, camera's en power stations.\",\"description\":\"De webshop in drones en gimbals\",\"publisher\":{\"@id\":\"https:\/\/koningdrone.be\/#organization\"},\"potentialAction\":[{\"@type\":\"SearchAction\",\"target\":{\"@type\":\"EntryPoint\",\"urlTemplate\":\"https:\/\/koningdrone.be\/?s={search_term_string}\"},\"query-input\":{\"@type\":\"PropertyValueSpecification\",\"valueRequired\":true,\"valueName\":\"search_term_string\"}}],\"inLanguage\":\"fr-BE\"},{\"@type\":\"Organization\",\"@id\":\"https:\/\/koningdrone.be\/#organization\",\"name\":\"Koningdrone.be\",\"url\":\"https:\/\/koningdrone.be\/\",\"logo\":{\"@type\":\"ImageObject\",\"inLanguage\":\"fr-BE\",\"@id\":\"https:\/\/koningdrone.be\/#\/schema\/logo\/image\/\",\"url\":\"https:\/\/koningdrone.be\/wp-content\/uploads\/sites\/13\/2025\/04\/koningdrone-copyright-logo.svg\",\"contentUrl\":\"https:\/\/koningdrone.be\/wp-content\/uploads\/sites\/13\/2025\/04\/koningdrone-copyright-logo.svg\",\"width\":227,\"height\":38,\"caption\":\"Koningdrone.be\"},\"image\":{\"@id\":\"https:\/\/koningdrone.be\/#\/schema\/logo\/image\/\"}}]}<\/script>\n<!-- \/ Yoast SEO Premium plugin. -->","yoast_head_json":{"title":"DJI Mavic 3 Series Fly More Kit - koningdrone.be","robots":{"index":"index","follow":"follow","max-snippet":"max-snippet:-1","max-image-preview":"max-image-preview:large","max-video-preview":"max-video-preview:-1"},"canonical":"https:\/\/koningdrone.be\/fr\/produit\/dji-mavic-3-fly-more-kit\/","og_locale":"fr_FR","og_type":"article","og_title":"DJI Mavic 3 Series Fly More Kit","og_description":"Inclusief twee Intelligent Flight Batteries voor een langere vliegtijd. De batterijoplaadhub van 100 W laadt de batterijen effici\u00ebnt achter elkaar op. 65W autolader ondersteunt dubbele poorten en meerdere apparaten. Geluidsarme propellers verbeteren de aerodynamische effici\u00ebntie en verminderen het geluid. Converteerbare draagtas biedt veelzijdige rugzak- of schouderdraagopties. Intelligent Flight Battery biedt tot 46 minuten vliegtijd. Autolader compatibel met PPS- en PD-protocollen voor verschillende apparaten.","og_url":"https:\/\/koningdrone.be\/fr\/produit\/dji-mavic-3-fly-more-kit\/","og_site_name":"koningdrone.be","article_modified_time":"2026-04-29T01:50:54+00:00","og_image":[{"width":1200,"height":800,"url":"https:\/\/koningdrone.be\/wp-content\/uploads\/sites\/13\/2025\/04\/ae77c9618d3b0e4913882b7253ff4449@large.jpg","type":"image\/jpeg"}],"twitter_card":"summary_large_image","twitter_misc":{"Dur\u00e9e de lecture est.":"1 minute"},"schema":{"@context":"https:\/\/schema.org","@graph":[{"@type":"WebPage","@id":"https:\/\/koningdrone.be\/product\/dji-mavic-3-fly-more-kit\/","url":"https:\/\/koningdrone.be\/product\/dji-mavic-3-fly-more-kit\/","name":"DJI Mavic 3 Series Fly More Kit - koningdrone.be","isPartOf":{"@id":"https:\/\/koningdrone.be\/#website"},"primaryImageOfPage":{"@id":"https:\/\/koningdrone.be\/product\/dji-mavic-3-fly-more-kit\/#primaryimage"},"image":{"@id":"https:\/\/koningdrone.be\/product\/dji-mavic-3-fly-more-kit\/#primaryimage"},"thumbnailUrl":"https:\/\/koningdrone.be\/wp-content\/uploads\/sites\/13\/2025\/04\/ae77c9618d3b0e4913882b7253ff4449@large.jpg","datePublished":"2023-01-24T11:52:12+00:00","dateModified":"2026-04-29T01:50:54+00:00","breadcrumb":{"@id":"https:\/\/koningdrone.be\/product\/dji-mavic-3-fly-more-kit\/#breadcrumb"},"inLanguage":"fr-BE","potentialAction":[{"@type":"ReadAction","target":["https:\/\/koningdrone.be\/product\/dji-mavic-3-fly-more-kit\/"]}]},{"@type":"ImageObject","inLanguage":"fr-BE","@id":"https:\/\/koningdrone.be\/product\/dji-mavic-3-fly-more-kit\/#primaryimage","url":"https:\/\/koningdrone.be\/wp-content\/uploads\/sites\/13\/2025\/04\/ae77c9618d3b0e4913882b7253ff4449@large.jpg","contentUrl":"https:\/\/koningdrone.be\/wp-content\/uploads\/sites\/13\/2025\/04\/ae77c9618d3b0e4913882b7253ff4449@large.jpg","width":1200,"height":800},{"@type":"BreadcrumbList","@id":"https:\/\/koningdrone.be\/product\/dji-mavic-3-fly-more-kit\/#breadcrumb","itemListElement":[{"@type":"ListItem","position":1,"name":"Home","item":"https:\/\/koningdrone.be\/"},{"@type":"ListItem","position":2,"name":"AVSS Parachute Recovery System for DJI Matrice 300\/350","item":"https:\/\/koningdrone.be\/product\/avss-parachute-recovery-system-for-dji-matrice-300-350\/"},{"@type":"ListItem","position":3,"name":"Alle producten","item":"https:\/\/koningdrone.be\/categorie\/alle-producten\/"},{"@type":"ListItem","position":4,"name":"DJI Mavic 3 Series Fly More Kit"}]},{"@type":"WebSite","@id":"https:\/\/koningdrone.be\/#website","url":"https:\/\/koningdrone.be\/","name":"Koningdrone.be - Votre sp\u00e9cialiste en ligne en mati\u00e8re de drones, de cardans, de cam\u00e9ras et de centrales \u00e9lectriques.","description":"La boutique en ligne de drones et de cardans","publisher":{"@id":"https:\/\/koningdrone.be\/#organization"},"potentialAction":[{"@type":"SearchAction","target":{"@type":"EntryPoint","urlTemplate":"https:\/\/koningdrone.be\/?s={search_term_string}"},"query-input":{"@type":"PropertyValueSpecification","valueRequired":true,"valueName":"search_term_string"}}],"inLanguage":"fr-BE"},{"@type":"Organization","@id":"https:\/\/koningdrone.be\/#organization","name":"Kingdrone.co.uk","url":"https:\/\/koningdrone.be\/","logo":{"@type":"ImageObject","inLanguage":"fr-BE","@id":"https:\/\/koningdrone.be\/#\/schema\/logo\/image\/","url":"https:\/\/koningdrone.be\/wp-content\/uploads\/sites\/13\/2025\/04\/koningdrone-copyright-logo.svg","contentUrl":"https:\/\/koningdrone.be\/wp-content\/uploads\/sites\/13\/2025\/04\/koningdrone-copyright-logo.svg","width":227,"height":38,"caption":"Koningdrone.be"},"image":{"@id":"https:\/\/koningdrone.be\/#\/schema\/logo\/image\/"}}]}},"df_price":583,"df_sale_price":"","df_regular_price":583,"df_image_link":"https:\/\/koningdrone.be\/wp-content\/uploads\/sites\/13\/2025\/04\/ae77c9618d3b0e4913882b7253ff4449@large-300x200.jpg","_links":{"self":[{"href":"https:\/\/koningdrone.be\/fr\/wp-json\/wp\/v2\/product\/5151","targetHints":{"allow":["GET"]}}],"collection":[{"href":"https:\/\/koningdrone.be\/fr\/wp-json\/wp\/v2\/product"}],"about":[{"href":"https:\/\/koningdrone.be\/fr\/wp-json\/wp\/v2\/types\/product"}],"wp:featuredmedia":[{"embeddable":true,"href":"https:\/\/koningdrone.be\/fr\/wp-json\/wp\/v2\/media\/3521"}],"wp:attachment":[{"href":"https:\/\/koningdrone.be\/fr\/wp-json\/wp\/v2\/media?parent=5151"}],"wp:term":[{"taxonomy":"product_brand","embeddable":true,"href":"https:\/\/koningdrone.be\/fr\/wp-json\/wp\/v2\/product_brand?post=5151"},{"taxonomy":"product_cat","embeddable":true,"href":"https:\/\/koningdrone.be\/fr\/wp-json\/wp\/v2\/product_cat?post=5151"},{"taxonomy":"product_tag","embeddable":true,"href":"https:\/\/koningdrone.be\/fr\/wp-json\/wp\/v2\/product_tag?post=5151"}],"curies":[{"name":"wp","href":"https:\/\/api.w.org\/{rel}","templated":true}]}}