{"id":5150,"date":"2023-01-24T13:06:52","date_gmt":"2023-01-24T12:06:52","guid":{"rendered":"https:\/\/koningdrone.nl\/kon\/product\/dji-o3-air-unit\/"},"modified":"2026-04-29T13:40:04","modified_gmt":"2026-04-29T11:40:04","slug":"dji-o3-air-unit","status":"publish","type":"product","link":"https:\/\/koningdrone.be\/fr\/produit\/dji-o3-air-unit\/","title":{"rendered":"DJI O3 Air Unit"},"content":{"rendered":"<p>L'unit\u00e9 DJI O3 Air Unit r\u00e9volutionne vos capacit\u00e9s de vid\u00e9o a\u00e9rienne en combinant la technologie de transmission vid\u00e9o avanc\u00e9e de DJI dans un appareil non seulement compact mais aussi incroyablement l\u00e9ger. Cette unit\u00e9 puissante offre une clart\u00e9 vid\u00e9o exceptionnelle, des temps de retard incroyablement faibles et prend en charge les transmissions longue distance, ce qui en fait un choix id\u00e9al pour les a\u00e9ronefs personnalis\u00e9s.<br \/><strong>DJI O3+ transmission phare<\/strong><\/p>\n<p> Am\u00e9liorez votre jeu de transmission vid\u00e9o. L'appareil offre une excellente qualit\u00e9 vid\u00e9o et prend en charge jusqu'\u00e0 1080p\/100fps sur des distances allant jusqu'\u00e0 10 km.<\/p>\n<p><strong>La performance de l'image \u00e0 un niveau plus \u00e9lev\u00e9<\/strong><\/p>\n<p> Avec un grand capteur de 1\/1,7 pouce et la possibilit\u00e9 de capturer des vid\u00e9os en 4K\/60 images\/s, associ\u00e9s \u00e0 un champ de vision (FOV) super large de 155\u00b0, vos images pr\u00e9senteront de nombreux d\u00e9tails. Elle dispose \u00e9galement d'un g\u00e9n\u00e9reux espace de stockage int\u00e9gr\u00e9 de 20 Go et prend en charge le mode de couleur D-Cinelike pour ceux qui aiment affiner leur correction des couleurs. L'unit\u00e9 de cam\u00e9ra est compatible avec le jeu de filtres ND DJI Avata pour un contr\u00f4le encore plus pouss\u00e9 de vos images.<\/p>\n<p><strong>Mode toile<\/strong><\/p>\n<p> Pour ceux qui utilisent les DJI Goggles 2 ou les DJI FPV Goggles V2, le mode Canvas offre la possibilit\u00e9 de personnaliser l'affichage \u00e0 l'\u00e9cran (OSD) pour afficher les informations que vous trouvez les plus utiles, et d'ajuster les param\u00e8tres PID (Proportionnel-Int\u00e9gral-D\u00e9riv\u00e9) pour une exp\u00e9rience de vol personnalis\u00e9e.<\/p>\n<p><strong>Compact et largement compatible<\/strong><\/p>\n<p> Le DJI O3 Air Unit est con\u00e7u pour s'adapter \u00e0 diff\u00e9rentes configurations sans les alourdir, assurant une large compatibilit\u00e9 sans sacrifier la qualit\u00e9. Il compl\u00e8te parfaitement les lunettes DJI Goggles 2 et la t\u00e9l\u00e9commande DJI FPV 2, plus compactes, rendant votre installation a\u00e9rienne plus rationalis\u00e9e et portable.<\/p>\n<p><\/p>\n<p> Le DJI O3 Air Unit est votre ticket d'entr\u00e9e pour l'enregistrement a\u00e9rien professionnel, \u00e9quilibrant des capacit\u00e9s vid\u00e9o de haute qualit\u00e9 avec des fonctionnalit\u00e9s ax\u00e9es sur l'utilisateur dans un design \u00e0 la fois l\u00e9ger et compatible avec un grand nombre d'appareils. Id\u00e9al pour les passionn\u00e9s souhaitant perfectionner leur art ou les professionnels \u00e0 la recherche d'une transmission vid\u00e9o fiable et de haute qualit\u00e9 pour leurs projets.<\/p>\n<p><\/p>","protected":false},"excerpt":{"rendered":"<ul>\n<li>Dot\u00e9 de la toute derni\u00e8re technologie de transmission vid\u00e9o de DJI.<\/li>\n<li> Conception l\u00e9g\u00e8re et compacte.<\/li>\n<li> Transmission vid\u00e9o haute d\u00e9finition \u00e0 faible latence sur de longues distances.<\/li>\n<li> Capteur de 1\/1,7 pouce pour une qualit\u00e9 d'image sup\u00e9rieure.<\/li>\n<li> Champ de vision super large (FOV) de 155\u00b0.<\/li>\n<li> Prise en charge de la transmission vid\u00e9o 1080p\/100fps jusqu'\u00e0 10 km.<\/li>\n<li> Peut enregistrer des vid\u00e9os 4K\/60fps avec des images riches en d\u00e9tails.<\/li>\n<li> \u00c9quip\u00e9 d'un espace de stockage int\u00e9gr\u00e9 de 20 Go.<\/li>\n<li> Mode couleur D-Cinelike pour un r\u00e9glage d\u00e9taill\u00e9 des couleurs.<\/li>\n<li> Compatible avec les filtres ND DJI Avata pour une imagerie am\u00e9lior\u00e9e.<\/li>\n<li> Informations OSD personnalisables via le mode Canvas.<\/li>\n<li> Compatible avec les DJI Goggles 2 et la t\u00e9l\u00e9commande FPV DJI 2.<\/li>\n<\/ul>","protected":false},"featured_media":5148,"template":"","meta":{"_acf_changed":false},"product_brand":[],"product_cat":[315,97,733,948],"product_tag":[],"class_list":{"0":"post-5150","1":"product","2":"type-product","3":"status-publish","4":"has-post-thumbnail","6":"product_cat-alle-gimbals-en-cameras","7":"product_cat-alle-producten","8":"product_cat-dji-goggles","9":"product_cat-dji-o3-air-unit","10":"product_shipping_class-outofstock","11":"pa_brand-dji","12":"pa_productfamily-air-unit","13":"pa_producttype-air-unit","14":"pa_series-o3","16":"first","17":"outofstock","18":"taxable","19":"shipping-taxable","20":"product-type-simple"},"acf":[],"yoast_head":"<!-- This site is optimized with the Yoast SEO Premium plugin v27.2 (Yoast SEO v27.2) - https:\/\/yoast.com\/product\/yoast-seo-premium-wordpress\/ -->\n<title>DJI O3 Air Unit - koningdrone.be<\/title>\n<meta name=\"robots\" content=\"index, follow, max-snippet:-1, max-image-preview:large, max-video-preview:-1\" \/>\n<link rel=\"canonical\" href=\"https:\/\/koningdrone.be\/fr\/produit\/dji-o3-air-unit\/\" \/>\n<meta property=\"og:locale\" content=\"fr_FR\" \/>\n<meta property=\"og:type\" content=\"article\" \/>\n<meta property=\"og:title\" content=\"DJI O3 Air Unit\" \/>\n<meta property=\"og:description\" content=\"Beschikt over de allernieuwste videotransmissietechnologie van DJI. Lichtgewicht en compact lichaamsontwerp. High-definition videotransmissie met lage latentie over lange afstanden. 1\/1,7-inch sensor voor superieure beeldkwaliteit. 155\u00b0 superbreed gezichtsveld (FOV). Ondersteunt 1080p\/100fps video-overdracht tot 10 km. Kan 4K\/60fps-video opnemen met rijke beelddetails. Uitgerust met 20 GB ingebouwde opslag. D-Cinelike kleurmodus voor gedetailleerde kleuraanpassingen. Compatibel met DJI Avata ND-filters voor verbeterde beeldvorming. Aanpasbare OSD-informatie via Canvas-modus. Rijke compatibiliteit met DJI Goggles 2 en DJI FPV Remote Controller 2.\" \/>\n<meta property=\"og:url\" content=\"https:\/\/koningdrone.be\/fr\/produit\/dji-o3-air-unit\/\" \/>\n<meta property=\"og:site_name\" content=\"koningdrone.be\" \/>\n<meta property=\"article:modified_time\" content=\"2026-04-29T11:40:04+00:00\" \/>\n<meta property=\"og:image\" content=\"https:\/\/koningdrone.be\/wp-content\/uploads\/sites\/13\/2025\/04\/d92655b4699a0bdc7e77da3fecf1bdeb@large.jpg\" \/>\n\t<meta property=\"og:image:width\" content=\"1200\" \/>\n\t<meta property=\"og:image:height\" content=\"800\" \/>\n\t<meta property=\"og:image:type\" content=\"image\/jpeg\" \/>\n<meta name=\"twitter:card\" content=\"summary_large_image\" \/>\n<meta name=\"twitter:label1\" content=\"Dur\u00e9e de lecture est.\" \/>\n\t<meta name=\"twitter:data1\" content=\"2 minutes\" \/>\n<script type=\"application\/ld+json\" class=\"yoast-schema-graph\">{\"@context\":\"https:\/\/schema.org\",\"@graph\":[{\"@type\":\"WebPage\",\"@id\":\"https:\/\/koningdrone.be\/product\/dji-o3-air-unit\/\",\"url\":\"https:\/\/koningdrone.be\/product\/dji-o3-air-unit\/\",\"name\":\"DJI O3 Air Unit - koningdrone.be\",\"isPartOf\":{\"@id\":\"https:\/\/koningdrone.be\/#website\"},\"primaryImageOfPage\":{\"@id\":\"https:\/\/koningdrone.be\/product\/dji-o3-air-unit\/#primaryimage\"},\"image\":{\"@id\":\"https:\/\/koningdrone.be\/product\/dji-o3-air-unit\/#primaryimage\"},\"thumbnailUrl\":\"https:\/\/koningdrone.be\/wp-content\/uploads\/sites\/13\/2025\/04\/d92655b4699a0bdc7e77da3fecf1bdeb@large.jpg\",\"datePublished\":\"2023-01-24T12:06:52+00:00\",\"dateModified\":\"2026-04-29T11:40:04+00:00\",\"breadcrumb\":{\"@id\":\"https:\/\/koningdrone.be\/product\/dji-o3-air-unit\/#breadcrumb\"},\"inLanguage\":\"fr-BE\",\"potentialAction\":[{\"@type\":\"ReadAction\",\"target\":[\"https:\/\/koningdrone.be\/product\/dji-o3-air-unit\/\"]}]},{\"@type\":\"ImageObject\",\"inLanguage\":\"fr-BE\",\"@id\":\"https:\/\/koningdrone.be\/product\/dji-o3-air-unit\/#primaryimage\",\"url\":\"https:\/\/koningdrone.be\/wp-content\/uploads\/sites\/13\/2025\/04\/d92655b4699a0bdc7e77da3fecf1bdeb@large.jpg\",\"contentUrl\":\"https:\/\/koningdrone.be\/wp-content\/uploads\/sites\/13\/2025\/04\/d92655b4699a0bdc7e77da3fecf1bdeb@large.jpg\",\"width\":1200,\"height\":800},{\"@type\":\"BreadcrumbList\",\"@id\":\"https:\/\/koningdrone.be\/product\/dji-o3-air-unit\/#breadcrumb\",\"itemListElement\":[{\"@type\":\"ListItem\",\"position\":1,\"name\":\"Home\",\"item\":\"https:\/\/koningdrone.be\/\"},{\"@type\":\"ListItem\",\"position\":2,\"name\":\"AVSS Parachute Recovery System for DJI Matrice 300\/350\",\"item\":\"https:\/\/koningdrone.be\/product\/avss-parachute-recovery-system-for-dji-matrice-300-350\/\"},{\"@type\":\"ListItem\",\"position\":3,\"name\":\"Alle gimbals en cameras\",\"item\":\"https:\/\/koningdrone.be\/categorie\/alle-gimbals-en-cameras\/\"},{\"@type\":\"ListItem\",\"position\":4,\"name\":\"DJI O3 Air Unit\"}]},{\"@type\":\"WebSite\",\"@id\":\"https:\/\/koningdrone.be\/#website\",\"url\":\"https:\/\/koningdrone.be\/\",\"name\":\"Koningdrone.be - Uw online specialist in drones, gimbals, camera's en power stations.\",\"description\":\"De webshop in drones en gimbals\",\"publisher\":{\"@id\":\"https:\/\/koningdrone.be\/#organization\"},\"potentialAction\":[{\"@type\":\"SearchAction\",\"target\":{\"@type\":\"EntryPoint\",\"urlTemplate\":\"https:\/\/koningdrone.be\/?s={search_term_string}\"},\"query-input\":{\"@type\":\"PropertyValueSpecification\",\"valueRequired\":true,\"valueName\":\"search_term_string\"}}],\"inLanguage\":\"fr-BE\"},{\"@type\":\"Organization\",\"@id\":\"https:\/\/koningdrone.be\/#organization\",\"name\":\"Koningdrone.be\",\"url\":\"https:\/\/koningdrone.be\/\",\"logo\":{\"@type\":\"ImageObject\",\"inLanguage\":\"fr-BE\",\"@id\":\"https:\/\/koningdrone.be\/#\/schema\/logo\/image\/\",\"url\":\"https:\/\/koningdrone.be\/wp-content\/uploads\/sites\/13\/2025\/04\/koningdrone-copyright-logo.svg\",\"contentUrl\":\"https:\/\/koningdrone.be\/wp-content\/uploads\/sites\/13\/2025\/04\/koningdrone-copyright-logo.svg\",\"width\":227,\"height\":38,\"caption\":\"Koningdrone.be\"},\"image\":{\"@id\":\"https:\/\/koningdrone.be\/#\/schema\/logo\/image\/\"}}]}<\/script>\n<!-- \/ Yoast SEO Premium plugin. -->","yoast_head_json":{"title":"DJI O3 Air Unit - koningdrone.be","robots":{"index":"index","follow":"follow","max-snippet":"max-snippet:-1","max-image-preview":"max-image-preview:large","max-video-preview":"max-video-preview:-1"},"canonical":"https:\/\/koningdrone.be\/fr\/produit\/dji-o3-air-unit\/","og_locale":"fr_FR","og_type":"article","og_title":"DJI O3 Air Unit","og_description":"Beschikt over de allernieuwste videotransmissietechnologie van DJI. Lichtgewicht en compact lichaamsontwerp. High-definition videotransmissie met lage latentie over lange afstanden. 1\/1,7-inch sensor voor superieure beeldkwaliteit. 155\u00b0 superbreed gezichtsveld (FOV). Ondersteunt 1080p\/100fps video-overdracht tot 10 km. Kan 4K\/60fps-video opnemen met rijke beelddetails. Uitgerust met 20 GB ingebouwde opslag. D-Cinelike kleurmodus voor gedetailleerde kleuraanpassingen. Compatibel met DJI Avata ND-filters voor verbeterde beeldvorming. Aanpasbare OSD-informatie via Canvas-modus. Rijke compatibiliteit met DJI Goggles 2 en DJI FPV Remote Controller 2.","og_url":"https:\/\/koningdrone.be\/fr\/produit\/dji-o3-air-unit\/","og_site_name":"koningdrone.be","article_modified_time":"2026-04-29T11:40:04+00:00","og_image":[{"width":1200,"height":800,"url":"https:\/\/koningdrone.be\/wp-content\/uploads\/sites\/13\/2025\/04\/d92655b4699a0bdc7e77da3fecf1bdeb@large.jpg","type":"image\/jpeg"}],"twitter_card":"summary_large_image","twitter_misc":{"Dur\u00e9e de lecture est.":"2 minutes"},"schema":{"@context":"https:\/\/schema.org","@graph":[{"@type":"WebPage","@id":"https:\/\/koningdrone.be\/product\/dji-o3-air-unit\/","url":"https:\/\/koningdrone.be\/product\/dji-o3-air-unit\/","name":"DJI O3 Air Unit - koningdrone.be","isPartOf":{"@id":"https:\/\/koningdrone.be\/#website"},"primaryImageOfPage":{"@id":"https:\/\/koningdrone.be\/product\/dji-o3-air-unit\/#primaryimage"},"image":{"@id":"https:\/\/koningdrone.be\/product\/dji-o3-air-unit\/#primaryimage"},"thumbnailUrl":"https:\/\/koningdrone.be\/wp-content\/uploads\/sites\/13\/2025\/04\/d92655b4699a0bdc7e77da3fecf1bdeb@large.jpg","datePublished":"2023-01-24T12:06:52+00:00","dateModified":"2026-04-29T11:40:04+00:00","breadcrumb":{"@id":"https:\/\/koningdrone.be\/product\/dji-o3-air-unit\/#breadcrumb"},"inLanguage":"fr-BE","potentialAction":[{"@type":"ReadAction","target":["https:\/\/koningdrone.be\/product\/dji-o3-air-unit\/"]}]},{"@type":"ImageObject","inLanguage":"fr-BE","@id":"https:\/\/koningdrone.be\/product\/dji-o3-air-unit\/#primaryimage","url":"https:\/\/koningdrone.be\/wp-content\/uploads\/sites\/13\/2025\/04\/d92655b4699a0bdc7e77da3fecf1bdeb@large.jpg","contentUrl":"https:\/\/koningdrone.be\/wp-content\/uploads\/sites\/13\/2025\/04\/d92655b4699a0bdc7e77da3fecf1bdeb@large.jpg","width":1200,"height":800},{"@type":"BreadcrumbList","@id":"https:\/\/koningdrone.be\/product\/dji-o3-air-unit\/#breadcrumb","itemListElement":[{"@type":"ListItem","position":1,"name":"Home","item":"https:\/\/koningdrone.be\/"},{"@type":"ListItem","position":2,"name":"AVSS Parachute Recovery System for DJI Matrice 300\/350","item":"https:\/\/koningdrone.be\/product\/avss-parachute-recovery-system-for-dji-matrice-300-350\/"},{"@type":"ListItem","position":3,"name":"Alle gimbals en cameras","item":"https:\/\/koningdrone.be\/categorie\/alle-gimbals-en-cameras\/"},{"@type":"ListItem","position":4,"name":"DJI O3 Air Unit"}]},{"@type":"WebSite","@id":"https:\/\/koningdrone.be\/#website","url":"https:\/\/koningdrone.be\/","name":"Koningdrone.be - Votre sp\u00e9cialiste en ligne en mati\u00e8re de drones, de cardans, de cam\u00e9ras et de centrales \u00e9lectriques.","description":"La boutique en ligne de drones et de cardans","publisher":{"@id":"https:\/\/koningdrone.be\/#organization"},"potentialAction":[{"@type":"SearchAction","target":{"@type":"EntryPoint","urlTemplate":"https:\/\/koningdrone.be\/?s={search_term_string}"},"query-input":{"@type":"PropertyValueSpecification","valueRequired":true,"valueName":"search_term_string"}}],"inLanguage":"fr-BE"},{"@type":"Organization","@id":"https:\/\/koningdrone.be\/#organization","name":"Kingdrone.co.uk","url":"https:\/\/koningdrone.be\/","logo":{"@type":"ImageObject","inLanguage":"fr-BE","@id":"https:\/\/koningdrone.be\/#\/schema\/logo\/image\/","url":"https:\/\/koningdrone.be\/wp-content\/uploads\/sites\/13\/2025\/04\/koningdrone-copyright-logo.svg","contentUrl":"https:\/\/koningdrone.be\/wp-content\/uploads\/sites\/13\/2025\/04\/koningdrone-copyright-logo.svg","width":227,"height":38,"caption":"Koningdrone.be"},"image":{"@id":"https:\/\/koningdrone.be\/#\/schema\/logo\/image\/"}}]}},"df_price":"","df_sale_price":"","df_regular_price":"","df_image_link":"https:\/\/koningdrone.be\/wp-content\/uploads\/sites\/13\/2025\/04\/d92655b4699a0bdc7e77da3fecf1bdeb@large-300x200.jpg","_links":{"self":[{"href":"https:\/\/koningdrone.be\/fr\/wp-json\/wp\/v2\/product\/5150","targetHints":{"allow":["GET"]}}],"collection":[{"href":"https:\/\/koningdrone.be\/fr\/wp-json\/wp\/v2\/product"}],"about":[{"href":"https:\/\/koningdrone.be\/fr\/wp-json\/wp\/v2\/types\/product"}],"wp:featuredmedia":[{"embeddable":true,"href":"https:\/\/koningdrone.be\/fr\/wp-json\/wp\/v2\/media\/5148"}],"wp:attachment":[{"href":"https:\/\/koningdrone.be\/fr\/wp-json\/wp\/v2\/media?parent=5150"}],"wp:term":[{"taxonomy":"product_brand","embeddable":true,"href":"https:\/\/koningdrone.be\/fr\/wp-json\/wp\/v2\/product_brand?post=5150"},{"taxonomy":"product_cat","embeddable":true,"href":"https:\/\/koningdrone.be\/fr\/wp-json\/wp\/v2\/product_cat?post=5150"},{"taxonomy":"product_tag","embeddable":true,"href":"https:\/\/koningdrone.be\/fr\/wp-json\/wp\/v2\/product_tag?post=5150"}],"curies":[{"name":"wp","href":"https:\/\/api.w.org\/{rel}","templated":true}]}}