{"id":5147,"date":"2023-01-25T13:02:07","date_gmt":"2023-01-25T12:02:07","guid":{"rendered":"https:\/\/koningdrone.nl\/kon\/product\/dji-mavic-3-multispecteral\/"},"modified":"2026-04-29T14:50:47","modified_gmt":"2026-04-29T12:50:47","slug":"dji-mavic-3-multispecteral","status":"publish","type":"product","link":"https:\/\/koningdrone.be\/fr\/produit\/dji-mavic-3-multispecteral\/","title":{"rendered":"DJI Mavic 3 Multispecteral + 1 an de DJI Care"},"content":{"rendered":"<h1>DJI Mavic 3 Multispecteral + 1 an de DJI Care<\/h1>\n<p>Pour \u00eatre efficaces, les relev\u00e9s a\u00e9riens doivent \u00eatre capables de voir ce qui n'est pas visible. C'est pourquoi le Mavic 3 Multispectral est dot\u00e9 de plusieurs cam\u00e9ras pour vous offrir des vues multiples. Il combine une cam\u00e9ra RVB et une cam\u00e9ra multispectrale pour scanner et analyser la croissance des plantes avec une pr\u00e9cision absolue. L'agriculture de pr\u00e9cision n\u00e9cessite des d\u00e9tails et des donn\u00e9es pertinents, et le Mavic 3M fournit les deux.<\/p>\n<ul>\n<li>Compact et pratique : pliable pour un rangement facile<\/li>\n<li>Cam\u00e9ra multispectrale : 4 x 5 MP G\/R\/RE\/NIR<\/li>\n<li>Appareil photo RVB : 20 MP, CMOS 4\/3, obturateur m\u00e9canique<\/li>\n<li>S\u00fbr et stable : syst\u00e8me omnidirectionnel d'\u00e9vitement des obstacles, port\u00e9e de transmission de 15 km<\/li>\n<li>Positionnement pr\u00e9cis : positionnement RTK au centim\u00e8tre pr\u00e8s, synchronisation temporelle \u00e0 la microseconde.<\/li>\n<li>Mesure efficace de l'air<\/li>\n<\/ul>\n<p>&nbsp;<\/p>\n<p><strong>Syst\u00e8me de traitement d'images hautement int\u00e9gr\u00e9<\/strong><br \/>\nNouveau syst\u00e8me d'imagerie am\u00e9lior\u00e9 avec une cam\u00e9ra RVB de 20 MP et quatre cam\u00e9ras multispectrales de 5 MP (vert, rouge, bord rouge et proche infrarouge). Permet des applications telles que l'arpentage a\u00e9rien de haute pr\u00e9cision, la surveillance de la croissance des plantes et l'arpentage des ressources naturelles.<\/p>\n<p>&nbsp;<\/p>\n<p><strong>Cam\u00e9ra multispectrale de 5 MP<\/strong><\/p>\n<ul>\n<li>Proche infrarouge (NIR) : 860 nm \u00b1 26 nm<\/li>\n<li>Rouge \u00ae 650nm \u00b1 16nm<\/li>\n<li>Bord rouge (RE) : 730nm \u00b1 16nm<\/li>\n<li>Vert (G) : 560 nm \u00b1 16 nm<\/li>\n<\/ul>\n<p>&nbsp;<\/p>\n<p><strong>Fonctions de la cam\u00e9ra RVB<\/strong><\/p>\n<ul>\n<li>CMOS 4\/3 : capteur 20MP<\/li>\n<li>1\/2 000 sec : vitesse d'obturation m\u00e9canique<\/li>\n<li>0,7 seconde de prise de vue en continu \u00e0 haute vitesse lors de l'utilisation de l'appareil photo RVB<\/li>\n<\/ul>\n<p>&nbsp;<\/p>\n<p><strong>Capteur de lumi\u00e8re solaire<\/strong><br \/>\nLe capteur de lumi\u00e8re solaire int\u00e9gr\u00e9 capture le rayonnement solaire et l'enregistre dans un fichier image, ce qui permet de compenser la lumi\u00e8re des donn\u00e9es d'image lors de la reconstruction 2D. Cela permet d'obtenir des r\u00e9sultats NDVI plus pr\u00e9cis et d'am\u00e9liorer la pr\u00e9cision et la coh\u00e9rence des donn\u00e9es collect\u00e9es au fil du temps.<\/p>","protected":false},"excerpt":{"rendered":"<ul>\n<li>Compact et portable<\/li>\n<li>Pliable pour un rangement facile<\/li>\n<li>Cam\u00e9ra multispectrale : 4 \u00d7 5MP (G\/R\/RE\/NIR)<\/li>\n<li>Appareil photo RVB : 20 MP (CMOS 4\/3, obturateur m\u00e9canique)<\/li>\n<li>\u00c9vitement omnidirectionnel des obstacles<\/li>\n<li>Distance de transmission de 15 km<\/li>\n<li>Positionnement pr\u00e9cis<\/li>\n<li>Positionnement RTK au centim\u00e8tre pr\u00e8s<\/li>\n<li>Synchronisation du temps au niveau de la microseconde<\/li>\n<li>Recherche efficace sur l'air<\/li>\n<li>Jusqu'\u00e0 200 hectares par vol<\/li>\n<\/ul>","protected":false},"featured_media":3515,"template":"","meta":{"_acf_changed":false},"product_brand":[],"product_cat":[135,97,871,165,99,100,568,101],"product_tag":[],"class_list":{"0":"post-5147","1":"product","2":"type-product","3":"status-publish","4":"has-post-thumbnail","6":"product_cat-alle-drones","7":"product_cat-alle-producten","8":"product_cat-dji-mavic","9":"product_cat-dji-mavic-3-enterprise","10":"product_cat-drones-met-certificaat","11":"product_cat-enterprise-drones","12":"product_cat-landbouw-drones","13":"product_cat-professionele-dji-drone","14":"product_shipping_class-outofstock","15":"pa_brand-dji","16":"pa_care-basic-1-jaar","17":"pa_care-basic-2-jaar","18":"pa_dronegrade-enterprise","19":"pa_productfamily-drone","20":"pa_producttype-drone","21":"pa_series-mavic-3","23":"first","24":"outofstock","25":"taxable","26":"shipping-taxable","27":"purchasable","28":"product-type-simple"},"acf":[],"yoast_head":"<!-- This site is optimized with the Yoast SEO Premium plugin v27.2 (Yoast SEO v27.2) - https:\/\/yoast.com\/product\/yoast-seo-premium-wordpress\/ -->\n<title>DJI Mavic 3 Multispecteral + 1 jaar DJI Care - koningdrone.be<\/title>\n<meta name=\"robots\" content=\"index, follow, max-snippet:-1, max-image-preview:large, max-video-preview:-1\" \/>\n<link rel=\"canonical\" href=\"https:\/\/koningdrone.be\/fr\/produit\/dji-mavic-3-multispecteral\/\" \/>\n<meta property=\"og:locale\" content=\"fr_FR\" \/>\n<meta property=\"og:type\" content=\"article\" \/>\n<meta property=\"og:title\" content=\"DJI Mavic 3 Multispecteral + 1 jaar DJI Care\" \/>\n<meta property=\"og:description\" content=\"Compact en draagbaar  Opvouwbaar voor eenvoudig opbergen  Multispectrale camera: 4 \u00d7 5MP (G\/R\/RE\/NIR)  RGB-camera: 20 MP (4\/3 CMOS, mechanische sluiter)  Omnidirectionele obstakelvermijding  15 km transmissieafstand  Nauwkeurige positionering  RTK-positionering op centimeterniveau  Tijdsynchronisatie op microseconde niveau  Effici\u00ebnt luchtonderzoek  Tot 200 hectare per vlucht\" \/>\n<meta property=\"og:url\" content=\"https:\/\/koningdrone.be\/fr\/produit\/dji-mavic-3-multispecteral\/\" \/>\n<meta property=\"og:site_name\" content=\"koningdrone.be\" \/>\n<meta property=\"article:modified_time\" content=\"2026-04-29T12:50:47+00:00\" \/>\n<meta property=\"og:image\" content=\"https:\/\/koningdrone.be\/wp-content\/uploads\/sites\/13\/2025\/04\/950505-DJI-Mavic-3-Multispectral-inkl-1-Year-Care-Basic-1.jpg\" \/>\n\t<meta property=\"og:image:width\" content=\"1280\" \/>\n\t<meta property=\"og:image:height\" content=\"800\" \/>\n\t<meta property=\"og:image:type\" content=\"image\/jpeg\" \/>\n<meta name=\"twitter:card\" content=\"summary_large_image\" \/>\n<meta name=\"twitter:label1\" content=\"Dur\u00e9e de lecture est.\" \/>\n\t<meta name=\"twitter:data1\" content=\"1 minute\" \/>\n<script type=\"application\/ld+json\" class=\"yoast-schema-graph\">{\"@context\":\"https:\/\/schema.org\",\"@graph\":[{\"@type\":\"WebPage\",\"@id\":\"https:\/\/koningdrone.be\/product\/dji-mavic-3-multispecteral\/\",\"url\":\"https:\/\/koningdrone.be\/product\/dji-mavic-3-multispecteral\/\",\"name\":\"DJI Mavic 3 Multispecteral + 1 jaar DJI Care - koningdrone.be\",\"isPartOf\":{\"@id\":\"https:\/\/koningdrone.be\/#website\"},\"primaryImageOfPage\":{\"@id\":\"https:\/\/koningdrone.be\/product\/dji-mavic-3-multispecteral\/#primaryimage\"},\"image\":{\"@id\":\"https:\/\/koningdrone.be\/product\/dji-mavic-3-multispecteral\/#primaryimage\"},\"thumbnailUrl\":\"https:\/\/koningdrone.be\/wp-content\/uploads\/sites\/13\/2025\/04\/950505-DJI-Mavic-3-Multispectral-inkl-1-Year-Care-Basic-1.jpg\",\"datePublished\":\"2023-01-25T12:02:07+00:00\",\"dateModified\":\"2026-04-29T12:50:47+00:00\",\"breadcrumb\":{\"@id\":\"https:\/\/koningdrone.be\/product\/dji-mavic-3-multispecteral\/#breadcrumb\"},\"inLanguage\":\"fr-BE\",\"potentialAction\":[{\"@type\":\"ReadAction\",\"target\":[\"https:\/\/koningdrone.be\/product\/dji-mavic-3-multispecteral\/\"]}]},{\"@type\":\"ImageObject\",\"inLanguage\":\"fr-BE\",\"@id\":\"https:\/\/koningdrone.be\/product\/dji-mavic-3-multispecteral\/#primaryimage\",\"url\":\"https:\/\/koningdrone.be\/wp-content\/uploads\/sites\/13\/2025\/04\/950505-DJI-Mavic-3-Multispectral-inkl-1-Year-Care-Basic-1.jpg\",\"contentUrl\":\"https:\/\/koningdrone.be\/wp-content\/uploads\/sites\/13\/2025\/04\/950505-DJI-Mavic-3-Multispectral-inkl-1-Year-Care-Basic-1.jpg\",\"width\":1280,\"height\":800},{\"@type\":\"BreadcrumbList\",\"@id\":\"https:\/\/koningdrone.be\/product\/dji-mavic-3-multispecteral\/#breadcrumb\",\"itemListElement\":[{\"@type\":\"ListItem\",\"position\":1,\"name\":\"Home\",\"item\":\"https:\/\/koningdrone.be\/\"},{\"@type\":\"ListItem\",\"position\":2,\"name\":\"AVSS Parachute Recovery System for DJI Matrice 300\/350\",\"item\":\"https:\/\/koningdrone.be\/product\/avss-parachute-recovery-system-for-dji-matrice-300-350\/\"},{\"@type\":\"ListItem\",\"position\":3,\"name\":\"Alle drones\",\"item\":\"https:\/\/koningdrone.be\/categorie\/alle-drones\/\"},{\"@type\":\"ListItem\",\"position\":4,\"name\":\"DJI Mavic 3 Multispecteral + 1 jaar DJI Care\"}]},{\"@type\":\"WebSite\",\"@id\":\"https:\/\/koningdrone.be\/#website\",\"url\":\"https:\/\/koningdrone.be\/\",\"name\":\"Koningdrone.be - Uw online specialist in drones, gimbals, camera's en power stations.\",\"description\":\"De webshop in drones en gimbals\",\"publisher\":{\"@id\":\"https:\/\/koningdrone.be\/#organization\"},\"potentialAction\":[{\"@type\":\"SearchAction\",\"target\":{\"@type\":\"EntryPoint\",\"urlTemplate\":\"https:\/\/koningdrone.be\/?s={search_term_string}\"},\"query-input\":{\"@type\":\"PropertyValueSpecification\",\"valueRequired\":true,\"valueName\":\"search_term_string\"}}],\"inLanguage\":\"fr-BE\"},{\"@type\":\"Organization\",\"@id\":\"https:\/\/koningdrone.be\/#organization\",\"name\":\"Koningdrone.be\",\"url\":\"https:\/\/koningdrone.be\/\",\"logo\":{\"@type\":\"ImageObject\",\"inLanguage\":\"fr-BE\",\"@id\":\"https:\/\/koningdrone.be\/#\/schema\/logo\/image\/\",\"url\":\"https:\/\/koningdrone.be\/wp-content\/uploads\/sites\/13\/2025\/04\/koningdrone-copyright-logo.svg\",\"contentUrl\":\"https:\/\/koningdrone.be\/wp-content\/uploads\/sites\/13\/2025\/04\/koningdrone-copyright-logo.svg\",\"width\":227,\"height\":38,\"caption\":\"Koningdrone.be\"},\"image\":{\"@id\":\"https:\/\/koningdrone.be\/#\/schema\/logo\/image\/\"}}]}<\/script>\n<!-- \/ Yoast SEO Premium plugin. -->","yoast_head_json":{"title":"DJI Mavic 3 Multispecteral + 1 jaar DJI Care - koningdrone.be","robots":{"index":"index","follow":"follow","max-snippet":"max-snippet:-1","max-image-preview":"max-image-preview:large","max-video-preview":"max-video-preview:-1"},"canonical":"https:\/\/koningdrone.be\/fr\/produit\/dji-mavic-3-multispecteral\/","og_locale":"fr_FR","og_type":"article","og_title":"DJI Mavic 3 Multispecteral + 1 jaar DJI Care","og_description":"Compact en draagbaar  Opvouwbaar voor eenvoudig opbergen  Multispectrale camera: 4 \u00d7 5MP (G\/R\/RE\/NIR)  RGB-camera: 20 MP (4\/3 CMOS, mechanische sluiter)  Omnidirectionele obstakelvermijding  15 km transmissieafstand  Nauwkeurige positionering  RTK-positionering op centimeterniveau  Tijdsynchronisatie op microseconde niveau  Effici\u00ebnt luchtonderzoek  Tot 200 hectare per vlucht","og_url":"https:\/\/koningdrone.be\/fr\/produit\/dji-mavic-3-multispecteral\/","og_site_name":"koningdrone.be","article_modified_time":"2026-04-29T12:50:47+00:00","og_image":[{"width":1280,"height":800,"url":"https:\/\/koningdrone.be\/wp-content\/uploads\/sites\/13\/2025\/04\/950505-DJI-Mavic-3-Multispectral-inkl-1-Year-Care-Basic-1.jpg","type":"image\/jpeg"}],"twitter_card":"summary_large_image","twitter_misc":{"Dur\u00e9e de lecture est.":"1 minute"},"schema":{"@context":"https:\/\/schema.org","@graph":[{"@type":"WebPage","@id":"https:\/\/koningdrone.be\/product\/dji-mavic-3-multispecteral\/","url":"https:\/\/koningdrone.be\/product\/dji-mavic-3-multispecteral\/","name":"DJI Mavic 3 Multispecteral + 1 jaar DJI Care - koningdrone.be","isPartOf":{"@id":"https:\/\/koningdrone.be\/#website"},"primaryImageOfPage":{"@id":"https:\/\/koningdrone.be\/product\/dji-mavic-3-multispecteral\/#primaryimage"},"image":{"@id":"https:\/\/koningdrone.be\/product\/dji-mavic-3-multispecteral\/#primaryimage"},"thumbnailUrl":"https:\/\/koningdrone.be\/wp-content\/uploads\/sites\/13\/2025\/04\/950505-DJI-Mavic-3-Multispectral-inkl-1-Year-Care-Basic-1.jpg","datePublished":"2023-01-25T12:02:07+00:00","dateModified":"2026-04-29T12:50:47+00:00","breadcrumb":{"@id":"https:\/\/koningdrone.be\/product\/dji-mavic-3-multispecteral\/#breadcrumb"},"inLanguage":"fr-BE","potentialAction":[{"@type":"ReadAction","target":["https:\/\/koningdrone.be\/product\/dji-mavic-3-multispecteral\/"]}]},{"@type":"ImageObject","inLanguage":"fr-BE","@id":"https:\/\/koningdrone.be\/product\/dji-mavic-3-multispecteral\/#primaryimage","url":"https:\/\/koningdrone.be\/wp-content\/uploads\/sites\/13\/2025\/04\/950505-DJI-Mavic-3-Multispectral-inkl-1-Year-Care-Basic-1.jpg","contentUrl":"https:\/\/koningdrone.be\/wp-content\/uploads\/sites\/13\/2025\/04\/950505-DJI-Mavic-3-Multispectral-inkl-1-Year-Care-Basic-1.jpg","width":1280,"height":800},{"@type":"BreadcrumbList","@id":"https:\/\/koningdrone.be\/product\/dji-mavic-3-multispecteral\/#breadcrumb","itemListElement":[{"@type":"ListItem","position":1,"name":"Home","item":"https:\/\/koningdrone.be\/"},{"@type":"ListItem","position":2,"name":"AVSS Parachute Recovery System for DJI Matrice 300\/350","item":"https:\/\/koningdrone.be\/product\/avss-parachute-recovery-system-for-dji-matrice-300-350\/"},{"@type":"ListItem","position":3,"name":"Alle drones","item":"https:\/\/koningdrone.be\/categorie\/alle-drones\/"},{"@type":"ListItem","position":4,"name":"DJI Mavic 3 Multispecteral + 1 jaar DJI Care"}]},{"@type":"WebSite","@id":"https:\/\/koningdrone.be\/#website","url":"https:\/\/koningdrone.be\/","name":"Koningdrone.be - Votre sp\u00e9cialiste en ligne en mati\u00e8re de drones, de cardans, de cam\u00e9ras et de centrales \u00e9lectriques.","description":"La boutique en ligne de drones et de cardans","publisher":{"@id":"https:\/\/koningdrone.be\/#organization"},"potentialAction":[{"@type":"SearchAction","target":{"@type":"EntryPoint","urlTemplate":"https:\/\/koningdrone.be\/?s={search_term_string}"},"query-input":{"@type":"PropertyValueSpecification","valueRequired":true,"valueName":"search_term_string"}}],"inLanguage":"fr-BE"},{"@type":"Organization","@id":"https:\/\/koningdrone.be\/#organization","name":"Kingdrone.co.uk","url":"https:\/\/koningdrone.be\/","logo":{"@type":"ImageObject","inLanguage":"fr-BE","@id":"https:\/\/koningdrone.be\/#\/schema\/logo\/image\/","url":"https:\/\/koningdrone.be\/wp-content\/uploads\/sites\/13\/2025\/04\/koningdrone-copyright-logo.svg","contentUrl":"https:\/\/koningdrone.be\/wp-content\/uploads\/sites\/13\/2025\/04\/koningdrone-copyright-logo.svg","width":227,"height":38,"caption":"Koningdrone.be"},"image":{"@id":"https:\/\/koningdrone.be\/#\/schema\/logo\/image\/"}}]}},"df_price":4508,"df_sale_price":"","df_regular_price":4508,"df_image_link":"https:\/\/koningdrone.be\/wp-content\/uploads\/sites\/13\/2025\/04\/950505-DJI-Mavic-3-Multispectral-inkl-1-Year-Care-Basic-1-300x188.jpg","_links":{"self":[{"href":"https:\/\/koningdrone.be\/fr\/wp-json\/wp\/v2\/product\/5147","targetHints":{"allow":["GET"]}}],"collection":[{"href":"https:\/\/koningdrone.be\/fr\/wp-json\/wp\/v2\/product"}],"about":[{"href":"https:\/\/koningdrone.be\/fr\/wp-json\/wp\/v2\/types\/product"}],"wp:featuredmedia":[{"embeddable":true,"href":"https:\/\/koningdrone.be\/fr\/wp-json\/wp\/v2\/media\/3515"}],"wp:attachment":[{"href":"https:\/\/koningdrone.be\/fr\/wp-json\/wp\/v2\/media?parent=5147"}],"wp:term":[{"taxonomy":"product_brand","embeddable":true,"href":"https:\/\/koningdrone.be\/fr\/wp-json\/wp\/v2\/product_brand?post=5147"},{"taxonomy":"product_cat","embeddable":true,"href":"https:\/\/koningdrone.be\/fr\/wp-json\/wp\/v2\/product_cat?post=5147"},{"taxonomy":"product_tag","embeddable":true,"href":"https:\/\/koningdrone.be\/fr\/wp-json\/wp\/v2\/product_tag?post=5147"}],"curies":[{"name":"wp","href":"https:\/\/api.w.org\/{rel}","templated":true}]}}