{"id":5146,"date":"2023-01-26T16:43:21","date_gmt":"2023-01-26T16:43:21","guid":{"rendered":"https:\/\/koningdrone.nl\/kon\/product\/dji-dock\/"},"modified":"2025-04-29T12:36:03","modified_gmt":"2025-04-29T12:36:03","slug":"dji-dock","status":"publish","type":"product","link":"https:\/\/koningdrone.be\/fr\/produit\/dji-dock\/","title":{"rendered":"Station d'accueil DJI"},"content":{"rendered":"<h1>DJI-dock<\/h1>\n<p>[embedyt] https:\/\/www.youtube.com\/watch?v=HuE4dgS-btQ[\/embedyt]<\/p>\n<p>DJI Docks zijn robuust, betrouwbaar en gebouwd om 24\/7 te werken, dag en nacht, regen of zonneschijn. Elke DJI Dock bevat een Matrice 30 waar hij landt, oplaadt, opstijgt en missies uitvoert die zijn geprogrammeerd in DJI FlightHub 2.<\/p>\n<p><strong>VOLLEDIGE CLOUDCONTROLE<\/strong><br \/>Ontgrendel met FlightHub 2 de volledige DJI Dock-functionaliteit vanuit de cloud. Plan missies, cre\u00eber en bewerk vliegroutes en beheer verzamelde gegevens.<\/p>\n<p><strong>SNEL OPLADEN, SNELLE DOORSLAG<\/strong><br \/>Snel opladen en opstijgen dankzij TEC-airconditioning die de batterijen van de drone koelt, waardoor opladen van 10-90% in slechts 25 minuten mogelijk is.<\/p>\n<p><strong>DAG OF NACHT, REGEN OF SCHIJN<\/strong><br \/>DJI Docks zijn gebouwd om de elementen te weerstaan, zodat jij dat niet hoeft te doen.<\/p>\n<ul> <\/p>\n<li>Bescherming tegen binnendringen: IP55<\/li>\n<p> <\/p>\n<li>Bedrijfstemperatuur: -35 \u2103 tot 50 \u2103 Overspanningsbeveiliging: 40 kA<\/li>\n<p> <\/p>\n<li>Back-upbatterij: 5 uur<\/li>\n<p> <\/p>\n<li>Actieve temperatuurregeling: voor snel opladen en drone-veiligheid Onderhoudsinterval van 6 maanden<\/li>\n<p><\/ul>\n<p><strong>ENKELE INSTELLING<\/strong><br \/>DJI Docks wegen minder dan 100 kg en hebben een voetafdruk van &lt;1 vierkante meter. Installatie vereist grondfixatie, toegang tot stroom en internet en snelle configuratie via de DJI RC Plus-afstandsbediening.<\/p>\n<p><strong>DJI FlightHub 2<\/strong><\/p>\n<p>FlightHub 2 is een alles-in-\u00e9\u00e9n cloudgebaseerd platform voor het beheer van drone-operaties dat u helpt om uitgebreid, real-time situationeel bewustzijn te bereiken. Krijg toegang tot alle informatie die u nodig hebt om drone-missies te plannen, toezicht te houden op uw vloot en de gegevens die u aanmaakt te beheren, nu vanuit een veilige cloudgebaseerde omgeving.<\/p>\n<p><strong>2.5D BASISKAART<\/strong><br \/>Integreer hoogtegegevens met satellietkaarten om terreinbewustzijn toe te voegen aan uw operationele planning.<\/p>\n<p><strong>ONE-TAP PANORAMA SYNC<\/strong><br \/>Cre\u00eber een 360\u00b0 overzicht en upload naar de cloud met een enkele tik. Gedeelde panorama&#8217;s en de co\u00f6rdinaten waarvan ze zijn vastgelegd, worden op de 2.5D-basiskaart van je missie geplaatst, waardoor alle teamleden snel luchtbewustzijn krijgen.<\/p>\n<p><strong>CLOUD-KAART<\/strong><br \/>Genereer in \u00e9\u00e9n vlucht RGB- of infrarood orthomoza\u00efekkaarten van gebieden tot 1,5 km\u00b2. Orthomoza\u00efeken worden automatisch over uw 2.5D-basiskaart heen gelegd, zodat u waar nodig gedetailleerd op de hoogte bent van uw missieomgeving.<\/p>\n<p><strong>LIVE STREAMING MISSIE<\/strong><br \/>Verbind meerdere gebruikers tegelijkertijd met een of meer drone-operaties en houd teams op de hoogte van de nieuwste ontwikkelingen dankzij livestreaming met lage latentie en hoge resolutie.<\/p>\n<p><strong>LIVE ANNOTATIES<\/strong><br \/>Markeer objecten of interessegebieden voor effici\u00ebnt missiebeheer en distributie van middelen. Annotaties zijn zichtbaar voor grondteams, piloten of elk teamlid voor tijdige projectafstemming en taakverdeling. Het ondersteunt ook cloudgebaseerde routeplanning, mediabeheer en kan worden gebruikt met DJI Dock voor bediening op afstand.<\/p>\n","protected":false},"excerpt":{"rendered":"<ul>\n<li>Les stations d'accueil DJI sont robustes, fiables et con\u00e7ues pour fonctionner 24 heures sur 24, 7 jours sur 7, qu'il pleuve ou qu'il fasse beau.<\/li>\n<li><\/li>\n<li>Chaque DJI Dock contient un Matrice 30 qui atterrit, se recharge, d\u00e9colle et effectue des missions programm\u00e9es dans DJI FlightHub 2.<\/li>\n<\/ul>","protected":false},"featured_media":5143,"template":"","meta":{"_acf_changed":false},"product_brand":[],"product_cat":[97,149,282,624],"product_tag":[],"class_list":{"0":"post-5146","1":"product","2":"type-product","3":"status-publish","4":"has-post-thumbnail","6":"product_cat-alle-producten","7":"product_cat-dji-matrice-30","8":"product_cat-drone-docks","9":"product_cat-enterprise-accessoires","10":"pa_brand-dji","11":"pa_productfamily-dock","12":"pa_producttype-dock","13":"pa_series-matrice-30","15":"first","16":"outofstock","17":"taxable","18":"shipping-taxable","19":"product-type-simple"},"acf":[],"yoast_head":"<!-- This site is optimized with the Yoast SEO Premium plugin v27.2 (Yoast SEO v27.2) - https:\/\/yoast.com\/product\/yoast-seo-premium-wordpress\/ -->\n<title>DJI Dock - koningdrone.be<\/title>\n<meta name=\"robots\" content=\"index, follow, max-snippet:-1, max-image-preview:large, max-video-preview:-1\" \/>\n<link rel=\"canonical\" href=\"https:\/\/koningdrone.be\/fr\/produit\/dji-dock\/\" \/>\n<meta property=\"og:locale\" content=\"fr_FR\" \/>\n<meta property=\"og:type\" content=\"article\" \/>\n<meta property=\"og:title\" content=\"DJI Dock\" \/>\n<meta property=\"og:description\" content=\"DJI Docks zijn robuust, betrouwbaar en gebouwd om 24\/7 te werken, dag of nacht, regen of zonneschijn.Elke DJI Dock bevat een Matrice 30 waar hij landt, oplaadt, opstijgt en missies uitvoert die zijn geprogrammeerd in DJI FlightHub 2.\" \/>\n<meta property=\"og:url\" content=\"https:\/\/koningdrone.be\/fr\/produit\/dji-dock\/\" \/>\n<meta property=\"og:site_name\" content=\"koningdrone.be\" \/>\n<meta property=\"article:modified_time\" content=\"2025-04-29T12:36:03+00:00\" \/>\n<meta property=\"og:image\" content=\"https:\/\/koningdrone.be\/wp-content\/uploads\/sites\/13\/2025\/04\/dji-dock_3.webp\" \/>\n\t<meta property=\"og:image:width\" content=\"2048\" \/>\n\t<meta property=\"og:image:height\" content=\"2048\" \/>\n\t<meta property=\"og:image:type\" content=\"image\/webp\" \/>\n<meta name=\"twitter:card\" content=\"summary_large_image\" \/>\n<meta name=\"twitter:label1\" content=\"Dur\u00e9e de lecture est.\" \/>\n\t<meta name=\"twitter:data1\" content=\"2 minutes\" \/>\n<script type=\"application\/ld+json\" class=\"yoast-schema-graph\">{\"@context\":\"https:\/\/schema.org\",\"@graph\":[{\"@type\":\"WebPage\",\"@id\":\"https:\/\/koningdrone.be\/product\/dji-dock\/\",\"url\":\"https:\/\/koningdrone.be\/product\/dji-dock\/\",\"name\":\"DJI Dock - koningdrone.be\",\"isPartOf\":{\"@id\":\"https:\/\/koningdrone.be\/#website\"},\"primaryImageOfPage\":{\"@id\":\"https:\/\/koningdrone.be\/product\/dji-dock\/#primaryimage\"},\"image\":{\"@id\":\"https:\/\/koningdrone.be\/product\/dji-dock\/#primaryimage\"},\"thumbnailUrl\":\"https:\/\/koningdrone.be\/wp-content\/uploads\/sites\/13\/2025\/04\/dji-dock_3.webp\",\"datePublished\":\"2023-01-26T16:43:21+00:00\",\"dateModified\":\"2025-04-29T12:36:03+00:00\",\"breadcrumb\":{\"@id\":\"https:\/\/koningdrone.be\/product\/dji-dock\/#breadcrumb\"},\"inLanguage\":\"fr-BE\",\"potentialAction\":[{\"@type\":\"ReadAction\",\"target\":[\"https:\/\/koningdrone.be\/product\/dji-dock\/\"]}]},{\"@type\":\"ImageObject\",\"inLanguage\":\"fr-BE\",\"@id\":\"https:\/\/koningdrone.be\/product\/dji-dock\/#primaryimage\",\"url\":\"https:\/\/koningdrone.be\/wp-content\/uploads\/sites\/13\/2025\/04\/dji-dock_3.webp\",\"contentUrl\":\"https:\/\/koningdrone.be\/wp-content\/uploads\/sites\/13\/2025\/04\/dji-dock_3.webp\",\"width\":2048,\"height\":2048},{\"@type\":\"BreadcrumbList\",\"@id\":\"https:\/\/koningdrone.be\/product\/dji-dock\/#breadcrumb\",\"itemListElement\":[{\"@type\":\"ListItem\",\"position\":1,\"name\":\"Home\",\"item\":\"https:\/\/koningdrone.be\/\"},{\"@type\":\"ListItem\",\"position\":2,\"name\":\"AVSS Parachute Recovery System for DJI Matrice 300\/350\",\"item\":\"https:\/\/koningdrone.be\/product\/avss-parachute-recovery-system-for-dji-matrice-300-350\/\"},{\"@type\":\"ListItem\",\"position\":3,\"name\":\"Alle producten\",\"item\":\"https:\/\/koningdrone.be\/categorie\/alle-producten\/\"},{\"@type\":\"ListItem\",\"position\":4,\"name\":\"DJI Dock\"}]},{\"@type\":\"WebSite\",\"@id\":\"https:\/\/koningdrone.be\/#website\",\"url\":\"https:\/\/koningdrone.be\/\",\"name\":\"Koningdrone.be - Uw online specialist in drones, gimbals, camera's en power stations.\",\"description\":\"De webshop in drones en gimbals\",\"publisher\":{\"@id\":\"https:\/\/koningdrone.be\/#organization\"},\"potentialAction\":[{\"@type\":\"SearchAction\",\"target\":{\"@type\":\"EntryPoint\",\"urlTemplate\":\"https:\/\/koningdrone.be\/?s={search_term_string}\"},\"query-input\":{\"@type\":\"PropertyValueSpecification\",\"valueRequired\":true,\"valueName\":\"search_term_string\"}}],\"inLanguage\":\"fr-BE\"},{\"@type\":\"Organization\",\"@id\":\"https:\/\/koningdrone.be\/#organization\",\"name\":\"Koningdrone.be\",\"url\":\"https:\/\/koningdrone.be\/\",\"logo\":{\"@type\":\"ImageObject\",\"inLanguage\":\"fr-BE\",\"@id\":\"https:\/\/koningdrone.be\/#\/schema\/logo\/image\/\",\"url\":\"https:\/\/koningdrone.be\/wp-content\/uploads\/sites\/13\/2025\/04\/koningdrone-copyright-logo.svg\",\"contentUrl\":\"https:\/\/koningdrone.be\/wp-content\/uploads\/sites\/13\/2025\/04\/koningdrone-copyright-logo.svg\",\"width\":227,\"height\":38,\"caption\":\"Koningdrone.be\"},\"image\":{\"@id\":\"https:\/\/koningdrone.be\/#\/schema\/logo\/image\/\"}}]}<\/script>\n<!-- \/ Yoast SEO Premium plugin. -->","yoast_head_json":{"title":"DJI Dock - koningdrone.be","robots":{"index":"index","follow":"follow","max-snippet":"max-snippet:-1","max-image-preview":"max-image-preview:large","max-video-preview":"max-video-preview:-1"},"canonical":"https:\/\/koningdrone.be\/fr\/produit\/dji-dock\/","og_locale":"fr_FR","og_type":"article","og_title":"DJI Dock","og_description":"DJI Docks zijn robuust, betrouwbaar en gebouwd om 24\/7 te werken, dag of nacht, regen of zonneschijn.Elke DJI Dock bevat een Matrice 30 waar hij landt, oplaadt, opstijgt en missies uitvoert die zijn geprogrammeerd in DJI FlightHub 2.","og_url":"https:\/\/koningdrone.be\/fr\/produit\/dji-dock\/","og_site_name":"koningdrone.be","article_modified_time":"2025-04-29T12:36:03+00:00","og_image":[{"width":2048,"height":2048,"url":"https:\/\/koningdrone.be\/wp-content\/uploads\/sites\/13\/2025\/04\/dji-dock_3.webp","type":"image\/webp"}],"twitter_card":"summary_large_image","twitter_misc":{"Dur\u00e9e de lecture est.":"2 minutes"},"schema":{"@context":"https:\/\/schema.org","@graph":[{"@type":"WebPage","@id":"https:\/\/koningdrone.be\/product\/dji-dock\/","url":"https:\/\/koningdrone.be\/product\/dji-dock\/","name":"DJI Dock - koningdrone.be","isPartOf":{"@id":"https:\/\/koningdrone.be\/#website"},"primaryImageOfPage":{"@id":"https:\/\/koningdrone.be\/product\/dji-dock\/#primaryimage"},"image":{"@id":"https:\/\/koningdrone.be\/product\/dji-dock\/#primaryimage"},"thumbnailUrl":"https:\/\/koningdrone.be\/wp-content\/uploads\/sites\/13\/2025\/04\/dji-dock_3.webp","datePublished":"2023-01-26T16:43:21+00:00","dateModified":"2025-04-29T12:36:03+00:00","breadcrumb":{"@id":"https:\/\/koningdrone.be\/product\/dji-dock\/#breadcrumb"},"inLanguage":"fr-BE","potentialAction":[{"@type":"ReadAction","target":["https:\/\/koningdrone.be\/product\/dji-dock\/"]}]},{"@type":"ImageObject","inLanguage":"fr-BE","@id":"https:\/\/koningdrone.be\/product\/dji-dock\/#primaryimage","url":"https:\/\/koningdrone.be\/wp-content\/uploads\/sites\/13\/2025\/04\/dji-dock_3.webp","contentUrl":"https:\/\/koningdrone.be\/wp-content\/uploads\/sites\/13\/2025\/04\/dji-dock_3.webp","width":2048,"height":2048},{"@type":"BreadcrumbList","@id":"https:\/\/koningdrone.be\/product\/dji-dock\/#breadcrumb","itemListElement":[{"@type":"ListItem","position":1,"name":"Home","item":"https:\/\/koningdrone.be\/"},{"@type":"ListItem","position":2,"name":"AVSS Parachute Recovery System for DJI Matrice 300\/350","item":"https:\/\/koningdrone.be\/product\/avss-parachute-recovery-system-for-dji-matrice-300-350\/"},{"@type":"ListItem","position":3,"name":"Alle producten","item":"https:\/\/koningdrone.be\/categorie\/alle-producten\/"},{"@type":"ListItem","position":4,"name":"DJI Dock"}]},{"@type":"WebSite","@id":"https:\/\/koningdrone.be\/#website","url":"https:\/\/koningdrone.be\/","name":"Koningdrone.be - Votre sp\u00e9cialiste en ligne en mati\u00e8re de drones, de cardans, de cam\u00e9ras et de centrales \u00e9lectriques.","description":"La boutique en ligne de drones et de cardans","publisher":{"@id":"https:\/\/koningdrone.be\/#organization"},"potentialAction":[{"@type":"SearchAction","target":{"@type":"EntryPoint","urlTemplate":"https:\/\/koningdrone.be\/?s={search_term_string}"},"query-input":{"@type":"PropertyValueSpecification","valueRequired":true,"valueName":"search_term_string"}}],"inLanguage":"fr-BE"},{"@type":"Organization","@id":"https:\/\/koningdrone.be\/#organization","name":"Kingdrone.co.uk","url":"https:\/\/koningdrone.be\/","logo":{"@type":"ImageObject","inLanguage":"fr-BE","@id":"https:\/\/koningdrone.be\/#\/schema\/logo\/image\/","url":"https:\/\/koningdrone.be\/wp-content\/uploads\/sites\/13\/2025\/04\/koningdrone-copyright-logo.svg","contentUrl":"https:\/\/koningdrone.be\/wp-content\/uploads\/sites\/13\/2025\/04\/koningdrone-copyright-logo.svg","width":227,"height":38,"caption":"Koningdrone.be"},"image":{"@id":"https:\/\/koningdrone.be\/#\/schema\/logo\/image\/"}}]}},"df_price":"","df_sale_price":"","df_regular_price":"","df_image_link":"https:\/\/koningdrone.be\/wp-content\/uploads\/sites\/13\/2025\/04\/dji-dock_3-300x300.webp","_links":{"self":[{"href":"https:\/\/koningdrone.be\/fr\/wp-json\/wp\/v2\/product\/5146","targetHints":{"allow":["GET"]}}],"collection":[{"href":"https:\/\/koningdrone.be\/fr\/wp-json\/wp\/v2\/product"}],"about":[{"href":"https:\/\/koningdrone.be\/fr\/wp-json\/wp\/v2\/types\/product"}],"wp:featuredmedia":[{"embeddable":true,"href":"https:\/\/koningdrone.be\/fr\/wp-json\/wp\/v2\/media\/5143"}],"wp:attachment":[{"href":"https:\/\/koningdrone.be\/fr\/wp-json\/wp\/v2\/media?parent=5146"}],"wp:term":[{"taxonomy":"product_brand","embeddable":true,"href":"https:\/\/koningdrone.be\/fr\/wp-json\/wp\/v2\/product_brand?post=5146"},{"taxonomy":"product_cat","embeddable":true,"href":"https:\/\/koningdrone.be\/fr\/wp-json\/wp\/v2\/product_cat?post=5146"},{"taxonomy":"product_tag","embeddable":true,"href":"https:\/\/koningdrone.be\/fr\/wp-json\/wp\/v2\/product_tag?post=5146"}],"curies":[{"name":"wp","href":"https:\/\/api.w.org\/{rel}","templated":true}]}}