{"id":5142,"date":"2023-02-14T14:19:38","date_gmt":"2023-02-14T13:19:38","guid":{"rendered":"https:\/\/koningdrone.nl\/kon\/product\/bluetti-ep500-pro-power-station\/"},"modified":"2026-04-29T06:10:43","modified_gmt":"2026-04-29T04:10:43","slug":"bluetti-ep500-pro-power-station","status":"publish","type":"product","link":"https:\/\/koningdrone.be\/fr\/produit\/bluetti-ep500-pro-power-station\/","title":{"rendered":"Centrale \u00e9lectrique Bluetti EP500 Pro"},"content":{"rendered":"<p>Le BLUETTI EP500Pro est une centrale \u00e9lectrique impressionnante dot\u00e9e d'une batterie LiFePO4 de 5100Wh et d'un onduleur AC \u00e0 onde sinuso\u00efdale pure de 3000W (2000W pour l'EP500). Avec jusqu'\u00e0 15 prises, vous pouvez tout alimenter, des ordinateurs portables aux climatiseurs en passant par les v\u00e9hicules \u00e9lectriques, sans effort.<\/p>\n<p><strong>S\u00e9curit\u00e9 et durabilit\u00e9<\/strong><\/p>\n<p>Cette centrale est \u00e9quip\u00e9e d'un syst\u00e8me de gestion de batterie avanc\u00e9 et de la chimie LiFePO4 pour une s\u00e9curit\u00e9 et une durabilit\u00e9 incroyables. De plus, le micrologiciel peut \u00eatre mis \u00e0 jour via Internet, ce qui permet \u00e0 l'EP500Pro d'\u00eatre toujours \u00e0 la pointe de la technologie.<\/p>\n<p><strong>Alimentation \u00e9lectrique de secours<\/strong><\/p>\n<p>En cas de panne de courant, l'EP500Pro devient automatiquement votre source d'\u00e9nergie domestique, sans n\u00e9cessiter d'entretien, de combustible ou de bruit g\u00eanant. Avec une entr\u00e9e solaire MPPT optionnelle pouvant atteindre 2400 W, vous pouvez rapidement recharger la centrale \u00e9lectrique et continuer \u00e0 faire fonctionner vos appareils.<\/p>\n<p><strong>Polyvalence et applications<\/strong><\/p>\n<p>Con\u00e7u pour r\u00e9pondre \u00e0 diff\u00e9rents sc\u00e9narios, l'EP500Pro polyvalent a de nombreuses applications, fournissant une sauvegarde ASI transparente lorsque vous en avez le plus besoin.<\/p>\n<p><\/p>","protected":false},"excerpt":{"rendered":"<ul>\n<li>5100 Wh LiFePo4\/3000 W PSW inverter, 3500+ cycles \u00e0 la capacit\u00e9 80%<\/li>\n<li>Centrale \u00e9lectrique portable<\/li>\n<li>Mode ASI en r\u00e9seau et mode ASI flexible (24\/7)<\/li>\n<li>Stockage d'\u00e9nergie hors r\u00e9seau<\/li>\n<li>Plusieurs appareils peuvent \u00eatre recharg\u00e9s simultan\u00e9ment<\/li>\n<li>Moyen de chargement flexible pour garder votre EP500Pro toujours allum\u00e9<\/li>\n<li>Application de commande \u00e0 distance<\/li>\n<li>\u00c9cran tactile intelligent<\/li>\n<\/ul>","protected":false},"featured_media":5137,"template":"","meta":{"_acf_changed":false},"product_brand":[],"product_cat":[454,97,829,415,628],"product_tag":[],"class_list":{"0":"post-5142","1":"product","2":"type-product","3":"status-publish","4":"has-post-thumbnail","6":"product_cat-alle-powerstations","7":"product_cat-alle-producten","8":"product_cat-bluetti","9":"product_cat-energy","10":"product_cat-powerstations","11":"product_shipping_class-outofstock","12":"pa_afmetingen-580-x-300-x-760-mm","13":"pa_brand-bluetti","14":"pa_capaciteit-5120-wh_x000d_-en-kan-gekoppeld-worden-met-bluetti-b230-of-bluetti-b300-max-2-units","15":"pa_gewicht-83-kg","16":"pa_input-dc-max-2400-w-_x000d_-input-voltage-zonnepanelen-12v-150v-max-2-x-12a_x000d_-3000w-max-via-ac-input_x000d_-max-4000-w-solar-ac-input-samen","17":"pa_materiaal-kunststof","18":"pa_oplaadtijd-via-ac-2-5-uur","19":"pa_output-230-v-3-x-ac-230-v-eu-schuko_x000d_-totaal-max-3000-w-continuvermogen_x000d_-totaal-max-6000-w-piek-vermogen","20":"pa_output-dc-1x-12v-30a_x000d_-2-x-12v-10a-5521_x000d_-1x-12v-10a","21":"pa_output-usb-2-x-usb-5v-up-to-3a_x000d_-2-x-usb-3-6-12v-36w_x000d_-2-x-usb-c-20v-up-to-5a-5-15v-up-to-3a_x000d_-wireless-charging-5-w-7-5-w-10-w-15-w","22":"pa_productfamily-power-station","23":"pa_producttype-power-station","24":"pa_type-batterij-lifepo4","25":"pa_wifi-functie-ja","27":"first","28":"outofstock","29":"taxable","30":"shipping-taxable","31":"product-type-simple"},"acf":[],"yoast_head":"<!-- This site is optimized with the Yoast SEO Premium plugin v27.2 (Yoast SEO v27.2) - https:\/\/yoast.com\/product\/yoast-seo-premium-wordpress\/ -->\n<title>Bluetti EP500 Pro Power Station - koningdrone.be<\/title>\n<meta name=\"robots\" content=\"index, follow, max-snippet:-1, max-image-preview:large, max-video-preview:-1\" \/>\n<link rel=\"canonical\" href=\"https:\/\/koningdrone.be\/fr\/produit\/bluetti-ep500-pro-power-station\/\" \/>\n<meta property=\"og:locale\" content=\"fr_FR\" \/>\n<meta property=\"og:type\" content=\"article\" \/>\n<meta property=\"og:title\" content=\"Bluetti EP500 Pro Power Station\" \/>\n<meta property=\"og:description\" content=\"5100 Wh LiFePo4\/3000 W PSW-omvormer, 3500+ cycli tot 80% capaciteit  Draagbare krachtcentrale  In-grid UPS-modus en flexibele UPS-modus (24\/7)  Off-grid energieopslag  Meerdere apparaten kunnen gelijktijdig worden geladen  Flexibele oplaadmanier om uw EP500Pro altijd aan te laten staan  Afstandsbediening-app  Slim touchscreen\" \/>\n<meta property=\"og:url\" content=\"https:\/\/koningdrone.be\/fr\/produit\/bluetti-ep500-pro-power-station\/\" \/>\n<meta property=\"og:site_name\" content=\"koningdrone.be\" \/>\n<meta property=\"article:modified_time\" content=\"2026-04-29T04:10:43+00:00\" \/>\n<meta property=\"og:image\" content=\"https:\/\/koningdrone.be\/wp-content\/uploads\/sites\/13\/2025\/04\/Bluetti-EP500-Pro-Power-Station-14.webp\" \/>\n\t<meta property=\"og:image:width\" content=\"750\" \/>\n\t<meta property=\"og:image:height\" content=\"750\" \/>\n\t<meta property=\"og:image:type\" content=\"image\/webp\" \/>\n<meta name=\"twitter:card\" content=\"summary_large_image\" \/>\n<meta name=\"twitter:label1\" content=\"Dur\u00e9e de lecture est.\" \/>\n\t<meta name=\"twitter:data1\" content=\"1 minute\" \/>\n<script type=\"application\/ld+json\" class=\"yoast-schema-graph\">{\"@context\":\"https:\/\/schema.org\",\"@graph\":[{\"@type\":\"WebPage\",\"@id\":\"https:\/\/koningdrone.be\/product\/bluetti-ep500-pro-power-station\/\",\"url\":\"https:\/\/koningdrone.be\/product\/bluetti-ep500-pro-power-station\/\",\"name\":\"Bluetti EP500 Pro Power Station - koningdrone.be\",\"isPartOf\":{\"@id\":\"https:\/\/koningdrone.be\/#website\"},\"primaryImageOfPage\":{\"@id\":\"https:\/\/koningdrone.be\/product\/bluetti-ep500-pro-power-station\/#primaryimage\"},\"image\":{\"@id\":\"https:\/\/koningdrone.be\/product\/bluetti-ep500-pro-power-station\/#primaryimage\"},\"thumbnailUrl\":\"https:\/\/koningdrone.be\/wp-content\/uploads\/sites\/13\/2025\/04\/Bluetti-EP500-Pro-Power-Station-14.webp\",\"datePublished\":\"2023-02-14T13:19:38+00:00\",\"dateModified\":\"2026-04-29T04:10:43+00:00\",\"breadcrumb\":{\"@id\":\"https:\/\/koningdrone.be\/product\/bluetti-ep500-pro-power-station\/#breadcrumb\"},\"inLanguage\":\"fr-BE\",\"potentialAction\":[{\"@type\":\"ReadAction\",\"target\":[\"https:\/\/koningdrone.be\/product\/bluetti-ep500-pro-power-station\/\"]}]},{\"@type\":\"ImageObject\",\"inLanguage\":\"fr-BE\",\"@id\":\"https:\/\/koningdrone.be\/product\/bluetti-ep500-pro-power-station\/#primaryimage\",\"url\":\"https:\/\/koningdrone.be\/wp-content\/uploads\/sites\/13\/2025\/04\/Bluetti-EP500-Pro-Power-Station-14.webp\",\"contentUrl\":\"https:\/\/koningdrone.be\/wp-content\/uploads\/sites\/13\/2025\/04\/Bluetti-EP500-Pro-Power-Station-14.webp\",\"width\":750,\"height\":750},{\"@type\":\"BreadcrumbList\",\"@id\":\"https:\/\/koningdrone.be\/product\/bluetti-ep500-pro-power-station\/#breadcrumb\",\"itemListElement\":[{\"@type\":\"ListItem\",\"position\":1,\"name\":\"Home\",\"item\":\"https:\/\/koningdrone.be\/\"},{\"@type\":\"ListItem\",\"position\":2,\"name\":\"AVSS Parachute Recovery System for DJI Matrice 300\/350\",\"item\":\"https:\/\/koningdrone.be\/product\/avss-parachute-recovery-system-for-dji-matrice-300-350\/\"},{\"@type\":\"ListItem\",\"position\":3,\"name\":\"Alle powerstations\",\"item\":\"https:\/\/koningdrone.be\/categorie\/alle-powerstations\/\"},{\"@type\":\"ListItem\",\"position\":4,\"name\":\"Bluetti EP500 Pro Power Station\"}]},{\"@type\":\"WebSite\",\"@id\":\"https:\/\/koningdrone.be\/#website\",\"url\":\"https:\/\/koningdrone.be\/\",\"name\":\"Koningdrone.be - Uw online specialist in drones, gimbals, camera's en power stations.\",\"description\":\"De webshop in drones en gimbals\",\"publisher\":{\"@id\":\"https:\/\/koningdrone.be\/#organization\"},\"potentialAction\":[{\"@type\":\"SearchAction\",\"target\":{\"@type\":\"EntryPoint\",\"urlTemplate\":\"https:\/\/koningdrone.be\/?s={search_term_string}\"},\"query-input\":{\"@type\":\"PropertyValueSpecification\",\"valueRequired\":true,\"valueName\":\"search_term_string\"}}],\"inLanguage\":\"fr-BE\"},{\"@type\":\"Organization\",\"@id\":\"https:\/\/koningdrone.be\/#organization\",\"name\":\"Koningdrone.be\",\"url\":\"https:\/\/koningdrone.be\/\",\"logo\":{\"@type\":\"ImageObject\",\"inLanguage\":\"fr-BE\",\"@id\":\"https:\/\/koningdrone.be\/#\/schema\/logo\/image\/\",\"url\":\"https:\/\/koningdrone.be\/wp-content\/uploads\/sites\/13\/2025\/04\/koningdrone-copyright-logo.svg\",\"contentUrl\":\"https:\/\/koningdrone.be\/wp-content\/uploads\/sites\/13\/2025\/04\/koningdrone-copyright-logo.svg\",\"width\":227,\"height\":38,\"caption\":\"Koningdrone.be\"},\"image\":{\"@id\":\"https:\/\/koningdrone.be\/#\/schema\/logo\/image\/\"}}]}<\/script>\n<!-- \/ Yoast SEO Premium plugin. -->","yoast_head_json":{"title":"Bluetti EP500 Pro Power Station - koningdrone.be","robots":{"index":"index","follow":"follow","max-snippet":"max-snippet:-1","max-image-preview":"max-image-preview:large","max-video-preview":"max-video-preview:-1"},"canonical":"https:\/\/koningdrone.be\/fr\/produit\/bluetti-ep500-pro-power-station\/","og_locale":"fr_FR","og_type":"article","og_title":"Bluetti EP500 Pro Power Station","og_description":"5100 Wh LiFePo4\/3000 W PSW-omvormer, 3500+ cycli tot 80% capaciteit  Draagbare krachtcentrale  In-grid UPS-modus en flexibele UPS-modus (24\/7)  Off-grid energieopslag  Meerdere apparaten kunnen gelijktijdig worden geladen  Flexibele oplaadmanier om uw EP500Pro altijd aan te laten staan  Afstandsbediening-app  Slim touchscreen","og_url":"https:\/\/koningdrone.be\/fr\/produit\/bluetti-ep500-pro-power-station\/","og_site_name":"koningdrone.be","article_modified_time":"2026-04-29T04:10:43+00:00","og_image":[{"width":750,"height":750,"url":"https:\/\/koningdrone.be\/wp-content\/uploads\/sites\/13\/2025\/04\/Bluetti-EP500-Pro-Power-Station-14.webp","type":"image\/webp"}],"twitter_card":"summary_large_image","twitter_misc":{"Dur\u00e9e de lecture est.":"1 minute"},"schema":{"@context":"https:\/\/schema.org","@graph":[{"@type":"WebPage","@id":"https:\/\/koningdrone.be\/product\/bluetti-ep500-pro-power-station\/","url":"https:\/\/koningdrone.be\/product\/bluetti-ep500-pro-power-station\/","name":"Bluetti EP500 Pro Power Station - koningdrone.be","isPartOf":{"@id":"https:\/\/koningdrone.be\/#website"},"primaryImageOfPage":{"@id":"https:\/\/koningdrone.be\/product\/bluetti-ep500-pro-power-station\/#primaryimage"},"image":{"@id":"https:\/\/koningdrone.be\/product\/bluetti-ep500-pro-power-station\/#primaryimage"},"thumbnailUrl":"https:\/\/koningdrone.be\/wp-content\/uploads\/sites\/13\/2025\/04\/Bluetti-EP500-Pro-Power-Station-14.webp","datePublished":"2023-02-14T13:19:38+00:00","dateModified":"2026-04-29T04:10:43+00:00","breadcrumb":{"@id":"https:\/\/koningdrone.be\/product\/bluetti-ep500-pro-power-station\/#breadcrumb"},"inLanguage":"fr-BE","potentialAction":[{"@type":"ReadAction","target":["https:\/\/koningdrone.be\/product\/bluetti-ep500-pro-power-station\/"]}]},{"@type":"ImageObject","inLanguage":"fr-BE","@id":"https:\/\/koningdrone.be\/product\/bluetti-ep500-pro-power-station\/#primaryimage","url":"https:\/\/koningdrone.be\/wp-content\/uploads\/sites\/13\/2025\/04\/Bluetti-EP500-Pro-Power-Station-14.webp","contentUrl":"https:\/\/koningdrone.be\/wp-content\/uploads\/sites\/13\/2025\/04\/Bluetti-EP500-Pro-Power-Station-14.webp","width":750,"height":750},{"@type":"BreadcrumbList","@id":"https:\/\/koningdrone.be\/product\/bluetti-ep500-pro-power-station\/#breadcrumb","itemListElement":[{"@type":"ListItem","position":1,"name":"Home","item":"https:\/\/koningdrone.be\/"},{"@type":"ListItem","position":2,"name":"AVSS Parachute Recovery System for DJI Matrice 300\/350","item":"https:\/\/koningdrone.be\/product\/avss-parachute-recovery-system-for-dji-matrice-300-350\/"},{"@type":"ListItem","position":3,"name":"Alle powerstations","item":"https:\/\/koningdrone.be\/categorie\/alle-powerstations\/"},{"@type":"ListItem","position":4,"name":"Bluetti EP500 Pro Power Station"}]},{"@type":"WebSite","@id":"https:\/\/koningdrone.be\/#website","url":"https:\/\/koningdrone.be\/","name":"Koningdrone.be - Votre sp\u00e9cialiste en ligne en mati\u00e8re de drones, de cardans, de cam\u00e9ras et de centrales \u00e9lectriques.","description":"La boutique en ligne de drones et de cardans","publisher":{"@id":"https:\/\/koningdrone.be\/#organization"},"potentialAction":[{"@type":"SearchAction","target":{"@type":"EntryPoint","urlTemplate":"https:\/\/koningdrone.be\/?s={search_term_string}"},"query-input":{"@type":"PropertyValueSpecification","valueRequired":true,"valueName":"search_term_string"}}],"inLanguage":"fr-BE"},{"@type":"Organization","@id":"https:\/\/koningdrone.be\/#organization","name":"Kingdrone.co.uk","url":"https:\/\/koningdrone.be\/","logo":{"@type":"ImageObject","inLanguage":"fr-BE","@id":"https:\/\/koningdrone.be\/#\/schema\/logo\/image\/","url":"https:\/\/koningdrone.be\/wp-content\/uploads\/sites\/13\/2025\/04\/koningdrone-copyright-logo.svg","contentUrl":"https:\/\/koningdrone.be\/wp-content\/uploads\/sites\/13\/2025\/04\/koningdrone-copyright-logo.svg","width":227,"height":38,"caption":"Koningdrone.be"},"image":{"@id":"https:\/\/koningdrone.be\/#\/schema\/logo\/image\/"}}]}},"df_price":"","df_sale_price":"","df_regular_price":"","df_image_link":"https:\/\/koningdrone.be\/wp-content\/uploads\/sites\/13\/2025\/04\/Bluetti-EP500-Pro-Power-Station-14-300x300.webp","_links":{"self":[{"href":"https:\/\/koningdrone.be\/fr\/wp-json\/wp\/v2\/product\/5142","targetHints":{"allow":["GET"]}}],"collection":[{"href":"https:\/\/koningdrone.be\/fr\/wp-json\/wp\/v2\/product"}],"about":[{"href":"https:\/\/koningdrone.be\/fr\/wp-json\/wp\/v2\/types\/product"}],"wp:featuredmedia":[{"embeddable":true,"href":"https:\/\/koningdrone.be\/fr\/wp-json\/wp\/v2\/media\/5137"}],"wp:attachment":[{"href":"https:\/\/koningdrone.be\/fr\/wp-json\/wp\/v2\/media?parent=5142"}],"wp:term":[{"taxonomy":"product_brand","embeddable":true,"href":"https:\/\/koningdrone.be\/fr\/wp-json\/wp\/v2\/product_brand?post=5142"},{"taxonomy":"product_cat","embeddable":true,"href":"https:\/\/koningdrone.be\/fr\/wp-json\/wp\/v2\/product_cat?post=5142"},{"taxonomy":"product_tag","embeddable":true,"href":"https:\/\/koningdrone.be\/fr\/wp-json\/wp\/v2\/product_tag?post=5142"}],"curies":[{"name":"wp","href":"https:\/\/api.w.org\/{rel}","templated":true}]}}