{"id":5136,"date":"2023-02-27T16:24:57","date_gmt":"2023-02-27T15:24:57","guid":{"rendered":"https:\/\/koningdrone.nl\/kon\/product\/ecoflow-dual-fuel-smart-generator-power-generator-230-v-1800-w\/"},"modified":"2026-04-29T13:40:45","modified_gmt":"2026-04-29T11:40:45","slug":"ecoflow-dual-fuel-smart-generator-power-generator-230-v-1800-w","status":"publish","type":"product","link":"https:\/\/koningdrone.be\/fr\/produit\/ecoflow-dual-fuel-smart-generator-power-generator-230-v-1800-w\/","title":{"rendered":"EcoFlow Dual Fuel Smart Generator UE"},"content":{"rendered":"<h1>EcoFlow Dual Fuel Smart Generator UE<\/h1>\n<p>Le g\u00e9n\u00e9rateur intelligent EcoFlow \u00e0 double carburant est une v\u00e9ritable aubaine pour ceux qui souhaitent b\u00e9n\u00e9ficier d'une ind\u00e9pendance et d'une s\u00e9curit\u00e9 maximales et d'une alimentation de secours en cas d'urgence. Le g\u00e9n\u00e9rateur peut \u00eatre utilis\u00e9 avec les stations de recharge DELTA Pro, DELTA Max et les syst\u00e8mes Power Kit pour une ind\u00e9pendance \u00e9nerg\u00e9tique. La conception du g\u00e9n\u00e9rateur permet d'utiliser deux types de carburant : le gaz liquide et l'essence (AI-92).<\/p>\n<p><strong> Gaz liqu\u00e9fi\u00e9 : meilleur environnement, plus d'efficacit\u00e9 et de flexibilit\u00e9 <\/strong><\/p>\n<p>Le gaz liquide n'est pas inhabituel pour de nombreux propri\u00e9taires de maisons priv\u00e9es en Russie. Mais dans ce cas, ce type de carburant peut \u00e9galement \u00eatre utilis\u00e9 pour alimenter un g\u00e9n\u00e9rateur bicombustible. Cette option convient \u00e0 diff\u00e9rentes situations : en cas d'accident sur les r\u00e9seaux urbains, comme source d'\u00e9nergie de secours, ou lors d'un voyage en camping-car. L'utilisation du GPL permet de r\u00e9duire les \u00e9missions de monoxyde de carbone et d'autres polluants jusqu'\u00e0 10% et d'accro\u00eetre la flexibilit\u00e9 globale de votre syst\u00e8me d'alimentation.<\/p>\n<p><strong> Les longues p\u00e9riodes d'inactivit\u00e9 ne sont pas effrayantes <\/strong><\/p>\n<p>Avec le g\u00e9n\u00e9rateur, vous pouvez fournir 12,5 heures de fonctionnement et 20 kWh d'\u00e9lectricit\u00e9 uniquement avec du gaz liquide (en fonction du volume du r\u00e9servoir de gaz liquide). Avec un r\u00e9servoir d'essence de 4 litres et une puissance de 1600W-1800W, vous pouvez produire 5,4 kWh avec de l'essence. Vous avez donc deux sources d'\u00e9nergie \u00e0 votre disposition, ainsi que la possibilit\u00e9 d'\u00e9conomiser du carburant et d'obtenir suffisamment d'\u00e9nergie.<\/p>\n<p><strong> Consommation de carburant <\/strong><\/p>\n<p>En connectant les stations de recharge Delta Pro et Delta Max au g\u00e9n\u00e9rateur, vous pouvez \u00e9conomiser jusqu'\u00e0 40% de carburant. Le g\u00e9n\u00e9rateur est \u00e9quip\u00e9 d'une fonction de d\u00e9marrage et d'arr\u00eat automatique pour r\u00e9duire la consommation de carburant, les \u00e9missions et le bruit. Promouvoir la consommation durable de carburant et l'application mobile pour les stations Delta Pro et Delta Max. Il d\u00e9termine le moment o\u00f9 les stations doivent \u00eatre d\u00e9charg\u00e9es \u00e0 des niveaux d\u00e9finis par l'utilisateur. Ensuite, le g\u00e9n\u00e9rateur se met automatiquement en marche. Apr\u00e8s avoir atteint un niveau de charge pr\u00e9d\u00e9termin\u00e9, le moteur du g\u00e9n\u00e9rateur s'\u00e9teint.<\/p>\n<p><strong> 4 fa\u00e7ons de d\u00e9marrer le g\u00e9n\u00e9rateur <\/strong><\/p>\n<p>Vous pouvez d\u00e9marrer le Dual Fuel Smart Generator de l'une des quatre fa\u00e7ons qui vous conviennent le mieux. Si vous \u00eates \u00e0 proximit\u00e9 de l'appareil, vous pouvez utiliser le bouton de d\u00e9marrage \u00e9lectrique ou la m\u00e9thode manuelle traditionnelle. Gr\u00e2ce \u00e0 l'application pour smartphone, vous pouvez \u00e9galement r\u00e9gler le g\u00e9n\u00e9rateur sur le d\u00e9marrage automatique* ou le d\u00e9marrage \u00e0 distance. Le d\u00e9marrage manuel peut \u00e9galement \u00eatre utilis\u00e9 dans les situations o\u00f9 un dysfonctionnement s'est produit.<br \/>\n*Veuillez noter que pour le d\u00e9marrage automatique, les kits Delta Pro, Delta Max ou Power Kits doivent \u00eatre connect\u00e9s au g\u00e9n\u00e9rateur.<\/p>\n<p><strong> Facilit\u00e9 d'entretien du g\u00e9n\u00e9rateur ||Facilit\u00e9 d'acc\u00e8s aux composants internes <\/strong><\/p>\n<p>Le corps du g\u00e9n\u00e9rateur \u00e0 double carburant est dot\u00e9 d'une grande porte lat\u00e9rale. En l'ouvrant, vous pouvez effectuer la maintenance, les r\u00e9parations ou l'entretien sans trop d'efforts.<\/p>\n<p><strong> Bruit minimal <\/strong><\/p>\n<p>Le g\u00e9n\u00e9rateur bicombustible est \u00e9quip\u00e9 d'un silencieux int\u00e9gr\u00e9. Ce silencieux r\u00e9duit le niveau sonore \u00e0 56-63 dB \u00e0 une distance de 7 m\u00e8tres.<\/p>\n<p><strong> Application mobile pour le suivi en temps r\u00e9el <\/strong><\/p>\n<p>T\u00e9l\u00e9chargez et installez l'application EcoFlow de la marque. Connectez-la via Bluetooth ou Wi-Fi pour d\u00e9couvrir le monde des possibilit\u00e9s. Gr\u00e2ce \u00e0 une application pratique et intuitive, vous pouvez r\u00e9gler le niveau de la batterie pour le d\u00e9marrage automatique, contr\u00f4ler le niveau de sortie CC, d\u00e9marrer ou arr\u00eater le g\u00e9n\u00e9rateur et les autres appareils EcoFlow \u00e0 distance, activer le mode \u00e9co, surveiller et recevoir des notifications.<\/p>","protected":false},"excerpt":{"rendered":"<ul>\n<li>Dimensions : 59,7 x 30,0 x 47,5 centim\u00e8tres<\/li>\n<li>Poids - 30.5 Kg<\/li>\n<li>Type de g\u00e9n\u00e9rateur \u00e0 inverseur<\/li>\n<li>Fr\u00e9quence - 50 Hz<\/li>\n<li>Capacit\u00e9 nominale - Essence : 1800 W (valeur de cr\u00eate 1900 W) Gaz liquide : 1600 W (valeur de cr\u00eate 1700 W)<\/li>\n<li>Tension nominale - 230 V<\/li>\n<li>Type (moteur) - Quatre temps, refroidissement par air forc\u00e9<\/li>\n<li>Cylindr\u00e9e (moteur) - 80 cc<\/li>\n<li>Type de carburant (moteur) - gaz de p\u00e9trole liqu\u00e9fi\u00e9 (propane), essence sans plomb<\/li>\n<li>Capacit\u00e9 du r\u00e9servoir de carburant (moteur) - 4 l<\/li>\n<li>Niveau sonore (moteur) - 56-67 Db<\/li>\n<li>Dur\u00e9e de fonctionnement continu (moteur) - essence : 3,5 heures (\u00e0 pleine charge)<\/li>\n<li>Puissance - 1800 W<\/li>\n<\/ul>","protected":false},"featured_media":5131,"template":"","meta":{"_acf_changed":false},"product_brand":[],"product_cat":[454,97,245,276,415,628],"product_tag":[],"class_list":{"0":"post-5136","1":"product","2":"type-product","3":"status-publish","4":"has-post-thumbnail","6":"product_cat-alle-powerstations","7":"product_cat-alle-producten","8":"product_cat-ecoflow","9":"product_cat-ecoflow-powerstations","10":"product_cat-energy","11":"product_cat-powerstations","12":"product_shipping_class-outofstock","13":"pa_afmetingen-59-7-x-30-x-47-5-cm","14":"pa_brand-ecoflow","15":"pa_capaciteit-1036","16":"pa_gewicht-30-5-kg","17":"pa_output-230-v-benzine-1-800-w-piekbelasting-1-900-w_x000d_-lpg-1-600-w-piekbelasting-1-700-w","18":"pa_output-dc-42-58-8-v","19":"pa_productfamily-generator","20":"pa_producttype-generator","21":"pa_type-batterij-1035","22":"pa_wifi-functie-ja","24":"first","25":"outofstock","26":"taxable","27":"shipping-taxable","28":"product-type-simple"},"acf":[],"yoast_head":"<!-- This site is optimized with the Yoast SEO Premium plugin v27.2 (Yoast SEO v27.2) - https:\/\/yoast.com\/product\/yoast-seo-premium-wordpress\/ -->\n<title>EcoFlow Dual Fuel Smart Generator EU - koningdrone.be<\/title>\n<meta name=\"robots\" content=\"index, follow, max-snippet:-1, max-image-preview:large, max-video-preview:-1\" \/>\n<link rel=\"canonical\" href=\"https:\/\/koningdrone.be\/fr\/produit\/ecoflow-dual-fuel-smart-generator-power-generator-230-v-1800-w\/\" \/>\n<meta property=\"og:locale\" content=\"fr_FR\" \/>\n<meta property=\"og:type\" content=\"article\" \/>\n<meta property=\"og:title\" content=\"EcoFlow Dual Fuel Smart Generator EU\" \/>\n<meta property=\"og:description\" content=\"Afmeting: 59,7 x 30,0 x 47,5 centimeterGewicht - 30,5 KgType-invertergeneratorFrequentie - 50 HzNominale capaciteit - Benzine: 1800 W (piekwaarde 1900 W) Vloeibaar gas: 1600 W (piekwaarde 1700 W)Nominale spanning - 230 VType (motor) - Viertakt, geforceerde luchtkoelingCilinderinhoud (motor) - 80 ccBrandstoftype (motor) - vloeibaar petroleumgas (propaan), loodvrije benzineInhoud brandstoftank (motor) - 4 lGeluidsniveau (motor) - 56-67 DbContinue bedrijfstijd (motor) - benzine: 3,5 uur (vollast)Vermogen - 1800 W\" \/>\n<meta property=\"og:url\" content=\"https:\/\/koningdrone.be\/fr\/produit\/ecoflow-dual-fuel-smart-generator-power-generator-230-v-1800-w\/\" \/>\n<meta property=\"og:site_name\" content=\"koningdrone.be\" \/>\n<meta property=\"article:modified_time\" content=\"2026-04-29T11:40:45+00:00\" \/>\n<meta property=\"og:image\" content=\"https:\/\/koningdrone.be\/wp-content\/uploads\/sites\/13\/2025\/04\/4897082668657-1.jpg\" \/>\n\t<meta property=\"og:image:width\" content=\"540\" \/>\n\t<meta property=\"og:image:height\" content=\"540\" \/>\n\t<meta property=\"og:image:type\" content=\"image\/jpeg\" \/>\n<meta name=\"twitter:card\" content=\"summary_large_image\" \/>\n<meta name=\"twitter:label1\" content=\"Dur\u00e9e de lecture est.\" \/>\n\t<meta name=\"twitter:data1\" content=\"3 minutes\" \/>\n<script type=\"application\/ld+json\" class=\"yoast-schema-graph\">{\"@context\":\"https:\/\/schema.org\",\"@graph\":[{\"@type\":\"WebPage\",\"@id\":\"https:\/\/koningdrone.be\/product\/ecoflow-dual-fuel-smart-generator-power-generator-230-v-1800-w\/\",\"url\":\"https:\/\/koningdrone.be\/product\/ecoflow-dual-fuel-smart-generator-power-generator-230-v-1800-w\/\",\"name\":\"EcoFlow Dual Fuel Smart Generator EU - koningdrone.be\",\"isPartOf\":{\"@id\":\"https:\/\/koningdrone.be\/#website\"},\"primaryImageOfPage\":{\"@id\":\"https:\/\/koningdrone.be\/product\/ecoflow-dual-fuel-smart-generator-power-generator-230-v-1800-w\/#primaryimage\"},\"image\":{\"@id\":\"https:\/\/koningdrone.be\/product\/ecoflow-dual-fuel-smart-generator-power-generator-230-v-1800-w\/#primaryimage\"},\"thumbnailUrl\":\"https:\/\/koningdrone.be\/wp-content\/uploads\/sites\/13\/2025\/04\/4897082668657-1.jpg\",\"datePublished\":\"2023-02-27T15:24:57+00:00\",\"dateModified\":\"2026-04-29T11:40:45+00:00\",\"breadcrumb\":{\"@id\":\"https:\/\/koningdrone.be\/product\/ecoflow-dual-fuel-smart-generator-power-generator-230-v-1800-w\/#breadcrumb\"},\"inLanguage\":\"fr-BE\",\"potentialAction\":[{\"@type\":\"ReadAction\",\"target\":[\"https:\/\/koningdrone.be\/product\/ecoflow-dual-fuel-smart-generator-power-generator-230-v-1800-w\/\"]}]},{\"@type\":\"ImageObject\",\"inLanguage\":\"fr-BE\",\"@id\":\"https:\/\/koningdrone.be\/product\/ecoflow-dual-fuel-smart-generator-power-generator-230-v-1800-w\/#primaryimage\",\"url\":\"https:\/\/koningdrone.be\/wp-content\/uploads\/sites\/13\/2025\/04\/4897082668657-1.jpg\",\"contentUrl\":\"https:\/\/koningdrone.be\/wp-content\/uploads\/sites\/13\/2025\/04\/4897082668657-1.jpg\",\"width\":540,\"height\":540},{\"@type\":\"BreadcrumbList\",\"@id\":\"https:\/\/koningdrone.be\/product\/ecoflow-dual-fuel-smart-generator-power-generator-230-v-1800-w\/#breadcrumb\",\"itemListElement\":[{\"@type\":\"ListItem\",\"position\":1,\"name\":\"Home\",\"item\":\"https:\/\/koningdrone.be\/\"},{\"@type\":\"ListItem\",\"position\":2,\"name\":\"AVSS Parachute Recovery System for DJI Matrice 300\/350\",\"item\":\"https:\/\/koningdrone.be\/product\/avss-parachute-recovery-system-for-dji-matrice-300-350\/\"},{\"@type\":\"ListItem\",\"position\":3,\"name\":\"Alle powerstations\",\"item\":\"https:\/\/koningdrone.be\/categorie\/alle-powerstations\/\"},{\"@type\":\"ListItem\",\"position\":4,\"name\":\"EcoFlow Dual Fuel Smart Generator EU\"}]},{\"@type\":\"WebSite\",\"@id\":\"https:\/\/koningdrone.be\/#website\",\"url\":\"https:\/\/koningdrone.be\/\",\"name\":\"Koningdrone.be - Uw online specialist in drones, gimbals, camera's en power stations.\",\"description\":\"De webshop in drones en gimbals\",\"publisher\":{\"@id\":\"https:\/\/koningdrone.be\/#organization\"},\"potentialAction\":[{\"@type\":\"SearchAction\",\"target\":{\"@type\":\"EntryPoint\",\"urlTemplate\":\"https:\/\/koningdrone.be\/?s={search_term_string}\"},\"query-input\":{\"@type\":\"PropertyValueSpecification\",\"valueRequired\":true,\"valueName\":\"search_term_string\"}}],\"inLanguage\":\"fr-BE\"},{\"@type\":\"Organization\",\"@id\":\"https:\/\/koningdrone.be\/#organization\",\"name\":\"Koningdrone.be\",\"url\":\"https:\/\/koningdrone.be\/\",\"logo\":{\"@type\":\"ImageObject\",\"inLanguage\":\"fr-BE\",\"@id\":\"https:\/\/koningdrone.be\/#\/schema\/logo\/image\/\",\"url\":\"https:\/\/koningdrone.be\/wp-content\/uploads\/sites\/13\/2025\/04\/koningdrone-copyright-logo.svg\",\"contentUrl\":\"https:\/\/koningdrone.be\/wp-content\/uploads\/sites\/13\/2025\/04\/koningdrone-copyright-logo.svg\",\"width\":227,\"height\":38,\"caption\":\"Koningdrone.be\"},\"image\":{\"@id\":\"https:\/\/koningdrone.be\/#\/schema\/logo\/image\/\"}}]}<\/script>\n<!-- \/ Yoast SEO Premium plugin. -->","yoast_head_json":{"title":"EcoFlow Dual Fuel Smart Generator EU - koningdrone.be","robots":{"index":"index","follow":"follow","max-snippet":"max-snippet:-1","max-image-preview":"max-image-preview:large","max-video-preview":"max-video-preview:-1"},"canonical":"https:\/\/koningdrone.be\/fr\/produit\/ecoflow-dual-fuel-smart-generator-power-generator-230-v-1800-w\/","og_locale":"fr_FR","og_type":"article","og_title":"EcoFlow Dual Fuel Smart Generator EU","og_description":"Afmeting: 59,7 x 30,0 x 47,5 centimeterGewicht - 30,5 KgType-invertergeneratorFrequentie - 50 HzNominale capaciteit - Benzine: 1800 W (piekwaarde 1900 W) Vloeibaar gas: 1600 W (piekwaarde 1700 W)Nominale spanning - 230 VType (motor) - Viertakt, geforceerde luchtkoelingCilinderinhoud (motor) - 80 ccBrandstoftype (motor) - vloeibaar petroleumgas (propaan), loodvrije benzineInhoud brandstoftank (motor) - 4 lGeluidsniveau (motor) - 56-67 DbContinue bedrijfstijd (motor) - benzine: 3,5 uur (vollast)Vermogen - 1800 W","og_url":"https:\/\/koningdrone.be\/fr\/produit\/ecoflow-dual-fuel-smart-generator-power-generator-230-v-1800-w\/","og_site_name":"koningdrone.be","article_modified_time":"2026-04-29T11:40:45+00:00","og_image":[{"width":540,"height":540,"url":"https:\/\/koningdrone.be\/wp-content\/uploads\/sites\/13\/2025\/04\/4897082668657-1.jpg","type":"image\/jpeg"}],"twitter_card":"summary_large_image","twitter_misc":{"Dur\u00e9e de lecture est.":"3 minutes"},"schema":{"@context":"https:\/\/schema.org","@graph":[{"@type":"WebPage","@id":"https:\/\/koningdrone.be\/product\/ecoflow-dual-fuel-smart-generator-power-generator-230-v-1800-w\/","url":"https:\/\/koningdrone.be\/product\/ecoflow-dual-fuel-smart-generator-power-generator-230-v-1800-w\/","name":"EcoFlow Dual Fuel Smart Generator EU - koningdrone.be","isPartOf":{"@id":"https:\/\/koningdrone.be\/#website"},"primaryImageOfPage":{"@id":"https:\/\/koningdrone.be\/product\/ecoflow-dual-fuel-smart-generator-power-generator-230-v-1800-w\/#primaryimage"},"image":{"@id":"https:\/\/koningdrone.be\/product\/ecoflow-dual-fuel-smart-generator-power-generator-230-v-1800-w\/#primaryimage"},"thumbnailUrl":"https:\/\/koningdrone.be\/wp-content\/uploads\/sites\/13\/2025\/04\/4897082668657-1.jpg","datePublished":"2023-02-27T15:24:57+00:00","dateModified":"2026-04-29T11:40:45+00:00","breadcrumb":{"@id":"https:\/\/koningdrone.be\/product\/ecoflow-dual-fuel-smart-generator-power-generator-230-v-1800-w\/#breadcrumb"},"inLanguage":"fr-BE","potentialAction":[{"@type":"ReadAction","target":["https:\/\/koningdrone.be\/product\/ecoflow-dual-fuel-smart-generator-power-generator-230-v-1800-w\/"]}]},{"@type":"ImageObject","inLanguage":"fr-BE","@id":"https:\/\/koningdrone.be\/product\/ecoflow-dual-fuel-smart-generator-power-generator-230-v-1800-w\/#primaryimage","url":"https:\/\/koningdrone.be\/wp-content\/uploads\/sites\/13\/2025\/04\/4897082668657-1.jpg","contentUrl":"https:\/\/koningdrone.be\/wp-content\/uploads\/sites\/13\/2025\/04\/4897082668657-1.jpg","width":540,"height":540},{"@type":"BreadcrumbList","@id":"https:\/\/koningdrone.be\/product\/ecoflow-dual-fuel-smart-generator-power-generator-230-v-1800-w\/#breadcrumb","itemListElement":[{"@type":"ListItem","position":1,"name":"Home","item":"https:\/\/koningdrone.be\/"},{"@type":"ListItem","position":2,"name":"AVSS Parachute Recovery System for DJI Matrice 300\/350","item":"https:\/\/koningdrone.be\/product\/avss-parachute-recovery-system-for-dji-matrice-300-350\/"},{"@type":"ListItem","position":3,"name":"Alle powerstations","item":"https:\/\/koningdrone.be\/categorie\/alle-powerstations\/"},{"@type":"ListItem","position":4,"name":"EcoFlow Dual Fuel Smart Generator EU"}]},{"@type":"WebSite","@id":"https:\/\/koningdrone.be\/#website","url":"https:\/\/koningdrone.be\/","name":"Koningdrone.be - Votre sp\u00e9cialiste en ligne en mati\u00e8re de drones, de cardans, de cam\u00e9ras et de centrales \u00e9lectriques.","description":"La boutique en ligne de drones et de cardans","publisher":{"@id":"https:\/\/koningdrone.be\/#organization"},"potentialAction":[{"@type":"SearchAction","target":{"@type":"EntryPoint","urlTemplate":"https:\/\/koningdrone.be\/?s={search_term_string}"},"query-input":{"@type":"PropertyValueSpecification","valueRequired":true,"valueName":"search_term_string"}}],"inLanguage":"fr-BE"},{"@type":"Organization","@id":"https:\/\/koningdrone.be\/#organization","name":"Kingdrone.co.uk","url":"https:\/\/koningdrone.be\/","logo":{"@type":"ImageObject","inLanguage":"fr-BE","@id":"https:\/\/koningdrone.be\/#\/schema\/logo\/image\/","url":"https:\/\/koningdrone.be\/wp-content\/uploads\/sites\/13\/2025\/04\/koningdrone-copyright-logo.svg","contentUrl":"https:\/\/koningdrone.be\/wp-content\/uploads\/sites\/13\/2025\/04\/koningdrone-copyright-logo.svg","width":227,"height":38,"caption":"Koningdrone.be"},"image":{"@id":"https:\/\/koningdrone.be\/#\/schema\/logo\/image\/"}}]}},"df_price":"","df_sale_price":"","df_regular_price":"","df_image_link":"https:\/\/koningdrone.be\/wp-content\/uploads\/sites\/13\/2025\/04\/4897082668657-1-300x300.jpg","_links":{"self":[{"href":"https:\/\/koningdrone.be\/fr\/wp-json\/wp\/v2\/product\/5136","targetHints":{"allow":["GET"]}}],"collection":[{"href":"https:\/\/koningdrone.be\/fr\/wp-json\/wp\/v2\/product"}],"about":[{"href":"https:\/\/koningdrone.be\/fr\/wp-json\/wp\/v2\/types\/product"}],"wp:featuredmedia":[{"embeddable":true,"href":"https:\/\/koningdrone.be\/fr\/wp-json\/wp\/v2\/media\/5131"}],"wp:attachment":[{"href":"https:\/\/koningdrone.be\/fr\/wp-json\/wp\/v2\/media?parent=5136"}],"wp:term":[{"taxonomy":"product_brand","embeddable":true,"href":"https:\/\/koningdrone.be\/fr\/wp-json\/wp\/v2\/product_brand?post=5136"},{"taxonomy":"product_cat","embeddable":true,"href":"https:\/\/koningdrone.be\/fr\/wp-json\/wp\/v2\/product_cat?post=5136"},{"taxonomy":"product_tag","embeddable":true,"href":"https:\/\/koningdrone.be\/fr\/wp-json\/wp\/v2\/product_tag?post=5136"}],"curies":[{"name":"wp","href":"https:\/\/api.w.org\/{rel}","templated":true}]}}