{"id":5127,"date":"2023-03-08T09:20:34","date_gmt":"2023-03-08T08:20:34","guid":{"rendered":"https:\/\/koningdrone.nl\/kon\/product\/bluetti-ac200-max-solar-power-station\/"},"modified":"2026-04-29T06:10:28","modified_gmt":"2026-04-29T04:10:28","slug":"bluetti-ac200-max-solar-power-station","status":"publish","type":"product","link":"https:\/\/koningdrone.be\/fr\/produit\/bluetti-ac200-max-solar-power-station\/","title":{"rendered":"Centrale solaire Bluetti AC200 Max"},"content":{"rendered":"<p>La centrale solaire Bluetti AC200 Max est une centrale puissante et polyvalente qui peut servir de centre de charge portable hors r\u00e9seau ou en d\u00e9placement. Avec une impressionnante batterie LFP ultra-durable de 2048 Wh et un onduleur \u00e0 onde sinuso\u00efdale pure de 2 200 W, l'AC200MAX offre \u00e0 la fois puissance et flexibilit\u00e9.<\/p>\n<p><strong>Capacit\u00e9 extensible<\/strong><\/p>\n<p>Cette centrale est extensible gr\u00e2ce \u00e0 deux ports d'extension, permettant de connecter jusqu'\u00e0 deux modules de batterie BLUETTI B230s (2048 Wh chacun) ou B300 (3072 Wh chacun), augmentant ainsi la capacit\u00e9 totale jusqu'\u00e0 8192 Wh.<\/p>\n<p><strong>Charge utile<\/strong><\/p>\n<p>L'AC200MAX peut convertir jusqu'\u00e0 900 W d'\u00e9nergie solaire et 500 W via l'adaptateur, et peut m\u00eame \u00eatre charg\u00e9 simultan\u00e9ment via une prise et des panneaux solaires, ce qui donne une puissance de charge totale de 1 400 W. Chaque module de batterie BLUETTI dispose \u00e9galement de son propre port d'entr\u00e9e pour les adaptateurs CA, ce qui permet d'ajouter 500 W de puissance d'entr\u00e9e \u00e0 chaque module ajout\u00e9.<\/p>\n<p><strong>Polyvalence<\/strong><\/p>\n<p>Gr\u00e2ce \u00e0 ses 15 prises, l'AC200MAX offre une polyvalence sans pr\u00e9c\u00e9dent, vous permettant de r\u00e9pondre \u00e0 tous vos besoins en m\u00eame temps. En bref, cette station d'alimentation convient \u00e0 de nombreuses occasions et vous assure de ne plus jamais \u00eatre priv\u00e9 de courant.<\/p>","protected":false},"excerpt":{"rendered":"<ul>\n<li>Capacit\u00e9 : 2048Wh pour AC200MAX. Batterie LFP avec un cycle de vie de 3500+ pour 80%.<\/li>\n<li>Extensible avec jusqu'\u00e0 2 modules de batterie.<\/li>\n<li>Jusqu'\u00e0 6 144 Wh avec 2\u00d7B230, ou 8 192 Wh avec 2\u00d7B300<\/li>\n<li>Onduleur AC pur sinus de 2 200 W, Surge 4800 W.<\/li>\n<li>Jusqu'\u00e0 900 W en entr\u00e9e solaire et 500 W en entr\u00e9e adaptateur, soit 1400 W au total.<\/li>\n<li>Contr\u00f4le et surveillance par application intelligente.<\/li>\n<\/ul>","protected":false},"featured_media":5123,"template":"","meta":{"_acf_changed":false},"product_brand":[],"product_cat":[454,97,829,415,628],"product_tag":[],"class_list":{"0":"post-5127","1":"product","2":"type-product","3":"status-publish","4":"has-post-thumbnail","6":"product_cat-alle-powerstations","7":"product_cat-alle-producten","8":"product_cat-bluetti","9":"product_cat-energy","10":"product_cat-powerstations","11":"product_shipping_class-outofstock","12":"pa_afmetingen-420-x-280-x-386mm","13":"pa_brand-bluetti","14":"pa_capaciteit-2048-wh-40ah","15":"pa_gewicht-281-kg","16":"pa_input-dc-ingangsvermogen-900w-500w-via-adapter_x000d_-ingangsspanning-zonnepanelen-10v-145v-max-15a","17":"pa_materiaal-kunststof","18":"pa_oplaadtijd-via-ac-5-uur","19":"pa_output-230-v-4-x-ac-230-v-eu-schuko_x000d_-totaal-max-2200-w-continuvermogen_x000d_-totaal-max-4800-w-piek-vermogen","20":"pa_output-dc-2-x-12v-10a-5521_x000d_-1x-12v-10a-_x000d_-1x-12v-30a","21":"pa_output-usb-2-x-usb-a-5v-3a_x000d_-2-x-usb-a-18w_x000d_-1-x-100w-usb-c-pd-port_x000d_-2-x-wireless-charging-15w","22":"pa_productfamily-power-station","23":"pa_producttype-power-station","24":"pa_type-batterij-lifepo4","26":"first","27":"outofstock","28":"taxable","29":"shipping-taxable","30":"product-type-simple"},"acf":[],"yoast_head":"<!-- This site is optimized with the Yoast SEO Premium plugin v27.2 (Yoast SEO v27.2) - https:\/\/yoast.com\/product\/yoast-seo-premium-wordpress\/ -->\n<title>Bluetti AC200 Max Solar Power Station - koningdrone.be<\/title>\n<meta name=\"robots\" content=\"index, follow, max-snippet:-1, max-image-preview:large, max-video-preview:-1\" \/>\n<link rel=\"canonical\" href=\"https:\/\/koningdrone.be\/fr\/produit\/bluetti-ac200-max-solar-power-station\/\" \/>\n<meta property=\"og:locale\" content=\"fr_FR\" \/>\n<meta property=\"og:type\" content=\"article\" \/>\n<meta property=\"og:title\" content=\"Bluetti AC200 Max Solar Power Station\" \/>\n<meta property=\"og:description\" content=\"Capaciteit: 2048Wh voor AC200MAX. LFP Batterij met levenscyclus 3500+ tot 80%.Uitbreidbaar met maximaal 2 batterijmodules.Tot 6.144 Wh met 2\u00d7B230&#039;s, of 8.192 Wh met 2\u00d7B300&#039;s2.200 W zuivere sinus AC-omvormer, Surge 4800 W.Tot 900W zonne-invoersnelheid en 500W adapterinvoer, 1400W in totaal.Slimme app-bediening en -monitor.\" \/>\n<meta property=\"og:url\" content=\"https:\/\/koningdrone.be\/fr\/produit\/bluetti-ac200-max-solar-power-station\/\" \/>\n<meta property=\"og:site_name\" content=\"koningdrone.be\" \/>\n<meta property=\"article:modified_time\" content=\"2026-04-29T04:10:28+00:00\" \/>\n<meta property=\"og:image\" content=\"https:\/\/koningdrone.be\/wp-content\/uploads\/sites\/13\/2025\/04\/6970991290312-1.webp\" \/>\n\t<meta property=\"og:image:width\" content=\"750\" \/>\n\t<meta property=\"og:image:height\" content=\"750\" \/>\n\t<meta property=\"og:image:type\" content=\"image\/webp\" \/>\n<meta name=\"twitter:card\" content=\"summary_large_image\" \/>\n<meta name=\"twitter:label1\" content=\"Dur\u00e9e de lecture est.\" \/>\n\t<meta name=\"twitter:data1\" content=\"1 minute\" \/>\n<script type=\"application\/ld+json\" class=\"yoast-schema-graph\">{\"@context\":\"https:\/\/schema.org\",\"@graph\":[{\"@type\":\"WebPage\",\"@id\":\"https:\/\/koningdrone.be\/product\/bluetti-ac200-max-solar-power-station\/\",\"url\":\"https:\/\/koningdrone.be\/product\/bluetti-ac200-max-solar-power-station\/\",\"name\":\"Bluetti AC200 Max Solar Power Station - koningdrone.be\",\"isPartOf\":{\"@id\":\"https:\/\/koningdrone.be\/#website\"},\"primaryImageOfPage\":{\"@id\":\"https:\/\/koningdrone.be\/product\/bluetti-ac200-max-solar-power-station\/#primaryimage\"},\"image\":{\"@id\":\"https:\/\/koningdrone.be\/product\/bluetti-ac200-max-solar-power-station\/#primaryimage\"},\"thumbnailUrl\":\"https:\/\/koningdrone.be\/wp-content\/uploads\/sites\/13\/2025\/04\/6970991290312-1.webp\",\"datePublished\":\"2023-03-08T08:20:34+00:00\",\"dateModified\":\"2026-04-29T04:10:28+00:00\",\"breadcrumb\":{\"@id\":\"https:\/\/koningdrone.be\/product\/bluetti-ac200-max-solar-power-station\/#breadcrumb\"},\"inLanguage\":\"fr-BE\",\"potentialAction\":[{\"@type\":\"ReadAction\",\"target\":[\"https:\/\/koningdrone.be\/product\/bluetti-ac200-max-solar-power-station\/\"]}]},{\"@type\":\"ImageObject\",\"inLanguage\":\"fr-BE\",\"@id\":\"https:\/\/koningdrone.be\/product\/bluetti-ac200-max-solar-power-station\/#primaryimage\",\"url\":\"https:\/\/koningdrone.be\/wp-content\/uploads\/sites\/13\/2025\/04\/6970991290312-1.webp\",\"contentUrl\":\"https:\/\/koningdrone.be\/wp-content\/uploads\/sites\/13\/2025\/04\/6970991290312-1.webp\",\"width\":750,\"height\":750},{\"@type\":\"BreadcrumbList\",\"@id\":\"https:\/\/koningdrone.be\/product\/bluetti-ac200-max-solar-power-station\/#breadcrumb\",\"itemListElement\":[{\"@type\":\"ListItem\",\"position\":1,\"name\":\"Home\",\"item\":\"https:\/\/koningdrone.be\/\"},{\"@type\":\"ListItem\",\"position\":2,\"name\":\"AVSS Parachute Recovery System for DJI Matrice 300\/350\",\"item\":\"https:\/\/koningdrone.be\/product\/avss-parachute-recovery-system-for-dji-matrice-300-350\/\"},{\"@type\":\"ListItem\",\"position\":3,\"name\":\"Alle powerstations\",\"item\":\"https:\/\/koningdrone.be\/categorie\/alle-powerstations\/\"},{\"@type\":\"ListItem\",\"position\":4,\"name\":\"Bluetti AC200 Max Solar Power Station\"}]},{\"@type\":\"WebSite\",\"@id\":\"https:\/\/koningdrone.be\/#website\",\"url\":\"https:\/\/koningdrone.be\/\",\"name\":\"Koningdrone.be - Uw online specialist in drones, gimbals, camera's en power stations.\",\"description\":\"De webshop in drones en gimbals\",\"publisher\":{\"@id\":\"https:\/\/koningdrone.be\/#organization\"},\"potentialAction\":[{\"@type\":\"SearchAction\",\"target\":{\"@type\":\"EntryPoint\",\"urlTemplate\":\"https:\/\/koningdrone.be\/?s={search_term_string}\"},\"query-input\":{\"@type\":\"PropertyValueSpecification\",\"valueRequired\":true,\"valueName\":\"search_term_string\"}}],\"inLanguage\":\"fr-BE\"},{\"@type\":\"Organization\",\"@id\":\"https:\/\/koningdrone.be\/#organization\",\"name\":\"Koningdrone.be\",\"url\":\"https:\/\/koningdrone.be\/\",\"logo\":{\"@type\":\"ImageObject\",\"inLanguage\":\"fr-BE\",\"@id\":\"https:\/\/koningdrone.be\/#\/schema\/logo\/image\/\",\"url\":\"https:\/\/koningdrone.be\/wp-content\/uploads\/sites\/13\/2025\/04\/koningdrone-copyright-logo.svg\",\"contentUrl\":\"https:\/\/koningdrone.be\/wp-content\/uploads\/sites\/13\/2025\/04\/koningdrone-copyright-logo.svg\",\"width\":227,\"height\":38,\"caption\":\"Koningdrone.be\"},\"image\":{\"@id\":\"https:\/\/koningdrone.be\/#\/schema\/logo\/image\/\"}}]}<\/script>\n<!-- \/ Yoast SEO Premium plugin. -->","yoast_head_json":{"title":"Bluetti AC200 Max Solar Power Station - koningdrone.be","robots":{"index":"index","follow":"follow","max-snippet":"max-snippet:-1","max-image-preview":"max-image-preview:large","max-video-preview":"max-video-preview:-1"},"canonical":"https:\/\/koningdrone.be\/fr\/produit\/bluetti-ac200-max-solar-power-station\/","og_locale":"fr_FR","og_type":"article","og_title":"Bluetti AC200 Max Solar Power Station","og_description":"Capaciteit: 2048Wh voor AC200MAX. LFP Batterij met levenscyclus 3500+ tot 80%.Uitbreidbaar met maximaal 2 batterijmodules.Tot 6.144 Wh met 2\u00d7B230's, of 8.192 Wh met 2\u00d7B300's2.200 W zuivere sinus AC-omvormer, Surge 4800 W.Tot 900W zonne-invoersnelheid en 500W adapterinvoer, 1400W in totaal.Slimme app-bediening en -monitor.","og_url":"https:\/\/koningdrone.be\/fr\/produit\/bluetti-ac200-max-solar-power-station\/","og_site_name":"koningdrone.be","article_modified_time":"2026-04-29T04:10:28+00:00","og_image":[{"width":750,"height":750,"url":"https:\/\/koningdrone.be\/wp-content\/uploads\/sites\/13\/2025\/04\/6970991290312-1.webp","type":"image\/webp"}],"twitter_card":"summary_large_image","twitter_misc":{"Dur\u00e9e de lecture est.":"1 minute"},"schema":{"@context":"https:\/\/schema.org","@graph":[{"@type":"WebPage","@id":"https:\/\/koningdrone.be\/product\/bluetti-ac200-max-solar-power-station\/","url":"https:\/\/koningdrone.be\/product\/bluetti-ac200-max-solar-power-station\/","name":"Bluetti AC200 Max Solar Power Station - koningdrone.be","isPartOf":{"@id":"https:\/\/koningdrone.be\/#website"},"primaryImageOfPage":{"@id":"https:\/\/koningdrone.be\/product\/bluetti-ac200-max-solar-power-station\/#primaryimage"},"image":{"@id":"https:\/\/koningdrone.be\/product\/bluetti-ac200-max-solar-power-station\/#primaryimage"},"thumbnailUrl":"https:\/\/koningdrone.be\/wp-content\/uploads\/sites\/13\/2025\/04\/6970991290312-1.webp","datePublished":"2023-03-08T08:20:34+00:00","dateModified":"2026-04-29T04:10:28+00:00","breadcrumb":{"@id":"https:\/\/koningdrone.be\/product\/bluetti-ac200-max-solar-power-station\/#breadcrumb"},"inLanguage":"fr-BE","potentialAction":[{"@type":"ReadAction","target":["https:\/\/koningdrone.be\/product\/bluetti-ac200-max-solar-power-station\/"]}]},{"@type":"ImageObject","inLanguage":"fr-BE","@id":"https:\/\/koningdrone.be\/product\/bluetti-ac200-max-solar-power-station\/#primaryimage","url":"https:\/\/koningdrone.be\/wp-content\/uploads\/sites\/13\/2025\/04\/6970991290312-1.webp","contentUrl":"https:\/\/koningdrone.be\/wp-content\/uploads\/sites\/13\/2025\/04\/6970991290312-1.webp","width":750,"height":750},{"@type":"BreadcrumbList","@id":"https:\/\/koningdrone.be\/product\/bluetti-ac200-max-solar-power-station\/#breadcrumb","itemListElement":[{"@type":"ListItem","position":1,"name":"Home","item":"https:\/\/koningdrone.be\/"},{"@type":"ListItem","position":2,"name":"AVSS Parachute Recovery System for DJI Matrice 300\/350","item":"https:\/\/koningdrone.be\/product\/avss-parachute-recovery-system-for-dji-matrice-300-350\/"},{"@type":"ListItem","position":3,"name":"Alle powerstations","item":"https:\/\/koningdrone.be\/categorie\/alle-powerstations\/"},{"@type":"ListItem","position":4,"name":"Bluetti AC200 Max Solar Power Station"}]},{"@type":"WebSite","@id":"https:\/\/koningdrone.be\/#website","url":"https:\/\/koningdrone.be\/","name":"Koningdrone.be - Votre sp\u00e9cialiste en ligne en mati\u00e8re de drones, de cardans, de cam\u00e9ras et de centrales \u00e9lectriques.","description":"La boutique en ligne de drones et de cardans","publisher":{"@id":"https:\/\/koningdrone.be\/#organization"},"potentialAction":[{"@type":"SearchAction","target":{"@type":"EntryPoint","urlTemplate":"https:\/\/koningdrone.be\/?s={search_term_string}"},"query-input":{"@type":"PropertyValueSpecification","valueRequired":true,"valueName":"search_term_string"}}],"inLanguage":"fr-BE"},{"@type":"Organization","@id":"https:\/\/koningdrone.be\/#organization","name":"Kingdrone.co.uk","url":"https:\/\/koningdrone.be\/","logo":{"@type":"ImageObject","inLanguage":"fr-BE","@id":"https:\/\/koningdrone.be\/#\/schema\/logo\/image\/","url":"https:\/\/koningdrone.be\/wp-content\/uploads\/sites\/13\/2025\/04\/koningdrone-copyright-logo.svg","contentUrl":"https:\/\/koningdrone.be\/wp-content\/uploads\/sites\/13\/2025\/04\/koningdrone-copyright-logo.svg","width":227,"height":38,"caption":"Koningdrone.be"},"image":{"@id":"https:\/\/koningdrone.be\/#\/schema\/logo\/image\/"}}]}},"df_price":"","df_sale_price":"","df_regular_price":"","df_image_link":"https:\/\/koningdrone.be\/wp-content\/uploads\/sites\/13\/2025\/04\/6970991290312-1-300x300.webp","_links":{"self":[{"href":"https:\/\/koningdrone.be\/fr\/wp-json\/wp\/v2\/product\/5127","targetHints":{"allow":["GET"]}}],"collection":[{"href":"https:\/\/koningdrone.be\/fr\/wp-json\/wp\/v2\/product"}],"about":[{"href":"https:\/\/koningdrone.be\/fr\/wp-json\/wp\/v2\/types\/product"}],"wp:featuredmedia":[{"embeddable":true,"href":"https:\/\/koningdrone.be\/fr\/wp-json\/wp\/v2\/media\/5123"}],"wp:attachment":[{"href":"https:\/\/koningdrone.be\/fr\/wp-json\/wp\/v2\/media?parent=5127"}],"wp:term":[{"taxonomy":"product_brand","embeddable":true,"href":"https:\/\/koningdrone.be\/fr\/wp-json\/wp\/v2\/product_brand?post=5127"},{"taxonomy":"product_cat","embeddable":true,"href":"https:\/\/koningdrone.be\/fr\/wp-json\/wp\/v2\/product_cat?post=5127"},{"taxonomy":"product_tag","embeddable":true,"href":"https:\/\/koningdrone.be\/fr\/wp-json\/wp\/v2\/product_tag?post=5127"}],"curies":[{"name":"wp","href":"https:\/\/api.w.org\/{rel}","templated":true}]}}