{"id":5122,"date":"2023-03-08T09:20:34","date_gmt":"2023-03-08T08:20:34","guid":{"rendered":"https:\/\/koningdrone.nl\/kon\/product\/bluetti-b300-expansion-battery\/"},"modified":"2025-05-20T14:36:11","modified_gmt":"2025-05-20T12:36:11","slug":"bluetti-b300-expansion-battery","status":"publish","type":"product","link":"https:\/\/koningdrone.be\/fr\/produit\/bluetti-b300-expansion-battery\/","title":{"rendered":"Batterie d'extension Bluetti B300"},"content":{"rendered":"<p>La batterie d'extension Bluetti B300 offre une charge flexible gr\u00e2ce \u00e0 son MPPT int\u00e9gr\u00e9, permettant une charge rapide avec une puissance solaire maximale de 200W. Elle prend \u00e9galement en charge le courant alternatif, les batteries de voiture et les batteries au plomb, un D050S \u00e9tant n\u00e9cessaire pour la charge des batteries de voiture et des batteries au plomb.<\/p>\n<p><strong>Source d'\u00e9nergie polyvalente<\/strong><\/p>\n<p>En outre, il s'agit d'une source d'alimentation polyvalente qui peut alimenter divers appareils, tels que des smartphones, des ordinateurs portables, des ventilateurs, des lampes, des r\u00e9frig\u00e9rateurs, des micro-ondes et plus encore, via des ports de sortie d\u00e9di\u00e9s tels que les ports de sortie USB-C de 100 W, allume-cigare de 12 V\/10 A et USB-A de 18 W.<\/p>\n<p><strong>Grande capacit\u00e9 et cycles de vie<\/strong><\/p>\n<p>Avec une capacit\u00e9 de 3 072 Wh et plus de 3 500 cycles de vie avec les cellules de la batterie LifePO4, la B300 offre jusqu'\u00e0 80% de capacit\u00e9 d'origine. De plus, il est possible de doubler, tripler ou m\u00eame quadrupler la capacit\u00e9 totale avec les s\u00e9ries BLUETTI AC200MAX, AC200P ou AC300.<\/p>\n<p><strong>Banque d'alimentation de secours et de voyage<\/strong><\/p>\n<p>Le B300 fait \u00e9galement office de banque d'alimentation de secours et de voyage, id\u00e9ale pour les r\u00e9unions de famille ou les s\u00e9jours en camping. Il alimente les \u00e9l\u00e9ments essentiels de votre maison et de votre camping, afin que vous puissiez profiter des bons moments sans vous soucier des pannes d'\u00e9lectricit\u00e9. En bref, le B300 convient \u00e0 diverses occasions et vous permet de ne plus jamais \u00eatre priv\u00e9 d'\u00e9lectricit\u00e9.<\/p>\n<p><\/p>","protected":false},"excerpt":{"rendered":"<ul>\n<li>Dot\u00e9 d'un USB-C de 100 W, d'une sortie voiture de 12 V\/10 A et d'un port USB-A, vous pouvez utiliser le B300 comme une centrale \u00e9lectrique portable.<\/li>\n<li>Gr\u00e2ce au MPPT intelligent du B300, il peut \u00eatre rapidement recharg\u00e9 par l'\u00e9nergie solaire \u00e0 une \u00e9chelle de charge maximale de 200 W.<\/li>\n<li>Vous pouvez \u00e9galement le charger \u00e0 partir d'une prise murale, de la voiture ou d'une batterie au plomb.<\/li>\n<li>Le chargement des voitures et des batteries au plomb doit \u00eatre effectu\u00e9 par le D050S.<\/li>\n<\/ul>","protected":false},"featured_media":5118,"template":"","meta":{"_acf_changed":false},"product_brand":[],"product_cat":[113,97,829,415,628],"product_tag":[],"class_list":{"0":"post-5122","1":"product","2":"type-product","3":"status-publish","4":"has-post-thumbnail","6":"product_cat-alle-batterijen","7":"product_cat-alle-producten","8":"product_cat-bluetti","9":"product_cat-energy","10":"product_cat-powerstations","11":"pa_brand-bluetti","12":"pa_productfamily-extra-batterij","13":"pa_producttype-extra-batterij","15":"first","16":"outofstock","17":"taxable","18":"shipping-taxable","19":"product-type-simple"},"acf":[],"yoast_head":"<!-- This site is optimized with the Yoast SEO Premium plugin v27.2 (Yoast SEO v27.2) - https:\/\/yoast.com\/product\/yoast-seo-premium-wordpress\/ -->\n<title>Bluetti B300 Expansion Battery - koningdrone.be<\/title>\n<meta name=\"robots\" content=\"index, follow, max-snippet:-1, max-image-preview:large, max-video-preview:-1\" \/>\n<link rel=\"canonical\" href=\"https:\/\/koningdrone.be\/fr\/produit\/bluetti-b300-expansion-battery\/\" \/>\n<meta property=\"og:locale\" content=\"fr_FR\" \/>\n<meta property=\"og:type\" content=\"article\" \/>\n<meta property=\"og:title\" content=\"Bluetti B300 Expansion Battery\" \/>\n<meta property=\"og:description\" content=\"Functies met een 100W USB-C, een 12V\/10A auto-uitgang en een USB-A-poorten, kunt u de B300 gebruiken als een draagbare krachtcentrale.Dankzij de slimme MPPT in de B300 kan hij snel worden opgeladen door middel van zonne-energie bij een maximale laadschaal van 200 W.U kunt hem ook opladen via het stopcontact, via de auto of via een loodzuuraccu.Het opladen van auto&#039;s en loodzuuraccu&#039;s moet worden gerealiseerd via D050S.\" \/>\n<meta property=\"og:url\" content=\"https:\/\/koningdrone.be\/fr\/produit\/bluetti-b300-expansion-battery\/\" \/>\n<meta property=\"og:site_name\" content=\"koningdrone.be\" \/>\n<meta property=\"article:modified_time\" content=\"2025-05-20T12:36:11+00:00\" \/>\n<meta property=\"og:image\" content=\"https:\/\/koningdrone.be\/wp-content\/uploads\/sites\/13\/2025\/04\/6970991290497-1.webp\" \/>\n\t<meta property=\"og:image:width\" content=\"750\" \/>\n\t<meta property=\"og:image:height\" content=\"750\" \/>\n\t<meta property=\"og:image:type\" content=\"image\/webp\" \/>\n<meta name=\"twitter:card\" content=\"summary_large_image\" \/>\n<meta name=\"twitter:label1\" content=\"Dur\u00e9e de lecture est.\" \/>\n\t<meta name=\"twitter:data1\" content=\"1 minute\" \/>\n<script type=\"application\/ld+json\" class=\"yoast-schema-graph\">{\"@context\":\"https:\/\/schema.org\",\"@graph\":[{\"@type\":\"WebPage\",\"@id\":\"https:\/\/koningdrone.be\/product\/bluetti-b300-expansion-battery\/\",\"url\":\"https:\/\/koningdrone.be\/product\/bluetti-b300-expansion-battery\/\",\"name\":\"Bluetti B300 Expansion Battery - koningdrone.be\",\"isPartOf\":{\"@id\":\"https:\/\/koningdrone.be\/#website\"},\"primaryImageOfPage\":{\"@id\":\"https:\/\/koningdrone.be\/product\/bluetti-b300-expansion-battery\/#primaryimage\"},\"image\":{\"@id\":\"https:\/\/koningdrone.be\/product\/bluetti-b300-expansion-battery\/#primaryimage\"},\"thumbnailUrl\":\"https:\/\/koningdrone.be\/wp-content\/uploads\/sites\/13\/2025\/04\/6970991290497-1.webp\",\"datePublished\":\"2023-03-08T08:20:34+00:00\",\"dateModified\":\"2025-05-20T12:36:11+00:00\",\"breadcrumb\":{\"@id\":\"https:\/\/koningdrone.be\/product\/bluetti-b300-expansion-battery\/#breadcrumb\"},\"inLanguage\":\"fr-BE\",\"potentialAction\":[{\"@type\":\"ReadAction\",\"target\":[\"https:\/\/koningdrone.be\/product\/bluetti-b300-expansion-battery\/\"]}]},{\"@type\":\"ImageObject\",\"inLanguage\":\"fr-BE\",\"@id\":\"https:\/\/koningdrone.be\/product\/bluetti-b300-expansion-battery\/#primaryimage\",\"url\":\"https:\/\/koningdrone.be\/wp-content\/uploads\/sites\/13\/2025\/04\/6970991290497-1.webp\",\"contentUrl\":\"https:\/\/koningdrone.be\/wp-content\/uploads\/sites\/13\/2025\/04\/6970991290497-1.webp\",\"width\":750,\"height\":750},{\"@type\":\"BreadcrumbList\",\"@id\":\"https:\/\/koningdrone.be\/product\/bluetti-b300-expansion-battery\/#breadcrumb\",\"itemListElement\":[{\"@type\":\"ListItem\",\"position\":1,\"name\":\"Home\",\"item\":\"https:\/\/koningdrone.be\/\"},{\"@type\":\"ListItem\",\"position\":2,\"name\":\"AVSS Parachute Recovery System for DJI Matrice 300\/350\",\"item\":\"https:\/\/koningdrone.be\/product\/avss-parachute-recovery-system-for-dji-matrice-300-350\/\"},{\"@type\":\"ListItem\",\"position\":3,\"name\":\"Alle batterijen\",\"item\":\"https:\/\/koningdrone.be\/categorie\/alle-batterijen\/\"},{\"@type\":\"ListItem\",\"position\":4,\"name\":\"Bluetti B300 Expansion Battery\"}]},{\"@type\":\"WebSite\",\"@id\":\"https:\/\/koningdrone.be\/#website\",\"url\":\"https:\/\/koningdrone.be\/\",\"name\":\"Koningdrone.be - Uw online specialist in drones, gimbals, camera's en power stations.\",\"description\":\"De webshop in drones en gimbals\",\"publisher\":{\"@id\":\"https:\/\/koningdrone.be\/#organization\"},\"potentialAction\":[{\"@type\":\"SearchAction\",\"target\":{\"@type\":\"EntryPoint\",\"urlTemplate\":\"https:\/\/koningdrone.be\/?s={search_term_string}\"},\"query-input\":{\"@type\":\"PropertyValueSpecification\",\"valueRequired\":true,\"valueName\":\"search_term_string\"}}],\"inLanguage\":\"fr-BE\"},{\"@type\":\"Organization\",\"@id\":\"https:\/\/koningdrone.be\/#organization\",\"name\":\"Koningdrone.be\",\"url\":\"https:\/\/koningdrone.be\/\",\"logo\":{\"@type\":\"ImageObject\",\"inLanguage\":\"fr-BE\",\"@id\":\"https:\/\/koningdrone.be\/#\/schema\/logo\/image\/\",\"url\":\"https:\/\/koningdrone.be\/wp-content\/uploads\/sites\/13\/2025\/04\/koningdrone-copyright-logo.svg\",\"contentUrl\":\"https:\/\/koningdrone.be\/wp-content\/uploads\/sites\/13\/2025\/04\/koningdrone-copyright-logo.svg\",\"width\":227,\"height\":38,\"caption\":\"Koningdrone.be\"},\"image\":{\"@id\":\"https:\/\/koningdrone.be\/#\/schema\/logo\/image\/\"}}]}<\/script>\n<!-- \/ Yoast SEO Premium plugin. -->","yoast_head_json":{"title":"Bluetti B300 Expansion Battery - koningdrone.be","robots":{"index":"index","follow":"follow","max-snippet":"max-snippet:-1","max-image-preview":"max-image-preview:large","max-video-preview":"max-video-preview:-1"},"canonical":"https:\/\/koningdrone.be\/fr\/produit\/bluetti-b300-expansion-battery\/","og_locale":"fr_FR","og_type":"article","og_title":"Bluetti B300 Expansion Battery","og_description":"Functies met een 100W USB-C, een 12V\/10A auto-uitgang en een USB-A-poorten, kunt u de B300 gebruiken als een draagbare krachtcentrale.Dankzij de slimme MPPT in de B300 kan hij snel worden opgeladen door middel van zonne-energie bij een maximale laadschaal van 200 W.U kunt hem ook opladen via het stopcontact, via de auto of via een loodzuuraccu.Het opladen van auto's en loodzuuraccu's moet worden gerealiseerd via D050S.","og_url":"https:\/\/koningdrone.be\/fr\/produit\/bluetti-b300-expansion-battery\/","og_site_name":"koningdrone.be","article_modified_time":"2025-05-20T12:36:11+00:00","og_image":[{"width":750,"height":750,"url":"https:\/\/koningdrone.be\/wp-content\/uploads\/sites\/13\/2025\/04\/6970991290497-1.webp","type":"image\/webp"}],"twitter_card":"summary_large_image","twitter_misc":{"Dur\u00e9e de lecture est.":"1 minute"},"schema":{"@context":"https:\/\/schema.org","@graph":[{"@type":"WebPage","@id":"https:\/\/koningdrone.be\/product\/bluetti-b300-expansion-battery\/","url":"https:\/\/koningdrone.be\/product\/bluetti-b300-expansion-battery\/","name":"Bluetti B300 Expansion Battery - koningdrone.be","isPartOf":{"@id":"https:\/\/koningdrone.be\/#website"},"primaryImageOfPage":{"@id":"https:\/\/koningdrone.be\/product\/bluetti-b300-expansion-battery\/#primaryimage"},"image":{"@id":"https:\/\/koningdrone.be\/product\/bluetti-b300-expansion-battery\/#primaryimage"},"thumbnailUrl":"https:\/\/koningdrone.be\/wp-content\/uploads\/sites\/13\/2025\/04\/6970991290497-1.webp","datePublished":"2023-03-08T08:20:34+00:00","dateModified":"2025-05-20T12:36:11+00:00","breadcrumb":{"@id":"https:\/\/koningdrone.be\/product\/bluetti-b300-expansion-battery\/#breadcrumb"},"inLanguage":"fr-BE","potentialAction":[{"@type":"ReadAction","target":["https:\/\/koningdrone.be\/product\/bluetti-b300-expansion-battery\/"]}]},{"@type":"ImageObject","inLanguage":"fr-BE","@id":"https:\/\/koningdrone.be\/product\/bluetti-b300-expansion-battery\/#primaryimage","url":"https:\/\/koningdrone.be\/wp-content\/uploads\/sites\/13\/2025\/04\/6970991290497-1.webp","contentUrl":"https:\/\/koningdrone.be\/wp-content\/uploads\/sites\/13\/2025\/04\/6970991290497-1.webp","width":750,"height":750},{"@type":"BreadcrumbList","@id":"https:\/\/koningdrone.be\/product\/bluetti-b300-expansion-battery\/#breadcrumb","itemListElement":[{"@type":"ListItem","position":1,"name":"Home","item":"https:\/\/koningdrone.be\/"},{"@type":"ListItem","position":2,"name":"AVSS Parachute Recovery System for DJI Matrice 300\/350","item":"https:\/\/koningdrone.be\/product\/avss-parachute-recovery-system-for-dji-matrice-300-350\/"},{"@type":"ListItem","position":3,"name":"Alle batterijen","item":"https:\/\/koningdrone.be\/categorie\/alle-batterijen\/"},{"@type":"ListItem","position":4,"name":"Bluetti B300 Expansion Battery"}]},{"@type":"WebSite","@id":"https:\/\/koningdrone.be\/#website","url":"https:\/\/koningdrone.be\/","name":"Koningdrone.be - Votre sp\u00e9cialiste en ligne en mati\u00e8re de drones, de cardans, de cam\u00e9ras et de centrales \u00e9lectriques.","description":"La boutique en ligne de drones et de cardans","publisher":{"@id":"https:\/\/koningdrone.be\/#organization"},"potentialAction":[{"@type":"SearchAction","target":{"@type":"EntryPoint","urlTemplate":"https:\/\/koningdrone.be\/?s={search_term_string}"},"query-input":{"@type":"PropertyValueSpecification","valueRequired":true,"valueName":"search_term_string"}}],"inLanguage":"fr-BE"},{"@type":"Organization","@id":"https:\/\/koningdrone.be\/#organization","name":"Kingdrone.co.uk","url":"https:\/\/koningdrone.be\/","logo":{"@type":"ImageObject","inLanguage":"fr-BE","@id":"https:\/\/koningdrone.be\/#\/schema\/logo\/image\/","url":"https:\/\/koningdrone.be\/wp-content\/uploads\/sites\/13\/2025\/04\/koningdrone-copyright-logo.svg","contentUrl":"https:\/\/koningdrone.be\/wp-content\/uploads\/sites\/13\/2025\/04\/koningdrone-copyright-logo.svg","width":227,"height":38,"caption":"Koningdrone.be"},"image":{"@id":"https:\/\/koningdrone.be\/#\/schema\/logo\/image\/"}}]}},"df_price":"","df_sale_price":"","df_regular_price":"","df_image_link":"https:\/\/koningdrone.be\/wp-content\/uploads\/sites\/13\/2025\/04\/6970991290497-1-300x300.webp","_links":{"self":[{"href":"https:\/\/koningdrone.be\/fr\/wp-json\/wp\/v2\/product\/5122","targetHints":{"allow":["GET"]}}],"collection":[{"href":"https:\/\/koningdrone.be\/fr\/wp-json\/wp\/v2\/product"}],"about":[{"href":"https:\/\/koningdrone.be\/fr\/wp-json\/wp\/v2\/types\/product"}],"wp:featuredmedia":[{"embeddable":true,"href":"https:\/\/koningdrone.be\/fr\/wp-json\/wp\/v2\/media\/5118"}],"wp:attachment":[{"href":"https:\/\/koningdrone.be\/fr\/wp-json\/wp\/v2\/media?parent=5122"}],"wp:term":[{"taxonomy":"product_brand","embeddable":true,"href":"https:\/\/koningdrone.be\/fr\/wp-json\/wp\/v2\/product_brand?post=5122"},{"taxonomy":"product_cat","embeddable":true,"href":"https:\/\/koningdrone.be\/fr\/wp-json\/wp\/v2\/product_cat?post=5122"},{"taxonomy":"product_tag","embeddable":true,"href":"https:\/\/koningdrone.be\/fr\/wp-json\/wp\/v2\/product_tag?post=5122"}],"curies":[{"name":"wp","href":"https:\/\/api.w.org\/{rel}","templated":true}]}}