{"id":5117,"date":"2023-03-08T09:20:34","date_gmt":"2023-03-08T08:20:34","guid":{"rendered":"https:\/\/koningdrone.nl\/kon\/product\/bluetti-ac300-inverter\/"},"modified":"2025-05-20T14:36:04","modified_gmt":"2025-05-20T12:36:04","slug":"bluetti-ac300-inverter","status":"publish","type":"product","link":"https:\/\/koningdrone.be\/fr\/produit\/bluetti-ac300-inverter\/","title":{"rendered":"Onduleur Bluetti AC300"},"content":{"rendered":"<p>L'onduleur Bluetti AC300 est une source d'\u00e9nergie puissante et fiable pour tous vos besoins \u00e9lectriques. Avec un onduleur CA de haute qualit\u00e9, l'AC300 peut prendre en charge efficacement et en toute s\u00e9curit\u00e9 des appareils puissants tels que les climatiseurs, les r\u00e9frig\u00e9rateurs, les tondeuses et les d\u00e9coupeuses laser.<\/p>\n<p><strong>Puissance et capacit\u00e9<\/strong><\/p>\n<p>Ce qui rend le AC300 unique, c'est sa capacit\u00e9 \u00e0 accepter des packs de batteries externes, augmentant ainsi sa capacit\u00e9 jusqu'\u00e0 un maximum de 12 288 Wh. Qu'il s'agisse d'une alimentation de secours ou d'une source d'\u00e9nergie hors r\u00e9seau, ce g\u00e9n\u00e9rateur domestique r\u00e9pondra \u00e0 tous vos besoins en \u00e9lectricit\u00e9. Avec un g\u00e9n\u00e9rateur extensible de 3 000 watts, vous serez toujours pr\u00eat \u00e0 faire face \u00e0 n'importe quelle situation.<\/p>\n<p><strong>Options de chargement<\/strong><\/p>\n<p>Charger le Bluetti AC300 est un jeu d'enfant, avec un taux d'entr\u00e9e incroyable de 5400W. Branchez l'adaptateur et les panneaux solaires et vous \u00eates pr\u00eat \u00e0 partir. Vous pouvez charger le AC300 \u00e0 partir d'une prise murale, de panneaux solaires, d'une voiture, d'un groupe \u00e9lectrog\u00e8ne ou d'une batterie au plomb, ce qui vous permet de rester connect\u00e9 \u00e0 tout moment et en tout lieu.<\/p>\n<p><strong>BLUETTI Smart Home Panel<\/strong><\/p>\n<p>Avec le BLUETTI Smart Home Panel, vous pouvez connecter le syst\u00e8me d'alimentation AC300 \u00e0 votre r\u00e9seau domestique, ce qui vous permet d'\u00eatre toujours pr\u00eat en cas de coupure de courant. De plus, la connexion 240V vous permet de relier 2 \u00d7 unit\u00e9s AC300 et de connecter 8 \u00d7 batteries B300 pour cr\u00e9er un centre d'alimentation in\u00e9gal\u00e9 pour le confort de la maison.<\/p>\n<p><strong>Prises et chargeurs sans fil<\/strong><\/p>\n<p>Le Bluetti AC300 dispose de plusieurs prises pour r\u00e9pondre \u00e0 tous vos besoins, y compris le port NEMA TT-30 et le port DC 12V\/30A, parfait pour les camping-cars. En outre, les chargeurs sans fil vous permettent de recharger les smartphones, \u00e9couteurs et autres appareils compatibles.<\/p>\n<p><strong>Conclusion<\/strong><\/p>\n<p>En r\u00e9sum\u00e9, l'onduleur Bluetti AC300 convient \u00e0 de nombreuses occasions et vous permet de ne plus jamais \u00eatre priv\u00e9 d'\u00e9lectricit\u00e9.<\/p>\n<p><\/p>","protected":false},"excerpt":{"rendered":"<ul>\n<li>Onduleur \u00e0 onde sinuso\u00efdale pure de 3 000 W CA (surtension de 6 000 W) ;<\/li>\n<li>Extensible \u00e0 12 288 Wh avec 4\u00d7B300s ;<\/li>\n<li>7 modes de chargement (CA\/Solaire\/Auto\/G\u00e9n\u00e9rateur\/Batterie au plomb\/Conf\u00e9rence double CA\/CA+Solaire) ;<\/li>\n<li>2400W Max. Entr\u00e9e solaire<\/li>\n<li>5400W Max. Double charge rapide (solaire simultan\u00e9e + adaptateur CA) ;<\/li>\n<li>Contr\u00f4le et surveillance par application intelligente\uff1b<\/li>\n<li>Connexion 240V disponible ;<\/li>\n<li>Sauvegarde \u00e0 domicile 24\/7 UPS\uff1b<\/li>\n<\/ul>","protected":false},"featured_media":5113,"template":"","meta":{"_acf_changed":false},"product_brand":[],"product_cat":[97,829,415,628],"product_tag":[],"class_list":{"0":"post-5117","1":"product","2":"type-product","3":"status-publish","4":"has-post-thumbnail","6":"product_cat-alle-producten","7":"product_cat-bluetti","8":"product_cat-energy","9":"product_cat-powerstations","10":"pa_brand-bluetti","11":"pa_productfamily-inverter","12":"pa_producttype-inverter","14":"first","15":"outofstock","16":"taxable","17":"shipping-taxable","18":"product-type-simple"},"acf":[],"yoast_head":"<!-- This site is optimized with the Yoast SEO Premium plugin v27.2 (Yoast SEO v27.2) - https:\/\/yoast.com\/product\/yoast-seo-premium-wordpress\/ -->\n<title>Bluetti AC300 Inverter - koningdrone.be<\/title>\n<meta name=\"robots\" content=\"index, follow, max-snippet:-1, max-image-preview:large, max-video-preview:-1\" \/>\n<link rel=\"canonical\" href=\"https:\/\/koningdrone.be\/fr\/produit\/bluetti-ac300-inverter\/\" \/>\n<meta property=\"og:locale\" content=\"fr_FR\" \/>\n<meta property=\"og:type\" content=\"article\" \/>\n<meta property=\"og:title\" content=\"Bluetti AC300 Inverter\" \/>\n<meta property=\"og:description\" content=\"3.000 W AC zuivere sinusomvormer (6.000 W overspanning);Uitbreidbaar tot 12.288 Wh met 4\u00d7B300&#039;s;7 manieren om op te laden (AC\/Zonne-energie\/Auto\/Generator\/Loodaccu\/Dual AC\/AC+Zonne-energie);2400W Max. Zonne-invoer5400W Max. Snel dubbel opladen (gelijktijdig zonne-energie + AC-adapter);Slimme app-bediening en -monitor\uff1b240V-aansluiting beschikbaar;24\/7 UPS-thuisback-up\uff1b\" \/>\n<meta property=\"og:url\" content=\"https:\/\/koningdrone.be\/fr\/produit\/bluetti-ac300-inverter\/\" \/>\n<meta property=\"og:site_name\" content=\"koningdrone.be\" \/>\n<meta property=\"article:modified_time\" content=\"2025-05-20T12:36:04+00:00\" \/>\n<meta property=\"og:image\" content=\"https:\/\/koningdrone.be\/wp-content\/uploads\/sites\/13\/2025\/04\/6970991290480-1.webp\" \/>\n\t<meta property=\"og:image:width\" content=\"1400\" \/>\n\t<meta property=\"og:image:height\" content=\"1400\" \/>\n\t<meta property=\"og:image:type\" content=\"image\/webp\" \/>\n<meta name=\"twitter:card\" content=\"summary_large_image\" \/>\n<meta name=\"twitter:label1\" content=\"Dur\u00e9e de lecture est.\" \/>\n\t<meta name=\"twitter:data1\" content=\"1 minute\" \/>\n<script type=\"application\/ld+json\" class=\"yoast-schema-graph\">{\"@context\":\"https:\/\/schema.org\",\"@graph\":[{\"@type\":\"WebPage\",\"@id\":\"https:\/\/koningdrone.be\/product\/bluetti-ac300-inverter\/\",\"url\":\"https:\/\/koningdrone.be\/product\/bluetti-ac300-inverter\/\",\"name\":\"Bluetti AC300 Inverter - koningdrone.be\",\"isPartOf\":{\"@id\":\"https:\/\/koningdrone.be\/#website\"},\"primaryImageOfPage\":{\"@id\":\"https:\/\/koningdrone.be\/product\/bluetti-ac300-inverter\/#primaryimage\"},\"image\":{\"@id\":\"https:\/\/koningdrone.be\/product\/bluetti-ac300-inverter\/#primaryimage\"},\"thumbnailUrl\":\"https:\/\/koningdrone.be\/wp-content\/uploads\/sites\/13\/2025\/04\/6970991290480-1.webp\",\"datePublished\":\"2023-03-08T08:20:34+00:00\",\"dateModified\":\"2025-05-20T12:36:04+00:00\",\"breadcrumb\":{\"@id\":\"https:\/\/koningdrone.be\/product\/bluetti-ac300-inverter\/#breadcrumb\"},\"inLanguage\":\"fr-BE\",\"potentialAction\":[{\"@type\":\"ReadAction\",\"target\":[\"https:\/\/koningdrone.be\/product\/bluetti-ac300-inverter\/\"]}]},{\"@type\":\"ImageObject\",\"inLanguage\":\"fr-BE\",\"@id\":\"https:\/\/koningdrone.be\/product\/bluetti-ac300-inverter\/#primaryimage\",\"url\":\"https:\/\/koningdrone.be\/wp-content\/uploads\/sites\/13\/2025\/04\/6970991290480-1.webp\",\"contentUrl\":\"https:\/\/koningdrone.be\/wp-content\/uploads\/sites\/13\/2025\/04\/6970991290480-1.webp\",\"width\":1400,\"height\":1400},{\"@type\":\"BreadcrumbList\",\"@id\":\"https:\/\/koningdrone.be\/product\/bluetti-ac300-inverter\/#breadcrumb\",\"itemListElement\":[{\"@type\":\"ListItem\",\"position\":1,\"name\":\"Home\",\"item\":\"https:\/\/koningdrone.be\/\"},{\"@type\":\"ListItem\",\"position\":2,\"name\":\"AVSS Parachute Recovery System for DJI Matrice 300\/350\",\"item\":\"https:\/\/koningdrone.be\/product\/avss-parachute-recovery-system-for-dji-matrice-300-350\/\"},{\"@type\":\"ListItem\",\"position\":3,\"name\":\"Alle producten\",\"item\":\"https:\/\/koningdrone.be\/categorie\/alle-producten\/\"},{\"@type\":\"ListItem\",\"position\":4,\"name\":\"Bluetti AC300 Inverter\"}]},{\"@type\":\"WebSite\",\"@id\":\"https:\/\/koningdrone.be\/#website\",\"url\":\"https:\/\/koningdrone.be\/\",\"name\":\"Koningdrone.be - Uw online specialist in drones, gimbals, camera's en power stations.\",\"description\":\"De webshop in drones en gimbals\",\"publisher\":{\"@id\":\"https:\/\/koningdrone.be\/#organization\"},\"potentialAction\":[{\"@type\":\"SearchAction\",\"target\":{\"@type\":\"EntryPoint\",\"urlTemplate\":\"https:\/\/koningdrone.be\/?s={search_term_string}\"},\"query-input\":{\"@type\":\"PropertyValueSpecification\",\"valueRequired\":true,\"valueName\":\"search_term_string\"}}],\"inLanguage\":\"fr-BE\"},{\"@type\":\"Organization\",\"@id\":\"https:\/\/koningdrone.be\/#organization\",\"name\":\"Koningdrone.be\",\"url\":\"https:\/\/koningdrone.be\/\",\"logo\":{\"@type\":\"ImageObject\",\"inLanguage\":\"fr-BE\",\"@id\":\"https:\/\/koningdrone.be\/#\/schema\/logo\/image\/\",\"url\":\"https:\/\/koningdrone.be\/wp-content\/uploads\/sites\/13\/2025\/04\/koningdrone-copyright-logo.svg\",\"contentUrl\":\"https:\/\/koningdrone.be\/wp-content\/uploads\/sites\/13\/2025\/04\/koningdrone-copyright-logo.svg\",\"width\":227,\"height\":38,\"caption\":\"Koningdrone.be\"},\"image\":{\"@id\":\"https:\/\/koningdrone.be\/#\/schema\/logo\/image\/\"}}]}<\/script>\n<!-- \/ Yoast SEO Premium plugin. -->","yoast_head_json":{"title":"Bluetti AC300 Inverter - koningdrone.be","robots":{"index":"index","follow":"follow","max-snippet":"max-snippet:-1","max-image-preview":"max-image-preview:large","max-video-preview":"max-video-preview:-1"},"canonical":"https:\/\/koningdrone.be\/fr\/produit\/bluetti-ac300-inverter\/","og_locale":"fr_FR","og_type":"article","og_title":"Bluetti AC300 Inverter","og_description":"3.000 W AC zuivere sinusomvormer (6.000 W overspanning);Uitbreidbaar tot 12.288 Wh met 4\u00d7B300's;7 manieren om op te laden (AC\/Zonne-energie\/Auto\/Generator\/Loodaccu\/Dual AC\/AC+Zonne-energie);2400W Max. Zonne-invoer5400W Max. Snel dubbel opladen (gelijktijdig zonne-energie + AC-adapter);Slimme app-bediening en -monitor\uff1b240V-aansluiting beschikbaar;24\/7 UPS-thuisback-up\uff1b","og_url":"https:\/\/koningdrone.be\/fr\/produit\/bluetti-ac300-inverter\/","og_site_name":"koningdrone.be","article_modified_time":"2025-05-20T12:36:04+00:00","og_image":[{"width":1400,"height":1400,"url":"https:\/\/koningdrone.be\/wp-content\/uploads\/sites\/13\/2025\/04\/6970991290480-1.webp","type":"image\/webp"}],"twitter_card":"summary_large_image","twitter_misc":{"Dur\u00e9e de lecture est.":"1 minute"},"schema":{"@context":"https:\/\/schema.org","@graph":[{"@type":"WebPage","@id":"https:\/\/koningdrone.be\/product\/bluetti-ac300-inverter\/","url":"https:\/\/koningdrone.be\/product\/bluetti-ac300-inverter\/","name":"Bluetti AC300 Inverter - koningdrone.be","isPartOf":{"@id":"https:\/\/koningdrone.be\/#website"},"primaryImageOfPage":{"@id":"https:\/\/koningdrone.be\/product\/bluetti-ac300-inverter\/#primaryimage"},"image":{"@id":"https:\/\/koningdrone.be\/product\/bluetti-ac300-inverter\/#primaryimage"},"thumbnailUrl":"https:\/\/koningdrone.be\/wp-content\/uploads\/sites\/13\/2025\/04\/6970991290480-1.webp","datePublished":"2023-03-08T08:20:34+00:00","dateModified":"2025-05-20T12:36:04+00:00","breadcrumb":{"@id":"https:\/\/koningdrone.be\/product\/bluetti-ac300-inverter\/#breadcrumb"},"inLanguage":"fr-BE","potentialAction":[{"@type":"ReadAction","target":["https:\/\/koningdrone.be\/product\/bluetti-ac300-inverter\/"]}]},{"@type":"ImageObject","inLanguage":"fr-BE","@id":"https:\/\/koningdrone.be\/product\/bluetti-ac300-inverter\/#primaryimage","url":"https:\/\/koningdrone.be\/wp-content\/uploads\/sites\/13\/2025\/04\/6970991290480-1.webp","contentUrl":"https:\/\/koningdrone.be\/wp-content\/uploads\/sites\/13\/2025\/04\/6970991290480-1.webp","width":1400,"height":1400},{"@type":"BreadcrumbList","@id":"https:\/\/koningdrone.be\/product\/bluetti-ac300-inverter\/#breadcrumb","itemListElement":[{"@type":"ListItem","position":1,"name":"Home","item":"https:\/\/koningdrone.be\/"},{"@type":"ListItem","position":2,"name":"AVSS Parachute Recovery System for DJI Matrice 300\/350","item":"https:\/\/koningdrone.be\/product\/avss-parachute-recovery-system-for-dji-matrice-300-350\/"},{"@type":"ListItem","position":3,"name":"Alle producten","item":"https:\/\/koningdrone.be\/categorie\/alle-producten\/"},{"@type":"ListItem","position":4,"name":"Bluetti AC300 Inverter"}]},{"@type":"WebSite","@id":"https:\/\/koningdrone.be\/#website","url":"https:\/\/koningdrone.be\/","name":"Koningdrone.be - Votre sp\u00e9cialiste en ligne en mati\u00e8re de drones, de cardans, de cam\u00e9ras et de centrales \u00e9lectriques.","description":"La boutique en ligne de drones et de cardans","publisher":{"@id":"https:\/\/koningdrone.be\/#organization"},"potentialAction":[{"@type":"SearchAction","target":{"@type":"EntryPoint","urlTemplate":"https:\/\/koningdrone.be\/?s={search_term_string}"},"query-input":{"@type":"PropertyValueSpecification","valueRequired":true,"valueName":"search_term_string"}}],"inLanguage":"fr-BE"},{"@type":"Organization","@id":"https:\/\/koningdrone.be\/#organization","name":"Kingdrone.co.uk","url":"https:\/\/koningdrone.be\/","logo":{"@type":"ImageObject","inLanguage":"fr-BE","@id":"https:\/\/koningdrone.be\/#\/schema\/logo\/image\/","url":"https:\/\/koningdrone.be\/wp-content\/uploads\/sites\/13\/2025\/04\/koningdrone-copyright-logo.svg","contentUrl":"https:\/\/koningdrone.be\/wp-content\/uploads\/sites\/13\/2025\/04\/koningdrone-copyright-logo.svg","width":227,"height":38,"caption":"Koningdrone.be"},"image":{"@id":"https:\/\/koningdrone.be\/#\/schema\/logo\/image\/"}}]}},"df_price":"","df_sale_price":"","df_regular_price":"","df_image_link":"https:\/\/koningdrone.be\/wp-content\/uploads\/sites\/13\/2025\/04\/6970991290480-1-300x300.webp","_links":{"self":[{"href":"https:\/\/koningdrone.be\/fr\/wp-json\/wp\/v2\/product\/5117","targetHints":{"allow":["GET"]}}],"collection":[{"href":"https:\/\/koningdrone.be\/fr\/wp-json\/wp\/v2\/product"}],"about":[{"href":"https:\/\/koningdrone.be\/fr\/wp-json\/wp\/v2\/types\/product"}],"wp:featuredmedia":[{"embeddable":true,"href":"https:\/\/koningdrone.be\/fr\/wp-json\/wp\/v2\/media\/5113"}],"wp:attachment":[{"href":"https:\/\/koningdrone.be\/fr\/wp-json\/wp\/v2\/media?parent=5117"}],"wp:term":[{"taxonomy":"product_brand","embeddable":true,"href":"https:\/\/koningdrone.be\/fr\/wp-json\/wp\/v2\/product_brand?post=5117"},{"taxonomy":"product_cat","embeddable":true,"href":"https:\/\/koningdrone.be\/fr\/wp-json\/wp\/v2\/product_cat?post=5117"},{"taxonomy":"product_tag","embeddable":true,"href":"https:\/\/koningdrone.be\/fr\/wp-json\/wp\/v2\/product_tag?post=5117"}],"curies":[{"name":"wp","href":"https:\/\/api.w.org\/{rel}","templated":true}]}}