{"id":5107,"date":"2023-03-08T09:20:34","date_gmt":"2023-03-08T08:20:34","guid":{"rendered":"https:\/\/koningdrone.nl\/kon\/product\/bluetti-ep500-solar-power-station\/"},"modified":"2025-05-20T14:35:50","modified_gmt":"2025-05-20T12:35:50","slug":"bluetti-ep500-solar-power-station","status":"publish","type":"product","link":"https:\/\/koningdrone.be\/fr\/produit\/bluetti-ep500-solar-power-station\/","title":{"rendered":"Centrale solaire Bluetti EP500"},"content":{"rendered":"<p>Le Bluetti EP500 est une puissante centrale \u00e9lectrique de secours tout-en-un, id\u00e9ale pour les f\u00eates, le camping en famille, les ateliers en cabane ou m\u00eame comme source de secours pour toute la maison en cas de panne de courant. Dot\u00e9e d'une impressionnante batterie LiFePO4 de 5100 Wh et d'un onduleur AC \u00e0 onde sinuso\u00efdale pure de 2000 W, cette centrale \u00e9lectrique peut alimenter jusqu'\u00e0 13 appareils, allant des ordinateurs portables aux climatiseurs en passant par les v\u00e9hicules \u00e9lectriques.<\/p>\n<p><strong>S\u00e9curit\u00e9 et durabilit\u00e9<\/strong><\/p>\n<p>La s\u00e9curit\u00e9 et la durabilit\u00e9 sont au c\u0153ur de l'EP500, gr\u00e2ce \u00e0 son syst\u00e8me avanc\u00e9 de gestion de la batterie et \u00e0 la chimie LiFePO4. Le micro-ordinateur double c\u0153ur int\u00e9gr\u00e9 et la connexion Internet permettent de mettre \u00e0 jour le micrologiciel pour des am\u00e9liorations et des ajustements continus.<\/p>\n<p><strong>Sauvegarde sans faille de l'ASI<\/strong><\/p>\n<p>L'EP500 fait \u00e9galement office d'onduleur de secours, devenant automatiquement la source d'alimentation des charges essentielles en cas de coupure de courant. Contrairement aux g\u00e9n\u00e9rateurs \u00e0 essence, le Bluetti EP500 ne n\u00e9cessite aucune maintenance, aucun carburant, ne produit pas de monoxyde de carbone et n'\u00e9met aucun bruit g\u00eanant. Pouvant \u00eatre coupl\u00e9 \u00e0 une entr\u00e9e solaire MPPT de 2400 W, l'EP500 peut rapidement charger ou alimenter des appareils sans solliciter la batterie int\u00e9gr\u00e9e.<\/p>\n<p><strong>Design et polyvalence<\/strong><\/p>\n<p>L'EP500 est con\u00e7u pour diverses applications et sc\u00e9narios, de sorte que vous ne manquerez jamais d'\u00e9nergie. En bref, le Bluetti EP500 offre une solution d'alimentation fiable, s\u00fbre et flexible pour diff\u00e9rentes occasions.<\/p>\n<p><\/p>","protected":false},"excerpt":{"rendered":"<ul>\n<li>5100 Wh LiFePo4\/2000 W PSW inverter, 6000+ cycle de charge<\/li>\n<li>Centrale \u00e9lectrique mobile<\/li>\n<li>Mode ASI en r\u00e9seau et mode ASI flexible (24\/7)<\/li>\n<li>Stockage d'\u00e9nergie hors r\u00e9seau<\/li>\n<li>Plusieurs appareils peuvent \u00eatre recharg\u00e9s simultan\u00e9ment<\/li>\n<li>Un moyen de chargement flexible pour que votre EP500 reste toujours allum\u00e9<\/li>\n<li>T\u00e9l\u00e9commande de l'application<\/li>\n<li>\u00c9cran tactile intelligent<\/li>\n<\/ul>","protected":false},"featured_media":5103,"template":"","meta":{"_acf_changed":false},"product_brand":[],"product_cat":[454,97,829,415,628],"product_tag":[],"class_list":{"0":"post-5107","1":"product","2":"type-product","3":"status-publish","4":"has-post-thumbnail","6":"product_cat-alle-powerstations","7":"product_cat-alle-producten","8":"product_cat-bluetti","9":"product_cat-energy","10":"product_cat-powerstations","11":"pa_afmetingen-500-x-300-x-760mm","12":"pa_brand-bluetti","13":"pa_capaciteit-5120wh","14":"pa_gewicht-76-kg","15":"pa_input-dc-ac-ingang-maximaal-600-w-100-264-v-ac-pv-ingang-of-t500-ingang-maximaal-1200-w-55-145vdc-20a","16":"pa_materiaal-kunststof","17":"pa_oplaadtijd-via-ac-5-6-uur","18":"pa_output-230-v-ac-4x-230v-eu-schuko","19":"pa_output-dc-1x-12vdc-10a-1x-12vdc-30a-2x-12vdc-10a-totaal","20":"pa_output-usb-usb-c-1x-100w-usb-a-2x-snel-opladen-36w-totaal-2x-5vdc-3a-totaal-draadloos-oplaadpad-2x-5-75-10-15w","21":"pa_productfamily-power-station","22":"pa_producttype-power-station","23":"pa_type-batterij-lifepo4","25":"first","26":"outofstock","27":"taxable","28":"shipping-taxable","29":"product-type-simple"},"acf":[],"yoast_head":"<!-- This site is optimized with the Yoast SEO Premium plugin v27.2 (Yoast SEO v27.2) - https:\/\/yoast.com\/product\/yoast-seo-premium-wordpress\/ -->\n<title>Bluetti EP500 Solar Power Station - koningdrone.be<\/title>\n<meta name=\"robots\" content=\"index, follow, max-snippet:-1, max-image-preview:large, max-video-preview:-1\" \/>\n<link rel=\"canonical\" href=\"https:\/\/koningdrone.be\/fr\/produit\/bluetti-ep500-solar-power-station\/\" \/>\n<meta property=\"og:locale\" content=\"fr_FR\" \/>\n<meta property=\"og:type\" content=\"article\" \/>\n<meta property=\"og:title\" content=\"Bluetti EP500 Solar Power Station\" \/>\n<meta property=\"og:description\" content=\"5100 Wh LiFePo4\/2000 W PSW-omvormer, 6000+laadcyclusVerplaatsbare krachtcentraleIn-grid UPS-modus en flexibele UPS-modus (24\/7)Off-grid energieopslagMeerdere apparaten kunnen gelijktijdig worden geladenFlexibele oplaadmanier om uw EP500 altijd aan te laten staanApp-afstandsbedieningSlim touchscreen\" \/>\n<meta property=\"og:url\" content=\"https:\/\/koningdrone.be\/fr\/produit\/bluetti-ep500-solar-power-station\/\" \/>\n<meta property=\"og:site_name\" content=\"koningdrone.be\" \/>\n<meta property=\"article:modified_time\" content=\"2025-05-20T12:35:50+00:00\" \/>\n<meta property=\"og:image\" content=\"https:\/\/koningdrone.be\/wp-content\/uploads\/sites\/13\/2025\/04\/6970991290725-1.webp\" \/>\n\t<meta property=\"og:image:width\" content=\"750\" \/>\n\t<meta property=\"og:image:height\" content=\"750\" \/>\n\t<meta property=\"og:image:type\" content=\"image\/webp\" \/>\n<meta name=\"twitter:card\" content=\"summary_large_image\" \/>\n<meta name=\"twitter:label1\" content=\"Dur\u00e9e de lecture est.\" \/>\n\t<meta name=\"twitter:data1\" content=\"1 minute\" \/>\n<script type=\"application\/ld+json\" class=\"yoast-schema-graph\">{\"@context\":\"https:\/\/schema.org\",\"@graph\":[{\"@type\":\"WebPage\",\"@id\":\"https:\/\/koningdrone.be\/product\/bluetti-ep500-solar-power-station\/\",\"url\":\"https:\/\/koningdrone.be\/product\/bluetti-ep500-solar-power-station\/\",\"name\":\"Bluetti EP500 Solar Power Station - koningdrone.be\",\"isPartOf\":{\"@id\":\"https:\/\/koningdrone.be\/#website\"},\"primaryImageOfPage\":{\"@id\":\"https:\/\/koningdrone.be\/product\/bluetti-ep500-solar-power-station\/#primaryimage\"},\"image\":{\"@id\":\"https:\/\/koningdrone.be\/product\/bluetti-ep500-solar-power-station\/#primaryimage\"},\"thumbnailUrl\":\"https:\/\/koningdrone.be\/wp-content\/uploads\/sites\/13\/2025\/04\/6970991290725-1.webp\",\"datePublished\":\"2023-03-08T08:20:34+00:00\",\"dateModified\":\"2025-05-20T12:35:50+00:00\",\"breadcrumb\":{\"@id\":\"https:\/\/koningdrone.be\/product\/bluetti-ep500-solar-power-station\/#breadcrumb\"},\"inLanguage\":\"fr-BE\",\"potentialAction\":[{\"@type\":\"ReadAction\",\"target\":[\"https:\/\/koningdrone.be\/product\/bluetti-ep500-solar-power-station\/\"]}]},{\"@type\":\"ImageObject\",\"inLanguage\":\"fr-BE\",\"@id\":\"https:\/\/koningdrone.be\/product\/bluetti-ep500-solar-power-station\/#primaryimage\",\"url\":\"https:\/\/koningdrone.be\/wp-content\/uploads\/sites\/13\/2025\/04\/6970991290725-1.webp\",\"contentUrl\":\"https:\/\/koningdrone.be\/wp-content\/uploads\/sites\/13\/2025\/04\/6970991290725-1.webp\",\"width\":750,\"height\":750},{\"@type\":\"BreadcrumbList\",\"@id\":\"https:\/\/koningdrone.be\/product\/bluetti-ep500-solar-power-station\/#breadcrumb\",\"itemListElement\":[{\"@type\":\"ListItem\",\"position\":1,\"name\":\"Home\",\"item\":\"https:\/\/koningdrone.be\/\"},{\"@type\":\"ListItem\",\"position\":2,\"name\":\"AVSS Parachute Recovery System for DJI Matrice 300\/350\",\"item\":\"https:\/\/koningdrone.be\/product\/avss-parachute-recovery-system-for-dji-matrice-300-350\/\"},{\"@type\":\"ListItem\",\"position\":3,\"name\":\"Alle powerstations\",\"item\":\"https:\/\/koningdrone.be\/categorie\/alle-powerstations\/\"},{\"@type\":\"ListItem\",\"position\":4,\"name\":\"Bluetti EP500 Solar Power Station\"}]},{\"@type\":\"WebSite\",\"@id\":\"https:\/\/koningdrone.be\/#website\",\"url\":\"https:\/\/koningdrone.be\/\",\"name\":\"Koningdrone.be - Uw online specialist in drones, gimbals, camera's en power stations.\",\"description\":\"De webshop in drones en gimbals\",\"publisher\":{\"@id\":\"https:\/\/koningdrone.be\/#organization\"},\"potentialAction\":[{\"@type\":\"SearchAction\",\"target\":{\"@type\":\"EntryPoint\",\"urlTemplate\":\"https:\/\/koningdrone.be\/?s={search_term_string}\"},\"query-input\":{\"@type\":\"PropertyValueSpecification\",\"valueRequired\":true,\"valueName\":\"search_term_string\"}}],\"inLanguage\":\"fr-BE\"},{\"@type\":\"Organization\",\"@id\":\"https:\/\/koningdrone.be\/#organization\",\"name\":\"Koningdrone.be\",\"url\":\"https:\/\/koningdrone.be\/\",\"logo\":{\"@type\":\"ImageObject\",\"inLanguage\":\"fr-BE\",\"@id\":\"https:\/\/koningdrone.be\/#\/schema\/logo\/image\/\",\"url\":\"https:\/\/koningdrone.be\/wp-content\/uploads\/sites\/13\/2025\/04\/koningdrone-copyright-logo.svg\",\"contentUrl\":\"https:\/\/koningdrone.be\/wp-content\/uploads\/sites\/13\/2025\/04\/koningdrone-copyright-logo.svg\",\"width\":227,\"height\":38,\"caption\":\"Koningdrone.be\"},\"image\":{\"@id\":\"https:\/\/koningdrone.be\/#\/schema\/logo\/image\/\"}}]}<\/script>\n<!-- \/ Yoast SEO Premium plugin. -->","yoast_head_json":{"title":"Bluetti EP500 Solar Power Station - koningdrone.be","robots":{"index":"index","follow":"follow","max-snippet":"max-snippet:-1","max-image-preview":"max-image-preview:large","max-video-preview":"max-video-preview:-1"},"canonical":"https:\/\/koningdrone.be\/fr\/produit\/bluetti-ep500-solar-power-station\/","og_locale":"fr_FR","og_type":"article","og_title":"Bluetti EP500 Solar Power Station","og_description":"5100 Wh LiFePo4\/2000 W PSW-omvormer, 6000+laadcyclusVerplaatsbare krachtcentraleIn-grid UPS-modus en flexibele UPS-modus (24\/7)Off-grid energieopslagMeerdere apparaten kunnen gelijktijdig worden geladenFlexibele oplaadmanier om uw EP500 altijd aan te laten staanApp-afstandsbedieningSlim touchscreen","og_url":"https:\/\/koningdrone.be\/fr\/produit\/bluetti-ep500-solar-power-station\/","og_site_name":"koningdrone.be","article_modified_time":"2025-05-20T12:35:50+00:00","og_image":[{"width":750,"height":750,"url":"https:\/\/koningdrone.be\/wp-content\/uploads\/sites\/13\/2025\/04\/6970991290725-1.webp","type":"image\/webp"}],"twitter_card":"summary_large_image","twitter_misc":{"Dur\u00e9e de lecture est.":"1 minute"},"schema":{"@context":"https:\/\/schema.org","@graph":[{"@type":"WebPage","@id":"https:\/\/koningdrone.be\/product\/bluetti-ep500-solar-power-station\/","url":"https:\/\/koningdrone.be\/product\/bluetti-ep500-solar-power-station\/","name":"Bluetti EP500 Solar Power Station - koningdrone.be","isPartOf":{"@id":"https:\/\/koningdrone.be\/#website"},"primaryImageOfPage":{"@id":"https:\/\/koningdrone.be\/product\/bluetti-ep500-solar-power-station\/#primaryimage"},"image":{"@id":"https:\/\/koningdrone.be\/product\/bluetti-ep500-solar-power-station\/#primaryimage"},"thumbnailUrl":"https:\/\/koningdrone.be\/wp-content\/uploads\/sites\/13\/2025\/04\/6970991290725-1.webp","datePublished":"2023-03-08T08:20:34+00:00","dateModified":"2025-05-20T12:35:50+00:00","breadcrumb":{"@id":"https:\/\/koningdrone.be\/product\/bluetti-ep500-solar-power-station\/#breadcrumb"},"inLanguage":"fr-BE","potentialAction":[{"@type":"ReadAction","target":["https:\/\/koningdrone.be\/product\/bluetti-ep500-solar-power-station\/"]}]},{"@type":"ImageObject","inLanguage":"fr-BE","@id":"https:\/\/koningdrone.be\/product\/bluetti-ep500-solar-power-station\/#primaryimage","url":"https:\/\/koningdrone.be\/wp-content\/uploads\/sites\/13\/2025\/04\/6970991290725-1.webp","contentUrl":"https:\/\/koningdrone.be\/wp-content\/uploads\/sites\/13\/2025\/04\/6970991290725-1.webp","width":750,"height":750},{"@type":"BreadcrumbList","@id":"https:\/\/koningdrone.be\/product\/bluetti-ep500-solar-power-station\/#breadcrumb","itemListElement":[{"@type":"ListItem","position":1,"name":"Home","item":"https:\/\/koningdrone.be\/"},{"@type":"ListItem","position":2,"name":"AVSS Parachute Recovery System for DJI Matrice 300\/350","item":"https:\/\/koningdrone.be\/product\/avss-parachute-recovery-system-for-dji-matrice-300-350\/"},{"@type":"ListItem","position":3,"name":"Alle powerstations","item":"https:\/\/koningdrone.be\/categorie\/alle-powerstations\/"},{"@type":"ListItem","position":4,"name":"Bluetti EP500 Solar Power Station"}]},{"@type":"WebSite","@id":"https:\/\/koningdrone.be\/#website","url":"https:\/\/koningdrone.be\/","name":"Koningdrone.be - Votre sp\u00e9cialiste en ligne en mati\u00e8re de drones, de cardans, de cam\u00e9ras et de centrales \u00e9lectriques.","description":"La boutique en ligne de drones et de cardans","publisher":{"@id":"https:\/\/koningdrone.be\/#organization"},"potentialAction":[{"@type":"SearchAction","target":{"@type":"EntryPoint","urlTemplate":"https:\/\/koningdrone.be\/?s={search_term_string}"},"query-input":{"@type":"PropertyValueSpecification","valueRequired":true,"valueName":"search_term_string"}}],"inLanguage":"fr-BE"},{"@type":"Organization","@id":"https:\/\/koningdrone.be\/#organization","name":"Kingdrone.co.uk","url":"https:\/\/koningdrone.be\/","logo":{"@type":"ImageObject","inLanguage":"fr-BE","@id":"https:\/\/koningdrone.be\/#\/schema\/logo\/image\/","url":"https:\/\/koningdrone.be\/wp-content\/uploads\/sites\/13\/2025\/04\/koningdrone-copyright-logo.svg","contentUrl":"https:\/\/koningdrone.be\/wp-content\/uploads\/sites\/13\/2025\/04\/koningdrone-copyright-logo.svg","width":227,"height":38,"caption":"Koningdrone.be"},"image":{"@id":"https:\/\/koningdrone.be\/#\/schema\/logo\/image\/"}}]}},"df_price":"","df_sale_price":"","df_regular_price":"","df_image_link":"https:\/\/koningdrone.be\/wp-content\/uploads\/sites\/13\/2025\/04\/6970991290725-1-300x300.webp","_links":{"self":[{"href":"https:\/\/koningdrone.be\/fr\/wp-json\/wp\/v2\/product\/5107","targetHints":{"allow":["GET"]}}],"collection":[{"href":"https:\/\/koningdrone.be\/fr\/wp-json\/wp\/v2\/product"}],"about":[{"href":"https:\/\/koningdrone.be\/fr\/wp-json\/wp\/v2\/types\/product"}],"wp:featuredmedia":[{"embeddable":true,"href":"https:\/\/koningdrone.be\/fr\/wp-json\/wp\/v2\/media\/5103"}],"wp:attachment":[{"href":"https:\/\/koningdrone.be\/fr\/wp-json\/wp\/v2\/media?parent=5107"}],"wp:term":[{"taxonomy":"product_brand","embeddable":true,"href":"https:\/\/koningdrone.be\/fr\/wp-json\/wp\/v2\/product_brand?post=5107"},{"taxonomy":"product_cat","embeddable":true,"href":"https:\/\/koningdrone.be\/fr\/wp-json\/wp\/v2\/product_cat?post=5107"},{"taxonomy":"product_tag","embeddable":true,"href":"https:\/\/koningdrone.be\/fr\/wp-json\/wp\/v2\/product_tag?post=5107"}],"curies":[{"name":"wp","href":"https:\/\/api.w.org\/{rel}","templated":true}]}}