{"id":5102,"date":"2023-03-08T09:20:34","date_gmt":"2023-03-08T08:20:34","guid":{"rendered":"https:\/\/koningdrone.nl\/kon\/product\/bluetti-ep600-energy-storage-system\/"},"modified":"2025-05-20T14:35:41","modified_gmt":"2025-05-20T12:35:41","slug":"bluetti-ep600-energy-storage-system","status":"publish","type":"product","link":"https:\/\/koningdrone.be\/fr\/produit\/bluetti-ep600-energy-storage-system\/","title":{"rendered":"Syst\u00e8me de stockage d'\u00e9nergie Bluetti EP600"},"content":{"rendered":"<p>Le Bluetti EP600 est un puissant syst\u00e8me de stockage d'\u00e9nergie domestique capable de fournir \u00e0 la fois du courant monophas\u00e9 230V et du courant triphas\u00e9 380V avec une capacit\u00e9 de 6kW. Avec une capacit\u00e9 de stockage allant jusqu'\u00e0 79 kWh, ce syst\u00e8me modulaire offre des options flexibles gr\u00e2ce \u00e0 des batteries reli\u00e9es entre elles et peut \u00eatre charg\u00e9 \u00e0 partir du r\u00e9seau ou de l'\u00e9nergie solaire avec une capacit\u00e9 de 6 kW (y compris les panneaux solaires existants).<\/p>\n<p><strong>Syst\u00e8me modulaire<\/strong><\/p>\n<p>Le syst\u00e8me modulaire se compose d'un EP600 combin\u00e9 \u00e0 un minimum de 2 x B500 et \u00e0 un maximum de 4 x B500. Chaque module de batterie B500 a une capacit\u00e9 de 4960 Wh. La connexion en parall\u00e8le de 16 x B500 et de 4 x EP600 facilite la vie hors r\u00e9seau. Le syst\u00e8me est con\u00e7u pour les m\u00e9nages priv\u00e9s et les petites entreprises.<\/p>\n<p><strong>Modes flexibles<\/strong><\/p>\n<p>Gr\u00e2ce \u00e0 la possibilit\u00e9 de s\u00e9lectionner diff\u00e9rents modes, le syst\u00e8me peut r\u00e9guler automatiquement le courant de charge et de d\u00e9charge en fonction des besoins individuels. Le syst\u00e8me UPS int\u00e9gr\u00e9 garantit que les appareils continuent de fonctionner en cas de panne de courant ou d'alimentation instable, gr\u00e2ce au syst\u00e8me BMS.<\/p>\n<p><strong>Bo\u00eetier durable<\/strong><\/p>\n<p>Le bo\u00eetier de ce syst\u00e8me de stockage d'\u00e9nergie est fabriqu\u00e9 en alliage d'aluminium durable et r\u00e9sistant \u00e0 la corrosion (IP65), ce qui permet de le placer \u00e0 l'int\u00e9rieur comme \u00e0 l'ext\u00e9rieur. En outre, le bo\u00eetier contient un syst\u00e8me de chauffage int\u00e9gr\u00e9 qui s'active automatiquement en cas de basses temp\u00e9ratures. L'installation \u00e0 l'ext\u00e9rieur n\u00e9cessite que le syst\u00e8me soit plac\u00e9 sous un auvent afin d'\u00e9viter la lumi\u00e8re directe du soleil.<\/p>\n<p><strong>Une solution fiable en mati\u00e8re d'\u00e9nergie renouvelable<\/strong><\/p>\n<p>En r\u00e9sum\u00e9, le Bluetti EP600 offre une solution fiable et flexible pour acc\u00e9der aux \u00e9nergies renouvelables, r\u00e9duire les co\u00fbts \u00e9nerg\u00e9tiques, se pr\u00e9parer aux coupures de courant et r\u00e9duire les \u00e9missions de CO2. Veuillez noter que ce syst\u00e8me doit \u00eatre install\u00e9 par un \u00e9lectricien agr\u00e9\u00e9.<\/p>\n<p><\/p>","protected":false},"excerpt":{"rendered":"<ul>\n<li>Autant de puissance pour des appareils triphas\u00e9s jusqu'\u00e0 6 000 W<\/li>\n<li>Capacit\u00e9 impressionnante de 9 920 Wh \u00e0 79 360 Wh<\/li>\n<li>Garantie de 10 ans \u00e0 la pointe de l'industrie<\/li>\n<li>S\u00e9curit\u00e9 in\u00e9gal\u00e9e gr\u00e2ce \u00e0 la batterie LiFePO\u2084.<\/li>\n<li>Compatibilit\u00e9 parfaite avec le syst\u00e8me solaire existant\/nouveau.<\/li>\n<li>Confort ultime pour une installation \u00e0 l'int\u00e9rieur et \u00e0 l'ext\u00e9rieur.<\/li>\n<\/ul>","protected":false},"featured_media":5098,"template":"","meta":{"_acf_changed":false},"product_brand":[],"product_cat":[454,97,829,415,628],"product_tag":[],"class_list":{"0":"post-5102","1":"product","2":"type-product","3":"status-publish","4":"has-post-thumbnail","6":"product_cat-alle-powerstations","7":"product_cat-alle-producten","8":"product_cat-bluetti","9":"product_cat-energy","10":"product_cat-powerstations","11":"pa_brand-bluetti","12":"pa_capaciteit-9-920-79-360-wh","13":"pa_materiaal-kunststof","14":"pa_productfamily-power-station","15":"pa_producttype-power-station","16":"pa_type-batterij-lifepo4","18":"first","19":"outofstock","20":"taxable","21":"shipping-taxable","22":"product-type-simple"},"acf":[],"yoast_head":"<!-- This site is optimized with the Yoast SEO Premium plugin v27.2 (Yoast SEO v27.2) - https:\/\/yoast.com\/product\/yoast-seo-premium-wordpress\/ -->\n<title>Bluetti EP600 Energy Storage System - koningdrone.be<\/title>\n<meta name=\"robots\" content=\"index, follow, max-snippet:-1, max-image-preview:large, max-video-preview:-1\" \/>\n<link rel=\"canonical\" href=\"https:\/\/koningdrone.be\/fr\/produit\/bluetti-ep600-energy-storage-system\/\" \/>\n<meta property=\"og:locale\" content=\"fr_FR\" \/>\n<meta property=\"og:type\" content=\"article\" \/>\n<meta property=\"og:title\" content=\"Bluetti EP600 Energy Storage System\" \/>\n<meta property=\"og:description\" content=\"Maar liefst vermogen voor maximaal 6.000 W 3-fase apparatenIndrukwekkende capaciteit van 9.920 Wh tot 79.360 WhToonaangevende garantie van 10 jaarOnge\u00ebvenaarde veiligheid met LiFePO\u2084 batterij.Perfecte compatibiliteit met bestaand\/nieuw zonnestelsel.Ultiem gemak voor installatie binnen en buiten.\" \/>\n<meta property=\"og:url\" content=\"https:\/\/koningdrone.be\/fr\/produit\/bluetti-ep600-energy-storage-system\/\" \/>\n<meta property=\"og:site_name\" content=\"koningdrone.be\" \/>\n<meta property=\"article:modified_time\" content=\"2025-05-20T12:35:41+00:00\" \/>\n<meta property=\"og:image\" content=\"https:\/\/koningdrone.be\/wp-content\/uploads\/sites\/13\/2025\/04\/6970991291340-1.webp\" \/>\n\t<meta property=\"og:image:width\" content=\"800\" \/>\n\t<meta property=\"og:image:height\" content=\"800\" \/>\n\t<meta property=\"og:image:type\" content=\"image\/webp\" \/>\n<meta name=\"twitter:card\" content=\"summary_large_image\" \/>\n<meta name=\"twitter:label1\" content=\"Dur\u00e9e de lecture est.\" \/>\n\t<meta name=\"twitter:data1\" content=\"1 minute\" \/>\n<script type=\"application\/ld+json\" class=\"yoast-schema-graph\">{\"@context\":\"https:\/\/schema.org\",\"@graph\":[{\"@type\":\"WebPage\",\"@id\":\"https:\/\/koningdrone.be\/product\/bluetti-ep600-energy-storage-system\/\",\"url\":\"https:\/\/koningdrone.be\/product\/bluetti-ep600-energy-storage-system\/\",\"name\":\"Bluetti EP600 Energy Storage System - koningdrone.be\",\"isPartOf\":{\"@id\":\"https:\/\/koningdrone.be\/#website\"},\"primaryImageOfPage\":{\"@id\":\"https:\/\/koningdrone.be\/product\/bluetti-ep600-energy-storage-system\/#primaryimage\"},\"image\":{\"@id\":\"https:\/\/koningdrone.be\/product\/bluetti-ep600-energy-storage-system\/#primaryimage\"},\"thumbnailUrl\":\"https:\/\/koningdrone.be\/wp-content\/uploads\/sites\/13\/2025\/04\/6970991291340-1.webp\",\"datePublished\":\"2023-03-08T08:20:34+00:00\",\"dateModified\":\"2025-05-20T12:35:41+00:00\",\"breadcrumb\":{\"@id\":\"https:\/\/koningdrone.be\/product\/bluetti-ep600-energy-storage-system\/#breadcrumb\"},\"inLanguage\":\"fr-BE\",\"potentialAction\":[{\"@type\":\"ReadAction\",\"target\":[\"https:\/\/koningdrone.be\/product\/bluetti-ep600-energy-storage-system\/\"]}]},{\"@type\":\"ImageObject\",\"inLanguage\":\"fr-BE\",\"@id\":\"https:\/\/koningdrone.be\/product\/bluetti-ep600-energy-storage-system\/#primaryimage\",\"url\":\"https:\/\/koningdrone.be\/wp-content\/uploads\/sites\/13\/2025\/04\/6970991291340-1.webp\",\"contentUrl\":\"https:\/\/koningdrone.be\/wp-content\/uploads\/sites\/13\/2025\/04\/6970991291340-1.webp\",\"width\":800,\"height\":800},{\"@type\":\"BreadcrumbList\",\"@id\":\"https:\/\/koningdrone.be\/product\/bluetti-ep600-energy-storage-system\/#breadcrumb\",\"itemListElement\":[{\"@type\":\"ListItem\",\"position\":1,\"name\":\"Home\",\"item\":\"https:\/\/koningdrone.be\/\"},{\"@type\":\"ListItem\",\"position\":2,\"name\":\"AVSS Parachute Recovery System for DJI Matrice 300\/350\",\"item\":\"https:\/\/koningdrone.be\/product\/avss-parachute-recovery-system-for-dji-matrice-300-350\/\"},{\"@type\":\"ListItem\",\"position\":3,\"name\":\"Alle powerstations\",\"item\":\"https:\/\/koningdrone.be\/categorie\/alle-powerstations\/\"},{\"@type\":\"ListItem\",\"position\":4,\"name\":\"Bluetti EP600 Energy Storage System\"}]},{\"@type\":\"WebSite\",\"@id\":\"https:\/\/koningdrone.be\/#website\",\"url\":\"https:\/\/koningdrone.be\/\",\"name\":\"Koningdrone.be - Uw online specialist in drones, gimbals, camera's en power stations.\",\"description\":\"De webshop in drones en gimbals\",\"publisher\":{\"@id\":\"https:\/\/koningdrone.be\/#organization\"},\"potentialAction\":[{\"@type\":\"SearchAction\",\"target\":{\"@type\":\"EntryPoint\",\"urlTemplate\":\"https:\/\/koningdrone.be\/?s={search_term_string}\"},\"query-input\":{\"@type\":\"PropertyValueSpecification\",\"valueRequired\":true,\"valueName\":\"search_term_string\"}}],\"inLanguage\":\"fr-BE\"},{\"@type\":\"Organization\",\"@id\":\"https:\/\/koningdrone.be\/#organization\",\"name\":\"Koningdrone.be\",\"url\":\"https:\/\/koningdrone.be\/\",\"logo\":{\"@type\":\"ImageObject\",\"inLanguage\":\"fr-BE\",\"@id\":\"https:\/\/koningdrone.be\/#\/schema\/logo\/image\/\",\"url\":\"https:\/\/koningdrone.be\/wp-content\/uploads\/sites\/13\/2025\/04\/koningdrone-copyright-logo.svg\",\"contentUrl\":\"https:\/\/koningdrone.be\/wp-content\/uploads\/sites\/13\/2025\/04\/koningdrone-copyright-logo.svg\",\"width\":227,\"height\":38,\"caption\":\"Koningdrone.be\"},\"image\":{\"@id\":\"https:\/\/koningdrone.be\/#\/schema\/logo\/image\/\"}}]}<\/script>\n<!-- \/ Yoast SEO Premium plugin. -->","yoast_head_json":{"title":"Bluetti EP600 Energy Storage System - koningdrone.be","robots":{"index":"index","follow":"follow","max-snippet":"max-snippet:-1","max-image-preview":"max-image-preview:large","max-video-preview":"max-video-preview:-1"},"canonical":"https:\/\/koningdrone.be\/fr\/produit\/bluetti-ep600-energy-storage-system\/","og_locale":"fr_FR","og_type":"article","og_title":"Bluetti EP600 Energy Storage System","og_description":"Maar liefst vermogen voor maximaal 6.000 W 3-fase apparatenIndrukwekkende capaciteit van 9.920 Wh tot 79.360 WhToonaangevende garantie van 10 jaarOnge\u00ebvenaarde veiligheid met LiFePO\u2084 batterij.Perfecte compatibiliteit met bestaand\/nieuw zonnestelsel.Ultiem gemak voor installatie binnen en buiten.","og_url":"https:\/\/koningdrone.be\/fr\/produit\/bluetti-ep600-energy-storage-system\/","og_site_name":"koningdrone.be","article_modified_time":"2025-05-20T12:35:41+00:00","og_image":[{"width":800,"height":800,"url":"https:\/\/koningdrone.be\/wp-content\/uploads\/sites\/13\/2025\/04\/6970991291340-1.webp","type":"image\/webp"}],"twitter_card":"summary_large_image","twitter_misc":{"Dur\u00e9e de lecture est.":"1 minute"},"schema":{"@context":"https:\/\/schema.org","@graph":[{"@type":"WebPage","@id":"https:\/\/koningdrone.be\/product\/bluetti-ep600-energy-storage-system\/","url":"https:\/\/koningdrone.be\/product\/bluetti-ep600-energy-storage-system\/","name":"Bluetti EP600 Energy Storage System - koningdrone.be","isPartOf":{"@id":"https:\/\/koningdrone.be\/#website"},"primaryImageOfPage":{"@id":"https:\/\/koningdrone.be\/product\/bluetti-ep600-energy-storage-system\/#primaryimage"},"image":{"@id":"https:\/\/koningdrone.be\/product\/bluetti-ep600-energy-storage-system\/#primaryimage"},"thumbnailUrl":"https:\/\/koningdrone.be\/wp-content\/uploads\/sites\/13\/2025\/04\/6970991291340-1.webp","datePublished":"2023-03-08T08:20:34+00:00","dateModified":"2025-05-20T12:35:41+00:00","breadcrumb":{"@id":"https:\/\/koningdrone.be\/product\/bluetti-ep600-energy-storage-system\/#breadcrumb"},"inLanguage":"fr-BE","potentialAction":[{"@type":"ReadAction","target":["https:\/\/koningdrone.be\/product\/bluetti-ep600-energy-storage-system\/"]}]},{"@type":"ImageObject","inLanguage":"fr-BE","@id":"https:\/\/koningdrone.be\/product\/bluetti-ep600-energy-storage-system\/#primaryimage","url":"https:\/\/koningdrone.be\/wp-content\/uploads\/sites\/13\/2025\/04\/6970991291340-1.webp","contentUrl":"https:\/\/koningdrone.be\/wp-content\/uploads\/sites\/13\/2025\/04\/6970991291340-1.webp","width":800,"height":800},{"@type":"BreadcrumbList","@id":"https:\/\/koningdrone.be\/product\/bluetti-ep600-energy-storage-system\/#breadcrumb","itemListElement":[{"@type":"ListItem","position":1,"name":"Home","item":"https:\/\/koningdrone.be\/"},{"@type":"ListItem","position":2,"name":"AVSS Parachute Recovery System for DJI Matrice 300\/350","item":"https:\/\/koningdrone.be\/product\/avss-parachute-recovery-system-for-dji-matrice-300-350\/"},{"@type":"ListItem","position":3,"name":"Alle powerstations","item":"https:\/\/koningdrone.be\/categorie\/alle-powerstations\/"},{"@type":"ListItem","position":4,"name":"Bluetti EP600 Energy Storage System"}]},{"@type":"WebSite","@id":"https:\/\/koningdrone.be\/#website","url":"https:\/\/koningdrone.be\/","name":"Koningdrone.be - Votre sp\u00e9cialiste en ligne en mati\u00e8re de drones, de cardans, de cam\u00e9ras et de centrales \u00e9lectriques.","description":"La boutique en ligne de drones et de cardans","publisher":{"@id":"https:\/\/koningdrone.be\/#organization"},"potentialAction":[{"@type":"SearchAction","target":{"@type":"EntryPoint","urlTemplate":"https:\/\/koningdrone.be\/?s={search_term_string}"},"query-input":{"@type":"PropertyValueSpecification","valueRequired":true,"valueName":"search_term_string"}}],"inLanguage":"fr-BE"},{"@type":"Organization","@id":"https:\/\/koningdrone.be\/#organization","name":"Kingdrone.co.uk","url":"https:\/\/koningdrone.be\/","logo":{"@type":"ImageObject","inLanguage":"fr-BE","@id":"https:\/\/koningdrone.be\/#\/schema\/logo\/image\/","url":"https:\/\/koningdrone.be\/wp-content\/uploads\/sites\/13\/2025\/04\/koningdrone-copyright-logo.svg","contentUrl":"https:\/\/koningdrone.be\/wp-content\/uploads\/sites\/13\/2025\/04\/koningdrone-copyright-logo.svg","width":227,"height":38,"caption":"Koningdrone.be"},"image":{"@id":"https:\/\/koningdrone.be\/#\/schema\/logo\/image\/"}}]}},"df_price":"","df_sale_price":"","df_regular_price":"","df_image_link":"https:\/\/koningdrone.be\/wp-content\/uploads\/sites\/13\/2025\/04\/6970991291340-1-300x300.webp","_links":{"self":[{"href":"https:\/\/koningdrone.be\/fr\/wp-json\/wp\/v2\/product\/5102","targetHints":{"allow":["GET"]}}],"collection":[{"href":"https:\/\/koningdrone.be\/fr\/wp-json\/wp\/v2\/product"}],"about":[{"href":"https:\/\/koningdrone.be\/fr\/wp-json\/wp\/v2\/types\/product"}],"wp:featuredmedia":[{"embeddable":true,"href":"https:\/\/koningdrone.be\/fr\/wp-json\/wp\/v2\/media\/5098"}],"wp:attachment":[{"href":"https:\/\/koningdrone.be\/fr\/wp-json\/wp\/v2\/media?parent=5102"}],"wp:term":[{"taxonomy":"product_brand","embeddable":true,"href":"https:\/\/koningdrone.be\/fr\/wp-json\/wp\/v2\/product_brand?post=5102"},{"taxonomy":"product_cat","embeddable":true,"href":"https:\/\/koningdrone.be\/fr\/wp-json\/wp\/v2\/product_cat?post=5102"},{"taxonomy":"product_tag","embeddable":true,"href":"https:\/\/koningdrone.be\/fr\/wp-json\/wp\/v2\/product_tag?post=5102"}],"curies":[{"name":"wp","href":"https:\/\/api.w.org\/{rel}","templated":true}]}}