{"id":5077,"date":"2023-03-08T09:20:34","date_gmt":"2023-03-08T08:20:34","guid":{"rendered":"https:\/\/koningdrone.nl\/kon\/product\/bluetti-eb55-solar-power-station\/"},"modified":"2026-04-29T06:10:38","modified_gmt":"2026-04-29T04:10:38","slug":"bluetti-eb55-solar-power-station","status":"publish","type":"product","link":"https:\/\/koningdrone.be\/fr\/produit\/bluetti-eb55-solar-power-station\/","title":{"rendered":"Centrale solaire Bluetti EB55"},"content":{"rendered":"<p><strong>Centrale solaire BLUETTI EB55<\/strong><\/p>\n<p>La centrale solaire BLUETTI EB55 est le compagnon id\u00e9al pour toutes vos aventures en plein air. Avec un design compact et l\u00e9ger, cette centrale portable est id\u00e9ale pour une utilisation dans les v\u00e9hicules de loisirs ou en camping. Avec une capacit\u00e9 de 537Wh et un onduleur int\u00e9gr\u00e9 de 700W (puissance de cr\u00eate 1400W), l'EB55 peut alimenter tous vos appareils \u00e9lectroniques et appareils de plein air essentiels, y compris les t\u00e9l\u00e9phones portables, les mini-cong\u00e9lateurs, les radios, les projecteurs et bien plus encore.<\/p>\n<p><strong>Options d'alimentation polyvalentes<\/strong><\/p>\n<p>L'EB55 poss\u00e8de plusieurs sorties CC et CA, ce qui lui permet d'alimenter 11 appareils \u00e0 la fois, des smartphones aux mini-r\u00e9frig\u00e9rateurs, et dispose m\u00eame d'une station de charge sans fil. Son design compact et sa poign\u00e9e pratique rendent cette centrale \u00e9lectrique facile \u00e0 transporter, ce qui en fait la solution id\u00e9ale pour les voyages en plein air. De plus, l'EB55 prend en charge 4 modes de chargement : prise murale, g\u00e9n\u00e9rateur, prise de voiture et panneaux solaires.<\/p>\n<p><strong>Toujours de l'\u00e9nergie, o\u00f9 que vous soyez<\/strong><\/p>\n<p>Avec le BLUETTI EB55, vous n'aurez plus jamais \u00e0 vous soucier d'une batterie d\u00e9charg\u00e9e lors de vos aventures en plein air. Cette batterie est polyvalente, portable et offre des performances in\u00e9gal\u00e9es pour tous vos appareils \u00e9lectroniques, que vous alliez camper, dans la nature ou que vous ayez simplement besoin d'\u00e9nergie suppl\u00e9mentaire pour diff\u00e9rentes occasions.<\/p>\n<p><\/p>","protected":false},"excerpt":{"rendered":"<ul>\n<li>Onduleur \u00e0 onde sinuso\u00efdale pure de 700 W CA (surtension de 1 400 W)<\/li>\n<li>537 Wh PREMIUM LiFePO4 BATTERY<\/li>\n<li>Batterie LiFePO4 avec plus de 2 500 cycles de vie pour 80%<\/li>\n<li>11 sorties pour plusieurs appareils<\/li>\n<li>6 fa\u00e7ons de charger (CA\/Solaire\/Auto\/G\u00e9n\u00e9rateur\/AC+Solaire\/Dual AC)<\/li>\n<li>Max. 200 W. Entr\u00e9e solaire<\/li>\n<li>400W Max. Double charge rapide (simultan\u00e9ment solaire + adaptateur CA)<\/li>\n<li>Respectueux de l'environnement \/ sans gaz \/ silencieux \/ \u00e9conomique<\/li>\n<\/ul>","protected":false},"featured_media":5073,"template":"","meta":{"_acf_changed":false},"product_brand":[],"product_cat":[454,97,829,415,628],"product_tag":[],"class_list":{"0":"post-5077","1":"product","2":"type-product","3":"status-publish","4":"has-post-thumbnail","6":"product_cat-alle-powerstations","7":"product_cat-alle-producten","8":"product_cat-bluetti","9":"product_cat-energy","10":"product_cat-powerstations","11":"product_shipping_class-outofstock","12":"pa_afmetingen-27-8-x-20-x-19-8cm","13":"pa_brand-bluetti","14":"pa_capaciteit-537wh","15":"pa_gewicht-7-5-kg","16":"pa_input-dc-ac-adapter-maximaal-200-w-zonne-input-maximaal-200-w-voc-12-28-v-8-a-auto-invoer-12-24v-vanaf-sigarettenaanstekerpoort-maximale-invoer400-w-met-aczonne-ingang","17":"pa_materiaal-kunststof","18":"pa_oplaadtijd-via-ac-3-4-uur","19":"pa_output-230-v-4-x-120v-20a-ac-outputs-700w-totaal","20":"pa_output-dc-2-x-12v-10a-dc5521-1-x-12v-10a-car-outlet","21":"pa_output-usb-usb-c-port-1-x-100w-max-usb-a-port-4-x-5v-3a-wireless-charging-pad-1-x-15w-max","22":"pa_productfamily-power-station","23":"pa_producttype-power-station","24":"pa_type-batterij-lifepo4","26":"first","27":"outofstock","28":"taxable","29":"shipping-taxable","30":"product-type-simple"},"acf":[],"yoast_head":"<!-- This site is optimized with the Yoast SEO Premium plugin v27.2 (Yoast SEO v27.2) - https:\/\/yoast.com\/product\/yoast-seo-premium-wordpress\/ -->\n<title>Bluetti EB55 Solar Power Station - koningdrone.be<\/title>\n<meta name=\"robots\" content=\"index, follow, max-snippet:-1, max-image-preview:large, max-video-preview:-1\" \/>\n<link rel=\"canonical\" href=\"https:\/\/koningdrone.be\/fr\/produit\/bluetti-eb55-solar-power-station\/\" \/>\n<meta property=\"og:locale\" content=\"fr_FR\" \/>\n<meta property=\"og:type\" content=\"article\" \/>\n<meta property=\"og:title\" content=\"Bluetti EB55 Solar Power Station\" \/>\n<meta property=\"og:description\" content=\"700 W AC zuivere sinusomvormer (1.400 W overspanning)537 Wh PREMIUM LiFePO4 BATTERIJLiFePO4-batterij met meer dan 2.500 levenscycli tot 80%11 uitgangen voor meerdere apparaten6 manieren om op te laden (AC\/Zonne-energie\/Auto\/Generator\/AC+Zonne-energie\/Dual AC)Max. 200 W. Zonne-invoer400W Max. Snel dubbel opladen (gelijktijdig op zonne-energie + AC-adapter)Milieuvriendelijk\/gasvrij\/stil\/kostenbesparend\" \/>\n<meta property=\"og:url\" content=\"https:\/\/koningdrone.be\/fr\/produit\/bluetti-eb55-solar-power-station\/\" \/>\n<meta property=\"og:site_name\" content=\"koningdrone.be\" \/>\n<meta property=\"article:modified_time\" content=\"2026-04-29T04:10:38+00:00\" \/>\n<meta property=\"og:image\" content=\"https:\/\/koningdrone.be\/wp-content\/uploads\/sites\/13\/2025\/04\/6970991290275-1.webp\" \/>\n\t<meta property=\"og:image:width\" content=\"750\" \/>\n\t<meta property=\"og:image:height\" content=\"750\" \/>\n\t<meta property=\"og:image:type\" content=\"image\/webp\" \/>\n<meta name=\"twitter:card\" content=\"summary_large_image\" \/>\n<meta name=\"twitter:label1\" content=\"Dur\u00e9e de lecture est.\" \/>\n\t<meta name=\"twitter:data1\" content=\"1 minute\" \/>\n<script type=\"application\/ld+json\" class=\"yoast-schema-graph\">{\"@context\":\"https:\/\/schema.org\",\"@graph\":[{\"@type\":\"WebPage\",\"@id\":\"https:\/\/koningdrone.be\/product\/bluetti-eb55-solar-power-station\/\",\"url\":\"https:\/\/koningdrone.be\/product\/bluetti-eb55-solar-power-station\/\",\"name\":\"Bluetti EB55 Solar Power Station - koningdrone.be\",\"isPartOf\":{\"@id\":\"https:\/\/koningdrone.be\/#website\"},\"primaryImageOfPage\":{\"@id\":\"https:\/\/koningdrone.be\/product\/bluetti-eb55-solar-power-station\/#primaryimage\"},\"image\":{\"@id\":\"https:\/\/koningdrone.be\/product\/bluetti-eb55-solar-power-station\/#primaryimage\"},\"thumbnailUrl\":\"https:\/\/koningdrone.be\/wp-content\/uploads\/sites\/13\/2025\/04\/6970991290275-1.webp\",\"datePublished\":\"2023-03-08T08:20:34+00:00\",\"dateModified\":\"2026-04-29T04:10:38+00:00\",\"breadcrumb\":{\"@id\":\"https:\/\/koningdrone.be\/product\/bluetti-eb55-solar-power-station\/#breadcrumb\"},\"inLanguage\":\"fr-BE\",\"potentialAction\":[{\"@type\":\"ReadAction\",\"target\":[\"https:\/\/koningdrone.be\/product\/bluetti-eb55-solar-power-station\/\"]}]},{\"@type\":\"ImageObject\",\"inLanguage\":\"fr-BE\",\"@id\":\"https:\/\/koningdrone.be\/product\/bluetti-eb55-solar-power-station\/#primaryimage\",\"url\":\"https:\/\/koningdrone.be\/wp-content\/uploads\/sites\/13\/2025\/04\/6970991290275-1.webp\",\"contentUrl\":\"https:\/\/koningdrone.be\/wp-content\/uploads\/sites\/13\/2025\/04\/6970991290275-1.webp\",\"width\":750,\"height\":750},{\"@type\":\"BreadcrumbList\",\"@id\":\"https:\/\/koningdrone.be\/product\/bluetti-eb55-solar-power-station\/#breadcrumb\",\"itemListElement\":[{\"@type\":\"ListItem\",\"position\":1,\"name\":\"Home\",\"item\":\"https:\/\/koningdrone.be\/\"},{\"@type\":\"ListItem\",\"position\":2,\"name\":\"AVSS Parachute Recovery System for DJI Matrice 300\/350\",\"item\":\"https:\/\/koningdrone.be\/product\/avss-parachute-recovery-system-for-dji-matrice-300-350\/\"},{\"@type\":\"ListItem\",\"position\":3,\"name\":\"Alle powerstations\",\"item\":\"https:\/\/koningdrone.be\/categorie\/alle-powerstations\/\"},{\"@type\":\"ListItem\",\"position\":4,\"name\":\"Bluetti EB55 Solar Power Station\"}]},{\"@type\":\"WebSite\",\"@id\":\"https:\/\/koningdrone.be\/#website\",\"url\":\"https:\/\/koningdrone.be\/\",\"name\":\"Koningdrone.be - Uw online specialist in drones, gimbals, camera's en power stations.\",\"description\":\"De webshop in drones en gimbals\",\"publisher\":{\"@id\":\"https:\/\/koningdrone.be\/#organization\"},\"potentialAction\":[{\"@type\":\"SearchAction\",\"target\":{\"@type\":\"EntryPoint\",\"urlTemplate\":\"https:\/\/koningdrone.be\/?s={search_term_string}\"},\"query-input\":{\"@type\":\"PropertyValueSpecification\",\"valueRequired\":true,\"valueName\":\"search_term_string\"}}],\"inLanguage\":\"fr-BE\"},{\"@type\":\"Organization\",\"@id\":\"https:\/\/koningdrone.be\/#organization\",\"name\":\"Koningdrone.be\",\"url\":\"https:\/\/koningdrone.be\/\",\"logo\":{\"@type\":\"ImageObject\",\"inLanguage\":\"fr-BE\",\"@id\":\"https:\/\/koningdrone.be\/#\/schema\/logo\/image\/\",\"url\":\"https:\/\/koningdrone.be\/wp-content\/uploads\/sites\/13\/2025\/04\/koningdrone-copyright-logo.svg\",\"contentUrl\":\"https:\/\/koningdrone.be\/wp-content\/uploads\/sites\/13\/2025\/04\/koningdrone-copyright-logo.svg\",\"width\":227,\"height\":38,\"caption\":\"Koningdrone.be\"},\"image\":{\"@id\":\"https:\/\/koningdrone.be\/#\/schema\/logo\/image\/\"}}]}<\/script>\n<!-- \/ Yoast SEO Premium plugin. -->","yoast_head_json":{"title":"Bluetti EB55 Solar Power Station - koningdrone.be","robots":{"index":"index","follow":"follow","max-snippet":"max-snippet:-1","max-image-preview":"max-image-preview:large","max-video-preview":"max-video-preview:-1"},"canonical":"https:\/\/koningdrone.be\/fr\/produit\/bluetti-eb55-solar-power-station\/","og_locale":"fr_FR","og_type":"article","og_title":"Bluetti EB55 Solar Power Station","og_description":"700 W AC zuivere sinusomvormer (1.400 W overspanning)537 Wh PREMIUM LiFePO4 BATTERIJLiFePO4-batterij met meer dan 2.500 levenscycli tot 80%11 uitgangen voor meerdere apparaten6 manieren om op te laden (AC\/Zonne-energie\/Auto\/Generator\/AC+Zonne-energie\/Dual AC)Max. 200 W. Zonne-invoer400W Max. Snel dubbel opladen (gelijktijdig op zonne-energie + AC-adapter)Milieuvriendelijk\/gasvrij\/stil\/kostenbesparend","og_url":"https:\/\/koningdrone.be\/fr\/produit\/bluetti-eb55-solar-power-station\/","og_site_name":"koningdrone.be","article_modified_time":"2026-04-29T04:10:38+00:00","og_image":[{"width":750,"height":750,"url":"https:\/\/koningdrone.be\/wp-content\/uploads\/sites\/13\/2025\/04\/6970991290275-1.webp","type":"image\/webp"}],"twitter_card":"summary_large_image","twitter_misc":{"Dur\u00e9e de lecture est.":"1 minute"},"schema":{"@context":"https:\/\/schema.org","@graph":[{"@type":"WebPage","@id":"https:\/\/koningdrone.be\/product\/bluetti-eb55-solar-power-station\/","url":"https:\/\/koningdrone.be\/product\/bluetti-eb55-solar-power-station\/","name":"Bluetti EB55 Solar Power Station - koningdrone.be","isPartOf":{"@id":"https:\/\/koningdrone.be\/#website"},"primaryImageOfPage":{"@id":"https:\/\/koningdrone.be\/product\/bluetti-eb55-solar-power-station\/#primaryimage"},"image":{"@id":"https:\/\/koningdrone.be\/product\/bluetti-eb55-solar-power-station\/#primaryimage"},"thumbnailUrl":"https:\/\/koningdrone.be\/wp-content\/uploads\/sites\/13\/2025\/04\/6970991290275-1.webp","datePublished":"2023-03-08T08:20:34+00:00","dateModified":"2026-04-29T04:10:38+00:00","breadcrumb":{"@id":"https:\/\/koningdrone.be\/product\/bluetti-eb55-solar-power-station\/#breadcrumb"},"inLanguage":"fr-BE","potentialAction":[{"@type":"ReadAction","target":["https:\/\/koningdrone.be\/product\/bluetti-eb55-solar-power-station\/"]}]},{"@type":"ImageObject","inLanguage":"fr-BE","@id":"https:\/\/koningdrone.be\/product\/bluetti-eb55-solar-power-station\/#primaryimage","url":"https:\/\/koningdrone.be\/wp-content\/uploads\/sites\/13\/2025\/04\/6970991290275-1.webp","contentUrl":"https:\/\/koningdrone.be\/wp-content\/uploads\/sites\/13\/2025\/04\/6970991290275-1.webp","width":750,"height":750},{"@type":"BreadcrumbList","@id":"https:\/\/koningdrone.be\/product\/bluetti-eb55-solar-power-station\/#breadcrumb","itemListElement":[{"@type":"ListItem","position":1,"name":"Home","item":"https:\/\/koningdrone.be\/"},{"@type":"ListItem","position":2,"name":"AVSS Parachute Recovery System for DJI Matrice 300\/350","item":"https:\/\/koningdrone.be\/product\/avss-parachute-recovery-system-for-dji-matrice-300-350\/"},{"@type":"ListItem","position":3,"name":"Alle powerstations","item":"https:\/\/koningdrone.be\/categorie\/alle-powerstations\/"},{"@type":"ListItem","position":4,"name":"Bluetti EB55 Solar Power Station"}]},{"@type":"WebSite","@id":"https:\/\/koningdrone.be\/#website","url":"https:\/\/koningdrone.be\/","name":"Koningdrone.be - Votre sp\u00e9cialiste en ligne en mati\u00e8re de drones, de cardans, de cam\u00e9ras et de centrales \u00e9lectriques.","description":"La boutique en ligne de drones et de cardans","publisher":{"@id":"https:\/\/koningdrone.be\/#organization"},"potentialAction":[{"@type":"SearchAction","target":{"@type":"EntryPoint","urlTemplate":"https:\/\/koningdrone.be\/?s={search_term_string}"},"query-input":{"@type":"PropertyValueSpecification","valueRequired":true,"valueName":"search_term_string"}}],"inLanguage":"fr-BE"},{"@type":"Organization","@id":"https:\/\/koningdrone.be\/#organization","name":"Kingdrone.co.uk","url":"https:\/\/koningdrone.be\/","logo":{"@type":"ImageObject","inLanguage":"fr-BE","@id":"https:\/\/koningdrone.be\/#\/schema\/logo\/image\/","url":"https:\/\/koningdrone.be\/wp-content\/uploads\/sites\/13\/2025\/04\/koningdrone-copyright-logo.svg","contentUrl":"https:\/\/koningdrone.be\/wp-content\/uploads\/sites\/13\/2025\/04\/koningdrone-copyright-logo.svg","width":227,"height":38,"caption":"Koningdrone.be"},"image":{"@id":"https:\/\/koningdrone.be\/#\/schema\/logo\/image\/"}}]}},"df_price":"","df_sale_price":"","df_regular_price":"","df_image_link":"https:\/\/koningdrone.be\/wp-content\/uploads\/sites\/13\/2025\/04\/6970991290275-1-300x300.webp","_links":{"self":[{"href":"https:\/\/koningdrone.be\/fr\/wp-json\/wp\/v2\/product\/5077","targetHints":{"allow":["GET"]}}],"collection":[{"href":"https:\/\/koningdrone.be\/fr\/wp-json\/wp\/v2\/product"}],"about":[{"href":"https:\/\/koningdrone.be\/fr\/wp-json\/wp\/v2\/types\/product"}],"wp:featuredmedia":[{"embeddable":true,"href":"https:\/\/koningdrone.be\/fr\/wp-json\/wp\/v2\/media\/5073"}],"wp:attachment":[{"href":"https:\/\/koningdrone.be\/fr\/wp-json\/wp\/v2\/media?parent=5077"}],"wp:term":[{"taxonomy":"product_brand","embeddable":true,"href":"https:\/\/koningdrone.be\/fr\/wp-json\/wp\/v2\/product_brand?post=5077"},{"taxonomy":"product_cat","embeddable":true,"href":"https:\/\/koningdrone.be\/fr\/wp-json\/wp\/v2\/product_cat?post=5077"},{"taxonomy":"product_tag","embeddable":true,"href":"https:\/\/koningdrone.be\/fr\/wp-json\/wp\/v2\/product_tag?post=5077"}],"curies":[{"name":"wp","href":"https:\/\/api.w.org\/{rel}","templated":true}]}}