{"id":5068,"date":"2023-03-08T09:20:34","date_gmt":"2023-03-08T08:20:34","guid":{"rendered":"https:\/\/koningdrone.nl\/kon\/product\/bluetti-b230-expansion-battery\/"},"modified":"2025-05-20T14:34:15","modified_gmt":"2025-05-20T12:34:15","slug":"bluetti-b230-expansion-battery","status":"publish","type":"product","link":"https:\/\/koningdrone.be\/fr\/produit\/bluetti-b230-expansion-battery\/","title":{"rendered":"Batterie d'extension Bluetti B230"},"content":{"rendered":"<p><strong>Description du produit BLUETTI B230 Expansion Battery<\/strong><\/p>\n<p>La batterie d'extension BLUETTI B230 est la solution \u00e0 tous vos besoins en \u00e9nergie. D'une capacit\u00e9 de 2048 Wh, cette batterie vous assure de pouvoir capturer de l'\u00e9nergie \u00e0 tout moment et en tout lieu, gr\u00e2ce \u00e0 sa prise en charge de la recharge solaire, CA, voiture et batterie au plomb (*D050S requis pour la recharge de la voiture et de la batterie au plomb). En outre, le B230 dispose de plusieurs ports pratiques, notamment un port USB-C de 100 W, un port allume-cigare de 12 V\/10 A et un port de sortie USB-A de 18 W, ce qui vous permet de charger tous vos appareils n\u00e9cessaires tels que les smartphones, les ordinateurs portables, les appareils photo, les ventilateurs et les lampes.<\/p>\n<p><strong>Longue dur\u00e9e de vie et compatibilit\u00e9<\/strong><\/p>\n<p>Avec plus de 3 500 cycles de vie et des cellules LFP de premi\u00e8re qualit\u00e9, la B230 offre jusqu'\u00e0 80% de capacit\u00e9 originale, ce qui prolonge la dur\u00e9e de vie de vos appareils. De plus, le B230 est compatible avec le BLUETTI AC200MAX pour une capacit\u00e9 encore plus grande. Que vous soyez \u00e0 la recherche d'une batterie de secours pour la maison ou d'un powerbank pour vos d\u00e9placements, l'unit\u00e9 portable et s\u00fbre AC200MAX + B230 est la solution. Dot\u00e9es d'un grand nombre de fonctions, ces unit\u00e9s peuvent servir de sauvegarde ou d'alimentation \u00e0 la maison ou au camping.<\/p>\n<p><strong>Polyvalence et commodit\u00e9<\/strong><\/p>\n<p>En bref, avec la batterie d'extension BLUETTI B230, vous n'\u00eates plus jamais priv\u00e9 d'\u00e9lectricit\u00e9 et vous pouvez r\u00e9pondre \u00e0 vos besoins en \u00e9nergie n'importe o\u00f9 et n'importe quand. Une solution adapt\u00e9e \u00e0 de nombreuses occasions !<\/p>\n<p><\/p>","protected":false},"excerpt":{"rendered":"<ul>\n<li>B230 \u00e9quip\u00e9 d'une capacit\u00e9 de 2048Wh.<\/li>\n<li>Un port USB-C de 100 W, une sortie voiture de 12 V\/10 A et un port USB-A.<\/li>\n<li>Des entr\u00e9es d'alimentation polyvalentes vous permettent de recharger o\u00f9 que vous soyez.<\/li>\n<li>Le chargement solaire, le chargement des voitures et des batteries au plomb doivent \u00eatre r\u00e9alis\u00e9s via le D050S.<\/li>\n<\/ul>","protected":false},"featured_media":5064,"template":"","meta":{"_acf_changed":false},"product_brand":[],"product_cat":[113,97,829,415,628],"product_tag":[],"class_list":{"0":"post-5068","1":"product","2":"type-product","3":"status-publish","4":"has-post-thumbnail","6":"product_cat-alle-batterijen","7":"product_cat-alle-producten","8":"product_cat-bluetti","9":"product_cat-energy","10":"product_cat-powerstations","11":"pa_afmetingen-420-x-280-x-227-5-mm","12":"pa_brand-bluetti","13":"pa_capaciteit-2048-wh","14":"pa_gewicht-21-8kg","15":"pa_materiaal-kunststof","16":"pa_productfamily-extra-batterij","17":"pa_producttype-extra-batterij","19":"first","20":"outofstock","21":"taxable","22":"shipping-taxable","23":"product-type-simple"},"acf":[],"yoast_head":"<!-- This site is optimized with the Yoast SEO Premium plugin v27.2 (Yoast SEO v27.2) - https:\/\/yoast.com\/product\/yoast-seo-premium-wordpress\/ -->\n<title>Bluetti B230 Expansion Battery - koningdrone.be<\/title>\n<meta name=\"robots\" content=\"index, follow, max-snippet:-1, max-image-preview:large, max-video-preview:-1\" \/>\n<link rel=\"canonical\" href=\"https:\/\/koningdrone.be\/fr\/produit\/bluetti-b230-expansion-battery\/\" \/>\n<meta property=\"og:locale\" content=\"fr_FR\" \/>\n<meta property=\"og:type\" content=\"article\" \/>\n<meta property=\"og:title\" content=\"Bluetti B230 Expansion Battery\" \/>\n<meta property=\"og:description\" content=\"B230 uitgerust met 2048Wh capaciteit.E\u00e9n 100W USB-C, een 12V\/10A auto-uitgang en een USB-A-poort.Veelzijdige voedingsingangen zorgen ervoor dat u kunt opladen, waar u ook bent.Opladen via zonne-energie, autoladen en loodzuuraccu&#039;s moeten via D050S gerealiseerd worden\" \/>\n<meta property=\"og:url\" content=\"https:\/\/koningdrone.be\/fr\/produit\/bluetti-b230-expansion-battery\/\" \/>\n<meta property=\"og:site_name\" content=\"koningdrone.be\" \/>\n<meta property=\"article:modified_time\" content=\"2025-05-20T12:34:15+00:00\" \/>\n<meta property=\"og:image\" content=\"https:\/\/koningdrone.be\/wp-content\/uploads\/sites\/13\/2025\/04\/6970991290473-1.webp\" \/>\n\t<meta property=\"og:image:width\" content=\"750\" \/>\n\t<meta property=\"og:image:height\" content=\"750\" \/>\n\t<meta property=\"og:image:type\" content=\"image\/webp\" \/>\n<meta name=\"twitter:card\" content=\"summary_large_image\" \/>\n<meta name=\"twitter:label1\" content=\"Dur\u00e9e de lecture est.\" \/>\n\t<meta name=\"twitter:data1\" content=\"1 minute\" \/>\n<script type=\"application\/ld+json\" class=\"yoast-schema-graph\">{\"@context\":\"https:\/\/schema.org\",\"@graph\":[{\"@type\":\"WebPage\",\"@id\":\"https:\/\/koningdrone.be\/product\/bluetti-b230-expansion-battery\/\",\"url\":\"https:\/\/koningdrone.be\/product\/bluetti-b230-expansion-battery\/\",\"name\":\"Bluetti B230 Expansion Battery - koningdrone.be\",\"isPartOf\":{\"@id\":\"https:\/\/koningdrone.be\/#website\"},\"primaryImageOfPage\":{\"@id\":\"https:\/\/koningdrone.be\/product\/bluetti-b230-expansion-battery\/#primaryimage\"},\"image\":{\"@id\":\"https:\/\/koningdrone.be\/product\/bluetti-b230-expansion-battery\/#primaryimage\"},\"thumbnailUrl\":\"https:\/\/koningdrone.be\/wp-content\/uploads\/sites\/13\/2025\/04\/6970991290473-1.webp\",\"datePublished\":\"2023-03-08T08:20:34+00:00\",\"dateModified\":\"2025-05-20T12:34:15+00:00\",\"breadcrumb\":{\"@id\":\"https:\/\/koningdrone.be\/product\/bluetti-b230-expansion-battery\/#breadcrumb\"},\"inLanguage\":\"fr-BE\",\"potentialAction\":[{\"@type\":\"ReadAction\",\"target\":[\"https:\/\/koningdrone.be\/product\/bluetti-b230-expansion-battery\/\"]}]},{\"@type\":\"ImageObject\",\"inLanguage\":\"fr-BE\",\"@id\":\"https:\/\/koningdrone.be\/product\/bluetti-b230-expansion-battery\/#primaryimage\",\"url\":\"https:\/\/koningdrone.be\/wp-content\/uploads\/sites\/13\/2025\/04\/6970991290473-1.webp\",\"contentUrl\":\"https:\/\/koningdrone.be\/wp-content\/uploads\/sites\/13\/2025\/04\/6970991290473-1.webp\",\"width\":750,\"height\":750},{\"@type\":\"BreadcrumbList\",\"@id\":\"https:\/\/koningdrone.be\/product\/bluetti-b230-expansion-battery\/#breadcrumb\",\"itemListElement\":[{\"@type\":\"ListItem\",\"position\":1,\"name\":\"Home\",\"item\":\"https:\/\/koningdrone.be\/\"},{\"@type\":\"ListItem\",\"position\":2,\"name\":\"AVSS Parachute Recovery System for DJI Matrice 300\/350\",\"item\":\"https:\/\/koningdrone.be\/product\/avss-parachute-recovery-system-for-dji-matrice-300-350\/\"},{\"@type\":\"ListItem\",\"position\":3,\"name\":\"Alle batterijen\",\"item\":\"https:\/\/koningdrone.be\/categorie\/alle-batterijen\/\"},{\"@type\":\"ListItem\",\"position\":4,\"name\":\"Bluetti B230 Expansion Battery\"}]},{\"@type\":\"WebSite\",\"@id\":\"https:\/\/koningdrone.be\/#website\",\"url\":\"https:\/\/koningdrone.be\/\",\"name\":\"Koningdrone.be - Uw online specialist in drones, gimbals, camera's en power stations.\",\"description\":\"De webshop in drones en gimbals\",\"publisher\":{\"@id\":\"https:\/\/koningdrone.be\/#organization\"},\"potentialAction\":[{\"@type\":\"SearchAction\",\"target\":{\"@type\":\"EntryPoint\",\"urlTemplate\":\"https:\/\/koningdrone.be\/?s={search_term_string}\"},\"query-input\":{\"@type\":\"PropertyValueSpecification\",\"valueRequired\":true,\"valueName\":\"search_term_string\"}}],\"inLanguage\":\"fr-BE\"},{\"@type\":\"Organization\",\"@id\":\"https:\/\/koningdrone.be\/#organization\",\"name\":\"Koningdrone.be\",\"url\":\"https:\/\/koningdrone.be\/\",\"logo\":{\"@type\":\"ImageObject\",\"inLanguage\":\"fr-BE\",\"@id\":\"https:\/\/koningdrone.be\/#\/schema\/logo\/image\/\",\"url\":\"https:\/\/koningdrone.be\/wp-content\/uploads\/sites\/13\/2025\/04\/koningdrone-copyright-logo.svg\",\"contentUrl\":\"https:\/\/koningdrone.be\/wp-content\/uploads\/sites\/13\/2025\/04\/koningdrone-copyright-logo.svg\",\"width\":227,\"height\":38,\"caption\":\"Koningdrone.be\"},\"image\":{\"@id\":\"https:\/\/koningdrone.be\/#\/schema\/logo\/image\/\"}}]}<\/script>\n<!-- \/ Yoast SEO Premium plugin. -->","yoast_head_json":{"title":"Bluetti B230 Expansion Battery - koningdrone.be","robots":{"index":"index","follow":"follow","max-snippet":"max-snippet:-1","max-image-preview":"max-image-preview:large","max-video-preview":"max-video-preview:-1"},"canonical":"https:\/\/koningdrone.be\/fr\/produit\/bluetti-b230-expansion-battery\/","og_locale":"fr_FR","og_type":"article","og_title":"Bluetti B230 Expansion Battery","og_description":"B230 uitgerust met 2048Wh capaciteit.E\u00e9n 100W USB-C, een 12V\/10A auto-uitgang en een USB-A-poort.Veelzijdige voedingsingangen zorgen ervoor dat u kunt opladen, waar u ook bent.Opladen via zonne-energie, autoladen en loodzuuraccu's moeten via D050S gerealiseerd worden","og_url":"https:\/\/koningdrone.be\/fr\/produit\/bluetti-b230-expansion-battery\/","og_site_name":"koningdrone.be","article_modified_time":"2025-05-20T12:34:15+00:00","og_image":[{"width":750,"height":750,"url":"https:\/\/koningdrone.be\/wp-content\/uploads\/sites\/13\/2025\/04\/6970991290473-1.webp","type":"image\/webp"}],"twitter_card":"summary_large_image","twitter_misc":{"Dur\u00e9e de lecture est.":"1 minute"},"schema":{"@context":"https:\/\/schema.org","@graph":[{"@type":"WebPage","@id":"https:\/\/koningdrone.be\/product\/bluetti-b230-expansion-battery\/","url":"https:\/\/koningdrone.be\/product\/bluetti-b230-expansion-battery\/","name":"Bluetti B230 Expansion Battery - koningdrone.be","isPartOf":{"@id":"https:\/\/koningdrone.be\/#website"},"primaryImageOfPage":{"@id":"https:\/\/koningdrone.be\/product\/bluetti-b230-expansion-battery\/#primaryimage"},"image":{"@id":"https:\/\/koningdrone.be\/product\/bluetti-b230-expansion-battery\/#primaryimage"},"thumbnailUrl":"https:\/\/koningdrone.be\/wp-content\/uploads\/sites\/13\/2025\/04\/6970991290473-1.webp","datePublished":"2023-03-08T08:20:34+00:00","dateModified":"2025-05-20T12:34:15+00:00","breadcrumb":{"@id":"https:\/\/koningdrone.be\/product\/bluetti-b230-expansion-battery\/#breadcrumb"},"inLanguage":"fr-BE","potentialAction":[{"@type":"ReadAction","target":["https:\/\/koningdrone.be\/product\/bluetti-b230-expansion-battery\/"]}]},{"@type":"ImageObject","inLanguage":"fr-BE","@id":"https:\/\/koningdrone.be\/product\/bluetti-b230-expansion-battery\/#primaryimage","url":"https:\/\/koningdrone.be\/wp-content\/uploads\/sites\/13\/2025\/04\/6970991290473-1.webp","contentUrl":"https:\/\/koningdrone.be\/wp-content\/uploads\/sites\/13\/2025\/04\/6970991290473-1.webp","width":750,"height":750},{"@type":"BreadcrumbList","@id":"https:\/\/koningdrone.be\/product\/bluetti-b230-expansion-battery\/#breadcrumb","itemListElement":[{"@type":"ListItem","position":1,"name":"Home","item":"https:\/\/koningdrone.be\/"},{"@type":"ListItem","position":2,"name":"AVSS Parachute Recovery System for DJI Matrice 300\/350","item":"https:\/\/koningdrone.be\/product\/avss-parachute-recovery-system-for-dji-matrice-300-350\/"},{"@type":"ListItem","position":3,"name":"Alle batterijen","item":"https:\/\/koningdrone.be\/categorie\/alle-batterijen\/"},{"@type":"ListItem","position":4,"name":"Bluetti B230 Expansion Battery"}]},{"@type":"WebSite","@id":"https:\/\/koningdrone.be\/#website","url":"https:\/\/koningdrone.be\/","name":"Koningdrone.be - Votre sp\u00e9cialiste en ligne en mati\u00e8re de drones, de cardans, de cam\u00e9ras et de centrales \u00e9lectriques.","description":"La boutique en ligne de drones et de cardans","publisher":{"@id":"https:\/\/koningdrone.be\/#organization"},"potentialAction":[{"@type":"SearchAction","target":{"@type":"EntryPoint","urlTemplate":"https:\/\/koningdrone.be\/?s={search_term_string}"},"query-input":{"@type":"PropertyValueSpecification","valueRequired":true,"valueName":"search_term_string"}}],"inLanguage":"fr-BE"},{"@type":"Organization","@id":"https:\/\/koningdrone.be\/#organization","name":"Kingdrone.co.uk","url":"https:\/\/koningdrone.be\/","logo":{"@type":"ImageObject","inLanguage":"fr-BE","@id":"https:\/\/koningdrone.be\/#\/schema\/logo\/image\/","url":"https:\/\/koningdrone.be\/wp-content\/uploads\/sites\/13\/2025\/04\/koningdrone-copyright-logo.svg","contentUrl":"https:\/\/koningdrone.be\/wp-content\/uploads\/sites\/13\/2025\/04\/koningdrone-copyright-logo.svg","width":227,"height":38,"caption":"Koningdrone.be"},"image":{"@id":"https:\/\/koningdrone.be\/#\/schema\/logo\/image\/"}}]}},"df_price":"","df_sale_price":"","df_regular_price":"","df_image_link":"https:\/\/koningdrone.be\/wp-content\/uploads\/sites\/13\/2025\/04\/6970991290473-1-300x300.webp","_links":{"self":[{"href":"https:\/\/koningdrone.be\/fr\/wp-json\/wp\/v2\/product\/5068","targetHints":{"allow":["GET"]}}],"collection":[{"href":"https:\/\/koningdrone.be\/fr\/wp-json\/wp\/v2\/product"}],"about":[{"href":"https:\/\/koningdrone.be\/fr\/wp-json\/wp\/v2\/types\/product"}],"wp:featuredmedia":[{"embeddable":true,"href":"https:\/\/koningdrone.be\/fr\/wp-json\/wp\/v2\/media\/5064"}],"wp:attachment":[{"href":"https:\/\/koningdrone.be\/fr\/wp-json\/wp\/v2\/media?parent=5068"}],"wp:term":[{"taxonomy":"product_brand","embeddable":true,"href":"https:\/\/koningdrone.be\/fr\/wp-json\/wp\/v2\/product_brand?post=5068"},{"taxonomy":"product_cat","embeddable":true,"href":"https:\/\/koningdrone.be\/fr\/wp-json\/wp\/v2\/product_cat?post=5068"},{"taxonomy":"product_tag","embeddable":true,"href":"https:\/\/koningdrone.be\/fr\/wp-json\/wp\/v2\/product_tag?post=5068"}],"curies":[{"name":"wp","href":"https:\/\/api.w.org\/{rel}","templated":true}]}}