{"id":5047,"date":"2023-03-31T14:23:28","date_gmt":"2023-03-31T12:23:28","guid":{"rendered":"https:\/\/koningdrone.nl\/kon\/product\/ecoflow-delta-2-waterproof-bag\/"},"modified":"2026-04-29T16:40:10","modified_gmt":"2026-04-29T14:40:10","slug":"ecoflow-delta-2-waterproof-bag","status":"publish","type":"product","link":"https:\/\/koningdrone.be\/fr\/produit\/ecoflow-delta-2-waterproof-bag\/","title":{"rendered":"Sac EcoFlow DELTA 2"},"content":{"rendered":"<p><strong>Conception et mat\u00e9riaux<\/strong> <\/p>\n<p>La sacoche de la station de charge EcoFlow DELTA 2 a \u00e9t\u00e9 soigneusement con\u00e7ue pour transporter et ranger la station de charge en toute s\u00e9curit\u00e9. Gr\u00e2ce \u00e0 des poches et des inserts suppl\u00e9mentaires, la sacoche offre des options de rangement pratiques pour les accessoires et les c\u00e2bles. La sacoche est fabriqu\u00e9e dans un mat\u00e9riau durable et antid\u00e9rapant, \u00e0 savoir 600D PU Oxford, qui assure une protection optimale de la station de charge. Gr\u00e2ce \u00e0 l'utilisation de ce mat\u00e9riau, la sacoche offre \u00e9galement une protection contre l'eau et la poussi\u00e8re, avec un indice de protection IP54.<\/p>\n<p><strong>Fonctionnalit\u00e9s suppl\u00e9mentaires<\/strong> <\/p>\n<p>Le sac est dot\u00e9 de caract\u00e9ristiques suppl\u00e9mentaires pratiques, telles qu'une poign\u00e9e robuste et une bandouli\u00e8re r\u00e9glable pour un transport confortable. La fermeture \u00e0 glissi\u00e8re garantit un rangement s\u00fbr et un acc\u00e8s facile \u00e0 la station de charge. En outre, les poches et les inserts suppl\u00e9mentaires permettent de ranger les accessoires et les c\u00e2bles de mani\u00e8re organis\u00e9e et s\u00e9curis\u00e9e. Gr\u00e2ce \u00e0 sa conception fonctionnelle, le sac offre tout ce qui est n\u00e9cessaire pour un transport s\u00fbr et pratique de la station de charge.<\/p>\n<p><strong>Conclusion<\/strong> <\/p>\n<p>Dans l'ensemble, la sacoche de la station de charge EcoFlow DELTA 2 est un accessoire id\u00e9al pour le transport et le stockage de la station de charge. Gr\u00e2ce \u00e0 son mat\u00e9riau durable et protecteur, \u00e0 ses fonctionnalit\u00e9s suppl\u00e9mentaires pratiques et \u00e0 ses options de rangement intelligentes, la sacoche offre une protection et une commodit\u00e9 optimales. C'est un compl\u00e9ment indispensable pour tous ceux qui souhaitent utiliser leur station de charge de mani\u00e8re s\u00fbre et efficace, \u00e0 la maison comme en d\u00e9placement.<\/p>\n<p><\/p>","protected":false},"excerpt":{"rendered":"<p>Ontwerp en materiaal De EcoFlow DELTA 2 laadstationtas is zorgvuldig ontworpen om het laadstation veilig te dragen en op te bergen. Met extra vakken en inzetstukken biedt de tas handige opbergmogelijkheden voor accessoires en kabels. De tas is gemaakt van duurzaam en antislip materiaal, namelijk 600D PU Oxford, wat zorgt voor optimale bescherming van het [&hellip;]<\/p>\n","protected":false},"featured_media":5043,"template":"","meta":{"_acf_changed":false},"product_brand":[],"product_cat":[97,201,245,415],"product_tag":[],"class_list":{"0":"post-5047","1":"product","2":"type-product","3":"status-publish","4":"has-post-thumbnail","6":"product_cat-alle-producten","7":"product_cat-alle-tassen-en-koffers","8":"product_cat-ecoflow","9":"product_cat-energy","10":"product_shipping_class-outofstock","11":"pa_brand-ecoflow","12":"pa_productfamily-tas","13":"pa_producttype-tas","14":"pa_series-ecoflow","16":"first","17":"outofstock","18":"taxable","19":"shipping-taxable","20":"purchasable","21":"product-type-simple"},"acf":[],"yoast_head":"<!-- This site is optimized with the Yoast SEO Premium plugin v27.2 (Yoast SEO v27.2) - https:\/\/yoast.com\/product\/yoast-seo-premium-wordpress\/ -->\n<title>EcoFlow DELTA 2 Bag - koningdrone.be<\/title>\n<meta name=\"robots\" content=\"index, follow, max-snippet:-1, max-image-preview:large, max-video-preview:-1\" \/>\n<link rel=\"canonical\" href=\"https:\/\/koningdrone.be\/fr\/produit\/ecoflow-delta-2-waterproof-bag\/\" \/>\n<meta property=\"og:locale\" content=\"fr_FR\" \/>\n<meta property=\"og:type\" content=\"article\" \/>\n<meta property=\"og:title\" content=\"EcoFlow DELTA 2 Bag\" \/>\n<meta property=\"og:description\" content=\"Ontwerp en materiaal De EcoFlow DELTA 2 laadstationtas is zorgvuldig ontworpen om het laadstation veilig te dragen en op te bergen. Met extra vakken en inzetstukken biedt de tas handige opbergmogelijkheden voor accessoires en kabels. De tas is gemaakt van duurzaam en antislip materiaal, namelijk 600D PU Oxford, wat zorgt voor optimale bescherming van het [&hellip;]\" \/>\n<meta property=\"og:url\" content=\"https:\/\/koningdrone.be\/fr\/produit\/ecoflow-delta-2-waterproof-bag\/\" \/>\n<meta property=\"og:site_name\" content=\"koningdrone.be\" \/>\n<meta property=\"article:modified_time\" content=\"2026-04-29T14:40:10+00:00\" \/>\n<meta property=\"og:image\" content=\"https:\/\/koningdrone.be\/wp-content\/uploads\/sites\/13\/2025\/04\/4895251601931-1.jpg\" \/>\n\t<meta property=\"og:image:width\" content=\"540\" \/>\n\t<meta property=\"og:image:height\" content=\"540\" \/>\n\t<meta property=\"og:image:type\" content=\"image\/jpeg\" \/>\n<meta name=\"twitter:card\" content=\"summary_large_image\" \/>\n<meta name=\"twitter:label1\" content=\"Dur\u00e9e de lecture est.\" \/>\n\t<meta name=\"twitter:data1\" content=\"1 minute\" \/>\n<script type=\"application\/ld+json\" class=\"yoast-schema-graph\">{\"@context\":\"https:\/\/schema.org\",\"@graph\":[{\"@type\":\"WebPage\",\"@id\":\"https:\/\/koningdrone.be\/product\/ecoflow-delta-2-waterproof-bag\/\",\"url\":\"https:\/\/koningdrone.be\/product\/ecoflow-delta-2-waterproof-bag\/\",\"name\":\"EcoFlow DELTA 2 Bag - koningdrone.be\",\"isPartOf\":{\"@id\":\"https:\/\/koningdrone.be\/#website\"},\"primaryImageOfPage\":{\"@id\":\"https:\/\/koningdrone.be\/product\/ecoflow-delta-2-waterproof-bag\/#primaryimage\"},\"image\":{\"@id\":\"https:\/\/koningdrone.be\/product\/ecoflow-delta-2-waterproof-bag\/#primaryimage\"},\"thumbnailUrl\":\"https:\/\/koningdrone.be\/wp-content\/uploads\/sites\/13\/2025\/04\/4895251601931-1.jpg\",\"datePublished\":\"2023-03-31T12:23:28+00:00\",\"dateModified\":\"2026-04-29T14:40:10+00:00\",\"breadcrumb\":{\"@id\":\"https:\/\/koningdrone.be\/product\/ecoflow-delta-2-waterproof-bag\/#breadcrumb\"},\"inLanguage\":\"fr-BE\",\"potentialAction\":[{\"@type\":\"ReadAction\",\"target\":[\"https:\/\/koningdrone.be\/product\/ecoflow-delta-2-waterproof-bag\/\"]}]},{\"@type\":\"ImageObject\",\"inLanguage\":\"fr-BE\",\"@id\":\"https:\/\/koningdrone.be\/product\/ecoflow-delta-2-waterproof-bag\/#primaryimage\",\"url\":\"https:\/\/koningdrone.be\/wp-content\/uploads\/sites\/13\/2025\/04\/4895251601931-1.jpg\",\"contentUrl\":\"https:\/\/koningdrone.be\/wp-content\/uploads\/sites\/13\/2025\/04\/4895251601931-1.jpg\",\"width\":540,\"height\":540},{\"@type\":\"BreadcrumbList\",\"@id\":\"https:\/\/koningdrone.be\/product\/ecoflow-delta-2-waterproof-bag\/#breadcrumb\",\"itemListElement\":[{\"@type\":\"ListItem\",\"position\":1,\"name\":\"Home\",\"item\":\"https:\/\/koningdrone.be\/\"},{\"@type\":\"ListItem\",\"position\":2,\"name\":\"AVSS Parachute Recovery System for DJI Matrice 300\/350\",\"item\":\"https:\/\/koningdrone.be\/product\/avss-parachute-recovery-system-for-dji-matrice-300-350\/\"},{\"@type\":\"ListItem\",\"position\":3,\"name\":\"Alle producten\",\"item\":\"https:\/\/koningdrone.be\/categorie\/alle-producten\/\"},{\"@type\":\"ListItem\",\"position\":4,\"name\":\"EcoFlow DELTA 2 Bag\"}]},{\"@type\":\"WebSite\",\"@id\":\"https:\/\/koningdrone.be\/#website\",\"url\":\"https:\/\/koningdrone.be\/\",\"name\":\"Koningdrone.be - Uw online specialist in drones, gimbals, camera's en power stations.\",\"description\":\"De webshop in drones en gimbals\",\"publisher\":{\"@id\":\"https:\/\/koningdrone.be\/#organization\"},\"potentialAction\":[{\"@type\":\"SearchAction\",\"target\":{\"@type\":\"EntryPoint\",\"urlTemplate\":\"https:\/\/koningdrone.be\/?s={search_term_string}\"},\"query-input\":{\"@type\":\"PropertyValueSpecification\",\"valueRequired\":true,\"valueName\":\"search_term_string\"}}],\"inLanguage\":\"fr-BE\"},{\"@type\":\"Organization\",\"@id\":\"https:\/\/koningdrone.be\/#organization\",\"name\":\"Koningdrone.be\",\"url\":\"https:\/\/koningdrone.be\/\",\"logo\":{\"@type\":\"ImageObject\",\"inLanguage\":\"fr-BE\",\"@id\":\"https:\/\/koningdrone.be\/#\/schema\/logo\/image\/\",\"url\":\"https:\/\/koningdrone.be\/wp-content\/uploads\/sites\/13\/2025\/04\/koningdrone-copyright-logo.svg\",\"contentUrl\":\"https:\/\/koningdrone.be\/wp-content\/uploads\/sites\/13\/2025\/04\/koningdrone-copyright-logo.svg\",\"width\":227,\"height\":38,\"caption\":\"Koningdrone.be\"},\"image\":{\"@id\":\"https:\/\/koningdrone.be\/#\/schema\/logo\/image\/\"}}]}<\/script>\n<!-- \/ Yoast SEO Premium plugin. -->","yoast_head_json":{"title":"EcoFlow DELTA 2 Bag - koningdrone.be","robots":{"index":"index","follow":"follow","max-snippet":"max-snippet:-1","max-image-preview":"max-image-preview:large","max-video-preview":"max-video-preview:-1"},"canonical":"https:\/\/koningdrone.be\/fr\/produit\/ecoflow-delta-2-waterproof-bag\/","og_locale":"fr_FR","og_type":"article","og_title":"EcoFlow DELTA 2 Bag","og_description":"Ontwerp en materiaal De EcoFlow DELTA 2 laadstationtas is zorgvuldig ontworpen om het laadstation veilig te dragen en op te bergen. Met extra vakken en inzetstukken biedt de tas handige opbergmogelijkheden voor accessoires en kabels. De tas is gemaakt van duurzaam en antislip materiaal, namelijk 600D PU Oxford, wat zorgt voor optimale bescherming van het [&hellip;]","og_url":"https:\/\/koningdrone.be\/fr\/produit\/ecoflow-delta-2-waterproof-bag\/","og_site_name":"koningdrone.be","article_modified_time":"2026-04-29T14:40:10+00:00","og_image":[{"width":540,"height":540,"url":"https:\/\/koningdrone.be\/wp-content\/uploads\/sites\/13\/2025\/04\/4895251601931-1.jpg","type":"image\/jpeg"}],"twitter_card":"summary_large_image","twitter_misc":{"Dur\u00e9e de lecture est.":"1 minute"},"schema":{"@context":"https:\/\/schema.org","@graph":[{"@type":"WebPage","@id":"https:\/\/koningdrone.be\/product\/ecoflow-delta-2-waterproof-bag\/","url":"https:\/\/koningdrone.be\/product\/ecoflow-delta-2-waterproof-bag\/","name":"EcoFlow DELTA 2 Bag - koningdrone.be","isPartOf":{"@id":"https:\/\/koningdrone.be\/#website"},"primaryImageOfPage":{"@id":"https:\/\/koningdrone.be\/product\/ecoflow-delta-2-waterproof-bag\/#primaryimage"},"image":{"@id":"https:\/\/koningdrone.be\/product\/ecoflow-delta-2-waterproof-bag\/#primaryimage"},"thumbnailUrl":"https:\/\/koningdrone.be\/wp-content\/uploads\/sites\/13\/2025\/04\/4895251601931-1.jpg","datePublished":"2023-03-31T12:23:28+00:00","dateModified":"2026-04-29T14:40:10+00:00","breadcrumb":{"@id":"https:\/\/koningdrone.be\/product\/ecoflow-delta-2-waterproof-bag\/#breadcrumb"},"inLanguage":"fr-BE","potentialAction":[{"@type":"ReadAction","target":["https:\/\/koningdrone.be\/product\/ecoflow-delta-2-waterproof-bag\/"]}]},{"@type":"ImageObject","inLanguage":"fr-BE","@id":"https:\/\/koningdrone.be\/product\/ecoflow-delta-2-waterproof-bag\/#primaryimage","url":"https:\/\/koningdrone.be\/wp-content\/uploads\/sites\/13\/2025\/04\/4895251601931-1.jpg","contentUrl":"https:\/\/koningdrone.be\/wp-content\/uploads\/sites\/13\/2025\/04\/4895251601931-1.jpg","width":540,"height":540},{"@type":"BreadcrumbList","@id":"https:\/\/koningdrone.be\/product\/ecoflow-delta-2-waterproof-bag\/#breadcrumb","itemListElement":[{"@type":"ListItem","position":1,"name":"Home","item":"https:\/\/koningdrone.be\/"},{"@type":"ListItem","position":2,"name":"AVSS Parachute Recovery System for DJI Matrice 300\/350","item":"https:\/\/koningdrone.be\/product\/avss-parachute-recovery-system-for-dji-matrice-300-350\/"},{"@type":"ListItem","position":3,"name":"Alle producten","item":"https:\/\/koningdrone.be\/categorie\/alle-producten\/"},{"@type":"ListItem","position":4,"name":"EcoFlow DELTA 2 Bag"}]},{"@type":"WebSite","@id":"https:\/\/koningdrone.be\/#website","url":"https:\/\/koningdrone.be\/","name":"Koningdrone.be - Votre sp\u00e9cialiste en ligne en mati\u00e8re de drones, de cardans, de cam\u00e9ras et de centrales \u00e9lectriques.","description":"La boutique en ligne de drones et de cardans","publisher":{"@id":"https:\/\/koningdrone.be\/#organization"},"potentialAction":[{"@type":"SearchAction","target":{"@type":"EntryPoint","urlTemplate":"https:\/\/koningdrone.be\/?s={search_term_string}"},"query-input":{"@type":"PropertyValueSpecification","valueRequired":true,"valueName":"search_term_string"}}],"inLanguage":"fr-BE"},{"@type":"Organization","@id":"https:\/\/koningdrone.be\/#organization","name":"Kingdrone.co.uk","url":"https:\/\/koningdrone.be\/","logo":{"@type":"ImageObject","inLanguage":"fr-BE","@id":"https:\/\/koningdrone.be\/#\/schema\/logo\/image\/","url":"https:\/\/koningdrone.be\/wp-content\/uploads\/sites\/13\/2025\/04\/koningdrone-copyright-logo.svg","contentUrl":"https:\/\/koningdrone.be\/wp-content\/uploads\/sites\/13\/2025\/04\/koningdrone-copyright-logo.svg","width":227,"height":38,"caption":"Koningdrone.be"},"image":{"@id":"https:\/\/koningdrone.be\/#\/schema\/logo\/image\/"}}]}},"df_price":69,"df_sale_price":"","df_regular_price":69,"df_image_link":"https:\/\/koningdrone.be\/wp-content\/uploads\/sites\/13\/2025\/04\/4895251601931-1-300x300.jpg","_links":{"self":[{"href":"https:\/\/koningdrone.be\/fr\/wp-json\/wp\/v2\/product\/5047","targetHints":{"allow":["GET"]}}],"collection":[{"href":"https:\/\/koningdrone.be\/fr\/wp-json\/wp\/v2\/product"}],"about":[{"href":"https:\/\/koningdrone.be\/fr\/wp-json\/wp\/v2\/types\/product"}],"wp:featuredmedia":[{"embeddable":true,"href":"https:\/\/koningdrone.be\/fr\/wp-json\/wp\/v2\/media\/5043"}],"wp:attachment":[{"href":"https:\/\/koningdrone.be\/fr\/wp-json\/wp\/v2\/media?parent=5047"}],"wp:term":[{"taxonomy":"product_brand","embeddable":true,"href":"https:\/\/koningdrone.be\/fr\/wp-json\/wp\/v2\/product_brand?post=5047"},{"taxonomy":"product_cat","embeddable":true,"href":"https:\/\/koningdrone.be\/fr\/wp-json\/wp\/v2\/product_cat?post=5047"},{"taxonomy":"product_tag","embeddable":true,"href":"https:\/\/koningdrone.be\/fr\/wp-json\/wp\/v2\/product_tag?post=5047"}],"curies":[{"name":"wp","href":"https:\/\/api.w.org\/{rel}","templated":true}]}}