{"id":5001,"date":"2023-04-17T13:45:25","date_gmt":"2023-04-17T11:45:25","guid":{"rendered":"https:\/\/koningdrone.nl\/kon\/product\/dji-mavic-3-classic-nd-filters-set-nd8-16-32-64\/"},"modified":"2026-04-29T15:40:59","modified_gmt":"2026-04-29T13:40:59","slug":"dji-mavic-3-classic-nd-filters-set-nd8-16-32-64","status":"publish","type":"product","link":"https:\/\/koningdrone.be\/fr\/produit\/dji-mavic-3-classic-nd-filters-set-nd8-16-32-64\/","title":{"rendered":"DJI Mavic 3 Classic ND Filters Set (ND8\/16\/32\/64)"},"content":{"rendered":"<p><strong>Kit de filtres essentiel pour les amateurs et les professionnels de la photographie<\/strong><\/p>\n<p> Ce kit de filtres est con\u00e7u pour r\u00e9pondre aux besoins des photographes d\u00e9butants ou exp\u00e9riment\u00e9s qui se passionnent pour la photographie \u00e0 longue exposition ou la prise de vue en lumi\u00e8re vive, comme lors d'un timelapse \u00e0 longue exposition. Il vous offre les outils dont vous avez besoin pour cr\u00e9er des images \u00e9tonnantes et fluides, m\u00eame dans des sc\u00e9narios d'\u00e9clairage difficiles.<\/p>\n<p><strong>Pourquoi vous aimerez ce kit :<\/strong><\/p>\n<p> - <br \/><strong>Contr\u00f4le pr\u00e9cis de la vitesse d'obturation :<\/strong>  <br \/>  Pour ceux qui aiment contr\u00f4ler leur photographie, ce kit permet un r\u00e9glage m\u00e9ticuleux de la vitesse d'obturation. Cette fonction est particuli\u00e8rement utile dans les environnements tr\u00e8s \u00e9clair\u00e9s, o\u00f9 le maintien d'une vitesse d'obturation plus lente peut transformer vos prises de vue en leur donnant un aspect lisse et professionnel.<\/p>\n<p><\/p>\n<p> - <br \/><strong>Qualit\u00e9 d'image optimale :<\/strong>  <br \/>  En permettant l'utilisation d'un r\u00e9glage ISO faible pendant que l'obturateur s'ouvre \u00e0 180\u00b0, ce kit garantit que vos s\u00e9quences restent claires et exemptes d'artefacts ind\u00e9sirables, pr\u00e9servant ainsi la beaut\u00e9 naturelle de votre sc\u00e8ne.<\/p>\n<p><\/p>\n<p> - <br \/><strong>Couleurs r\u00e9alistes :<\/strong>  <br \/>  Fabriqu\u00e9s \u00e0 partir de mat\u00e9riaux de r\u00e9duction de la lumi\u00e8re de haute qualit\u00e9, ces filtres sont essentiels pour vous aider \u00e0 capturer le monde tel que vos yeux le voient, en garantissant des couleurs vives et authentiques, pr\u00e9servant magnifiquement les hautes lumi\u00e8res et les ombres.<\/p>\n<p><\/p>\n<p> - <br \/><strong>Con\u00e7u pour \u00eatre durable et facile \u00e0 utiliser :<\/strong>  <br \/>  Les filtres sont dot\u00e9s d'un syst\u00e8me d'encliquetage de pr\u00e9cision qui garantit un ajustement s\u00fbr et une \u00e9tanch\u00e9it\u00e9 efficace de l'objectif pendant les vols, ce qui en fait un excellent choix pour la photographie a\u00e9rienne.<\/p>\n<p><strong>Explication : angle d'ouverture de l'obturateur<\/strong><\/p>\n<p> Le terme \"angle d'ouverture de l'obturateur\" peut sembler compliqu\u00e9, mais il s'agit simplement d'une mani\u00e8re de d\u00e9crire la relation entre la vitesse d'obturation et la fr\u00e9quence d'images dans l'enregistrement vid\u00e9o. Il s'exprime par une formule : Temps d'exposition = angle d'ouverture de l'obturateur \/ (fr\u00e9quence d'images \u00d7 360\u00b0). Par exemple, un enregistrement \u00e0 24 images par seconde (ips) avec un obturateur ouvert \u00e0 180\u00b0 donne un temps d'exposition de 1\/48e de seconde. Cet \u00e9quilibre garantit que votre vid\u00e9o capture les mouvements en douceur, imitant ainsi la mani\u00e8re dont l'\u0153il humain per\u00e7oit les mouvements.<\/p>\n<p><\/p>\n<p> Que vous soyez un d\u00e9butant cherchant \u00e0 explorer le monde de la photographie ou un expert cherchant \u00e0 perfectionner sa technique d'exposition longue, ce kit de filtres offre la qualit\u00e9 et le contr\u00f4le dont vous avez besoin pour faire passer votre travail au niveau sup\u00e9rieur.<\/p>\n<p><\/p>","protected":false},"excerpt":{"rendered":"<ul>\n<li>Con\u00e7u pour la photographie avec de longs temps d'exposition et de fortes conditions d'\u00e9clairage.<\/li>\n<li> Permet un contr\u00f4le pr\u00e9cis de la vitesse d'obturation pour des images fluides.<\/li>\n<li> Permet d'obtenir des images nettes \u00e0 180\u00b0 d'ouverture de l'obturateur avec une faible sensibilit\u00e9 ISO.<\/li>\n<li> Fabriqu\u00e9 \u00e0 partir de mat\u00e9riaux de haute qualit\u00e9 r\u00e9duisant la lumi\u00e8re.<\/li>\n<li> Capture des couleurs r\u00e9alistes et des hautes et basses lumi\u00e8res d\u00e9taill\u00e9es.<\/li>\n<li> Il est dot\u00e9 d'un syst\u00e8me d'encliquetage pr\u00e9cis pour une \u00e9tanch\u00e9it\u00e9 fiable de l'objectif \u00e0 la vol\u00e9e.<\/li>\n<li> L'explication de l'angle d'ouverture de l'obturateur permet de mieux comprendre le temps d'exposition.<\/li>\n<\/ul>","protected":false},"featured_media":4998,"template":"","meta":{"_acf_changed":false},"product_brand":[],"product_cat":[172,97,137,852],"product_tag":[],"class_list":{"0":"post-5001","1":"product","2":"type-product","3":"status-publish","4":"has-post-thumbnail","6":"product_cat-alle-nd-filters","7":"product_cat-alle-producten","8":"product_cat-dji-mavic-3","9":"product_cat-nd-filters","10":"product_shipping_class-outofstock","11":"pa_brand-dji","12":"pa_productfamily-nd-filters","13":"pa_producttype-nd-filters","14":"pa_series-mavic-3","16":"first","17":"outofstock","18":"taxable","19":"shipping-taxable","20":"purchasable","21":"product-type-simple"},"acf":[],"yoast_head":"<!-- This site is optimized with the Yoast SEO Premium plugin v27.2 (Yoast SEO v27.2) - https:\/\/yoast.com\/product\/yoast-seo-premium-wordpress\/ -->\n<title>DJI Mavic 3 Classic ND Filters Set (ND8\/16\/32\/64) - koningdrone.be<\/title>\n<meta name=\"robots\" content=\"index, follow, max-snippet:-1, max-image-preview:large, max-video-preview:-1\" \/>\n<link rel=\"canonical\" href=\"https:\/\/koningdrone.be\/fr\/produit\/dji-mavic-3-classic-nd-filters-set-nd8-16-32-64\/\" \/>\n<meta property=\"og:locale\" content=\"fr_FR\" \/>\n<meta property=\"og:type\" content=\"article\" \/>\n<meta property=\"og:title\" content=\"DJI Mavic 3 Classic ND Filters Set (ND8\/16\/32\/64)\" \/>\n<meta property=\"og:description\" content=\"Ontworpen voor fotografie met lange belichtingstijden en sterke lichtomstandigheden. Biedt nauwkeurige controle over de sluitertijd voor vloeiende beelden. Maakt scherpe beelden mogelijk bij een sluiteropening van 180\u00b0 met een lage ISO. Gemaakt van hoogwaardige lichtreducerende materialen. Legt levensechte kleuren en gedetailleerde highlights\/low-lights vast. Beschikt over een nauwkeurig klikverbindingsontwerp voor een betrouwbare lensafdichting tijdens de vlucht. Uitleg over de openingshoek van de sluiter vergroot het begrip van de belichtingstijd.\" \/>\n<meta property=\"og:url\" content=\"https:\/\/koningdrone.be\/fr\/produit\/dji-mavic-3-classic-nd-filters-set-nd8-16-32-64\/\" \/>\n<meta property=\"og:site_name\" content=\"koningdrone.be\" \/>\n<meta property=\"article:modified_time\" content=\"2026-04-29T13:40:59+00:00\" \/>\n<meta property=\"og:image\" content=\"https:\/\/koningdrone.be\/wp-content\/uploads\/sites\/13\/2025\/04\/d607c07af9e254fed28031025e138aba@large.jpg\" \/>\n\t<meta property=\"og:image:width\" content=\"1200\" \/>\n\t<meta property=\"og:image:height\" content=\"800\" \/>\n\t<meta property=\"og:image:type\" content=\"image\/jpeg\" \/>\n<meta name=\"twitter:card\" content=\"summary_large_image\" \/>\n<meta name=\"twitter:label1\" content=\"Dur\u00e9e de lecture est.\" \/>\n\t<meta name=\"twitter:data1\" content=\"2 minutes\" \/>\n<script type=\"application\/ld+json\" class=\"yoast-schema-graph\">{\"@context\":\"https:\/\/schema.org\",\"@graph\":[{\"@type\":\"WebPage\",\"@id\":\"https:\/\/koningdrone.be\/product\/dji-mavic-3-classic-nd-filters-set-nd8-16-32-64\/\",\"url\":\"https:\/\/koningdrone.be\/product\/dji-mavic-3-classic-nd-filters-set-nd8-16-32-64\/\",\"name\":\"DJI Mavic 3 Classic ND Filters Set (ND8\/16\/32\/64) - koningdrone.be\",\"isPartOf\":{\"@id\":\"https:\/\/koningdrone.be\/#website\"},\"primaryImageOfPage\":{\"@id\":\"https:\/\/koningdrone.be\/product\/dji-mavic-3-classic-nd-filters-set-nd8-16-32-64\/#primaryimage\"},\"image\":{\"@id\":\"https:\/\/koningdrone.be\/product\/dji-mavic-3-classic-nd-filters-set-nd8-16-32-64\/#primaryimage\"},\"thumbnailUrl\":\"https:\/\/koningdrone.be\/wp-content\/uploads\/sites\/13\/2025\/04\/d607c07af9e254fed28031025e138aba@large.jpg\",\"datePublished\":\"2023-04-17T11:45:25+00:00\",\"dateModified\":\"2026-04-29T13:40:59+00:00\",\"breadcrumb\":{\"@id\":\"https:\/\/koningdrone.be\/product\/dji-mavic-3-classic-nd-filters-set-nd8-16-32-64\/#breadcrumb\"},\"inLanguage\":\"fr-BE\",\"potentialAction\":[{\"@type\":\"ReadAction\",\"target\":[\"https:\/\/koningdrone.be\/product\/dji-mavic-3-classic-nd-filters-set-nd8-16-32-64\/\"]}]},{\"@type\":\"ImageObject\",\"inLanguage\":\"fr-BE\",\"@id\":\"https:\/\/koningdrone.be\/product\/dji-mavic-3-classic-nd-filters-set-nd8-16-32-64\/#primaryimage\",\"url\":\"https:\/\/koningdrone.be\/wp-content\/uploads\/sites\/13\/2025\/04\/d607c07af9e254fed28031025e138aba@large.jpg\",\"contentUrl\":\"https:\/\/koningdrone.be\/wp-content\/uploads\/sites\/13\/2025\/04\/d607c07af9e254fed28031025e138aba@large.jpg\",\"width\":1200,\"height\":800},{\"@type\":\"BreadcrumbList\",\"@id\":\"https:\/\/koningdrone.be\/product\/dji-mavic-3-classic-nd-filters-set-nd8-16-32-64\/#breadcrumb\",\"itemListElement\":[{\"@type\":\"ListItem\",\"position\":1,\"name\":\"Home\",\"item\":\"https:\/\/koningdrone.be\/\"},{\"@type\":\"ListItem\",\"position\":2,\"name\":\"AVSS Parachute Recovery System for DJI Matrice 300\/350\",\"item\":\"https:\/\/koningdrone.be\/product\/avss-parachute-recovery-system-for-dji-matrice-300-350\/\"},{\"@type\":\"ListItem\",\"position\":3,\"name\":\"Alle ND Filters\",\"item\":\"https:\/\/koningdrone.be\/categorie\/alle-nd-filters\/\"},{\"@type\":\"ListItem\",\"position\":4,\"name\":\"DJI Mavic 3 Classic ND Filters Set (ND8\/16\/32\/64)\"}]},{\"@type\":\"WebSite\",\"@id\":\"https:\/\/koningdrone.be\/#website\",\"url\":\"https:\/\/koningdrone.be\/\",\"name\":\"Koningdrone.be - Uw online specialist in drones, gimbals, camera's en power stations.\",\"description\":\"De webshop in drones en gimbals\",\"publisher\":{\"@id\":\"https:\/\/koningdrone.be\/#organization\"},\"potentialAction\":[{\"@type\":\"SearchAction\",\"target\":{\"@type\":\"EntryPoint\",\"urlTemplate\":\"https:\/\/koningdrone.be\/?s={search_term_string}\"},\"query-input\":{\"@type\":\"PropertyValueSpecification\",\"valueRequired\":true,\"valueName\":\"search_term_string\"}}],\"inLanguage\":\"fr-BE\"},{\"@type\":\"Organization\",\"@id\":\"https:\/\/koningdrone.be\/#organization\",\"name\":\"Koningdrone.be\",\"url\":\"https:\/\/koningdrone.be\/\",\"logo\":{\"@type\":\"ImageObject\",\"inLanguage\":\"fr-BE\",\"@id\":\"https:\/\/koningdrone.be\/#\/schema\/logo\/image\/\",\"url\":\"https:\/\/koningdrone.be\/wp-content\/uploads\/sites\/13\/2025\/04\/koningdrone-copyright-logo.svg\",\"contentUrl\":\"https:\/\/koningdrone.be\/wp-content\/uploads\/sites\/13\/2025\/04\/koningdrone-copyright-logo.svg\",\"width\":227,\"height\":38,\"caption\":\"Koningdrone.be\"},\"image\":{\"@id\":\"https:\/\/koningdrone.be\/#\/schema\/logo\/image\/\"}}]}<\/script>\n<!-- \/ Yoast SEO Premium plugin. -->","yoast_head_json":{"title":"DJI Mavic 3 Classic ND Filters Set (ND8\/16\/32\/64) - koningdrone.be","robots":{"index":"index","follow":"follow","max-snippet":"max-snippet:-1","max-image-preview":"max-image-preview:large","max-video-preview":"max-video-preview:-1"},"canonical":"https:\/\/koningdrone.be\/fr\/produit\/dji-mavic-3-classic-nd-filters-set-nd8-16-32-64\/","og_locale":"fr_FR","og_type":"article","og_title":"DJI Mavic 3 Classic ND Filters Set (ND8\/16\/32\/64)","og_description":"Ontworpen voor fotografie met lange belichtingstijden en sterke lichtomstandigheden. Biedt nauwkeurige controle over de sluitertijd voor vloeiende beelden. Maakt scherpe beelden mogelijk bij een sluiteropening van 180\u00b0 met een lage ISO. Gemaakt van hoogwaardige lichtreducerende materialen. Legt levensechte kleuren en gedetailleerde highlights\/low-lights vast. Beschikt over een nauwkeurig klikverbindingsontwerp voor een betrouwbare lensafdichting tijdens de vlucht. Uitleg over de openingshoek van de sluiter vergroot het begrip van de belichtingstijd.","og_url":"https:\/\/koningdrone.be\/fr\/produit\/dji-mavic-3-classic-nd-filters-set-nd8-16-32-64\/","og_site_name":"koningdrone.be","article_modified_time":"2026-04-29T13:40:59+00:00","og_image":[{"width":1200,"height":800,"url":"https:\/\/koningdrone.be\/wp-content\/uploads\/sites\/13\/2025\/04\/d607c07af9e254fed28031025e138aba@large.jpg","type":"image\/jpeg"}],"twitter_card":"summary_large_image","twitter_misc":{"Dur\u00e9e de lecture est.":"2 minutes"},"schema":{"@context":"https:\/\/schema.org","@graph":[{"@type":"WebPage","@id":"https:\/\/koningdrone.be\/product\/dji-mavic-3-classic-nd-filters-set-nd8-16-32-64\/","url":"https:\/\/koningdrone.be\/product\/dji-mavic-3-classic-nd-filters-set-nd8-16-32-64\/","name":"DJI Mavic 3 Classic ND Filters Set (ND8\/16\/32\/64) - koningdrone.be","isPartOf":{"@id":"https:\/\/koningdrone.be\/#website"},"primaryImageOfPage":{"@id":"https:\/\/koningdrone.be\/product\/dji-mavic-3-classic-nd-filters-set-nd8-16-32-64\/#primaryimage"},"image":{"@id":"https:\/\/koningdrone.be\/product\/dji-mavic-3-classic-nd-filters-set-nd8-16-32-64\/#primaryimage"},"thumbnailUrl":"https:\/\/koningdrone.be\/wp-content\/uploads\/sites\/13\/2025\/04\/d607c07af9e254fed28031025e138aba@large.jpg","datePublished":"2023-04-17T11:45:25+00:00","dateModified":"2026-04-29T13:40:59+00:00","breadcrumb":{"@id":"https:\/\/koningdrone.be\/product\/dji-mavic-3-classic-nd-filters-set-nd8-16-32-64\/#breadcrumb"},"inLanguage":"fr-BE","potentialAction":[{"@type":"ReadAction","target":["https:\/\/koningdrone.be\/product\/dji-mavic-3-classic-nd-filters-set-nd8-16-32-64\/"]}]},{"@type":"ImageObject","inLanguage":"fr-BE","@id":"https:\/\/koningdrone.be\/product\/dji-mavic-3-classic-nd-filters-set-nd8-16-32-64\/#primaryimage","url":"https:\/\/koningdrone.be\/wp-content\/uploads\/sites\/13\/2025\/04\/d607c07af9e254fed28031025e138aba@large.jpg","contentUrl":"https:\/\/koningdrone.be\/wp-content\/uploads\/sites\/13\/2025\/04\/d607c07af9e254fed28031025e138aba@large.jpg","width":1200,"height":800},{"@type":"BreadcrumbList","@id":"https:\/\/koningdrone.be\/product\/dji-mavic-3-classic-nd-filters-set-nd8-16-32-64\/#breadcrumb","itemListElement":[{"@type":"ListItem","position":1,"name":"Home","item":"https:\/\/koningdrone.be\/"},{"@type":"ListItem","position":2,"name":"AVSS Parachute Recovery System for DJI Matrice 300\/350","item":"https:\/\/koningdrone.be\/product\/avss-parachute-recovery-system-for-dji-matrice-300-350\/"},{"@type":"ListItem","position":3,"name":"Alle ND Filters","item":"https:\/\/koningdrone.be\/categorie\/alle-nd-filters\/"},{"@type":"ListItem","position":4,"name":"DJI Mavic 3 Classic ND Filters Set (ND8\/16\/32\/64)"}]},{"@type":"WebSite","@id":"https:\/\/koningdrone.be\/#website","url":"https:\/\/koningdrone.be\/","name":"Koningdrone.be - Votre sp\u00e9cialiste en ligne en mati\u00e8re de drones, de cardans, de cam\u00e9ras et de centrales \u00e9lectriques.","description":"La boutique en ligne de drones et de cardans","publisher":{"@id":"https:\/\/koningdrone.be\/#organization"},"potentialAction":[{"@type":"SearchAction","target":{"@type":"EntryPoint","urlTemplate":"https:\/\/koningdrone.be\/?s={search_term_string}"},"query-input":{"@type":"PropertyValueSpecification","valueRequired":true,"valueName":"search_term_string"}}],"inLanguage":"fr-BE"},{"@type":"Organization","@id":"https:\/\/koningdrone.be\/#organization","name":"Kingdrone.co.uk","url":"https:\/\/koningdrone.be\/","logo":{"@type":"ImageObject","inLanguage":"fr-BE","@id":"https:\/\/koningdrone.be\/#\/schema\/logo\/image\/","url":"https:\/\/koningdrone.be\/wp-content\/uploads\/sites\/13\/2025\/04\/koningdrone-copyright-logo.svg","contentUrl":"https:\/\/koningdrone.be\/wp-content\/uploads\/sites\/13\/2025\/04\/koningdrone-copyright-logo.svg","width":227,"height":38,"caption":"Koningdrone.be"},"image":{"@id":"https:\/\/koningdrone.be\/#\/schema\/logo\/image\/"}}]}},"df_price":119,"df_sale_price":"","df_regular_price":119,"df_image_link":"https:\/\/koningdrone.be\/wp-content\/uploads\/sites\/13\/2025\/04\/d607c07af9e254fed28031025e138aba@large-300x200.jpg","_links":{"self":[{"href":"https:\/\/koningdrone.be\/fr\/wp-json\/wp\/v2\/product\/5001","targetHints":{"allow":["GET"]}}],"collection":[{"href":"https:\/\/koningdrone.be\/fr\/wp-json\/wp\/v2\/product"}],"about":[{"href":"https:\/\/koningdrone.be\/fr\/wp-json\/wp\/v2\/types\/product"}],"wp:featuredmedia":[{"embeddable":true,"href":"https:\/\/koningdrone.be\/fr\/wp-json\/wp\/v2\/media\/4998"}],"wp:attachment":[{"href":"https:\/\/koningdrone.be\/fr\/wp-json\/wp\/v2\/media?parent=5001"}],"wp:term":[{"taxonomy":"product_brand","embeddable":true,"href":"https:\/\/koningdrone.be\/fr\/wp-json\/wp\/v2\/product_brand?post=5001"},{"taxonomy":"product_cat","embeddable":true,"href":"https:\/\/koningdrone.be\/fr\/wp-json\/wp\/v2\/product_cat?post=5001"},{"taxonomy":"product_tag","embeddable":true,"href":"https:\/\/koningdrone.be\/fr\/wp-json\/wp\/v2\/product_tag?post=5001"}],"curies":[{"name":"wp","href":"https:\/\/api.w.org\/{rel}","templated":true}]}}