{"id":4997,"date":"2023-04-17T13:45:25","date_gmt":"2023-04-17T11:45:25","guid":{"rendered":"https:\/\/koningdrone.nl\/kon\/product\/dji-mavic-3-classic-incl-dji-rc-n1-controller\/"},"modified":"2026-04-29T13:40:03","modified_gmt":"2026-04-29T11:40:03","slug":"dji-mavic-3-classic-incl-dji-rc-n1-controller","status":"publish","type":"product","link":"https:\/\/koningdrone.be\/fr\/produit\/dji-mavic-3-classic-incl-dji-rc-n1-controller\/","title":{"rendered":"DJI Mavic 3 Classic - avec contr\u00f4leur DJI RC-N1"},"content":{"rendered":"<p><strong>DJI Mavic 3 Classic - avec contr\u00f4leur DJI RC-N1<\/strong><br \/>\nLe DJI Mavic 3 Classic est un drone professionnel qui excelle dans la prise de vue a\u00e9rienne et la photographie. Cette version de base est \u00e9quip\u00e9e d'un appareil photo Hasselblad grand angle de 20 MP avec un capteur CMOS 4\/3\u2033, soutenu par un stabilisateur \u00e0 3 axes. L'appareil photo offre un zoom num\u00e9rique et enregistre des vid\u00e9os jusqu'\u00e0 une r\u00e9solution de 5,1K et DCI 4K \u00e0 120 fps. La plage dynamique de 12,8 et l'ouverture r\u00e9glable de f\/2,8 \u00e0 f\/11 garantissent d'excellentes performances dans diverses conditions d'\u00e9clairage.<br \/>\nLe drone est \u00e9quip\u00e9 d'un capteur visuel bas\u00e9 sur la technologie OSh avec un champ de vision de 84\u00b0 pour la capture d'images \u00e0 grande \u00e9chelle ou le suivi de sujets. Des fonctions avanc\u00e9es telles que la programmation de la trajectoire de vol, le suivi automatique et les man\u0153uvres a\u00e9riennes complexes sont possibles gr\u00e2ce au syst\u00e8me de d\u00e9tection d'obstacles bas\u00e9 sur l'edo et \u00e0 l'APAS 5.0 pour un vol sans collision. Avec une dur\u00e9e de vol maximale de 46 minutes et une port\u00e9e de 15 kilom\u00e8tres, le Mavic 3 Classic est id\u00e9al pour les amateurs et les professionnels.<\/p>","protected":false},"excerpt":{"rendered":"<ul>\n<li>Appareil photo Hasselblad 4\/3 CMOS<\/li>\n<li>Images professionnelles 5.1K\/50fps<\/li>\n<li>Solution Hasselblad pour les couleurs naturelles<\/li>\n<li>Dur\u00e9e de vol maximale de 46 minutes<\/li>\n<li>D\u00e9tection des obstacles omnidirectionnels<\/li>\n<li>Transmission vid\u00e9o HD sur 15 km<\/li>\n<li>RTH avanc\u00e9e<\/li>\n<li>Mode nuit pour l'enregistrement vid\u00e9o<\/li>\n<li>DJI RC (\u00e9cran HD de 5,5 pouces)<\/li>\n<\/ul>","protected":false},"featured_media":4994,"template":"","meta":{"_acf_changed":false},"product_brand":[],"product_cat":[97,136,137,99],"product_tag":[],"class_list":{"0":"post-4997","1":"product","2":"type-product","3":"status-publish","4":"has-post-thumbnail","6":"product_cat-alle-producten","7":"product_cat-consumer-drones","8":"product_cat-dji-mavic-3","9":"product_cat-drones-met-certificaat","10":"product_shipping_class-outofstock","11":"pa_brand-dji","12":"pa_dronegrade-consumer","13":"pa_productfamily-drone","14":"pa_producttype-drone","15":"pa_series-mavic-3","17":"first","18":"outofstock","19":"taxable","20":"shipping-taxable","21":"product-type-simple"},"acf":[],"yoast_head":"<!-- This site is optimized with the Yoast SEO Premium plugin v27.2 (Yoast SEO v27.2) - https:\/\/yoast.com\/product\/yoast-seo-premium-wordpress\/ -->\n<title>DJI Mavic 3 Classic - incl. DJI RC-N1 Controller - koningdrone.be<\/title>\n<meta name=\"robots\" content=\"index, follow, max-snippet:-1, max-image-preview:large, max-video-preview:-1\" \/>\n<link rel=\"canonical\" href=\"https:\/\/koningdrone.be\/fr\/produit\/dji-mavic-3-classic-incl-dji-rc-n1-controller\/\" \/>\n<meta property=\"og:locale\" content=\"fr_FR\" \/>\n<meta property=\"og:type\" content=\"article\" \/>\n<meta property=\"og:title\" content=\"DJI Mavic 3 Classic - incl. DJI RC-N1 Controller\" \/>\n<meta property=\"og:description\" content=\"Camera Hasselblad 4\/3 CMOSProfessionele 5.1K\/50fps beeldenHasselblad natuurlijke kleuroplossingMaximale vliegtijd van 46 minutenOmnidirectionele obstakeldetectie15 km HD-videotransmissiegeavanceerde RTHNachtmodus voor video-opnameDJI RC (5,5 inch HD-scherm)\" \/>\n<meta property=\"og:url\" content=\"https:\/\/koningdrone.be\/fr\/produit\/dji-mavic-3-classic-incl-dji-rc-n1-controller\/\" \/>\n<meta property=\"og:site_name\" content=\"koningdrone.be\" \/>\n<meta property=\"article:modified_time\" content=\"2026-04-29T11:40:03+00:00\" \/>\n<meta property=\"og:image\" content=\"https:\/\/koningdrone.be\/wp-content\/uploads\/sites\/13\/2025\/04\/6941565948427-1.jpg\" \/>\n\t<meta property=\"og:image:width\" content=\"500\" \/>\n\t<meta property=\"og:image:height\" content=\"500\" \/>\n\t<meta property=\"og:image:type\" content=\"image\/jpeg\" \/>\n<meta name=\"twitter:card\" content=\"summary_large_image\" \/>\n<meta name=\"twitter:label1\" content=\"Dur\u00e9e de lecture est.\" \/>\n\t<meta name=\"twitter:data1\" content=\"1 minute\" \/>\n<script type=\"application\/ld+json\" class=\"yoast-schema-graph\">{\"@context\":\"https:\/\/schema.org\",\"@graph\":[{\"@type\":\"WebPage\",\"@id\":\"https:\/\/koningdrone.be\/product\/dji-mavic-3-classic-incl-dji-rc-n1-controller\/\",\"url\":\"https:\/\/koningdrone.be\/product\/dji-mavic-3-classic-incl-dji-rc-n1-controller\/\",\"name\":\"DJI Mavic 3 Classic - incl. DJI RC-N1 Controller - koningdrone.be\",\"isPartOf\":{\"@id\":\"https:\/\/koningdrone.be\/#website\"},\"primaryImageOfPage\":{\"@id\":\"https:\/\/koningdrone.be\/product\/dji-mavic-3-classic-incl-dji-rc-n1-controller\/#primaryimage\"},\"image\":{\"@id\":\"https:\/\/koningdrone.be\/product\/dji-mavic-3-classic-incl-dji-rc-n1-controller\/#primaryimage\"},\"thumbnailUrl\":\"https:\/\/koningdrone.be\/wp-content\/uploads\/sites\/13\/2025\/04\/6941565948427-1.jpg\",\"datePublished\":\"2023-04-17T11:45:25+00:00\",\"dateModified\":\"2026-04-29T11:40:03+00:00\",\"breadcrumb\":{\"@id\":\"https:\/\/koningdrone.be\/product\/dji-mavic-3-classic-incl-dji-rc-n1-controller\/#breadcrumb\"},\"inLanguage\":\"fr-BE\",\"potentialAction\":[{\"@type\":\"ReadAction\",\"target\":[\"https:\/\/koningdrone.be\/product\/dji-mavic-3-classic-incl-dji-rc-n1-controller\/\"]}]},{\"@type\":\"ImageObject\",\"inLanguage\":\"fr-BE\",\"@id\":\"https:\/\/koningdrone.be\/product\/dji-mavic-3-classic-incl-dji-rc-n1-controller\/#primaryimage\",\"url\":\"https:\/\/koningdrone.be\/wp-content\/uploads\/sites\/13\/2025\/04\/6941565948427-1.jpg\",\"contentUrl\":\"https:\/\/koningdrone.be\/wp-content\/uploads\/sites\/13\/2025\/04\/6941565948427-1.jpg\",\"width\":500,\"height\":500},{\"@type\":\"BreadcrumbList\",\"@id\":\"https:\/\/koningdrone.be\/product\/dji-mavic-3-classic-incl-dji-rc-n1-controller\/#breadcrumb\",\"itemListElement\":[{\"@type\":\"ListItem\",\"position\":1,\"name\":\"Home\",\"item\":\"https:\/\/koningdrone.be\/\"},{\"@type\":\"ListItem\",\"position\":2,\"name\":\"AVSS Parachute Recovery System for DJI Matrice 300\/350\",\"item\":\"https:\/\/koningdrone.be\/product\/avss-parachute-recovery-system-for-dji-matrice-300-350\/\"},{\"@type\":\"ListItem\",\"position\":3,\"name\":\"Alle producten\",\"item\":\"https:\/\/koningdrone.be\/categorie\/alle-producten\/\"},{\"@type\":\"ListItem\",\"position\":4,\"name\":\"DJI Mavic 3 Classic &#8211; incl. DJI RC-N1 Controller\"}]},{\"@type\":\"WebSite\",\"@id\":\"https:\/\/koningdrone.be\/#website\",\"url\":\"https:\/\/koningdrone.be\/\",\"name\":\"Koningdrone.be - Uw online specialist in drones, gimbals, camera's en power stations.\",\"description\":\"De webshop in drones en gimbals\",\"publisher\":{\"@id\":\"https:\/\/koningdrone.be\/#organization\"},\"potentialAction\":[{\"@type\":\"SearchAction\",\"target\":{\"@type\":\"EntryPoint\",\"urlTemplate\":\"https:\/\/koningdrone.be\/?s={search_term_string}\"},\"query-input\":{\"@type\":\"PropertyValueSpecification\",\"valueRequired\":true,\"valueName\":\"search_term_string\"}}],\"inLanguage\":\"fr-BE\"},{\"@type\":\"Organization\",\"@id\":\"https:\/\/koningdrone.be\/#organization\",\"name\":\"Koningdrone.be\",\"url\":\"https:\/\/koningdrone.be\/\",\"logo\":{\"@type\":\"ImageObject\",\"inLanguage\":\"fr-BE\",\"@id\":\"https:\/\/koningdrone.be\/#\/schema\/logo\/image\/\",\"url\":\"https:\/\/koningdrone.be\/wp-content\/uploads\/sites\/13\/2025\/04\/koningdrone-copyright-logo.svg\",\"contentUrl\":\"https:\/\/koningdrone.be\/wp-content\/uploads\/sites\/13\/2025\/04\/koningdrone-copyright-logo.svg\",\"width\":227,\"height\":38,\"caption\":\"Koningdrone.be\"},\"image\":{\"@id\":\"https:\/\/koningdrone.be\/#\/schema\/logo\/image\/\"}}]}<\/script>\n<!-- \/ Yoast SEO Premium plugin. -->","yoast_head_json":{"title":"DJI Mavic 3 Classic - incl. DJI RC-N1 Controller - koningdrone.be","robots":{"index":"index","follow":"follow","max-snippet":"max-snippet:-1","max-image-preview":"max-image-preview:large","max-video-preview":"max-video-preview:-1"},"canonical":"https:\/\/koningdrone.be\/fr\/produit\/dji-mavic-3-classic-incl-dji-rc-n1-controller\/","og_locale":"fr_FR","og_type":"article","og_title":"DJI Mavic 3 Classic - incl. DJI RC-N1 Controller","og_description":"Camera Hasselblad 4\/3 CMOSProfessionele 5.1K\/50fps beeldenHasselblad natuurlijke kleuroplossingMaximale vliegtijd van 46 minutenOmnidirectionele obstakeldetectie15 km HD-videotransmissiegeavanceerde RTHNachtmodus voor video-opnameDJI RC (5,5 inch HD-scherm)","og_url":"https:\/\/koningdrone.be\/fr\/produit\/dji-mavic-3-classic-incl-dji-rc-n1-controller\/","og_site_name":"koningdrone.be","article_modified_time":"2026-04-29T11:40:03+00:00","og_image":[{"width":500,"height":500,"url":"https:\/\/koningdrone.be\/wp-content\/uploads\/sites\/13\/2025\/04\/6941565948427-1.jpg","type":"image\/jpeg"}],"twitter_card":"summary_large_image","twitter_misc":{"Dur\u00e9e de lecture est.":"1 minute"},"schema":{"@context":"https:\/\/schema.org","@graph":[{"@type":"WebPage","@id":"https:\/\/koningdrone.be\/product\/dji-mavic-3-classic-incl-dji-rc-n1-controller\/","url":"https:\/\/koningdrone.be\/product\/dji-mavic-3-classic-incl-dji-rc-n1-controller\/","name":"DJI Mavic 3 Classic - incl. DJI RC-N1 Controller - koningdrone.be","isPartOf":{"@id":"https:\/\/koningdrone.be\/#website"},"primaryImageOfPage":{"@id":"https:\/\/koningdrone.be\/product\/dji-mavic-3-classic-incl-dji-rc-n1-controller\/#primaryimage"},"image":{"@id":"https:\/\/koningdrone.be\/product\/dji-mavic-3-classic-incl-dji-rc-n1-controller\/#primaryimage"},"thumbnailUrl":"https:\/\/koningdrone.be\/wp-content\/uploads\/sites\/13\/2025\/04\/6941565948427-1.jpg","datePublished":"2023-04-17T11:45:25+00:00","dateModified":"2026-04-29T11:40:03+00:00","breadcrumb":{"@id":"https:\/\/koningdrone.be\/product\/dji-mavic-3-classic-incl-dji-rc-n1-controller\/#breadcrumb"},"inLanguage":"fr-BE","potentialAction":[{"@type":"ReadAction","target":["https:\/\/koningdrone.be\/product\/dji-mavic-3-classic-incl-dji-rc-n1-controller\/"]}]},{"@type":"ImageObject","inLanguage":"fr-BE","@id":"https:\/\/koningdrone.be\/product\/dji-mavic-3-classic-incl-dji-rc-n1-controller\/#primaryimage","url":"https:\/\/koningdrone.be\/wp-content\/uploads\/sites\/13\/2025\/04\/6941565948427-1.jpg","contentUrl":"https:\/\/koningdrone.be\/wp-content\/uploads\/sites\/13\/2025\/04\/6941565948427-1.jpg","width":500,"height":500},{"@type":"BreadcrumbList","@id":"https:\/\/koningdrone.be\/product\/dji-mavic-3-classic-incl-dji-rc-n1-controller\/#breadcrumb","itemListElement":[{"@type":"ListItem","position":1,"name":"Home","item":"https:\/\/koningdrone.be\/"},{"@type":"ListItem","position":2,"name":"AVSS Parachute Recovery System for DJI Matrice 300\/350","item":"https:\/\/koningdrone.be\/product\/avss-parachute-recovery-system-for-dji-matrice-300-350\/"},{"@type":"ListItem","position":3,"name":"Alle producten","item":"https:\/\/koningdrone.be\/categorie\/alle-producten\/"},{"@type":"ListItem","position":4,"name":"DJI Mavic 3 Classic &#8211; incl. DJI RC-N1 Controller"}]},{"@type":"WebSite","@id":"https:\/\/koningdrone.be\/#website","url":"https:\/\/koningdrone.be\/","name":"Koningdrone.be - Votre sp\u00e9cialiste en ligne en mati\u00e8re de drones, de cardans, de cam\u00e9ras et de centrales \u00e9lectriques.","description":"La boutique en ligne de drones et de cardans","publisher":{"@id":"https:\/\/koningdrone.be\/#organization"},"potentialAction":[{"@type":"SearchAction","target":{"@type":"EntryPoint","urlTemplate":"https:\/\/koningdrone.be\/?s={search_term_string}"},"query-input":{"@type":"PropertyValueSpecification","valueRequired":true,"valueName":"search_term_string"}}],"inLanguage":"fr-BE"},{"@type":"Organization","@id":"https:\/\/koningdrone.be\/#organization","name":"Kingdrone.co.uk","url":"https:\/\/koningdrone.be\/","logo":{"@type":"ImageObject","inLanguage":"fr-BE","@id":"https:\/\/koningdrone.be\/#\/schema\/logo\/image\/","url":"https:\/\/koningdrone.be\/wp-content\/uploads\/sites\/13\/2025\/04\/koningdrone-copyright-logo.svg","contentUrl":"https:\/\/koningdrone.be\/wp-content\/uploads\/sites\/13\/2025\/04\/koningdrone-copyright-logo.svg","width":227,"height":38,"caption":"Koningdrone.be"},"image":{"@id":"https:\/\/koningdrone.be\/#\/schema\/logo\/image\/"}}]}},"df_price":"","df_sale_price":"","df_regular_price":"","df_image_link":"https:\/\/koningdrone.be\/wp-content\/uploads\/sites\/13\/2025\/04\/6941565948427-1-300x300.jpg","_links":{"self":[{"href":"https:\/\/koningdrone.be\/fr\/wp-json\/wp\/v2\/product\/4997","targetHints":{"allow":["GET"]}}],"collection":[{"href":"https:\/\/koningdrone.be\/fr\/wp-json\/wp\/v2\/product"}],"about":[{"href":"https:\/\/koningdrone.be\/fr\/wp-json\/wp\/v2\/types\/product"}],"wp:featuredmedia":[{"embeddable":true,"href":"https:\/\/koningdrone.be\/fr\/wp-json\/wp\/v2\/media\/4994"}],"wp:attachment":[{"href":"https:\/\/koningdrone.be\/fr\/wp-json\/wp\/v2\/media?parent=4997"}],"wp:term":[{"taxonomy":"product_brand","embeddable":true,"href":"https:\/\/koningdrone.be\/fr\/wp-json\/wp\/v2\/product_brand?post=4997"},{"taxonomy":"product_cat","embeddable":true,"href":"https:\/\/koningdrone.be\/fr\/wp-json\/wp\/v2\/product_cat?post=4997"},{"taxonomy":"product_tag","embeddable":true,"href":"https:\/\/koningdrone.be\/fr\/wp-json\/wp\/v2\/product_tag?post=4997"}],"curies":[{"name":"wp","href":"https:\/\/api.w.org\/{rel}","templated":true}]}}