{"id":4986,"date":"2023-04-17T13:45:25","date_gmt":"2023-04-17T11:45:25","guid":{"rendered":"https:\/\/koningdrone.nl\/kon\/product\/dji-fpv-goggles-2-dji-avata\/"},"modified":"2026-04-29T13:40:10","modified_gmt":"2026-04-29T11:40:10","slug":"dji-fpv-goggles-2-dji-avata","status":"publish","type":"product","link":"https:\/\/koningdrone.be\/fr\/produit\/dji-fpv-goggles-2-dji-avata\/","title":{"rendered":"DJI FPV Goggles 2 - DJI Avata"},"content":{"rendered":"<h1>DJI FPV Goggles 2 &#8211; DJI Avata<\/h1>\n<p>Ervaar de sensatie van vliegen met DJI Goggles 2. FHD Micro-OLED-schermen laten je helemaal opgaan in de lucht. Reageer in realtime terwijl je door de lucht navigeert met een framesnelheid van 100 Hz. [1] DJI O3+-videotransmissie met ultralage latentie zorgt voor een heldere en betrouwbare livefeed terwijl je je omgeving verkent. [2] DJI Goggles 2 is gemakkelijk overal mee naartoe te nemen, comfortabel om te dragen en intu\u00eftief te bedienen met de DJI motion controller. [3] Dompel jezelf onder in de atmosfeer en breid de mogelijkheden van je luchtfotografie uit. Met DJI Goggles 2 wordt de droom van vliegen werkelijkheid.<\/p>\n<p><strong> Een ervaring voor de zintuigen <\/strong><\/p>\n<p> \u2022 Displaytechnologie: Micro-OLED<br \/> \u2022 Schermresolutie: 1080p<br \/> \u2022 helderheid: 700 nits<br \/> \u2022 framesnelheid: 100 Hz<br \/> \u2022 Transmissiecodec: H.264 en H.265<\/p>\n<p>DJI Goggles 2 levert een onge\u00ebvenaarde visuele ervaring, scherpe en stabiele videoweergave en verbluffende levensechte kleuren. Een speciale videochip optimaliseert de kwaliteit en resolutie van video&#8217;s, en een 10-bits kleurendisplay onthult rijke details in hoge lichten en schaduwen.<\/p>\n<p>Het nieuwe ontwerp maakt de DJI Goggles 2 kleiner en lichter. Het nieuwe optische systeem, dat bestaat uit verschillende asferische glaselementen, levert in elke omgeving een kristalhelder beeld. Pas de dioptrie\u00ebn aan van +2.0 tot -8.0 om altijd scherp te zien en gemakkelijk zonder bril rond te komen. [7] [5] Door de dioptrie-instelling te vergrendelen, kunt u de dioptrie fixeren en onbedoelde aanpassing tijdens gebruik of opslag effectief voorkomen.<\/p>\n<p><strong>Met de T\u00dcV Rheinland-certificering voor weinig blauw licht<\/strong><br \/>DJI Goggles 2 biedt verbeterde weergavekwaliteit en beschermt tegelijkertijd je ogen tijdens elke adembenemende vlucht.<\/p>\n<p><strong> Ultralage latentie||Stabiele en betrouwbare videotransmissie <\/strong><br \/>Wanneer u in de vrije natuur vliegt, is een stabiele videotransmissie essentieel. Met een latentie van slechts 30 ms biedt de DJI Goggles 2 een adembenemende vlucht in realtime. [8] De bril schakelt automatisch tussen de frequentiebanden 2,4 en 5,8 GHz om een stabiel signaal te behouden voor een soepele kijkervaring met minimale interferentie. [9]<br \/> \u2022 Laagste vertraging bij videotransmissie: 30 ms<br \/> \u2022 Automatische frequentieselectie: 2,4-5,8 GHz<\/p>\n<p>De nieuwe Sync Smooth-technologie zorgt voor een soepele, vloeiende video-overdracht voor snelle luchtopnamen. [10] Het bekijken van beeldmateriaal met de DJI Goggles 2 is ook prettig voor de ogen en vermindert effectief visuele vermoeidheid en duizeligheid. [5]<\/p>\n<p>De algoritmen voor videotransmissie van DJI Goggles 2 zijn geoptimaliseerd om verloren frames te elimineren en verbeterde beeldopname en weergave te bieden.<\/p>\n<p><strong>Meer mogelijkheden<\/strong><br \/>Slecht weer? Geen probleem. De DJI Goggles 2 verandert in een thuisbioscoop. Draadloos streamen via Wi-Fi ondersteunt populaire audio- en videosoftware met behulp van het DLNA-protocol, waardoor video&#8217;s rechtstreeks op de bril kunnen worden afgespeeld. Een ingebouwde versterker en 3,5 mm audiopoort zorgen voor gesynchroniseerde audio-uitvoer voor een meeslepende bioscoopervaring.<\/p>\n<p><strong>Meer dan vliegen||DJI Fly-app<\/strong><br \/>Verbind DJI Goggles 2 met een smartphone om je video&#8217;s te delen. Dit kan ook worden gebruikt om uw ervaring door te geven aan andere piloten door middel van vliegopleidingen.<\/p>\n<p>1. De framesnelheid van de displays verandert met de framesnelheid van de videotransmissie. Het kan schakelen tussen 100 Hz en 60 Hz om zich aan te passen aan de huidige framesnelheid van de videotransmissie.<\/p>\n<p>2. De DJI Goggles 2 ondersteunt DJI O3+ transmissie met de DJI Avata en DJI O3 air unit.<\/p>\n<p>3. Compatibel met DJI FPV Remote Control 2 en DJI motion controller.<\/p>\n<p>4. Gemeten bij een omgevingstemperatuur van 25\u00b0C, een helderheid van het scherm van 6, een videotransmissiemodus van 1080p\/100fps en een volledig opgeladen batterij van de bril zonder voeding naar externe apparaten zoals smartphones.<\/p>\n<p>5. De draag- en kijkervaring kan vari\u00ebren.<\/p>\n<p>6. Extra schuimvulling DJI Goggles 2 wordt ook apart verkocht.<\/p>\n<p>7. De DJI Goggles 2 ondersteunt geen aanpassing voor astigmatisme. Raadpleeg voor gebruik een arts als u speciale wensen heeft.<\/p>\n<p>8. Gemeten bij 1080p\/100fps videotransmissie, buiten getest in een open, storingsvrije omgeving.<\/p>\n<p>9. De 5,8 GHz-frequentieband is in bepaalde landen\/regio&#8217;s verboden. Informeer u altijd over lokale voorschriften en wetten.<\/p>\n<p>10. Het algoritme voor beeldsynchronisatie van de DJI Goggles 2 is geoptimaliseerd ten opzichte van eerdere modellen.<\/p>\n","protected":false},"excerpt":{"rendered":"<ul>\n<li>Gewicht: Ca. 290 gr<\/li>\n<li>Antenne-ontwerp: opvouwbaar<\/li>\n<li>Levensduur batterij: twee uur [4]<\/li>\n<li>Met een batterij die lang meegaat, kun je snel opladen en hoog vliegen.<\/li>\n<li>Een ultralicht en ademend ontwerp maakt de DJI Goggles 2 comfortabel om te dragen, voor lange en ontspannen vluchten. [5]<\/li>\n<li>De zachte, vervangbare schuimvulling past zich ergonomisch aan het gezicht aan om de lichtinval te minimaliseren. [6]<\/li>\n<\/ul>\n","protected":false},"featured_media":4981,"template":"","meta":{"_acf_changed":false},"product_brand":[],"product_cat":[731,97,261,733],"product_tag":[],"class_list":{"0":"post-4986","1":"product","2":"type-product","3":"status-publish","4":"has-post-thumbnail","6":"product_cat-alle-goggles","7":"product_cat-alle-producten","8":"product_cat-dji-avata","9":"product_cat-dji-goggles","10":"product_shipping_class-outofstock","11":"pa_brand-dji","12":"pa_productfamily-goggles","13":"pa_producttype-goggles","14":"pa_series-avata","16":"first","17":"outofstock","18":"taxable","19":"shipping-taxable","20":"product-type-simple"},"acf":[],"yoast_head":"<!-- This site is optimized with the Yoast SEO Premium plugin v27.2 (Yoast SEO v27.2) - https:\/\/yoast.com\/product\/yoast-seo-premium-wordpress\/ -->\n<title>DJI FPV Goggles 2 - DJI Avata - koningdrone.be<\/title>\n<meta name=\"robots\" content=\"index, follow, max-snippet:-1, max-image-preview:large, max-video-preview:-1\" \/>\n<link rel=\"canonical\" href=\"https:\/\/koningdrone.be\/fr\/produit\/dji-fpv-goggles-2-dji-avata\/\" \/>\n<meta property=\"og:locale\" content=\"fr_FR\" \/>\n<meta property=\"og:type\" content=\"article\" \/>\n<meta property=\"og:title\" content=\"DJI FPV Goggles 2 - DJI Avata\" \/>\n<meta property=\"og:description\" content=\"Gewicht: Ca. 290 grAntenne-ontwerp: opvouwbaarLevensduur batterij: twee uur [4]Met een batterij die lang meegaat, kun je snel opladen en hoog vliegen.Een ultralicht en ademend ontwerp maakt de DJI Goggles 2 comfortabel om te dragen, voor lange en ontspannen vluchten. [5]De zachte, vervangbare schuimvulling past zich ergonomisch aan het gezicht aan om de lichtinval te minimaliseren. [6]\" \/>\n<meta property=\"og:url\" content=\"https:\/\/koningdrone.be\/fr\/produit\/dji-fpv-goggles-2-dji-avata\/\" \/>\n<meta property=\"og:site_name\" content=\"koningdrone.be\" \/>\n<meta property=\"article:modified_time\" content=\"2026-04-29T11:40:10+00:00\" \/>\n<meta property=\"og:image\" content=\"https:\/\/koningdrone.be\/wp-content\/uploads\/sites\/13\/2025\/04\/6941565928641-1.jpg\" \/>\n\t<meta property=\"og:image:width\" content=\"1280\" \/>\n\t<meta property=\"og:image:height\" content=\"800\" \/>\n\t<meta property=\"og:image:type\" content=\"image\/jpeg\" \/>\n<meta name=\"twitter:card\" content=\"summary_large_image\" \/>\n<meta name=\"twitter:label1\" content=\"Dur\u00e9e de lecture est.\" \/>\n\t<meta name=\"twitter:data1\" content=\"3 minutes\" \/>\n<script type=\"application\/ld+json\" class=\"yoast-schema-graph\">{\"@context\":\"https:\/\/schema.org\",\"@graph\":[{\"@type\":\"WebPage\",\"@id\":\"https:\/\/koningdrone.be\/product\/dji-fpv-goggles-2-dji-avata\/\",\"url\":\"https:\/\/koningdrone.be\/product\/dji-fpv-goggles-2-dji-avata\/\",\"name\":\"DJI FPV Goggles 2 - DJI Avata - koningdrone.be\",\"isPartOf\":{\"@id\":\"https:\/\/koningdrone.be\/#website\"},\"primaryImageOfPage\":{\"@id\":\"https:\/\/koningdrone.be\/product\/dji-fpv-goggles-2-dji-avata\/#primaryimage\"},\"image\":{\"@id\":\"https:\/\/koningdrone.be\/product\/dji-fpv-goggles-2-dji-avata\/#primaryimage\"},\"thumbnailUrl\":\"https:\/\/koningdrone.be\/wp-content\/uploads\/sites\/13\/2025\/04\/6941565928641-1.jpg\",\"datePublished\":\"2023-04-17T11:45:25+00:00\",\"dateModified\":\"2026-04-29T11:40:10+00:00\",\"breadcrumb\":{\"@id\":\"https:\/\/koningdrone.be\/product\/dji-fpv-goggles-2-dji-avata\/#breadcrumb\"},\"inLanguage\":\"fr-BE\",\"potentialAction\":[{\"@type\":\"ReadAction\",\"target\":[\"https:\/\/koningdrone.be\/product\/dji-fpv-goggles-2-dji-avata\/\"]}]},{\"@type\":\"ImageObject\",\"inLanguage\":\"fr-BE\",\"@id\":\"https:\/\/koningdrone.be\/product\/dji-fpv-goggles-2-dji-avata\/#primaryimage\",\"url\":\"https:\/\/koningdrone.be\/wp-content\/uploads\/sites\/13\/2025\/04\/6941565928641-1.jpg\",\"contentUrl\":\"https:\/\/koningdrone.be\/wp-content\/uploads\/sites\/13\/2025\/04\/6941565928641-1.jpg\",\"width\":1280,\"height\":800},{\"@type\":\"BreadcrumbList\",\"@id\":\"https:\/\/koningdrone.be\/product\/dji-fpv-goggles-2-dji-avata\/#breadcrumb\",\"itemListElement\":[{\"@type\":\"ListItem\",\"position\":1,\"name\":\"Home\",\"item\":\"https:\/\/koningdrone.be\/\"},{\"@type\":\"ListItem\",\"position\":2,\"name\":\"AVSS Parachute Recovery System for DJI Matrice 300\/350\",\"item\":\"https:\/\/koningdrone.be\/product\/avss-parachute-recovery-system-for-dji-matrice-300-350\/\"},{\"@type\":\"ListItem\",\"position\":3,\"name\":\"Alle goggles\",\"item\":\"https:\/\/koningdrone.be\/categorie\/alle-goggles\/\"},{\"@type\":\"ListItem\",\"position\":4,\"name\":\"DJI FPV Goggles 2 &#8211; DJI Avata\"}]},{\"@type\":\"WebSite\",\"@id\":\"https:\/\/koningdrone.be\/#website\",\"url\":\"https:\/\/koningdrone.be\/\",\"name\":\"Koningdrone.be - Uw online specialist in drones, gimbals, camera's en power stations.\",\"description\":\"De webshop in drones en gimbals\",\"publisher\":{\"@id\":\"https:\/\/koningdrone.be\/#organization\"},\"potentialAction\":[{\"@type\":\"SearchAction\",\"target\":{\"@type\":\"EntryPoint\",\"urlTemplate\":\"https:\/\/koningdrone.be\/?s={search_term_string}\"},\"query-input\":{\"@type\":\"PropertyValueSpecification\",\"valueRequired\":true,\"valueName\":\"search_term_string\"}}],\"inLanguage\":\"fr-BE\"},{\"@type\":\"Organization\",\"@id\":\"https:\/\/koningdrone.be\/#organization\",\"name\":\"Koningdrone.be\",\"url\":\"https:\/\/koningdrone.be\/\",\"logo\":{\"@type\":\"ImageObject\",\"inLanguage\":\"fr-BE\",\"@id\":\"https:\/\/koningdrone.be\/#\/schema\/logo\/image\/\",\"url\":\"https:\/\/koningdrone.be\/wp-content\/uploads\/sites\/13\/2025\/04\/koningdrone-copyright-logo.svg\",\"contentUrl\":\"https:\/\/koningdrone.be\/wp-content\/uploads\/sites\/13\/2025\/04\/koningdrone-copyright-logo.svg\",\"width\":227,\"height\":38,\"caption\":\"Koningdrone.be\"},\"image\":{\"@id\":\"https:\/\/koningdrone.be\/#\/schema\/logo\/image\/\"}}]}<\/script>\n<!-- \/ Yoast SEO Premium plugin. -->","yoast_head_json":{"title":"DJI FPV Goggles 2 - DJI Avata - koningdrone.be","robots":{"index":"index","follow":"follow","max-snippet":"max-snippet:-1","max-image-preview":"max-image-preview:large","max-video-preview":"max-video-preview:-1"},"canonical":"https:\/\/koningdrone.be\/fr\/produit\/dji-fpv-goggles-2-dji-avata\/","og_locale":"fr_FR","og_type":"article","og_title":"DJI FPV Goggles 2 - DJI Avata","og_description":"Gewicht: Ca. 290 grAntenne-ontwerp: opvouwbaarLevensduur batterij: twee uur [4]Met een batterij die lang meegaat, kun je snel opladen en hoog vliegen.Een ultralicht en ademend ontwerp maakt de DJI Goggles 2 comfortabel om te dragen, voor lange en ontspannen vluchten. [5]De zachte, vervangbare schuimvulling past zich ergonomisch aan het gezicht aan om de lichtinval te minimaliseren. [6]","og_url":"https:\/\/koningdrone.be\/fr\/produit\/dji-fpv-goggles-2-dji-avata\/","og_site_name":"koningdrone.be","article_modified_time":"2026-04-29T11:40:10+00:00","og_image":[{"width":1280,"height":800,"url":"https:\/\/koningdrone.be\/wp-content\/uploads\/sites\/13\/2025\/04\/6941565928641-1.jpg","type":"image\/jpeg"}],"twitter_card":"summary_large_image","twitter_misc":{"Dur\u00e9e de lecture est.":"3 minutes"},"schema":{"@context":"https:\/\/schema.org","@graph":[{"@type":"WebPage","@id":"https:\/\/koningdrone.be\/product\/dji-fpv-goggles-2-dji-avata\/","url":"https:\/\/koningdrone.be\/product\/dji-fpv-goggles-2-dji-avata\/","name":"DJI FPV Goggles 2 - DJI Avata - koningdrone.be","isPartOf":{"@id":"https:\/\/koningdrone.be\/#website"},"primaryImageOfPage":{"@id":"https:\/\/koningdrone.be\/product\/dji-fpv-goggles-2-dji-avata\/#primaryimage"},"image":{"@id":"https:\/\/koningdrone.be\/product\/dji-fpv-goggles-2-dji-avata\/#primaryimage"},"thumbnailUrl":"https:\/\/koningdrone.be\/wp-content\/uploads\/sites\/13\/2025\/04\/6941565928641-1.jpg","datePublished":"2023-04-17T11:45:25+00:00","dateModified":"2026-04-29T11:40:10+00:00","breadcrumb":{"@id":"https:\/\/koningdrone.be\/product\/dji-fpv-goggles-2-dji-avata\/#breadcrumb"},"inLanguage":"fr-BE","potentialAction":[{"@type":"ReadAction","target":["https:\/\/koningdrone.be\/product\/dji-fpv-goggles-2-dji-avata\/"]}]},{"@type":"ImageObject","inLanguage":"fr-BE","@id":"https:\/\/koningdrone.be\/product\/dji-fpv-goggles-2-dji-avata\/#primaryimage","url":"https:\/\/koningdrone.be\/wp-content\/uploads\/sites\/13\/2025\/04\/6941565928641-1.jpg","contentUrl":"https:\/\/koningdrone.be\/wp-content\/uploads\/sites\/13\/2025\/04\/6941565928641-1.jpg","width":1280,"height":800},{"@type":"BreadcrumbList","@id":"https:\/\/koningdrone.be\/product\/dji-fpv-goggles-2-dji-avata\/#breadcrumb","itemListElement":[{"@type":"ListItem","position":1,"name":"Home","item":"https:\/\/koningdrone.be\/"},{"@type":"ListItem","position":2,"name":"AVSS Parachute Recovery System for DJI Matrice 300\/350","item":"https:\/\/koningdrone.be\/product\/avss-parachute-recovery-system-for-dji-matrice-300-350\/"},{"@type":"ListItem","position":3,"name":"Alle goggles","item":"https:\/\/koningdrone.be\/categorie\/alle-goggles\/"},{"@type":"ListItem","position":4,"name":"DJI FPV Goggles 2 &#8211; DJI Avata"}]},{"@type":"WebSite","@id":"https:\/\/koningdrone.be\/#website","url":"https:\/\/koningdrone.be\/","name":"Koningdrone.be - Votre sp\u00e9cialiste en ligne en mati\u00e8re de drones, de cardans, de cam\u00e9ras et de centrales \u00e9lectriques.","description":"La boutique en ligne de drones et de cardans","publisher":{"@id":"https:\/\/koningdrone.be\/#organization"},"potentialAction":[{"@type":"SearchAction","target":{"@type":"EntryPoint","urlTemplate":"https:\/\/koningdrone.be\/?s={search_term_string}"},"query-input":{"@type":"PropertyValueSpecification","valueRequired":true,"valueName":"search_term_string"}}],"inLanguage":"fr-BE"},{"@type":"Organization","@id":"https:\/\/koningdrone.be\/#organization","name":"Kingdrone.co.uk","url":"https:\/\/koningdrone.be\/","logo":{"@type":"ImageObject","inLanguage":"fr-BE","@id":"https:\/\/koningdrone.be\/#\/schema\/logo\/image\/","url":"https:\/\/koningdrone.be\/wp-content\/uploads\/sites\/13\/2025\/04\/koningdrone-copyright-logo.svg","contentUrl":"https:\/\/koningdrone.be\/wp-content\/uploads\/sites\/13\/2025\/04\/koningdrone-copyright-logo.svg","width":227,"height":38,"caption":"Koningdrone.be"},"image":{"@id":"https:\/\/koningdrone.be\/#\/schema\/logo\/image\/"}}]}},"df_price":"","df_sale_price":"","df_regular_price":"","df_image_link":"https:\/\/koningdrone.be\/wp-content\/uploads\/sites\/13\/2025\/04\/6941565928641-1-300x188.jpg","_links":{"self":[{"href":"https:\/\/koningdrone.be\/fr\/wp-json\/wp\/v2\/product\/4986","targetHints":{"allow":["GET"]}}],"collection":[{"href":"https:\/\/koningdrone.be\/fr\/wp-json\/wp\/v2\/product"}],"about":[{"href":"https:\/\/koningdrone.be\/fr\/wp-json\/wp\/v2\/types\/product"}],"wp:featuredmedia":[{"embeddable":true,"href":"https:\/\/koningdrone.be\/fr\/wp-json\/wp\/v2\/media\/4981"}],"wp:attachment":[{"href":"https:\/\/koningdrone.be\/fr\/wp-json\/wp\/v2\/media?parent=4986"}],"wp:term":[{"taxonomy":"product_brand","embeddable":true,"href":"https:\/\/koningdrone.be\/fr\/wp-json\/wp\/v2\/product_brand?post=4986"},{"taxonomy":"product_cat","embeddable":true,"href":"https:\/\/koningdrone.be\/fr\/wp-json\/wp\/v2\/product_cat?post=4986"},{"taxonomy":"product_tag","embeddable":true,"href":"https:\/\/koningdrone.be\/fr\/wp-json\/wp\/v2\/product_tag?post=4986"}],"curies":[{"name":"wp","href":"https:\/\/api.w.org\/{rel}","templated":true}]}}