{"id":4980,"date":"2023-04-17T13:45:25","date_gmt":"2023-04-17T11:45:25","guid":{"rendered":"https:\/\/koningdrone.nl\/kon\/product\/dji-fpv-goggles-integra\/"},"modified":"2026-04-29T13:40:23","modified_gmt":"2026-04-29T11:40:23","slug":"dji-fpv-goggles-integra","status":"publish","type":"product","link":"https:\/\/koningdrone.be\/fr\/produit\/dji-fpv-goggles-integra\/","title":{"rendered":"DJI FPV - Lunettes de protection Integra"},"content":{"rendered":"<h1>DJI FPV &#8211; Goggles Integra<\/h1>\n<p>Geniet van de lucht met DJI Goggles Integra en breid je vliegervaring uit met DJI Avata en DJI RC Motion 2 voor nauwkeurige controle en intense first-person vluchten.<\/p>\n<p><strong> Ge\u00efntegreerd voor meer comfort <\/strong><br \/>De lichtgewicht DJI Goggles Integra heeft een ge\u00efntegreerd ontwerp dat hoofdband en batterij combineert. Hierdoor komen vervelende kabels weg en kun je de bril moeiteloos op- en afzetten. De hoofdband met ge\u00efntegreerde accu voelt door een goede gewichtsverdeling licht aan en is comfortabel om te dragen [2]. De DJI Goggles Integra kan tijdens het opladen worden gebruikt, waardoor je op talloze vluchten een onbelemmerde visuele ervaring hebt. Je kunt dus de hele dag doorvliegen.<br \/> \u2022 Totaal gewicht: Ca. 410 gr<br \/> \u2022 Antenne-ontwerp: opvouwbaar<br \/> \u2022 Levensduur batterij: 2 uur [3]<\/p>\n<p><strong> Geeft weer <\/strong><br \/>De DJI Goggles Integra is uitgerust met twee micro-OLED-schermen met hoge resolutie om levensechte kleuren en details te leveren, zelfs in lichte en donkere gebieden. De hoge verversingssnelheid maakt je vliegplezier nog soepeler en adembenemender.<br \/> \u2022 Displaytechnologie: Micro-OLED<br \/> \u2022 Beeldresolutie: 1080p<br \/> \u2022 helderheid: 700 nits<br \/> \u2022 Vernieuwingsfrequentie: 100 Hz [4]<br \/> \u2022 Ondersteunde videocodecs: H.264 en H.265<\/p>\n<p><strong> T\u00dcV Rheinland-certificering voor weinig blauw licht <\/strong><br \/>DJI Goggles Integra biedt weergavekwaliteit met een hoge resolutie en beschermt tegelijkertijd uw ogen met een aangename visuele ervaring.<\/p>\n<p><strong> Ultralage latentie, stabiele en betrouwbare videotransmissie <\/strong><br \/>DJI Goggles Integra zijn uitgerust met DJI O3+ videotransmissie, die een latentie heeft van slechts 30 ms [5]. De bril schakelt automatisch tussen de frequentiebanden 2,4 GHz en 5,8 GHz om een stabiel signaal te leveren voor een vloeiende en intense HD-kijkervaring met minimale interferentie [6].<\/p>\n<p>De nieuwe SyncSmooth-technologie zorgt voor een soepele, vloeiende video-overdracht voor snelle luchtfotografie [7]. De intense vluchtervaring wordt verder verbeterd door een nieuw algoritme voor beeldsynchronisatie om latentie en fluctuaties in videotransmissie te verminderen. Video&#8217;s bekijken met de DJI Goggles Integra is ook prettig voor de ogen en vermindert effectief visuele vermoeidheid en duizeligheid.<br \/> \u2022 Laagste vertraging bij videotransmissie: 30 ms<br \/> \u2022 Automatische frequentieomschakeling: 2,4 GHz of 5,8 GHz<\/p>\n<p><strong> Deel de lucht <\/strong><br \/>Verbind de DJI Goggles Integra met de DJI Fly-app op je smartphone om tegelijkertijd een real-time camerabeeld op je bril en smartphone weer te geven. Deel je mening met vrienden om samen te genieten van een adembenemende en intense vlucht.<\/p>\n<p><strong>Opmerkingen: <\/strong><br \/>1. De DJI Goggles Integra ondersteunt DJI O3+ transmissie met de DJI Avata en DJI O3 air unit.<\/p>\n<p>2. De draag- en kijkervaring kan vari\u00ebren.<\/p>\n<p>3. Gemeten bij een omgevingstemperatuur van 25\u00b0C, schermhelderheid van 4, verbinding met DJI Avata, video-overdrachtsmodus van 1080p\/100fps, uitgeschakelde hoofdbediening en een volledig opgeladen batterij van de bril zonder voeding naar externe apparaten zoals smartphones.<\/p>\n<p>4. De vernieuwingsfrequentie van de schermen verandert afhankelijk van de bandbreedte van de videotransmissie. Het kan schakelen tussen 100 Hz en 60 Hz om zich aan te passen aan de huidige framesnelheid van de videotransmissie.<\/p>\n<p>5. Gemeten bij 1080p\/100fps videotransmissie buitenshuis in een open, storingsvrije omgeving.<\/p>\n<p>6. De 5,8 GHz-frequentieband is in bepaalde landen\/regio&#8217;s verboden. Informeer u altijd over lokale voorschriften en wetten.<\/p>\n<p>7. Het algoritme voor beeldsynchronisatie voor DJI Goggles Integra is geoptimaliseerd ten opzichte van eerdere modellen om de videotransmissie te verbeteren en visuele vermoeidheid en duizeligheid te verminderen.<\/p>\n","protected":false},"excerpt":{"rendered":"<ul>\n<li>Licht en handzaam<\/li>\n<li>Ge\u00efntegreerd ontwerp<\/li>\n<li>Micro-OLED-beeldschermen<\/li>\n<li>DJI O3+ videotransmissie [1]<\/li>\n<li>Hoge resolutie, lage latentie<\/li>\n<\/ul>\n","protected":false},"featured_media":4975,"template":"","meta":{"_acf_changed":false},"product_brand":[],"product_cat":[731,97,261,733],"product_tag":[],"class_list":{"0":"post-4980","1":"product","2":"type-product","3":"status-publish","4":"has-post-thumbnail","6":"product_cat-alle-goggles","7":"product_cat-alle-producten","8":"product_cat-dji-avata","9":"product_cat-dji-goggles","10":"product_shipping_class-outofstock","11":"pa_brand-dji","12":"pa_productfamily-goggles","13":"pa_producttype-goggles","14":"pa_series-fpv","16":"first","17":"outofstock","18":"taxable","19":"shipping-taxable","20":"product-type-simple"},"acf":[],"yoast_head":"<!-- This site is optimized with the Yoast SEO Premium plugin v27.2 (Yoast SEO v27.2) - https:\/\/yoast.com\/product\/yoast-seo-premium-wordpress\/ -->\n<title>DJI FPV - Goggles Integra - koningdrone.be<\/title>\n<meta name=\"robots\" content=\"index, follow, max-snippet:-1, max-image-preview:large, max-video-preview:-1\" \/>\n<link rel=\"canonical\" href=\"https:\/\/koningdrone.be\/fr\/produit\/dji-fpv-goggles-integra\/\" \/>\n<meta property=\"og:locale\" content=\"fr_FR\" \/>\n<meta property=\"og:type\" content=\"article\" \/>\n<meta property=\"og:title\" content=\"DJI FPV - Goggles Integra\" \/>\n<meta property=\"og:description\" content=\"Licht en handzaamGe\u00efntegreerd ontwerpMicro-OLED-beeldschermenDJI O3+ videotransmissie [1]Hoge resolutie, lage latentie\" \/>\n<meta property=\"og:url\" content=\"https:\/\/koningdrone.be\/fr\/produit\/dji-fpv-goggles-integra\/\" \/>\n<meta property=\"og:site_name\" content=\"koningdrone.be\" \/>\n<meta property=\"article:modified_time\" content=\"2026-04-29T11:40:23+00:00\" \/>\n<meta property=\"og:image\" content=\"https:\/\/koningdrone.be\/wp-content\/uploads\/sites\/13\/2025\/04\/6941565946621-1.jpg\" \/>\n\t<meta property=\"og:image:width\" content=\"1280\" \/>\n\t<meta property=\"og:image:height\" content=\"800\" \/>\n\t<meta property=\"og:image:type\" content=\"image\/jpeg\" \/>\n<meta name=\"twitter:card\" content=\"summary_large_image\" \/>\n<meta name=\"twitter:label1\" content=\"Dur\u00e9e de lecture est.\" \/>\n\t<meta name=\"twitter:data1\" content=\"2 minutes\" \/>\n<script type=\"application\/ld+json\" class=\"yoast-schema-graph\">{\"@context\":\"https:\/\/schema.org\",\"@graph\":[{\"@type\":\"WebPage\",\"@id\":\"https:\/\/koningdrone.be\/product\/dji-fpv-goggles-integra\/\",\"url\":\"https:\/\/koningdrone.be\/product\/dji-fpv-goggles-integra\/\",\"name\":\"DJI FPV - Goggles Integra - koningdrone.be\",\"isPartOf\":{\"@id\":\"https:\/\/koningdrone.be\/#website\"},\"primaryImageOfPage\":{\"@id\":\"https:\/\/koningdrone.be\/product\/dji-fpv-goggles-integra\/#primaryimage\"},\"image\":{\"@id\":\"https:\/\/koningdrone.be\/product\/dji-fpv-goggles-integra\/#primaryimage\"},\"thumbnailUrl\":\"https:\/\/koningdrone.be\/wp-content\/uploads\/sites\/13\/2025\/04\/6941565946621-1.jpg\",\"datePublished\":\"2023-04-17T11:45:25+00:00\",\"dateModified\":\"2026-04-29T11:40:23+00:00\",\"breadcrumb\":{\"@id\":\"https:\/\/koningdrone.be\/product\/dji-fpv-goggles-integra\/#breadcrumb\"},\"inLanguage\":\"fr-BE\",\"potentialAction\":[{\"@type\":\"ReadAction\",\"target\":[\"https:\/\/koningdrone.be\/product\/dji-fpv-goggles-integra\/\"]}]},{\"@type\":\"ImageObject\",\"inLanguage\":\"fr-BE\",\"@id\":\"https:\/\/koningdrone.be\/product\/dji-fpv-goggles-integra\/#primaryimage\",\"url\":\"https:\/\/koningdrone.be\/wp-content\/uploads\/sites\/13\/2025\/04\/6941565946621-1.jpg\",\"contentUrl\":\"https:\/\/koningdrone.be\/wp-content\/uploads\/sites\/13\/2025\/04\/6941565946621-1.jpg\",\"width\":1280,\"height\":800},{\"@type\":\"BreadcrumbList\",\"@id\":\"https:\/\/koningdrone.be\/product\/dji-fpv-goggles-integra\/#breadcrumb\",\"itemListElement\":[{\"@type\":\"ListItem\",\"position\":1,\"name\":\"Home\",\"item\":\"https:\/\/koningdrone.be\/\"},{\"@type\":\"ListItem\",\"position\":2,\"name\":\"AVSS Parachute Recovery System for DJI Matrice 300\/350\",\"item\":\"https:\/\/koningdrone.be\/product\/avss-parachute-recovery-system-for-dji-matrice-300-350\/\"},{\"@type\":\"ListItem\",\"position\":3,\"name\":\"Alle goggles\",\"item\":\"https:\/\/koningdrone.be\/categorie\/alle-goggles\/\"},{\"@type\":\"ListItem\",\"position\":4,\"name\":\"DJI FPV &#8211; Goggles Integra\"}]},{\"@type\":\"WebSite\",\"@id\":\"https:\/\/koningdrone.be\/#website\",\"url\":\"https:\/\/koningdrone.be\/\",\"name\":\"Koningdrone.be - Uw online specialist in drones, gimbals, camera's en power stations.\",\"description\":\"De webshop in drones en gimbals\",\"publisher\":{\"@id\":\"https:\/\/koningdrone.be\/#organization\"},\"potentialAction\":[{\"@type\":\"SearchAction\",\"target\":{\"@type\":\"EntryPoint\",\"urlTemplate\":\"https:\/\/koningdrone.be\/?s={search_term_string}\"},\"query-input\":{\"@type\":\"PropertyValueSpecification\",\"valueRequired\":true,\"valueName\":\"search_term_string\"}}],\"inLanguage\":\"fr-BE\"},{\"@type\":\"Organization\",\"@id\":\"https:\/\/koningdrone.be\/#organization\",\"name\":\"Koningdrone.be\",\"url\":\"https:\/\/koningdrone.be\/\",\"logo\":{\"@type\":\"ImageObject\",\"inLanguage\":\"fr-BE\",\"@id\":\"https:\/\/koningdrone.be\/#\/schema\/logo\/image\/\",\"url\":\"https:\/\/koningdrone.be\/wp-content\/uploads\/sites\/13\/2025\/04\/koningdrone-copyright-logo.svg\",\"contentUrl\":\"https:\/\/koningdrone.be\/wp-content\/uploads\/sites\/13\/2025\/04\/koningdrone-copyright-logo.svg\",\"width\":227,\"height\":38,\"caption\":\"Koningdrone.be\"},\"image\":{\"@id\":\"https:\/\/koningdrone.be\/#\/schema\/logo\/image\/\"}}]}<\/script>\n<!-- \/ Yoast SEO Premium plugin. -->","yoast_head_json":{"title":"DJI FPV - Goggles Integra - koningdrone.be","robots":{"index":"index","follow":"follow","max-snippet":"max-snippet:-1","max-image-preview":"max-image-preview:large","max-video-preview":"max-video-preview:-1"},"canonical":"https:\/\/koningdrone.be\/fr\/produit\/dji-fpv-goggles-integra\/","og_locale":"fr_FR","og_type":"article","og_title":"DJI FPV - Goggles Integra","og_description":"Licht en handzaamGe\u00efntegreerd ontwerpMicro-OLED-beeldschermenDJI O3+ videotransmissie [1]Hoge resolutie, lage latentie","og_url":"https:\/\/koningdrone.be\/fr\/produit\/dji-fpv-goggles-integra\/","og_site_name":"koningdrone.be","article_modified_time":"2026-04-29T11:40:23+00:00","og_image":[{"width":1280,"height":800,"url":"https:\/\/koningdrone.be\/wp-content\/uploads\/sites\/13\/2025\/04\/6941565946621-1.jpg","type":"image\/jpeg"}],"twitter_card":"summary_large_image","twitter_misc":{"Dur\u00e9e de lecture est.":"2 minutes"},"schema":{"@context":"https:\/\/schema.org","@graph":[{"@type":"WebPage","@id":"https:\/\/koningdrone.be\/product\/dji-fpv-goggles-integra\/","url":"https:\/\/koningdrone.be\/product\/dji-fpv-goggles-integra\/","name":"DJI FPV - Goggles Integra - koningdrone.be","isPartOf":{"@id":"https:\/\/koningdrone.be\/#website"},"primaryImageOfPage":{"@id":"https:\/\/koningdrone.be\/product\/dji-fpv-goggles-integra\/#primaryimage"},"image":{"@id":"https:\/\/koningdrone.be\/product\/dji-fpv-goggles-integra\/#primaryimage"},"thumbnailUrl":"https:\/\/koningdrone.be\/wp-content\/uploads\/sites\/13\/2025\/04\/6941565946621-1.jpg","datePublished":"2023-04-17T11:45:25+00:00","dateModified":"2026-04-29T11:40:23+00:00","breadcrumb":{"@id":"https:\/\/koningdrone.be\/product\/dji-fpv-goggles-integra\/#breadcrumb"},"inLanguage":"fr-BE","potentialAction":[{"@type":"ReadAction","target":["https:\/\/koningdrone.be\/product\/dji-fpv-goggles-integra\/"]}]},{"@type":"ImageObject","inLanguage":"fr-BE","@id":"https:\/\/koningdrone.be\/product\/dji-fpv-goggles-integra\/#primaryimage","url":"https:\/\/koningdrone.be\/wp-content\/uploads\/sites\/13\/2025\/04\/6941565946621-1.jpg","contentUrl":"https:\/\/koningdrone.be\/wp-content\/uploads\/sites\/13\/2025\/04\/6941565946621-1.jpg","width":1280,"height":800},{"@type":"BreadcrumbList","@id":"https:\/\/koningdrone.be\/product\/dji-fpv-goggles-integra\/#breadcrumb","itemListElement":[{"@type":"ListItem","position":1,"name":"Home","item":"https:\/\/koningdrone.be\/"},{"@type":"ListItem","position":2,"name":"AVSS Parachute Recovery System for DJI Matrice 300\/350","item":"https:\/\/koningdrone.be\/product\/avss-parachute-recovery-system-for-dji-matrice-300-350\/"},{"@type":"ListItem","position":3,"name":"Alle goggles","item":"https:\/\/koningdrone.be\/categorie\/alle-goggles\/"},{"@type":"ListItem","position":4,"name":"DJI FPV &#8211; Goggles Integra"}]},{"@type":"WebSite","@id":"https:\/\/koningdrone.be\/#website","url":"https:\/\/koningdrone.be\/","name":"Koningdrone.be - Votre sp\u00e9cialiste en ligne en mati\u00e8re de drones, de cardans, de cam\u00e9ras et de centrales \u00e9lectriques.","description":"La boutique en ligne de drones et de cardans","publisher":{"@id":"https:\/\/koningdrone.be\/#organization"},"potentialAction":[{"@type":"SearchAction","target":{"@type":"EntryPoint","urlTemplate":"https:\/\/koningdrone.be\/?s={search_term_string}"},"query-input":{"@type":"PropertyValueSpecification","valueRequired":true,"valueName":"search_term_string"}}],"inLanguage":"fr-BE"},{"@type":"Organization","@id":"https:\/\/koningdrone.be\/#organization","name":"Kingdrone.co.uk","url":"https:\/\/koningdrone.be\/","logo":{"@type":"ImageObject","inLanguage":"fr-BE","@id":"https:\/\/koningdrone.be\/#\/schema\/logo\/image\/","url":"https:\/\/koningdrone.be\/wp-content\/uploads\/sites\/13\/2025\/04\/koningdrone-copyright-logo.svg","contentUrl":"https:\/\/koningdrone.be\/wp-content\/uploads\/sites\/13\/2025\/04\/koningdrone-copyright-logo.svg","width":227,"height":38,"caption":"Koningdrone.be"},"image":{"@id":"https:\/\/koningdrone.be\/#\/schema\/logo\/image\/"}}]}},"df_price":"","df_sale_price":"","df_regular_price":"","df_image_link":"https:\/\/koningdrone.be\/wp-content\/uploads\/sites\/13\/2025\/04\/6941565946621-1-300x188.jpg","_links":{"self":[{"href":"https:\/\/koningdrone.be\/fr\/wp-json\/wp\/v2\/product\/4980","targetHints":{"allow":["GET"]}}],"collection":[{"href":"https:\/\/koningdrone.be\/fr\/wp-json\/wp\/v2\/product"}],"about":[{"href":"https:\/\/koningdrone.be\/fr\/wp-json\/wp\/v2\/types\/product"}],"wp:featuredmedia":[{"embeddable":true,"href":"https:\/\/koningdrone.be\/fr\/wp-json\/wp\/v2\/media\/4975"}],"wp:attachment":[{"href":"https:\/\/koningdrone.be\/fr\/wp-json\/wp\/v2\/media?parent=4980"}],"wp:term":[{"taxonomy":"product_brand","embeddable":true,"href":"https:\/\/koningdrone.be\/fr\/wp-json\/wp\/v2\/product_brand?post=4980"},{"taxonomy":"product_cat","embeddable":true,"href":"https:\/\/koningdrone.be\/fr\/wp-json\/wp\/v2\/product_cat?post=4980"},{"taxonomy":"product_tag","embeddable":true,"href":"https:\/\/koningdrone.be\/fr\/wp-json\/wp\/v2\/product_tag?post=4980"}],"curies":[{"name":"wp","href":"https:\/\/api.w.org\/{rel}","templated":true}]}}