{"id":4967,"date":"2023-04-17T13:45:53","date_gmt":"2023-04-17T11:45:53","guid":{"rendered":"https:\/\/koningdrone.nl\/kon\/product\/ecoflow-battery-5kwh\/"},"modified":"2026-04-29T15:50:25","modified_gmt":"2026-04-29T13:50:25","slug":"ecoflow-battery-5kwh","status":"publish","type":"product","link":"https:\/\/koningdrone.be\/fr\/produit\/ecoflow-battery-5kwh\/","title":{"rendered":"Batterie EcoFlow 5kWh"},"content":{"rendered":"<p><strong>Capacit\u00e9 de la batterie EcoFlow 5kWh<\/strong><\/p>\n<p>La batterie EcoFlow 5kWh est une puissante batterie LFP d'une capacit\u00e9 de 5 kWh con\u00e7ue sp\u00e9cifiquement pour \u00eatre utilis\u00e9e avec le kit d'alimentation EcoFlow. Avec la possibilit\u00e9 de connecter jusqu'\u00e0 trois de ces batteries de 5 kWh, vous pouvez obtenir une capacit\u00e9 totale de 5 kWh, 10 kWh ou 15 kWh.<\/p>\n<p><strong>Possibilit\u00e9 d'expansion<\/strong><\/p>\n<p>Le chauffage automatique int\u00e9gr\u00e9 permet d'utiliser les batteries en toute s\u00e9curit\u00e9, m\u00eame \u00e0 des temp\u00e9ratures allant jusqu'\u00e0 -4 \u00b0C. En outre, jusqu'\u00e0 trois batteries EcoFlow de 5 kWh peuvent \u00eatre connect\u00e9es au kit d'alimentation, de sorte que la capacit\u00e9 de base de 5 kWh peut facilement \u00eatre port\u00e9e \u00e0 10 kWh ou 15 kWh en connectant deux batteries LFP suppl\u00e9mentaires. Il est important de noter que des batteries LFP d'une capacit\u00e9 de 2 kWh sont \u00e9galement disponibles, mais les extensions de capacit\u00e9 doivent toujours combiner des batteries de m\u00eame capacit\u00e9.<\/p>\n<p><strong>S\u00e9curit\u00e9 et fiabilit\u00e9<\/strong><\/p>\n<p>La s\u00e9curit\u00e9 est primordiale avec l'EcoFlow Battery 5kWh. M\u00eame lorsque l'ensemble du syst\u00e8me fonctionne, il n'est pas difficile de remplacer le module en cas de besoin. Le syst\u00e8me avanc\u00e9 de gestion de la batterie (BMS) du Power Kit prot\u00e8ge les batteries contre les surtensions, les sous-tensions, les surintensit\u00e9s, les surchauffes et les basses temp\u00e9ratures. Avec cette batterie, vous \u00eates assur\u00e9 d'un stockage d'\u00e9nergie fiable, s\u00fbr et extensible.<\/p>\n<p><\/p>","protected":false},"excerpt":{"rendered":"<ul>\n<li>Poids : 40,6 kg<\/li>\n<li>Dimensions : 500 \u00d7 260 \u00d7 300 mm<\/li>\n<li>Capacit\u00e9 : 5120 Wh (100 Ah)<\/li>\n<li>Tension nominale : 51,2 V<\/li>\n<li>Configuration : 16S1P<\/li>\n<li>Courant de charge continu maximal : 80 A Courant de d\u00e9charge continu maximal : 100 A<\/li>\n<li>Type de cellule : LiFePO4 Dur\u00e9e de vie : 3500 cycles pour une d\u00e9gradation garantie \u00e0 80% de la capacit\u00e9 sp\u00e9cifi\u00e9e \u00e0 l'origine<\/li>\n<li>Indice de protection : IP54<\/li>\n<\/ul>","protected":false},"featured_media":4966,"template":"","meta":{"_acf_changed":false},"product_brand":[],"product_cat":[113,97,245,415],"product_tag":[],"class_list":{"0":"post-4967","1":"product","2":"type-product","3":"status-publish","4":"has-post-thumbnail","6":"product_cat-alle-batterijen","7":"product_cat-alle-producten","8":"product_cat-ecoflow","9":"product_cat-energy","10":"product_shipping_class-outofstock","11":"pa_brand-ecoflow","12":"pa_productfamily-batterij","13":"pa_producttype-batterij","15":"first","16":"outofstock","17":"taxable","18":"shipping-taxable","19":"purchasable","20":"product-type-simple"},"acf":[],"yoast_head":"<!-- This site is optimized with the Yoast SEO Premium plugin v27.2 (Yoast SEO v27.2) - https:\/\/yoast.com\/product\/yoast-seo-premium-wordpress\/ -->\n<title>EcoFlow Battery 5kWh - koningdrone.be<\/title>\n<meta name=\"robots\" content=\"index, follow, max-snippet:-1, max-image-preview:large, max-video-preview:-1\" \/>\n<link rel=\"canonical\" href=\"https:\/\/koningdrone.be\/fr\/produit\/ecoflow-battery-5kwh\/\" \/>\n<meta property=\"og:locale\" content=\"fr_FR\" \/>\n<meta property=\"og:type\" content=\"article\" \/>\n<meta property=\"og:title\" content=\"EcoFlow Battery 5kWh\" \/>\n<meta property=\"og:description\" content=\"Gewicht: 40,6 kgAfmetingen: 500 \u00d7 260 \u00d7 300 mmCapaciteit: 5120 Wh (100 Ah)Nominale spanning: 51,2 VConfiguratie: 16S1PMax. continue laadstroom: 80 A Max. continue ontlaadstroom: 100 ACeltype: LiFePO4 Levensduur: 3500 cycli tot gegarandeerde degradatie tot 80% van de oorspronkelijk opgegeven capaciteitBeschermingsgraad: IP54\" \/>\n<meta property=\"og:url\" content=\"https:\/\/koningdrone.be\/fr\/produit\/ecoflow-battery-5kwh\/\" \/>\n<meta property=\"og:site_name\" content=\"koningdrone.be\" \/>\n<meta property=\"article:modified_time\" content=\"2026-04-29T13:50:25+00:00\" \/>\n<meta property=\"og:image\" content=\"https:\/\/koningdrone.be\/wp-content\/uploads\/sites\/13\/2025\/04\/4897082668831.jpg\" \/>\n\t<meta property=\"og:image:width\" content=\"1200\" \/>\n\t<meta property=\"og:image:height\" content=\"800\" \/>\n\t<meta property=\"og:image:type\" content=\"image\/jpeg\" \/>\n<meta name=\"twitter:card\" content=\"summary_large_image\" \/>\n<meta name=\"twitter:label1\" content=\"Dur\u00e9e de lecture est.\" \/>\n\t<meta name=\"twitter:data1\" content=\"1 minute\" \/>\n<script type=\"application\/ld+json\" class=\"yoast-schema-graph\">{\"@context\":\"https:\/\/schema.org\",\"@graph\":[{\"@type\":\"WebPage\",\"@id\":\"https:\/\/koningdrone.be\/product\/ecoflow-battery-5kwh\/\",\"url\":\"https:\/\/koningdrone.be\/product\/ecoflow-battery-5kwh\/\",\"name\":\"EcoFlow Battery 5kWh - koningdrone.be\",\"isPartOf\":{\"@id\":\"https:\/\/koningdrone.be\/#website\"},\"primaryImageOfPage\":{\"@id\":\"https:\/\/koningdrone.be\/product\/ecoflow-battery-5kwh\/#primaryimage\"},\"image\":{\"@id\":\"https:\/\/koningdrone.be\/product\/ecoflow-battery-5kwh\/#primaryimage\"},\"thumbnailUrl\":\"https:\/\/koningdrone.be\/wp-content\/uploads\/sites\/13\/2025\/04\/4897082668831.jpg\",\"datePublished\":\"2023-04-17T11:45:53+00:00\",\"dateModified\":\"2026-04-29T13:50:25+00:00\",\"breadcrumb\":{\"@id\":\"https:\/\/koningdrone.be\/product\/ecoflow-battery-5kwh\/#breadcrumb\"},\"inLanguage\":\"fr-BE\",\"potentialAction\":[{\"@type\":\"ReadAction\",\"target\":[\"https:\/\/koningdrone.be\/product\/ecoflow-battery-5kwh\/\"]}]},{\"@type\":\"ImageObject\",\"inLanguage\":\"fr-BE\",\"@id\":\"https:\/\/koningdrone.be\/product\/ecoflow-battery-5kwh\/#primaryimage\",\"url\":\"https:\/\/koningdrone.be\/wp-content\/uploads\/sites\/13\/2025\/04\/4897082668831.jpg\",\"contentUrl\":\"https:\/\/koningdrone.be\/wp-content\/uploads\/sites\/13\/2025\/04\/4897082668831.jpg\",\"width\":1200,\"height\":800},{\"@type\":\"BreadcrumbList\",\"@id\":\"https:\/\/koningdrone.be\/product\/ecoflow-battery-5kwh\/#breadcrumb\",\"itemListElement\":[{\"@type\":\"ListItem\",\"position\":1,\"name\":\"Home\",\"item\":\"https:\/\/koningdrone.be\/\"},{\"@type\":\"ListItem\",\"position\":2,\"name\":\"AVSS Parachute Recovery System for DJI Matrice 300\/350\",\"item\":\"https:\/\/koningdrone.be\/product\/avss-parachute-recovery-system-for-dji-matrice-300-350\/\"},{\"@type\":\"ListItem\",\"position\":3,\"name\":\"Alle batterijen\",\"item\":\"https:\/\/koningdrone.be\/categorie\/alle-batterijen\/\"},{\"@type\":\"ListItem\",\"position\":4,\"name\":\"EcoFlow Battery 5kWh\"}]},{\"@type\":\"WebSite\",\"@id\":\"https:\/\/koningdrone.be\/#website\",\"url\":\"https:\/\/koningdrone.be\/\",\"name\":\"Koningdrone.be - Uw online specialist in drones, gimbals, camera's en power stations.\",\"description\":\"De webshop in drones en gimbals\",\"publisher\":{\"@id\":\"https:\/\/koningdrone.be\/#organization\"},\"potentialAction\":[{\"@type\":\"SearchAction\",\"target\":{\"@type\":\"EntryPoint\",\"urlTemplate\":\"https:\/\/koningdrone.be\/?s={search_term_string}\"},\"query-input\":{\"@type\":\"PropertyValueSpecification\",\"valueRequired\":true,\"valueName\":\"search_term_string\"}}],\"inLanguage\":\"fr-BE\"},{\"@type\":\"Organization\",\"@id\":\"https:\/\/koningdrone.be\/#organization\",\"name\":\"Koningdrone.be\",\"url\":\"https:\/\/koningdrone.be\/\",\"logo\":{\"@type\":\"ImageObject\",\"inLanguage\":\"fr-BE\",\"@id\":\"https:\/\/koningdrone.be\/#\/schema\/logo\/image\/\",\"url\":\"https:\/\/koningdrone.be\/wp-content\/uploads\/sites\/13\/2025\/04\/koningdrone-copyright-logo.svg\",\"contentUrl\":\"https:\/\/koningdrone.be\/wp-content\/uploads\/sites\/13\/2025\/04\/koningdrone-copyright-logo.svg\",\"width\":227,\"height\":38,\"caption\":\"Koningdrone.be\"},\"image\":{\"@id\":\"https:\/\/koningdrone.be\/#\/schema\/logo\/image\/\"}}]}<\/script>\n<!-- \/ Yoast SEO Premium plugin. -->","yoast_head_json":{"title":"EcoFlow Battery 5kWh - koningdrone.be","robots":{"index":"index","follow":"follow","max-snippet":"max-snippet:-1","max-image-preview":"max-image-preview:large","max-video-preview":"max-video-preview:-1"},"canonical":"https:\/\/koningdrone.be\/fr\/produit\/ecoflow-battery-5kwh\/","og_locale":"fr_FR","og_type":"article","og_title":"EcoFlow Battery 5kWh","og_description":"Gewicht: 40,6 kgAfmetingen: 500 \u00d7 260 \u00d7 300 mmCapaciteit: 5120 Wh (100 Ah)Nominale spanning: 51,2 VConfiguratie: 16S1PMax. continue laadstroom: 80 A Max. continue ontlaadstroom: 100 ACeltype: LiFePO4 Levensduur: 3500 cycli tot gegarandeerde degradatie tot 80% van de oorspronkelijk opgegeven capaciteitBeschermingsgraad: IP54","og_url":"https:\/\/koningdrone.be\/fr\/produit\/ecoflow-battery-5kwh\/","og_site_name":"koningdrone.be","article_modified_time":"2026-04-29T13:50:25+00:00","og_image":[{"width":1200,"height":800,"url":"https:\/\/koningdrone.be\/wp-content\/uploads\/sites\/13\/2025\/04\/4897082668831.jpg","type":"image\/jpeg"}],"twitter_card":"summary_large_image","twitter_misc":{"Dur\u00e9e de lecture est.":"1 minute"},"schema":{"@context":"https:\/\/schema.org","@graph":[{"@type":"WebPage","@id":"https:\/\/koningdrone.be\/product\/ecoflow-battery-5kwh\/","url":"https:\/\/koningdrone.be\/product\/ecoflow-battery-5kwh\/","name":"EcoFlow Battery 5kWh - koningdrone.be","isPartOf":{"@id":"https:\/\/koningdrone.be\/#website"},"primaryImageOfPage":{"@id":"https:\/\/koningdrone.be\/product\/ecoflow-battery-5kwh\/#primaryimage"},"image":{"@id":"https:\/\/koningdrone.be\/product\/ecoflow-battery-5kwh\/#primaryimage"},"thumbnailUrl":"https:\/\/koningdrone.be\/wp-content\/uploads\/sites\/13\/2025\/04\/4897082668831.jpg","datePublished":"2023-04-17T11:45:53+00:00","dateModified":"2026-04-29T13:50:25+00:00","breadcrumb":{"@id":"https:\/\/koningdrone.be\/product\/ecoflow-battery-5kwh\/#breadcrumb"},"inLanguage":"fr-BE","potentialAction":[{"@type":"ReadAction","target":["https:\/\/koningdrone.be\/product\/ecoflow-battery-5kwh\/"]}]},{"@type":"ImageObject","inLanguage":"fr-BE","@id":"https:\/\/koningdrone.be\/product\/ecoflow-battery-5kwh\/#primaryimage","url":"https:\/\/koningdrone.be\/wp-content\/uploads\/sites\/13\/2025\/04\/4897082668831.jpg","contentUrl":"https:\/\/koningdrone.be\/wp-content\/uploads\/sites\/13\/2025\/04\/4897082668831.jpg","width":1200,"height":800},{"@type":"BreadcrumbList","@id":"https:\/\/koningdrone.be\/product\/ecoflow-battery-5kwh\/#breadcrumb","itemListElement":[{"@type":"ListItem","position":1,"name":"Home","item":"https:\/\/koningdrone.be\/"},{"@type":"ListItem","position":2,"name":"AVSS Parachute Recovery System for DJI Matrice 300\/350","item":"https:\/\/koningdrone.be\/product\/avss-parachute-recovery-system-for-dji-matrice-300-350\/"},{"@type":"ListItem","position":3,"name":"Alle batterijen","item":"https:\/\/koningdrone.be\/categorie\/alle-batterijen\/"},{"@type":"ListItem","position":4,"name":"EcoFlow Battery 5kWh"}]},{"@type":"WebSite","@id":"https:\/\/koningdrone.be\/#website","url":"https:\/\/koningdrone.be\/","name":"Koningdrone.be - Votre sp\u00e9cialiste en ligne en mati\u00e8re de drones, de cardans, de cam\u00e9ras et de centrales \u00e9lectriques.","description":"La boutique en ligne de drones et de cardans","publisher":{"@id":"https:\/\/koningdrone.be\/#organization"},"potentialAction":[{"@type":"SearchAction","target":{"@type":"EntryPoint","urlTemplate":"https:\/\/koningdrone.be\/?s={search_term_string}"},"query-input":{"@type":"PropertyValueSpecification","valueRequired":true,"valueName":"search_term_string"}}],"inLanguage":"fr-BE"},{"@type":"Organization","@id":"https:\/\/koningdrone.be\/#organization","name":"Kingdrone.co.uk","url":"https:\/\/koningdrone.be\/","logo":{"@type":"ImageObject","inLanguage":"fr-BE","@id":"https:\/\/koningdrone.be\/#\/schema\/logo\/image\/","url":"https:\/\/koningdrone.be\/wp-content\/uploads\/sites\/13\/2025\/04\/koningdrone-copyright-logo.svg","contentUrl":"https:\/\/koningdrone.be\/wp-content\/uploads\/sites\/13\/2025\/04\/koningdrone-copyright-logo.svg","width":227,"height":38,"caption":"Koningdrone.be"},"image":{"@id":"https:\/\/koningdrone.be\/#\/schema\/logo\/image\/"}}]}},"df_price":3799,"df_sale_price":"","df_regular_price":3799,"df_image_link":"https:\/\/koningdrone.be\/wp-content\/uploads\/sites\/13\/2025\/04\/4897082668831-300x200.jpg","_links":{"self":[{"href":"https:\/\/koningdrone.be\/fr\/wp-json\/wp\/v2\/product\/4967","targetHints":{"allow":["GET"]}}],"collection":[{"href":"https:\/\/koningdrone.be\/fr\/wp-json\/wp\/v2\/product"}],"about":[{"href":"https:\/\/koningdrone.be\/fr\/wp-json\/wp\/v2\/types\/product"}],"wp:featuredmedia":[{"embeddable":true,"href":"https:\/\/koningdrone.be\/fr\/wp-json\/wp\/v2\/media\/4966"}],"wp:attachment":[{"href":"https:\/\/koningdrone.be\/fr\/wp-json\/wp\/v2\/media?parent=4967"}],"wp:term":[{"taxonomy":"product_brand","embeddable":true,"href":"https:\/\/koningdrone.be\/fr\/wp-json\/wp\/v2\/product_brand?post=4967"},{"taxonomy":"product_cat","embeddable":true,"href":"https:\/\/koningdrone.be\/fr\/wp-json\/wp\/v2\/product_cat?post=4967"},{"taxonomy":"product_tag","embeddable":true,"href":"https:\/\/koningdrone.be\/fr\/wp-json\/wp\/v2\/product_tag?post=4967"}],"curies":[{"name":"wp","href":"https:\/\/api.w.org\/{rel}","templated":true}]}}