{"id":4960,"date":"2023-04-17T13:45:53","date_gmt":"2023-04-17T11:45:53","guid":{"rendered":"https:\/\/koningdrone.nl\/kon\/product\/dji-mini-3-mini-3-pro-propeller-holder\/"},"modified":"2026-04-29T15:51:12","modified_gmt":"2026-04-29T13:51:12","slug":"dji-mini-3-mini-3-pro-propeller-holder","status":"publish","type":"product","link":"https:\/\/koningdrone.be\/fr\/produit\/dji-mini-3-mini-3-pro-propeller-holder\/","title":{"rendered":"Porte-h\u00e9lice DJI Mini 3 Series"},"content":{"rendered":"<p><strong>Conception compacte et pratique<\/strong><\/p>\n<p> Cet avion a \u00e9t\u00e9 soigneusement con\u00e7u pour offrir un maximum de commodit\u00e9, en mettant l'accent sur une conception pliante qui vous permet de plier l'avion sans effort pour lui donner une forme compacte. Cette approche innovante se concentre sur les pales d'h\u00e9lice avant et arri\u00e8re, qui peuvent \u00eatre solidement attach\u00e9es ensemble, ce qui minimise consid\u00e9rablement l'espace de stockage n\u00e9cessaire. Cet \u00e9l\u00e9ment de conception permet non seulement de faciliter le stockage, mais aussi d'accro\u00eetre la portabilit\u00e9 de l'avion. L'avion peut donc \u00eatre facilement stock\u00e9 lorsqu'il n'est pas utilis\u00e9, ou facilement transport\u00e9, ce qui r\u00e9pond aux besoins des d\u00e9butants dont les possibilit\u00e9s de stockage sont limit\u00e9es et des experts qui recherchent une man\u0153uvrabilit\u00e9 sans effort.<\/p>\n<p><\/p>","protected":false},"excerpt":{"rendered":"<ul>\n<li>Pliable pour un rangement facile<\/li>\n<li> Les pales d'h\u00e9lice avant et arri\u00e8re peuvent \u00eatre coll\u00e9es<\/li>\n<\/ul>","protected":false},"featured_media":4957,"template":"","meta":{"_acf_changed":false},"product_brand":[],"product_cat":[97,128,446],"product_tag":[],"class_list":{"0":"post-4960","1":"product","2":"type-product","3":"status-publish","4":"has-post-thumbnail","6":"product_cat-alle-producten","7":"product_cat-alle-propellers","8":"product_cat-dji-mini-3","9":"product_shipping_class-outofstock","10":"pa_brand-dji","11":"pa_productfamily-propeller-bescherming","12":"pa_producttype-propeller-bescherming","13":"pa_series-mini-3","15":"first","16":"outofstock","17":"taxable","18":"shipping-taxable","19":"purchasable","20":"product-type-simple"},"acf":[],"yoast_head":"<!-- This site is optimized with the Yoast SEO Premium plugin v27.2 (Yoast SEO v27.2) - https:\/\/yoast.com\/product\/yoast-seo-premium-wordpress\/ -->\n<title>DJI Mini 3 Series Propeller Holder - koningdrone.be<\/title>\n<meta name=\"robots\" content=\"index, follow, max-snippet:-1, max-image-preview:large, max-video-preview:-1\" \/>\n<link rel=\"canonical\" href=\"https:\/\/koningdrone.be\/fr\/produit\/dji-mini-3-mini-3-pro-propeller-holder\/\" \/>\n<meta property=\"og:locale\" content=\"fr_FR\" \/>\n<meta property=\"og:type\" content=\"article\" \/>\n<meta property=\"og:title\" content=\"DJI Mini 3 Series Propeller Holder\" \/>\n<meta property=\"og:description\" content=\"Opvouwbaar voor gemakkelijk opbergen Voor- en achterpropellerbladen kunnen worden gebonden\" \/>\n<meta property=\"og:url\" content=\"https:\/\/koningdrone.be\/fr\/produit\/dji-mini-3-mini-3-pro-propeller-holder\/\" \/>\n<meta property=\"og:site_name\" content=\"koningdrone.be\" \/>\n<meta property=\"article:modified_time\" content=\"2026-04-29T13:51:12+00:00\" \/>\n<meta property=\"og:image\" content=\"https:\/\/koningdrone.be\/wp-content\/uploads\/sites\/13\/2025\/04\/59e8098172c04f6132b29306dcb71f1f@large.jpg\" \/>\n\t<meta property=\"og:image:width\" content=\"1200\" \/>\n\t<meta property=\"og:image:height\" content=\"800\" \/>\n\t<meta property=\"og:image:type\" content=\"image\/jpeg\" \/>\n<meta name=\"twitter:card\" content=\"summary_large_image\" \/>\n<meta name=\"twitter:label1\" content=\"Dur\u00e9e de lecture est.\" \/>\n\t<meta name=\"twitter:data1\" content=\"1 minute\" \/>\n<script type=\"application\/ld+json\" class=\"yoast-schema-graph\">{\"@context\":\"https:\/\/schema.org\",\"@graph\":[{\"@type\":\"WebPage\",\"@id\":\"https:\/\/koningdrone.be\/product\/dji-mini-3-mini-3-pro-propeller-holder\/\",\"url\":\"https:\/\/koningdrone.be\/product\/dji-mini-3-mini-3-pro-propeller-holder\/\",\"name\":\"DJI Mini 3 Series Propeller Holder - koningdrone.be\",\"isPartOf\":{\"@id\":\"https:\/\/koningdrone.be\/#website\"},\"primaryImageOfPage\":{\"@id\":\"https:\/\/koningdrone.be\/product\/dji-mini-3-mini-3-pro-propeller-holder\/#primaryimage\"},\"image\":{\"@id\":\"https:\/\/koningdrone.be\/product\/dji-mini-3-mini-3-pro-propeller-holder\/#primaryimage\"},\"thumbnailUrl\":\"https:\/\/koningdrone.be\/wp-content\/uploads\/sites\/13\/2025\/04\/59e8098172c04f6132b29306dcb71f1f@large.jpg\",\"datePublished\":\"2023-04-17T11:45:53+00:00\",\"dateModified\":\"2026-04-29T13:51:12+00:00\",\"breadcrumb\":{\"@id\":\"https:\/\/koningdrone.be\/product\/dji-mini-3-mini-3-pro-propeller-holder\/#breadcrumb\"},\"inLanguage\":\"fr-BE\",\"potentialAction\":[{\"@type\":\"ReadAction\",\"target\":[\"https:\/\/koningdrone.be\/product\/dji-mini-3-mini-3-pro-propeller-holder\/\"]}]},{\"@type\":\"ImageObject\",\"inLanguage\":\"fr-BE\",\"@id\":\"https:\/\/koningdrone.be\/product\/dji-mini-3-mini-3-pro-propeller-holder\/#primaryimage\",\"url\":\"https:\/\/koningdrone.be\/wp-content\/uploads\/sites\/13\/2025\/04\/59e8098172c04f6132b29306dcb71f1f@large.jpg\",\"contentUrl\":\"https:\/\/koningdrone.be\/wp-content\/uploads\/sites\/13\/2025\/04\/59e8098172c04f6132b29306dcb71f1f@large.jpg\",\"width\":1200,\"height\":800},{\"@type\":\"BreadcrumbList\",\"@id\":\"https:\/\/koningdrone.be\/product\/dji-mini-3-mini-3-pro-propeller-holder\/#breadcrumb\",\"itemListElement\":[{\"@type\":\"ListItem\",\"position\":1,\"name\":\"Home\",\"item\":\"https:\/\/koningdrone.be\/\"},{\"@type\":\"ListItem\",\"position\":2,\"name\":\"AVSS Parachute Recovery System for DJI Matrice 300\/350\",\"item\":\"https:\/\/koningdrone.be\/product\/avss-parachute-recovery-system-for-dji-matrice-300-350\/\"},{\"@type\":\"ListItem\",\"position\":3,\"name\":\"Alle producten\",\"item\":\"https:\/\/koningdrone.be\/categorie\/alle-producten\/\"},{\"@type\":\"ListItem\",\"position\":4,\"name\":\"DJI Mini 3 Series Propeller Holder\"}]},{\"@type\":\"WebSite\",\"@id\":\"https:\/\/koningdrone.be\/#website\",\"url\":\"https:\/\/koningdrone.be\/\",\"name\":\"Koningdrone.be - Uw online specialist in drones, gimbals, camera's en power stations.\",\"description\":\"De webshop in drones en gimbals\",\"publisher\":{\"@id\":\"https:\/\/koningdrone.be\/#organization\"},\"potentialAction\":[{\"@type\":\"SearchAction\",\"target\":{\"@type\":\"EntryPoint\",\"urlTemplate\":\"https:\/\/koningdrone.be\/?s={search_term_string}\"},\"query-input\":{\"@type\":\"PropertyValueSpecification\",\"valueRequired\":true,\"valueName\":\"search_term_string\"}}],\"inLanguage\":\"fr-BE\"},{\"@type\":\"Organization\",\"@id\":\"https:\/\/koningdrone.be\/#organization\",\"name\":\"Koningdrone.be\",\"url\":\"https:\/\/koningdrone.be\/\",\"logo\":{\"@type\":\"ImageObject\",\"inLanguage\":\"fr-BE\",\"@id\":\"https:\/\/koningdrone.be\/#\/schema\/logo\/image\/\",\"url\":\"https:\/\/koningdrone.be\/wp-content\/uploads\/sites\/13\/2025\/04\/koningdrone-copyright-logo.svg\",\"contentUrl\":\"https:\/\/koningdrone.be\/wp-content\/uploads\/sites\/13\/2025\/04\/koningdrone-copyright-logo.svg\",\"width\":227,\"height\":38,\"caption\":\"Koningdrone.be\"},\"image\":{\"@id\":\"https:\/\/koningdrone.be\/#\/schema\/logo\/image\/\"}}]}<\/script>\n<!-- \/ Yoast SEO Premium plugin. -->","yoast_head_json":{"title":"DJI Mini 3 Series Propeller Holder - koningdrone.be","robots":{"index":"index","follow":"follow","max-snippet":"max-snippet:-1","max-image-preview":"max-image-preview:large","max-video-preview":"max-video-preview:-1"},"canonical":"https:\/\/koningdrone.be\/fr\/produit\/dji-mini-3-mini-3-pro-propeller-holder\/","og_locale":"fr_FR","og_type":"article","og_title":"DJI Mini 3 Series Propeller Holder","og_description":"Opvouwbaar voor gemakkelijk opbergen Voor- en achterpropellerbladen kunnen worden gebonden","og_url":"https:\/\/koningdrone.be\/fr\/produit\/dji-mini-3-mini-3-pro-propeller-holder\/","og_site_name":"koningdrone.be","article_modified_time":"2026-04-29T13:51:12+00:00","og_image":[{"width":1200,"height":800,"url":"https:\/\/koningdrone.be\/wp-content\/uploads\/sites\/13\/2025\/04\/59e8098172c04f6132b29306dcb71f1f@large.jpg","type":"image\/jpeg"}],"twitter_card":"summary_large_image","twitter_misc":{"Dur\u00e9e de lecture est.":"1 minute"},"schema":{"@context":"https:\/\/schema.org","@graph":[{"@type":"WebPage","@id":"https:\/\/koningdrone.be\/product\/dji-mini-3-mini-3-pro-propeller-holder\/","url":"https:\/\/koningdrone.be\/product\/dji-mini-3-mini-3-pro-propeller-holder\/","name":"DJI Mini 3 Series Propeller Holder - koningdrone.be","isPartOf":{"@id":"https:\/\/koningdrone.be\/#website"},"primaryImageOfPage":{"@id":"https:\/\/koningdrone.be\/product\/dji-mini-3-mini-3-pro-propeller-holder\/#primaryimage"},"image":{"@id":"https:\/\/koningdrone.be\/product\/dji-mini-3-mini-3-pro-propeller-holder\/#primaryimage"},"thumbnailUrl":"https:\/\/koningdrone.be\/wp-content\/uploads\/sites\/13\/2025\/04\/59e8098172c04f6132b29306dcb71f1f@large.jpg","datePublished":"2023-04-17T11:45:53+00:00","dateModified":"2026-04-29T13:51:12+00:00","breadcrumb":{"@id":"https:\/\/koningdrone.be\/product\/dji-mini-3-mini-3-pro-propeller-holder\/#breadcrumb"},"inLanguage":"fr-BE","potentialAction":[{"@type":"ReadAction","target":["https:\/\/koningdrone.be\/product\/dji-mini-3-mini-3-pro-propeller-holder\/"]}]},{"@type":"ImageObject","inLanguage":"fr-BE","@id":"https:\/\/koningdrone.be\/product\/dji-mini-3-mini-3-pro-propeller-holder\/#primaryimage","url":"https:\/\/koningdrone.be\/wp-content\/uploads\/sites\/13\/2025\/04\/59e8098172c04f6132b29306dcb71f1f@large.jpg","contentUrl":"https:\/\/koningdrone.be\/wp-content\/uploads\/sites\/13\/2025\/04\/59e8098172c04f6132b29306dcb71f1f@large.jpg","width":1200,"height":800},{"@type":"BreadcrumbList","@id":"https:\/\/koningdrone.be\/product\/dji-mini-3-mini-3-pro-propeller-holder\/#breadcrumb","itemListElement":[{"@type":"ListItem","position":1,"name":"Home","item":"https:\/\/koningdrone.be\/"},{"@type":"ListItem","position":2,"name":"AVSS Parachute Recovery System for DJI Matrice 300\/350","item":"https:\/\/koningdrone.be\/product\/avss-parachute-recovery-system-for-dji-matrice-300-350\/"},{"@type":"ListItem","position":3,"name":"Alle producten","item":"https:\/\/koningdrone.be\/categorie\/alle-producten\/"},{"@type":"ListItem","position":4,"name":"DJI Mini 3 Series Propeller Holder"}]},{"@type":"WebSite","@id":"https:\/\/koningdrone.be\/#website","url":"https:\/\/koningdrone.be\/","name":"Koningdrone.be - Votre sp\u00e9cialiste en ligne en mati\u00e8re de drones, de cardans, de cam\u00e9ras et de centrales \u00e9lectriques.","description":"La boutique en ligne de drones et de cardans","publisher":{"@id":"https:\/\/koningdrone.be\/#organization"},"potentialAction":[{"@type":"SearchAction","target":{"@type":"EntryPoint","urlTemplate":"https:\/\/koningdrone.be\/?s={search_term_string}"},"query-input":{"@type":"PropertyValueSpecification","valueRequired":true,"valueName":"search_term_string"}}],"inLanguage":"fr-BE"},{"@type":"Organization","@id":"https:\/\/koningdrone.be\/#organization","name":"Kingdrone.co.uk","url":"https:\/\/koningdrone.be\/","logo":{"@type":"ImageObject","inLanguage":"fr-BE","@id":"https:\/\/koningdrone.be\/#\/schema\/logo\/image\/","url":"https:\/\/koningdrone.be\/wp-content\/uploads\/sites\/13\/2025\/04\/koningdrone-copyright-logo.svg","contentUrl":"https:\/\/koningdrone.be\/wp-content\/uploads\/sites\/13\/2025\/04\/koningdrone-copyright-logo.svg","width":227,"height":38,"caption":"Koningdrone.be"},"image":{"@id":"https:\/\/koningdrone.be\/#\/schema\/logo\/image\/"}}]}},"df_price":13,"df_sale_price":"","df_regular_price":13,"df_image_link":"https:\/\/koningdrone.be\/wp-content\/uploads\/sites\/13\/2025\/04\/59e8098172c04f6132b29306dcb71f1f@large-300x200.jpg","_links":{"self":[{"href":"https:\/\/koningdrone.be\/fr\/wp-json\/wp\/v2\/product\/4960","targetHints":{"allow":["GET"]}}],"collection":[{"href":"https:\/\/koningdrone.be\/fr\/wp-json\/wp\/v2\/product"}],"about":[{"href":"https:\/\/koningdrone.be\/fr\/wp-json\/wp\/v2\/types\/product"}],"wp:featuredmedia":[{"embeddable":true,"href":"https:\/\/koningdrone.be\/fr\/wp-json\/wp\/v2\/media\/4957"}],"wp:attachment":[{"href":"https:\/\/koningdrone.be\/fr\/wp-json\/wp\/v2\/media?parent=4960"}],"wp:term":[{"taxonomy":"product_brand","embeddable":true,"href":"https:\/\/koningdrone.be\/fr\/wp-json\/wp\/v2\/product_brand?post=4960"},{"taxonomy":"product_cat","embeddable":true,"href":"https:\/\/koningdrone.be\/fr\/wp-json\/wp\/v2\/product_cat?post=4960"},{"taxonomy":"product_tag","embeddable":true,"href":"https:\/\/koningdrone.be\/fr\/wp-json\/wp\/v2\/product_tag?post=4960"}],"curies":[{"name":"wp","href":"https:\/\/api.w.org\/{rel}","templated":true}]}}