{"id":4956,"date":"2023-04-17T13:45:53","date_gmt":"2023-04-17T11:45:53","guid":{"rendered":"https:\/\/koningdrone.nl\/kon\/product\/ecoflow-adjustable-tilt-mount-bracket\/"},"modified":"2026-04-29T16:40:22","modified_gmt":"2026-04-29T14:40:22","slug":"ecoflow-adjustable-tilt-mount-bracket","status":"publish","type":"product","link":"https:\/\/koningdrone.be\/fr\/produit\/ecoflow-adjustable-tilt-mount-bracket\/","title":{"rendered":"Support de montage \u00e0 inclinaison r\u00e9glable EcoFlow"},"content":{"rendered":"<p>Avec le support d'inclinaison r\u00e9glable EcoFlow, vous pouvez installer des panneaux solaires d'environ 71 cm rapidement et en toute s\u00e9curit\u00e9. Cela vous permet d'alimenter facilement les stations de recharge. Le support est con\u00e7u pour fixer solidement les panneaux solaires et peut \u00eatre ajust\u00e9 pour d\u00e9finir l'angle optimal pour les panneaux solaires. Gr\u00e2ce \u00e0 ce support, vous pouvez facilement utiliser l'\u00e9nergie solaire pour toutes sortes d'applications.<\/p>\n<p><\/p>","protected":false},"excerpt":{"rendered":"<p>Met de EcoFlow verstelbare kantelbeugel kunt u zonnepanelen van ongeveer 71 cm snel en veilig installeren. Hiermee kunt u eenvoudig laadstations van stroom voorzien. De beugel is ontworpen om zonnepanelen stevig te bevestigen en kan worden aangepast om de optimale hoek voor de zonnepanelen in te stellen. Met deze standaard kunt u gemakkelijk gebruik maken [&hellip;]<\/p>\n","protected":false},"featured_media":4955,"template":"","meta":{"_acf_changed":false},"product_brand":[],"product_cat":[97,245,415],"product_tag":[],"class_list":{"0":"post-4956","1":"product","2":"type-product","3":"status-publish","4":"has-post-thumbnail","6":"product_cat-alle-producten","7":"product_cat-ecoflow","8":"product_cat-energy","9":"product_shipping_class-outofstock","10":"pa_brand-ecoflow","11":"pa_productfamily-solar-paneel-accessoire","12":"pa_producttype-solar-paneel-accessoire","14":"first","15":"outofstock","16":"taxable","17":"shipping-taxable","18":"purchasable","19":"product-type-simple"},"acf":[],"yoast_head":"<!-- This site is optimized with the Yoast SEO Premium plugin v27.2 (Yoast SEO v27.2) - https:\/\/yoast.com\/product\/yoast-seo-premium-wordpress\/ -->\n<title>EcoFlow Adjustable Tilt Mount Bracket - koningdrone.be<\/title>\n<meta name=\"robots\" content=\"index, follow, max-snippet:-1, max-image-preview:large, max-video-preview:-1\" \/>\n<link rel=\"canonical\" href=\"https:\/\/koningdrone.be\/fr\/produit\/ecoflow-adjustable-tilt-mount-bracket\/\" \/>\n<meta property=\"og:locale\" content=\"fr_FR\" \/>\n<meta property=\"og:type\" content=\"article\" \/>\n<meta property=\"og:title\" content=\"EcoFlow Adjustable Tilt Mount Bracket\" \/>\n<meta property=\"og:description\" content=\"Met de EcoFlow verstelbare kantelbeugel kunt u zonnepanelen van ongeveer 71 cm snel en veilig installeren. Hiermee kunt u eenvoudig laadstations van stroom voorzien. De beugel is ontworpen om zonnepanelen stevig te bevestigen en kan worden aangepast om de optimale hoek voor de zonnepanelen in te stellen. Met deze standaard kunt u gemakkelijk gebruik maken [&hellip;]\" \/>\n<meta property=\"og:url\" content=\"https:\/\/koningdrone.be\/fr\/produit\/ecoflow-adjustable-tilt-mount-bracket\/\" \/>\n<meta property=\"og:site_name\" content=\"koningdrone.be\" \/>\n<meta property=\"article:modified_time\" content=\"2026-04-29T14:40:22+00:00\" \/>\n<meta property=\"og:image\" content=\"https:\/\/koningdrone.be\/wp-content\/uploads\/sites\/13\/2025\/04\/4895251601412.jpg\" \/>\n\t<meta property=\"og:image:width\" content=\"540\" \/>\n\t<meta property=\"og:image:height\" content=\"540\" \/>\n\t<meta property=\"og:image:type\" content=\"image\/jpeg\" \/>\n<meta name=\"twitter:card\" content=\"summary_large_image\" \/>\n<script type=\"application\/ld+json\" class=\"yoast-schema-graph\">{\"@context\":\"https:\/\/schema.org\",\"@graph\":[{\"@type\":\"WebPage\",\"@id\":\"https:\/\/koningdrone.be\/product\/ecoflow-adjustable-tilt-mount-bracket\/\",\"url\":\"https:\/\/koningdrone.be\/product\/ecoflow-adjustable-tilt-mount-bracket\/\",\"name\":\"EcoFlow Adjustable Tilt Mount Bracket - koningdrone.be\",\"isPartOf\":{\"@id\":\"https:\/\/koningdrone.be\/#website\"},\"primaryImageOfPage\":{\"@id\":\"https:\/\/koningdrone.be\/product\/ecoflow-adjustable-tilt-mount-bracket\/#primaryimage\"},\"image\":{\"@id\":\"https:\/\/koningdrone.be\/product\/ecoflow-adjustable-tilt-mount-bracket\/#primaryimage\"},\"thumbnailUrl\":\"https:\/\/koningdrone.be\/wp-content\/uploads\/sites\/13\/2025\/04\/4895251601412.jpg\",\"datePublished\":\"2023-04-17T11:45:53+00:00\",\"dateModified\":\"2026-04-29T14:40:22+00:00\",\"breadcrumb\":{\"@id\":\"https:\/\/koningdrone.be\/product\/ecoflow-adjustable-tilt-mount-bracket\/#breadcrumb\"},\"inLanguage\":\"fr-BE\",\"potentialAction\":[{\"@type\":\"ReadAction\",\"target\":[\"https:\/\/koningdrone.be\/product\/ecoflow-adjustable-tilt-mount-bracket\/\"]}]},{\"@type\":\"ImageObject\",\"inLanguage\":\"fr-BE\",\"@id\":\"https:\/\/koningdrone.be\/product\/ecoflow-adjustable-tilt-mount-bracket\/#primaryimage\",\"url\":\"https:\/\/koningdrone.be\/wp-content\/uploads\/sites\/13\/2025\/04\/4895251601412.jpg\",\"contentUrl\":\"https:\/\/koningdrone.be\/wp-content\/uploads\/sites\/13\/2025\/04\/4895251601412.jpg\",\"width\":540,\"height\":540},{\"@type\":\"BreadcrumbList\",\"@id\":\"https:\/\/koningdrone.be\/product\/ecoflow-adjustable-tilt-mount-bracket\/#breadcrumb\",\"itemListElement\":[{\"@type\":\"ListItem\",\"position\":1,\"name\":\"Home\",\"item\":\"https:\/\/koningdrone.be\/\"},{\"@type\":\"ListItem\",\"position\":2,\"name\":\"AVSS Parachute Recovery System for DJI Matrice 300\/350\",\"item\":\"https:\/\/koningdrone.be\/product\/avss-parachute-recovery-system-for-dji-matrice-300-350\/\"},{\"@type\":\"ListItem\",\"position\":3,\"name\":\"Alle producten\",\"item\":\"https:\/\/koningdrone.be\/categorie\/alle-producten\/\"},{\"@type\":\"ListItem\",\"position\":4,\"name\":\"EcoFlow Adjustable Tilt Mount Bracket\"}]},{\"@type\":\"WebSite\",\"@id\":\"https:\/\/koningdrone.be\/#website\",\"url\":\"https:\/\/koningdrone.be\/\",\"name\":\"Koningdrone.be - Uw online specialist in drones, gimbals, camera's en power stations.\",\"description\":\"De webshop in drones en gimbals\",\"publisher\":{\"@id\":\"https:\/\/koningdrone.be\/#organization\"},\"potentialAction\":[{\"@type\":\"SearchAction\",\"target\":{\"@type\":\"EntryPoint\",\"urlTemplate\":\"https:\/\/koningdrone.be\/?s={search_term_string}\"},\"query-input\":{\"@type\":\"PropertyValueSpecification\",\"valueRequired\":true,\"valueName\":\"search_term_string\"}}],\"inLanguage\":\"fr-BE\"},{\"@type\":\"Organization\",\"@id\":\"https:\/\/koningdrone.be\/#organization\",\"name\":\"Koningdrone.be\",\"url\":\"https:\/\/koningdrone.be\/\",\"logo\":{\"@type\":\"ImageObject\",\"inLanguage\":\"fr-BE\",\"@id\":\"https:\/\/koningdrone.be\/#\/schema\/logo\/image\/\",\"url\":\"https:\/\/koningdrone.be\/wp-content\/uploads\/sites\/13\/2025\/04\/koningdrone-copyright-logo.svg\",\"contentUrl\":\"https:\/\/koningdrone.be\/wp-content\/uploads\/sites\/13\/2025\/04\/koningdrone-copyright-logo.svg\",\"width\":227,\"height\":38,\"caption\":\"Koningdrone.be\"},\"image\":{\"@id\":\"https:\/\/koningdrone.be\/#\/schema\/logo\/image\/\"}}]}<\/script>\n<!-- \/ Yoast SEO Premium plugin. -->","yoast_head_json":{"title":"EcoFlow Adjustable Tilt Mount Bracket - koningdrone.be","robots":{"index":"index","follow":"follow","max-snippet":"max-snippet:-1","max-image-preview":"max-image-preview:large","max-video-preview":"max-video-preview:-1"},"canonical":"https:\/\/koningdrone.be\/fr\/produit\/ecoflow-adjustable-tilt-mount-bracket\/","og_locale":"fr_FR","og_type":"article","og_title":"EcoFlow Adjustable Tilt Mount Bracket","og_description":"Met de EcoFlow verstelbare kantelbeugel kunt u zonnepanelen van ongeveer 71 cm snel en veilig installeren. Hiermee kunt u eenvoudig laadstations van stroom voorzien. De beugel is ontworpen om zonnepanelen stevig te bevestigen en kan worden aangepast om de optimale hoek voor de zonnepanelen in te stellen. Met deze standaard kunt u gemakkelijk gebruik maken [&hellip;]","og_url":"https:\/\/koningdrone.be\/fr\/produit\/ecoflow-adjustable-tilt-mount-bracket\/","og_site_name":"koningdrone.be","article_modified_time":"2026-04-29T14:40:22+00:00","og_image":[{"width":540,"height":540,"url":"https:\/\/koningdrone.be\/wp-content\/uploads\/sites\/13\/2025\/04\/4895251601412.jpg","type":"image\/jpeg"}],"twitter_card":"summary_large_image","schema":{"@context":"https:\/\/schema.org","@graph":[{"@type":"WebPage","@id":"https:\/\/koningdrone.be\/product\/ecoflow-adjustable-tilt-mount-bracket\/","url":"https:\/\/koningdrone.be\/product\/ecoflow-adjustable-tilt-mount-bracket\/","name":"EcoFlow Adjustable Tilt Mount Bracket - koningdrone.be","isPartOf":{"@id":"https:\/\/koningdrone.be\/#website"},"primaryImageOfPage":{"@id":"https:\/\/koningdrone.be\/product\/ecoflow-adjustable-tilt-mount-bracket\/#primaryimage"},"image":{"@id":"https:\/\/koningdrone.be\/product\/ecoflow-adjustable-tilt-mount-bracket\/#primaryimage"},"thumbnailUrl":"https:\/\/koningdrone.be\/wp-content\/uploads\/sites\/13\/2025\/04\/4895251601412.jpg","datePublished":"2023-04-17T11:45:53+00:00","dateModified":"2026-04-29T14:40:22+00:00","breadcrumb":{"@id":"https:\/\/koningdrone.be\/product\/ecoflow-adjustable-tilt-mount-bracket\/#breadcrumb"},"inLanguage":"fr-BE","potentialAction":[{"@type":"ReadAction","target":["https:\/\/koningdrone.be\/product\/ecoflow-adjustable-tilt-mount-bracket\/"]}]},{"@type":"ImageObject","inLanguage":"fr-BE","@id":"https:\/\/koningdrone.be\/product\/ecoflow-adjustable-tilt-mount-bracket\/#primaryimage","url":"https:\/\/koningdrone.be\/wp-content\/uploads\/sites\/13\/2025\/04\/4895251601412.jpg","contentUrl":"https:\/\/koningdrone.be\/wp-content\/uploads\/sites\/13\/2025\/04\/4895251601412.jpg","width":540,"height":540},{"@type":"BreadcrumbList","@id":"https:\/\/koningdrone.be\/product\/ecoflow-adjustable-tilt-mount-bracket\/#breadcrumb","itemListElement":[{"@type":"ListItem","position":1,"name":"Home","item":"https:\/\/koningdrone.be\/"},{"@type":"ListItem","position":2,"name":"AVSS Parachute Recovery System for DJI Matrice 300\/350","item":"https:\/\/koningdrone.be\/product\/avss-parachute-recovery-system-for-dji-matrice-300-350\/"},{"@type":"ListItem","position":3,"name":"Alle producten","item":"https:\/\/koningdrone.be\/categorie\/alle-producten\/"},{"@type":"ListItem","position":4,"name":"EcoFlow Adjustable Tilt Mount Bracket"}]},{"@type":"WebSite","@id":"https:\/\/koningdrone.be\/#website","url":"https:\/\/koningdrone.be\/","name":"Koningdrone.be - Votre sp\u00e9cialiste en ligne en mati\u00e8re de drones, de cardans, de cam\u00e9ras et de centrales \u00e9lectriques.","description":"La boutique en ligne de drones et de cardans","publisher":{"@id":"https:\/\/koningdrone.be\/#organization"},"potentialAction":[{"@type":"SearchAction","target":{"@type":"EntryPoint","urlTemplate":"https:\/\/koningdrone.be\/?s={search_term_string}"},"query-input":{"@type":"PropertyValueSpecification","valueRequired":true,"valueName":"search_term_string"}}],"inLanguage":"fr-BE"},{"@type":"Organization","@id":"https:\/\/koningdrone.be\/#organization","name":"Kingdrone.co.uk","url":"https:\/\/koningdrone.be\/","logo":{"@type":"ImageObject","inLanguage":"fr-BE","@id":"https:\/\/koningdrone.be\/#\/schema\/logo\/image\/","url":"https:\/\/koningdrone.be\/wp-content\/uploads\/sites\/13\/2025\/04\/koningdrone-copyright-logo.svg","contentUrl":"https:\/\/koningdrone.be\/wp-content\/uploads\/sites\/13\/2025\/04\/koningdrone-copyright-logo.svg","width":227,"height":38,"caption":"Koningdrone.be"},"image":{"@id":"https:\/\/koningdrone.be\/#\/schema\/logo\/image\/"}}]}},"df_price":56,"df_sale_price":"","df_regular_price":56,"df_image_link":"https:\/\/koningdrone.be\/wp-content\/uploads\/sites\/13\/2025\/04\/4895251601412-300x300.jpg","_links":{"self":[{"href":"https:\/\/koningdrone.be\/fr\/wp-json\/wp\/v2\/product\/4956","targetHints":{"allow":["GET"]}}],"collection":[{"href":"https:\/\/koningdrone.be\/fr\/wp-json\/wp\/v2\/product"}],"about":[{"href":"https:\/\/koningdrone.be\/fr\/wp-json\/wp\/v2\/types\/product"}],"wp:featuredmedia":[{"embeddable":true,"href":"https:\/\/koningdrone.be\/fr\/wp-json\/wp\/v2\/media\/4955"}],"wp:attachment":[{"href":"https:\/\/koningdrone.be\/fr\/wp-json\/wp\/v2\/media?parent=4956"}],"wp:term":[{"taxonomy":"product_brand","embeddable":true,"href":"https:\/\/koningdrone.be\/fr\/wp-json\/wp\/v2\/product_brand?post=4956"},{"taxonomy":"product_cat","embeddable":true,"href":"https:\/\/koningdrone.be\/fr\/wp-json\/wp\/v2\/product_cat?post=4956"},{"taxonomy":"product_tag","embeddable":true,"href":"https:\/\/koningdrone.be\/fr\/wp-json\/wp\/v2\/product_tag?post=4956"}],"curies":[{"name":"wp","href":"https:\/\/api.w.org\/{rel}","templated":true}]}}