{"id":4946,"date":"2023-04-17T13:45:53","date_gmt":"2023-04-17T11:45:53","guid":{"rendered":"https:\/\/koningdrone.nl\/kon\/product\/ecoflow-2kwh-lfp-battery-mounting-strap\/"},"modified":"2026-04-29T16:30:57","modified_gmt":"2026-04-29T14:30:57","slug":"ecoflow-2kwh-lfp-battery-mounting-strap","status":"publish","type":"product","link":"https:\/\/koningdrone.be\/fr\/produit\/ecoflow-2kwh-lfp-battery-mounting-strap\/","title":{"rendered":"Courroie de montage de la batterie EcoFlow 2kWh LFP"},"content":{"rendered":"<p>Le support de batterie EcoFlow 2 kWh LFP est sp\u00e9cialement con\u00e7u pour \u00eatre install\u00e9 dans le syst\u00e8me Power Kits. Gr\u00e2ce \u00e0 ce support de batterie, vous pouvez facilement et en toute s\u00e9curit\u00e9 fixer et int\u00e9grer votre batterie de 2 kWh dans le syst\u00e8me. La sangle de montage robuste assure une fixation stable et s\u00fbre, de sorte que vous n'avez pas \u00e0 vous soucier de la s\u00e9curit\u00e9 de votre batterie. Gr\u00e2ce \u00e0 ce support de batterie, vous pouvez tirer le meilleur parti de la puissance de votre batterie LFP de 2 kWh dans le syst\u00e8me Power Kits. Avec ce support de batterie, vous \u00eates assur\u00e9 d'une solution de stockage d'\u00e9nergie fiable et efficace.<\/p>\n<p><strong>Fixation s\u00fbre de la batterie<\/strong> <\/p>\n<p>Gr\u00e2ce \u00e0 sa sangle de montage robuste, le support de batterie EcoFlow 2 kWh LFP assure une fixation s\u00fbre de votre batterie. Vous avez ainsi l'esprit tranquille, sachant que votre batterie est solidement fix\u00e9e et bien prot\u00e9g\u00e9e. Que vous l'utilisiez dans un v\u00e9hicule ou ailleurs, ce support de batterie garantit une fixation fiable et stable, quelles que soient les conditions.<\/p>\n<p><strong>Une int\u00e9gration simple<\/strong> <\/p>\n<p>La conception du support de batterie EcoFlow 2 kWh LFP vous permet d'int\u00e9grer facilement votre batterie dans le syst\u00e8me Power Kits. Cela signifie que vous pouvez rapidement et facilement profiter des avantages du syst\u00e8me sans tracas ni proc\u00e9dures d'installation compliqu\u00e9es. En utilisant le support de batterie, vous pourrez utiliser votre puissante batterie LFP de 2 kWh en un rien de temps.<\/p>\n<p><strong>Stockage optimal de l'\u00e9nergie<\/strong> <\/p>\n<p>Avec le support de batterie EcoFlow 2 kWh LFP, vous pouvez tirer le meilleur parti de la puissance de votre batterie 2 kWh LFP. Vous disposez ainsi d'une solution de stockage d'\u00e9nergie fiable et efficace qui r\u00e9pond parfaitement \u00e0 vos besoins \u00e9nerg\u00e9tiques. Que ce soit pour un usage domestique ou professionnel, ce support de batterie garantit un stockage optimal de l'\u00e9nergie.<\/p>\n<p><\/p>","protected":false},"excerpt":{"rendered":"<p>De EcoFlow 2 kWh LFP-accuhouder is speciaal ontworpen voor installatie in het Power Kits-systeem. Met deze accuhouder kunt u eenvoudig en veilig uw accu van 2 kWh bevestigen en integreren in het systeem. De stevige montageband zorgt voor een stabiele en veilige bevestiging, waardoor u zich geen zorgen hoeft te maken over de veiligheid van [&hellip;]<\/p>\n","protected":false},"featured_media":4945,"template":"","meta":{"_acf_changed":false},"product_brand":[],"product_cat":[113,97,245,415],"product_tag":[],"class_list":{"0":"post-4946","1":"product","2":"type-product","3":"status-publish","4":"has-post-thumbnail","6":"product_cat-alle-batterijen","7":"product_cat-alle-producten","8":"product_cat-ecoflow","9":"product_cat-energy","10":"product_shipping_class-outofstock","11":"pa_brand-ecoflow","12":"pa_productfamily-batterij","13":"pa_producttype-batterij","15":"first","16":"outofstock","17":"taxable","18":"shipping-taxable","19":"purchasable","20":"product-type-simple"},"acf":[],"yoast_head":"<!-- This site is optimized with the Yoast SEO Premium plugin v27.2 (Yoast SEO v27.2) - https:\/\/yoast.com\/product\/yoast-seo-premium-wordpress\/ -->\n<title>EcoFlow 2kWh LFP Battery Mounting Strap - koningdrone.be<\/title>\n<meta name=\"robots\" content=\"index, follow, max-snippet:-1, max-image-preview:large, max-video-preview:-1\" \/>\n<link rel=\"canonical\" href=\"https:\/\/koningdrone.be\/fr\/produit\/ecoflow-2kwh-lfp-battery-mounting-strap\/\" \/>\n<meta property=\"og:locale\" content=\"fr_FR\" \/>\n<meta property=\"og:type\" content=\"article\" \/>\n<meta property=\"og:title\" content=\"EcoFlow 2kWh LFP Battery Mounting Strap\" \/>\n<meta property=\"og:description\" content=\"De EcoFlow 2 kWh LFP-accuhouder is speciaal ontworpen voor installatie in het Power Kits-systeem. Met deze accuhouder kunt u eenvoudig en veilig uw accu van 2 kWh bevestigen en integreren in het systeem. De stevige montageband zorgt voor een stabiele en veilige bevestiging, waardoor u zich geen zorgen hoeft te maken over de veiligheid van [&hellip;]\" \/>\n<meta property=\"og:url\" content=\"https:\/\/koningdrone.be\/fr\/produit\/ecoflow-2kwh-lfp-battery-mounting-strap\/\" \/>\n<meta property=\"og:site_name\" content=\"koningdrone.be\" \/>\n<meta property=\"article:modified_time\" content=\"2026-04-29T14:30:57+00:00\" \/>\n<meta property=\"og:image\" content=\"https:\/\/koningdrone.be\/wp-content\/uploads\/sites\/13\/2025\/04\/4897082669357.jpg\" \/>\n\t<meta property=\"og:image:width\" content=\"540\" \/>\n\t<meta property=\"og:image:height\" content=\"540\" \/>\n\t<meta property=\"og:image:type\" content=\"image\/jpeg\" \/>\n<meta name=\"twitter:card\" content=\"summary_large_image\" \/>\n<meta name=\"twitter:label1\" content=\"Dur\u00e9e de lecture est.\" \/>\n\t<meta name=\"twitter:data1\" content=\"1 minute\" \/>\n<script type=\"application\/ld+json\" class=\"yoast-schema-graph\">{\"@context\":\"https:\/\/schema.org\",\"@graph\":[{\"@type\":\"WebPage\",\"@id\":\"https:\/\/koningdrone.be\/product\/ecoflow-2kwh-lfp-battery-mounting-strap\/\",\"url\":\"https:\/\/koningdrone.be\/product\/ecoflow-2kwh-lfp-battery-mounting-strap\/\",\"name\":\"EcoFlow 2kWh LFP Battery Mounting Strap - koningdrone.be\",\"isPartOf\":{\"@id\":\"https:\/\/koningdrone.be\/#website\"},\"primaryImageOfPage\":{\"@id\":\"https:\/\/koningdrone.be\/product\/ecoflow-2kwh-lfp-battery-mounting-strap\/#primaryimage\"},\"image\":{\"@id\":\"https:\/\/koningdrone.be\/product\/ecoflow-2kwh-lfp-battery-mounting-strap\/#primaryimage\"},\"thumbnailUrl\":\"https:\/\/koningdrone.be\/wp-content\/uploads\/sites\/13\/2025\/04\/4897082669357.jpg\",\"datePublished\":\"2023-04-17T11:45:53+00:00\",\"dateModified\":\"2026-04-29T14:30:57+00:00\",\"breadcrumb\":{\"@id\":\"https:\/\/koningdrone.be\/product\/ecoflow-2kwh-lfp-battery-mounting-strap\/#breadcrumb\"},\"inLanguage\":\"fr-BE\",\"potentialAction\":[{\"@type\":\"ReadAction\",\"target\":[\"https:\/\/koningdrone.be\/product\/ecoflow-2kwh-lfp-battery-mounting-strap\/\"]}]},{\"@type\":\"ImageObject\",\"inLanguage\":\"fr-BE\",\"@id\":\"https:\/\/koningdrone.be\/product\/ecoflow-2kwh-lfp-battery-mounting-strap\/#primaryimage\",\"url\":\"https:\/\/koningdrone.be\/wp-content\/uploads\/sites\/13\/2025\/04\/4897082669357.jpg\",\"contentUrl\":\"https:\/\/koningdrone.be\/wp-content\/uploads\/sites\/13\/2025\/04\/4897082669357.jpg\",\"width\":540,\"height\":540},{\"@type\":\"BreadcrumbList\",\"@id\":\"https:\/\/koningdrone.be\/product\/ecoflow-2kwh-lfp-battery-mounting-strap\/#breadcrumb\",\"itemListElement\":[{\"@type\":\"ListItem\",\"position\":1,\"name\":\"Home\",\"item\":\"https:\/\/koningdrone.be\/\"},{\"@type\":\"ListItem\",\"position\":2,\"name\":\"AVSS Parachute Recovery System for DJI Matrice 300\/350\",\"item\":\"https:\/\/koningdrone.be\/product\/avss-parachute-recovery-system-for-dji-matrice-300-350\/\"},{\"@type\":\"ListItem\",\"position\":3,\"name\":\"Alle batterijen\",\"item\":\"https:\/\/koningdrone.be\/categorie\/alle-batterijen\/\"},{\"@type\":\"ListItem\",\"position\":4,\"name\":\"EcoFlow 2kWh LFP Battery Mounting Strap\"}]},{\"@type\":\"WebSite\",\"@id\":\"https:\/\/koningdrone.be\/#website\",\"url\":\"https:\/\/koningdrone.be\/\",\"name\":\"Koningdrone.be - Uw online specialist in drones, gimbals, camera's en power stations.\",\"description\":\"De webshop in drones en gimbals\",\"publisher\":{\"@id\":\"https:\/\/koningdrone.be\/#organization\"},\"potentialAction\":[{\"@type\":\"SearchAction\",\"target\":{\"@type\":\"EntryPoint\",\"urlTemplate\":\"https:\/\/koningdrone.be\/?s={search_term_string}\"},\"query-input\":{\"@type\":\"PropertyValueSpecification\",\"valueRequired\":true,\"valueName\":\"search_term_string\"}}],\"inLanguage\":\"fr-BE\"},{\"@type\":\"Organization\",\"@id\":\"https:\/\/koningdrone.be\/#organization\",\"name\":\"Koningdrone.be\",\"url\":\"https:\/\/koningdrone.be\/\",\"logo\":{\"@type\":\"ImageObject\",\"inLanguage\":\"fr-BE\",\"@id\":\"https:\/\/koningdrone.be\/#\/schema\/logo\/image\/\",\"url\":\"https:\/\/koningdrone.be\/wp-content\/uploads\/sites\/13\/2025\/04\/koningdrone-copyright-logo.svg\",\"contentUrl\":\"https:\/\/koningdrone.be\/wp-content\/uploads\/sites\/13\/2025\/04\/koningdrone-copyright-logo.svg\",\"width\":227,\"height\":38,\"caption\":\"Koningdrone.be\"},\"image\":{\"@id\":\"https:\/\/koningdrone.be\/#\/schema\/logo\/image\/\"}}]}<\/script>\n<!-- \/ Yoast SEO Premium plugin. -->","yoast_head_json":{"title":"EcoFlow 2kWh LFP Battery Mounting Strap - koningdrone.be","robots":{"index":"index","follow":"follow","max-snippet":"max-snippet:-1","max-image-preview":"max-image-preview:large","max-video-preview":"max-video-preview:-1"},"canonical":"https:\/\/koningdrone.be\/fr\/produit\/ecoflow-2kwh-lfp-battery-mounting-strap\/","og_locale":"fr_FR","og_type":"article","og_title":"EcoFlow 2kWh LFP Battery Mounting Strap","og_description":"De EcoFlow 2 kWh LFP-accuhouder is speciaal ontworpen voor installatie in het Power Kits-systeem. Met deze accuhouder kunt u eenvoudig en veilig uw accu van 2 kWh bevestigen en integreren in het systeem. De stevige montageband zorgt voor een stabiele en veilige bevestiging, waardoor u zich geen zorgen hoeft te maken over de veiligheid van [&hellip;]","og_url":"https:\/\/koningdrone.be\/fr\/produit\/ecoflow-2kwh-lfp-battery-mounting-strap\/","og_site_name":"koningdrone.be","article_modified_time":"2026-04-29T14:30:57+00:00","og_image":[{"width":540,"height":540,"url":"https:\/\/koningdrone.be\/wp-content\/uploads\/sites\/13\/2025\/04\/4897082669357.jpg","type":"image\/jpeg"}],"twitter_card":"summary_large_image","twitter_misc":{"Dur\u00e9e de lecture est.":"1 minute"},"schema":{"@context":"https:\/\/schema.org","@graph":[{"@type":"WebPage","@id":"https:\/\/koningdrone.be\/product\/ecoflow-2kwh-lfp-battery-mounting-strap\/","url":"https:\/\/koningdrone.be\/product\/ecoflow-2kwh-lfp-battery-mounting-strap\/","name":"EcoFlow 2kWh LFP Battery Mounting Strap - koningdrone.be","isPartOf":{"@id":"https:\/\/koningdrone.be\/#website"},"primaryImageOfPage":{"@id":"https:\/\/koningdrone.be\/product\/ecoflow-2kwh-lfp-battery-mounting-strap\/#primaryimage"},"image":{"@id":"https:\/\/koningdrone.be\/product\/ecoflow-2kwh-lfp-battery-mounting-strap\/#primaryimage"},"thumbnailUrl":"https:\/\/koningdrone.be\/wp-content\/uploads\/sites\/13\/2025\/04\/4897082669357.jpg","datePublished":"2023-04-17T11:45:53+00:00","dateModified":"2026-04-29T14:30:57+00:00","breadcrumb":{"@id":"https:\/\/koningdrone.be\/product\/ecoflow-2kwh-lfp-battery-mounting-strap\/#breadcrumb"},"inLanguage":"fr-BE","potentialAction":[{"@type":"ReadAction","target":["https:\/\/koningdrone.be\/product\/ecoflow-2kwh-lfp-battery-mounting-strap\/"]}]},{"@type":"ImageObject","inLanguage":"fr-BE","@id":"https:\/\/koningdrone.be\/product\/ecoflow-2kwh-lfp-battery-mounting-strap\/#primaryimage","url":"https:\/\/koningdrone.be\/wp-content\/uploads\/sites\/13\/2025\/04\/4897082669357.jpg","contentUrl":"https:\/\/koningdrone.be\/wp-content\/uploads\/sites\/13\/2025\/04\/4897082669357.jpg","width":540,"height":540},{"@type":"BreadcrumbList","@id":"https:\/\/koningdrone.be\/product\/ecoflow-2kwh-lfp-battery-mounting-strap\/#breadcrumb","itemListElement":[{"@type":"ListItem","position":1,"name":"Home","item":"https:\/\/koningdrone.be\/"},{"@type":"ListItem","position":2,"name":"AVSS Parachute Recovery System for DJI Matrice 300\/350","item":"https:\/\/koningdrone.be\/product\/avss-parachute-recovery-system-for-dji-matrice-300-350\/"},{"@type":"ListItem","position":3,"name":"Alle batterijen","item":"https:\/\/koningdrone.be\/categorie\/alle-batterijen\/"},{"@type":"ListItem","position":4,"name":"EcoFlow 2kWh LFP Battery Mounting Strap"}]},{"@type":"WebSite","@id":"https:\/\/koningdrone.be\/#website","url":"https:\/\/koningdrone.be\/","name":"Koningdrone.be - Votre sp\u00e9cialiste en ligne en mati\u00e8re de drones, de cardans, de cam\u00e9ras et de centrales \u00e9lectriques.","description":"La boutique en ligne de drones et de cardans","publisher":{"@id":"https:\/\/koningdrone.be\/#organization"},"potentialAction":[{"@type":"SearchAction","target":{"@type":"EntryPoint","urlTemplate":"https:\/\/koningdrone.be\/?s={search_term_string}"},"query-input":{"@type":"PropertyValueSpecification","valueRequired":true,"valueName":"search_term_string"}}],"inLanguage":"fr-BE"},{"@type":"Organization","@id":"https:\/\/koningdrone.be\/#organization","name":"Kingdrone.co.uk","url":"https:\/\/koningdrone.be\/","logo":{"@type":"ImageObject","inLanguage":"fr-BE","@id":"https:\/\/koningdrone.be\/#\/schema\/logo\/image\/","url":"https:\/\/koningdrone.be\/wp-content\/uploads\/sites\/13\/2025\/04\/koningdrone-copyright-logo.svg","contentUrl":"https:\/\/koningdrone.be\/wp-content\/uploads\/sites\/13\/2025\/04\/koningdrone-copyright-logo.svg","width":227,"height":38,"caption":"Koningdrone.be"},"image":{"@id":"https:\/\/koningdrone.be\/#\/schema\/logo\/image\/"}}]}},"df_price":49,"df_sale_price":"","df_regular_price":49,"df_image_link":"https:\/\/koningdrone.be\/wp-content\/uploads\/sites\/13\/2025\/04\/4897082669357-300x300.jpg","_links":{"self":[{"href":"https:\/\/koningdrone.be\/fr\/wp-json\/wp\/v2\/product\/4946","targetHints":{"allow":["GET"]}}],"collection":[{"href":"https:\/\/koningdrone.be\/fr\/wp-json\/wp\/v2\/product"}],"about":[{"href":"https:\/\/koningdrone.be\/fr\/wp-json\/wp\/v2\/types\/product"}],"wp:featuredmedia":[{"embeddable":true,"href":"https:\/\/koningdrone.be\/fr\/wp-json\/wp\/v2\/media\/4945"}],"wp:attachment":[{"href":"https:\/\/koningdrone.be\/fr\/wp-json\/wp\/v2\/media?parent=4946"}],"wp:term":[{"taxonomy":"product_brand","embeddable":true,"href":"https:\/\/koningdrone.be\/fr\/wp-json\/wp\/v2\/product_brand?post=4946"},{"taxonomy":"product_cat","embeddable":true,"href":"https:\/\/koningdrone.be\/fr\/wp-json\/wp\/v2\/product_cat?post=4946"},{"taxonomy":"product_tag","embeddable":true,"href":"https:\/\/koningdrone.be\/fr\/wp-json\/wp\/v2\/product_tag?post=4946"}],"curies":[{"name":"wp","href":"https:\/\/api.w.org\/{rel}","templated":true}]}}