{"id":4944,"date":"2023-04-17T13:45:53","date_gmt":"2023-04-17T11:45:53","guid":{"rendered":"https:\/\/koningdrone.nl\/kon\/product\/dji-rs-mini-quick-release-plate\/"},"modified":"2026-04-29T04:00:39","modified_gmt":"2026-04-29T02:00:39","slug":"dji-rs-mini-quick-release-plate","status":"publish","type":"product","link":"https:\/\/koningdrone.be\/fr\/produit\/dji-rs-mini-quick-release-plate\/","title":{"rendered":"Plaque de fixation rapide DJI RS Mini"},"content":{"rendered":"<p><strong>Pr\u00e9sentation de la plaque de fixation rapide \u00e0 double couche<\/strong><\/p>\n<p> Con\u00e7u pour le DJI RS 3 Mini, ce produit est dot\u00e9 d'une plaque de fixation rapide innovante \u00e0 double couche, conforme \u00e0 la norme ARCA. Ce compl\u00e9ment avanc\u00e9 \u00e0 votre \u00e9quipement photographique offre une libert\u00e9 de mouvement sur diff\u00e9rents syst\u00e8mes de tr\u00e9pieds, augmentant ainsi la flexibilit\u00e9 et l'efficacit\u00e9 de votre flux de travail.<\/p>\n<p><strong>Transition sans heurts des \u00e9quipements<\/strong><\/p>\n<p> La principale caract\u00e9ristique de ce produit est sa capacit\u00e9 \u00e0 permettre des transitions en douceur. La plaque de fixation rapide compatible ARCA permet aux photographes de d\u00e9placer leur \u00e9quipement d'un tr\u00e9pied \u00e0 l'autre rapidement et sans complications. Cette caract\u00e9ristique est particuli\u00e8rement utile pour les photographes en d\u00e9placement qui doivent s'adapter rapidement \u00e0 des conditions de prise de vue diff\u00e9rentes.<\/p>\n<p><strong>Am\u00e9lioration de la s\u00e9curit\u00e9 des cam\u00e9ras<\/strong><\/p>\n<p> Le guide de placement incurv\u00e9 de la plaque sup\u00e9rieure est une autre caract\u00e9ristique importante. Ce guide est sp\u00e9cialement con\u00e7u pour fournir une couche suppl\u00e9mentaire de s\u00e9curit\u00e9 afin de maintenir l'appareil photo fermement en place. Cette caract\u00e9ristique est extr\u00eamement rassurante, en particulier dans les environnements de prise de vue dynamiques o\u00f9 la s\u00e9curit\u00e9 de l'appareil photo est primordiale.<\/p>\n<p><strong>Con\u00e7u pour tous les photographes<\/strong><\/p>\n<p> Que vous d\u00e9butiez dans le monde de la photographie ou que vous soyez un professionnel chevronn\u00e9, ce produit offre une combinaison de facilit\u00e9 d'utilisation et de fiabilit\u00e9. La plaque de fixation rapide \u00e0 double couche simplifie non seulement votre exp\u00e9rience photographique, mais permet \u00e9galement de manipuler et de s\u00e9curiser votre \u00e9quipement photo en toute s\u00e9curit\u00e9.<\/p>\n<p><\/p>","protected":false},"excerpt":{"rendered":"<ul>\n<li>Sp\u00e9cialement con\u00e7u pour DJI RS 3 Mini<\/li>\n<li> \u00c9quip\u00e9 d'une nouvelle plaque de fixation rapide \u00e0 double couche<\/li>\n<li> Adopte la norme ARCA pour les interrupteurs \u00e0 tr\u00e9pied simple<\/li>\n<li> La plaque sup\u00e9rieure contient un guide de placement incurv\u00e9 pour plus de s\u00e9curit\u00e9<\/li>\n<\/ul>","protected":false},"featured_media":4942,"template":"","meta":{"_acf_changed":false},"product_brand":[],"product_cat":[315,410,97,586,265,721],"product_tag":[],"class_list":{"0":"post-4944","1":"product","2":"type-product","3":"status-publish","4":"has-post-thumbnail","6":"product_cat-alle-gimbals-en-cameras","7":"product_cat-alle-handheld-gimbals","8":"product_cat-alle-producten","9":"product_cat-dji","10":"product_cat-dji-ronin","11":"product_cat-dji-rs3","12":"product_shipping_class-acsystemsall","13":"pa_brand-dji","14":"pa_productfamily-quick-release-plate","15":"pa_producttype-quick-release-plate","16":"pa_series-rs","18":"first","19":"instock","20":"taxable","21":"shipping-taxable","22":"purchasable","23":"product-type-simple"},"acf":[],"yoast_head":"<!-- This site is optimized with the Yoast SEO Premium plugin v27.2 (Yoast SEO v27.2) - https:\/\/yoast.com\/product\/yoast-seo-premium-wordpress\/ -->\n<title>DJI RS Mini Quick-Release Plate - koningdrone.be<\/title>\n<meta name=\"robots\" content=\"index, follow, max-snippet:-1, max-image-preview:large, max-video-preview:-1\" \/>\n<link rel=\"canonical\" href=\"https:\/\/koningdrone.be\/fr\/produit\/dji-rs-mini-quick-release-plate\/\" \/>\n<meta property=\"og:locale\" content=\"fr_FR\" \/>\n<meta property=\"og:type\" content=\"article\" \/>\n<meta property=\"og:title\" content=\"DJI RS Mini Quick-Release Plate\" \/>\n<meta property=\"og:description\" content=\"Speciaal ontworpen voor DJI RS 3 Mini Voorzien van nieuwe dubbellaagse snelkoppelingsplaat Keurt de ARCA-standaard goed voor eenvoudige statiefschakelaars Bovenplaat bevat gebogen plaatsingsgeleider voor extra veiligheid\" \/>\n<meta property=\"og:url\" content=\"https:\/\/koningdrone.be\/fr\/produit\/dji-rs-mini-quick-release-plate\/\" \/>\n<meta property=\"og:site_name\" content=\"koningdrone.be\" \/>\n<meta property=\"article:modified_time\" content=\"2026-04-29T02:00:39+00:00\" \/>\n<meta property=\"og:image\" content=\"https:\/\/koningdrone.be\/wp-content\/uploads\/sites\/13\/2025\/04\/9cabe2f1409c4b3853503e6d0a944672@large.jpg\" \/>\n\t<meta property=\"og:image:width\" content=\"1200\" \/>\n\t<meta property=\"og:image:height\" content=\"800\" \/>\n\t<meta property=\"og:image:type\" content=\"image\/jpeg\" \/>\n<meta name=\"twitter:card\" content=\"summary_large_image\" \/>\n<meta name=\"twitter:label1\" content=\"Dur\u00e9e de lecture est.\" \/>\n\t<meta name=\"twitter:data1\" content=\"1 minute\" \/>\n<script type=\"application\/ld+json\" class=\"yoast-schema-graph\">{\"@context\":\"https:\/\/schema.org\",\"@graph\":[{\"@type\":\"WebPage\",\"@id\":\"https:\/\/koningdrone.be\/product\/dji-rs-mini-quick-release-plate\/\",\"url\":\"https:\/\/koningdrone.be\/product\/dji-rs-mini-quick-release-plate\/\",\"name\":\"DJI RS Mini Quick-Release Plate - koningdrone.be\",\"isPartOf\":{\"@id\":\"https:\/\/koningdrone.be\/#website\"},\"primaryImageOfPage\":{\"@id\":\"https:\/\/koningdrone.be\/product\/dji-rs-mini-quick-release-plate\/#primaryimage\"},\"image\":{\"@id\":\"https:\/\/koningdrone.be\/product\/dji-rs-mini-quick-release-plate\/#primaryimage\"},\"thumbnailUrl\":\"https:\/\/koningdrone.be\/wp-content\/uploads\/sites\/13\/2025\/04\/9cabe2f1409c4b3853503e6d0a944672@large.jpg\",\"datePublished\":\"2023-04-17T11:45:53+00:00\",\"dateModified\":\"2026-04-29T02:00:39+00:00\",\"breadcrumb\":{\"@id\":\"https:\/\/koningdrone.be\/product\/dji-rs-mini-quick-release-plate\/#breadcrumb\"},\"inLanguage\":\"fr-BE\",\"potentialAction\":[{\"@type\":\"ReadAction\",\"target\":[\"https:\/\/koningdrone.be\/product\/dji-rs-mini-quick-release-plate\/\"]}]},{\"@type\":\"ImageObject\",\"inLanguage\":\"fr-BE\",\"@id\":\"https:\/\/koningdrone.be\/product\/dji-rs-mini-quick-release-plate\/#primaryimage\",\"url\":\"https:\/\/koningdrone.be\/wp-content\/uploads\/sites\/13\/2025\/04\/9cabe2f1409c4b3853503e6d0a944672@large.jpg\",\"contentUrl\":\"https:\/\/koningdrone.be\/wp-content\/uploads\/sites\/13\/2025\/04\/9cabe2f1409c4b3853503e6d0a944672@large.jpg\",\"width\":1200,\"height\":800},{\"@type\":\"BreadcrumbList\",\"@id\":\"https:\/\/koningdrone.be\/product\/dji-rs-mini-quick-release-plate\/#breadcrumb\",\"itemListElement\":[{\"@type\":\"ListItem\",\"position\":1,\"name\":\"Home\",\"item\":\"https:\/\/koningdrone.be\/\"},{\"@type\":\"ListItem\",\"position\":2,\"name\":\"AVSS Parachute Recovery System for DJI Matrice 300\/350\",\"item\":\"https:\/\/koningdrone.be\/product\/avss-parachute-recovery-system-for-dji-matrice-300-350\/\"},{\"@type\":\"ListItem\",\"position\":3,\"name\":\"Alle gimbals en cameras\",\"item\":\"https:\/\/koningdrone.be\/categorie\/alle-gimbals-en-cameras\/\"},{\"@type\":\"ListItem\",\"position\":4,\"name\":\"DJI RS Mini Quick-Release Plate\"}]},{\"@type\":\"WebSite\",\"@id\":\"https:\/\/koningdrone.be\/#website\",\"url\":\"https:\/\/koningdrone.be\/\",\"name\":\"Koningdrone.be - Uw online specialist in drones, gimbals, camera's en power stations.\",\"description\":\"De webshop in drones en gimbals\",\"publisher\":{\"@id\":\"https:\/\/koningdrone.be\/#organization\"},\"potentialAction\":[{\"@type\":\"SearchAction\",\"target\":{\"@type\":\"EntryPoint\",\"urlTemplate\":\"https:\/\/koningdrone.be\/?s={search_term_string}\"},\"query-input\":{\"@type\":\"PropertyValueSpecification\",\"valueRequired\":true,\"valueName\":\"search_term_string\"}}],\"inLanguage\":\"fr-BE\"},{\"@type\":\"Organization\",\"@id\":\"https:\/\/koningdrone.be\/#organization\",\"name\":\"Koningdrone.be\",\"url\":\"https:\/\/koningdrone.be\/\",\"logo\":{\"@type\":\"ImageObject\",\"inLanguage\":\"fr-BE\",\"@id\":\"https:\/\/koningdrone.be\/#\/schema\/logo\/image\/\",\"url\":\"https:\/\/koningdrone.be\/wp-content\/uploads\/sites\/13\/2025\/04\/koningdrone-copyright-logo.svg\",\"contentUrl\":\"https:\/\/koningdrone.be\/wp-content\/uploads\/sites\/13\/2025\/04\/koningdrone-copyright-logo.svg\",\"width\":227,\"height\":38,\"caption\":\"Koningdrone.be\"},\"image\":{\"@id\":\"https:\/\/koningdrone.be\/#\/schema\/logo\/image\/\"}}]}<\/script>\n<!-- \/ Yoast SEO Premium plugin. -->","yoast_head_json":{"title":"DJI RS Mini Quick-Release Plate - koningdrone.be","robots":{"index":"index","follow":"follow","max-snippet":"max-snippet:-1","max-image-preview":"max-image-preview:large","max-video-preview":"max-video-preview:-1"},"canonical":"https:\/\/koningdrone.be\/fr\/produit\/dji-rs-mini-quick-release-plate\/","og_locale":"fr_FR","og_type":"article","og_title":"DJI RS Mini Quick-Release Plate","og_description":"Speciaal ontworpen voor DJI RS 3 Mini Voorzien van nieuwe dubbellaagse snelkoppelingsplaat Keurt de ARCA-standaard goed voor eenvoudige statiefschakelaars Bovenplaat bevat gebogen plaatsingsgeleider voor extra veiligheid","og_url":"https:\/\/koningdrone.be\/fr\/produit\/dji-rs-mini-quick-release-plate\/","og_site_name":"koningdrone.be","article_modified_time":"2026-04-29T02:00:39+00:00","og_image":[{"width":1200,"height":800,"url":"https:\/\/koningdrone.be\/wp-content\/uploads\/sites\/13\/2025\/04\/9cabe2f1409c4b3853503e6d0a944672@large.jpg","type":"image\/jpeg"}],"twitter_card":"summary_large_image","twitter_misc":{"Dur\u00e9e de lecture est.":"1 minute"},"schema":{"@context":"https:\/\/schema.org","@graph":[{"@type":"WebPage","@id":"https:\/\/koningdrone.be\/product\/dji-rs-mini-quick-release-plate\/","url":"https:\/\/koningdrone.be\/product\/dji-rs-mini-quick-release-plate\/","name":"DJI RS Mini Quick-Release Plate - koningdrone.be","isPartOf":{"@id":"https:\/\/koningdrone.be\/#website"},"primaryImageOfPage":{"@id":"https:\/\/koningdrone.be\/product\/dji-rs-mini-quick-release-plate\/#primaryimage"},"image":{"@id":"https:\/\/koningdrone.be\/product\/dji-rs-mini-quick-release-plate\/#primaryimage"},"thumbnailUrl":"https:\/\/koningdrone.be\/wp-content\/uploads\/sites\/13\/2025\/04\/9cabe2f1409c4b3853503e6d0a944672@large.jpg","datePublished":"2023-04-17T11:45:53+00:00","dateModified":"2026-04-29T02:00:39+00:00","breadcrumb":{"@id":"https:\/\/koningdrone.be\/product\/dji-rs-mini-quick-release-plate\/#breadcrumb"},"inLanguage":"fr-BE","potentialAction":[{"@type":"ReadAction","target":["https:\/\/koningdrone.be\/product\/dji-rs-mini-quick-release-plate\/"]}]},{"@type":"ImageObject","inLanguage":"fr-BE","@id":"https:\/\/koningdrone.be\/product\/dji-rs-mini-quick-release-plate\/#primaryimage","url":"https:\/\/koningdrone.be\/wp-content\/uploads\/sites\/13\/2025\/04\/9cabe2f1409c4b3853503e6d0a944672@large.jpg","contentUrl":"https:\/\/koningdrone.be\/wp-content\/uploads\/sites\/13\/2025\/04\/9cabe2f1409c4b3853503e6d0a944672@large.jpg","width":1200,"height":800},{"@type":"BreadcrumbList","@id":"https:\/\/koningdrone.be\/product\/dji-rs-mini-quick-release-plate\/#breadcrumb","itemListElement":[{"@type":"ListItem","position":1,"name":"Home","item":"https:\/\/koningdrone.be\/"},{"@type":"ListItem","position":2,"name":"AVSS Parachute Recovery System for DJI Matrice 300\/350","item":"https:\/\/koningdrone.be\/product\/avss-parachute-recovery-system-for-dji-matrice-300-350\/"},{"@type":"ListItem","position":3,"name":"Alle gimbals en cameras","item":"https:\/\/koningdrone.be\/categorie\/alle-gimbals-en-cameras\/"},{"@type":"ListItem","position":4,"name":"DJI RS Mini Quick-Release Plate"}]},{"@type":"WebSite","@id":"https:\/\/koningdrone.be\/#website","url":"https:\/\/koningdrone.be\/","name":"Koningdrone.be - Votre sp\u00e9cialiste en ligne en mati\u00e8re de drones, de cardans, de cam\u00e9ras et de centrales \u00e9lectriques.","description":"La boutique en ligne de drones et de cardans","publisher":{"@id":"https:\/\/koningdrone.be\/#organization"},"potentialAction":[{"@type":"SearchAction","target":{"@type":"EntryPoint","urlTemplate":"https:\/\/koningdrone.be\/?s={search_term_string}"},"query-input":{"@type":"PropertyValueSpecification","valueRequired":true,"valueName":"search_term_string"}}],"inLanguage":"fr-BE"},{"@type":"Organization","@id":"https:\/\/koningdrone.be\/#organization","name":"Kingdrone.co.uk","url":"https:\/\/koningdrone.be\/","logo":{"@type":"ImageObject","inLanguage":"fr-BE","@id":"https:\/\/koningdrone.be\/#\/schema\/logo\/image\/","url":"https:\/\/koningdrone.be\/wp-content\/uploads\/sites\/13\/2025\/04\/koningdrone-copyright-logo.svg","contentUrl":"https:\/\/koningdrone.be\/wp-content\/uploads\/sites\/13\/2025\/04\/koningdrone-copyright-logo.svg","width":227,"height":38,"caption":"Koningdrone.be"},"image":{"@id":"https:\/\/koningdrone.be\/#\/schema\/logo\/image\/"}}]}},"df_price":26,"df_sale_price":"","df_regular_price":26,"df_image_link":"https:\/\/koningdrone.be\/wp-content\/uploads\/sites\/13\/2025\/04\/9cabe2f1409c4b3853503e6d0a944672@large-300x200.jpg","_links":{"self":[{"href":"https:\/\/koningdrone.be\/fr\/wp-json\/wp\/v2\/product\/4944","targetHints":{"allow":["GET"]}}],"collection":[{"href":"https:\/\/koningdrone.be\/fr\/wp-json\/wp\/v2\/product"}],"about":[{"href":"https:\/\/koningdrone.be\/fr\/wp-json\/wp\/v2\/types\/product"}],"wp:featuredmedia":[{"embeddable":true,"href":"https:\/\/koningdrone.be\/fr\/wp-json\/wp\/v2\/media\/4942"}],"wp:attachment":[{"href":"https:\/\/koningdrone.be\/fr\/wp-json\/wp\/v2\/media?parent=4944"}],"wp:term":[{"taxonomy":"product_brand","embeddable":true,"href":"https:\/\/koningdrone.be\/fr\/wp-json\/wp\/v2\/product_brand?post=4944"},{"taxonomy":"product_cat","embeddable":true,"href":"https:\/\/koningdrone.be\/fr\/wp-json\/wp\/v2\/product_cat?post=4944"},{"taxonomy":"product_tag","embeddable":true,"href":"https:\/\/koningdrone.be\/fr\/wp-json\/wp\/v2\/product_tag?post=4944"}],"curies":[{"name":"wp","href":"https:\/\/api.w.org\/{rel}","templated":true}]}}