{"id":4941,"date":"2023-04-17T13:45:53","date_gmt":"2023-04-17T11:45:53","guid":{"rendered":"https:\/\/koningdrone.nl\/kon\/product\/dji-rs-bg21-grip\/"},"modified":"2026-04-29T15:10:46","modified_gmt":"2026-04-29T13:10:46","slug":"dji-rs-bg21-grip","status":"publish","type":"product","link":"https:\/\/koningdrone.be\/fr\/produit\/dji-rs-bg21-grip\/","title":{"rendered":"Poign\u00e9e DJI RS BG21"},"content":{"rendered":"<p><strong>Dur\u00e9e de fonctionnement prolong\u00e9e<\/strong><\/p>\n<p> La poign\u00e9e DJI RS BG21 est ing\u00e9nieusement con\u00e7ue pour \u00e9tendre vos capacit\u00e9s de tournage en offrant une dur\u00e9e d'utilisation impressionnante d'environ 12 heures. Cette caract\u00e9ristique remarquable permet aux cin\u00e9astes de capturer leur vision sans avoir \u00e0 s'inqui\u00e9ter constamment de l'\u00e9puisement de la batterie, ce qui permet de filmer presque toute une journ\u00e9e sans interruption.<\/p>\n<p><strong>Technologie de charge rapide<\/strong><\/p>\n<p> La poign\u00e9e RS BG21 comprend la n\u00e9cessit\u00e9 de d\u00e9lais d'ex\u00e9cution rapides dans le monde de la production cin\u00e9matographique et prend en charge la charge rapide 18W. Cette capacit\u00e9 permet \u00e0 la batterie de se recharger rapidement de 0 \u00e0 100% en seulement 2,5 heures, minimisant ainsi les temps d'arr\u00eat et vous permettant d'\u00eatre pr\u00eat pour l'action.<\/p>\n<p><strong>Alimentation continue<\/strong><\/p>\n<p> Un avantage exceptionnel de la poign\u00e9e RS BG21 est sa capacit\u00e9 \u00e0 se charger en cours d'utilisation. Cette caract\u00e9ristique garantit que votre RS 3 reste aliment\u00e9 et op\u00e9rationnel tout au long de la prise de vue, offrant un soutien continu \u00e0 vos efforts cr\u00e9atifs sans aucune interruption.<\/p>\n<p><strong>Conception \u00e0 lib\u00e9ration rapide<\/strong><\/p>\n<p> La conception de l'attache rapide de la poign\u00e9e DJI RS BG21 am\u00e9liore consid\u00e9rablement l'exp\u00e9rience de l'utilisateur en permettant un changement facile et rapide des poign\u00e9es. Cela permet non seulement de rationaliser le processus de montage et de d\u00e9montage, mais aussi d'obtenir un facteur de forme plus compact pour le stockage, optimisant ainsi l'espace dans votre sac d'\u00e9quipement.<\/p>\n<p><strong>Capacit\u00e9 de charge ind\u00e9pendante<\/strong><\/p>\n<p> En plus de ses fonctions int\u00e9gr\u00e9es, la poign\u00e9e offre la possibilit\u00e9 d'\u00eatre recharg\u00e9e ind\u00e9pendamment de la rotule. Cette polyvalence accrue permet aux utilisateurs de g\u00e9rer efficacement leur processus de charge, en veillant \u00e0 ce que la rotule et la poign\u00e9e re\u00e7oivent suffisamment d'\u00e9nergie et soient pr\u00eates \u00e0 l'emploi en cas de besoin.<\/p>\n<p><\/p>","protected":false},"excerpt":{"rendered":"<ul>\n<li>Cycle d'utilisation puissant jusqu'\u00e0 12 heures.<\/li>\n<li> Prise en charge de la charge rapide de 18 W.<\/li>\n<li> Chargement complet en seulement 2,5 heures.<\/li>\n<li> Utilisable pendant la charge.<\/li>\n<li> Conception \u00e0 d\u00e9gagement rapide pour un remplacement facile.<\/li>\n<li> Taille compacte pour un rangement plus facile.<\/li>\n<li> Peut \u00eatre recharg\u00e9 s\u00e9par\u00e9ment du cardan.<\/li>\n<\/ul>","protected":false},"featured_media":4938,"template":"","meta":{"_acf_changed":false},"product_brand":[],"product_cat":[268,410,97,265,721],"product_tag":[],"class_list":{"0":"post-4941","1":"product","2":"type-product","3":"status-publish","4":"has-post-thumbnail","6":"product_cat-alle-accessoires","7":"product_cat-alle-handheld-gimbals","8":"product_cat-alle-producten","9":"product_cat-dji-ronin","10":"product_cat-dji-rs3","11":"product_shipping_class-outofstock","12":"pa_brand-dji","13":"pa_productfamily-grip","14":"pa_producttype-grip","15":"pa_series-rs","17":"first","18":"outofstock","19":"taxable","20":"shipping-taxable","21":"purchasable","22":"product-type-simple"},"acf":[],"yoast_head":"<!-- This site is optimized with the Yoast SEO Premium plugin v27.2 (Yoast SEO v27.2) - https:\/\/yoast.com\/product\/yoast-seo-premium-wordpress\/ -->\n<title>DJI RS BG21 Grip - koningdrone.be<\/title>\n<meta name=\"robots\" content=\"index, follow, max-snippet:-1, max-image-preview:large, max-video-preview:-1\" \/>\n<link rel=\"canonical\" href=\"https:\/\/koningdrone.be\/fr\/produit\/dji-rs-bg21-grip\/\" \/>\n<meta property=\"og:locale\" content=\"fr_FR\" \/>\n<meta property=\"og:type\" content=\"article\" \/>\n<meta property=\"og:title\" content=\"DJI RS BG21 Grip\" \/>\n<meta property=\"og:description\" content=\"Krachtige gebruiksduur tot 12 uur. Ondersteunt snel opladen van 18 W. Volledig opgeladen in slechts 2,5 uur. Bruikbaar tijdens het opladen. Ontwerp met snelle ontgrendeling voor eenvoudige vervanging. Compact formaat voor eenvoudiger opslag. Kan afzonderlijk van de gimbal worden opgeladen.\" \/>\n<meta property=\"og:url\" content=\"https:\/\/koningdrone.be\/fr\/produit\/dji-rs-bg21-grip\/\" \/>\n<meta property=\"og:site_name\" content=\"koningdrone.be\" \/>\n<meta property=\"article:modified_time\" content=\"2026-04-29T13:10:46+00:00\" \/>\n<meta property=\"og:image\" content=\"https:\/\/koningdrone.be\/wp-content\/uploads\/sites\/13\/2025\/04\/586b3c2606e3c2709cf0d2d06cd49859@large.jpg\" \/>\n\t<meta property=\"og:image:width\" content=\"1200\" \/>\n\t<meta property=\"og:image:height\" content=\"800\" \/>\n\t<meta property=\"og:image:type\" content=\"image\/jpeg\" \/>\n<meta name=\"twitter:card\" content=\"summary_large_image\" \/>\n<meta name=\"twitter:label1\" content=\"Dur\u00e9e de lecture est.\" \/>\n\t<meta name=\"twitter:data1\" content=\"1 minute\" \/>\n<script type=\"application\/ld+json\" class=\"yoast-schema-graph\">{\"@context\":\"https:\/\/schema.org\",\"@graph\":[{\"@type\":\"WebPage\",\"@id\":\"https:\/\/koningdrone.be\/product\/dji-rs-bg21-grip\/\",\"url\":\"https:\/\/koningdrone.be\/product\/dji-rs-bg21-grip\/\",\"name\":\"DJI RS BG21 Grip - koningdrone.be\",\"isPartOf\":{\"@id\":\"https:\/\/koningdrone.be\/#website\"},\"primaryImageOfPage\":{\"@id\":\"https:\/\/koningdrone.be\/product\/dji-rs-bg21-grip\/#primaryimage\"},\"image\":{\"@id\":\"https:\/\/koningdrone.be\/product\/dji-rs-bg21-grip\/#primaryimage\"},\"thumbnailUrl\":\"https:\/\/koningdrone.be\/wp-content\/uploads\/sites\/13\/2025\/04\/586b3c2606e3c2709cf0d2d06cd49859@large.jpg\",\"datePublished\":\"2023-04-17T11:45:53+00:00\",\"dateModified\":\"2026-04-29T13:10:46+00:00\",\"breadcrumb\":{\"@id\":\"https:\/\/koningdrone.be\/product\/dji-rs-bg21-grip\/#breadcrumb\"},\"inLanguage\":\"fr-BE\",\"potentialAction\":[{\"@type\":\"ReadAction\",\"target\":[\"https:\/\/koningdrone.be\/product\/dji-rs-bg21-grip\/\"]}]},{\"@type\":\"ImageObject\",\"inLanguage\":\"fr-BE\",\"@id\":\"https:\/\/koningdrone.be\/product\/dji-rs-bg21-grip\/#primaryimage\",\"url\":\"https:\/\/koningdrone.be\/wp-content\/uploads\/sites\/13\/2025\/04\/586b3c2606e3c2709cf0d2d06cd49859@large.jpg\",\"contentUrl\":\"https:\/\/koningdrone.be\/wp-content\/uploads\/sites\/13\/2025\/04\/586b3c2606e3c2709cf0d2d06cd49859@large.jpg\",\"width\":1200,\"height\":800},{\"@type\":\"BreadcrumbList\",\"@id\":\"https:\/\/koningdrone.be\/product\/dji-rs-bg21-grip\/#breadcrumb\",\"itemListElement\":[{\"@type\":\"ListItem\",\"position\":1,\"name\":\"Home\",\"item\":\"https:\/\/koningdrone.be\/\"},{\"@type\":\"ListItem\",\"position\":2,\"name\":\"AVSS Parachute Recovery System for DJI Matrice 300\/350\",\"item\":\"https:\/\/koningdrone.be\/product\/avss-parachute-recovery-system-for-dji-matrice-300-350\/\"},{\"@type\":\"ListItem\",\"position\":3,\"name\":\"Alle accessoires\",\"item\":\"https:\/\/koningdrone.be\/categorie\/alle-accessoires\/\"},{\"@type\":\"ListItem\",\"position\":4,\"name\":\"DJI RS BG21 Grip\"}]},{\"@type\":\"WebSite\",\"@id\":\"https:\/\/koningdrone.be\/#website\",\"url\":\"https:\/\/koningdrone.be\/\",\"name\":\"Koningdrone.be - Uw online specialist in drones, gimbals, camera's en power stations.\",\"description\":\"De webshop in drones en gimbals\",\"publisher\":{\"@id\":\"https:\/\/koningdrone.be\/#organization\"},\"potentialAction\":[{\"@type\":\"SearchAction\",\"target\":{\"@type\":\"EntryPoint\",\"urlTemplate\":\"https:\/\/koningdrone.be\/?s={search_term_string}\"},\"query-input\":{\"@type\":\"PropertyValueSpecification\",\"valueRequired\":true,\"valueName\":\"search_term_string\"}}],\"inLanguage\":\"fr-BE\"},{\"@type\":\"Organization\",\"@id\":\"https:\/\/koningdrone.be\/#organization\",\"name\":\"Koningdrone.be\",\"url\":\"https:\/\/koningdrone.be\/\",\"logo\":{\"@type\":\"ImageObject\",\"inLanguage\":\"fr-BE\",\"@id\":\"https:\/\/koningdrone.be\/#\/schema\/logo\/image\/\",\"url\":\"https:\/\/koningdrone.be\/wp-content\/uploads\/sites\/13\/2025\/04\/koningdrone-copyright-logo.svg\",\"contentUrl\":\"https:\/\/koningdrone.be\/wp-content\/uploads\/sites\/13\/2025\/04\/koningdrone-copyright-logo.svg\",\"width\":227,\"height\":38,\"caption\":\"Koningdrone.be\"},\"image\":{\"@id\":\"https:\/\/koningdrone.be\/#\/schema\/logo\/image\/\"}}]}<\/script>\n<!-- \/ Yoast SEO Premium plugin. -->","yoast_head_json":{"title":"DJI RS BG21 Grip - koningdrone.be","robots":{"index":"index","follow":"follow","max-snippet":"max-snippet:-1","max-image-preview":"max-image-preview:large","max-video-preview":"max-video-preview:-1"},"canonical":"https:\/\/koningdrone.be\/fr\/produit\/dji-rs-bg21-grip\/","og_locale":"fr_FR","og_type":"article","og_title":"DJI RS BG21 Grip","og_description":"Krachtige gebruiksduur tot 12 uur. Ondersteunt snel opladen van 18 W. Volledig opgeladen in slechts 2,5 uur. Bruikbaar tijdens het opladen. Ontwerp met snelle ontgrendeling voor eenvoudige vervanging. Compact formaat voor eenvoudiger opslag. Kan afzonderlijk van de gimbal worden opgeladen.","og_url":"https:\/\/koningdrone.be\/fr\/produit\/dji-rs-bg21-grip\/","og_site_name":"koningdrone.be","article_modified_time":"2026-04-29T13:10:46+00:00","og_image":[{"width":1200,"height":800,"url":"https:\/\/koningdrone.be\/wp-content\/uploads\/sites\/13\/2025\/04\/586b3c2606e3c2709cf0d2d06cd49859@large.jpg","type":"image\/jpeg"}],"twitter_card":"summary_large_image","twitter_misc":{"Dur\u00e9e de lecture est.":"1 minute"},"schema":{"@context":"https:\/\/schema.org","@graph":[{"@type":"WebPage","@id":"https:\/\/koningdrone.be\/product\/dji-rs-bg21-grip\/","url":"https:\/\/koningdrone.be\/product\/dji-rs-bg21-grip\/","name":"DJI RS BG21 Grip - koningdrone.be","isPartOf":{"@id":"https:\/\/koningdrone.be\/#website"},"primaryImageOfPage":{"@id":"https:\/\/koningdrone.be\/product\/dji-rs-bg21-grip\/#primaryimage"},"image":{"@id":"https:\/\/koningdrone.be\/product\/dji-rs-bg21-grip\/#primaryimage"},"thumbnailUrl":"https:\/\/koningdrone.be\/wp-content\/uploads\/sites\/13\/2025\/04\/586b3c2606e3c2709cf0d2d06cd49859@large.jpg","datePublished":"2023-04-17T11:45:53+00:00","dateModified":"2026-04-29T13:10:46+00:00","breadcrumb":{"@id":"https:\/\/koningdrone.be\/product\/dji-rs-bg21-grip\/#breadcrumb"},"inLanguage":"fr-BE","potentialAction":[{"@type":"ReadAction","target":["https:\/\/koningdrone.be\/product\/dji-rs-bg21-grip\/"]}]},{"@type":"ImageObject","inLanguage":"fr-BE","@id":"https:\/\/koningdrone.be\/product\/dji-rs-bg21-grip\/#primaryimage","url":"https:\/\/koningdrone.be\/wp-content\/uploads\/sites\/13\/2025\/04\/586b3c2606e3c2709cf0d2d06cd49859@large.jpg","contentUrl":"https:\/\/koningdrone.be\/wp-content\/uploads\/sites\/13\/2025\/04\/586b3c2606e3c2709cf0d2d06cd49859@large.jpg","width":1200,"height":800},{"@type":"BreadcrumbList","@id":"https:\/\/koningdrone.be\/product\/dji-rs-bg21-grip\/#breadcrumb","itemListElement":[{"@type":"ListItem","position":1,"name":"Home","item":"https:\/\/koningdrone.be\/"},{"@type":"ListItem","position":2,"name":"AVSS Parachute Recovery System for DJI Matrice 300\/350","item":"https:\/\/koningdrone.be\/product\/avss-parachute-recovery-system-for-dji-matrice-300-350\/"},{"@type":"ListItem","position":3,"name":"Alle accessoires","item":"https:\/\/koningdrone.be\/categorie\/alle-accessoires\/"},{"@type":"ListItem","position":4,"name":"DJI RS BG21 Grip"}]},{"@type":"WebSite","@id":"https:\/\/koningdrone.be\/#website","url":"https:\/\/koningdrone.be\/","name":"Koningdrone.be - Votre sp\u00e9cialiste en ligne en mati\u00e8re de drones, de cardans, de cam\u00e9ras et de centrales \u00e9lectriques.","description":"La boutique en ligne de drones et de cardans","publisher":{"@id":"https:\/\/koningdrone.be\/#organization"},"potentialAction":[{"@type":"SearchAction","target":{"@type":"EntryPoint","urlTemplate":"https:\/\/koningdrone.be\/?s={search_term_string}"},"query-input":{"@type":"PropertyValueSpecification","valueRequired":true,"valueName":"search_term_string"}}],"inLanguage":"fr-BE"},{"@type":"Organization","@id":"https:\/\/koningdrone.be\/#organization","name":"Kingdrone.co.uk","url":"https:\/\/koningdrone.be\/","logo":{"@type":"ImageObject","inLanguage":"fr-BE","@id":"https:\/\/koningdrone.be\/#\/schema\/logo\/image\/","url":"https:\/\/koningdrone.be\/wp-content\/uploads\/sites\/13\/2025\/04\/koningdrone-copyright-logo.svg","contentUrl":"https:\/\/koningdrone.be\/wp-content\/uploads\/sites\/13\/2025\/04\/koningdrone-copyright-logo.svg","width":227,"height":38,"caption":"Koningdrone.be"},"image":{"@id":"https:\/\/koningdrone.be\/#\/schema\/logo\/image\/"}}]}},"df_price":89,"df_sale_price":"","df_regular_price":89,"df_image_link":"https:\/\/koningdrone.be\/wp-content\/uploads\/sites\/13\/2025\/04\/586b3c2606e3c2709cf0d2d06cd49859@large-300x200.jpg","_links":{"self":[{"href":"https:\/\/koningdrone.be\/fr\/wp-json\/wp\/v2\/product\/4941","targetHints":{"allow":["GET"]}}],"collection":[{"href":"https:\/\/koningdrone.be\/fr\/wp-json\/wp\/v2\/product"}],"about":[{"href":"https:\/\/koningdrone.be\/fr\/wp-json\/wp\/v2\/types\/product"}],"wp:featuredmedia":[{"embeddable":true,"href":"https:\/\/koningdrone.be\/fr\/wp-json\/wp\/v2\/media\/4938"}],"wp:attachment":[{"href":"https:\/\/koningdrone.be\/fr\/wp-json\/wp\/v2\/media?parent=4941"}],"wp:term":[{"taxonomy":"product_brand","embeddable":true,"href":"https:\/\/koningdrone.be\/fr\/wp-json\/wp\/v2\/product_brand?post=4941"},{"taxonomy":"product_cat","embeddable":true,"href":"https:\/\/koningdrone.be\/fr\/wp-json\/wp\/v2\/product_cat?post=4941"},{"taxonomy":"product_tag","embeddable":true,"href":"https:\/\/koningdrone.be\/fr\/wp-json\/wp\/v2\/product_tag?post=4941"}],"curies":[{"name":"wp","href":"https:\/\/api.w.org\/{rel}","templated":true}]}}