{"id":4930,"date":"2023-04-17T13:45:53","date_gmt":"2023-04-17T11:45:53","guid":{"rendered":"https:\/\/koningdrone.nl\/kon\/product\/dji-rc-motion-2\/"},"modified":"2026-04-29T15:50:02","modified_gmt":"2026-04-29T13:50:02","slug":"dji-rc-motion-2","status":"publish","type":"product","link":"https:\/\/koningdrone.be\/fr\/produit\/dji-rc-motion-2\/","title":{"rendered":"DJI RC Motion 2"},"content":{"rendered":"<p>Plongez dans le monde fascinant de l'exploration a\u00e9rienne bas\u00e9e sur le mouvement avec le DJI RC Motion 2. Con\u00e7u pour \u00eatre simple et intuitif, cet appareil permet aux d\u00e9butants comme aux amateurs chevronn\u00e9s de red\u00e9couvrir les joies du vol gr\u00e2ce \u00e0 des commandes de mouvement innovantes.<br \/><strong>Exp\u00e9rience immersive de contr\u00f4le des mouvements<\/strong><\/p>\n<p> Profitez d'une connexion sans pr\u00e9c\u00e9dent avec le ciel gr\u00e2ce au DJI RC Motion 2 qui traduit les mouvements de votre poignet en directions de vol fluides et en temps r\u00e9el. Associ\u00e9 \u00e0 un joystick r\u00e9actif, le pilotage dans les airs devient une extension de vos propres gestes, offrant une mani\u00e8re nouvelle et excitante d'explorer depuis le ciel.<\/p>\n<p><strong>Facilit\u00e9 d'utilisation et confort<\/strong><\/p>\n<p> Le DJI RC Motion 2 est con\u00e7u pour un confort et une commodit\u00e9 \u00e0 long terme, vous permettant de vous immerger dans l'exp\u00e9rience de vol sans fatigue. Le design privil\u00e9gie l'utilisation d'une seule main, avec des commandes accessibles comprenant un acc\u00e9l\u00e9rateur, un mode et des boutons de verrouillage, mettant une pl\u00e9thore d'actions de vol au bout de vos doigts sans effort. Qu'il s'agisse de d\u00e9coller, d'atterrir avec pr\u00e9cision, d'acc\u00e9l\u00e9rer, de tourner ou m\u00eame de mitrailler, le contr\u00f4le est simplement une question de gestes intuitifs.<\/p>\n<p><strong>Am\u00e9lioration du fonctionnement multidirectionnel<\/strong><\/p>\n<p> Profitez d'un contr\u00f4le encore plus fluide de l'altitude et de la direction gr\u00e2ce au nouveau joystick, qui permet des mouvements nuanc\u00e9s et dynamiques pour le d\u00e9collage, l'atterrissage et les man\u0153uvres agiles. La nouvelle fonction de marche arri\u00e8re sur l'acc\u00e9l\u00e9rateur vous permet de naviguer dans les espaces restreints en volant \u00e0 reculons aussi facilement que vous le faites en entrant. De plus, la molette FN simplifie le r\u00e9glage des param\u00e8tres de l'appareil photo tels que l'ISO et la vitesse d'obturation, permettant des changements rapides sans avoir \u00e0 interrompre votre exp\u00e9rience de vol pour ajuster les lunettes.<\/p>\n<p><strong>R\u00e9sum\u00e9<\/strong><\/p>\n<p> Le DJI RC Motion 2 red\u00e9finit le pilotage manuel gr\u00e2ce \u00e0 la fusion de commandes intuitives et de technologies avanc\u00e9es, garantissant une exp\u00e9rience de vol accessible et approfondie pour tous.<\/p>\n<p><\/p>","protected":false},"excerpt":{"rendered":"<ul>\n<li>Permet une commande de vol bas\u00e9e sur le mouvement, pratique et r\u00e9active.<\/li>\n<li> Technologie immersive de d\u00e9tection des mouvements pour un contr\u00f4le directionnel intuitif.<\/li>\n<li> Optimis\u00e9 pour une utilisation d'une seule main avec des boutons multifonctions.<\/li>\n<li> Permet des man\u0153uvres polyvalentes telles que le d\u00e9collage, l'atterrissage et le vol en arri\u00e8re.<\/li>\n<li> Joystick am\u00e9lior\u00e9 pour un contr\u00f4le plus souple de la hauteur et de la direction.<\/li>\n<li> Fonction de marche arri\u00e8re sur l'acc\u00e9l\u00e9rateur pour la navigation dans les situations difficiles.<\/li>\n<li> La molette FN simplifie le r\u00e9glage des param\u00e8tres de l'appareil photo en vol.<\/li>\n<li> Con\u00e7u pour un plus grand confort d'utilisation.<\/li>\n<\/ul>","protected":false},"featured_media":4927,"template":"","meta":{"_acf_changed":false},"product_brand":[],"product_cat":[122,97,950],"product_tag":[],"class_list":{"0":"post-4930","1":"product","2":"type-product","3":"status-publish","4":"has-post-thumbnail","6":"product_cat-alle-afstandsbedieningen","7":"product_cat-alle-producten","8":"product_cat-dji-rc-motion-2","9":"product_shipping_class-outofstock","10":"pa_brand-dji","11":"pa_productfamily-afstandsbediening","12":"pa_producttype-afstandsbediening","13":"pa_series-avata","15":"first","16":"outofstock","17":"taxable","18":"shipping-taxable","19":"purchasable","20":"product-type-simple"},"acf":[],"yoast_head":"<!-- This site is optimized with the Yoast SEO Premium plugin v27.2 (Yoast SEO v27.2) - https:\/\/yoast.com\/product\/yoast-seo-premium-wordpress\/ -->\n<title>DJI RC Motion 2 - koningdrone.be<\/title>\n<meta name=\"robots\" content=\"index, follow, max-snippet:-1, max-image-preview:large, max-video-preview:-1\" \/>\n<link rel=\"canonical\" href=\"https:\/\/koningdrone.be\/fr\/produit\/dji-rc-motion-2\/\" \/>\n<meta property=\"og:locale\" content=\"fr_FR\" \/>\n<meta property=\"og:type\" content=\"article\" \/>\n<meta property=\"og:title\" content=\"DJI RC Motion 2\" \/>\n<meta property=\"og:description\" content=\"Biedt handige en responsieve bewegingsgebaseerde vluchtbesturing. Meeslepende bewegingsdetectietechnologie voor intu\u00eftieve richtingscontrole. Geoptimaliseerd voor gebruik met \u00e9\u00e9n hand met multifunctionele knoppen. Ondersteunt veelzijdige manoeuvres zoals opstijgen, landen en achteruit vliegen. Verbeterde joystick voor soepelere hoogte- en richtingscontrole. Omkeerfunctie op het gaspedaal voor navigatie in krappe situaties. De FN-draaiknop vereenvoudigt aanpassingen van de camera-instellingen tijdens de vlucht. Ontworpen voor meer comfort tijdens gebruik.\" \/>\n<meta property=\"og:url\" content=\"https:\/\/koningdrone.be\/fr\/produit\/dji-rc-motion-2\/\" \/>\n<meta property=\"og:site_name\" content=\"koningdrone.be\" \/>\n<meta property=\"article:modified_time\" content=\"2026-04-29T13:50:02+00:00\" \/>\n<meta property=\"og:image\" content=\"https:\/\/koningdrone.be\/wp-content\/uploads\/sites\/13\/2025\/04\/6a87c31dbdcd2a2f4521ff1b536863d9@large.jpg\" \/>\n\t<meta property=\"og:image:width\" content=\"1200\" \/>\n\t<meta property=\"og:image:height\" content=\"800\" \/>\n\t<meta property=\"og:image:type\" content=\"image\/jpeg\" \/>\n<meta name=\"twitter:card\" content=\"summary_large_image\" \/>\n<meta name=\"twitter:label1\" content=\"Dur\u00e9e de lecture est.\" \/>\n\t<meta name=\"twitter:data1\" content=\"1 minute\" \/>\n<script type=\"application\/ld+json\" class=\"yoast-schema-graph\">{\"@context\":\"https:\/\/schema.org\",\"@graph\":[{\"@type\":\"WebPage\",\"@id\":\"https:\/\/koningdrone.be\/product\/dji-rc-motion-2\/\",\"url\":\"https:\/\/koningdrone.be\/product\/dji-rc-motion-2\/\",\"name\":\"DJI RC Motion 2 - koningdrone.be\",\"isPartOf\":{\"@id\":\"https:\/\/koningdrone.be\/#website\"},\"primaryImageOfPage\":{\"@id\":\"https:\/\/koningdrone.be\/product\/dji-rc-motion-2\/#primaryimage\"},\"image\":{\"@id\":\"https:\/\/koningdrone.be\/product\/dji-rc-motion-2\/#primaryimage\"},\"thumbnailUrl\":\"https:\/\/koningdrone.be\/wp-content\/uploads\/sites\/13\/2025\/04\/6a87c31dbdcd2a2f4521ff1b536863d9@large.jpg\",\"datePublished\":\"2023-04-17T11:45:53+00:00\",\"dateModified\":\"2026-04-29T13:50:02+00:00\",\"breadcrumb\":{\"@id\":\"https:\/\/koningdrone.be\/product\/dji-rc-motion-2\/#breadcrumb\"},\"inLanguage\":\"fr-BE\",\"potentialAction\":[{\"@type\":\"ReadAction\",\"target\":[\"https:\/\/koningdrone.be\/product\/dji-rc-motion-2\/\"]}]},{\"@type\":\"ImageObject\",\"inLanguage\":\"fr-BE\",\"@id\":\"https:\/\/koningdrone.be\/product\/dji-rc-motion-2\/#primaryimage\",\"url\":\"https:\/\/koningdrone.be\/wp-content\/uploads\/sites\/13\/2025\/04\/6a87c31dbdcd2a2f4521ff1b536863d9@large.jpg\",\"contentUrl\":\"https:\/\/koningdrone.be\/wp-content\/uploads\/sites\/13\/2025\/04\/6a87c31dbdcd2a2f4521ff1b536863d9@large.jpg\",\"width\":1200,\"height\":800},{\"@type\":\"BreadcrumbList\",\"@id\":\"https:\/\/koningdrone.be\/product\/dji-rc-motion-2\/#breadcrumb\",\"itemListElement\":[{\"@type\":\"ListItem\",\"position\":1,\"name\":\"Home\",\"item\":\"https:\/\/koningdrone.be\/\"},{\"@type\":\"ListItem\",\"position\":2,\"name\":\"AVSS Parachute Recovery System for DJI Matrice 300\/350\",\"item\":\"https:\/\/koningdrone.be\/product\/avss-parachute-recovery-system-for-dji-matrice-300-350\/\"},{\"@type\":\"ListItem\",\"position\":3,\"name\":\"Alle afstandsbedieningen\",\"item\":\"https:\/\/koningdrone.be\/categorie\/alle-afstandsbedieningen\/\"},{\"@type\":\"ListItem\",\"position\":4,\"name\":\"DJI RC Motion 2\"}]},{\"@type\":\"WebSite\",\"@id\":\"https:\/\/koningdrone.be\/#website\",\"url\":\"https:\/\/koningdrone.be\/\",\"name\":\"Koningdrone.be - Uw online specialist in drones, gimbals, camera's en power stations.\",\"description\":\"De webshop in drones en gimbals\",\"publisher\":{\"@id\":\"https:\/\/koningdrone.be\/#organization\"},\"potentialAction\":[{\"@type\":\"SearchAction\",\"target\":{\"@type\":\"EntryPoint\",\"urlTemplate\":\"https:\/\/koningdrone.be\/?s={search_term_string}\"},\"query-input\":{\"@type\":\"PropertyValueSpecification\",\"valueRequired\":true,\"valueName\":\"search_term_string\"}}],\"inLanguage\":\"fr-BE\"},{\"@type\":\"Organization\",\"@id\":\"https:\/\/koningdrone.be\/#organization\",\"name\":\"Koningdrone.be\",\"url\":\"https:\/\/koningdrone.be\/\",\"logo\":{\"@type\":\"ImageObject\",\"inLanguage\":\"fr-BE\",\"@id\":\"https:\/\/koningdrone.be\/#\/schema\/logo\/image\/\",\"url\":\"https:\/\/koningdrone.be\/wp-content\/uploads\/sites\/13\/2025\/04\/koningdrone-copyright-logo.svg\",\"contentUrl\":\"https:\/\/koningdrone.be\/wp-content\/uploads\/sites\/13\/2025\/04\/koningdrone-copyright-logo.svg\",\"width\":227,\"height\":38,\"caption\":\"Koningdrone.be\"},\"image\":{\"@id\":\"https:\/\/koningdrone.be\/#\/schema\/logo\/image\/\"}}]}<\/script>\n<!-- \/ Yoast SEO Premium plugin. -->","yoast_head_json":{"title":"DJI RC Motion 2 - koningdrone.be","robots":{"index":"index","follow":"follow","max-snippet":"max-snippet:-1","max-image-preview":"max-image-preview:large","max-video-preview":"max-video-preview:-1"},"canonical":"https:\/\/koningdrone.be\/fr\/produit\/dji-rc-motion-2\/","og_locale":"fr_FR","og_type":"article","og_title":"DJI RC Motion 2","og_description":"Biedt handige en responsieve bewegingsgebaseerde vluchtbesturing. Meeslepende bewegingsdetectietechnologie voor intu\u00eftieve richtingscontrole. Geoptimaliseerd voor gebruik met \u00e9\u00e9n hand met multifunctionele knoppen. Ondersteunt veelzijdige manoeuvres zoals opstijgen, landen en achteruit vliegen. Verbeterde joystick voor soepelere hoogte- en richtingscontrole. Omkeerfunctie op het gaspedaal voor navigatie in krappe situaties. De FN-draaiknop vereenvoudigt aanpassingen van de camera-instellingen tijdens de vlucht. Ontworpen voor meer comfort tijdens gebruik.","og_url":"https:\/\/koningdrone.be\/fr\/produit\/dji-rc-motion-2\/","og_site_name":"koningdrone.be","article_modified_time":"2026-04-29T13:50:02+00:00","og_image":[{"width":1200,"height":800,"url":"https:\/\/koningdrone.be\/wp-content\/uploads\/sites\/13\/2025\/04\/6a87c31dbdcd2a2f4521ff1b536863d9@large.jpg","type":"image\/jpeg"}],"twitter_card":"summary_large_image","twitter_misc":{"Dur\u00e9e de lecture est.":"1 minute"},"schema":{"@context":"https:\/\/schema.org","@graph":[{"@type":"WebPage","@id":"https:\/\/koningdrone.be\/product\/dji-rc-motion-2\/","url":"https:\/\/koningdrone.be\/product\/dji-rc-motion-2\/","name":"DJI RC Motion 2 - koningdrone.be","isPartOf":{"@id":"https:\/\/koningdrone.be\/#website"},"primaryImageOfPage":{"@id":"https:\/\/koningdrone.be\/product\/dji-rc-motion-2\/#primaryimage"},"image":{"@id":"https:\/\/koningdrone.be\/product\/dji-rc-motion-2\/#primaryimage"},"thumbnailUrl":"https:\/\/koningdrone.be\/wp-content\/uploads\/sites\/13\/2025\/04\/6a87c31dbdcd2a2f4521ff1b536863d9@large.jpg","datePublished":"2023-04-17T11:45:53+00:00","dateModified":"2026-04-29T13:50:02+00:00","breadcrumb":{"@id":"https:\/\/koningdrone.be\/product\/dji-rc-motion-2\/#breadcrumb"},"inLanguage":"fr-BE","potentialAction":[{"@type":"ReadAction","target":["https:\/\/koningdrone.be\/product\/dji-rc-motion-2\/"]}]},{"@type":"ImageObject","inLanguage":"fr-BE","@id":"https:\/\/koningdrone.be\/product\/dji-rc-motion-2\/#primaryimage","url":"https:\/\/koningdrone.be\/wp-content\/uploads\/sites\/13\/2025\/04\/6a87c31dbdcd2a2f4521ff1b536863d9@large.jpg","contentUrl":"https:\/\/koningdrone.be\/wp-content\/uploads\/sites\/13\/2025\/04\/6a87c31dbdcd2a2f4521ff1b536863d9@large.jpg","width":1200,"height":800},{"@type":"BreadcrumbList","@id":"https:\/\/koningdrone.be\/product\/dji-rc-motion-2\/#breadcrumb","itemListElement":[{"@type":"ListItem","position":1,"name":"Home","item":"https:\/\/koningdrone.be\/"},{"@type":"ListItem","position":2,"name":"AVSS Parachute Recovery System for DJI Matrice 300\/350","item":"https:\/\/koningdrone.be\/product\/avss-parachute-recovery-system-for-dji-matrice-300-350\/"},{"@type":"ListItem","position":3,"name":"Alle afstandsbedieningen","item":"https:\/\/koningdrone.be\/categorie\/alle-afstandsbedieningen\/"},{"@type":"ListItem","position":4,"name":"DJI RC Motion 2"}]},{"@type":"WebSite","@id":"https:\/\/koningdrone.be\/#website","url":"https:\/\/koningdrone.be\/","name":"Koningdrone.be - Votre sp\u00e9cialiste en ligne en mati\u00e8re de drones, de cardans, de cam\u00e9ras et de centrales \u00e9lectriques.","description":"La boutique en ligne de drones et de cardans","publisher":{"@id":"https:\/\/koningdrone.be\/#organization"},"potentialAction":[{"@type":"SearchAction","target":{"@type":"EntryPoint","urlTemplate":"https:\/\/koningdrone.be\/?s={search_term_string}"},"query-input":{"@type":"PropertyValueSpecification","valueRequired":true,"valueName":"search_term_string"}}],"inLanguage":"fr-BE"},{"@type":"Organization","@id":"https:\/\/koningdrone.be\/#organization","name":"Kingdrone.co.uk","url":"https:\/\/koningdrone.be\/","logo":{"@type":"ImageObject","inLanguage":"fr-BE","@id":"https:\/\/koningdrone.be\/#\/schema\/logo\/image\/","url":"https:\/\/koningdrone.be\/wp-content\/uploads\/sites\/13\/2025\/04\/koningdrone-copyright-logo.svg","contentUrl":"https:\/\/koningdrone.be\/wp-content\/uploads\/sites\/13\/2025\/04\/koningdrone-copyright-logo.svg","width":227,"height":38,"caption":"Koningdrone.be"},"image":{"@id":"https:\/\/koningdrone.be\/#\/schema\/logo\/image\/"}}]}},"df_price":179,"df_sale_price":"","df_regular_price":179,"df_image_link":"https:\/\/koningdrone.be\/wp-content\/uploads\/sites\/13\/2025\/04\/6a87c31dbdcd2a2f4521ff1b536863d9@large-300x200.jpg","_links":{"self":[{"href":"https:\/\/koningdrone.be\/fr\/wp-json\/wp\/v2\/product\/4930","targetHints":{"allow":["GET"]}}],"collection":[{"href":"https:\/\/koningdrone.be\/fr\/wp-json\/wp\/v2\/product"}],"about":[{"href":"https:\/\/koningdrone.be\/fr\/wp-json\/wp\/v2\/types\/product"}],"wp:featuredmedia":[{"embeddable":true,"href":"https:\/\/koningdrone.be\/fr\/wp-json\/wp\/v2\/media\/4927"}],"wp:attachment":[{"href":"https:\/\/koningdrone.be\/fr\/wp-json\/wp\/v2\/media?parent=4930"}],"wp:term":[{"taxonomy":"product_brand","embeddable":true,"href":"https:\/\/koningdrone.be\/fr\/wp-json\/wp\/v2\/product_brand?post=4930"},{"taxonomy":"product_cat","embeddable":true,"href":"https:\/\/koningdrone.be\/fr\/wp-json\/wp\/v2\/product_cat?post=4930"},{"taxonomy":"product_tag","embeddable":true,"href":"https:\/\/koningdrone.be\/fr\/wp-json\/wp\/v2\/product_tag?post=4930"}],"curies":[{"name":"wp","href":"https:\/\/api.w.org\/{rel}","templated":true}]}}