{"id":4920,"date":"2023-04-17T13:45:53","date_gmt":"2023-04-17T11:45:53","guid":{"rendered":"https:\/\/koningdrone.nl\/kon\/product\/dji-om-magnetic-phone-clamp-3\/"},"modified":"2026-04-29T15:10:05","modified_gmt":"2026-04-29T13:10:05","slug":"dji-om-magnetic-phone-clamp-3","status":"publish","type":"product","link":"https:\/\/koningdrone.be\/fr\/produit\/dji-om-magnetic-phone-clamp-3\/","title":{"rendered":"DJI OM Pince magn\u00e9tique pour t\u00e9l\u00e9phone 3"},"content":{"rendered":"<h1>DJI OM Pince magn\u00e9tique pour t\u00e9l\u00e9phone 3<\/h1>\n<p>La DJI OM Magnetic Phone Clamp 3 permet de fixer rapidement et facilement votre smartphone \u00e0 la rotule. Cette fixation pratique est fine, l\u00e9g\u00e8re et fiable. Elle est con\u00e7ue de mani\u00e8re \u00e0 ne pas couvrir les boutons, m\u00eame sur les smartphones de grande taille.<br \/><strong> Conseils : <\/strong><br \/>Le terminal t\u00e9l\u00e9phonique magn\u00e9tique DJI OM 3 contient des aimants. Tenez-le \u00e9loign\u00e9 des cartes magn\u00e9tiques, des cartes \u00e0 puce, des stimulateurs cardiaques, des disques durs, des puces RAM et d'autres appareils afin d'\u00e9viter toute interf\u00e9rence.<br \/><strong>Sp\u00e9cifications : <\/strong><br \/> - Poids : 31 g<br \/> - Largeur de t\u00e9l\u00e9phone recommand\u00e9e : 67 \u00e0 84 mm<br \/> - \u00c9paisseur recommand\u00e9e du t\u00e9l\u00e9phone : 6,9 \u00e0 10 mm<br \/> - Poids du t\u00e9l\u00e9phone recommand\u00e9 : 170 \u00e0 290 g<\/p>","protected":false},"excerpt":{"rendered":"<ul>\n<li>Application : Hobby<\/li>\n<li>Marque : DJI<\/li>\n<li>Produit : Support, Divers<\/li>\n<li>S\u00e9rie : Osmo<\/li>\n<\/ul>","protected":false},"featured_media":4915,"template":"","meta":{"_acf_changed":false},"product_brand":[],"product_cat":[410,97,949,297],"product_tag":[],"class_list":{"0":"post-4920","1":"product","2":"type-product","3":"status-publish","4":"has-post-thumbnail","6":"product_cat-alle-handheld-gimbals","7":"product_cat-alle-producten","8":"product_cat-dji-om","9":"product_cat-dji-osmo","10":"product_shipping_class-outofstock","11":"pa_brand-dji","12":"pa_productfamily-smartphone-accessoire","13":"pa_producttype-smartphone-accessoire","14":"pa_series-osmo-mobile","16":"first","17":"outofstock","18":"taxable","19":"shipping-taxable","20":"purchasable","21":"product-type-simple"},"acf":[],"yoast_head":"<!-- This site is optimized with the Yoast SEO Premium plugin v27.2 (Yoast SEO v27.2) - https:\/\/yoast.com\/product\/yoast-seo-premium-wordpress\/ -->\n<title>DJI OM Magnetic Phone Clamp 3 - koningdrone.be<\/title>\n<meta name=\"robots\" content=\"index, follow, max-snippet:-1, max-image-preview:large, max-video-preview:-1\" \/>\n<link rel=\"canonical\" href=\"https:\/\/koningdrone.be\/fr\/produit\/dji-om-magnetic-phone-clamp-3\/\" \/>\n<meta property=\"og:locale\" content=\"fr_FR\" \/>\n<meta property=\"og:type\" content=\"article\" \/>\n<meta property=\"og:title\" content=\"DJI OM Magnetic Phone Clamp 3\" \/>\n<meta property=\"og:description\" content=\"Toepassing: HobbyMerk: DJIProduct: Beugel, DiversenSerie: Osmo\" \/>\n<meta property=\"og:url\" content=\"https:\/\/koningdrone.be\/fr\/produit\/dji-om-magnetic-phone-clamp-3\/\" \/>\n<meta property=\"og:site_name\" content=\"koningdrone.be\" \/>\n<meta property=\"article:modified_time\" content=\"2026-04-29T13:10:05+00:00\" \/>\n<meta property=\"og:image\" content=\"https:\/\/koningdrone.be\/wp-content\/uploads\/sites\/13\/2025\/04\/6941565946225-1.jpg\" \/>\n\t<meta property=\"og:image:width\" content=\"1280\" \/>\n\t<meta property=\"og:image:height\" content=\"800\" \/>\n\t<meta property=\"og:image:type\" content=\"image\/jpeg\" \/>\n<meta name=\"twitter:card\" content=\"summary_large_image\" \/>\n<script type=\"application\/ld+json\" class=\"yoast-schema-graph\">{\"@context\":\"https:\/\/schema.org\",\"@graph\":[{\"@type\":\"WebPage\",\"@id\":\"https:\/\/koningdrone.be\/product\/dji-om-magnetic-phone-clamp-3\/\",\"url\":\"https:\/\/koningdrone.be\/product\/dji-om-magnetic-phone-clamp-3\/\",\"name\":\"DJI OM Magnetic Phone Clamp 3 - koningdrone.be\",\"isPartOf\":{\"@id\":\"https:\/\/koningdrone.be\/#website\"},\"primaryImageOfPage\":{\"@id\":\"https:\/\/koningdrone.be\/product\/dji-om-magnetic-phone-clamp-3\/#primaryimage\"},\"image\":{\"@id\":\"https:\/\/koningdrone.be\/product\/dji-om-magnetic-phone-clamp-3\/#primaryimage\"},\"thumbnailUrl\":\"https:\/\/koningdrone.be\/wp-content\/uploads\/sites\/13\/2025\/04\/6941565946225-1.jpg\",\"datePublished\":\"2023-04-17T11:45:53+00:00\",\"dateModified\":\"2026-04-29T13:10:05+00:00\",\"breadcrumb\":{\"@id\":\"https:\/\/koningdrone.be\/product\/dji-om-magnetic-phone-clamp-3\/#breadcrumb\"},\"inLanguage\":\"fr-BE\",\"potentialAction\":[{\"@type\":\"ReadAction\",\"target\":[\"https:\/\/koningdrone.be\/product\/dji-om-magnetic-phone-clamp-3\/\"]}]},{\"@type\":\"ImageObject\",\"inLanguage\":\"fr-BE\",\"@id\":\"https:\/\/koningdrone.be\/product\/dji-om-magnetic-phone-clamp-3\/#primaryimage\",\"url\":\"https:\/\/koningdrone.be\/wp-content\/uploads\/sites\/13\/2025\/04\/6941565946225-1.jpg\",\"contentUrl\":\"https:\/\/koningdrone.be\/wp-content\/uploads\/sites\/13\/2025\/04\/6941565946225-1.jpg\",\"width\":1280,\"height\":800},{\"@type\":\"BreadcrumbList\",\"@id\":\"https:\/\/koningdrone.be\/product\/dji-om-magnetic-phone-clamp-3\/#breadcrumb\",\"itemListElement\":[{\"@type\":\"ListItem\",\"position\":1,\"name\":\"Home\",\"item\":\"https:\/\/koningdrone.be\/\"},{\"@type\":\"ListItem\",\"position\":2,\"name\":\"AVSS Parachute Recovery System for DJI Matrice 300\/350\",\"item\":\"https:\/\/koningdrone.be\/product\/avss-parachute-recovery-system-for-dji-matrice-300-350\/\"},{\"@type\":\"ListItem\",\"position\":3,\"name\":\"Alle handheld gimbals\",\"item\":\"https:\/\/koningdrone.be\/categorie\/alle-handheld-gimbals\/\"},{\"@type\":\"ListItem\",\"position\":4,\"name\":\"DJI OM Magnetic Phone Clamp 3\"}]},{\"@type\":\"WebSite\",\"@id\":\"https:\/\/koningdrone.be\/#website\",\"url\":\"https:\/\/koningdrone.be\/\",\"name\":\"Koningdrone.be - Uw online specialist in drones, gimbals, camera's en power stations.\",\"description\":\"De webshop in drones en gimbals\",\"publisher\":{\"@id\":\"https:\/\/koningdrone.be\/#organization\"},\"potentialAction\":[{\"@type\":\"SearchAction\",\"target\":{\"@type\":\"EntryPoint\",\"urlTemplate\":\"https:\/\/koningdrone.be\/?s={search_term_string}\"},\"query-input\":{\"@type\":\"PropertyValueSpecification\",\"valueRequired\":true,\"valueName\":\"search_term_string\"}}],\"inLanguage\":\"fr-BE\"},{\"@type\":\"Organization\",\"@id\":\"https:\/\/koningdrone.be\/#organization\",\"name\":\"Koningdrone.be\",\"url\":\"https:\/\/koningdrone.be\/\",\"logo\":{\"@type\":\"ImageObject\",\"inLanguage\":\"fr-BE\",\"@id\":\"https:\/\/koningdrone.be\/#\/schema\/logo\/image\/\",\"url\":\"https:\/\/koningdrone.be\/wp-content\/uploads\/sites\/13\/2025\/04\/koningdrone-copyright-logo.svg\",\"contentUrl\":\"https:\/\/koningdrone.be\/wp-content\/uploads\/sites\/13\/2025\/04\/koningdrone-copyright-logo.svg\",\"width\":227,\"height\":38,\"caption\":\"Koningdrone.be\"},\"image\":{\"@id\":\"https:\/\/koningdrone.be\/#\/schema\/logo\/image\/\"}}]}<\/script>\n<!-- \/ Yoast SEO Premium plugin. -->","yoast_head_json":{"title":"DJI OM Magnetic Phone Clamp 3 - koningdrone.be","robots":{"index":"index","follow":"follow","max-snippet":"max-snippet:-1","max-image-preview":"max-image-preview:large","max-video-preview":"max-video-preview:-1"},"canonical":"https:\/\/koningdrone.be\/fr\/produit\/dji-om-magnetic-phone-clamp-3\/","og_locale":"fr_FR","og_type":"article","og_title":"DJI OM Magnetic Phone Clamp 3","og_description":"Toepassing: HobbyMerk: DJIProduct: Beugel, DiversenSerie: Osmo","og_url":"https:\/\/koningdrone.be\/fr\/produit\/dji-om-magnetic-phone-clamp-3\/","og_site_name":"koningdrone.be","article_modified_time":"2026-04-29T13:10:05+00:00","og_image":[{"width":1280,"height":800,"url":"https:\/\/koningdrone.be\/wp-content\/uploads\/sites\/13\/2025\/04\/6941565946225-1.jpg","type":"image\/jpeg"}],"twitter_card":"summary_large_image","schema":{"@context":"https:\/\/schema.org","@graph":[{"@type":"WebPage","@id":"https:\/\/koningdrone.be\/product\/dji-om-magnetic-phone-clamp-3\/","url":"https:\/\/koningdrone.be\/product\/dji-om-magnetic-phone-clamp-3\/","name":"DJI OM Magnetic Phone Clamp 3 - koningdrone.be","isPartOf":{"@id":"https:\/\/koningdrone.be\/#website"},"primaryImageOfPage":{"@id":"https:\/\/koningdrone.be\/product\/dji-om-magnetic-phone-clamp-3\/#primaryimage"},"image":{"@id":"https:\/\/koningdrone.be\/product\/dji-om-magnetic-phone-clamp-3\/#primaryimage"},"thumbnailUrl":"https:\/\/koningdrone.be\/wp-content\/uploads\/sites\/13\/2025\/04\/6941565946225-1.jpg","datePublished":"2023-04-17T11:45:53+00:00","dateModified":"2026-04-29T13:10:05+00:00","breadcrumb":{"@id":"https:\/\/koningdrone.be\/product\/dji-om-magnetic-phone-clamp-3\/#breadcrumb"},"inLanguage":"fr-BE","potentialAction":[{"@type":"ReadAction","target":["https:\/\/koningdrone.be\/product\/dji-om-magnetic-phone-clamp-3\/"]}]},{"@type":"ImageObject","inLanguage":"fr-BE","@id":"https:\/\/koningdrone.be\/product\/dji-om-magnetic-phone-clamp-3\/#primaryimage","url":"https:\/\/koningdrone.be\/wp-content\/uploads\/sites\/13\/2025\/04\/6941565946225-1.jpg","contentUrl":"https:\/\/koningdrone.be\/wp-content\/uploads\/sites\/13\/2025\/04\/6941565946225-1.jpg","width":1280,"height":800},{"@type":"BreadcrumbList","@id":"https:\/\/koningdrone.be\/product\/dji-om-magnetic-phone-clamp-3\/#breadcrumb","itemListElement":[{"@type":"ListItem","position":1,"name":"Home","item":"https:\/\/koningdrone.be\/"},{"@type":"ListItem","position":2,"name":"AVSS Parachute Recovery System for DJI Matrice 300\/350","item":"https:\/\/koningdrone.be\/product\/avss-parachute-recovery-system-for-dji-matrice-300-350\/"},{"@type":"ListItem","position":3,"name":"Alle handheld gimbals","item":"https:\/\/koningdrone.be\/categorie\/alle-handheld-gimbals\/"},{"@type":"ListItem","position":4,"name":"DJI OM Magnetic Phone Clamp 3"}]},{"@type":"WebSite","@id":"https:\/\/koningdrone.be\/#website","url":"https:\/\/koningdrone.be\/","name":"Koningdrone.be - Votre sp\u00e9cialiste en ligne en mati\u00e8re de drones, de cardans, de cam\u00e9ras et de centrales \u00e9lectriques.","description":"La boutique en ligne de drones et de cardans","publisher":{"@id":"https:\/\/koningdrone.be\/#organization"},"potentialAction":[{"@type":"SearchAction","target":{"@type":"EntryPoint","urlTemplate":"https:\/\/koningdrone.be\/?s={search_term_string}"},"query-input":{"@type":"PropertyValueSpecification","valueRequired":true,"valueName":"search_term_string"}}],"inLanguage":"fr-BE"},{"@type":"Organization","@id":"https:\/\/koningdrone.be\/#organization","name":"Kingdrone.co.uk","url":"https:\/\/koningdrone.be\/","logo":{"@type":"ImageObject","inLanguage":"fr-BE","@id":"https:\/\/koningdrone.be\/#\/schema\/logo\/image\/","url":"https:\/\/koningdrone.be\/wp-content\/uploads\/sites\/13\/2025\/04\/koningdrone-copyright-logo.svg","contentUrl":"https:\/\/koningdrone.be\/wp-content\/uploads\/sites\/13\/2025\/04\/koningdrone-copyright-logo.svg","width":227,"height":38,"caption":"Koningdrone.be"},"image":{"@id":"https:\/\/koningdrone.be\/#\/schema\/logo\/image\/"}}]}},"df_price":22,"df_sale_price":"","df_regular_price":22,"df_image_link":"https:\/\/koningdrone.be\/wp-content\/uploads\/sites\/13\/2025\/04\/6941565946225-1-300x188.jpg","_links":{"self":[{"href":"https:\/\/koningdrone.be\/fr\/wp-json\/wp\/v2\/product\/4920","targetHints":{"allow":["GET"]}}],"collection":[{"href":"https:\/\/koningdrone.be\/fr\/wp-json\/wp\/v2\/product"}],"about":[{"href":"https:\/\/koningdrone.be\/fr\/wp-json\/wp\/v2\/types\/product"}],"wp:featuredmedia":[{"embeddable":true,"href":"https:\/\/koningdrone.be\/fr\/wp-json\/wp\/v2\/media\/4915"}],"wp:attachment":[{"href":"https:\/\/koningdrone.be\/fr\/wp-json\/wp\/v2\/media?parent=4920"}],"wp:term":[{"taxonomy":"product_brand","embeddable":true,"href":"https:\/\/koningdrone.be\/fr\/wp-json\/wp\/v2\/product_brand?post=4920"},{"taxonomy":"product_cat","embeddable":true,"href":"https:\/\/koningdrone.be\/fr\/wp-json\/wp\/v2\/product_cat?post=4920"},{"taxonomy":"product_tag","embeddable":true,"href":"https:\/\/koningdrone.be\/fr\/wp-json\/wp\/v2\/product_tag?post=4920"}],"curies":[{"name":"wp","href":"https:\/\/api.w.org\/{rel}","templated":true}]}}