{"id":4910,"date":"2023-04-17T13:45:53","date_gmt":"2023-04-17T11:45:53","guid":{"rendered":"https:\/\/koningdrone.nl\/kon\/product\/dji-o3-air-unit-antenna\/"},"modified":"2026-04-29T10:10:24","modified_gmt":"2026-04-29T08:10:24","slug":"dji-o3-air-unit-antenna","status":"publish","type":"product","link":"https:\/\/koningdrone.be\/fr\/produit\/dji-o3-air-unit-antenna\/","title":{"rendered":"Antenne de l'unit\u00e9 a\u00e9rienne DJI O3"},"content":{"rendered":"<p> Ce produit est une antenne bi-bande \u00e0 double polarisation con\u00e7ue pour r\u00e9duire de mani\u00e8re significative les interf\u00e9rences tout en offrant la possibilit\u00e9 de transmettre des signaux sur de longues distances. Elle est \u00e9quip\u00e9e d'un connecteur I-PEX, ce qui la rend hautement compatible avec divers appareils. De plus, sa conception compacte et l\u00e9g\u00e8re lui permet de s'int\u00e9grer facilement dans diverses configurations sans ajouter d'encombrement.<\/p>\n<p><strong>Avantages pour les d\u00e9butants<\/strong><\/p>\n<p> Consid\u00e9rez cette antenne comme un dispositif puissant, petit et l\u00e9ger qui permet \u00e0 vos gadgets de communiquer sur de longues distances sans trop d'interf\u00e9rences avec d'autres signaux. Elle est facile \u00e0 connecter \u00e0 diff\u00e9rents appareils gr\u00e2ce \u00e0 un connecteur sp\u00e9cial, appel\u00e9 connecteur I-PEX.<\/p>\n<p><strong>Avantages pour les experts<\/strong><\/p>\n<p> L'antenne est dot\u00e9e de capacit\u00e9s de double bande et de double polarisation, ce qui am\u00e9liore la fiabilit\u00e9 du signal et l'efficacit\u00e9 spectrale, m\u00eame dans les environnements RF dens\u00e9ment peupl\u00e9s. L'int\u00e9gration avec un connecteur I-PEX permet une connectivit\u00e9 transparente avec une large gamme de dispositifs RF, garantissant des performances optimales sans compromis sur le facteur de forme, essentiel pour les syst\u00e8mes o\u00f9 l'espace et le poids sont des consid\u00e9rations critiques.<\/p>\n<p><\/p>","protected":false},"excerpt":{"rendered":"<ul>\n<li>Antenne bibande \u00e0 double polarisation<\/li>\n<li> Forte capacit\u00e9 anti-interf\u00e9rence<\/li>\n<li> Capacit\u00e9s de transmission \u00e0 longue distance<\/li>\n<li> Equip\u00e9 d'un connecteur I-PEX<\/li>\n<li> Petit et l\u00e9ger<\/li>\n<\/ul>","protected":false},"featured_media":4907,"template":"","meta":{"_acf_changed":false},"product_brand":[],"product_cat":[585,97,297],"product_tag":[],"class_list":{"0":"post-4910","1":"product","2":"type-product","3":"status-publish","4":"has-post-thumbnail","6":"product_cat-alle-antennes","7":"product_cat-alle-producten","8":"product_cat-dji-osmo","9":"product_shipping_class-outofstock","10":"pa_brand-dji","11":"pa_productfamily-antenne","12":"pa_producttype-antenne","13":"pa_series-o3","15":"first","16":"outofstock","17":"taxable","18":"shipping-taxable","19":"product-type-simple"},"acf":[],"yoast_head":"<!-- This site is optimized with the Yoast SEO Premium plugin v27.2 (Yoast SEO v27.2) - https:\/\/yoast.com\/product\/yoast-seo-premium-wordpress\/ -->\n<title>DJI O3 Air Unit Antenna - koningdrone.be<\/title>\n<meta name=\"robots\" content=\"index, follow, max-snippet:-1, max-image-preview:large, max-video-preview:-1\" \/>\n<link rel=\"canonical\" href=\"https:\/\/koningdrone.be\/fr\/produit\/dji-o3-air-unit-antenna\/\" \/>\n<meta property=\"og:locale\" content=\"fr_FR\" \/>\n<meta property=\"og:type\" content=\"article\" \/>\n<meta property=\"og:title\" content=\"DJI O3 Air Unit Antenna\" \/>\n<meta property=\"og:description\" content=\"Dual-band dual-gepolariseerde antenne Sterk anti-interferentievermogen Transmissiemogelijkheden over lange afstanden Uitgerust met I-PEX-connector Klein en lichtgewicht\" \/>\n<meta property=\"og:url\" content=\"https:\/\/koningdrone.be\/fr\/produit\/dji-o3-air-unit-antenna\/\" \/>\n<meta property=\"og:site_name\" content=\"koningdrone.be\" \/>\n<meta property=\"article:modified_time\" content=\"2026-04-29T08:10:24+00:00\" \/>\n<meta property=\"og:image\" content=\"https:\/\/koningdrone.be\/wp-content\/uploads\/sites\/13\/2025\/04\/98ec981b5f1fb6af84da767930098f62@large.jpg\" \/>\n\t<meta property=\"og:image:width\" content=\"1200\" \/>\n\t<meta property=\"og:image:height\" content=\"800\" \/>\n\t<meta property=\"og:image:type\" content=\"image\/jpeg\" \/>\n<meta name=\"twitter:card\" content=\"summary_large_image\" \/>\n<meta name=\"twitter:label1\" content=\"Dur\u00e9e de lecture est.\" \/>\n\t<meta name=\"twitter:data1\" content=\"1 minute\" \/>\n<script type=\"application\/ld+json\" class=\"yoast-schema-graph\">{\"@context\":\"https:\/\/schema.org\",\"@graph\":[{\"@type\":\"WebPage\",\"@id\":\"https:\/\/koningdrone.be\/product\/dji-o3-air-unit-antenna\/\",\"url\":\"https:\/\/koningdrone.be\/product\/dji-o3-air-unit-antenna\/\",\"name\":\"DJI O3 Air Unit Antenna - koningdrone.be\",\"isPartOf\":{\"@id\":\"https:\/\/koningdrone.be\/#website\"},\"primaryImageOfPage\":{\"@id\":\"https:\/\/koningdrone.be\/product\/dji-o3-air-unit-antenna\/#primaryimage\"},\"image\":{\"@id\":\"https:\/\/koningdrone.be\/product\/dji-o3-air-unit-antenna\/#primaryimage\"},\"thumbnailUrl\":\"https:\/\/koningdrone.be\/wp-content\/uploads\/sites\/13\/2025\/04\/98ec981b5f1fb6af84da767930098f62@large.jpg\",\"datePublished\":\"2023-04-17T11:45:53+00:00\",\"dateModified\":\"2026-04-29T08:10:24+00:00\",\"breadcrumb\":{\"@id\":\"https:\/\/koningdrone.be\/product\/dji-o3-air-unit-antenna\/#breadcrumb\"},\"inLanguage\":\"fr-BE\",\"potentialAction\":[{\"@type\":\"ReadAction\",\"target\":[\"https:\/\/koningdrone.be\/product\/dji-o3-air-unit-antenna\/\"]}]},{\"@type\":\"ImageObject\",\"inLanguage\":\"fr-BE\",\"@id\":\"https:\/\/koningdrone.be\/product\/dji-o3-air-unit-antenna\/#primaryimage\",\"url\":\"https:\/\/koningdrone.be\/wp-content\/uploads\/sites\/13\/2025\/04\/98ec981b5f1fb6af84da767930098f62@large.jpg\",\"contentUrl\":\"https:\/\/koningdrone.be\/wp-content\/uploads\/sites\/13\/2025\/04\/98ec981b5f1fb6af84da767930098f62@large.jpg\",\"width\":1200,\"height\":800},{\"@type\":\"BreadcrumbList\",\"@id\":\"https:\/\/koningdrone.be\/product\/dji-o3-air-unit-antenna\/#breadcrumb\",\"itemListElement\":[{\"@type\":\"ListItem\",\"position\":1,\"name\":\"Home\",\"item\":\"https:\/\/koningdrone.be\/\"},{\"@type\":\"ListItem\",\"position\":2,\"name\":\"AVSS Parachute Recovery System for DJI Matrice 300\/350\",\"item\":\"https:\/\/koningdrone.be\/product\/avss-parachute-recovery-system-for-dji-matrice-300-350\/\"},{\"@type\":\"ListItem\",\"position\":3,\"name\":\"Alle antennes\",\"item\":\"https:\/\/koningdrone.be\/categorie\/alle-antennes\/\"},{\"@type\":\"ListItem\",\"position\":4,\"name\":\"DJI O3 Air Unit Antenna\"}]},{\"@type\":\"WebSite\",\"@id\":\"https:\/\/koningdrone.be\/#website\",\"url\":\"https:\/\/koningdrone.be\/\",\"name\":\"Koningdrone.be - Uw online specialist in drones, gimbals, camera's en power stations.\",\"description\":\"De webshop in drones en gimbals\",\"publisher\":{\"@id\":\"https:\/\/koningdrone.be\/#organization\"},\"potentialAction\":[{\"@type\":\"SearchAction\",\"target\":{\"@type\":\"EntryPoint\",\"urlTemplate\":\"https:\/\/koningdrone.be\/?s={search_term_string}\"},\"query-input\":{\"@type\":\"PropertyValueSpecification\",\"valueRequired\":true,\"valueName\":\"search_term_string\"}}],\"inLanguage\":\"fr-BE\"},{\"@type\":\"Organization\",\"@id\":\"https:\/\/koningdrone.be\/#organization\",\"name\":\"Koningdrone.be\",\"url\":\"https:\/\/koningdrone.be\/\",\"logo\":{\"@type\":\"ImageObject\",\"inLanguage\":\"fr-BE\",\"@id\":\"https:\/\/koningdrone.be\/#\/schema\/logo\/image\/\",\"url\":\"https:\/\/koningdrone.be\/wp-content\/uploads\/sites\/13\/2025\/04\/koningdrone-copyright-logo.svg\",\"contentUrl\":\"https:\/\/koningdrone.be\/wp-content\/uploads\/sites\/13\/2025\/04\/koningdrone-copyright-logo.svg\",\"width\":227,\"height\":38,\"caption\":\"Koningdrone.be\"},\"image\":{\"@id\":\"https:\/\/koningdrone.be\/#\/schema\/logo\/image\/\"}}]}<\/script>\n<!-- \/ Yoast SEO Premium plugin. -->","yoast_head_json":{"title":"DJI O3 Air Unit Antenna - koningdrone.be","robots":{"index":"index","follow":"follow","max-snippet":"max-snippet:-1","max-image-preview":"max-image-preview:large","max-video-preview":"max-video-preview:-1"},"canonical":"https:\/\/koningdrone.be\/fr\/produit\/dji-o3-air-unit-antenna\/","og_locale":"fr_FR","og_type":"article","og_title":"DJI O3 Air Unit Antenna","og_description":"Dual-band dual-gepolariseerde antenne Sterk anti-interferentievermogen Transmissiemogelijkheden over lange afstanden Uitgerust met I-PEX-connector Klein en lichtgewicht","og_url":"https:\/\/koningdrone.be\/fr\/produit\/dji-o3-air-unit-antenna\/","og_site_name":"koningdrone.be","article_modified_time":"2026-04-29T08:10:24+00:00","og_image":[{"width":1200,"height":800,"url":"https:\/\/koningdrone.be\/wp-content\/uploads\/sites\/13\/2025\/04\/98ec981b5f1fb6af84da767930098f62@large.jpg","type":"image\/jpeg"}],"twitter_card":"summary_large_image","twitter_misc":{"Dur\u00e9e de lecture est.":"1 minute"},"schema":{"@context":"https:\/\/schema.org","@graph":[{"@type":"WebPage","@id":"https:\/\/koningdrone.be\/product\/dji-o3-air-unit-antenna\/","url":"https:\/\/koningdrone.be\/product\/dji-o3-air-unit-antenna\/","name":"DJI O3 Air Unit Antenna - koningdrone.be","isPartOf":{"@id":"https:\/\/koningdrone.be\/#website"},"primaryImageOfPage":{"@id":"https:\/\/koningdrone.be\/product\/dji-o3-air-unit-antenna\/#primaryimage"},"image":{"@id":"https:\/\/koningdrone.be\/product\/dji-o3-air-unit-antenna\/#primaryimage"},"thumbnailUrl":"https:\/\/koningdrone.be\/wp-content\/uploads\/sites\/13\/2025\/04\/98ec981b5f1fb6af84da767930098f62@large.jpg","datePublished":"2023-04-17T11:45:53+00:00","dateModified":"2026-04-29T08:10:24+00:00","breadcrumb":{"@id":"https:\/\/koningdrone.be\/product\/dji-o3-air-unit-antenna\/#breadcrumb"},"inLanguage":"fr-BE","potentialAction":[{"@type":"ReadAction","target":["https:\/\/koningdrone.be\/product\/dji-o3-air-unit-antenna\/"]}]},{"@type":"ImageObject","inLanguage":"fr-BE","@id":"https:\/\/koningdrone.be\/product\/dji-o3-air-unit-antenna\/#primaryimage","url":"https:\/\/koningdrone.be\/wp-content\/uploads\/sites\/13\/2025\/04\/98ec981b5f1fb6af84da767930098f62@large.jpg","contentUrl":"https:\/\/koningdrone.be\/wp-content\/uploads\/sites\/13\/2025\/04\/98ec981b5f1fb6af84da767930098f62@large.jpg","width":1200,"height":800},{"@type":"BreadcrumbList","@id":"https:\/\/koningdrone.be\/product\/dji-o3-air-unit-antenna\/#breadcrumb","itemListElement":[{"@type":"ListItem","position":1,"name":"Home","item":"https:\/\/koningdrone.be\/"},{"@type":"ListItem","position":2,"name":"AVSS Parachute Recovery System for DJI Matrice 300\/350","item":"https:\/\/koningdrone.be\/product\/avss-parachute-recovery-system-for-dji-matrice-300-350\/"},{"@type":"ListItem","position":3,"name":"Alle antennes","item":"https:\/\/koningdrone.be\/categorie\/alle-antennes\/"},{"@type":"ListItem","position":4,"name":"DJI O3 Air Unit Antenna"}]},{"@type":"WebSite","@id":"https:\/\/koningdrone.be\/#website","url":"https:\/\/koningdrone.be\/","name":"Koningdrone.be - Votre sp\u00e9cialiste en ligne en mati\u00e8re de drones, de cardans, de cam\u00e9ras et de centrales \u00e9lectriques.","description":"La boutique en ligne de drones et de cardans","publisher":{"@id":"https:\/\/koningdrone.be\/#organization"},"potentialAction":[{"@type":"SearchAction","target":{"@type":"EntryPoint","urlTemplate":"https:\/\/koningdrone.be\/?s={search_term_string}"},"query-input":{"@type":"PropertyValueSpecification","valueRequired":true,"valueName":"search_term_string"}}],"inLanguage":"fr-BE"},{"@type":"Organization","@id":"https:\/\/koningdrone.be\/#organization","name":"Kingdrone.co.uk","url":"https:\/\/koningdrone.be\/","logo":{"@type":"ImageObject","inLanguage":"fr-BE","@id":"https:\/\/koningdrone.be\/#\/schema\/logo\/image\/","url":"https:\/\/koningdrone.be\/wp-content\/uploads\/sites\/13\/2025\/04\/koningdrone-copyright-logo.svg","contentUrl":"https:\/\/koningdrone.be\/wp-content\/uploads\/sites\/13\/2025\/04\/koningdrone-copyright-logo.svg","width":227,"height":38,"caption":"Koningdrone.be"},"image":{"@id":"https:\/\/koningdrone.be\/#\/schema\/logo\/image\/"}}]}},"df_price":"","df_sale_price":"","df_regular_price":"","df_image_link":"https:\/\/koningdrone.be\/wp-content\/uploads\/sites\/13\/2025\/04\/98ec981b5f1fb6af84da767930098f62@large-300x200.jpg","_links":{"self":[{"href":"https:\/\/koningdrone.be\/fr\/wp-json\/wp\/v2\/product\/4910","targetHints":{"allow":["GET"]}}],"collection":[{"href":"https:\/\/koningdrone.be\/fr\/wp-json\/wp\/v2\/product"}],"about":[{"href":"https:\/\/koningdrone.be\/fr\/wp-json\/wp\/v2\/types\/product"}],"wp:featuredmedia":[{"embeddable":true,"href":"https:\/\/koningdrone.be\/fr\/wp-json\/wp\/v2\/media\/4907"}],"wp:attachment":[{"href":"https:\/\/koningdrone.be\/fr\/wp-json\/wp\/v2\/media?parent=4910"}],"wp:term":[{"taxonomy":"product_brand","embeddable":true,"href":"https:\/\/koningdrone.be\/fr\/wp-json\/wp\/v2\/product_brand?post=4910"},{"taxonomy":"product_cat","embeddable":true,"href":"https:\/\/koningdrone.be\/fr\/wp-json\/wp\/v2\/product_cat?post=4910"},{"taxonomy":"product_tag","embeddable":true,"href":"https:\/\/koningdrone.be\/fr\/wp-json\/wp\/v2\/product_tag?post=4910"}],"curies":[{"name":"wp","href":"https:\/\/api.w.org\/{rel}","templated":true}]}}