{"id":4902,"date":"2023-04-17T13:46:35","date_gmt":"2023-04-17T11:46:35","guid":{"rendered":"https:\/\/koningdrone.nl\/kon\/product\/ecoflow-blade\/"},"modified":"2026-04-29T13:40:43","modified_gmt":"2026-04-29T11:40:43","slug":"ecoflow-blade","status":"publish","type":"product","link":"https:\/\/koningdrone.be\/fr\/produit\/ecoflow-blade\/","title":{"rendered":"Lame EcoFlow"},"content":{"rendered":"<p>La lame EcoFlow rend la tonte de l'herbe simple et innovante. Cette plateforme robotique intelligente coupe l'herbe en douceur et se nettoie elle-m\u00eame.<\/p>\n<p><strong>Syst\u00e8mes GPS et LiDAR<\/strong><\/p>\n<p>Avec ses syst\u00e8mes GPS et LiDAR int\u00e9gr\u00e9s, la lame EcoFlow offre les caract\u00e9ristiques suivantes :<\/p>\n<p><\/p>\n<ul><\/p>\n<li>Fixer des limites via l'application<\/li>\n<p><\/p>\n<li>Planification des itin\u00e9raires<\/li>\n<p><\/p>\n<li>Fonction d'\u00e9vitement des obstacles<\/li>\n<p><\/p>\n<li>Collecte automatique des d\u00e9chets<\/li>\n<p><\/ul>\n<p><strong>R\u00e9sistance \u00e0 l'eau<\/strong><\/p>\n<p>L'indice de r\u00e9sistance \u00e0 l'eau IPX5 facilite l'utilisation et l'entretien de la lame EcoFlow. Le capteur de pluie arr\u00eate automatiquement le fonctionnement de la tondeuse lorsqu'il commence \u00e0 pleuvoir. La 4G et l'eSIM int\u00e9gr\u00e9es aident le propri\u00e9taire \u00e0 localiser l'appareil avec pr\u00e9cision.<\/p>\n<p><strong>Technologie X-Vision<\/strong><\/p>\n<p>La technologie X-Vision combine le LiDAR, le RTK et un capteur visuel avec une intelligence artificielle pour reconna\u00eetre les obstacles devant l'appareil.<\/p>\n<p><strong>Roues sp\u00e9cialement con\u00e7ues<\/strong><\/p>\n<p>Les roues sp\u00e9cialement con\u00e7ues de la lame EcoFlow offrent une plus grande mobilit\u00e9. Ces roues peuvent facilement franchir des obstacles d'une hauteur maximale de 40 mm et des pentes allant jusqu'\u00e0 50%. Les roues r\u00e9duisent \u00e9galement la r\u00e9sistance au virage de 40% et r\u00e9duisent les \"angles morts\" pendant la tonte.<\/p>\n<p><strong>Application mobile<\/strong><\/p>\n<p>T\u00e9l\u00e9chargez l'application mobile sur votre smartphone pour contr\u00f4ler enti\u00e8rement le fonctionnement du robot tondeuse EcoFlow Blade. Avec l'application, vous pouvez planifier l'itin\u00e9raire et le temps de tonte avec une pr\u00e9cision de 2 cm sans angles morts. Le syst\u00e8me RTK garantit une grande pr\u00e9cision. En outre, vous pouvez contr\u00f4ler l'appareil manuellement via l'application.<\/p>\n<p><\/p>","protected":false},"excerpt":{"rendered":"<ul>\n<li>Tondeuse robotis\u00e9e EcoFlow Blade avec LiDAR et GPS pour un positionnement pr\u00e9cis et un traitement exact de la pelouse<\/li>\n<li>Inclinaison maximale -50%<\/li>\n<li>Surface de coupe maximale - jusqu'\u00e0 3000 m2<\/li>\n<li>Hauteur de coupe -De 20 \u00e0 76 mm<\/li>\n<li>Largeur de coupe -260 mm<\/li>\n<li>Connexion -4G, ESIM<\/li>\n<li>Gamme -virtuelle<\/li>\n<li>Planification d'itin\u00e9raire - Automatique<\/li>\n<li>Nettoyage automatique -Manger<\/li>\n<li>Chargement par panneaux solaires et stations portables - Manger<\/li>\n<\/ul>","protected":false},"featured_media":4900,"template":"","meta":{"_acf_changed":false},"product_brand":[],"product_cat":[97,245,415],"product_tag":[],"class_list":{"0":"post-4902","1":"product","2":"type-product","3":"status-publish","4":"has-post-thumbnail","6":"product_cat-alle-producten","7":"product_cat-ecoflow","8":"product_cat-energy","9":"product_shipping_class-outofstock","10":"pa_brand-ecoflow","11":"pa_productfamily-grasmaaier","12":"pa_producttype-grasmaaier","13":"pa_series-blade","15":"first","16":"outofstock","17":"taxable","18":"shipping-taxable","19":"product-type-simple"},"acf":[],"yoast_head":"<!-- This site is optimized with the Yoast SEO Premium plugin v27.2 (Yoast SEO v27.2) - https:\/\/yoast.com\/product\/yoast-seo-premium-wordpress\/ -->\n<title>EcoFlow Blade - koningdrone.be<\/title>\n<meta name=\"robots\" content=\"index, follow, max-snippet:-1, max-image-preview:large, max-video-preview:-1\" \/>\n<link rel=\"canonical\" href=\"https:\/\/koningdrone.be\/fr\/produit\/ecoflow-blade\/\" \/>\n<meta property=\"og:locale\" content=\"fr_FR\" \/>\n<meta property=\"og:type\" content=\"article\" \/>\n<meta property=\"og:title\" content=\"EcoFlow Blade\" \/>\n<meta property=\"og:description\" content=\"EcoFlow Blade robotmaaier met LiDAR en GPS voor nauwkeurige positionering en nauwkeurige gazonbehandelingMax. helling -50%Max. maaioppervlak - tot 3000 m2Maaihoogte -Van 20 tot 76 mmMaaibreedte -260 mmVerbinding -4G, ESIMBereik -virtueelRouteplanning - AutomatischAutomatische reiniging -EetOpladen via zonnepanelen en draagbare stations - Eat\" \/>\n<meta property=\"og:url\" content=\"https:\/\/koningdrone.be\/fr\/produit\/ecoflow-blade\/\" \/>\n<meta property=\"og:site_name\" content=\"koningdrone.be\" \/>\n<meta property=\"article:modified_time\" content=\"2026-04-29T11:40:43+00:00\" \/>\n<meta property=\"og:image\" content=\"https:\/\/koningdrone.be\/wp-content\/uploads\/sites\/13\/2025\/04\/4895251604451-1.jpg\" \/>\n\t<meta property=\"og:image:width\" content=\"540\" \/>\n\t<meta property=\"og:image:height\" content=\"540\" \/>\n\t<meta property=\"og:image:type\" content=\"image\/jpeg\" \/>\n<meta name=\"twitter:card\" content=\"summary_large_image\" \/>\n<meta name=\"twitter:label1\" content=\"Dur\u00e9e de lecture est.\" \/>\n\t<meta name=\"twitter:data1\" content=\"1 minute\" \/>\n<script type=\"application\/ld+json\" class=\"yoast-schema-graph\">{\"@context\":\"https:\/\/schema.org\",\"@graph\":[{\"@type\":\"WebPage\",\"@id\":\"https:\/\/koningdrone.be\/product\/ecoflow-blade\/\",\"url\":\"https:\/\/koningdrone.be\/product\/ecoflow-blade\/\",\"name\":\"EcoFlow Blade - koningdrone.be\",\"isPartOf\":{\"@id\":\"https:\/\/koningdrone.be\/#website\"},\"primaryImageOfPage\":{\"@id\":\"https:\/\/koningdrone.be\/product\/ecoflow-blade\/#primaryimage\"},\"image\":{\"@id\":\"https:\/\/koningdrone.be\/product\/ecoflow-blade\/#primaryimage\"},\"thumbnailUrl\":\"https:\/\/koningdrone.be\/wp-content\/uploads\/sites\/13\/2025\/04\/4895251604451-1.jpg\",\"datePublished\":\"2023-04-17T11:46:35+00:00\",\"dateModified\":\"2026-04-29T11:40:43+00:00\",\"breadcrumb\":{\"@id\":\"https:\/\/koningdrone.be\/product\/ecoflow-blade\/#breadcrumb\"},\"inLanguage\":\"fr-BE\",\"potentialAction\":[{\"@type\":\"ReadAction\",\"target\":[\"https:\/\/koningdrone.be\/product\/ecoflow-blade\/\"]}]},{\"@type\":\"ImageObject\",\"inLanguage\":\"fr-BE\",\"@id\":\"https:\/\/koningdrone.be\/product\/ecoflow-blade\/#primaryimage\",\"url\":\"https:\/\/koningdrone.be\/wp-content\/uploads\/sites\/13\/2025\/04\/4895251604451-1.jpg\",\"contentUrl\":\"https:\/\/koningdrone.be\/wp-content\/uploads\/sites\/13\/2025\/04\/4895251604451-1.jpg\",\"width\":540,\"height\":540},{\"@type\":\"BreadcrumbList\",\"@id\":\"https:\/\/koningdrone.be\/product\/ecoflow-blade\/#breadcrumb\",\"itemListElement\":[{\"@type\":\"ListItem\",\"position\":1,\"name\":\"Home\",\"item\":\"https:\/\/koningdrone.be\/\"},{\"@type\":\"ListItem\",\"position\":2,\"name\":\"AVSS Parachute Recovery System for DJI Matrice 300\/350\",\"item\":\"https:\/\/koningdrone.be\/product\/avss-parachute-recovery-system-for-dji-matrice-300-350\/\"},{\"@type\":\"ListItem\",\"position\":3,\"name\":\"Alle producten\",\"item\":\"https:\/\/koningdrone.be\/categorie\/alle-producten\/\"},{\"@type\":\"ListItem\",\"position\":4,\"name\":\"EcoFlow Blade\"}]},{\"@type\":\"WebSite\",\"@id\":\"https:\/\/koningdrone.be\/#website\",\"url\":\"https:\/\/koningdrone.be\/\",\"name\":\"Koningdrone.be - Uw online specialist in drones, gimbals, camera's en power stations.\",\"description\":\"De webshop in drones en gimbals\",\"publisher\":{\"@id\":\"https:\/\/koningdrone.be\/#organization\"},\"potentialAction\":[{\"@type\":\"SearchAction\",\"target\":{\"@type\":\"EntryPoint\",\"urlTemplate\":\"https:\/\/koningdrone.be\/?s={search_term_string}\"},\"query-input\":{\"@type\":\"PropertyValueSpecification\",\"valueRequired\":true,\"valueName\":\"search_term_string\"}}],\"inLanguage\":\"fr-BE\"},{\"@type\":\"Organization\",\"@id\":\"https:\/\/koningdrone.be\/#organization\",\"name\":\"Koningdrone.be\",\"url\":\"https:\/\/koningdrone.be\/\",\"logo\":{\"@type\":\"ImageObject\",\"inLanguage\":\"fr-BE\",\"@id\":\"https:\/\/koningdrone.be\/#\/schema\/logo\/image\/\",\"url\":\"https:\/\/koningdrone.be\/wp-content\/uploads\/sites\/13\/2025\/04\/koningdrone-copyright-logo.svg\",\"contentUrl\":\"https:\/\/koningdrone.be\/wp-content\/uploads\/sites\/13\/2025\/04\/koningdrone-copyright-logo.svg\",\"width\":227,\"height\":38,\"caption\":\"Koningdrone.be\"},\"image\":{\"@id\":\"https:\/\/koningdrone.be\/#\/schema\/logo\/image\/\"}}]}<\/script>\n<!-- \/ Yoast SEO Premium plugin. -->","yoast_head_json":{"title":"EcoFlow Blade - koningdrone.be","robots":{"index":"index","follow":"follow","max-snippet":"max-snippet:-1","max-image-preview":"max-image-preview:large","max-video-preview":"max-video-preview:-1"},"canonical":"https:\/\/koningdrone.be\/fr\/produit\/ecoflow-blade\/","og_locale":"fr_FR","og_type":"article","og_title":"EcoFlow Blade","og_description":"EcoFlow Blade robotmaaier met LiDAR en GPS voor nauwkeurige positionering en nauwkeurige gazonbehandelingMax. helling -50%Max. maaioppervlak - tot 3000 m2Maaihoogte -Van 20 tot 76 mmMaaibreedte -260 mmVerbinding -4G, ESIMBereik -virtueelRouteplanning - AutomatischAutomatische reiniging -EetOpladen via zonnepanelen en draagbare stations - Eat","og_url":"https:\/\/koningdrone.be\/fr\/produit\/ecoflow-blade\/","og_site_name":"koningdrone.be","article_modified_time":"2026-04-29T11:40:43+00:00","og_image":[{"width":540,"height":540,"url":"https:\/\/koningdrone.be\/wp-content\/uploads\/sites\/13\/2025\/04\/4895251604451-1.jpg","type":"image\/jpeg"}],"twitter_card":"summary_large_image","twitter_misc":{"Dur\u00e9e de lecture est.":"1 minute"},"schema":{"@context":"https:\/\/schema.org","@graph":[{"@type":"WebPage","@id":"https:\/\/koningdrone.be\/product\/ecoflow-blade\/","url":"https:\/\/koningdrone.be\/product\/ecoflow-blade\/","name":"EcoFlow Blade - koningdrone.be","isPartOf":{"@id":"https:\/\/koningdrone.be\/#website"},"primaryImageOfPage":{"@id":"https:\/\/koningdrone.be\/product\/ecoflow-blade\/#primaryimage"},"image":{"@id":"https:\/\/koningdrone.be\/product\/ecoflow-blade\/#primaryimage"},"thumbnailUrl":"https:\/\/koningdrone.be\/wp-content\/uploads\/sites\/13\/2025\/04\/4895251604451-1.jpg","datePublished":"2023-04-17T11:46:35+00:00","dateModified":"2026-04-29T11:40:43+00:00","breadcrumb":{"@id":"https:\/\/koningdrone.be\/product\/ecoflow-blade\/#breadcrumb"},"inLanguage":"fr-BE","potentialAction":[{"@type":"ReadAction","target":["https:\/\/koningdrone.be\/product\/ecoflow-blade\/"]}]},{"@type":"ImageObject","inLanguage":"fr-BE","@id":"https:\/\/koningdrone.be\/product\/ecoflow-blade\/#primaryimage","url":"https:\/\/koningdrone.be\/wp-content\/uploads\/sites\/13\/2025\/04\/4895251604451-1.jpg","contentUrl":"https:\/\/koningdrone.be\/wp-content\/uploads\/sites\/13\/2025\/04\/4895251604451-1.jpg","width":540,"height":540},{"@type":"BreadcrumbList","@id":"https:\/\/koningdrone.be\/product\/ecoflow-blade\/#breadcrumb","itemListElement":[{"@type":"ListItem","position":1,"name":"Home","item":"https:\/\/koningdrone.be\/"},{"@type":"ListItem","position":2,"name":"AVSS Parachute Recovery System for DJI Matrice 300\/350","item":"https:\/\/koningdrone.be\/product\/avss-parachute-recovery-system-for-dji-matrice-300-350\/"},{"@type":"ListItem","position":3,"name":"Alle producten","item":"https:\/\/koningdrone.be\/categorie\/alle-producten\/"},{"@type":"ListItem","position":4,"name":"EcoFlow Blade"}]},{"@type":"WebSite","@id":"https:\/\/koningdrone.be\/#website","url":"https:\/\/koningdrone.be\/","name":"Koningdrone.be - Votre sp\u00e9cialiste en ligne en mati\u00e8re de drones, de cardans, de cam\u00e9ras et de centrales \u00e9lectriques.","description":"La boutique en ligne de drones et de cardans","publisher":{"@id":"https:\/\/koningdrone.be\/#organization"},"potentialAction":[{"@type":"SearchAction","target":{"@type":"EntryPoint","urlTemplate":"https:\/\/koningdrone.be\/?s={search_term_string}"},"query-input":{"@type":"PropertyValueSpecification","valueRequired":true,"valueName":"search_term_string"}}],"inLanguage":"fr-BE"},{"@type":"Organization","@id":"https:\/\/koningdrone.be\/#organization","name":"Kingdrone.co.uk","url":"https:\/\/koningdrone.be\/","logo":{"@type":"ImageObject","inLanguage":"fr-BE","@id":"https:\/\/koningdrone.be\/#\/schema\/logo\/image\/","url":"https:\/\/koningdrone.be\/wp-content\/uploads\/sites\/13\/2025\/04\/koningdrone-copyright-logo.svg","contentUrl":"https:\/\/koningdrone.be\/wp-content\/uploads\/sites\/13\/2025\/04\/koningdrone-copyright-logo.svg","width":227,"height":38,"caption":"Koningdrone.be"},"image":{"@id":"https:\/\/koningdrone.be\/#\/schema\/logo\/image\/"}}]}},"df_price":"","df_sale_price":"","df_regular_price":"","df_image_link":"https:\/\/koningdrone.be\/wp-content\/uploads\/sites\/13\/2025\/04\/4895251604451-1-300x300.jpg","_links":{"self":[{"href":"https:\/\/koningdrone.be\/fr\/wp-json\/wp\/v2\/product\/4902","targetHints":{"allow":["GET"]}}],"collection":[{"href":"https:\/\/koningdrone.be\/fr\/wp-json\/wp\/v2\/product"}],"about":[{"href":"https:\/\/koningdrone.be\/fr\/wp-json\/wp\/v2\/types\/product"}],"wp:featuredmedia":[{"embeddable":true,"href":"https:\/\/koningdrone.be\/fr\/wp-json\/wp\/v2\/media\/4900"}],"wp:attachment":[{"href":"https:\/\/koningdrone.be\/fr\/wp-json\/wp\/v2\/media?parent=4902"}],"wp:term":[{"taxonomy":"product_brand","embeddable":true,"href":"https:\/\/koningdrone.be\/fr\/wp-json\/wp\/v2\/product_brand?post=4902"},{"taxonomy":"product_cat","embeddable":true,"href":"https:\/\/koningdrone.be\/fr\/wp-json\/wp\/v2\/product_cat?post=4902"},{"taxonomy":"product_tag","embeddable":true,"href":"https:\/\/koningdrone.be\/fr\/wp-json\/wp\/v2\/product_tag?post=4902"}],"curies":[{"name":"wp","href":"https:\/\/api.w.org\/{rel}","templated":true}]}}