{"id":4865,"date":"2023-04-17T13:46:35","date_gmt":"2023-04-17T11:46:35","guid":{"rendered":"https:\/\/koningdrone.nl\/kon\/product\/ecoflow-independence-kit\/"},"modified":"2026-04-29T16:50:28","modified_gmt":"2026-04-29T14:50:28","slug":"ecoflow-independence-kit","status":"publish","type":"product","link":"https:\/\/koningdrone.be\/fr\/produit\/ecoflow-independence-kit\/","title":{"rendered":"Kit d'ind\u00e9pendance EcoFlow"},"content":{"rendered":"<p>Le kit d'ind\u00e9pendance EcoFlow offre un syst\u00e8me int\u00e9gr\u00e9 d'ind\u00e9pendance \u00e9nerg\u00e9tique qui allie simplicit\u00e9, intelligence et compacit\u00e9. Ce syst\u00e8me pr\u00eat \u00e0 l'emploi est facile \u00e0 installer et \u00e0 utiliser, avec des fonctions intelligentes et une taille compacte adapt\u00e9e aux b\u00e2timents r\u00e9sidentiels fixes et aux remorques de voitures.<\/p>\n<p><strong>Concentrateur central et batterie<\/strong> <\/p>\n<p>Chaque EcoFlow Power Kit comprend un hub central pour toutes les entr\u00e9es et sorties, ainsi qu'une batterie LFP EcoFlow de 2kWh ou 5kWh. Le Power Hub est \u00e9quip\u00e9 de 2 r\u00e9gulateurs de charge solaire MPPT, d'un chargeur MPPT, d'un convertisseur DC buck et d'un onduleur chargeur.<\/p>\n<p><strong>Applications et installation<\/strong> <\/p>\n<p>Ces syst\u00e8mes de kits d'alimentation peuvent \u00eatre install\u00e9s dans une vari\u00e9t\u00e9 d'applications, y compris les camionnettes et les environnements domestiques. Pour les camionnettes, les syst\u00e8mes peuvent \u00eatre adapt\u00e9s aux param\u00e8tres du v\u00e9hicule et aux besoins en \u00e9nergie, tandis que pour les environnements domestiques, diff\u00e9rents kits peuvent \u00eatre choisis et install\u00e9s, qu'il s'agisse de petites maisons de campagne ou de grandes maisons hors r\u00e9seau.<\/p>\n<p><strong>Capacit\u00e9s et combinaisons de batteries<\/strong> <\/p>\n<p>EcoFlow propose une large gamme de batteries de diff\u00e9rentes capacit\u00e9s, allant de 2 kWh \u00e0 15 kWh, qui peuvent \u00eatre facilement combin\u00e9es et s\u00e9lectionn\u00e9es en fonction des besoins personnels. Toutes les batteries sont dot\u00e9es d'un syst\u00e8me de gestion de l'\u00e9nergie int\u00e9gr\u00e9 (BMS) et d'une fonction de chauffage automatique pour une utilisation dans des conditions froides.<\/p>\n<p><strong>Options de chargement<\/strong> <\/p>\n<p>Le syst\u00e8me peut \u00eatre charg\u00e9 de trois mani\u00e8res diff\u00e9rentes : \u00e0 l'aide de panneaux solaires EcoFlow souples ou rigides, d'un alternateur de 1000 W ou d'une source d'\u00e9nergie externe ou d'un chargeur de voiture.<\/p>\n<p><strong>\u00c9conomie d'espace et contr\u00f4le intelligent<\/strong> <\/p>\n<p>Con\u00e7us pour \u00e9conomiser de l'espace, les kits d'alimentation sont dot\u00e9s de fils fins et de batteries compactes, de sorte qu'ils peuvent \u00eatre facilement dissimul\u00e9s dans une armoire ou sous un si\u00e8ge. Le syst\u00e8me offre un contr\u00f4le intelligent via une application mobile d\u00e9di\u00e9e, permettant aux utilisateurs de suivre l'\u00e9tat de l'appareil et de l'alimentation, d'ajuster des param\u00e8tres pratiques et de recevoir des notifications en temps r\u00e9el.<\/p>\n<p><strong>Solution d'alimentation s\u00fbre<\/strong> <\/p>\n<p>Un autre avantage du kit d'ind\u00e9pendance EcoFlow est qu'il offre une solution d'alimentation s\u00fbre de 48 V, ce qui permet de r\u00e9duire la chaleur et les pertes d'\u00e9nergie par rapport aux syst\u00e8mes de 12 V.<\/p>\n<p><\/p>","protected":false},"excerpt":{"rendered":"<ul>\n<li>DIMENSIONS : 480\u00d7140\u00d7300 mm<\/li>\n<li>Poids : 14 kg<\/li>\n<li>plage de temp\u00e9rature de fonctionnement : -25\u00b0C \u00e0 60\u00b0C<\/li>\n<li>Plage de temp\u00e9rature de stockage : -25\u00b0C \u00e0 60\u00b0C<\/li>\n<li>ENTR\u00c9E AC : Puissance maximale de 3000 W, courant maximal de 30 A, avec prise en charge de la technologie EcoFlow X-Stream<\/li>\n<li>SORTIE DC : 13,6 V 70 A, puissance maximale : 1000 W ou 26,4 V 60 A, puissance maximale : 1600 W<\/li>\n<li>CONNECTIONS : WiFi (&lt;120m), Bluetooth (&lt;15m)<\/li>\n<li>SORTIE PRINCIPALE AC : onde sinuso\u00efdale pure, 3600 W (7200 W cr\u00eate, 100 ms), 120 V, 60 Hz ; r\u00e9duction lin\u00e9aire de la puissance jusqu'\u00e0 1800 W \u00e0 une temp\u00e9rature ambiante de 40\u2103 \u00e0 60\u2103 ; r\u00e9duction de la puissance jusqu'\u00e0 3000 W \u00e0 une tension de batterie &lt; 49 V<\/li>\n<li>SORTIE AC STANDARD : 120V 20A<\/li>\n<li>PUISSANCE AC MAXIMALE SUPPORT\u00c9E PAR X-BOOST : 5200 W<\/li>\n<li>TENSION D'ENTREE AC : 100-120V, 50\/60Hz<\/li>\n<li>ENTREE DU GENERATEUR 2\/3 : 13-60 V 30 A, puissance max : 1600 W<\/li>\n<li>ENTR\u00c9E SOLAIRE 2\/3 : 15-60V 30A, puissance maximale : 1600 W<\/li>\n<li>ENTR\u00c9E DU G\u00c9N\u00c9RATEUR 1 : 13-60 V 60 A, puissance maximale : 1600 W<\/li>\n<li>ENTR\u00c9E SOLAIRE 1 : 15-60V 30A, puissance maximale : 1600 W<\/li>\n<li>PORT BATTERIE : 3 ports, 40-60V 100A, supporte jusqu'\u00e0 trois batteries LFP de 2kWh ou 5kWh vendues s\u00e9par\u00e9ment. (Il n'est pas recommand\u00e9 d'utiliser un Power Hub en m\u00eame temps que l'EFM100-BPB et l'EFM100-BP).<\/li>\n<\/ul>","protected":false},"featured_media":4864,"template":"","meta":{"_acf_changed":false},"product_brand":[],"product_cat":[97,245,415,198],"product_tag":[],"class_list":{"0":"post-4865","1":"product","2":"type-product","3":"status-publish","4":"has-post-thumbnail","6":"product_cat-alle-producten","7":"product_cat-ecoflow","8":"product_cat-energy","9":"product_cat-zonnepanelen","10":"product_shipping_class-outofstock","11":"pa_brand-ecoflow","12":"pa_productfamily-zonnepaneel-kit","13":"pa_producttype-zonnepaneel-kit","14":"pa_series-ecoflow","16":"first","17":"outofstock","18":"taxable","19":"shipping-taxable","20":"purchasable","21":"product-type-simple"},"acf":[],"yoast_head":"<!-- This site is optimized with the Yoast SEO Premium plugin v27.2 (Yoast SEO v27.2) - https:\/\/yoast.com\/product\/yoast-seo-premium-wordpress\/ -->\n<title>EcoFlow Independence Kit - koningdrone.be<\/title>\n<meta name=\"robots\" content=\"index, follow, max-snippet:-1, max-image-preview:large, max-video-preview:-1\" \/>\n<link rel=\"canonical\" href=\"https:\/\/koningdrone.be\/fr\/produit\/ecoflow-independence-kit\/\" \/>\n<meta property=\"og:locale\" content=\"fr_FR\" \/>\n<meta property=\"og:type\" content=\"article\" \/>\n<meta property=\"og:title\" content=\"EcoFlow Independence Kit\" \/>\n<meta property=\"og:description\" content=\"AFMETINGEN: 480\u00d7140\u00d7300 mmGEWICHT: 14 kgBEDRIJFSTEMPERATUURBEREIK: -25\u00b0C tot 60\u00b0COPSLAGTEMPERATUURBEREIK: -25\u00b0C tot 60\u00b0CAC-INGANG: Max. vermogen 3000 W, max. stroom 30 A, met ondersteuning voor EcoFlow X-Stream-technologieDC-UITGANG: 13,6 V 70 A, max. vermogen: 1000 W of 26,4 V 60 A, max. vermogen: 1600 WVERBINDINGEN: WiFi (&lt;120m), Bluetooth (&lt;15m)HOOFD AC-UITGANG: zuivere sinusgolf, 3600 W (7200 W piek, 100 ms), 120 V, 60 Hz; Lineaire vermogensreductie tot 1800W bij omgevingstemperatuur van 40\u2103 tot 60\u2103; Vermogensreductie tot 3000 W bij accuspanning &lt; 49 VSTANDAARD AC-UITGANG: 120V 20AMAXIMALE AC-OUTPUT ONDERSTEUND DOOR X-BOOST: 5200 WAC-INGANGSPANNING: 100-120V, 50\/60HzGENERATOR-INGANG 2\/3: 13-60 V 30 A, max. vermogen: 1600 WZONNE-INGANG 2\/3: 15-60V 30A, max. vermogen: 1600 WGENERATOR INGANG 1: 13-60 V 60 A, max. vermogen: 1600 WZONNE-INGANG 1: 15-60V 30A, max. vermogen: 1600 WBATTERIJPOORT: 3 poorten, 40-60V 100A, ondersteunt tot drie 2kWh of 5kWh LFP-batterijen die afzonderlijk worden verkocht. (Het wordt niet aanbevolen om \u00e9\u00e9n Power Hub tegelijkertijd met EFM100-BPB en EFM100-BP te gebruiken)\" \/>\n<meta property=\"og:url\" content=\"https:\/\/koningdrone.be\/fr\/produit\/ecoflow-independence-kit\/\" \/>\n<meta property=\"og:site_name\" content=\"koningdrone.be\" \/>\n<meta property=\"article:modified_time\" content=\"2026-04-29T14:50:28+00:00\" \/>\n<meta property=\"og:image\" content=\"https:\/\/koningdrone.be\/wp-content\/uploads\/sites\/13\/2025\/04\/4895251600613.jpg\" \/>\n\t<meta property=\"og:image:width\" content=\"540\" \/>\n\t<meta property=\"og:image:height\" content=\"540\" \/>\n\t<meta property=\"og:image:type\" content=\"image\/jpeg\" \/>\n<meta name=\"twitter:card\" content=\"summary_large_image\" \/>\n<meta name=\"twitter:label1\" content=\"Dur\u00e9e de lecture est.\" \/>\n\t<meta name=\"twitter:data1\" content=\"2 minutes\" \/>\n<script type=\"application\/ld+json\" class=\"yoast-schema-graph\">{\"@context\":\"https:\/\/schema.org\",\"@graph\":[{\"@type\":\"WebPage\",\"@id\":\"https:\/\/koningdrone.be\/product\/ecoflow-independence-kit\/\",\"url\":\"https:\/\/koningdrone.be\/product\/ecoflow-independence-kit\/\",\"name\":\"EcoFlow Independence Kit - koningdrone.be\",\"isPartOf\":{\"@id\":\"https:\/\/koningdrone.be\/#website\"},\"primaryImageOfPage\":{\"@id\":\"https:\/\/koningdrone.be\/product\/ecoflow-independence-kit\/#primaryimage\"},\"image\":{\"@id\":\"https:\/\/koningdrone.be\/product\/ecoflow-independence-kit\/#primaryimage\"},\"thumbnailUrl\":\"https:\/\/koningdrone.be\/wp-content\/uploads\/sites\/13\/2025\/04\/4895251600613.jpg\",\"datePublished\":\"2023-04-17T11:46:35+00:00\",\"dateModified\":\"2026-04-29T14:50:28+00:00\",\"breadcrumb\":{\"@id\":\"https:\/\/koningdrone.be\/product\/ecoflow-independence-kit\/#breadcrumb\"},\"inLanguage\":\"fr-BE\",\"potentialAction\":[{\"@type\":\"ReadAction\",\"target\":[\"https:\/\/koningdrone.be\/product\/ecoflow-independence-kit\/\"]}]},{\"@type\":\"ImageObject\",\"inLanguage\":\"fr-BE\",\"@id\":\"https:\/\/koningdrone.be\/product\/ecoflow-independence-kit\/#primaryimage\",\"url\":\"https:\/\/koningdrone.be\/wp-content\/uploads\/sites\/13\/2025\/04\/4895251600613.jpg\",\"contentUrl\":\"https:\/\/koningdrone.be\/wp-content\/uploads\/sites\/13\/2025\/04\/4895251600613.jpg\",\"width\":540,\"height\":540},{\"@type\":\"BreadcrumbList\",\"@id\":\"https:\/\/koningdrone.be\/product\/ecoflow-independence-kit\/#breadcrumb\",\"itemListElement\":[{\"@type\":\"ListItem\",\"position\":1,\"name\":\"Home\",\"item\":\"https:\/\/koningdrone.be\/\"},{\"@type\":\"ListItem\",\"position\":2,\"name\":\"AVSS Parachute Recovery System for DJI Matrice 300\/350\",\"item\":\"https:\/\/koningdrone.be\/product\/avss-parachute-recovery-system-for-dji-matrice-300-350\/\"},{\"@type\":\"ListItem\",\"position\":3,\"name\":\"Alle producten\",\"item\":\"https:\/\/koningdrone.be\/categorie\/alle-producten\/\"},{\"@type\":\"ListItem\",\"position\":4,\"name\":\"EcoFlow Independence Kit\"}]},{\"@type\":\"WebSite\",\"@id\":\"https:\/\/koningdrone.be\/#website\",\"url\":\"https:\/\/koningdrone.be\/\",\"name\":\"Koningdrone.be - Uw online specialist in drones, gimbals, camera's en power stations.\",\"description\":\"De webshop in drones en gimbals\",\"publisher\":{\"@id\":\"https:\/\/koningdrone.be\/#organization\"},\"potentialAction\":[{\"@type\":\"SearchAction\",\"target\":{\"@type\":\"EntryPoint\",\"urlTemplate\":\"https:\/\/koningdrone.be\/?s={search_term_string}\"},\"query-input\":{\"@type\":\"PropertyValueSpecification\",\"valueRequired\":true,\"valueName\":\"search_term_string\"}}],\"inLanguage\":\"fr-BE\"},{\"@type\":\"Organization\",\"@id\":\"https:\/\/koningdrone.be\/#organization\",\"name\":\"Koningdrone.be\",\"url\":\"https:\/\/koningdrone.be\/\",\"logo\":{\"@type\":\"ImageObject\",\"inLanguage\":\"fr-BE\",\"@id\":\"https:\/\/koningdrone.be\/#\/schema\/logo\/image\/\",\"url\":\"https:\/\/koningdrone.be\/wp-content\/uploads\/sites\/13\/2025\/04\/koningdrone-copyright-logo.svg\",\"contentUrl\":\"https:\/\/koningdrone.be\/wp-content\/uploads\/sites\/13\/2025\/04\/koningdrone-copyright-logo.svg\",\"width\":227,\"height\":38,\"caption\":\"Koningdrone.be\"},\"image\":{\"@id\":\"https:\/\/koningdrone.be\/#\/schema\/logo\/image\/\"}}]}<\/script>\n<!-- \/ Yoast SEO Premium plugin. -->","yoast_head_json":{"title":"EcoFlow Independence Kit - koningdrone.be","robots":{"index":"index","follow":"follow","max-snippet":"max-snippet:-1","max-image-preview":"max-image-preview:large","max-video-preview":"max-video-preview:-1"},"canonical":"https:\/\/koningdrone.be\/fr\/produit\/ecoflow-independence-kit\/","og_locale":"fr_FR","og_type":"article","og_title":"EcoFlow Independence Kit","og_description":"AFMETINGEN: 480\u00d7140\u00d7300 mmGEWICHT: 14 kgBEDRIJFSTEMPERATUURBEREIK: -25\u00b0C tot 60\u00b0COPSLAGTEMPERATUURBEREIK: -25\u00b0C tot 60\u00b0CAC-INGANG: Max. vermogen 3000 W, max. stroom 30 A, met ondersteuning voor EcoFlow X-Stream-technologieDC-UITGANG: 13,6 V 70 A, max. vermogen: 1000 W of 26,4 V 60 A, max. vermogen: 1600 WVERBINDINGEN: WiFi (&lt;120m), Bluetooth (&lt;15m)HOOFD AC-UITGANG: zuivere sinusgolf, 3600 W (7200 W piek, 100 ms), 120 V, 60 Hz; Lineaire vermogensreductie tot 1800W bij omgevingstemperatuur van 40\u2103 tot 60\u2103; Vermogensreductie tot 3000 W bij accuspanning &lt; 49 VSTANDAARD AC-UITGANG: 120V 20AMAXIMALE AC-OUTPUT ONDERSTEUND DOOR X-BOOST: 5200 WAC-INGANGSPANNING: 100-120V, 50\/60HzGENERATOR-INGANG 2\/3: 13-60 V 30 A, max. vermogen: 1600 WZONNE-INGANG 2\/3: 15-60V 30A, max. vermogen: 1600 WGENERATOR INGANG 1: 13-60 V 60 A, max. vermogen: 1600 WZONNE-INGANG 1: 15-60V 30A, max. vermogen: 1600 WBATTERIJPOORT: 3 poorten, 40-60V 100A, ondersteunt tot drie 2kWh of 5kWh LFP-batterijen die afzonderlijk worden verkocht. (Het wordt niet aanbevolen om \u00e9\u00e9n Power Hub tegelijkertijd met EFM100-BPB en EFM100-BP te gebruiken)","og_url":"https:\/\/koningdrone.be\/fr\/produit\/ecoflow-independence-kit\/","og_site_name":"koningdrone.be","article_modified_time":"2026-04-29T14:50:28+00:00","og_image":[{"width":540,"height":540,"url":"https:\/\/koningdrone.be\/wp-content\/uploads\/sites\/13\/2025\/04\/4895251600613.jpg","type":"image\/jpeg"}],"twitter_card":"summary_large_image","twitter_misc":{"Dur\u00e9e de lecture est.":"2 minutes"},"schema":{"@context":"https:\/\/schema.org","@graph":[{"@type":"WebPage","@id":"https:\/\/koningdrone.be\/product\/ecoflow-independence-kit\/","url":"https:\/\/koningdrone.be\/product\/ecoflow-independence-kit\/","name":"EcoFlow Independence Kit - koningdrone.be","isPartOf":{"@id":"https:\/\/koningdrone.be\/#website"},"primaryImageOfPage":{"@id":"https:\/\/koningdrone.be\/product\/ecoflow-independence-kit\/#primaryimage"},"image":{"@id":"https:\/\/koningdrone.be\/product\/ecoflow-independence-kit\/#primaryimage"},"thumbnailUrl":"https:\/\/koningdrone.be\/wp-content\/uploads\/sites\/13\/2025\/04\/4895251600613.jpg","datePublished":"2023-04-17T11:46:35+00:00","dateModified":"2026-04-29T14:50:28+00:00","breadcrumb":{"@id":"https:\/\/koningdrone.be\/product\/ecoflow-independence-kit\/#breadcrumb"},"inLanguage":"fr-BE","potentialAction":[{"@type":"ReadAction","target":["https:\/\/koningdrone.be\/product\/ecoflow-independence-kit\/"]}]},{"@type":"ImageObject","inLanguage":"fr-BE","@id":"https:\/\/koningdrone.be\/product\/ecoflow-independence-kit\/#primaryimage","url":"https:\/\/koningdrone.be\/wp-content\/uploads\/sites\/13\/2025\/04\/4895251600613.jpg","contentUrl":"https:\/\/koningdrone.be\/wp-content\/uploads\/sites\/13\/2025\/04\/4895251600613.jpg","width":540,"height":540},{"@type":"BreadcrumbList","@id":"https:\/\/koningdrone.be\/product\/ecoflow-independence-kit\/#breadcrumb","itemListElement":[{"@type":"ListItem","position":1,"name":"Home","item":"https:\/\/koningdrone.be\/"},{"@type":"ListItem","position":2,"name":"AVSS Parachute Recovery System for DJI Matrice 300\/350","item":"https:\/\/koningdrone.be\/product\/avss-parachute-recovery-system-for-dji-matrice-300-350\/"},{"@type":"ListItem","position":3,"name":"Alle producten","item":"https:\/\/koningdrone.be\/categorie\/alle-producten\/"},{"@type":"ListItem","position":4,"name":"EcoFlow Independence Kit"}]},{"@type":"WebSite","@id":"https:\/\/koningdrone.be\/#website","url":"https:\/\/koningdrone.be\/","name":"Koningdrone.be - Votre sp\u00e9cialiste en ligne en mati\u00e8re de drones, de cardans, de cam\u00e9ras et de centrales \u00e9lectriques.","description":"La boutique en ligne de drones et de cardans","publisher":{"@id":"https:\/\/koningdrone.be\/#organization"},"potentialAction":[{"@type":"SearchAction","target":{"@type":"EntryPoint","urlTemplate":"https:\/\/koningdrone.be\/?s={search_term_string}"},"query-input":{"@type":"PropertyValueSpecification","valueRequired":true,"valueName":"search_term_string"}}],"inLanguage":"fr-BE"},{"@type":"Organization","@id":"https:\/\/koningdrone.be\/#organization","name":"Kingdrone.co.uk","url":"https:\/\/koningdrone.be\/","logo":{"@type":"ImageObject","inLanguage":"fr-BE","@id":"https:\/\/koningdrone.be\/#\/schema\/logo\/image\/","url":"https:\/\/koningdrone.be\/wp-content\/uploads\/sites\/13\/2025\/04\/koningdrone-copyright-logo.svg","contentUrl":"https:\/\/koningdrone.be\/wp-content\/uploads\/sites\/13\/2025\/04\/koningdrone-copyright-logo.svg","width":227,"height":38,"caption":"Koningdrone.be"},"image":{"@id":"https:\/\/koningdrone.be\/#\/schema\/logo\/image\/"}}]}},"df_price":2999,"df_sale_price":"","df_regular_price":2999,"df_image_link":"https:\/\/koningdrone.be\/wp-content\/uploads\/sites\/13\/2025\/04\/4895251600613-300x300.jpg","_links":{"self":[{"href":"https:\/\/koningdrone.be\/fr\/wp-json\/wp\/v2\/product\/4865","targetHints":{"allow":["GET"]}}],"collection":[{"href":"https:\/\/koningdrone.be\/fr\/wp-json\/wp\/v2\/product"}],"about":[{"href":"https:\/\/koningdrone.be\/fr\/wp-json\/wp\/v2\/types\/product"}],"wp:featuredmedia":[{"embeddable":true,"href":"https:\/\/koningdrone.be\/fr\/wp-json\/wp\/v2\/media\/4864"}],"wp:attachment":[{"href":"https:\/\/koningdrone.be\/fr\/wp-json\/wp\/v2\/media?parent=4865"}],"wp:term":[{"taxonomy":"product_brand","embeddable":true,"href":"https:\/\/koningdrone.be\/fr\/wp-json\/wp\/v2\/product_brand?post=4865"},{"taxonomy":"product_cat","embeddable":true,"href":"https:\/\/koningdrone.be\/fr\/wp-json\/wp\/v2\/product_cat?post=4865"},{"taxonomy":"product_tag","embeddable":true,"href":"https:\/\/koningdrone.be\/fr\/wp-json\/wp\/v2\/product_tag?post=4865"}],"curies":[{"name":"wp","href":"https:\/\/api.w.org\/{rel}","templated":true}]}}