{"id":4863,"date":"2023-04-17T13:46:35","date_gmt":"2023-04-17T11:46:35","guid":{"rendered":"https:\/\/koningdrone.nl\/kon\/product\/ecoflow-glacier-battery\/"},"modified":"2026-04-29T04:20:02","modified_gmt":"2026-04-29T02:20:02","slug":"ecoflow-glacier-battery","status":"publish","type":"product","link":"https:\/\/koningdrone.be\/fr\/produit\/ecoflow-glacier-battery\/","title":{"rendered":"Batterie EcoFlow Glacier"},"content":{"rendered":"<p><strong>Avantages de la batterie EcoFlow Glacier<\/strong><\/p>\n<p>La batterie EcoFlow Glacier assure une alimentation constante de votre r\u00e9frig\u00e9rateur, ce qui permet de conserver la fra\u00eecheur de vos aliments m\u00eame dans les situations d'urgence. Cette batterie a une capacit\u00e9 impressionnante et offre des capacit\u00e9s de charge rapide, ce qui la rend id\u00e9ale pour une utilisation \u00e0 l'ext\u00e9rieur, en camping ou pendant les pannes de courant. La conception portable permet d'emporter facilement la batterie avec vous, tandis que la construction durable garantit des performances fiables o\u00f9 que vous soyez.<\/p>\n<p><strong>Performance durable et fiable<\/strong><\/p>\n<p>La batterie EcoFlow Glacier a \u00e9t\u00e9 con\u00e7ue dans un souci de durabilit\u00e9 et de fiabilit\u00e9. La batterie peut r\u00e9sister \u00e0 des conditions difficiles et toujours fournir l'\u00e9nergie dont votre r\u00e9frig\u00e9rateur a besoin. Que vous partiez \u00e0 l'aventure en camping ou que vous soyez confront\u00e9 \u00e0 une panne de courant, avec la batterie EcoFlow Glacier, vous n'aurez plus \u00e0 vous soucier de la d\u00e9t\u00e9rioration des aliments dans votre r\u00e9frig\u00e9rateur.<\/p>\n<p><strong>Facile \u00e0 transporter<\/strong><\/p>\n<p>Gr\u00e2ce \u00e0 la conception portable de la batterie EcoFlow Glacier, vous pouvez facilement l'emmener avec vous partout o\u00f9 votre aventure ou les circonstances vous m\u00e8nent. Que vous alliez camper, que vous fassiez un long voyage ou que vous soyez simplement chez vous, cette batterie vous offre la possibilit\u00e9 de disposer d'une alimentation \u00e9lectrique fiable pour votre r\u00e9frig\u00e9rateur, n'importe o\u00f9 et n'importe quand.<\/p>\n<p><strong>Conclusion<\/strong><\/p>\n<p>La batterie EcoFlow Glacier est la solution id\u00e9ale pour maintenir une alimentation \u00e9lectrique constante pour votre r\u00e9frig\u00e9rateur, \u00e0 l'int\u00e9rieur comme \u00e0 l'ext\u00e9rieur. Avec sa capacit\u00e9 impressionnante, ses capacit\u00e9s de charge rapide, sa construction durable et son design portable, cette batterie est un compagnon fiable pour les urgences, les voyages en camping et les pannes de courant.<\/p>","protected":false},"excerpt":{"rendered":"<p>Voordelen van de EcoFlow Glacier-batterij Met de EcoFlow Glacier-batterij ben je verzekerd van een constante stroomvoorziening voor je koelkast, waardoor je eten vers blijft, zelfs in noodsituaties. Deze batterij heeft een indrukwekkende capaciteit en biedt snelle oplaadmogelijkheden, waardoor het ideaal is voor gebruik buitenshuis, op de camping of tijdens stroomstoringen. Het draagbare ontwerp maakt het [&hellip;]<\/p>\n","protected":false},"featured_media":4856,"template":"","meta":{"_acf_changed":false},"product_brand":[],"product_cat":[113,454,97,245,276,415,628],"product_tag":[],"class_list":{"0":"post-4863","1":"product","2":"type-product","3":"status-publish","4":"has-post-thumbnail","6":"product_cat-alle-batterijen","7":"product_cat-alle-powerstations","8":"product_cat-alle-producten","9":"product_cat-ecoflow","10":"product_cat-ecoflow-powerstations","11":"product_cat-energy","12":"product_cat-powerstations","13":"product_shipping_class-ingramall","14":"pa_brand-ecoflow","15":"pa_capaciteit-298wh","16":"pa_gewicht-19-kg","17":"pa_productfamily-batterij","18":"pa_producttype-batterij","19":"pa_series-glacier","21":"first","22":"instock","23":"taxable","24":"shipping-taxable","25":"purchasable","26":"product-type-simple"},"acf":[],"yoast_head":"<!-- This site is optimized with the Yoast SEO Premium plugin v27.2 (Yoast SEO v27.2) - https:\/\/yoast.com\/product\/yoast-seo-premium-wordpress\/ -->\n<title>EcoFlow Glacier Battery - koningdrone.be<\/title>\n<meta name=\"robots\" content=\"index, follow, max-snippet:-1, max-image-preview:large, max-video-preview:-1\" \/>\n<link rel=\"canonical\" href=\"https:\/\/koningdrone.be\/fr\/produit\/ecoflow-glacier-battery\/\" \/>\n<meta property=\"og:locale\" content=\"fr_FR\" \/>\n<meta property=\"og:type\" content=\"article\" \/>\n<meta property=\"og:title\" content=\"EcoFlow Glacier Battery\" \/>\n<meta property=\"og:description\" content=\"Voordelen van de EcoFlow Glacier-batterij Met de EcoFlow Glacier-batterij ben je verzekerd van een constante stroomvoorziening voor je koelkast, waardoor je eten vers blijft, zelfs in noodsituaties. Deze batterij heeft een indrukwekkende capaciteit en biedt snelle oplaadmogelijkheden, waardoor het ideaal is voor gebruik buitenshuis, op de camping of tijdens stroomstoringen. Het draagbare ontwerp maakt het [&hellip;]\" \/>\n<meta property=\"og:url\" content=\"https:\/\/koningdrone.be\/fr\/produit\/ecoflow-glacier-battery\/\" \/>\n<meta property=\"og:site_name\" content=\"koningdrone.be\" \/>\n<meta property=\"article:modified_time\" content=\"2026-04-29T02:20:02+00:00\" \/>\n<meta property=\"og:image\" content=\"https:\/\/koningdrone.be\/wp-content\/uploads\/sites\/13\/2025\/04\/4895251604802-1.jpg\" \/>\n\t<meta property=\"og:image:width\" content=\"540\" \/>\n\t<meta property=\"og:image:height\" content=\"540\" \/>\n\t<meta property=\"og:image:type\" content=\"image\/jpeg\" \/>\n<meta name=\"twitter:card\" content=\"summary_large_image\" \/>\n<meta name=\"twitter:label1\" content=\"Dur\u00e9e de lecture est.\" \/>\n\t<meta name=\"twitter:data1\" content=\"1 minute\" \/>\n<script type=\"application\/ld+json\" class=\"yoast-schema-graph\">{\"@context\":\"https:\/\/schema.org\",\"@graph\":[{\"@type\":\"WebPage\",\"@id\":\"https:\/\/koningdrone.be\/product\/ecoflow-glacier-battery\/\",\"url\":\"https:\/\/koningdrone.be\/product\/ecoflow-glacier-battery\/\",\"name\":\"EcoFlow Glacier Battery - koningdrone.be\",\"isPartOf\":{\"@id\":\"https:\/\/koningdrone.be\/#website\"},\"primaryImageOfPage\":{\"@id\":\"https:\/\/koningdrone.be\/product\/ecoflow-glacier-battery\/#primaryimage\"},\"image\":{\"@id\":\"https:\/\/koningdrone.be\/product\/ecoflow-glacier-battery\/#primaryimage\"},\"thumbnailUrl\":\"https:\/\/koningdrone.be\/wp-content\/uploads\/sites\/13\/2025\/04\/4895251604802-1.jpg\",\"datePublished\":\"2023-04-17T11:46:35+00:00\",\"dateModified\":\"2026-04-29T02:20:02+00:00\",\"breadcrumb\":{\"@id\":\"https:\/\/koningdrone.be\/product\/ecoflow-glacier-battery\/#breadcrumb\"},\"inLanguage\":\"fr-BE\",\"potentialAction\":[{\"@type\":\"ReadAction\",\"target\":[\"https:\/\/koningdrone.be\/product\/ecoflow-glacier-battery\/\"]}]},{\"@type\":\"ImageObject\",\"inLanguage\":\"fr-BE\",\"@id\":\"https:\/\/koningdrone.be\/product\/ecoflow-glacier-battery\/#primaryimage\",\"url\":\"https:\/\/koningdrone.be\/wp-content\/uploads\/sites\/13\/2025\/04\/4895251604802-1.jpg\",\"contentUrl\":\"https:\/\/koningdrone.be\/wp-content\/uploads\/sites\/13\/2025\/04\/4895251604802-1.jpg\",\"width\":540,\"height\":540},{\"@type\":\"BreadcrumbList\",\"@id\":\"https:\/\/koningdrone.be\/product\/ecoflow-glacier-battery\/#breadcrumb\",\"itemListElement\":[{\"@type\":\"ListItem\",\"position\":1,\"name\":\"Home\",\"item\":\"https:\/\/koningdrone.be\/\"},{\"@type\":\"ListItem\",\"position\":2,\"name\":\"AVSS Parachute Recovery System for DJI Matrice 300\/350\",\"item\":\"https:\/\/koningdrone.be\/product\/avss-parachute-recovery-system-for-dji-matrice-300-350\/\"},{\"@type\":\"ListItem\",\"position\":3,\"name\":\"Alle batterijen\",\"item\":\"https:\/\/koningdrone.be\/categorie\/alle-batterijen\/\"},{\"@type\":\"ListItem\",\"position\":4,\"name\":\"EcoFlow Glacier Battery\"}]},{\"@type\":\"WebSite\",\"@id\":\"https:\/\/koningdrone.be\/#website\",\"url\":\"https:\/\/koningdrone.be\/\",\"name\":\"Koningdrone.be - Uw online specialist in drones, gimbals, camera's en power stations.\",\"description\":\"De webshop in drones en gimbals\",\"publisher\":{\"@id\":\"https:\/\/koningdrone.be\/#organization\"},\"potentialAction\":[{\"@type\":\"SearchAction\",\"target\":{\"@type\":\"EntryPoint\",\"urlTemplate\":\"https:\/\/koningdrone.be\/?s={search_term_string}\"},\"query-input\":{\"@type\":\"PropertyValueSpecification\",\"valueRequired\":true,\"valueName\":\"search_term_string\"}}],\"inLanguage\":\"fr-BE\"},{\"@type\":\"Organization\",\"@id\":\"https:\/\/koningdrone.be\/#organization\",\"name\":\"Koningdrone.be\",\"url\":\"https:\/\/koningdrone.be\/\",\"logo\":{\"@type\":\"ImageObject\",\"inLanguage\":\"fr-BE\",\"@id\":\"https:\/\/koningdrone.be\/#\/schema\/logo\/image\/\",\"url\":\"https:\/\/koningdrone.be\/wp-content\/uploads\/sites\/13\/2025\/04\/koningdrone-copyright-logo.svg\",\"contentUrl\":\"https:\/\/koningdrone.be\/wp-content\/uploads\/sites\/13\/2025\/04\/koningdrone-copyright-logo.svg\",\"width\":227,\"height\":38,\"caption\":\"Koningdrone.be\"},\"image\":{\"@id\":\"https:\/\/koningdrone.be\/#\/schema\/logo\/image\/\"}}]}<\/script>\n<!-- \/ Yoast SEO Premium plugin. -->","yoast_head_json":{"title":"EcoFlow Glacier Battery - koningdrone.be","robots":{"index":"index","follow":"follow","max-snippet":"max-snippet:-1","max-image-preview":"max-image-preview:large","max-video-preview":"max-video-preview:-1"},"canonical":"https:\/\/koningdrone.be\/fr\/produit\/ecoflow-glacier-battery\/","og_locale":"fr_FR","og_type":"article","og_title":"EcoFlow Glacier Battery","og_description":"Voordelen van de EcoFlow Glacier-batterij Met de EcoFlow Glacier-batterij ben je verzekerd van een constante stroomvoorziening voor je koelkast, waardoor je eten vers blijft, zelfs in noodsituaties. Deze batterij heeft een indrukwekkende capaciteit en biedt snelle oplaadmogelijkheden, waardoor het ideaal is voor gebruik buitenshuis, op de camping of tijdens stroomstoringen. Het draagbare ontwerp maakt het [&hellip;]","og_url":"https:\/\/koningdrone.be\/fr\/produit\/ecoflow-glacier-battery\/","og_site_name":"koningdrone.be","article_modified_time":"2026-04-29T02:20:02+00:00","og_image":[{"width":540,"height":540,"url":"https:\/\/koningdrone.be\/wp-content\/uploads\/sites\/13\/2025\/04\/4895251604802-1.jpg","type":"image\/jpeg"}],"twitter_card":"summary_large_image","twitter_misc":{"Dur\u00e9e de lecture est.":"1 minute"},"schema":{"@context":"https:\/\/schema.org","@graph":[{"@type":"WebPage","@id":"https:\/\/koningdrone.be\/product\/ecoflow-glacier-battery\/","url":"https:\/\/koningdrone.be\/product\/ecoflow-glacier-battery\/","name":"EcoFlow Glacier Battery - koningdrone.be","isPartOf":{"@id":"https:\/\/koningdrone.be\/#website"},"primaryImageOfPage":{"@id":"https:\/\/koningdrone.be\/product\/ecoflow-glacier-battery\/#primaryimage"},"image":{"@id":"https:\/\/koningdrone.be\/product\/ecoflow-glacier-battery\/#primaryimage"},"thumbnailUrl":"https:\/\/koningdrone.be\/wp-content\/uploads\/sites\/13\/2025\/04\/4895251604802-1.jpg","datePublished":"2023-04-17T11:46:35+00:00","dateModified":"2026-04-29T02:20:02+00:00","breadcrumb":{"@id":"https:\/\/koningdrone.be\/product\/ecoflow-glacier-battery\/#breadcrumb"},"inLanguage":"fr-BE","potentialAction":[{"@type":"ReadAction","target":["https:\/\/koningdrone.be\/product\/ecoflow-glacier-battery\/"]}]},{"@type":"ImageObject","inLanguage":"fr-BE","@id":"https:\/\/koningdrone.be\/product\/ecoflow-glacier-battery\/#primaryimage","url":"https:\/\/koningdrone.be\/wp-content\/uploads\/sites\/13\/2025\/04\/4895251604802-1.jpg","contentUrl":"https:\/\/koningdrone.be\/wp-content\/uploads\/sites\/13\/2025\/04\/4895251604802-1.jpg","width":540,"height":540},{"@type":"BreadcrumbList","@id":"https:\/\/koningdrone.be\/product\/ecoflow-glacier-battery\/#breadcrumb","itemListElement":[{"@type":"ListItem","position":1,"name":"Home","item":"https:\/\/koningdrone.be\/"},{"@type":"ListItem","position":2,"name":"AVSS Parachute Recovery System for DJI Matrice 300\/350","item":"https:\/\/koningdrone.be\/product\/avss-parachute-recovery-system-for-dji-matrice-300-350\/"},{"@type":"ListItem","position":3,"name":"Alle batterijen","item":"https:\/\/koningdrone.be\/categorie\/alle-batterijen\/"},{"@type":"ListItem","position":4,"name":"EcoFlow Glacier Battery"}]},{"@type":"WebSite","@id":"https:\/\/koningdrone.be\/#website","url":"https:\/\/koningdrone.be\/","name":"Koningdrone.be - Votre sp\u00e9cialiste en ligne en mati\u00e8re de drones, de cardans, de cam\u00e9ras et de centrales \u00e9lectriques.","description":"La boutique en ligne de drones et de cardans","publisher":{"@id":"https:\/\/koningdrone.be\/#organization"},"potentialAction":[{"@type":"SearchAction","target":{"@type":"EntryPoint","urlTemplate":"https:\/\/koningdrone.be\/?s={search_term_string}"},"query-input":{"@type":"PropertyValueSpecification","valueRequired":true,"valueName":"search_term_string"}}],"inLanguage":"fr-BE"},{"@type":"Organization","@id":"https:\/\/koningdrone.be\/#organization","name":"Kingdrone.co.uk","url":"https:\/\/koningdrone.be\/","logo":{"@type":"ImageObject","inLanguage":"fr-BE","@id":"https:\/\/koningdrone.be\/#\/schema\/logo\/image\/","url":"https:\/\/koningdrone.be\/wp-content\/uploads\/sites\/13\/2025\/04\/koningdrone-copyright-logo.svg","contentUrl":"https:\/\/koningdrone.be\/wp-content\/uploads\/sites\/13\/2025\/04\/koningdrone-copyright-logo.svg","width":227,"height":38,"caption":"Koningdrone.be"},"image":{"@id":"https:\/\/koningdrone.be\/#\/schema\/logo\/image\/"}}]}},"df_price":320,"df_sale_price":"","df_regular_price":320,"df_image_link":"https:\/\/koningdrone.be\/wp-content\/uploads\/sites\/13\/2025\/04\/4895251604802-1-300x300.jpg","_links":{"self":[{"href":"https:\/\/koningdrone.be\/fr\/wp-json\/wp\/v2\/product\/4863","targetHints":{"allow":["GET"]}}],"collection":[{"href":"https:\/\/koningdrone.be\/fr\/wp-json\/wp\/v2\/product"}],"about":[{"href":"https:\/\/koningdrone.be\/fr\/wp-json\/wp\/v2\/types\/product"}],"wp:featuredmedia":[{"embeddable":true,"href":"https:\/\/koningdrone.be\/fr\/wp-json\/wp\/v2\/media\/4856"}],"wp:attachment":[{"href":"https:\/\/koningdrone.be\/fr\/wp-json\/wp\/v2\/media?parent=4863"}],"wp:term":[{"taxonomy":"product_brand","embeddable":true,"href":"https:\/\/koningdrone.be\/fr\/wp-json\/wp\/v2\/product_brand?post=4863"},{"taxonomy":"product_cat","embeddable":true,"href":"https:\/\/koningdrone.be\/fr\/wp-json\/wp\/v2\/product_cat?post=4863"},{"taxonomy":"product_tag","embeddable":true,"href":"https:\/\/koningdrone.be\/fr\/wp-json\/wp\/v2\/product_tag?post=4863"}],"curies":[{"name":"wp","href":"https:\/\/api.w.org\/{rel}","templated":true}]}}