{"id":4827,"date":"2023-04-17T13:47:04","date_gmt":"2023-04-17T11:47:04","guid":{"rendered":"https:\/\/koningdrone.nl\/kon\/product\/livox-hap-tx\/"},"modified":"2026-04-29T08:30:38","modified_gmt":"2026-04-29T06:30:38","slug":"livox-hap-tx","status":"publish","type":"product","link":"https:\/\/koningdrone.be\/fr\/produit\/livox-hap-tx\/","title":{"rendered":"LIVOX HAP TX"},"content":{"rendered":"<h1>LIVOX HAP TX<\/h1>\n<p>D\u00e9velopp\u00e9 par Livox pendant deux ans, Livox HAP est leur premier lidar automobile con\u00e7u pour les syst\u00e8mes intelligents d'aide \u00e0 la conduite. Le HAP r\u00e9pond \u00e0 74 points des tests de fiabilit\u00e9 automobile et a \u00e9t\u00e9 produit en masse pour des \u00e9quipementiers tels que Xpeng et FAW Jiefang dans le tout nouveau centre de production automobile de Livox depuis 2021 afin d'aider les clients \u00e0 construire des syst\u00e8mes de conduite intelligente \u00e0 la pointe de l'industrie, qui offrent une s\u00e9curit\u00e9 et un confort sup\u00e9rieurs.<br \/> - Port\u00e9e de d\u00e9tection 150 m avec 10%<br \/> - Champ de vision (FOV) 120\u00b0 x 25\u00b0<br \/> - La densit\u00e9 du nuage de points correspond \u00e0 144 lignes<br \/> - R\u00e9solution angulaire 0,18\u00b0 x 0,23\u00b0<br \/> - Taux de points 452 000 pts\/s<br \/> - FPS 10 Hz<br \/><strong>Test\u00e9 de mani\u00e8re approfondie pour v\u00e9rifier qu'il convient aux voitures<\/strong><br \/>HAP a obtenu et r\u00e9ussi plus de 70 points lors des tests de fiabilit\u00e9 automobile effectu\u00e9s dans le centre d'essai de Livox. Ce centre est construit selon les normes CNAS et dispose d'un \u00e9quipement d'essai de pointe. Il est g\u00e9r\u00e9 par une \u00e9quipe d'experts industriels de premier plan. Cette installation offre \u00e0 Livox des capacit\u00e9s de test impressionnantes et efficaces et garantit que HAP r\u00e9pond aux normes des principaux constructeurs automobiles, ainsi qu'aux normes industrielles telles que la norme ISO 16750.<br \/><strong> La production de masse est l'objectif <\/strong><br \/>Le tout nouveau centre de production de voitures intelligentes de Livox a une surface de construction pr\u00e9vue de 1 500 m\u00e8tres carr\u00e9s dans sa premi\u00e8re phase. \u00c9quip\u00e9 de lignes d'assemblage de lidars enti\u00e8rement automatis\u00e9es, chacune ayant une capacit\u00e9 annuelle de 200 000 pi\u00e8ces, et soutenu par plusieurs lignes de production de technologies de montage en surface (SMT) de classe mondiale con\u00e7ues pour une valeur de pi\u00e8ces par million (PPM) de 10, ce centre de production sera situ\u00e9 de mani\u00e8re \u00e0 r\u00e9pondre \u00e0 la future demande croissante de Livox pour une production efficace de ses propres composants de base de lidars.<br \/><strong>Des performances sup\u00e9rieures pour une conduite plus intelligente<\/strong><br \/> - Port\u00e9e de confinement : la port\u00e9e de confinement du HAP a \u00e9t\u00e9 port\u00e9e \u00e0 150 m\u00e8tres. Cela permet au syst\u00e8me de conduite autonome de d\u00e9tecter les obstacles \u00e9loign\u00e9s sur les autoroutes et dans la circulation urbaine beaucoup plus t\u00f4t et avec encore moins d'efforts.<br \/> - Champ de vision : le HAP a un champ de vision horizontal de 120\u00b0. L'installation de deux capteurs permet au v\u00e9hicule d'avoir un champ de vision ultra-point nuageux de 180\u00b0. Cela am\u00e9liore consid\u00e9rablement la capacit\u00e9 du syst\u00e8me \u00e0 g\u00e9rer les situations de circulation difficiles, telles que l'entr\u00e9e dans les v\u00e9hicules et les virages aux intersections.<br \/> - Densit\u00e9 du nuage de points : avec une r\u00e9solution angulaire allant jusqu'\u00e0 0,18\u00b0 * 0,23\u00b0, le HAP a une densit\u00e9 de nuage de points \u00e9quivalente \u00e0 celle d'un lidar \u00e0 144 lignes pour les ROI (r\u00e9gions d'int\u00e9r\u00eat). La densit\u00e9 accrue du nuage de points offre une repr\u00e9sentation plus r\u00e9aliste de l'environnement et permet la d\u00e9tection pr\u00e9cise de petits objets sur la route environnante, y compris les pi\u00e9tons, les bicyclettes ou m\u00eame les c\u00f4nes de signalisation.<br \/><strong>S\u00e9curit\u00e9 accrue gr\u00e2ce \u00e0 l'Ultra FPS<\/strong><br \/>Gr\u00e2ce \u00e0 une technologie de miroir rotatif intelligemment con\u00e7ue, Livox a d\u00e9velopp\u00e9 et applique un tout nouveau concept de technologie lidar avec \"Ultra-FPS\" (images par seconde). Lorsque les v\u00e9hicules se d\u00e9placent, les objets situ\u00e9s dans le champ de vision du lidar sont scann\u00e9s deux fois et dans la zone silencieuse. Cette fonction renforce la s\u00e9curit\u00e9 des usagers de la route lorsqu'ils roulent \u00e0 grande vitesse ou lorsque des pi\u00e9tons ou des bicyclettes se trouvent \u00e0 proximit\u00e9.<\/p>","protected":false},"excerpt":{"rendered":"<ul>\n<li>IVOX HAP TX : le premier lidar de qualit\u00e9 automobile de Livox pour la production de masse<\/li>\n<\/ul>","protected":false},"featured_media":4823,"template":"","meta":{"_acf_changed":false},"product_brand":[],"product_cat":[187,97,751],"product_tag":[],"class_list":{"0":"post-4827","1":"product","2":"type-product","3":"status-publish","4":"has-post-thumbnail","6":"product_cat-alle-lidar","7":"product_cat-alle-producten","8":"product_cat-livox","9":"product_shipping_class-outofstock","10":"pa_brand-livox","11":"pa_productfamily-lidar-sensor","12":"pa_producttype-lidar-sensor","13":"pa_series-livox","15":"first","16":"outofstock","17":"taxable","18":"shipping-taxable","19":"product-type-simple"},"acf":[],"yoast_head":"<!-- This site is optimized with the Yoast SEO Premium plugin v27.2 (Yoast SEO v27.2) - https:\/\/yoast.com\/product\/yoast-seo-premium-wordpress\/ -->\n<title>LIVOX HAP TX - koningdrone.be<\/title>\n<meta name=\"robots\" content=\"index, follow, max-snippet:-1, max-image-preview:large, max-video-preview:-1\" \/>\n<link rel=\"canonical\" href=\"https:\/\/koningdrone.be\/fr\/produit\/livox-hap-tx\/\" \/>\n<meta property=\"og:locale\" content=\"fr_FR\" \/>\n<meta property=\"og:type\" content=\"article\" \/>\n<meta property=\"og:title\" content=\"LIVOX HAP TX\" \/>\n<meta property=\"og:description\" content=\"IVOX HAP TX: Livox&#039; eerste lidar van autokwaliteit voor massaproductie\" \/>\n<meta property=\"og:url\" content=\"https:\/\/koningdrone.be\/fr\/produit\/livox-hap-tx\/\" \/>\n<meta property=\"og:site_name\" content=\"koningdrone.be\" \/>\n<meta property=\"article:modified_time\" content=\"2026-04-29T06:30:38+00:00\" \/>\n<meta property=\"og:image\" content=\"https:\/\/koningdrone.be\/wp-content\/uploads\/sites\/13\/2025\/04\/6941565934987-1.jpg\" \/>\n\t<meta property=\"og:image:width\" content=\"1280\" \/>\n\t<meta property=\"og:image:height\" content=\"800\" \/>\n\t<meta property=\"og:image:type\" content=\"image\/jpeg\" \/>\n<meta name=\"twitter:card\" content=\"summary_large_image\" \/>\n<meta name=\"twitter:label1\" content=\"Dur\u00e9e de lecture est.\" \/>\n\t<meta name=\"twitter:data1\" content=\"2 minutes\" \/>\n<script type=\"application\/ld+json\" class=\"yoast-schema-graph\">{\"@context\":\"https:\/\/schema.org\",\"@graph\":[{\"@type\":\"WebPage\",\"@id\":\"https:\/\/koningdrone.be\/product\/livox-hap-tx\/\",\"url\":\"https:\/\/koningdrone.be\/product\/livox-hap-tx\/\",\"name\":\"LIVOX HAP TX - koningdrone.be\",\"isPartOf\":{\"@id\":\"https:\/\/koningdrone.be\/#website\"},\"primaryImageOfPage\":{\"@id\":\"https:\/\/koningdrone.be\/product\/livox-hap-tx\/#primaryimage\"},\"image\":{\"@id\":\"https:\/\/koningdrone.be\/product\/livox-hap-tx\/#primaryimage\"},\"thumbnailUrl\":\"https:\/\/koningdrone.be\/wp-content\/uploads\/sites\/13\/2025\/04\/6941565934987-1.jpg\",\"datePublished\":\"2023-04-17T11:47:04+00:00\",\"dateModified\":\"2026-04-29T06:30:38+00:00\",\"breadcrumb\":{\"@id\":\"https:\/\/koningdrone.be\/product\/livox-hap-tx\/#breadcrumb\"},\"inLanguage\":\"fr-BE\",\"potentialAction\":[{\"@type\":\"ReadAction\",\"target\":[\"https:\/\/koningdrone.be\/product\/livox-hap-tx\/\"]}]},{\"@type\":\"ImageObject\",\"inLanguage\":\"fr-BE\",\"@id\":\"https:\/\/koningdrone.be\/product\/livox-hap-tx\/#primaryimage\",\"url\":\"https:\/\/koningdrone.be\/wp-content\/uploads\/sites\/13\/2025\/04\/6941565934987-1.jpg\",\"contentUrl\":\"https:\/\/koningdrone.be\/wp-content\/uploads\/sites\/13\/2025\/04\/6941565934987-1.jpg\",\"width\":1280,\"height\":800},{\"@type\":\"BreadcrumbList\",\"@id\":\"https:\/\/koningdrone.be\/product\/livox-hap-tx\/#breadcrumb\",\"itemListElement\":[{\"@type\":\"ListItem\",\"position\":1,\"name\":\"Home\",\"item\":\"https:\/\/koningdrone.be\/\"},{\"@type\":\"ListItem\",\"position\":2,\"name\":\"AVSS Parachute Recovery System for DJI Matrice 300\/350\",\"item\":\"https:\/\/koningdrone.be\/product\/avss-parachute-recovery-system-for-dji-matrice-300-350\/\"},{\"@type\":\"ListItem\",\"position\":3,\"name\":\"Alle LiDaR\",\"item\":\"https:\/\/koningdrone.be\/categorie\/alle-lidar\/\"},{\"@type\":\"ListItem\",\"position\":4,\"name\":\"LIVOX HAP TX\"}]},{\"@type\":\"WebSite\",\"@id\":\"https:\/\/koningdrone.be\/#website\",\"url\":\"https:\/\/koningdrone.be\/\",\"name\":\"Koningdrone.be - Uw online specialist in drones, gimbals, camera's en power stations.\",\"description\":\"De webshop in drones en gimbals\",\"publisher\":{\"@id\":\"https:\/\/koningdrone.be\/#organization\"},\"potentialAction\":[{\"@type\":\"SearchAction\",\"target\":{\"@type\":\"EntryPoint\",\"urlTemplate\":\"https:\/\/koningdrone.be\/?s={search_term_string}\"},\"query-input\":{\"@type\":\"PropertyValueSpecification\",\"valueRequired\":true,\"valueName\":\"search_term_string\"}}],\"inLanguage\":\"fr-BE\"},{\"@type\":\"Organization\",\"@id\":\"https:\/\/koningdrone.be\/#organization\",\"name\":\"Koningdrone.be\",\"url\":\"https:\/\/koningdrone.be\/\",\"logo\":{\"@type\":\"ImageObject\",\"inLanguage\":\"fr-BE\",\"@id\":\"https:\/\/koningdrone.be\/#\/schema\/logo\/image\/\",\"url\":\"https:\/\/koningdrone.be\/wp-content\/uploads\/sites\/13\/2025\/04\/koningdrone-copyright-logo.svg\",\"contentUrl\":\"https:\/\/koningdrone.be\/wp-content\/uploads\/sites\/13\/2025\/04\/koningdrone-copyright-logo.svg\",\"width\":227,\"height\":38,\"caption\":\"Koningdrone.be\"},\"image\":{\"@id\":\"https:\/\/koningdrone.be\/#\/schema\/logo\/image\/\"}}]}<\/script>\n<!-- \/ Yoast SEO Premium plugin. -->","yoast_head_json":{"title":"LIVOX HAP TX - koningdrone.be","robots":{"index":"index","follow":"follow","max-snippet":"max-snippet:-1","max-image-preview":"max-image-preview:large","max-video-preview":"max-video-preview:-1"},"canonical":"https:\/\/koningdrone.be\/fr\/produit\/livox-hap-tx\/","og_locale":"fr_FR","og_type":"article","og_title":"LIVOX HAP TX","og_description":"IVOX HAP TX: Livox' eerste lidar van autokwaliteit voor massaproductie","og_url":"https:\/\/koningdrone.be\/fr\/produit\/livox-hap-tx\/","og_site_name":"koningdrone.be","article_modified_time":"2026-04-29T06:30:38+00:00","og_image":[{"width":1280,"height":800,"url":"https:\/\/koningdrone.be\/wp-content\/uploads\/sites\/13\/2025\/04\/6941565934987-1.jpg","type":"image\/jpeg"}],"twitter_card":"summary_large_image","twitter_misc":{"Dur\u00e9e de lecture est.":"2 minutes"},"schema":{"@context":"https:\/\/schema.org","@graph":[{"@type":"WebPage","@id":"https:\/\/koningdrone.be\/product\/livox-hap-tx\/","url":"https:\/\/koningdrone.be\/product\/livox-hap-tx\/","name":"LIVOX HAP TX - koningdrone.be","isPartOf":{"@id":"https:\/\/koningdrone.be\/#website"},"primaryImageOfPage":{"@id":"https:\/\/koningdrone.be\/product\/livox-hap-tx\/#primaryimage"},"image":{"@id":"https:\/\/koningdrone.be\/product\/livox-hap-tx\/#primaryimage"},"thumbnailUrl":"https:\/\/koningdrone.be\/wp-content\/uploads\/sites\/13\/2025\/04\/6941565934987-1.jpg","datePublished":"2023-04-17T11:47:04+00:00","dateModified":"2026-04-29T06:30:38+00:00","breadcrumb":{"@id":"https:\/\/koningdrone.be\/product\/livox-hap-tx\/#breadcrumb"},"inLanguage":"fr-BE","potentialAction":[{"@type":"ReadAction","target":["https:\/\/koningdrone.be\/product\/livox-hap-tx\/"]}]},{"@type":"ImageObject","inLanguage":"fr-BE","@id":"https:\/\/koningdrone.be\/product\/livox-hap-tx\/#primaryimage","url":"https:\/\/koningdrone.be\/wp-content\/uploads\/sites\/13\/2025\/04\/6941565934987-1.jpg","contentUrl":"https:\/\/koningdrone.be\/wp-content\/uploads\/sites\/13\/2025\/04\/6941565934987-1.jpg","width":1280,"height":800},{"@type":"BreadcrumbList","@id":"https:\/\/koningdrone.be\/product\/livox-hap-tx\/#breadcrumb","itemListElement":[{"@type":"ListItem","position":1,"name":"Home","item":"https:\/\/koningdrone.be\/"},{"@type":"ListItem","position":2,"name":"AVSS Parachute Recovery System for DJI Matrice 300\/350","item":"https:\/\/koningdrone.be\/product\/avss-parachute-recovery-system-for-dji-matrice-300-350\/"},{"@type":"ListItem","position":3,"name":"Alle LiDaR","item":"https:\/\/koningdrone.be\/categorie\/alle-lidar\/"},{"@type":"ListItem","position":4,"name":"LIVOX HAP TX"}]},{"@type":"WebSite","@id":"https:\/\/koningdrone.be\/#website","url":"https:\/\/koningdrone.be\/","name":"Koningdrone.be - Votre sp\u00e9cialiste en ligne en mati\u00e8re de drones, de cardans, de cam\u00e9ras et de centrales \u00e9lectriques.","description":"La boutique en ligne de drones et de cardans","publisher":{"@id":"https:\/\/koningdrone.be\/#organization"},"potentialAction":[{"@type":"SearchAction","target":{"@type":"EntryPoint","urlTemplate":"https:\/\/koningdrone.be\/?s={search_term_string}"},"query-input":{"@type":"PropertyValueSpecification","valueRequired":true,"valueName":"search_term_string"}}],"inLanguage":"fr-BE"},{"@type":"Organization","@id":"https:\/\/koningdrone.be\/#organization","name":"Kingdrone.co.uk","url":"https:\/\/koningdrone.be\/","logo":{"@type":"ImageObject","inLanguage":"fr-BE","@id":"https:\/\/koningdrone.be\/#\/schema\/logo\/image\/","url":"https:\/\/koningdrone.be\/wp-content\/uploads\/sites\/13\/2025\/04\/koningdrone-copyright-logo.svg","contentUrl":"https:\/\/koningdrone.be\/wp-content\/uploads\/sites\/13\/2025\/04\/koningdrone-copyright-logo.svg","width":227,"height":38,"caption":"Koningdrone.be"},"image":{"@id":"https:\/\/koningdrone.be\/#\/schema\/logo\/image\/"}}]}},"df_price":"","df_sale_price":"","df_regular_price":"","df_image_link":"https:\/\/koningdrone.be\/wp-content\/uploads\/sites\/13\/2025\/04\/6941565934987-1-300x188.jpg","_links":{"self":[{"href":"https:\/\/koningdrone.be\/fr\/wp-json\/wp\/v2\/product\/4827","targetHints":{"allow":["GET"]}}],"collection":[{"href":"https:\/\/koningdrone.be\/fr\/wp-json\/wp\/v2\/product"}],"about":[{"href":"https:\/\/koningdrone.be\/fr\/wp-json\/wp\/v2\/types\/product"}],"wp:featuredmedia":[{"embeddable":true,"href":"https:\/\/koningdrone.be\/fr\/wp-json\/wp\/v2\/media\/4823"}],"wp:attachment":[{"href":"https:\/\/koningdrone.be\/fr\/wp-json\/wp\/v2\/media?parent=4827"}],"wp:term":[{"taxonomy":"product_brand","embeddable":true,"href":"https:\/\/koningdrone.be\/fr\/wp-json\/wp\/v2\/product_brand?post=4827"},{"taxonomy":"product_cat","embeddable":true,"href":"https:\/\/koningdrone.be\/fr\/wp-json\/wp\/v2\/product_cat?post=4827"},{"taxonomy":"product_tag","embeddable":true,"href":"https:\/\/koningdrone.be\/fr\/wp-json\/wp\/v2\/product_tag?post=4827"}],"curies":[{"name":"wp","href":"https:\/\/api.w.org\/{rel}","templated":true}]}}