{"id":4817,"date":"2023-04-17T13:47:04","date_gmt":"2023-04-17T11:47:04","guid":{"rendered":"https:\/\/koningdrone.nl\/kon\/product\/insta360-x3\/"},"modified":"2026-05-17T05:00:16","modified_gmt":"2026-05-17T03:00:16","slug":"insta360-x3","status":"publish","type":"product","link":"https:\/\/koningdrone.be\/fr\/produit\/insta360-x3\/","title":{"rendered":"INSTA360 X3"},"content":{"rendered":"<h1>INSTA360 X3<\/h1>\n<p>Qu'il s'agisse de capturer des paysages ou des s\u00e9quences actives, l'Insta360 X3 est dot\u00e9 d'un capteur innovant, d'une fr\u00e9quence d'images \u00e9lev\u00e9e et d'une r\u00e9solution de qualit\u00e9 sup\u00e9rieure, ce qui vous permet de prendre des photos et des vid\u00e9os stables et de haute qualit\u00e9.<br \/> - Type de produit Cam\u00e9ras vid\u00e9o d'action<br \/> - Marque : Insta360<br \/> - Mod\u00e8le-INSTAONEX3<br \/> - Largeur du produit (cm) - 11,4<br \/> - Profondeur du produit (cm) - 3,31<br \/> - Hauteur du produit (cm) - 4,6<br \/> - Poids (kg) - 0,18<br \/> - Garantie expresse du fabricant (mois) - 12<\/p>","protected":false},"excerpt":{"rendered":"<ul>\n<li>Capteur 1\/2, photos de 72 m\u00e9gapixels et prises de vue \u00e0 360\u00b0 permettant de choisir l'angle id\u00e9al et de prendre des photos et des vid\u00e9os tr\u00e8s d\u00e9taill\u00e9es.<\/li>\n<li>Le mode objectif unique et le mode Me avec 4K30fps, une r\u00e9solution de 2,7k, une visibilit\u00e9 maximale et un effet selfie stick invisible vous permettent de prendre des photos grand angle \u00e0 la premi\u00e8re personne.<\/li>\n<li>Le mode vid\u00e9o HDR, ainsi que 1080p30fps et 60fps offrent une fr\u00e9quence d'images \u00e9lev\u00e9e, ce qui en fait un excellent outil pour les prises de vue d'action et de sport.<\/li>\n<li>La fonction time-lapse 360 vous permet de r\u00e9aliser des vid\u00e9os en qualit\u00e9 8K, tandis que la fonction slow-mo K120fps ou 3K180fps offre une r\u00e9solution allant jusqu'\u00e0 4K.<\/li>\n<li>Prenez des images stables et de haute qualit\u00e9 gr\u00e2ce \u00e0 la stabilisation de l'image<\/li>\n<li>\u00c9tanch\u00e9it\u00e9 IPX8 jusqu'\u00e0 10 m\u00e8tres, ce qui permet de l'utiliser sous l'eau<\/li>\n<li>\u00c9quip\u00e9 de 4 microphones et d'un algorithme audio am\u00e9lior\u00e9 pour un son optimal et \u00e9quilibr\u00e9<\/li>\n<li>Obtenez des images \u00e0 temps et \u00e9conomisez 15 \u00e0 30 secondes de vid\u00e9o et d'espace m\u00e9moire gr\u00e2ce \u00e0 la fonction de pr\u00e9-enregistrement et au mode d'enregistrement en boucle.<\/li>\n<li>\u00c9quip\u00e9 d'un \u00e9cran tactile de 2,296 pouces, il vous permet de visualiser clairement vos photos et vos vid\u00e9os.<\/li>\n<li>Convivialit\u00e9 et facilit\u00e9 d'utilisation gr\u00e2ce au retour d'information par vibration, \u00e0 l'algorithme de commande vocale et \u00e0 la connectivit\u00e9 Wi-Fi.<\/li>\n<li>L'application Insta360 et Shot Lab (t\u00e9l\u00e9chargement requis) facilitent la retouche des photos.<\/li>\n<li>Aliment\u00e9 par une batterie de 1800 mAh pour une plus grande autonomie<\/li>\n<\/ul>","protected":false},"featured_media":4807,"template":"","meta":{"_acf_changed":false},"product_brand":[],"product_cat":[97,343],"product_tag":[],"class_list":{"0":"post-4817","1":"product","2":"type-product","3":"status-publish","4":"has-post-thumbnail","6":"product_cat-alle-producten","7":"product_cat-insta360","8":"product_shipping_class-europafotoall","9":"pa_brand-insta360","10":"pa_productfamily-action-cam","11":"pa_producttype-action-cam","12":"pa_series-insta360-go","14":"first","15":"instock","16":"taxable","17":"shipping-taxable","18":"purchasable","19":"product-type-simple"},"acf":[],"yoast_head":"<!-- This site is optimized with the Yoast SEO Premium plugin v27.2 (Yoast SEO v27.2) - https:\/\/yoast.com\/product\/yoast-seo-premium-wordpress\/ -->\n<title>INSTA360 X3 - koningdrone.be<\/title>\n<meta name=\"robots\" content=\"index, follow, max-snippet:-1, max-image-preview:large, max-video-preview:-1\" \/>\n<link rel=\"canonical\" href=\"https:\/\/koningdrone.be\/fr\/produit\/insta360-x3\/\" \/>\n<meta property=\"og:locale\" content=\"fr_FR\" \/>\n<meta property=\"og:type\" content=\"article\" \/>\n<meta property=\"og:title\" content=\"INSTA360 X3\" \/>\n<meta property=\"og:description\" content=\"Met 1\/2 sensor, foto&#039;s van 72 megapixels en 360\u00b0-opnamen kun je een ideale hoek kiezen en foto&#039;s en video&#039;s met veel detail makenEnkele lensmodus en Me-modus met 4K30fps, 2,7k resolutie, maximaal zicht en onzichtbaar selfiestick-effect stellen u in staat om groothoekfoto&#039;s van de eerste persoon te makenHDR-videomodus, plus 1080p30fps en 60fps leveren een hoge framesnelheid, waardoor het uitstekend geschikt is voor actie- en sportopnamesMet de 360 time-lapse-functie kunt u video&#039;s opnemen in 8K-kwaliteit, terwijl K120fps of 3K180fps slow-mo een resolutie tot 4K biedtMaak stabiele beelden van hoge kwaliteit dankzij de beeldstabilisatieIPX8 waterdicht tot 10 meter, dus je kunt het gebruiken in onderwatersc\u00e8nesUitgerust met 4 microfoons en een ge\u00fcpgraded audio-algoritme voor een optimaal en uitgebalanceerd geluidKrijg op tijd beeldmateriaal en bespaar 15 tot 30 seconden aan video&#039;s en geheugenruimte met de pre-recordfunctie en loop-opnamemodusUitgerust met een 2,296 inch touchscreen, waardoor je je foto&#039;s en video&#039;s goed in beeld hebtGebruiksvriendelijk en gebruiksvriendelijk dankzij de trillingsfeedback, het algoritme voor spraakbesturing en Wi-Fi-connectiviteitInsta360-app en Shot Lab (download vereist) maken het bewerken van foto&#039;s eenvoudig en handigAangedreven door een batterij van 1800 mAh, voor een langere looptijd\" \/>\n<meta property=\"og:url\" content=\"https:\/\/koningdrone.be\/fr\/produit\/insta360-x3\/\" \/>\n<meta property=\"og:site_name\" content=\"koningdrone.be\" \/>\n<meta property=\"article:modified_time\" content=\"2026-05-17T03:00:16+00:00\" \/>\n<meta property=\"og:image\" content=\"https:\/\/koningdrone.be\/wp-content\/uploads\/sites\/13\/2025\/04\/6970357853922-01.jpg\" \/>\n\t<meta property=\"og:image:width\" content=\"992\" \/>\n\t<meta property=\"og:image:height\" content=\"558\" \/>\n\t<meta property=\"og:image:type\" content=\"image\/jpeg\" \/>\n<meta name=\"twitter:card\" content=\"summary_large_image\" \/>\n<script type=\"application\/ld+json\" class=\"yoast-schema-graph\">{\"@context\":\"https:\/\/schema.org\",\"@graph\":[{\"@type\":\"WebPage\",\"@id\":\"https:\/\/koningdrone.be\/product\/insta360-x3\/\",\"url\":\"https:\/\/koningdrone.be\/product\/insta360-x3\/\",\"name\":\"INSTA360 X3 - koningdrone.be\",\"isPartOf\":{\"@id\":\"https:\/\/koningdrone.be\/#website\"},\"primaryImageOfPage\":{\"@id\":\"https:\/\/koningdrone.be\/product\/insta360-x3\/#primaryimage\"},\"image\":{\"@id\":\"https:\/\/koningdrone.be\/product\/insta360-x3\/#primaryimage\"},\"thumbnailUrl\":\"https:\/\/koningdrone.be\/wp-content\/uploads\/sites\/13\/2025\/04\/6970357853922-01.jpg\",\"datePublished\":\"2023-04-17T11:47:04+00:00\",\"dateModified\":\"2026-05-17T03:00:16+00:00\",\"breadcrumb\":{\"@id\":\"https:\/\/koningdrone.be\/product\/insta360-x3\/#breadcrumb\"},\"inLanguage\":\"fr-BE\",\"potentialAction\":[{\"@type\":\"ReadAction\",\"target\":[\"https:\/\/koningdrone.be\/product\/insta360-x3\/\"]}]},{\"@type\":\"ImageObject\",\"inLanguage\":\"fr-BE\",\"@id\":\"https:\/\/koningdrone.be\/product\/insta360-x3\/#primaryimage\",\"url\":\"https:\/\/koningdrone.be\/wp-content\/uploads\/sites\/13\/2025\/04\/6970357853922-01.jpg\",\"contentUrl\":\"https:\/\/koningdrone.be\/wp-content\/uploads\/sites\/13\/2025\/04\/6970357853922-01.jpg\",\"width\":992,\"height\":558},{\"@type\":\"BreadcrumbList\",\"@id\":\"https:\/\/koningdrone.be\/product\/insta360-x3\/#breadcrumb\",\"itemListElement\":[{\"@type\":\"ListItem\",\"position\":1,\"name\":\"Home\",\"item\":\"https:\/\/koningdrone.be\/\"},{\"@type\":\"ListItem\",\"position\":2,\"name\":\"AVSS Parachute Recovery System for DJI Matrice 300\/350\",\"item\":\"https:\/\/koningdrone.be\/product\/avss-parachute-recovery-system-for-dji-matrice-300-350\/\"},{\"@type\":\"ListItem\",\"position\":3,\"name\":\"Alle producten\",\"item\":\"https:\/\/koningdrone.be\/categorie\/alle-producten\/\"},{\"@type\":\"ListItem\",\"position\":4,\"name\":\"INSTA360 X3\"}]},{\"@type\":\"WebSite\",\"@id\":\"https:\/\/koningdrone.be\/#website\",\"url\":\"https:\/\/koningdrone.be\/\",\"name\":\"Koningdrone.be - Uw online specialist in drones, gimbals, camera's en power stations.\",\"description\":\"De webshop in drones en gimbals\",\"publisher\":{\"@id\":\"https:\/\/koningdrone.be\/#organization\"},\"potentialAction\":[{\"@type\":\"SearchAction\",\"target\":{\"@type\":\"EntryPoint\",\"urlTemplate\":\"https:\/\/koningdrone.be\/?s={search_term_string}\"},\"query-input\":{\"@type\":\"PropertyValueSpecification\",\"valueRequired\":true,\"valueName\":\"search_term_string\"}}],\"inLanguage\":\"fr-BE\"},{\"@type\":\"Organization\",\"@id\":\"https:\/\/koningdrone.be\/#organization\",\"name\":\"Koningdrone.be\",\"url\":\"https:\/\/koningdrone.be\/\",\"logo\":{\"@type\":\"ImageObject\",\"inLanguage\":\"fr-BE\",\"@id\":\"https:\/\/koningdrone.be\/#\/schema\/logo\/image\/\",\"url\":\"https:\/\/koningdrone.be\/wp-content\/uploads\/sites\/13\/2025\/04\/koningdrone-copyright-logo.svg\",\"contentUrl\":\"https:\/\/koningdrone.be\/wp-content\/uploads\/sites\/13\/2025\/04\/koningdrone-copyright-logo.svg\",\"width\":227,\"height\":38,\"caption\":\"Koningdrone.be\"},\"image\":{\"@id\":\"https:\/\/koningdrone.be\/#\/schema\/logo\/image\/\"}}]}<\/script>\n<!-- \/ Yoast SEO Premium plugin. -->","yoast_head_json":{"title":"INSTA360 X3 - koningdrone.be","robots":{"index":"index","follow":"follow","max-snippet":"max-snippet:-1","max-image-preview":"max-image-preview:large","max-video-preview":"max-video-preview:-1"},"canonical":"https:\/\/koningdrone.be\/fr\/produit\/insta360-x3\/","og_locale":"fr_FR","og_type":"article","og_title":"INSTA360 X3","og_description":"Met 1\/2 sensor, foto's van 72 megapixels en 360\u00b0-opnamen kun je een ideale hoek kiezen en foto's en video's met veel detail makenEnkele lensmodus en Me-modus met 4K30fps, 2,7k resolutie, maximaal zicht en onzichtbaar selfiestick-effect stellen u in staat om groothoekfoto's van de eerste persoon te makenHDR-videomodus, plus 1080p30fps en 60fps leveren een hoge framesnelheid, waardoor het uitstekend geschikt is voor actie- en sportopnamesMet de 360 time-lapse-functie kunt u video's opnemen in 8K-kwaliteit, terwijl K120fps of 3K180fps slow-mo een resolutie tot 4K biedtMaak stabiele beelden van hoge kwaliteit dankzij de beeldstabilisatieIPX8 waterdicht tot 10 meter, dus je kunt het gebruiken in onderwatersc\u00e8nesUitgerust met 4 microfoons en een ge\u00fcpgraded audio-algoritme voor een optimaal en uitgebalanceerd geluidKrijg op tijd beeldmateriaal en bespaar 15 tot 30 seconden aan video's en geheugenruimte met de pre-recordfunctie en loop-opnamemodusUitgerust met een 2,296 inch touchscreen, waardoor je je foto's en video's goed in beeld hebtGebruiksvriendelijk en gebruiksvriendelijk dankzij de trillingsfeedback, het algoritme voor spraakbesturing en Wi-Fi-connectiviteitInsta360-app en Shot Lab (download vereist) maken het bewerken van foto's eenvoudig en handigAangedreven door een batterij van 1800 mAh, voor een langere looptijd","og_url":"https:\/\/koningdrone.be\/fr\/produit\/insta360-x3\/","og_site_name":"koningdrone.be","article_modified_time":"2026-05-17T03:00:16+00:00","og_image":[{"width":992,"height":558,"url":"https:\/\/koningdrone.be\/wp-content\/uploads\/sites\/13\/2025\/04\/6970357853922-01.jpg","type":"image\/jpeg"}],"twitter_card":"summary_large_image","schema":{"@context":"https:\/\/schema.org","@graph":[{"@type":"WebPage","@id":"https:\/\/koningdrone.be\/product\/insta360-x3\/","url":"https:\/\/koningdrone.be\/product\/insta360-x3\/","name":"INSTA360 X3 - koningdrone.be","isPartOf":{"@id":"https:\/\/koningdrone.be\/#website"},"primaryImageOfPage":{"@id":"https:\/\/koningdrone.be\/product\/insta360-x3\/#primaryimage"},"image":{"@id":"https:\/\/koningdrone.be\/product\/insta360-x3\/#primaryimage"},"thumbnailUrl":"https:\/\/koningdrone.be\/wp-content\/uploads\/sites\/13\/2025\/04\/6970357853922-01.jpg","datePublished":"2023-04-17T11:47:04+00:00","dateModified":"2026-05-17T03:00:16+00:00","breadcrumb":{"@id":"https:\/\/koningdrone.be\/product\/insta360-x3\/#breadcrumb"},"inLanguage":"fr-BE","potentialAction":[{"@type":"ReadAction","target":["https:\/\/koningdrone.be\/product\/insta360-x3\/"]}]},{"@type":"ImageObject","inLanguage":"fr-BE","@id":"https:\/\/koningdrone.be\/product\/insta360-x3\/#primaryimage","url":"https:\/\/koningdrone.be\/wp-content\/uploads\/sites\/13\/2025\/04\/6970357853922-01.jpg","contentUrl":"https:\/\/koningdrone.be\/wp-content\/uploads\/sites\/13\/2025\/04\/6970357853922-01.jpg","width":992,"height":558},{"@type":"BreadcrumbList","@id":"https:\/\/koningdrone.be\/product\/insta360-x3\/#breadcrumb","itemListElement":[{"@type":"ListItem","position":1,"name":"Home","item":"https:\/\/koningdrone.be\/"},{"@type":"ListItem","position":2,"name":"AVSS Parachute Recovery System for DJI Matrice 300\/350","item":"https:\/\/koningdrone.be\/product\/avss-parachute-recovery-system-for-dji-matrice-300-350\/"},{"@type":"ListItem","position":3,"name":"Alle producten","item":"https:\/\/koningdrone.be\/categorie\/alle-producten\/"},{"@type":"ListItem","position":4,"name":"INSTA360 X3"}]},{"@type":"WebSite","@id":"https:\/\/koningdrone.be\/#website","url":"https:\/\/koningdrone.be\/","name":"Koningdrone.be - Votre sp\u00e9cialiste en ligne en mati\u00e8re de drones, de cardans, de cam\u00e9ras et de centrales \u00e9lectriques.","description":"La boutique en ligne de drones et de cardans","publisher":{"@id":"https:\/\/koningdrone.be\/#organization"},"potentialAction":[{"@type":"SearchAction","target":{"@type":"EntryPoint","urlTemplate":"https:\/\/koningdrone.be\/?s={search_term_string}"},"query-input":{"@type":"PropertyValueSpecification","valueRequired":true,"valueName":"search_term_string"}}],"inLanguage":"fr-BE"},{"@type":"Organization","@id":"https:\/\/koningdrone.be\/#organization","name":"Kingdrone.co.uk","url":"https:\/\/koningdrone.be\/","logo":{"@type":"ImageObject","inLanguage":"fr-BE","@id":"https:\/\/koningdrone.be\/#\/schema\/logo\/image\/","url":"https:\/\/koningdrone.be\/wp-content\/uploads\/sites\/13\/2025\/04\/koningdrone-copyright-logo.svg","contentUrl":"https:\/\/koningdrone.be\/wp-content\/uploads\/sites\/13\/2025\/04\/koningdrone-copyright-logo.svg","width":227,"height":38,"caption":"Koningdrone.be"},"image":{"@id":"https:\/\/koningdrone.be\/#\/schema\/logo\/image\/"}}]}},"df_price":365,"df_sale_price":"","df_regular_price":365,"df_image_link":"https:\/\/koningdrone.be\/wp-content\/uploads\/sites\/13\/2025\/04\/6970357853922-01-300x169.jpg","_links":{"self":[{"href":"https:\/\/koningdrone.be\/fr\/wp-json\/wp\/v2\/product\/4817","targetHints":{"allow":["GET"]}}],"collection":[{"href":"https:\/\/koningdrone.be\/fr\/wp-json\/wp\/v2\/product"}],"about":[{"href":"https:\/\/koningdrone.be\/fr\/wp-json\/wp\/v2\/types\/product"}],"wp:featuredmedia":[{"embeddable":true,"href":"https:\/\/koningdrone.be\/fr\/wp-json\/wp\/v2\/media\/4807"}],"wp:attachment":[{"href":"https:\/\/koningdrone.be\/fr\/wp-json\/wp\/v2\/media?parent=4817"}],"wp:term":[{"taxonomy":"product_brand","embeddable":true,"href":"https:\/\/koningdrone.be\/fr\/wp-json\/wp\/v2\/product_brand?post=4817"},{"taxonomy":"product_cat","embeddable":true,"href":"https:\/\/koningdrone.be\/fr\/wp-json\/wp\/v2\/product_cat?post=4817"},{"taxonomy":"product_tag","embeddable":true,"href":"https:\/\/koningdrone.be\/fr\/wp-json\/wp\/v2\/product_tag?post=4817"}],"curies":[{"name":"wp","href":"https:\/\/api.w.org\/{rel}","templated":true}]}}