{"id":4793,"date":"2023-04-17T13:47:04","date_gmt":"2023-04-17T11:47:04","guid":{"rendered":"https:\/\/koningdrone.nl\/kon\/product\/ecoflow-wave-2\/"},"modified":"2026-04-29T15:50:38","modified_gmt":"2026-04-29T13:50:38","slug":"ecoflow-wave-2","status":"publish","type":"product","link":"https:\/\/koningdrone.be\/fr\/produit\/ecoflow-wave-2\/","title":{"rendered":"EcoFlow Wave 2"},"content":{"rendered":"<p><strong>A propos du produit<\/strong><\/p>\n<h2 style=\"overflow: auto\">Voici WAVE 2 : le climatiseur portable sans fil ultime avec option de chauffage (batterie non incluse).<\/h2>\n<p>D\u00e9couvrez le summum de la technologie de refroidissement et de chauffage avec WAVE 2, le premier climatiseur portable sans fil au monde \u00e9quip\u00e9 d'un chauffage. Con\u00e7u par EcoFlow, cet appareil innovant offre des performances in\u00e9gal\u00e9es, avec une puissance de refroidissement de 5100 BTU et une puissance de chauffage de 6100 BTU. Dites adieu aux inconv\u00e9nients et bonjour \u00e0 la climatisation ultime avec WAVE 2.\u00a0<strong>Refroidissement et chauffage les plus rapides<\/strong>\u00a0\u00c9quip\u00e9 du compresseur personnalis\u00e9 d'EcoFlow, WAVE 2 peut refroidir ou chauffer les pi\u00e8ces \u00e0 la vitesse de l'\u00e9clair, apportant un soulagement en quelques minutes. Abaissez la temp\u00e9rature de 10\u00b0C en seulement 5 minutes gr\u00e2ce \u00e0 une capacit\u00e9 de refroidissement de 5100 BTU, ou augmentez-la de 10\u00b0C gr\u00e2ce \u00e0 une capacit\u00e9 de chauffage de 6100 BTU, pour un confort optimal dans n'importe quel environnement.\u00a0<strong>Sans installation, s'adapte partout<\/strong>\u00a0Avec WAVE 2, le refroidissement et le chauffage se font sans effort, car il ne n\u00e9cessite aucune installation ni \u00e9limination*. Son design compact et ses adaptateurs d'entr\u00e9e d'air polyvalents lui permettent de s'int\u00e9grer parfaitement dans n'importe quel espace, qu'il s'agisse d'une tente, d'un camping-car ou d'une petite pi\u00e8ce. *Remarque : aucune vidange n'est n\u00e9cessaire en mode refroidissement lorsque l'humidit\u00e9 est inf\u00e9rieure \u00e0 70%, mais elle est n\u00e9cessaire en mode chauffage.\u00a0<strong>Sommeil paisible, silencieux et durable<\/strong>\u00a0Profitez d'une relaxation ininterrompue gr\u00e2ce aux algorithmes logiciels avanc\u00e9s de WAVE 2, avec plusieurs modes et un contr\u00f4le par application. Faites-le fonctionner silencieusement en mode veille (jusqu'\u00e0 44 dB) et b\u00e9n\u00e9ficiez d'une autonomie de 8 heures en mode Eco, garantissant un environnement silencieux et confortable o\u00f9 que vous soyez.\u00a0<strong>Refroidissement \u00e9cologique avec R290<\/strong>\u00a0Avec EcoFlow, la durabilit\u00e9 rencontre le confort. WAVE 2 utilise le R290, un r\u00e9frig\u00e9rant naturel \u00e0 faible potentiel de r\u00e9chauffement de la plan\u00e8te et sans \u00e9missions d'ozone, qui constitue une alternative plus \u00e9cologique aux r\u00e9frig\u00e9rants traditionnels tout en offrant des performances exceptionnelles en mati\u00e8re de refroidissement.\u00a0<strong>Chargement rapide, partout<\/strong>\u00a0Rechargez votre WAVE 2 rapidement et facilement gr\u00e2ce \u00e0 de multiples options de recharge, y compris le courant alternatif, le courant solaire, la voiture ou les stations d'alimentation. Faites l'exp\u00e9rience de la libert\u00e9 de l'air frais ou chaud \u00e0 tout moment et en tout lieu, gr\u00e2ce \u00e0 la flexibilit\u00e9 des multiples options de chargement.\u00a0<strong>Faire partie d'un \u00e9cosyst\u00e8me en pleine expansion<\/strong>\u00a0Am\u00e9liorez votre exp\u00e9rience WAVE 2 en l'associant \u00e0 un EcoFlow DELTA 2 \/ DELTA Max ou \u00e0 leurs batteries suppl\u00e9mentaires pour une dur\u00e9e d'utilisation plus longue. B\u00e9n\u00e9ficiez d'une dur\u00e9e d'utilisation allant jusqu'\u00e0 14 heures en mode Eco, d'une efficacit\u00e9 sup\u00e9rieure de 28% \u00e0 celle des autres stations d'alimentation portables et d'une compatibilit\u00e9 avec toutes les stations d'alimentation dot\u00e9es d'une entr\u00e9e de charge de 820 W.\u00a0<strong>Une portabilit\u00e9 puissante, adapt\u00e9e \u00e0 vos besoins<\/strong>\u00a0Malgr\u00e9 sa taille compacte, WAVE 2 fournit un refroidissement et un chauffage puissants o\u00f9 que vous alliez. Fixez des conduits d'air pour un flux d'air cibl\u00e9, ce qui le rend id\u00e9al pour les tentes, les fen\u00eatres de camping-car ou le positionnement \u00e0 distance pour un contr\u00f4le efficace du climat. Faites l'exp\u00e9rience d'une portabilit\u00e9 et d'un confort in\u00e9gal\u00e9s avec WAVE 2.<\/p>","protected":false},"excerpt":{"rendered":"<ul>\n<li><span style=\"vertical-align: inherit\"><span style=\"vertical-align: inherit\">Efficacit\u00e9 de refroidissement - 1495W<\/span><\/span><\/li>\n<li><span style=\"vertical-align: inherit\"><span style=\"vertical-align: inherit\">Type d'appareil - climatisation + chauffage<\/span><\/span><\/li>\n<li><span style=\"vertical-align: inherit\"><span style=\"vertical-align: inherit\">Heures de travail continues -<\/span><\/span><\/li>\n<li><span style=\"vertical-align: inherit\"><span style=\"vertical-align: inherit\">Pile suppl\u00e9mentaire (non incluse) ; fournit 8 heures d'utilisation continue<\/span><\/span><\/li>\n<li><span style=\"vertical-align: inherit\"><span style=\"vertical-align: inherit\">Puissance de charge solaire - jusqu'\u00e0 400 W<\/span><\/span><\/li>\n<li><span style=\"vertical-align: inherit\"><span style=\"vertical-align: inherit\">Rendement calorifique - 1788 W<\/span><\/span><\/li>\n<li><span style=\"vertical-align: inherit\"><span style=\"vertical-align: inherit\">Poids - 14 kg<\/span><\/span><\/li>\n<\/ul>","protected":false},"featured_media":8830,"template":"","meta":{"_acf_changed":false},"product_brand":[],"product_cat":[454,97,245,276,415,628],"product_tag":[],"class_list":{"0":"post-4793","1":"product","2":"type-product","3":"status-publish","4":"has-post-thumbnail","6":"product_cat-alle-powerstations","7":"product_cat-alle-producten","8":"product_cat-ecoflow","9":"product_cat-ecoflow-powerstations","10":"product_cat-energy","11":"product_cat-powerstations","12":"product_shipping_class-outofstock","13":"pa_brand-ecoflow","14":"pa_productfamily-airconditioner","15":"pa_producttype-airconditioner","16":"pa_series-wave-2","18":"first","19":"outofstock","20":"taxable","21":"shipping-taxable","22":"purchasable","23":"product-type-simple"},"acf":[],"yoast_head":"<!-- This site is optimized with the Yoast SEO Premium plugin v27.2 (Yoast SEO v27.2) - https:\/\/yoast.com\/product\/yoast-seo-premium-wordpress\/ -->\n<title>EcoFlow Wave 2 - koningdrone.be<\/title>\n<meta name=\"robots\" content=\"index, follow, max-snippet:-1, max-image-preview:large, max-video-preview:-1\" \/>\n<link rel=\"canonical\" href=\"https:\/\/koningdrone.be\/fr\/produit\/ecoflow-wave-2\/\" \/>\n<meta property=\"og:locale\" content=\"fr_FR\" \/>\n<meta property=\"og:type\" content=\"article\" \/>\n<meta property=\"og:title\" content=\"EcoFlow Wave 2\" \/>\n<meta property=\"og:description\" content=\"Cooling efficiency - 1495W  Device type - air conditioning + heating  Continuous working hours -  Extra battery (not included); provides 8 hours of continuous use  Solar charging power - up to 400 W  Heating efficiency - 1788 W  Weight - 14 kg\" \/>\n<meta property=\"og:url\" content=\"https:\/\/koningdrone.be\/fr\/produit\/ecoflow-wave-2\/\" \/>\n<meta property=\"og:site_name\" content=\"koningdrone.be\" \/>\n<meta property=\"article:modified_time\" content=\"2026-04-29T13:50:38+00:00\" \/>\n<meta property=\"og:image\" content=\"https:\/\/koningdrone.be\/wp-content\/uploads\/sites\/13\/2025\/05\/ecoflow-wave-2-1.webp\" \/>\n\t<meta property=\"og:image:width\" content=\"1450\" \/>\n\t<meta property=\"og:image:height\" content=\"988\" \/>\n\t<meta property=\"og:image:type\" content=\"image\/webp\" \/>\n<meta name=\"twitter:card\" content=\"summary_large_image\" \/>\n<meta name=\"twitter:label1\" content=\"Dur\u00e9e de lecture est.\" \/>\n\t<meta name=\"twitter:data1\" content=\"3 minutes\" \/>\n<script type=\"application\/ld+json\" class=\"yoast-schema-graph\">{\"@context\":\"https:\/\/schema.org\",\"@graph\":[{\"@type\":\"WebPage\",\"@id\":\"https:\/\/koningdrone.be\/product\/ecoflow-wave-2\/\",\"url\":\"https:\/\/koningdrone.be\/product\/ecoflow-wave-2\/\",\"name\":\"EcoFlow Wave 2 - koningdrone.be\",\"isPartOf\":{\"@id\":\"https:\/\/koningdrone.be\/#website\"},\"primaryImageOfPage\":{\"@id\":\"https:\/\/koningdrone.be\/product\/ecoflow-wave-2\/#primaryimage\"},\"image\":{\"@id\":\"https:\/\/koningdrone.be\/product\/ecoflow-wave-2\/#primaryimage\"},\"thumbnailUrl\":\"https:\/\/koningdrone.be\/wp-content\/uploads\/sites\/13\/2025\/05\/ecoflow-wave-2-1.webp\",\"datePublished\":\"2023-04-17T11:47:04+00:00\",\"dateModified\":\"2026-04-29T13:50:38+00:00\",\"breadcrumb\":{\"@id\":\"https:\/\/koningdrone.be\/product\/ecoflow-wave-2\/#breadcrumb\"},\"inLanguage\":\"fr-BE\",\"potentialAction\":[{\"@type\":\"ReadAction\",\"target\":[\"https:\/\/koningdrone.be\/product\/ecoflow-wave-2\/\"]}]},{\"@type\":\"ImageObject\",\"inLanguage\":\"fr-BE\",\"@id\":\"https:\/\/koningdrone.be\/product\/ecoflow-wave-2\/#primaryimage\",\"url\":\"https:\/\/koningdrone.be\/wp-content\/uploads\/sites\/13\/2025\/05\/ecoflow-wave-2-1.webp\",\"contentUrl\":\"https:\/\/koningdrone.be\/wp-content\/uploads\/sites\/13\/2025\/05\/ecoflow-wave-2-1.webp\",\"width\":1450,\"height\":988},{\"@type\":\"BreadcrumbList\",\"@id\":\"https:\/\/koningdrone.be\/product\/ecoflow-wave-2\/#breadcrumb\",\"itemListElement\":[{\"@type\":\"ListItem\",\"position\":1,\"name\":\"Home\",\"item\":\"https:\/\/koningdrone.be\/\"},{\"@type\":\"ListItem\",\"position\":2,\"name\":\"AVSS Parachute Recovery System for DJI Matrice 300\/350\",\"item\":\"https:\/\/koningdrone.be\/product\/avss-parachute-recovery-system-for-dji-matrice-300-350\/\"},{\"@type\":\"ListItem\",\"position\":3,\"name\":\"Alle powerstations\",\"item\":\"https:\/\/koningdrone.be\/categorie\/alle-powerstations\/\"},{\"@type\":\"ListItem\",\"position\":4,\"name\":\"EcoFlow Wave 2\"}]},{\"@type\":\"WebSite\",\"@id\":\"https:\/\/koningdrone.be\/#website\",\"url\":\"https:\/\/koningdrone.be\/\",\"name\":\"Koningdrone.be - Uw online specialist in drones, gimbals, camera's en power stations.\",\"description\":\"De webshop in drones en gimbals\",\"publisher\":{\"@id\":\"https:\/\/koningdrone.be\/#organization\"},\"potentialAction\":[{\"@type\":\"SearchAction\",\"target\":{\"@type\":\"EntryPoint\",\"urlTemplate\":\"https:\/\/koningdrone.be\/?s={search_term_string}\"},\"query-input\":{\"@type\":\"PropertyValueSpecification\",\"valueRequired\":true,\"valueName\":\"search_term_string\"}}],\"inLanguage\":\"fr-BE\"},{\"@type\":\"Organization\",\"@id\":\"https:\/\/koningdrone.be\/#organization\",\"name\":\"Koningdrone.be\",\"url\":\"https:\/\/koningdrone.be\/\",\"logo\":{\"@type\":\"ImageObject\",\"inLanguage\":\"fr-BE\",\"@id\":\"https:\/\/koningdrone.be\/#\/schema\/logo\/image\/\",\"url\":\"https:\/\/koningdrone.be\/wp-content\/uploads\/sites\/13\/2025\/04\/koningdrone-copyright-logo.svg\",\"contentUrl\":\"https:\/\/koningdrone.be\/wp-content\/uploads\/sites\/13\/2025\/04\/koningdrone-copyright-logo.svg\",\"width\":227,\"height\":38,\"caption\":\"Koningdrone.be\"},\"image\":{\"@id\":\"https:\/\/koningdrone.be\/#\/schema\/logo\/image\/\"}}]}<\/script>\n<!-- \/ Yoast SEO Premium plugin. -->","yoast_head_json":{"title":"EcoFlow Wave 2 - koningdrone.be","robots":{"index":"index","follow":"follow","max-snippet":"max-snippet:-1","max-image-preview":"max-image-preview:large","max-video-preview":"max-video-preview:-1"},"canonical":"https:\/\/koningdrone.be\/fr\/produit\/ecoflow-wave-2\/","og_locale":"fr_FR","og_type":"article","og_title":"EcoFlow Wave 2","og_description":"Cooling efficiency - 1495W  Device type - air conditioning + heating  Continuous working hours -  Extra battery (not included); provides 8 hours of continuous use  Solar charging power - up to 400 W  Heating efficiency - 1788 W  Weight - 14 kg","og_url":"https:\/\/koningdrone.be\/fr\/produit\/ecoflow-wave-2\/","og_site_name":"koningdrone.be","article_modified_time":"2026-04-29T13:50:38+00:00","og_image":[{"width":1450,"height":988,"url":"https:\/\/koningdrone.be\/wp-content\/uploads\/sites\/13\/2025\/05\/ecoflow-wave-2-1.webp","type":"image\/webp"}],"twitter_card":"summary_large_image","twitter_misc":{"Dur\u00e9e de lecture est.":"3 minutes"},"schema":{"@context":"https:\/\/schema.org","@graph":[{"@type":"WebPage","@id":"https:\/\/koningdrone.be\/product\/ecoflow-wave-2\/","url":"https:\/\/koningdrone.be\/product\/ecoflow-wave-2\/","name":"EcoFlow Wave 2 - koningdrone.be","isPartOf":{"@id":"https:\/\/koningdrone.be\/#website"},"primaryImageOfPage":{"@id":"https:\/\/koningdrone.be\/product\/ecoflow-wave-2\/#primaryimage"},"image":{"@id":"https:\/\/koningdrone.be\/product\/ecoflow-wave-2\/#primaryimage"},"thumbnailUrl":"https:\/\/koningdrone.be\/wp-content\/uploads\/sites\/13\/2025\/05\/ecoflow-wave-2-1.webp","datePublished":"2023-04-17T11:47:04+00:00","dateModified":"2026-04-29T13:50:38+00:00","breadcrumb":{"@id":"https:\/\/koningdrone.be\/product\/ecoflow-wave-2\/#breadcrumb"},"inLanguage":"fr-BE","potentialAction":[{"@type":"ReadAction","target":["https:\/\/koningdrone.be\/product\/ecoflow-wave-2\/"]}]},{"@type":"ImageObject","inLanguage":"fr-BE","@id":"https:\/\/koningdrone.be\/product\/ecoflow-wave-2\/#primaryimage","url":"https:\/\/koningdrone.be\/wp-content\/uploads\/sites\/13\/2025\/05\/ecoflow-wave-2-1.webp","contentUrl":"https:\/\/koningdrone.be\/wp-content\/uploads\/sites\/13\/2025\/05\/ecoflow-wave-2-1.webp","width":1450,"height":988},{"@type":"BreadcrumbList","@id":"https:\/\/koningdrone.be\/product\/ecoflow-wave-2\/#breadcrumb","itemListElement":[{"@type":"ListItem","position":1,"name":"Home","item":"https:\/\/koningdrone.be\/"},{"@type":"ListItem","position":2,"name":"AVSS Parachute Recovery System for DJI Matrice 300\/350","item":"https:\/\/koningdrone.be\/product\/avss-parachute-recovery-system-for-dji-matrice-300-350\/"},{"@type":"ListItem","position":3,"name":"Alle powerstations","item":"https:\/\/koningdrone.be\/categorie\/alle-powerstations\/"},{"@type":"ListItem","position":4,"name":"EcoFlow Wave 2"}]},{"@type":"WebSite","@id":"https:\/\/koningdrone.be\/#website","url":"https:\/\/koningdrone.be\/","name":"Koningdrone.be - Votre sp\u00e9cialiste en ligne en mati\u00e8re de drones, de cardans, de cam\u00e9ras et de centrales \u00e9lectriques.","description":"La boutique en ligne de drones et de cardans","publisher":{"@id":"https:\/\/koningdrone.be\/#organization"},"potentialAction":[{"@type":"SearchAction","target":{"@type":"EntryPoint","urlTemplate":"https:\/\/koningdrone.be\/?s={search_term_string}"},"query-input":{"@type":"PropertyValueSpecification","valueRequired":true,"valueName":"search_term_string"}}],"inLanguage":"fr-BE"},{"@type":"Organization","@id":"https:\/\/koningdrone.be\/#organization","name":"Kingdrone.co.uk","url":"https:\/\/koningdrone.be\/","logo":{"@type":"ImageObject","inLanguage":"fr-BE","@id":"https:\/\/koningdrone.be\/#\/schema\/logo\/image\/","url":"https:\/\/koningdrone.be\/wp-content\/uploads\/sites\/13\/2025\/04\/koningdrone-copyright-logo.svg","contentUrl":"https:\/\/koningdrone.be\/wp-content\/uploads\/sites\/13\/2025\/04\/koningdrone-copyright-logo.svg","width":227,"height":38,"caption":"Koningdrone.be"},"image":{"@id":"https:\/\/koningdrone.be\/#\/schema\/logo\/image\/"}}]}},"df_price":1199,"df_sale_price":"","df_regular_price":1199,"df_image_link":"https:\/\/koningdrone.be\/wp-content\/uploads\/sites\/13\/2025\/05\/ecoflow-wave-2-1-300x204.webp","_links":{"self":[{"href":"https:\/\/koningdrone.be\/fr\/wp-json\/wp\/v2\/product\/4793","targetHints":{"allow":["GET"]}}],"collection":[{"href":"https:\/\/koningdrone.be\/fr\/wp-json\/wp\/v2\/product"}],"about":[{"href":"https:\/\/koningdrone.be\/fr\/wp-json\/wp\/v2\/types\/product"}],"wp:featuredmedia":[{"embeddable":true,"href":"https:\/\/koningdrone.be\/fr\/wp-json\/wp\/v2\/media\/8830"}],"wp:attachment":[{"href":"https:\/\/koningdrone.be\/fr\/wp-json\/wp\/v2\/media?parent=4793"}],"wp:term":[{"taxonomy":"product_brand","embeddable":true,"href":"https:\/\/koningdrone.be\/fr\/wp-json\/wp\/v2\/product_brand?post=4793"},{"taxonomy":"product_cat","embeddable":true,"href":"https:\/\/koningdrone.be\/fr\/wp-json\/wp\/v2\/product_cat?post=4793"},{"taxonomy":"product_tag","embeddable":true,"href":"https:\/\/koningdrone.be\/fr\/wp-json\/wp\/v2\/product_tag?post=4793"}],"curies":[{"name":"wp","href":"https:\/\/api.w.org\/{rel}","templated":true}]}}