{"id":4779,"date":"2023-04-24T09:48:09","date_gmt":"2023-04-24T07:48:09","guid":{"rendered":"https:\/\/koningdrone.nl\/kon\/product\/rc-plus-height-adjustable-control-sticks\/"},"modified":"2026-04-29T15:50:06","modified_gmt":"2026-04-29T13:50:06","slug":"rc-plus-height-adjustable-control-sticks","status":"publish","type":"product","link":"https:\/\/koningdrone.be\/fr\/produit\/rc-plus-height-adjustable-control-sticks\/","title":{"rendered":"B\u00e2tons de commande r\u00e9glables en hauteur DJI RC Plus"},"content":{"rendered":"<p> Ce produit pr\u00e9sente une conception innovante \u00e0 vis multiples qui le distingue sur le march\u00e9. Il est con\u00e7u pour r\u00e9pondre aux divers besoins de ses utilisateurs et offre des possibilit\u00e9s de r\u00e9glage et une polyvalence in\u00e9gal\u00e9es. La principale caract\u00e9ristique de ce produit est la possibilit\u00e9 de r\u00e9gler facilement la hauteur, ce qui le rend adapt\u00e9 \u00e0 un large \u00e9ventail d'applications et de pr\u00e9f\u00e9rences des utilisateurs.<\/p>\n<p><strong>Fonction de r\u00e9glage de la hauteur<\/strong><\/p>\n<p> La caract\u00e9ristique principale de ce produit est sa hauteur facilement r\u00e9glable, rendue possible par sa conception innovante \u00e0 vis multiples. Cette fonctionnalit\u00e9 permet aux utilisateurs d'ajuster la hauteur du produit en fonction de leurs besoins et pr\u00e9f\u00e9rences individuels. Qu'il s'agisse d'un usage personnel ou professionnel, la possibilit\u00e9 de r\u00e9gler la hauteur garantit aux utilisateurs un maximum de confort et d'efficacit\u00e9.<\/p>\n<p><strong>Conception conviviale<\/strong><\/p>\n<p> Con\u00e7u pour le confort de l'utilisateur, ce produit est non seulement adapt\u00e9 \u00e0 diff\u00e9rentes hauteurs, mais il offre \u00e9galement une exp\u00e9rience personnalis\u00e9e et confortable \u00e0 l'utilisateur. Sa conception intuitive convient aussi bien aux d\u00e9butants qu'aux experts et facilite le r\u00e9glage et l'utilisation, ce qui le rend attrayant pour un large \u00e9ventail d'utilisateurs.<\/p>\n<p><strong>Avantages pour tous les utilisateurs<\/strong><\/p>\n<p> Quel que soit le niveau d'exp\u00e9rience de chacun, ce produit offre des avantages significatifs. Les d\u00e9butants trouveront ses possibilit\u00e9s de personnalisation intuitives et conviviales, ce qui facilitera leur apprentissage. Quant aux experts, ils peuvent adapter le produit \u00e0 leurs sp\u00e9cifications exactes pour r\u00e9pondre \u00e0 leurs besoins avanc\u00e9s. Ce m\u00e9lange de simplicit\u00e9 et de personnalisation garantit la satisfaction de tous les utilisateurs.<\/p>\n<p><\/p>","protected":false},"excerpt":{"rendered":"<ul>\n<li>La conception \u00e0 vis multiples permet d'ajuster la hauteur.<\/li>\n<li> Am\u00e9liore le confort de l'utilisateur gr\u00e2ce \u00e0 une utilisation adaptable.<\/li>\n<\/ul>","protected":false},"featured_media":4777,"template":"","meta":{"_acf_changed":false},"product_brand":[],"product_cat":[122,97,738],"product_tag":[],"class_list":{"0":"post-4779","1":"product","2":"type-product","3":"status-publish","4":"has-post-thumbnail","6":"product_cat-alle-afstandsbedieningen","7":"product_cat-alle-producten","8":"product_cat-dji-accessoires","9":"product_shipping_class-outofstock","10":"pa_brand-dji","11":"pa_productfamily-joysticks","12":"pa_producttype-joysticks","13":"pa_series-inspire-3","15":"first","16":"outofstock","17":"taxable","18":"shipping-taxable","19":"purchasable","20":"product-type-simple"},"acf":[],"yoast_head":"<!-- This site is optimized with the Yoast SEO Premium plugin v27.2 (Yoast SEO v27.2) - https:\/\/yoast.com\/product\/yoast-seo-premium-wordpress\/ -->\n<title>DJI RC Plus Height-Adjustable Control Sticks - koningdrone.be<\/title>\n<meta name=\"robots\" content=\"index, follow, max-snippet:-1, max-image-preview:large, max-video-preview:-1\" \/>\n<link rel=\"canonical\" href=\"https:\/\/koningdrone.be\/fr\/produit\/rc-plus-height-adjustable-control-sticks\/\" \/>\n<meta property=\"og:locale\" content=\"fr_FR\" \/>\n<meta property=\"og:type\" content=\"article\" \/>\n<meta property=\"og:title\" content=\"DJI RC Plus Height-Adjustable Control Sticks\" \/>\n<meta property=\"og:description\" content=\"Beschikt over een ontwerp met meerdere schroeven voor hoogteaanpassingen. Verbetert het gebruikerscomfort door aanpasbaar gebruik.\" \/>\n<meta property=\"og:url\" content=\"https:\/\/koningdrone.be\/fr\/produit\/rc-plus-height-adjustable-control-sticks\/\" \/>\n<meta property=\"og:site_name\" content=\"koningdrone.be\" \/>\n<meta property=\"article:modified_time\" content=\"2026-04-29T13:50:06+00:00\" \/>\n<meta property=\"og:image\" content=\"https:\/\/koningdrone.be\/wp-content\/uploads\/sites\/13\/2025\/04\/b3b763c303756154ac9b94ea5b534bfb@large.jpg\" \/>\n\t<meta property=\"og:image:width\" content=\"1200\" \/>\n\t<meta property=\"og:image:height\" content=\"800\" \/>\n\t<meta property=\"og:image:type\" content=\"image\/jpeg\" \/>\n<meta name=\"twitter:card\" content=\"summary_large_image\" \/>\n<meta name=\"twitter:label1\" content=\"Dur\u00e9e de lecture est.\" \/>\n\t<meta name=\"twitter:data1\" content=\"1 minute\" \/>\n<script type=\"application\/ld+json\" class=\"yoast-schema-graph\">{\"@context\":\"https:\/\/schema.org\",\"@graph\":[{\"@type\":\"WebPage\",\"@id\":\"https:\/\/koningdrone.be\/product\/rc-plus-height-adjustable-control-sticks\/\",\"url\":\"https:\/\/koningdrone.be\/product\/rc-plus-height-adjustable-control-sticks\/\",\"name\":\"DJI RC Plus Height-Adjustable Control Sticks - koningdrone.be\",\"isPartOf\":{\"@id\":\"https:\/\/koningdrone.be\/#website\"},\"primaryImageOfPage\":{\"@id\":\"https:\/\/koningdrone.be\/product\/rc-plus-height-adjustable-control-sticks\/#primaryimage\"},\"image\":{\"@id\":\"https:\/\/koningdrone.be\/product\/rc-plus-height-adjustable-control-sticks\/#primaryimage\"},\"thumbnailUrl\":\"https:\/\/koningdrone.be\/wp-content\/uploads\/sites\/13\/2025\/04\/b3b763c303756154ac9b94ea5b534bfb@large.jpg\",\"datePublished\":\"2023-04-24T07:48:09+00:00\",\"dateModified\":\"2026-04-29T13:50:06+00:00\",\"breadcrumb\":{\"@id\":\"https:\/\/koningdrone.be\/product\/rc-plus-height-adjustable-control-sticks\/#breadcrumb\"},\"inLanguage\":\"fr-BE\",\"potentialAction\":[{\"@type\":\"ReadAction\",\"target\":[\"https:\/\/koningdrone.be\/product\/rc-plus-height-adjustable-control-sticks\/\"]}]},{\"@type\":\"ImageObject\",\"inLanguage\":\"fr-BE\",\"@id\":\"https:\/\/koningdrone.be\/product\/rc-plus-height-adjustable-control-sticks\/#primaryimage\",\"url\":\"https:\/\/koningdrone.be\/wp-content\/uploads\/sites\/13\/2025\/04\/b3b763c303756154ac9b94ea5b534bfb@large.jpg\",\"contentUrl\":\"https:\/\/koningdrone.be\/wp-content\/uploads\/sites\/13\/2025\/04\/b3b763c303756154ac9b94ea5b534bfb@large.jpg\",\"width\":1200,\"height\":800},{\"@type\":\"BreadcrumbList\",\"@id\":\"https:\/\/koningdrone.be\/product\/rc-plus-height-adjustable-control-sticks\/#breadcrumb\",\"itemListElement\":[{\"@type\":\"ListItem\",\"position\":1,\"name\":\"Home\",\"item\":\"https:\/\/koningdrone.be\/\"},{\"@type\":\"ListItem\",\"position\":2,\"name\":\"AVSS Parachute Recovery System for DJI Matrice 300\/350\",\"item\":\"https:\/\/koningdrone.be\/product\/avss-parachute-recovery-system-for-dji-matrice-300-350\/\"},{\"@type\":\"ListItem\",\"position\":3,\"name\":\"Alle afstandsbedieningen\",\"item\":\"https:\/\/koningdrone.be\/categorie\/alle-afstandsbedieningen\/\"},{\"@type\":\"ListItem\",\"position\":4,\"name\":\"DJI RC Plus Height-Adjustable Control Sticks\"}]},{\"@type\":\"WebSite\",\"@id\":\"https:\/\/koningdrone.be\/#website\",\"url\":\"https:\/\/koningdrone.be\/\",\"name\":\"Koningdrone.be - Uw online specialist in drones, gimbals, camera's en power stations.\",\"description\":\"De webshop in drones en gimbals\",\"publisher\":{\"@id\":\"https:\/\/koningdrone.be\/#organization\"},\"potentialAction\":[{\"@type\":\"SearchAction\",\"target\":{\"@type\":\"EntryPoint\",\"urlTemplate\":\"https:\/\/koningdrone.be\/?s={search_term_string}\"},\"query-input\":{\"@type\":\"PropertyValueSpecification\",\"valueRequired\":true,\"valueName\":\"search_term_string\"}}],\"inLanguage\":\"fr-BE\"},{\"@type\":\"Organization\",\"@id\":\"https:\/\/koningdrone.be\/#organization\",\"name\":\"Koningdrone.be\",\"url\":\"https:\/\/koningdrone.be\/\",\"logo\":{\"@type\":\"ImageObject\",\"inLanguage\":\"fr-BE\",\"@id\":\"https:\/\/koningdrone.be\/#\/schema\/logo\/image\/\",\"url\":\"https:\/\/koningdrone.be\/wp-content\/uploads\/sites\/13\/2025\/04\/koningdrone-copyright-logo.svg\",\"contentUrl\":\"https:\/\/koningdrone.be\/wp-content\/uploads\/sites\/13\/2025\/04\/koningdrone-copyright-logo.svg\",\"width\":227,\"height\":38,\"caption\":\"Koningdrone.be\"},\"image\":{\"@id\":\"https:\/\/koningdrone.be\/#\/schema\/logo\/image\/\"}}]}<\/script>\n<!-- \/ Yoast SEO Premium plugin. -->","yoast_head_json":{"title":"DJI RC Plus Height-Adjustable Control Sticks - koningdrone.be","robots":{"index":"index","follow":"follow","max-snippet":"max-snippet:-1","max-image-preview":"max-image-preview:large","max-video-preview":"max-video-preview:-1"},"canonical":"https:\/\/koningdrone.be\/fr\/produit\/rc-plus-height-adjustable-control-sticks\/","og_locale":"fr_FR","og_type":"article","og_title":"DJI RC Plus Height-Adjustable Control Sticks","og_description":"Beschikt over een ontwerp met meerdere schroeven voor hoogteaanpassingen. Verbetert het gebruikerscomfort door aanpasbaar gebruik.","og_url":"https:\/\/koningdrone.be\/fr\/produit\/rc-plus-height-adjustable-control-sticks\/","og_site_name":"koningdrone.be","article_modified_time":"2026-04-29T13:50:06+00:00","og_image":[{"width":1200,"height":800,"url":"https:\/\/koningdrone.be\/wp-content\/uploads\/sites\/13\/2025\/04\/b3b763c303756154ac9b94ea5b534bfb@large.jpg","type":"image\/jpeg"}],"twitter_card":"summary_large_image","twitter_misc":{"Dur\u00e9e de lecture est.":"1 minute"},"schema":{"@context":"https:\/\/schema.org","@graph":[{"@type":"WebPage","@id":"https:\/\/koningdrone.be\/product\/rc-plus-height-adjustable-control-sticks\/","url":"https:\/\/koningdrone.be\/product\/rc-plus-height-adjustable-control-sticks\/","name":"DJI RC Plus Height-Adjustable Control Sticks - koningdrone.be","isPartOf":{"@id":"https:\/\/koningdrone.be\/#website"},"primaryImageOfPage":{"@id":"https:\/\/koningdrone.be\/product\/rc-plus-height-adjustable-control-sticks\/#primaryimage"},"image":{"@id":"https:\/\/koningdrone.be\/product\/rc-plus-height-adjustable-control-sticks\/#primaryimage"},"thumbnailUrl":"https:\/\/koningdrone.be\/wp-content\/uploads\/sites\/13\/2025\/04\/b3b763c303756154ac9b94ea5b534bfb@large.jpg","datePublished":"2023-04-24T07:48:09+00:00","dateModified":"2026-04-29T13:50:06+00:00","breadcrumb":{"@id":"https:\/\/koningdrone.be\/product\/rc-plus-height-adjustable-control-sticks\/#breadcrumb"},"inLanguage":"fr-BE","potentialAction":[{"@type":"ReadAction","target":["https:\/\/koningdrone.be\/product\/rc-plus-height-adjustable-control-sticks\/"]}]},{"@type":"ImageObject","inLanguage":"fr-BE","@id":"https:\/\/koningdrone.be\/product\/rc-plus-height-adjustable-control-sticks\/#primaryimage","url":"https:\/\/koningdrone.be\/wp-content\/uploads\/sites\/13\/2025\/04\/b3b763c303756154ac9b94ea5b534bfb@large.jpg","contentUrl":"https:\/\/koningdrone.be\/wp-content\/uploads\/sites\/13\/2025\/04\/b3b763c303756154ac9b94ea5b534bfb@large.jpg","width":1200,"height":800},{"@type":"BreadcrumbList","@id":"https:\/\/koningdrone.be\/product\/rc-plus-height-adjustable-control-sticks\/#breadcrumb","itemListElement":[{"@type":"ListItem","position":1,"name":"Home","item":"https:\/\/koningdrone.be\/"},{"@type":"ListItem","position":2,"name":"AVSS Parachute Recovery System for DJI Matrice 300\/350","item":"https:\/\/koningdrone.be\/product\/avss-parachute-recovery-system-for-dji-matrice-300-350\/"},{"@type":"ListItem","position":3,"name":"Alle afstandsbedieningen","item":"https:\/\/koningdrone.be\/categorie\/alle-afstandsbedieningen\/"},{"@type":"ListItem","position":4,"name":"DJI RC Plus Height-Adjustable Control Sticks"}]},{"@type":"WebSite","@id":"https:\/\/koningdrone.be\/#website","url":"https:\/\/koningdrone.be\/","name":"Koningdrone.be - Votre sp\u00e9cialiste en ligne en mati\u00e8re de drones, de cardans, de cam\u00e9ras et de centrales \u00e9lectriques.","description":"La boutique en ligne de drones et de cardans","publisher":{"@id":"https:\/\/koningdrone.be\/#organization"},"potentialAction":[{"@type":"SearchAction","target":{"@type":"EntryPoint","urlTemplate":"https:\/\/koningdrone.be\/?s={search_term_string}"},"query-input":{"@type":"PropertyValueSpecification","valueRequired":true,"valueName":"search_term_string"}}],"inLanguage":"fr-BE"},{"@type":"Organization","@id":"https:\/\/koningdrone.be\/#organization","name":"Kingdrone.co.uk","url":"https:\/\/koningdrone.be\/","logo":{"@type":"ImageObject","inLanguage":"fr-BE","@id":"https:\/\/koningdrone.be\/#\/schema\/logo\/image\/","url":"https:\/\/koningdrone.be\/wp-content\/uploads\/sites\/13\/2025\/04\/koningdrone-copyright-logo.svg","contentUrl":"https:\/\/koningdrone.be\/wp-content\/uploads\/sites\/13\/2025\/04\/koningdrone-copyright-logo.svg","width":227,"height":38,"caption":"Koningdrone.be"},"image":{"@id":"https:\/\/koningdrone.be\/#\/schema\/logo\/image\/"}}]}},"df_price":19,"df_sale_price":"","df_regular_price":19,"df_image_link":"https:\/\/koningdrone.be\/wp-content\/uploads\/sites\/13\/2025\/04\/b3b763c303756154ac9b94ea5b534bfb@large-300x200.jpg","_links":{"self":[{"href":"https:\/\/koningdrone.be\/fr\/wp-json\/wp\/v2\/product\/4779","targetHints":{"allow":["GET"]}}],"collection":[{"href":"https:\/\/koningdrone.be\/fr\/wp-json\/wp\/v2\/product"}],"about":[{"href":"https:\/\/koningdrone.be\/fr\/wp-json\/wp\/v2\/types\/product"}],"wp:featuredmedia":[{"embeddable":true,"href":"https:\/\/koningdrone.be\/fr\/wp-json\/wp\/v2\/media\/4777"}],"wp:attachment":[{"href":"https:\/\/koningdrone.be\/fr\/wp-json\/wp\/v2\/media?parent=4779"}],"wp:term":[{"taxonomy":"product_brand","embeddable":true,"href":"https:\/\/koningdrone.be\/fr\/wp-json\/wp\/v2\/product_brand?post=4779"},{"taxonomy":"product_cat","embeddable":true,"href":"https:\/\/koningdrone.be\/fr\/wp-json\/wp\/v2\/product_cat?post=4779"},{"taxonomy":"product_tag","embeddable":true,"href":"https:\/\/koningdrone.be\/fr\/wp-json\/wp\/v2\/product_tag?post=4779"}],"curies":[{"name":"wp","href":"https:\/\/api.w.org\/{rel}","templated":true}]}}