{"id":4773,"date":"2023-04-24T09:48:09","date_gmt":"2023-04-24T07:48:09","guid":{"rendered":"https:\/\/koningdrone.nl\/kon\/product\/inspire-3-foldable-quick-release-propellers-for-high-altitude-pair\/"},"modified":"2026-04-29T03:50:51","modified_gmt":"2026-04-29T01:50:51","slug":"inspire-3-foldable-quick-release-propellers-for-high-altitude-pair","status":"publish","type":"product","link":"https:\/\/koningdrone.be\/fr\/produit\/inspire-3-foldable-quick-release-propellers-for-high-altitude-pair\/","title":{"rendered":"DJI Inspire 3 - H\u00e9lices pliables \u00e0 d\u00e9gagement rapide pour haute altitude (paire)"},"content":{"rendered":"<p><strong>Introduction aux accessoires de haute altitude<\/strong><\/p>\n<p> Ce produit a \u00e9t\u00e9 soigneusement con\u00e7u pour r\u00e9pondre aux besoins des amateurs du drone DJI Inspire 3 qui aspirent \u00e0 naviguer dans le ciel sur des terrains plus \u00e9lev\u00e9s. Il promet une exp\u00e9rience de vol fiable et s\u00fbre au-dessus de 3 000 m\u00e8tres (environ 9842 pieds). Con\u00e7u avec pr\u00e9cision pour les d\u00e9butants et les op\u00e9rateurs de drones exp\u00e9riment\u00e9s, cet accessoire garantit \u00e0 votre DJI Inspire 3 des performances optimales dans les zones o\u00f9 l'air est moins dense.<\/p>\n<p><strong>Performances optimales sur les terrains \u00e9lev\u00e9s<\/strong><\/p>\n<p> Pour ceux qui souhaitent capturer des images a\u00e9riennes \u00e0 couper le souffle ou mener des op\u00e9rations dans des zones montagneuses ou \u00e0 plus haute altitude, cet accessoire sp\u00e9cialis\u00e9 est indispensable. Il garantit que votre drone DJI Inspire 3 s'adapte parfaitement aux conditions de haute altitude tout en conservant sa stabilit\u00e9 et sa r\u00e9activit\u00e9, ce qui est crucial pour une photographie a\u00e9rienne de haute qualit\u00e9 et une ex\u00e9cution efficace des t\u00e2ches.<\/p>\n<p><strong>S\u00e9curit\u00e9 et fiabilit\u00e9 \u00e0 plus de 3 000 m\u00e8tres d'altitude<\/strong><\/p>\n<p> Comprenant les d\u00e9fis pos\u00e9s par les environnements a\u00e9riens rar\u00e9fi\u00e9s, cet accessoire est con\u00e7u pour r\u00e9duire les risques et augmenter la s\u00e9curit\u00e9 de vos op\u00e9rations de drone \u00e0 haute altitude. La conception vise \u00e0 am\u00e9liorer les performances du drone, en assurant non seulement la s\u00e9curit\u00e9 de votre \u00e9quipement, mais aussi celle de l'environnement en vol. Gr\u00e2ce \u00e0 cet accessoire, les pilotes peuvent s'aventurer en toute confiance dans les paysages les plus hauts, en gagnant en tranquillit\u00e9 d'esprit et en r\u00e9alisant des photographies a\u00e9riennes in\u00e9gal\u00e9es.<\/p>\n<p><strong>Destin\u00e9 aux passionn\u00e9s de drones<\/strong><\/p>\n<p> Que vous fassiez vos premiers pas dans le monde du pilotage de drone ou que vous soyez un pilote exp\u00e9riment\u00e9 avec de nombreux vols \u00e0 son actif, ce produit propulse litt\u00e9ralement votre exp\u00e9rience DJI Inspire 3 vers de nouveaux sommets. C'est le compagnon id\u00e9al pour ceux qui osent d\u00e9fier les limites de l'altitude pour capturer l'extraordinaire. D\u00e9couvrez les sensations du vol de drone en haute altitude, avec l'assurance d'une performance et d'une s\u00e9curit\u00e9 optimales.<\/p>\n<p><\/p>","protected":false},"excerpt":{"rendered":"<ul>\n<li>Sp\u00e9cialement con\u00e7u pour une utilisation \u00e0 haute altitude<\/li>\n<li> Garantit un vol fiable au-dessus de 3 000 m\u00e8tres d'altitude<\/li>\n<li> Con\u00e7u pour DJI Inspire 3<\/li>\n<li> Am\u00e9liore la s\u00e9curit\u00e9 des vols \u00e0 haute altitude<\/li>\n<\/ul>","protected":false},"featured_media":4770,"template":"","meta":{"_acf_changed":false},"product_brand":[],"product_cat":[97,128,641,433],"product_tag":[],"class_list":{"0":"post-4773","1":"product","2":"type-product","3":"status-publish","4":"has-post-thumbnail","6":"product_cat-alle-producten","7":"product_cat-alle-propellers","8":"product_cat-dji-inspire","9":"product_cat-dji-inspire-3","10":"product_shipping_class-acsystemsall","11":"pa_brand-dji","12":"pa_productfamily-propellers","13":"pa_producttype-propellers","14":"pa_series-inspire-3","16":"first","17":"instock","18":"taxable","19":"shipping-taxable","20":"purchasable","21":"product-type-simple"},"acf":[],"yoast_head":"<!-- This site is optimized with the Yoast SEO Premium plugin v27.2 (Yoast SEO v27.2) - https:\/\/yoast.com\/product\/yoast-seo-premium-wordpress\/ -->\n<title>DJI Inspire 3 Foldable Quick-Release Propellers for High Altitude (Pair) - koningdrone.be<\/title>\n<meta name=\"robots\" content=\"index, follow, max-snippet:-1, max-image-preview:large, max-video-preview:-1\" \/>\n<link rel=\"canonical\" href=\"https:\/\/koningdrone.be\/fr\/produit\/inspire-3-foldable-quick-release-propellers-for-high-altitude-pair\/\" \/>\n<meta property=\"og:locale\" content=\"fr_FR\" \/>\n<meta property=\"og:type\" content=\"article\" \/>\n<meta property=\"og:title\" content=\"DJI Inspire 3 Foldable Quick-Release Propellers for High Altitude (Pair)\" \/>\n<meta property=\"og:description\" content=\"Speciaal gemaakt voor gebruik op grote hoogte Zorgt voor een betrouwbare vlucht boven 3000 meter hoogte Ontworpen voor DJI Inspire 3 Verbetert de vliegveiligheid op grote hoogte\" \/>\n<meta property=\"og:url\" content=\"https:\/\/koningdrone.be\/fr\/produit\/inspire-3-foldable-quick-release-propellers-for-high-altitude-pair\/\" \/>\n<meta property=\"og:site_name\" content=\"koningdrone.be\" \/>\n<meta property=\"article:modified_time\" content=\"2026-04-29T01:50:51+00:00\" \/>\n<meta property=\"og:image\" content=\"https:\/\/koningdrone.be\/wp-content\/uploads\/sites\/13\/2025\/04\/bcaddbebba78083ceff7ff890d32d47c@large.jpg\" \/>\n\t<meta property=\"og:image:width\" content=\"1200\" \/>\n\t<meta property=\"og:image:height\" content=\"800\" \/>\n\t<meta property=\"og:image:type\" content=\"image\/jpeg\" \/>\n<meta name=\"twitter:card\" content=\"summary_large_image\" \/>\n<meta name=\"twitter:label1\" content=\"Dur\u00e9e de lecture est.\" \/>\n\t<meta name=\"twitter:data1\" content=\"1 minute\" \/>\n<script type=\"application\/ld+json\" class=\"yoast-schema-graph\">{\"@context\":\"https:\/\/schema.org\",\"@graph\":[{\"@type\":\"WebPage\",\"@id\":\"https:\/\/koningdrone.be\/product\/inspire-3-foldable-quick-release-propellers-for-high-altitude-pair\/\",\"url\":\"https:\/\/koningdrone.be\/product\/inspire-3-foldable-quick-release-propellers-for-high-altitude-pair\/\",\"name\":\"DJI Inspire 3 Foldable Quick-Release Propellers for High Altitude (Pair) - koningdrone.be\",\"isPartOf\":{\"@id\":\"https:\/\/koningdrone.be\/#website\"},\"primaryImageOfPage\":{\"@id\":\"https:\/\/koningdrone.be\/product\/inspire-3-foldable-quick-release-propellers-for-high-altitude-pair\/#primaryimage\"},\"image\":{\"@id\":\"https:\/\/koningdrone.be\/product\/inspire-3-foldable-quick-release-propellers-for-high-altitude-pair\/#primaryimage\"},\"thumbnailUrl\":\"https:\/\/koningdrone.be\/wp-content\/uploads\/sites\/13\/2025\/04\/bcaddbebba78083ceff7ff890d32d47c@large.jpg\",\"datePublished\":\"2023-04-24T07:48:09+00:00\",\"dateModified\":\"2026-04-29T01:50:51+00:00\",\"breadcrumb\":{\"@id\":\"https:\/\/koningdrone.be\/product\/inspire-3-foldable-quick-release-propellers-for-high-altitude-pair\/#breadcrumb\"},\"inLanguage\":\"fr-BE\",\"potentialAction\":[{\"@type\":\"ReadAction\",\"target\":[\"https:\/\/koningdrone.be\/product\/inspire-3-foldable-quick-release-propellers-for-high-altitude-pair\/\"]}]},{\"@type\":\"ImageObject\",\"inLanguage\":\"fr-BE\",\"@id\":\"https:\/\/koningdrone.be\/product\/inspire-3-foldable-quick-release-propellers-for-high-altitude-pair\/#primaryimage\",\"url\":\"https:\/\/koningdrone.be\/wp-content\/uploads\/sites\/13\/2025\/04\/bcaddbebba78083ceff7ff890d32d47c@large.jpg\",\"contentUrl\":\"https:\/\/koningdrone.be\/wp-content\/uploads\/sites\/13\/2025\/04\/bcaddbebba78083ceff7ff890d32d47c@large.jpg\",\"width\":1200,\"height\":800},{\"@type\":\"BreadcrumbList\",\"@id\":\"https:\/\/koningdrone.be\/product\/inspire-3-foldable-quick-release-propellers-for-high-altitude-pair\/#breadcrumb\",\"itemListElement\":[{\"@type\":\"ListItem\",\"position\":1,\"name\":\"Home\",\"item\":\"https:\/\/koningdrone.be\/\"},{\"@type\":\"ListItem\",\"position\":2,\"name\":\"AVSS Parachute Recovery System for DJI Matrice 300\/350\",\"item\":\"https:\/\/koningdrone.be\/product\/avss-parachute-recovery-system-for-dji-matrice-300-350\/\"},{\"@type\":\"ListItem\",\"position\":3,\"name\":\"Alle producten\",\"item\":\"https:\/\/koningdrone.be\/categorie\/alle-producten\/\"},{\"@type\":\"ListItem\",\"position\":4,\"name\":\"DJI Inspire 3 Foldable Quick-Release Propellers for High Altitude (Pair)\"}]},{\"@type\":\"WebSite\",\"@id\":\"https:\/\/koningdrone.be\/#website\",\"url\":\"https:\/\/koningdrone.be\/\",\"name\":\"Koningdrone.be - Uw online specialist in drones, gimbals, camera's en power stations.\",\"description\":\"De webshop in drones en gimbals\",\"publisher\":{\"@id\":\"https:\/\/koningdrone.be\/#organization\"},\"potentialAction\":[{\"@type\":\"SearchAction\",\"target\":{\"@type\":\"EntryPoint\",\"urlTemplate\":\"https:\/\/koningdrone.be\/?s={search_term_string}\"},\"query-input\":{\"@type\":\"PropertyValueSpecification\",\"valueRequired\":true,\"valueName\":\"search_term_string\"}}],\"inLanguage\":\"fr-BE\"},{\"@type\":\"Organization\",\"@id\":\"https:\/\/koningdrone.be\/#organization\",\"name\":\"Koningdrone.be\",\"url\":\"https:\/\/koningdrone.be\/\",\"logo\":{\"@type\":\"ImageObject\",\"inLanguage\":\"fr-BE\",\"@id\":\"https:\/\/koningdrone.be\/#\/schema\/logo\/image\/\",\"url\":\"https:\/\/koningdrone.be\/wp-content\/uploads\/sites\/13\/2025\/04\/koningdrone-copyright-logo.svg\",\"contentUrl\":\"https:\/\/koningdrone.be\/wp-content\/uploads\/sites\/13\/2025\/04\/koningdrone-copyright-logo.svg\",\"width\":227,\"height\":38,\"caption\":\"Koningdrone.be\"},\"image\":{\"@id\":\"https:\/\/koningdrone.be\/#\/schema\/logo\/image\/\"}}]}<\/script>\n<!-- \/ Yoast SEO Premium plugin. -->","yoast_head_json":{"title":"DJI Inspire 3 Foldable Quick-Release Propellers for High Altitude (Pair) - koningdrone.be","robots":{"index":"index","follow":"follow","max-snippet":"max-snippet:-1","max-image-preview":"max-image-preview:large","max-video-preview":"max-video-preview:-1"},"canonical":"https:\/\/koningdrone.be\/fr\/produit\/inspire-3-foldable-quick-release-propellers-for-high-altitude-pair\/","og_locale":"fr_FR","og_type":"article","og_title":"DJI Inspire 3 Foldable Quick-Release Propellers for High Altitude (Pair)","og_description":"Speciaal gemaakt voor gebruik op grote hoogte Zorgt voor een betrouwbare vlucht boven 3000 meter hoogte Ontworpen voor DJI Inspire 3 Verbetert de vliegveiligheid op grote hoogte","og_url":"https:\/\/koningdrone.be\/fr\/produit\/inspire-3-foldable-quick-release-propellers-for-high-altitude-pair\/","og_site_name":"koningdrone.be","article_modified_time":"2026-04-29T01:50:51+00:00","og_image":[{"width":1200,"height":800,"url":"https:\/\/koningdrone.be\/wp-content\/uploads\/sites\/13\/2025\/04\/bcaddbebba78083ceff7ff890d32d47c@large.jpg","type":"image\/jpeg"}],"twitter_card":"summary_large_image","twitter_misc":{"Dur\u00e9e de lecture est.":"1 minute"},"schema":{"@context":"https:\/\/schema.org","@graph":[{"@type":"WebPage","@id":"https:\/\/koningdrone.be\/product\/inspire-3-foldable-quick-release-propellers-for-high-altitude-pair\/","url":"https:\/\/koningdrone.be\/product\/inspire-3-foldable-quick-release-propellers-for-high-altitude-pair\/","name":"DJI Inspire 3 Foldable Quick-Release Propellers for High Altitude (Pair) - koningdrone.be","isPartOf":{"@id":"https:\/\/koningdrone.be\/#website"},"primaryImageOfPage":{"@id":"https:\/\/koningdrone.be\/product\/inspire-3-foldable-quick-release-propellers-for-high-altitude-pair\/#primaryimage"},"image":{"@id":"https:\/\/koningdrone.be\/product\/inspire-3-foldable-quick-release-propellers-for-high-altitude-pair\/#primaryimage"},"thumbnailUrl":"https:\/\/koningdrone.be\/wp-content\/uploads\/sites\/13\/2025\/04\/bcaddbebba78083ceff7ff890d32d47c@large.jpg","datePublished":"2023-04-24T07:48:09+00:00","dateModified":"2026-04-29T01:50:51+00:00","breadcrumb":{"@id":"https:\/\/koningdrone.be\/product\/inspire-3-foldable-quick-release-propellers-for-high-altitude-pair\/#breadcrumb"},"inLanguage":"fr-BE","potentialAction":[{"@type":"ReadAction","target":["https:\/\/koningdrone.be\/product\/inspire-3-foldable-quick-release-propellers-for-high-altitude-pair\/"]}]},{"@type":"ImageObject","inLanguage":"fr-BE","@id":"https:\/\/koningdrone.be\/product\/inspire-3-foldable-quick-release-propellers-for-high-altitude-pair\/#primaryimage","url":"https:\/\/koningdrone.be\/wp-content\/uploads\/sites\/13\/2025\/04\/bcaddbebba78083ceff7ff890d32d47c@large.jpg","contentUrl":"https:\/\/koningdrone.be\/wp-content\/uploads\/sites\/13\/2025\/04\/bcaddbebba78083ceff7ff890d32d47c@large.jpg","width":1200,"height":800},{"@type":"BreadcrumbList","@id":"https:\/\/koningdrone.be\/product\/inspire-3-foldable-quick-release-propellers-for-high-altitude-pair\/#breadcrumb","itemListElement":[{"@type":"ListItem","position":1,"name":"Home","item":"https:\/\/koningdrone.be\/"},{"@type":"ListItem","position":2,"name":"AVSS Parachute Recovery System for DJI Matrice 300\/350","item":"https:\/\/koningdrone.be\/product\/avss-parachute-recovery-system-for-dji-matrice-300-350\/"},{"@type":"ListItem","position":3,"name":"Alle producten","item":"https:\/\/koningdrone.be\/categorie\/alle-producten\/"},{"@type":"ListItem","position":4,"name":"DJI Inspire 3 Foldable Quick-Release Propellers for High Altitude (Pair)"}]},{"@type":"WebSite","@id":"https:\/\/koningdrone.be\/#website","url":"https:\/\/koningdrone.be\/","name":"Koningdrone.be - Votre sp\u00e9cialiste en ligne en mati\u00e8re de drones, de cardans, de cam\u00e9ras et de centrales \u00e9lectriques.","description":"La boutique en ligne de drones et de cardans","publisher":{"@id":"https:\/\/koningdrone.be\/#organization"},"potentialAction":[{"@type":"SearchAction","target":{"@type":"EntryPoint","urlTemplate":"https:\/\/koningdrone.be\/?s={search_term_string}"},"query-input":{"@type":"PropertyValueSpecification","valueRequired":true,"valueName":"search_term_string"}}],"inLanguage":"fr-BE"},{"@type":"Organization","@id":"https:\/\/koningdrone.be\/#organization","name":"Kingdrone.co.uk","url":"https:\/\/koningdrone.be\/","logo":{"@type":"ImageObject","inLanguage":"fr-BE","@id":"https:\/\/koningdrone.be\/#\/schema\/logo\/image\/","url":"https:\/\/koningdrone.be\/wp-content\/uploads\/sites\/13\/2025\/04\/koningdrone-copyright-logo.svg","contentUrl":"https:\/\/koningdrone.be\/wp-content\/uploads\/sites\/13\/2025\/04\/koningdrone-copyright-logo.svg","width":227,"height":38,"caption":"Koningdrone.be"},"image":{"@id":"https:\/\/koningdrone.be\/#\/schema\/logo\/image\/"}}]}},"df_price":85,"df_sale_price":"","df_regular_price":85,"df_image_link":"https:\/\/koningdrone.be\/wp-content\/uploads\/sites\/13\/2025\/04\/bcaddbebba78083ceff7ff890d32d47c@large-300x200.jpg","_links":{"self":[{"href":"https:\/\/koningdrone.be\/fr\/wp-json\/wp\/v2\/product\/4773","targetHints":{"allow":["GET"]}}],"collection":[{"href":"https:\/\/koningdrone.be\/fr\/wp-json\/wp\/v2\/product"}],"about":[{"href":"https:\/\/koningdrone.be\/fr\/wp-json\/wp\/v2\/types\/product"}],"wp:featuredmedia":[{"embeddable":true,"href":"https:\/\/koningdrone.be\/fr\/wp-json\/wp\/v2\/media\/4770"}],"wp:attachment":[{"href":"https:\/\/koningdrone.be\/fr\/wp-json\/wp\/v2\/media?parent=4773"}],"wp:term":[{"taxonomy":"product_brand","embeddable":true,"href":"https:\/\/koningdrone.be\/fr\/wp-json\/wp\/v2\/product_brand?post=4773"},{"taxonomy":"product_cat","embeddable":true,"href":"https:\/\/koningdrone.be\/fr\/wp-json\/wp\/v2\/product_cat?post=4773"},{"taxonomy":"product_tag","embeddable":true,"href":"https:\/\/koningdrone.be\/fr\/wp-json\/wp\/v2\/product_tag?post=4773"}],"curies":[{"name":"wp","href":"https:\/\/api.w.org\/{rel}","templated":true}]}}