{"id":4769,"date":"2023-04-24T09:48:09","date_gmt":"2023-04-24T07:48:09","guid":{"rendered":"https:\/\/koningdrone.nl\/kon\/product\/inspire-3-foldable-quick-release-propellers-pair\/"},"modified":"2026-04-29T03:50:50","modified_gmt":"2026-04-29T01:50:50","slug":"inspire-3-foldable-quick-release-propellers-pair","status":"publish","type":"product","link":"https:\/\/koningdrone.be\/fr\/produit\/inspire-3-foldable-quick-release-propellers-pair\/","title":{"rendered":"DJI Inspire 3 - H\u00e9lices pliables \u00e0 d\u00e9gagement rapide (paire)"},"content":{"rendered":"<p><strong>Pr\u00e9sentation simplifi\u00e9e des produits pour les d\u00e9butants<\/strong><\/p>\n<p> Chaque pale de ventilateur a fait l'objet de tests minutieux afin de garantir un mouvement fluide et silencieux, am\u00e9liorant ainsi les performances de l'air.<\/p>\n<p><strong>Description d\u00e9taill\u00e9e du produit pour les experts<\/strong><\/p>\n<p> Chaque pale d'h\u00e9lice est soumise \u00e0 des \u00e9valuations rigoureuses de l'\u00e9quilibre dynamique visant \u00e0 optimiser les performances a\u00e9rodynamiques et \u00e0 minimiser les \u00e9missions acoustiques. Ce processus minutieux permet d'am\u00e9liorer l'efficacit\u00e9 et de r\u00e9duire le bruit pendant le fonctionnement.<\/p>\n<p><\/p>","protected":false},"excerpt":{"rendered":"<ul>\n<li>Essais d'\u00e9quilibrage dynamique pr\u00e9cis<\/li>\n<li> Augmente l'efficacit\u00e9 a\u00e9rodynamique<\/li>\n<li> G\u00e9n\u00e8re moins de bruit<\/li>\n<\/ul>","protected":false},"featured_media":4766,"template":"","meta":{"_acf_changed":false},"product_brand":[],"product_cat":[97,128,641,433],"product_tag":[],"class_list":{"0":"post-4769","1":"product","2":"type-product","3":"status-publish","4":"has-post-thumbnail","6":"product_cat-alle-producten","7":"product_cat-alle-propellers","8":"product_cat-dji-inspire","9":"product_cat-dji-inspire-3","10":"product_shipping_class-acsystemsall","11":"pa_brand-dji","12":"pa_productfamily-propellers","13":"pa_producttype-propellers","14":"pa_series-inspire-3","16":"first","17":"instock","18":"taxable","19":"shipping-taxable","20":"purchasable","21":"product-type-simple"},"acf":[],"yoast_head":"<!-- This site is optimized with the Yoast SEO Premium plugin v27.2 (Yoast SEO v27.2) - https:\/\/yoast.com\/product\/yoast-seo-premium-wordpress\/ -->\n<title>DJI Inspire 3 Foldable Quick-Release Propellers (Pair) - koningdrone.be<\/title>\n<meta name=\"robots\" content=\"index, follow, max-snippet:-1, max-image-preview:large, max-video-preview:-1\" \/>\n<link rel=\"canonical\" href=\"https:\/\/koningdrone.be\/fr\/produit\/inspire-3-foldable-quick-release-propellers-pair\/\" \/>\n<meta property=\"og:locale\" content=\"fr_FR\" \/>\n<meta property=\"og:type\" content=\"article\" \/>\n<meta property=\"og:title\" content=\"DJI Inspire 3 Foldable Quick-Release Propellers (Pair)\" \/>\n<meta property=\"og:description\" content=\"Nauwkeurige dynamische balanceringstesten Verhoogt de aerodynamische effici\u00ebntie Geeft minder geluid\" \/>\n<meta property=\"og:url\" content=\"https:\/\/koningdrone.be\/fr\/produit\/inspire-3-foldable-quick-release-propellers-pair\/\" \/>\n<meta property=\"og:site_name\" content=\"koningdrone.be\" \/>\n<meta property=\"article:modified_time\" content=\"2026-04-29T01:50:50+00:00\" \/>\n<meta property=\"og:image\" content=\"https:\/\/koningdrone.be\/wp-content\/uploads\/sites\/13\/2025\/04\/4056457482c11e507195d23b26bbb438@large.jpg\" \/>\n\t<meta property=\"og:image:width\" content=\"1200\" \/>\n\t<meta property=\"og:image:height\" content=\"800\" \/>\n\t<meta property=\"og:image:type\" content=\"image\/jpeg\" \/>\n<meta name=\"twitter:card\" content=\"summary_large_image\" \/>\n<script type=\"application\/ld+json\" class=\"yoast-schema-graph\">{\"@context\":\"https:\/\/schema.org\",\"@graph\":[{\"@type\":\"WebPage\",\"@id\":\"https:\/\/koningdrone.be\/product\/inspire-3-foldable-quick-release-propellers-pair\/\",\"url\":\"https:\/\/koningdrone.be\/product\/inspire-3-foldable-quick-release-propellers-pair\/\",\"name\":\"DJI Inspire 3 Foldable Quick-Release Propellers (Pair) - koningdrone.be\",\"isPartOf\":{\"@id\":\"https:\/\/koningdrone.be\/#website\"},\"primaryImageOfPage\":{\"@id\":\"https:\/\/koningdrone.be\/product\/inspire-3-foldable-quick-release-propellers-pair\/#primaryimage\"},\"image\":{\"@id\":\"https:\/\/koningdrone.be\/product\/inspire-3-foldable-quick-release-propellers-pair\/#primaryimage\"},\"thumbnailUrl\":\"https:\/\/koningdrone.be\/wp-content\/uploads\/sites\/13\/2025\/04\/4056457482c11e507195d23b26bbb438@large.jpg\",\"datePublished\":\"2023-04-24T07:48:09+00:00\",\"dateModified\":\"2026-04-29T01:50:50+00:00\",\"breadcrumb\":{\"@id\":\"https:\/\/koningdrone.be\/product\/inspire-3-foldable-quick-release-propellers-pair\/#breadcrumb\"},\"inLanguage\":\"fr-BE\",\"potentialAction\":[{\"@type\":\"ReadAction\",\"target\":[\"https:\/\/koningdrone.be\/product\/inspire-3-foldable-quick-release-propellers-pair\/\"]}]},{\"@type\":\"ImageObject\",\"inLanguage\":\"fr-BE\",\"@id\":\"https:\/\/koningdrone.be\/product\/inspire-3-foldable-quick-release-propellers-pair\/#primaryimage\",\"url\":\"https:\/\/koningdrone.be\/wp-content\/uploads\/sites\/13\/2025\/04\/4056457482c11e507195d23b26bbb438@large.jpg\",\"contentUrl\":\"https:\/\/koningdrone.be\/wp-content\/uploads\/sites\/13\/2025\/04\/4056457482c11e507195d23b26bbb438@large.jpg\",\"width\":1200,\"height\":800},{\"@type\":\"BreadcrumbList\",\"@id\":\"https:\/\/koningdrone.be\/product\/inspire-3-foldable-quick-release-propellers-pair\/#breadcrumb\",\"itemListElement\":[{\"@type\":\"ListItem\",\"position\":1,\"name\":\"Home\",\"item\":\"https:\/\/koningdrone.be\/\"},{\"@type\":\"ListItem\",\"position\":2,\"name\":\"AVSS Parachute Recovery System for DJI Matrice 300\/350\",\"item\":\"https:\/\/koningdrone.be\/product\/avss-parachute-recovery-system-for-dji-matrice-300-350\/\"},{\"@type\":\"ListItem\",\"position\":3,\"name\":\"Alle producten\",\"item\":\"https:\/\/koningdrone.be\/categorie\/alle-producten\/\"},{\"@type\":\"ListItem\",\"position\":4,\"name\":\"DJI Inspire 3 Foldable Quick-Release Propellers (Pair)\"}]},{\"@type\":\"WebSite\",\"@id\":\"https:\/\/koningdrone.be\/#website\",\"url\":\"https:\/\/koningdrone.be\/\",\"name\":\"Koningdrone.be - Uw online specialist in drones, gimbals, camera's en power stations.\",\"description\":\"De webshop in drones en gimbals\",\"publisher\":{\"@id\":\"https:\/\/koningdrone.be\/#organization\"},\"potentialAction\":[{\"@type\":\"SearchAction\",\"target\":{\"@type\":\"EntryPoint\",\"urlTemplate\":\"https:\/\/koningdrone.be\/?s={search_term_string}\"},\"query-input\":{\"@type\":\"PropertyValueSpecification\",\"valueRequired\":true,\"valueName\":\"search_term_string\"}}],\"inLanguage\":\"fr-BE\"},{\"@type\":\"Organization\",\"@id\":\"https:\/\/koningdrone.be\/#organization\",\"name\":\"Koningdrone.be\",\"url\":\"https:\/\/koningdrone.be\/\",\"logo\":{\"@type\":\"ImageObject\",\"inLanguage\":\"fr-BE\",\"@id\":\"https:\/\/koningdrone.be\/#\/schema\/logo\/image\/\",\"url\":\"https:\/\/koningdrone.be\/wp-content\/uploads\/sites\/13\/2025\/04\/koningdrone-copyright-logo.svg\",\"contentUrl\":\"https:\/\/koningdrone.be\/wp-content\/uploads\/sites\/13\/2025\/04\/koningdrone-copyright-logo.svg\",\"width\":227,\"height\":38,\"caption\":\"Koningdrone.be\"},\"image\":{\"@id\":\"https:\/\/koningdrone.be\/#\/schema\/logo\/image\/\"}}]}<\/script>\n<!-- \/ Yoast SEO Premium plugin. -->","yoast_head_json":{"title":"DJI Inspire 3 Foldable Quick-Release Propellers (Pair) - koningdrone.be","robots":{"index":"index","follow":"follow","max-snippet":"max-snippet:-1","max-image-preview":"max-image-preview:large","max-video-preview":"max-video-preview:-1"},"canonical":"https:\/\/koningdrone.be\/fr\/produit\/inspire-3-foldable-quick-release-propellers-pair\/","og_locale":"fr_FR","og_type":"article","og_title":"DJI Inspire 3 Foldable Quick-Release Propellers (Pair)","og_description":"Nauwkeurige dynamische balanceringstesten Verhoogt de aerodynamische effici\u00ebntie Geeft minder geluid","og_url":"https:\/\/koningdrone.be\/fr\/produit\/inspire-3-foldable-quick-release-propellers-pair\/","og_site_name":"koningdrone.be","article_modified_time":"2026-04-29T01:50:50+00:00","og_image":[{"width":1200,"height":800,"url":"https:\/\/koningdrone.be\/wp-content\/uploads\/sites\/13\/2025\/04\/4056457482c11e507195d23b26bbb438@large.jpg","type":"image\/jpeg"}],"twitter_card":"summary_large_image","schema":{"@context":"https:\/\/schema.org","@graph":[{"@type":"WebPage","@id":"https:\/\/koningdrone.be\/product\/inspire-3-foldable-quick-release-propellers-pair\/","url":"https:\/\/koningdrone.be\/product\/inspire-3-foldable-quick-release-propellers-pair\/","name":"DJI Inspire 3 Foldable Quick-Release Propellers (Pair) - koningdrone.be","isPartOf":{"@id":"https:\/\/koningdrone.be\/#website"},"primaryImageOfPage":{"@id":"https:\/\/koningdrone.be\/product\/inspire-3-foldable-quick-release-propellers-pair\/#primaryimage"},"image":{"@id":"https:\/\/koningdrone.be\/product\/inspire-3-foldable-quick-release-propellers-pair\/#primaryimage"},"thumbnailUrl":"https:\/\/koningdrone.be\/wp-content\/uploads\/sites\/13\/2025\/04\/4056457482c11e507195d23b26bbb438@large.jpg","datePublished":"2023-04-24T07:48:09+00:00","dateModified":"2026-04-29T01:50:50+00:00","breadcrumb":{"@id":"https:\/\/koningdrone.be\/product\/inspire-3-foldable-quick-release-propellers-pair\/#breadcrumb"},"inLanguage":"fr-BE","potentialAction":[{"@type":"ReadAction","target":["https:\/\/koningdrone.be\/product\/inspire-3-foldable-quick-release-propellers-pair\/"]}]},{"@type":"ImageObject","inLanguage":"fr-BE","@id":"https:\/\/koningdrone.be\/product\/inspire-3-foldable-quick-release-propellers-pair\/#primaryimage","url":"https:\/\/koningdrone.be\/wp-content\/uploads\/sites\/13\/2025\/04\/4056457482c11e507195d23b26bbb438@large.jpg","contentUrl":"https:\/\/koningdrone.be\/wp-content\/uploads\/sites\/13\/2025\/04\/4056457482c11e507195d23b26bbb438@large.jpg","width":1200,"height":800},{"@type":"BreadcrumbList","@id":"https:\/\/koningdrone.be\/product\/inspire-3-foldable-quick-release-propellers-pair\/#breadcrumb","itemListElement":[{"@type":"ListItem","position":1,"name":"Home","item":"https:\/\/koningdrone.be\/"},{"@type":"ListItem","position":2,"name":"AVSS Parachute Recovery System for DJI Matrice 300\/350","item":"https:\/\/koningdrone.be\/product\/avss-parachute-recovery-system-for-dji-matrice-300-350\/"},{"@type":"ListItem","position":3,"name":"Alle producten","item":"https:\/\/koningdrone.be\/categorie\/alle-producten\/"},{"@type":"ListItem","position":4,"name":"DJI Inspire 3 Foldable Quick-Release Propellers (Pair)"}]},{"@type":"WebSite","@id":"https:\/\/koningdrone.be\/#website","url":"https:\/\/koningdrone.be\/","name":"Koningdrone.be - Votre sp\u00e9cialiste en ligne en mati\u00e8re de drones, de cardans, de cam\u00e9ras et de centrales \u00e9lectriques.","description":"La boutique en ligne de drones et de cardans","publisher":{"@id":"https:\/\/koningdrone.be\/#organization"},"potentialAction":[{"@type":"SearchAction","target":{"@type":"EntryPoint","urlTemplate":"https:\/\/koningdrone.be\/?s={search_term_string}"},"query-input":{"@type":"PropertyValueSpecification","valueRequired":true,"valueName":"search_term_string"}}],"inLanguage":"fr-BE"},{"@type":"Organization","@id":"https:\/\/koningdrone.be\/#organization","name":"Kingdrone.co.uk","url":"https:\/\/koningdrone.be\/","logo":{"@type":"ImageObject","inLanguage":"fr-BE","@id":"https:\/\/koningdrone.be\/#\/schema\/logo\/image\/","url":"https:\/\/koningdrone.be\/wp-content\/uploads\/sites\/13\/2025\/04\/koningdrone-copyright-logo.svg","contentUrl":"https:\/\/koningdrone.be\/wp-content\/uploads\/sites\/13\/2025\/04\/koningdrone-copyright-logo.svg","width":227,"height":38,"caption":"Koningdrone.be"},"image":{"@id":"https:\/\/koningdrone.be\/#\/schema\/logo\/image\/"}}]}},"df_price":68,"df_sale_price":"","df_regular_price":68,"df_image_link":"https:\/\/koningdrone.be\/wp-content\/uploads\/sites\/13\/2025\/04\/4056457482c11e507195d23b26bbb438@large-300x200.jpg","_links":{"self":[{"href":"https:\/\/koningdrone.be\/fr\/wp-json\/wp\/v2\/product\/4769","targetHints":{"allow":["GET"]}}],"collection":[{"href":"https:\/\/koningdrone.be\/fr\/wp-json\/wp\/v2\/product"}],"about":[{"href":"https:\/\/koningdrone.be\/fr\/wp-json\/wp\/v2\/types\/product"}],"wp:featuredmedia":[{"embeddable":true,"href":"https:\/\/koningdrone.be\/fr\/wp-json\/wp\/v2\/media\/4766"}],"wp:attachment":[{"href":"https:\/\/koningdrone.be\/fr\/wp-json\/wp\/v2\/media?parent=4769"}],"wp:term":[{"taxonomy":"product_brand","embeddable":true,"href":"https:\/\/koningdrone.be\/fr\/wp-json\/wp\/v2\/product_brand?post=4769"},{"taxonomy":"product_cat","embeddable":true,"href":"https:\/\/koningdrone.be\/fr\/wp-json\/wp\/v2\/product_cat?post=4769"},{"taxonomy":"product_tag","embeddable":true,"href":"https:\/\/koningdrone.be\/fr\/wp-json\/wp\/v2\/product_tag?post=4769"}],"curies":[{"name":"wp","href":"https:\/\/api.w.org\/{rel}","templated":true}]}}