{"id":4765,"date":"2023-04-24T09:48:09","date_gmt":"2023-04-24T07:48:09","guid":{"rendered":"https:\/\/koningdrone.nl\/kon\/product\/tb51-intelligent-battery\/"},"modified":"2026-04-29T03:30:17","modified_gmt":"2026-04-29T01:30:17","slug":"tb51-intelligent-battery","status":"publish","type":"product","link":"https:\/\/koningdrone.be\/fr\/produit\/tb51-intelligent-battery\/","title":{"rendered":"DJI TB51 Batterie intelligente"},"content":{"rendered":"<p><strong>Cellules d'\u00e9nergie \u00e0 haute performance<\/strong><\/p>\n<p> La batterie intelligente TB51 est fabriqu\u00e9e \u00e0 partir d'\u00e9l\u00e9ments de batterie \u00e9nerg\u00e9tiques de haute qualit\u00e9. Cela garantit que la batterie ne fournit pas seulement une \u00e9nergie fiable lorsque cela est n\u00e9cessaire, mais qu'elle le fait \u00e9galement de mani\u00e8re efficace et durable. Le choix d'\u00e9l\u00e9ments de batterie de qualit\u00e9 sup\u00e9rieure est crucial pour la capacit\u00e9 du produit \u00e0 fournir des performances exceptionnelles.<\/p>\n<p><strong>Syst\u00e8me de gestion avanc\u00e9<\/strong><\/p>\n<p> La batterie intelligente TB51 int\u00e8gre un syst\u00e8me avanc\u00e9 con\u00e7u pour g\u00e9rer ses performances. Ce syst\u00e8me de gestion avanc\u00e9 \u00e9quilibre de mani\u00e8re optimale la puissance de sortie et veille \u00e0 ce que l'efficacit\u00e9 de la batterie soit maximis\u00e9e. Il joue un r\u00f4le crucial dans l'allongement de la dur\u00e9e de vie de la batterie en r\u00e9gulant soigneusement son utilisation.<\/p>\n<p><strong>Fonctionnement \u00e0 basse temp\u00e9rature<\/strong><\/p>\n<p> La batterie est con\u00e7ue pour fonctionner de mani\u00e8re fiable m\u00eame \u00e0 basse temp\u00e9rature, une caract\u00e9ristique essentielle pour une utilisation dans les climats froids. Cela est possible gr\u00e2ce \u00e0 une fonction de chauffage automatique, qui peut \u00eatre activ\u00e9e par l'avion lui-m\u00eame ou manuellement via une application compagnon. Cette capacit\u00e9 de chauffage automatique garantit que la batterie reste op\u00e9rationnelle et efficace quelles que soient les conditions environnementales.<\/p>\n<p><\/p>","protected":false},"excerpt":{"rendered":"<ul>\n<li>Cellules de batterie \u00e9nerg\u00e9tiques et performantes<\/li>\n<li> Alimentation \u00e9lectrique robuste<\/li>\n<li> Syst\u00e8me avanc\u00e9 de gestion de la batterie<\/li>\n<li> Optimisation des performances \u00e0 basse temp\u00e9rature<\/li>\n<li> Syst\u00e8me de chauffage automatique int\u00e9gr\u00e9<\/li>\n<li> Contr\u00f4le automatique ou manuel du chauffage via l'application<\/li>\n<\/ul>","protected":false},"featured_media":4762,"template":"","meta":{"_acf_changed":false},"product_brand":[],"product_cat":[113,97,675,433],"product_tag":[],"class_list":{"0":"post-4765","1":"product","2":"type-product","3":"status-publish","4":"has-post-thumbnail","6":"product_cat-alle-batterijen","7":"product_cat-alle-producten","8":"product_cat-dji-enterprise-drones","9":"product_cat-dji-inspire-3","10":"product_shipping_class-uavspacesall","11":"pa_brand-dji","12":"pa_productfamily-batterij","13":"pa_producttype-batterij","14":"pa_series-inspire-3","16":"first","17":"instock","18":"taxable","19":"shipping-taxable","20":"purchasable","21":"product-type-simple"},"acf":[],"yoast_head":"<!-- This site is optimized with the Yoast SEO Premium plugin v27.2 (Yoast SEO v27.2) - https:\/\/yoast.com\/product\/yoast-seo-premium-wordpress\/ -->\n<title>DJI TB51 Intelligent Battery - koningdrone.be<\/title>\n<meta name=\"robots\" content=\"index, follow, max-snippet:-1, max-image-preview:large, max-video-preview:-1\" \/>\n<link rel=\"canonical\" href=\"https:\/\/koningdrone.be\/fr\/produit\/tb51-intelligent-battery\/\" \/>\n<meta property=\"og:locale\" content=\"fr_FR\" \/>\n<meta property=\"og:type\" content=\"article\" \/>\n<meta property=\"og:title\" content=\"DJI TB51 Intelligent Battery\" \/>\n<meta property=\"og:description\" content=\"Hoogwaardige, energieke batterijcellen Robuuste stroomvoorziening Geavanceerd batterijbeheersysteem Geoptimaliseerde prestaties bij lage temperaturen Ingebouwd automatisch verwarmingssysteem Automatische of handmatige verwarmingsregeling via app\" \/>\n<meta property=\"og:url\" content=\"https:\/\/koningdrone.be\/fr\/produit\/tb51-intelligent-battery\/\" \/>\n<meta property=\"og:site_name\" content=\"koningdrone.be\" \/>\n<meta property=\"article:modified_time\" content=\"2026-04-29T01:30:17+00:00\" \/>\n<meta property=\"og:image\" content=\"https:\/\/koningdrone.be\/wp-content\/uploads\/sites\/13\/2025\/04\/addbe061dd1b4f96899daea26612a180@large.jpg\" \/>\n\t<meta property=\"og:image:width\" content=\"1200\" \/>\n\t<meta property=\"og:image:height\" content=\"800\" \/>\n\t<meta property=\"og:image:type\" content=\"image\/jpeg\" \/>\n<meta name=\"twitter:card\" content=\"summary_large_image\" \/>\n<meta name=\"twitter:label1\" content=\"Dur\u00e9e de lecture est.\" \/>\n\t<meta name=\"twitter:data1\" content=\"1 minute\" \/>\n<script type=\"application\/ld+json\" class=\"yoast-schema-graph\">{\"@context\":\"https:\/\/schema.org\",\"@graph\":[{\"@type\":\"WebPage\",\"@id\":\"https:\/\/koningdrone.be\/product\/tb51-intelligent-battery\/\",\"url\":\"https:\/\/koningdrone.be\/product\/tb51-intelligent-battery\/\",\"name\":\"DJI TB51 Intelligent Battery - koningdrone.be\",\"isPartOf\":{\"@id\":\"https:\/\/koningdrone.be\/#website\"},\"primaryImageOfPage\":{\"@id\":\"https:\/\/koningdrone.be\/product\/tb51-intelligent-battery\/#primaryimage\"},\"image\":{\"@id\":\"https:\/\/koningdrone.be\/product\/tb51-intelligent-battery\/#primaryimage\"},\"thumbnailUrl\":\"https:\/\/koningdrone.be\/wp-content\/uploads\/sites\/13\/2025\/04\/addbe061dd1b4f96899daea26612a180@large.jpg\",\"datePublished\":\"2023-04-24T07:48:09+00:00\",\"dateModified\":\"2026-04-29T01:30:17+00:00\",\"breadcrumb\":{\"@id\":\"https:\/\/koningdrone.be\/product\/tb51-intelligent-battery\/#breadcrumb\"},\"inLanguage\":\"fr-BE\",\"potentialAction\":[{\"@type\":\"ReadAction\",\"target\":[\"https:\/\/koningdrone.be\/product\/tb51-intelligent-battery\/\"]}]},{\"@type\":\"ImageObject\",\"inLanguage\":\"fr-BE\",\"@id\":\"https:\/\/koningdrone.be\/product\/tb51-intelligent-battery\/#primaryimage\",\"url\":\"https:\/\/koningdrone.be\/wp-content\/uploads\/sites\/13\/2025\/04\/addbe061dd1b4f96899daea26612a180@large.jpg\",\"contentUrl\":\"https:\/\/koningdrone.be\/wp-content\/uploads\/sites\/13\/2025\/04\/addbe061dd1b4f96899daea26612a180@large.jpg\",\"width\":1200,\"height\":800},{\"@type\":\"BreadcrumbList\",\"@id\":\"https:\/\/koningdrone.be\/product\/tb51-intelligent-battery\/#breadcrumb\",\"itemListElement\":[{\"@type\":\"ListItem\",\"position\":1,\"name\":\"Home\",\"item\":\"https:\/\/koningdrone.be\/\"},{\"@type\":\"ListItem\",\"position\":2,\"name\":\"AVSS Parachute Recovery System for DJI Matrice 300\/350\",\"item\":\"https:\/\/koningdrone.be\/product\/avss-parachute-recovery-system-for-dji-matrice-300-350\/\"},{\"@type\":\"ListItem\",\"position\":3,\"name\":\"Alle batterijen\",\"item\":\"https:\/\/koningdrone.be\/categorie\/alle-batterijen\/\"},{\"@type\":\"ListItem\",\"position\":4,\"name\":\"DJI TB51 Intelligent Battery\"}]},{\"@type\":\"WebSite\",\"@id\":\"https:\/\/koningdrone.be\/#website\",\"url\":\"https:\/\/koningdrone.be\/\",\"name\":\"Koningdrone.be - Uw online specialist in drones, gimbals, camera's en power stations.\",\"description\":\"De webshop in drones en gimbals\",\"publisher\":{\"@id\":\"https:\/\/koningdrone.be\/#organization\"},\"potentialAction\":[{\"@type\":\"SearchAction\",\"target\":{\"@type\":\"EntryPoint\",\"urlTemplate\":\"https:\/\/koningdrone.be\/?s={search_term_string}\"},\"query-input\":{\"@type\":\"PropertyValueSpecification\",\"valueRequired\":true,\"valueName\":\"search_term_string\"}}],\"inLanguage\":\"fr-BE\"},{\"@type\":\"Organization\",\"@id\":\"https:\/\/koningdrone.be\/#organization\",\"name\":\"Koningdrone.be\",\"url\":\"https:\/\/koningdrone.be\/\",\"logo\":{\"@type\":\"ImageObject\",\"inLanguage\":\"fr-BE\",\"@id\":\"https:\/\/koningdrone.be\/#\/schema\/logo\/image\/\",\"url\":\"https:\/\/koningdrone.be\/wp-content\/uploads\/sites\/13\/2025\/04\/koningdrone-copyright-logo.svg\",\"contentUrl\":\"https:\/\/koningdrone.be\/wp-content\/uploads\/sites\/13\/2025\/04\/koningdrone-copyright-logo.svg\",\"width\":227,\"height\":38,\"caption\":\"Koningdrone.be\"},\"image\":{\"@id\":\"https:\/\/koningdrone.be\/#\/schema\/logo\/image\/\"}}]}<\/script>\n<!-- \/ Yoast SEO Premium plugin. -->","yoast_head_json":{"title":"DJI TB51 Intelligent Battery - koningdrone.be","robots":{"index":"index","follow":"follow","max-snippet":"max-snippet:-1","max-image-preview":"max-image-preview:large","max-video-preview":"max-video-preview:-1"},"canonical":"https:\/\/koningdrone.be\/fr\/produit\/tb51-intelligent-battery\/","og_locale":"fr_FR","og_type":"article","og_title":"DJI TB51 Intelligent Battery","og_description":"Hoogwaardige, energieke batterijcellen Robuuste stroomvoorziening Geavanceerd batterijbeheersysteem Geoptimaliseerde prestaties bij lage temperaturen Ingebouwd automatisch verwarmingssysteem Automatische of handmatige verwarmingsregeling via app","og_url":"https:\/\/koningdrone.be\/fr\/produit\/tb51-intelligent-battery\/","og_site_name":"koningdrone.be","article_modified_time":"2026-04-29T01:30:17+00:00","og_image":[{"width":1200,"height":800,"url":"https:\/\/koningdrone.be\/wp-content\/uploads\/sites\/13\/2025\/04\/addbe061dd1b4f96899daea26612a180@large.jpg","type":"image\/jpeg"}],"twitter_card":"summary_large_image","twitter_misc":{"Dur\u00e9e de lecture est.":"1 minute"},"schema":{"@context":"https:\/\/schema.org","@graph":[{"@type":"WebPage","@id":"https:\/\/koningdrone.be\/product\/tb51-intelligent-battery\/","url":"https:\/\/koningdrone.be\/product\/tb51-intelligent-battery\/","name":"DJI TB51 Intelligent Battery - koningdrone.be","isPartOf":{"@id":"https:\/\/koningdrone.be\/#website"},"primaryImageOfPage":{"@id":"https:\/\/koningdrone.be\/product\/tb51-intelligent-battery\/#primaryimage"},"image":{"@id":"https:\/\/koningdrone.be\/product\/tb51-intelligent-battery\/#primaryimage"},"thumbnailUrl":"https:\/\/koningdrone.be\/wp-content\/uploads\/sites\/13\/2025\/04\/addbe061dd1b4f96899daea26612a180@large.jpg","datePublished":"2023-04-24T07:48:09+00:00","dateModified":"2026-04-29T01:30:17+00:00","breadcrumb":{"@id":"https:\/\/koningdrone.be\/product\/tb51-intelligent-battery\/#breadcrumb"},"inLanguage":"fr-BE","potentialAction":[{"@type":"ReadAction","target":["https:\/\/koningdrone.be\/product\/tb51-intelligent-battery\/"]}]},{"@type":"ImageObject","inLanguage":"fr-BE","@id":"https:\/\/koningdrone.be\/product\/tb51-intelligent-battery\/#primaryimage","url":"https:\/\/koningdrone.be\/wp-content\/uploads\/sites\/13\/2025\/04\/addbe061dd1b4f96899daea26612a180@large.jpg","contentUrl":"https:\/\/koningdrone.be\/wp-content\/uploads\/sites\/13\/2025\/04\/addbe061dd1b4f96899daea26612a180@large.jpg","width":1200,"height":800},{"@type":"BreadcrumbList","@id":"https:\/\/koningdrone.be\/product\/tb51-intelligent-battery\/#breadcrumb","itemListElement":[{"@type":"ListItem","position":1,"name":"Home","item":"https:\/\/koningdrone.be\/"},{"@type":"ListItem","position":2,"name":"AVSS Parachute Recovery System for DJI Matrice 300\/350","item":"https:\/\/koningdrone.be\/product\/avss-parachute-recovery-system-for-dji-matrice-300-350\/"},{"@type":"ListItem","position":3,"name":"Alle batterijen","item":"https:\/\/koningdrone.be\/categorie\/alle-batterijen\/"},{"@type":"ListItem","position":4,"name":"DJI TB51 Intelligent Battery"}]},{"@type":"WebSite","@id":"https:\/\/koningdrone.be\/#website","url":"https:\/\/koningdrone.be\/","name":"Koningdrone.be - Votre sp\u00e9cialiste en ligne en mati\u00e8re de drones, de cardans, de cam\u00e9ras et de centrales \u00e9lectriques.","description":"La boutique en ligne de drones et de cardans","publisher":{"@id":"https:\/\/koningdrone.be\/#organization"},"potentialAction":[{"@type":"SearchAction","target":{"@type":"EntryPoint","urlTemplate":"https:\/\/koningdrone.be\/?s={search_term_string}"},"query-input":{"@type":"PropertyValueSpecification","valueRequired":true,"valueName":"search_term_string"}}],"inLanguage":"fr-BE"},{"@type":"Organization","@id":"https:\/\/koningdrone.be\/#organization","name":"Kingdrone.co.uk","url":"https:\/\/koningdrone.be\/","logo":{"@type":"ImageObject","inLanguage":"fr-BE","@id":"https:\/\/koningdrone.be\/#\/schema\/logo\/image\/","url":"https:\/\/koningdrone.be\/wp-content\/uploads\/sites\/13\/2025\/04\/koningdrone-copyright-logo.svg","contentUrl":"https:\/\/koningdrone.be\/wp-content\/uploads\/sites\/13\/2025\/04\/koningdrone-copyright-logo.svg","width":227,"height":38,"caption":"Koningdrone.be"},"image":{"@id":"https:\/\/koningdrone.be\/#\/schema\/logo\/image\/"}}]}},"df_price":299,"df_sale_price":"","df_regular_price":299,"df_image_link":"https:\/\/koningdrone.be\/wp-content\/uploads\/sites\/13\/2025\/04\/addbe061dd1b4f96899daea26612a180@large-300x200.jpg","_links":{"self":[{"href":"https:\/\/koningdrone.be\/fr\/wp-json\/wp\/v2\/product\/4765","targetHints":{"allow":["GET"]}}],"collection":[{"href":"https:\/\/koningdrone.be\/fr\/wp-json\/wp\/v2\/product"}],"about":[{"href":"https:\/\/koningdrone.be\/fr\/wp-json\/wp\/v2\/types\/product"}],"wp:featuredmedia":[{"embeddable":true,"href":"https:\/\/koningdrone.be\/fr\/wp-json\/wp\/v2\/media\/4762"}],"wp:attachment":[{"href":"https:\/\/koningdrone.be\/fr\/wp-json\/wp\/v2\/media?parent=4765"}],"wp:term":[{"taxonomy":"product_brand","embeddable":true,"href":"https:\/\/koningdrone.be\/fr\/wp-json\/wp\/v2\/product_brand?post=4765"},{"taxonomy":"product_cat","embeddable":true,"href":"https:\/\/koningdrone.be\/fr\/wp-json\/wp\/v2\/product_cat?post=4765"},{"taxonomy":"product_tag","embeddable":true,"href":"https:\/\/koningdrone.be\/fr\/wp-json\/wp\/v2\/product_tag?post=4765"}],"curies":[{"name":"wp","href":"https:\/\/api.w.org\/{rel}","templated":true}]}}