{"id":4761,"date":"2023-04-24T09:48:09","date_gmt":"2023-04-24T07:48:09","guid":{"rendered":"https:\/\/koningdrone.nl\/kon\/product\/dji-inspire-3\/"},"modified":"2026-04-29T15:20:18","modified_gmt":"2026-04-29T13:20:18","slug":"dji-inspire-3","status":"publish","type":"product","link":"https:\/\/koningdrone.be\/fr\/produit\/dji-inspire-3\/","title":{"rendered":"DJI Inspire 3"},"content":{"rendered":"<h3>DJI Inspire 3 : le ma\u00eetre de la cin\u00e9matographie a\u00e9rienne<\/h3>\n<p><iframe loading=\"lazy\" title=\"DJI Inspire 3 | DJI\" width=\"800\" height=\"450\" src=\"https:\/\/www.youtube.com\/embed\/T5IgH__lL7I?feature=oembed&#038;enablejsapi=1&#038;origin=https:\/\/koningdrone.be\" frameborder=\"0\" allow=\"accelerometer; autoplay; clipboard-write; encrypted-media; gyroscope; picture-in-picture; web-share\" referrerpolicy=\"strict-origin-when-cross-origin\" allowfullscreen><\/iframe><\/p>\n<p style=\"margin: 20px 0\">Le <strong>DJI Inspire 3<\/strong> est le roi incontest\u00e9 de l'industrie cin\u00e9matographique professionnelle. Il ne s'agit pas d'un simple drone, mais d'un \u00e9cosyst\u00e8me 8K enti\u00e8rement int\u00e9gr\u00e9, con\u00e7u sp\u00e9cifiquement pour concr\u00e9tiser la vision des r\u00e9alisateurs et des directeurs de la photographie les plus exigeants. Avec l'introduction du <strong>Zenmuse X9-8K Air<\/strong> et un cadre a\u00e9rodynamique radicalement redessin\u00e9, l'Inspire 3 offre une synergie sans pr\u00e9c\u00e9dent entre la dynamique de vol et la qualit\u00e9 d'image. Gr\u00e2ce \u00e0 la prise en charge des formats sans perte et \u00e0 la pr\u00e9cision RTK, c'est l'outil ultime pour les longs m\u00e9trages haut de gamme, les publicit\u00e9s et les documentaires de classe mondiale.<\/p>\n<p><a href=\"https:\/\/koningdrone.nl\/wp-content\/uploads\/2023\/04\/DJI-Inspire-3.jpg\"><img loading=\"lazy\" decoding=\"async\" class=\"size-medium wp-image-472510 aligncenter\" src=\"https:\/\/koningdrone.nl\/wp-content\/uploads\/2023\/04\/DJI-Inspire-3-300x300.jpg\" alt=\"DJI Inspire 3\" width=\"300\" height=\"300\" \/><\/a><\/p>\n<h4>R\u00e9volution et flux de travail 8K plein cadre<\/h4>\n<p>Avec l'Inspire 3, la qualit\u00e9 cin\u00e9matographique atteint de nouveaux sommets :<\/p>\n<ul>\n<li><strong>Zenmuse X9-8K Air :<\/strong> Le capteur plein format capture tous les d\u00e9tails dans une r\u00e9solution 8K \u00e9poustouflante. Avec une plage dynamique de plus de 14 arr\u00eats, les d\u00e9tails des ombres profondes et des hautes lumi\u00e8res sont parfaitement pr\u00e9serv\u00e9s, ce qui est essentiel pour l'\u00e9talonnage professionnel.<\/li>\n<li><strong>CinemaDNG et Apple ProRes RAW :<\/strong> Pour une flexibilit\u00e9 maximale en post-production, l'Inspire 3 prend en charge en interne les codecs les plus exigeants. Cela permet de garantir un flux de travail \u201csans perte\u201d qui correspond parfaitement aux normes des plateaux de tournage modernes.<\/li>\n<li><strong>RTK au centim\u00e8tre pr\u00e8s :<\/strong> L'int\u00e9gration du positionnement RTK (Real-Time Kinematic) permet \u00e0 l'Inspire 3 de r\u00e9p\u00e9ter les trajectoires de vol avec une extr\u00eame pr\u00e9cision. Cela facilite plus que jamais les prises de vue complexes \u00e0 l'aide de points de rep\u00e8re et les effets visuels (VFX) o\u00f9 plusieurs couches sont superpos\u00e9es.<\/li>\n<\/ul>\n<h4>Design a\u00e9rodynamique et libert\u00e9 \u00e0 360<\/h4>\n<p>Le mat\u00e9riel est con\u00e7u pour ne jamais g\u00eaner l'appareil photo :<\/p>\n<ul>\n<li><strong>Transformer la structure :<\/strong> Comme ses pr\u00e9d\u00e9cesseurs embl\u00e9matiques, l'Inspire 3 rel\u00e8ve son train d'atterrissage en vol. Cependant, la conception actualis\u00e9e prend d\u00e9sormais en charge un train d'atterrissage. <strong>Gamme d'orientation et d'inclinaison de 360<\/strong>, La cam\u00e9ra peut ainsi filmer vers le bas, vers le haut et autour sans entrave.<\/li>\n<li><strong>Vitesse et agilit\u00e9 extr\u00eames :<\/strong> Avec une vitesse maximale de <strong>94 km\/h<\/strong> et une vitesse de vol en plong\u00e9e de 10 m\/s, l'Inspire 3 est capable de suivre les s\u00e9quences d'action les plus rapides, tout en conservant sa stabilit\u00e9 gr\u00e2ce au syst\u00e8me \u00e0 double batterie.<\/li>\n<li><strong>Perception omnidirectionnelle :<\/strong> Un r\u00e9seau de capteurs grand angle assure une protection \u00e0 360 degr\u00e9s. Pour la premi\u00e8re fois, les pilotes peuvent surveiller s\u00e9par\u00e9ment les distances par rapport aux obstacles, horizontalement, vers le haut et vers le bas, pour une s\u00e9curit\u00e9 maximale dans les d\u00e9cors \u00e9troits.<\/li>\n<\/ul>\n<p><a href=\"https:\/\/koningdrone.nl\/wp-content\/uploads\/2023\/04\/DJI-Inspire-3-Product-Action.jpg\"><img loading=\"lazy\" decoding=\"async\" class=\"size-medium wp-image-472503 aligncenter\" src=\"https:\/\/koningdrone.nl\/wp-content\/uploads\/2023\/04\/DJI-Inspire-3-Product-Action-300x300.jpg\" alt=\"DJI Inspire 3 Product Action\" width=\"300\" height=\"300\" \/><\/a><\/p>\n<h4>Pourquoi le DJI Inspire 3 est indispensable<\/h4>\n<p>Pour les maisons de production qui ne font pas de compromis, le DJI Inspire 3 est le seul choix logique. Il remplace les h\u00e9licopt\u00e8res lourds et complexes par un drone flexible et intelligent, op\u00e9rationnel en quelques minutes. Qu'il s'agisse d'une sc\u00e8ne de poursuite \u00e0 grande vitesse ou d'un plan d'ensemble feutr\u00e9 et atmosph\u00e9rique, l'Inspire 3 offre la pr\u00e9cision et la puissance d'imagerie n\u00e9cessaires pour donner vie visuellement \u00e0 une histoire. Avec l'Inspire 3, vous investissez dans l'\u00e9talon-or de la cin\u00e9matographie a\u00e9rienne moderne.<\/p>","protected":false},"excerpt":{"rendered":"<ul>\n<li>Cam\u00e9ra 8K Zenmuse X9-8K Air plein cadre<\/li>\n<li>Prise en charge de ProRes RAW et CinemaDNG<\/li>\n<li>Positionnement RTK pour des vols de pr\u00e9cision<\/li>\n<li>Rotule 360\u00b0 pour un mouvement de cam\u00e9ra professionnel<\/li>\n<li>D\u00e9tection des obstacles omnidirectionnels<\/li>\n<li>Syst\u00e8me \u00e0 double batterie pour plus de fiabilit\u00e9<\/li>\n<li>Con\u00e7u pour les productions cin\u00e9matographiques haut de gamme<\/li>\n<\/ul>","protected":false},"featured_media":18803,"template":"","meta":{"_acf_changed":false},"product_brand":[],"product_cat":[433],"product_tag":[],"class_list":{"0":"post-4761","1":"product","2":"type-product","3":"status-publish","4":"has-post-thumbnail","6":"product_cat-dji-inspire-3","7":"product_shipping_class-outofstock","8":"pa_brand-dji","9":"pa_producttype-drone","10":"pa_series-inspire","12":"first","13":"outofstock","14":"taxable","15":"shipping-taxable","16":"purchasable","17":"product-type-simple"},"acf":[],"yoast_head":"<!-- This site is optimized with the Yoast SEO Premium plugin v27.2 (Yoast SEO v27.2) - https:\/\/yoast.com\/product\/yoast-seo-premium-wordpress\/ -->\n<title>DJI Inspire 3 - koningdrone.be<\/title>\n<meta name=\"robots\" content=\"index, follow, max-snippet:-1, max-image-preview:large, max-video-preview:-1\" \/>\n<link rel=\"canonical\" href=\"https:\/\/koningdrone.be\/fr\/produit\/dji-inspire-3\/\" \/>\n<meta property=\"og:locale\" content=\"fr_FR\" \/>\n<meta property=\"og:type\" content=\"article\" \/>\n<meta property=\"og:title\" content=\"DJI Inspire 3\" \/>\n<meta property=\"og:description\" content=\"Full-frame 8K Zenmuse X9-8K Air camera  Ondersteuning voor ProRes RAW en CinemaDNG  RTK positionering voor precisievluchten  360\u00b0 gimbal voor professionele camerabewegingen  Omnidirectionele obstakeldetectie  Dual-battery systeem voor betrouwbaarheid  Ontworpen voor high-end filmproducties\" \/>\n<meta property=\"og:url\" content=\"https:\/\/koningdrone.be\/fr\/produit\/dji-inspire-3\/\" \/>\n<meta property=\"og:site_name\" content=\"koningdrone.be\" \/>\n<meta property=\"article:modified_time\" content=\"2026-04-29T13:20:18+00:00\" \/>\n<meta property=\"og:image\" content=\"https:\/\/koningdrone.be\/wp-content\/uploads\/sites\/13\/2026\/04\/DJI-Inspire-3.jpg\" \/>\n\t<meta property=\"og:image:width\" content=\"2560\" \/>\n\t<meta property=\"og:image:height\" content=\"2560\" \/>\n\t<meta property=\"og:image:type\" content=\"image\/jpeg\" \/>\n<meta name=\"twitter:card\" content=\"summary_large_image\" \/>\n<meta name=\"twitter:label1\" content=\"Dur\u00e9e de lecture est.\" \/>\n\t<meta name=\"twitter:data1\" content=\"2 minutes\" \/>\n<script type=\"application\/ld+json\" class=\"yoast-schema-graph\">{\"@context\":\"https:\/\/schema.org\",\"@graph\":[{\"@type\":\"WebPage\",\"@id\":\"https:\/\/koningdrone.be\/product\/dji-inspire-3\/\",\"url\":\"https:\/\/koningdrone.be\/product\/dji-inspire-3\/\",\"name\":\"DJI Inspire 3 - koningdrone.be\",\"isPartOf\":{\"@id\":\"https:\/\/koningdrone.be\/#website\"},\"primaryImageOfPage\":{\"@id\":\"https:\/\/koningdrone.be\/product\/dji-inspire-3\/#primaryimage\"},\"image\":{\"@id\":\"https:\/\/koningdrone.be\/product\/dji-inspire-3\/#primaryimage\"},\"thumbnailUrl\":\"https:\/\/koningdrone.be\/wp-content\/uploads\/sites\/13\/2026\/04\/DJI-Inspire-3.jpg\",\"datePublished\":\"2023-04-24T07:48:09+00:00\",\"dateModified\":\"2026-04-29T13:20:18+00:00\",\"breadcrumb\":{\"@id\":\"https:\/\/koningdrone.be\/product\/dji-inspire-3\/#breadcrumb\"},\"inLanguage\":\"fr-BE\",\"potentialAction\":[{\"@type\":\"ReadAction\",\"target\":[\"https:\/\/koningdrone.be\/product\/dji-inspire-3\/\"]}]},{\"@type\":\"ImageObject\",\"inLanguage\":\"fr-BE\",\"@id\":\"https:\/\/koningdrone.be\/product\/dji-inspire-3\/#primaryimage\",\"url\":\"https:\/\/koningdrone.be\/wp-content\/uploads\/sites\/13\/2026\/04\/DJI-Inspire-3.jpg\",\"contentUrl\":\"https:\/\/koningdrone.be\/wp-content\/uploads\/sites\/13\/2026\/04\/DJI-Inspire-3.jpg\",\"width\":2560,\"height\":2560},{\"@type\":\"BreadcrumbList\",\"@id\":\"https:\/\/koningdrone.be\/product\/dji-inspire-3\/#breadcrumb\",\"itemListElement\":[{\"@type\":\"ListItem\",\"position\":1,\"name\":\"Home\",\"item\":\"https:\/\/koningdrone.be\/\"},{\"@type\":\"ListItem\",\"position\":2,\"name\":\"AVSS Parachute Recovery System for DJI Matrice 300\/350\",\"item\":\"https:\/\/koningdrone.be\/product\/avss-parachute-recovery-system-for-dji-matrice-300-350\/\"},{\"@type\":\"ListItem\",\"position\":3,\"name\":\"DJI Inspire 3\",\"item\":\"https:\/\/koningdrone.be\/categorie\/dji-inspire-3\/\"},{\"@type\":\"ListItem\",\"position\":4,\"name\":\"DJI Inspire 3\"}]},{\"@type\":\"WebSite\",\"@id\":\"https:\/\/koningdrone.be\/#website\",\"url\":\"https:\/\/koningdrone.be\/\",\"name\":\"Koningdrone.be - Uw online specialist in drones, gimbals, camera's en power stations.\",\"description\":\"De webshop in drones en gimbals\",\"publisher\":{\"@id\":\"https:\/\/koningdrone.be\/#organization\"},\"potentialAction\":[{\"@type\":\"SearchAction\",\"target\":{\"@type\":\"EntryPoint\",\"urlTemplate\":\"https:\/\/koningdrone.be\/?s={search_term_string}\"},\"query-input\":{\"@type\":\"PropertyValueSpecification\",\"valueRequired\":true,\"valueName\":\"search_term_string\"}}],\"inLanguage\":\"fr-BE\"},{\"@type\":\"Organization\",\"@id\":\"https:\/\/koningdrone.be\/#organization\",\"name\":\"Koningdrone.be\",\"url\":\"https:\/\/koningdrone.be\/\",\"logo\":{\"@type\":\"ImageObject\",\"inLanguage\":\"fr-BE\",\"@id\":\"https:\/\/koningdrone.be\/#\/schema\/logo\/image\/\",\"url\":\"https:\/\/koningdrone.be\/wp-content\/uploads\/sites\/13\/2025\/04\/koningdrone-copyright-logo.svg\",\"contentUrl\":\"https:\/\/koningdrone.be\/wp-content\/uploads\/sites\/13\/2025\/04\/koningdrone-copyright-logo.svg\",\"width\":227,\"height\":38,\"caption\":\"Koningdrone.be\"},\"image\":{\"@id\":\"https:\/\/koningdrone.be\/#\/schema\/logo\/image\/\"}}]}<\/script>\n<!-- \/ Yoast SEO Premium plugin. -->","yoast_head_json":{"title":"DJI Inspire 3 - koningdrone.be","robots":{"index":"index","follow":"follow","max-snippet":"max-snippet:-1","max-image-preview":"max-image-preview:large","max-video-preview":"max-video-preview:-1"},"canonical":"https:\/\/koningdrone.be\/fr\/produit\/dji-inspire-3\/","og_locale":"fr_FR","og_type":"article","og_title":"DJI Inspire 3","og_description":"Full-frame 8K Zenmuse X9-8K Air camera  Ondersteuning voor ProRes RAW en CinemaDNG  RTK positionering voor precisievluchten  360\u00b0 gimbal voor professionele camerabewegingen  Omnidirectionele obstakeldetectie  Dual-battery systeem voor betrouwbaarheid  Ontworpen voor high-end filmproducties","og_url":"https:\/\/koningdrone.be\/fr\/produit\/dji-inspire-3\/","og_site_name":"koningdrone.be","article_modified_time":"2026-04-29T13:20:18+00:00","og_image":[{"width":2560,"height":2560,"url":"https:\/\/koningdrone.be\/wp-content\/uploads\/sites\/13\/2026\/04\/DJI-Inspire-3.jpg","type":"image\/jpeg"}],"twitter_card":"summary_large_image","twitter_misc":{"Dur\u00e9e de lecture est.":"2 minutes"},"schema":{"@context":"https:\/\/schema.org","@graph":[{"@type":"WebPage","@id":"https:\/\/koningdrone.be\/product\/dji-inspire-3\/","url":"https:\/\/koningdrone.be\/product\/dji-inspire-3\/","name":"DJI Inspire 3 - koningdrone.be","isPartOf":{"@id":"https:\/\/koningdrone.be\/#website"},"primaryImageOfPage":{"@id":"https:\/\/koningdrone.be\/product\/dji-inspire-3\/#primaryimage"},"image":{"@id":"https:\/\/koningdrone.be\/product\/dji-inspire-3\/#primaryimage"},"thumbnailUrl":"https:\/\/koningdrone.be\/wp-content\/uploads\/sites\/13\/2026\/04\/DJI-Inspire-3.jpg","datePublished":"2023-04-24T07:48:09+00:00","dateModified":"2026-04-29T13:20:18+00:00","breadcrumb":{"@id":"https:\/\/koningdrone.be\/product\/dji-inspire-3\/#breadcrumb"},"inLanguage":"fr-BE","potentialAction":[{"@type":"ReadAction","target":["https:\/\/koningdrone.be\/product\/dji-inspire-3\/"]}]},{"@type":"ImageObject","inLanguage":"fr-BE","@id":"https:\/\/koningdrone.be\/product\/dji-inspire-3\/#primaryimage","url":"https:\/\/koningdrone.be\/wp-content\/uploads\/sites\/13\/2026\/04\/DJI-Inspire-3.jpg","contentUrl":"https:\/\/koningdrone.be\/wp-content\/uploads\/sites\/13\/2026\/04\/DJI-Inspire-3.jpg","width":2560,"height":2560},{"@type":"BreadcrumbList","@id":"https:\/\/koningdrone.be\/product\/dji-inspire-3\/#breadcrumb","itemListElement":[{"@type":"ListItem","position":1,"name":"Home","item":"https:\/\/koningdrone.be\/"},{"@type":"ListItem","position":2,"name":"AVSS Parachute Recovery System for DJI Matrice 300\/350","item":"https:\/\/koningdrone.be\/product\/avss-parachute-recovery-system-for-dji-matrice-300-350\/"},{"@type":"ListItem","position":3,"name":"DJI Inspire 3","item":"https:\/\/koningdrone.be\/categorie\/dji-inspire-3\/"},{"@type":"ListItem","position":4,"name":"DJI Inspire 3"}]},{"@type":"WebSite","@id":"https:\/\/koningdrone.be\/#website","url":"https:\/\/koningdrone.be\/","name":"Koningdrone.be - Votre sp\u00e9cialiste en ligne en mati\u00e8re de drones, de cardans, de cam\u00e9ras et de centrales \u00e9lectriques.","description":"La boutique en ligne de drones et de cardans","publisher":{"@id":"https:\/\/koningdrone.be\/#organization"},"potentialAction":[{"@type":"SearchAction","target":{"@type":"EntryPoint","urlTemplate":"https:\/\/koningdrone.be\/?s={search_term_string}"},"query-input":{"@type":"PropertyValueSpecification","valueRequired":true,"valueName":"search_term_string"}}],"inLanguage":"fr-BE"},{"@type":"Organization","@id":"https:\/\/koningdrone.be\/#organization","name":"Kingdrone.co.uk","url":"https:\/\/koningdrone.be\/","logo":{"@type":"ImageObject","inLanguage":"fr-BE","@id":"https:\/\/koningdrone.be\/#\/schema\/logo\/image\/","url":"https:\/\/koningdrone.be\/wp-content\/uploads\/sites\/13\/2025\/04\/koningdrone-copyright-logo.svg","contentUrl":"https:\/\/koningdrone.be\/wp-content\/uploads\/sites\/13\/2025\/04\/koningdrone-copyright-logo.svg","width":227,"height":38,"caption":"Koningdrone.be"},"image":{"@id":"https:\/\/koningdrone.be\/#\/schema\/logo\/image\/"}}]}},"df_price":14999,"df_sale_price":"","df_regular_price":14999,"df_image_link":"https:\/\/koningdrone.be\/wp-content\/uploads\/sites\/13\/2026\/04\/DJI-Inspire-3-300x300.jpg","_links":{"self":[{"href":"https:\/\/koningdrone.be\/fr\/wp-json\/wp\/v2\/product\/4761","targetHints":{"allow":["GET"]}}],"collection":[{"href":"https:\/\/koningdrone.be\/fr\/wp-json\/wp\/v2\/product"}],"about":[{"href":"https:\/\/koningdrone.be\/fr\/wp-json\/wp\/v2\/types\/product"}],"wp:featuredmedia":[{"embeddable":true,"href":"https:\/\/koningdrone.be\/fr\/wp-json\/wp\/v2\/media\/18803"}],"wp:attachment":[{"href":"https:\/\/koningdrone.be\/fr\/wp-json\/wp\/v2\/media?parent=4761"}],"wp:term":[{"taxonomy":"product_brand","embeddable":true,"href":"https:\/\/koningdrone.be\/fr\/wp-json\/wp\/v2\/product_brand?post=4761"},{"taxonomy":"product_cat","embeddable":true,"href":"https:\/\/koningdrone.be\/fr\/wp-json\/wp\/v2\/product_cat?post=4761"},{"taxonomy":"product_tag","embeddable":true,"href":"https:\/\/koningdrone.be\/fr\/wp-json\/wp\/v2\/product_tag?post=4761"}],"curies":[{"name":"wp","href":"https:\/\/api.w.org\/{rel}","templated":true}]}}