{"id":4747,"date":"2023-04-24T09:48:09","date_gmt":"2023-04-24T07:48:09","guid":{"rendered":"https:\/\/koningdrone.nl\/kon\/product\/card-dji-care-pro-1-year-plan-dji-inspire-3-eu\/"},"modified":"2026-04-29T04:01:02","modified_gmt":"2026-04-29T02:01:02","slug":"card-dji-care-pro-1-year-plan-dji-inspire-3-eu","status":"publish","type":"product","link":"https:\/\/koningdrone.be\/fr\/produit\/card-dji-care-pro-1-year-plan-dji-inspire-3-eu\/","title":{"rendered":"Carte DJI Care Pro 1 an (DJI Inspire 3) UE"},"content":{"rendered":"<h1>Carte DJI Care Pro 1 an (DJI Inspire 3) UE<\/h1>\n<p>DJI Care Pro vous permet de r\u00e9parer gratuitement votre drone aussi souvent que vous le souhaitez. En revanche, il ne sera pas n\u00e9cessaire de d\u00e9passer les 11 000 \u20ac de r\u00e9parations car au-del\u00e0, les r\u00e9parations vous seront factur\u00e9es.<br \/>Couverture compl\u00e8te :<br \/>DJI Care Pro couvre les accidents, tels que les erreurs d'utilisation et les collisions. DJI r\u00e9parera votre drone m\u00eame s'il est endommag\u00e9 par l'eau.<br \/>Service apr\u00e8s-vente VIP :<br \/>B\u00e9n\u00e9ficiez d'une assistance prioritaire et de conseils d'experts en produits DJI. Tous les frais d'exp\u00e9dition sont pris en charge par DJI.<br \/>Pour plus d'informations sur le service DJI Care Pro, nous vous invitons \u00e0 lire la foire aux questions et les CGV , fichiers pdf dans la section t\u00e9l\u00e9chargement. Vous y trouverez de nombreux d\u00e9tails sur les conditions, les couvertures, les exclusions, le service de remplacement, la p\u00e9riode de validit\u00e9...<br \/>Pr\u00e9sentation du service DJI Care Pro pour l'Inspire 3 :<br \/>Pour chaque drone DJI, un DJI Care Pro pour rester en l'air !<br \/>Couverture compl\u00e8te de votre drone et de ses \u00e9l\u00e9ments :<br \/>DJI Care Pro couvre tous les composants, ch\u00e2ssis et nacelle, du drone Inspire 3. Chaque composant est r\u00e9par\u00e9 ou remplac\u00e9, en fonction du probl\u00e8me.<br \/>D\u00e9collage rapide :<br \/>Express est une nouvelle option qui vous permet de sauter les \u00e9tapes d'\u00e9valuation des dommages et de devis. Le centre de service DJI enverra une unit\u00e9 de remplacement imm\u00e9diatement apr\u00e8s avoir re\u00e7u le drone endommag\u00e9. Retournez dans les airs en un rien de temps.<br \/>Couverture des d\u00e9g\u00e2ts des eaux :<br \/>Le remplacement de votre appareil est possible si le dommage est survenu dans le cadre d'une utilisation normale.<br \/>Soutien rapide :<br \/>Recevoir des remplacements prioritaires, ce qui r\u00e9duit consid\u00e9rablement le temps n\u00e9cessaire pour voler \u00e0 nouveau.<br \/>Deux remplacements li\u00e9s \u00e0 la batterie :<br \/>DJI Care Pro offre jusqu'\u00e0 deux batteries de remplacement gratuites sur une p\u00e9riode d'un an. Les unit\u00e9s de remplacement sont neuves ou \u00e9quivalentes \u00e0 des batteries neuves en termes de performances et de fiabilit\u00e9.<br \/>Soutien VIP :<br \/>L'assistance VIP des experts DJI est facilement accessible par chat ou par e-mail depuis votre compte DJI.<br \/>Pas de frais de port :<br \/>Si vous vous trouvez dans la r\u00e9gion o\u00f9 vous avez achet\u00e9 votre appareil, les frais d'exp\u00e9dition sont \u00e0 la charge de DJI.<br \/>DJI Care Refresh Repair Tracking requests :<br \/>Suivez l'\u00e9volution des r\u00e9parations DJI Care Pro de la m\u00eame mani\u00e8re que les r\u00e9parations standard. Lorsque vous soumettez une demande de r\u00e9paration, indiquez que vous avez achet\u00e9 DJI Care Refresh sur le formulaire de demande de r\u00e9paration. Apr\u00e8s l'\u00e9valuation des dommages, DJI vous informera de ses conclusions et vous pourrez choisir de payer le remplacement par le biais de DJI Care Refresh.<br \/>Les frais d'exp\u00e9dition sont couverts par DJI Care Pro. Pour acc\u00e9der au service de r\u00e9paration, rendez-vous sur :<br \/>http:\/\/www.dji.com\/service\/repair<\/p>","protected":false},"excerpt":{"rendered":"<ul>\n<li>Service de r\u00e9paration pour votre drone DJI pendant 1 an<\/li>\n<li>Service effectu\u00e9 directement par le fabricant DJI<\/li>\n<li>Service de maintenance en usine<\/li>\n<\/ul>","protected":false},"featured_media":4745,"template":"","meta":{"_acf_changed":false},"product_brand":[],"product_cat":[175,433],"product_tag":[],"class_list":{"0":"post-4747","1":"product","2":"type-product","3":"status-publish","4":"has-post-thumbnail","6":"product_cat-alle-care-refresh","7":"product_cat-dji-inspire-3","8":"product_shipping_class-acsystemsall","9":"pa_brand-dji","10":"pa_productfamily-care-refresh","11":"pa_producttype-care-refresh","12":"pa_series-inspire-3","14":"first","15":"instock","16":"taxable","17":"shipping-taxable","18":"purchasable","19":"product-type-simple"},"acf":[],"yoast_head":"<!-- This site is optimized with the Yoast SEO Premium plugin v27.2 (Yoast SEO v27.2) - https:\/\/yoast.com\/product\/yoast-seo-premium-wordpress\/ -->\n<title>Card DJI Care Pro 1-Year Plan (DJI Inspire 3) EU - koningdrone.be<\/title>\n<meta name=\"robots\" content=\"index, follow, max-snippet:-1, max-image-preview:large, max-video-preview:-1\" \/>\n<link rel=\"canonical\" href=\"https:\/\/koningdrone.be\/fr\/produit\/card-dji-care-pro-1-year-plan-dji-inspire-3-eu\/\" \/>\n<meta property=\"og:locale\" content=\"fr_FR\" \/>\n<meta property=\"og:type\" content=\"article\" \/>\n<meta property=\"og:title\" content=\"Card DJI Care Pro 1-Year Plan (DJI Inspire 3) EU\" \/>\n<meta property=\"og:description\" content=\"Reparatieservice voor uw DJI-drone gedurende 1 jaarService rechtstreeks uitgevoerd door de DJI-fabrikantFabrieksonderhoudsservice\" \/>\n<meta property=\"og:url\" content=\"https:\/\/koningdrone.be\/fr\/produit\/card-dji-care-pro-1-year-plan-dji-inspire-3-eu\/\" \/>\n<meta property=\"og:site_name\" content=\"koningdrone.be\" \/>\n<meta property=\"article:modified_time\" content=\"2026-04-29T02:01:02+00:00\" \/>\n<meta property=\"og:image\" content=\"https:\/\/koningdrone.be\/wp-content\/uploads\/sites\/13\/2025\/04\/6941565956637-1.jpg\" \/>\n\t<meta property=\"og:image:width\" content=\"800\" \/>\n\t<meta property=\"og:image:height\" content=\"800\" \/>\n\t<meta property=\"og:image:type\" content=\"image\/jpeg\" \/>\n<meta name=\"twitter:card\" content=\"summary_large_image\" \/>\n<meta name=\"twitter:label1\" content=\"Dur\u00e9e de lecture est.\" \/>\n\t<meta name=\"twitter:data1\" content=\"2 minutes\" \/>\n<script type=\"application\/ld+json\" class=\"yoast-schema-graph\">{\"@context\":\"https:\/\/schema.org\",\"@graph\":[{\"@type\":\"WebPage\",\"@id\":\"https:\/\/koningdrone.be\/product\/card-dji-care-pro-1-year-plan-dji-inspire-3-eu\/\",\"url\":\"https:\/\/koningdrone.be\/product\/card-dji-care-pro-1-year-plan-dji-inspire-3-eu\/\",\"name\":\"Card DJI Care Pro 1-Year Plan (DJI Inspire 3) EU - koningdrone.be\",\"isPartOf\":{\"@id\":\"https:\/\/koningdrone.be\/#website\"},\"primaryImageOfPage\":{\"@id\":\"https:\/\/koningdrone.be\/product\/card-dji-care-pro-1-year-plan-dji-inspire-3-eu\/#primaryimage\"},\"image\":{\"@id\":\"https:\/\/koningdrone.be\/product\/card-dji-care-pro-1-year-plan-dji-inspire-3-eu\/#primaryimage\"},\"thumbnailUrl\":\"https:\/\/koningdrone.be\/wp-content\/uploads\/sites\/13\/2025\/04\/6941565956637-1.jpg\",\"datePublished\":\"2023-04-24T07:48:09+00:00\",\"dateModified\":\"2026-04-29T02:01:02+00:00\",\"breadcrumb\":{\"@id\":\"https:\/\/koningdrone.be\/product\/card-dji-care-pro-1-year-plan-dji-inspire-3-eu\/#breadcrumb\"},\"inLanguage\":\"fr-BE\",\"potentialAction\":[{\"@type\":\"ReadAction\",\"target\":[\"https:\/\/koningdrone.be\/product\/card-dji-care-pro-1-year-plan-dji-inspire-3-eu\/\"]}]},{\"@type\":\"ImageObject\",\"inLanguage\":\"fr-BE\",\"@id\":\"https:\/\/koningdrone.be\/product\/card-dji-care-pro-1-year-plan-dji-inspire-3-eu\/#primaryimage\",\"url\":\"https:\/\/koningdrone.be\/wp-content\/uploads\/sites\/13\/2025\/04\/6941565956637-1.jpg\",\"contentUrl\":\"https:\/\/koningdrone.be\/wp-content\/uploads\/sites\/13\/2025\/04\/6941565956637-1.jpg\",\"width\":800,\"height\":800},{\"@type\":\"BreadcrumbList\",\"@id\":\"https:\/\/koningdrone.be\/product\/card-dji-care-pro-1-year-plan-dji-inspire-3-eu\/#breadcrumb\",\"itemListElement\":[{\"@type\":\"ListItem\",\"position\":1,\"name\":\"Home\",\"item\":\"https:\/\/koningdrone.be\/\"},{\"@type\":\"ListItem\",\"position\":2,\"name\":\"AVSS Parachute Recovery System for DJI Matrice 300\/350\",\"item\":\"https:\/\/koningdrone.be\/product\/avss-parachute-recovery-system-for-dji-matrice-300-350\/\"},{\"@type\":\"ListItem\",\"position\":3,\"name\":\"Alle care refresh\",\"item\":\"https:\/\/koningdrone.be\/categorie\/alle-care-refresh\/\"},{\"@type\":\"ListItem\",\"position\":4,\"name\":\"Card DJI Care Pro 1-Year Plan (DJI Inspire 3) EU\"}]},{\"@type\":\"WebSite\",\"@id\":\"https:\/\/koningdrone.be\/#website\",\"url\":\"https:\/\/koningdrone.be\/\",\"name\":\"Koningdrone.be - Uw online specialist in drones, gimbals, camera's en power stations.\",\"description\":\"De webshop in drones en gimbals\",\"publisher\":{\"@id\":\"https:\/\/koningdrone.be\/#organization\"},\"potentialAction\":[{\"@type\":\"SearchAction\",\"target\":{\"@type\":\"EntryPoint\",\"urlTemplate\":\"https:\/\/koningdrone.be\/?s={search_term_string}\"},\"query-input\":{\"@type\":\"PropertyValueSpecification\",\"valueRequired\":true,\"valueName\":\"search_term_string\"}}],\"inLanguage\":\"fr-BE\"},{\"@type\":\"Organization\",\"@id\":\"https:\/\/koningdrone.be\/#organization\",\"name\":\"Koningdrone.be\",\"url\":\"https:\/\/koningdrone.be\/\",\"logo\":{\"@type\":\"ImageObject\",\"inLanguage\":\"fr-BE\",\"@id\":\"https:\/\/koningdrone.be\/#\/schema\/logo\/image\/\",\"url\":\"https:\/\/koningdrone.be\/wp-content\/uploads\/sites\/13\/2025\/04\/koningdrone-copyright-logo.svg\",\"contentUrl\":\"https:\/\/koningdrone.be\/wp-content\/uploads\/sites\/13\/2025\/04\/koningdrone-copyright-logo.svg\",\"width\":227,\"height\":38,\"caption\":\"Koningdrone.be\"},\"image\":{\"@id\":\"https:\/\/koningdrone.be\/#\/schema\/logo\/image\/\"}}]}<\/script>\n<!-- \/ Yoast SEO Premium plugin. -->","yoast_head_json":{"title":"Card DJI Care Pro 1-Year Plan (DJI Inspire 3) EU - koningdrone.be","robots":{"index":"index","follow":"follow","max-snippet":"max-snippet:-1","max-image-preview":"max-image-preview:large","max-video-preview":"max-video-preview:-1"},"canonical":"https:\/\/koningdrone.be\/fr\/produit\/card-dji-care-pro-1-year-plan-dji-inspire-3-eu\/","og_locale":"fr_FR","og_type":"article","og_title":"Card DJI Care Pro 1-Year Plan (DJI Inspire 3) EU","og_description":"Reparatieservice voor uw DJI-drone gedurende 1 jaarService rechtstreeks uitgevoerd door de DJI-fabrikantFabrieksonderhoudsservice","og_url":"https:\/\/koningdrone.be\/fr\/produit\/card-dji-care-pro-1-year-plan-dji-inspire-3-eu\/","og_site_name":"koningdrone.be","article_modified_time":"2026-04-29T02:01:02+00:00","og_image":[{"width":800,"height":800,"url":"https:\/\/koningdrone.be\/wp-content\/uploads\/sites\/13\/2025\/04\/6941565956637-1.jpg","type":"image\/jpeg"}],"twitter_card":"summary_large_image","twitter_misc":{"Dur\u00e9e de lecture est.":"2 minutes"},"schema":{"@context":"https:\/\/schema.org","@graph":[{"@type":"WebPage","@id":"https:\/\/koningdrone.be\/product\/card-dji-care-pro-1-year-plan-dji-inspire-3-eu\/","url":"https:\/\/koningdrone.be\/product\/card-dji-care-pro-1-year-plan-dji-inspire-3-eu\/","name":"Card DJI Care Pro 1-Year Plan (DJI Inspire 3) EU - koningdrone.be","isPartOf":{"@id":"https:\/\/koningdrone.be\/#website"},"primaryImageOfPage":{"@id":"https:\/\/koningdrone.be\/product\/card-dji-care-pro-1-year-plan-dji-inspire-3-eu\/#primaryimage"},"image":{"@id":"https:\/\/koningdrone.be\/product\/card-dji-care-pro-1-year-plan-dji-inspire-3-eu\/#primaryimage"},"thumbnailUrl":"https:\/\/koningdrone.be\/wp-content\/uploads\/sites\/13\/2025\/04\/6941565956637-1.jpg","datePublished":"2023-04-24T07:48:09+00:00","dateModified":"2026-04-29T02:01:02+00:00","breadcrumb":{"@id":"https:\/\/koningdrone.be\/product\/card-dji-care-pro-1-year-plan-dji-inspire-3-eu\/#breadcrumb"},"inLanguage":"fr-BE","potentialAction":[{"@type":"ReadAction","target":["https:\/\/koningdrone.be\/product\/card-dji-care-pro-1-year-plan-dji-inspire-3-eu\/"]}]},{"@type":"ImageObject","inLanguage":"fr-BE","@id":"https:\/\/koningdrone.be\/product\/card-dji-care-pro-1-year-plan-dji-inspire-3-eu\/#primaryimage","url":"https:\/\/koningdrone.be\/wp-content\/uploads\/sites\/13\/2025\/04\/6941565956637-1.jpg","contentUrl":"https:\/\/koningdrone.be\/wp-content\/uploads\/sites\/13\/2025\/04\/6941565956637-1.jpg","width":800,"height":800},{"@type":"BreadcrumbList","@id":"https:\/\/koningdrone.be\/product\/card-dji-care-pro-1-year-plan-dji-inspire-3-eu\/#breadcrumb","itemListElement":[{"@type":"ListItem","position":1,"name":"Home","item":"https:\/\/koningdrone.be\/"},{"@type":"ListItem","position":2,"name":"AVSS Parachute Recovery System for DJI Matrice 300\/350","item":"https:\/\/koningdrone.be\/product\/avss-parachute-recovery-system-for-dji-matrice-300-350\/"},{"@type":"ListItem","position":3,"name":"Alle care refresh","item":"https:\/\/koningdrone.be\/categorie\/alle-care-refresh\/"},{"@type":"ListItem","position":4,"name":"Card DJI Care Pro 1-Year Plan (DJI Inspire 3) EU"}]},{"@type":"WebSite","@id":"https:\/\/koningdrone.be\/#website","url":"https:\/\/koningdrone.be\/","name":"Koningdrone.be - Votre sp\u00e9cialiste en ligne en mati\u00e8re de drones, de cardans, de cam\u00e9ras et de centrales \u00e9lectriques.","description":"La boutique en ligne de drones et de cardans","publisher":{"@id":"https:\/\/koningdrone.be\/#organization"},"potentialAction":[{"@type":"SearchAction","target":{"@type":"EntryPoint","urlTemplate":"https:\/\/koningdrone.be\/?s={search_term_string}"},"query-input":{"@type":"PropertyValueSpecification","valueRequired":true,"valueName":"search_term_string"}}],"inLanguage":"fr-BE"},{"@type":"Organization","@id":"https:\/\/koningdrone.be\/#organization","name":"Kingdrone.co.uk","url":"https:\/\/koningdrone.be\/","logo":{"@type":"ImageObject","inLanguage":"fr-BE","@id":"https:\/\/koningdrone.be\/#\/schema\/logo\/image\/","url":"https:\/\/koningdrone.be\/wp-content\/uploads\/sites\/13\/2025\/04\/koningdrone-copyright-logo.svg","contentUrl":"https:\/\/koningdrone.be\/wp-content\/uploads\/sites\/13\/2025\/04\/koningdrone-copyright-logo.svg","width":227,"height":38,"caption":"Koningdrone.be"},"image":{"@id":"https:\/\/koningdrone.be\/#\/schema\/logo\/image\/"}}]}},"df_price":1326,"df_sale_price":"","df_regular_price":1326,"df_image_link":"https:\/\/koningdrone.be\/wp-content\/uploads\/sites\/13\/2025\/04\/6941565956637-1-300x300.jpg","_links":{"self":[{"href":"https:\/\/koningdrone.be\/fr\/wp-json\/wp\/v2\/product\/4747","targetHints":{"allow":["GET"]}}],"collection":[{"href":"https:\/\/koningdrone.be\/fr\/wp-json\/wp\/v2\/product"}],"about":[{"href":"https:\/\/koningdrone.be\/fr\/wp-json\/wp\/v2\/types\/product"}],"wp:featuredmedia":[{"embeddable":true,"href":"https:\/\/koningdrone.be\/fr\/wp-json\/wp\/v2\/media\/4745"}],"wp:attachment":[{"href":"https:\/\/koningdrone.be\/fr\/wp-json\/wp\/v2\/media?parent=4747"}],"wp:term":[{"taxonomy":"product_brand","embeddable":true,"href":"https:\/\/koningdrone.be\/fr\/wp-json\/wp\/v2\/product_brand?post=4747"},{"taxonomy":"product_cat","embeddable":true,"href":"https:\/\/koningdrone.be\/fr\/wp-json\/wp\/v2\/product_cat?post=4747"},{"taxonomy":"product_tag","embeddable":true,"href":"https:\/\/koningdrone.be\/fr\/wp-json\/wp\/v2\/product_tag?post=4747"}],"curies":[{"name":"wp","href":"https:\/\/api.w.org\/{rel}","templated":true}]}}